{"id":168,"date":"2026-03-15T19:59:27","date_gmt":"2026-03-15T19:59:27","guid":{"rendered":"https:\/\/purehivehoney.com\/de\/product\/nerthus-fih-348-honey-jar-with-dropper-transparent\/"},"modified":"2026-03-15T19:59:31","modified_gmt":"2026-03-15T19:59:31","slug":"nerthus-fih-348-honey-jar-with-dropper-transparent","status":"publish","type":"product","link":"https:\/\/purehivehoney.com\/de\/product\/nerthus-fih-348-honey-jar-with-dropper-transparent\/","title":{"rendered":"Nerthus FIH 348 Honey Jar with Drop..."},"content":{"rendered":"<p>                                             From the manufacturer   <\/p>\n<p>                                                         <img decoding=\"async\" alt=\"Nerthus\" src=\"https:\/\/images-na.ssl-images-amazon.com\/images\/G\/01\/x-locale\/common\/grey-pixel.gif\" class=\"a-lazy-loaded\" data-src=\"https:\/\/m.media-amazon.com\/images\/S\/aplus-media\/sota\/7e04fb6d-f907-4576-8406-ce4c7a065667.__CR0,98,965,289_PT0_SX600_V1___.jpg\"><img decoding=\"async\" alt=\"Nerthus\" src=\"https:\/\/m.media-amazon.com\/images\/S\/aplus-media\/sota\/7e04fb6d-f907-4576-8406-ce4c7a065667.__CR0,98,965,289_PT0_SX600_V1___.jpg\">      <\/p>\n<p> Vin Bouquet Nerthus und NerthusBottles geh\u00f6ren zu einem jungen Unternehmen, das im Jahr 2008 von zwei jungen und erfahrenen Unternehmern in Asturien, Spanien gegr\u00fcndet wurde, mit dem Ziel, auf dem Markt so traditionell wie der Weinzubeh\u00f6r zu innovieren. <\/p>\n<p> Unser erstes Produkt, der elektrische Entkorker, zieht die Blicke tausender innovativer Verbraucher auf sich, w\u00e4hrend er dem Sektor einen Hauch von Frische verleiht. <\/p>\n<p> Das war unser Anfang und der Start und die Tatsache, dass wir heute ein Portfolio von \u00fcber 400 Produkten f\u00fcr Wein, Bier, Apfelwein und K\u00fcchengeschirr gewidmet haben. <\/p>\n<p> Vin Bouquet, Nerthus und NerthusBottles sind derzeit in \u00fcber 45 L\u00e4ndern der f\u00fcnf Kontinente, aus Europa, Amerika, Asien und Ozeanien. <\/p>\n<p> Wir verf\u00fcgen \u00fcber ein junges, dynamisches Team, aber \u00fcber eine gro\u00dfe professionelle Erfahrung in internationalen Unternehmen und helfen die Bed\u00fcrfnisse unserer Kunden mit hoher Effizienz und Effizienz zu erf\u00fcllen. <\/p>\n<p>                                                                             <img decoding=\"async\" alt=\"Nerthus\" src=\"https:\/\/images-na.ssl-images-amazon.com\/images\/G\/01\/x-locale\/common\/grey-pixel.gif\" class=\"a-spacing-base a-lazy-loaded\" data-src=\"https:\/\/m.media-amazon.com\/images\/S\/aplus-media\/sota\/cf80e842-73a2-477c-9448-32e41ea52245.__CR548,129,1270,786_PT0_SX970_V1___.jpg\"><img decoding=\"async\" alt=\"Nerthus\" src=\"https:\/\/m.media-amazon.com\/images\/S\/aplus-media\/sota\/cf80e842-73a2-477c-9448-32e41ea52245.__CR548,129,1270,786_PT0_SX970_V1___.jpg\">                                                                    <\/p>\n<p>                                                                             <img decoding=\"async\" alt=\"Nerthus\" src=\"https:\/\/images-na.ssl-images-amazon.com\/images\/G\/01\/x-locale\/common\/grey-pixel.gif\" class=\"a-spacing-base a-lazy-loaded\" data-src=\"https:\/\/m.media-amazon.com\/images\/S\/aplus-media\/sota\/34569739-2f17-47d8-afb7-833a900bc3c8.__CR138,65,1045,646_PT0_SX970_V1___.jpg\"><img decoding=\"async\" alt=\"Nerthus\" src=\"https:\/\/m.media-amazon.com\/images\/S\/aplus-media\/sota\/34569739-2f17-47d8-afb7-833a900bc3c8.__CR138,65,1045,646_PT0_SX970_V1___.jpg\">                                                                    <\/p>\n<p>Honey jar with dispenser that also comes with a wooden dispenser with four grooves that help you dispense the honey cleanly easily.<br \/>The transparent appearance gives the honey extra texture and you always know how much is left.<br \/>The beehive design can also be used to store jam or spices.<br \/>Thanks to the wooden dispenser integrated into the glass lid, no more dirt is wasted on the other receiver.<br \/>Made of glass and wood.<\/p>\n\n","protected":false},"excerpt":{"rendered":"<p>From the manufacturer Vin Bouquet Nerthus und NerthusBottles geh\u00f6ren zu einem jungen Unternehmen, das im Jahr 2008 von zwei jungen und erfahrenen Unternehmern in Asturien, Spanien gegr\u00fcndet wurde, mit dem Ziel, auf dem Markt so traditionell wie der Weinzubeh\u00f6r zu innovieren. Unser erstes Produkt, der elektrische Entkorker, zieht die Blicke tausender innovativer Verbraucher auf sich, [&hellip;]<\/p>\n","protected":false},"featured_media":169,"comment_status":"open","ping_status":"closed","template":"","meta":{"_aipt_faq_data":""},"store":[],"product_brand":[85],"product_cat":[74],"product_tag":[84],"class_list":{"0":"post-168","1":"product","2":"type-product","3":"status-publish","4":"has-post-thumbnail","6":"product_brand-nerthus","7":"product_cat-honigglaser","8":"product_tag-honigglaeser-mit-deckel","10":"first","11":"instock","12":"sale","13":"shipping-taxable","14":"product-type-external"},"yoast_head":"<!-- This site is optimized with the Yoast SEO plugin v27.4 - https:\/\/yoast.com\/product\/yoast-seo-wordpress\/ -->\n<title>Nerthus FIH 348 Honey Jar with Dropper, Transparent - PureHiveHoney<\/title>\n<meta name=\"description\" content=\"Entdecken Sie hochwertigen Rohhonig, Bio Honig, Manuka Honig und nat\u00fcrliche Bienenprodukte. PureHiveHoney hilft Ihnen dabei, sorgf\u00e4ltig ausgew\u00e4hlte Honigsorten mit nat\u00fcrlicher Qualit\u00e4t und Reinheit zu entdecken.\" \/>\n<meta name=\"robots\" content=\"index, follow, max-snippet:-1, max-image-preview:large, max-video-preview:-1\" \/>\n<link rel=\"canonical\" href=\"https:\/\/purehivehoney.com\/de\/product\/nerthus-fih-348-honey-jar-with-dropper-transparent\/\" \/>\n<meta property=\"og:locale\" content=\"de_DE\" \/>\n<meta property=\"og:type\" content=\"article\" \/>\n<meta property=\"og:title\" content=\"Nerthus FIH 348 Honey Jar with Dropper, Transparent - PureHiveHoney\" \/>\n<meta property=\"og:description\" content=\"Entdecken Sie hochwertigen Rohhonig, Bio Honig, Manuka Honig und nat\u00fcrliche Bienenprodukte. PureHiveHoney hilft Ihnen dabei, sorgf\u00e4ltig ausgew\u00e4hlte Honigsorten mit nat\u00fcrlicher Qualit\u00e4t und Reinheit zu entdecken.\" \/>\n<meta property=\"og:url\" content=\"https:\/\/purehivehoney.com\/de\/product\/nerthus-fih-348-honey-jar-with-dropper-transparent\/\" \/>\n<meta property=\"og:site_name\" content=\"PureHiveHoney\" \/>\n<meta property=\"article:modified_time\" content=\"2026-03-15T19:59:31+00:00\" \/>\n<meta property=\"og:image\" content=\"https:\/\/images-na.ssl-images-amazon.com\/images\/G\/01\/x-locale\/common\/grey-pixel.gif\" \/>\n<meta name=\"twitter:card\" content=\"summary_large_image\" \/>\n<meta name=\"twitter:label1\" content=\"Gesch\u00e4tzte Lesezeit\" \/>\n\t<meta name=\"twitter:data1\" content=\"1\u00a0Minute\" \/>\n<script type=\"application\/ld+json\" class=\"yoast-schema-graph\">{\"@context\":\"https:\\\/\\\/schema.org\",\"@graph\":[{\"@type\":\"WebPage\",\"@id\":\"https:\\\/\\\/purehivehoney.com\\\/de\\\/product\\\/nerthus-fih-348-honey-jar-with-dropper-transparent\\\/\",\"url\":\"https:\\\/\\\/purehivehoney.com\\\/de\\\/product\\\/nerthus-fih-348-honey-jar-with-dropper-transparent\\\/\",\"name\":\"Nerthus FIH 348 Honey Jar with Dropper, Transparent - PureHiveHoney\",\"isPartOf\":{\"@id\":\"https:\\\/\\\/purehivehoney.com\\\/de\\\/#website\"},\"primaryImageOfPage\":{\"@id\":\"https:\\\/\\\/purehivehoney.com\\\/de\\\/product\\\/nerthus-fih-348-honey-jar-with-dropper-transparent\\\/#primaryimage\"},\"image\":{\"@id\":\"https:\\\/\\\/purehivehoney.com\\\/de\\\/product\\\/nerthus-fih-348-honey-jar-with-dropper-transparent\\\/#primaryimage\"},\"thumbnailUrl\":\"https:\\\/\\\/purehivehoney.com\\\/de\\\/wp-content\\\/uploads\\\/2026\\\/03\\\/81iHUCw6wkL._AC_SL1500_.jpg\",\"datePublished\":\"2026-03-15T19:59:27+00:00\",\"dateModified\":\"2026-03-15T19:59:31+00:00\",\"description\":\"Entdecken Sie hochwertigen Rohhonig, Bio Honig, Manuka Honig und nat\u00fcrliche Bienenprodukte. PureHiveHoney hilft Ihnen dabei, sorgf\u00e4ltig ausgew\u00e4hlte Honigsorten mit nat\u00fcrlicher Qualit\u00e4t und Reinheit zu entdecken.\",\"breadcrumb\":{\"@id\":\"https:\\\/\\\/purehivehoney.com\\\/de\\\/product\\\/nerthus-fih-348-honey-jar-with-dropper-transparent\\\/#breadcrumb\"},\"inLanguage\":\"de\",\"potentialAction\":[{\"@type\":\"ReadAction\",\"target\":[\"https:\\\/\\\/purehivehoney.com\\\/de\\\/product\\\/nerthus-fih-348-honey-jar-with-dropper-transparent\\\/\"]}]},{\"@type\":\"ImageObject\",\"inLanguage\":\"de\",\"@id\":\"https:\\\/\\\/purehivehoney.com\\\/de\\\/product\\\/nerthus-fih-348-honey-jar-with-dropper-transparent\\\/#primaryimage\",\"url\":\"https:\\\/\\\/purehivehoney.com\\\/de\\\/wp-content\\\/uploads\\\/2026\\\/03\\\/81iHUCw6wkL._AC_SL1500_.jpg\",\"contentUrl\":\"https:\\\/\\\/purehivehoney.com\\\/de\\\/wp-content\\\/uploads\\\/2026\\\/03\\\/81iHUCw6wkL._AC_SL1500_.jpg\",\"width\":1040,\"height\":1500},{\"@type\":\"BreadcrumbList\",\"@id\":\"https:\\\/\\\/purehivehoney.com\\\/de\\\/product\\\/nerthus-fih-348-honey-jar-with-dropper-transparent\\\/#breadcrumb\",\"itemListElement\":[{\"@type\":\"ListItem\",\"position\":1,\"name\":\"Home\",\"item\":\"https:\\\/\\\/purehivehoney.com\\\/de\\\/\"},{\"@type\":\"ListItem\",\"position\":2,\"name\":\"Shop\",\"item\":\"https:\\\/\\\/purehivehoney.com\\\/de\\\/shop\\\/\"},{\"@type\":\"ListItem\",\"position\":3,\"name\":\"Nerthus FIH 348 Honey Jar with Drop...\"}]},{\"@type\":\"WebSite\",\"@id\":\"https:\\\/\\\/purehivehoney.com\\\/de\\\/#website\",\"url\":\"https:\\\/\\\/purehivehoney.com\\\/de\\\/\",\"name\":\"PureHiveHoney\",\"description\":\"Reiner Honig &amp; Bienenprodukte Online | Rohhonig, Bio Honig &amp; Spezialhonig\",\"publisher\":{\"@id\":\"https:\\\/\\\/purehivehoney.com\\\/de\\\/#organization\"},\"potentialAction\":[{\"@type\":\"SearchAction\",\"target\":{\"@type\":\"EntryPoint\",\"urlTemplate\":\"https:\\\/\\\/purehivehoney.com\\\/de\\\/?s={search_term_string}\"},\"query-input\":{\"@type\":\"PropertyValueSpecification\",\"valueRequired\":true,\"valueName\":\"search_term_string\"}}],\"inLanguage\":\"de\"},{\"@type\":\"Organization\",\"@id\":\"https:\\\/\\\/purehivehoney.com\\\/de\\\/#organization\",\"name\":\"PureHiveHoney\",\"url\":\"https:\\\/\\\/purehivehoney.com\\\/de\\\/\",\"logo\":{\"@type\":\"ImageObject\",\"inLanguage\":\"de\",\"@id\":\"https:\\\/\\\/purehivehoney.com\\\/de\\\/#\\\/schema\\\/logo\\\/image\\\/\",\"url\":\"https:\\\/\\\/purehivehoney.com\\\/de\\\/wp-content\\\/uploads\\\/2026\\\/03\\\/Screenshot-2026-03-16-at-1.06.01-AM.png\",\"contentUrl\":\"https:\\\/\\\/purehivehoney.com\\\/de\\\/wp-content\\\/uploads\\\/2026\\\/03\\\/Screenshot-2026-03-16-at-1.06.01-AM.png\",\"width\":2112,\"height\":1086,\"caption\":\"PureHiveHoney\"},\"image\":{\"@id\":\"https:\\\/\\\/purehivehoney.com\\\/de\\\/#\\\/schema\\\/logo\\\/image\\\/\"}}]}<\/script>\n<!-- \/ Yoast SEO plugin. -->","yoast_head_json":{"title":"Nerthus FIH 348 Honey Jar with Dropper, Transparent - PureHiveHoney","description":"Entdecken Sie hochwertigen Rohhonig, Bio Honig, Manuka Honig und nat\u00fcrliche Bienenprodukte. PureHiveHoney hilft Ihnen dabei, sorgf\u00e4ltig ausgew\u00e4hlte Honigsorten mit nat\u00fcrlicher Qualit\u00e4t und Reinheit zu entdecken.","robots":{"index":"index","follow":"follow","max-snippet":"max-snippet:-1","max-image-preview":"max-image-preview:large","max-video-preview":"max-video-preview:-1"},"canonical":"https:\/\/purehivehoney.com\/de\/product\/nerthus-fih-348-honey-jar-with-dropper-transparent\/","og_locale":"de_DE","og_type":"article","og_title":"Nerthus FIH 348 Honey Jar with Dropper, Transparent - PureHiveHoney","og_description":"Entdecken Sie hochwertigen Rohhonig, Bio Honig, Manuka Honig und nat\u00fcrliche Bienenprodukte. PureHiveHoney hilft Ihnen dabei, sorgf\u00e4ltig ausgew\u00e4hlte Honigsorten mit nat\u00fcrlicher Qualit\u00e4t und Reinheit zu entdecken.","og_url":"https:\/\/purehivehoney.com\/de\/product\/nerthus-fih-348-honey-jar-with-dropper-transparent\/","og_site_name":"PureHiveHoney","article_modified_time":"2026-03-15T19:59:31+00:00","og_image":[{"url":"https:\/\/images-na.ssl-images-amazon.com\/images\/G\/01\/x-locale\/common\/grey-pixel.gif","type":"","width":"","height":""}],"twitter_card":"summary_large_image","twitter_misc":{"Gesch\u00e4tzte Lesezeit":"1\u00a0Minute"},"schema":{"@context":"https:\/\/schema.org","@graph":[{"@type":"WebPage","@id":"https:\/\/purehivehoney.com\/de\/product\/nerthus-fih-348-honey-jar-with-dropper-transparent\/","url":"https:\/\/purehivehoney.com\/de\/product\/nerthus-fih-348-honey-jar-with-dropper-transparent\/","name":"Nerthus FIH 348 Honey Jar with Dropper, Transparent - PureHiveHoney","isPartOf":{"@id":"https:\/\/purehivehoney.com\/de\/#website"},"primaryImageOfPage":{"@id":"https:\/\/purehivehoney.com\/de\/product\/nerthus-fih-348-honey-jar-with-dropper-transparent\/#primaryimage"},"image":{"@id":"https:\/\/purehivehoney.com\/de\/product\/nerthus-fih-348-honey-jar-with-dropper-transparent\/#primaryimage"},"thumbnailUrl":"https:\/\/purehivehoney.com\/de\/wp-content\/uploads\/2026\/03\/81iHUCw6wkL._AC_SL1500_.jpg","datePublished":"2026-03-15T19:59:27+00:00","dateModified":"2026-03-15T19:59:31+00:00","description":"Entdecken Sie hochwertigen Rohhonig, Bio Honig, Manuka Honig und nat\u00fcrliche Bienenprodukte. PureHiveHoney hilft Ihnen dabei, sorgf\u00e4ltig ausgew\u00e4hlte Honigsorten mit nat\u00fcrlicher Qualit\u00e4t und Reinheit zu entdecken.","breadcrumb":{"@id":"https:\/\/purehivehoney.com\/de\/product\/nerthus-fih-348-honey-jar-with-dropper-transparent\/#breadcrumb"},"inLanguage":"de","potentialAction":[{"@type":"ReadAction","target":["https:\/\/purehivehoney.com\/de\/product\/nerthus-fih-348-honey-jar-with-dropper-transparent\/"]}]},{"@type":"ImageObject","inLanguage":"de","@id":"https:\/\/purehivehoney.com\/de\/product\/nerthus-fih-348-honey-jar-with-dropper-transparent\/#primaryimage","url":"https:\/\/purehivehoney.com\/de\/wp-content\/uploads\/2026\/03\/81iHUCw6wkL._AC_SL1500_.jpg","contentUrl":"https:\/\/purehivehoney.com\/de\/wp-content\/uploads\/2026\/03\/81iHUCw6wkL._AC_SL1500_.jpg","width":1040,"height":1500},{"@type":"BreadcrumbList","@id":"https:\/\/purehivehoney.com\/de\/product\/nerthus-fih-348-honey-jar-with-dropper-transparent\/#breadcrumb","itemListElement":[{"@type":"ListItem","position":1,"name":"Home","item":"https:\/\/purehivehoney.com\/de\/"},{"@type":"ListItem","position":2,"name":"Shop","item":"https:\/\/purehivehoney.com\/de\/shop\/"},{"@type":"ListItem","position":3,"name":"Nerthus FIH 348 Honey Jar with Drop..."}]},{"@type":"WebSite","@id":"https:\/\/purehivehoney.com\/de\/#website","url":"https:\/\/purehivehoney.com\/de\/","name":"PureHiveHoney","description":"Reiner Honig &amp; Bienenprodukte Online | Rohhonig, Bio Honig &amp; Spezialhonig","publisher":{"@id":"https:\/\/purehivehoney.com\/de\/#organization"},"potentialAction":[{"@type":"SearchAction","target":{"@type":"EntryPoint","urlTemplate":"https:\/\/purehivehoney.com\/de\/?s={search_term_string}"},"query-input":{"@type":"PropertyValueSpecification","valueRequired":true,"valueName":"search_term_string"}}],"inLanguage":"de"},{"@type":"Organization","@id":"https:\/\/purehivehoney.com\/de\/#organization","name":"PureHiveHoney","url":"https:\/\/purehivehoney.com\/de\/","logo":{"@type":"ImageObject","inLanguage":"de","@id":"https:\/\/purehivehoney.com\/de\/#\/schema\/logo\/image\/","url":"https:\/\/purehivehoney.com\/de\/wp-content\/uploads\/2026\/03\/Screenshot-2026-03-16-at-1.06.01-AM.png","contentUrl":"https:\/\/purehivehoney.com\/de\/wp-content\/uploads\/2026\/03\/Screenshot-2026-03-16-at-1.06.01-AM.png","width":2112,"height":1086,"caption":"PureHiveHoney"},"image":{"@id":"https:\/\/purehivehoney.com\/de\/#\/schema\/logo\/image\/"}}]}},"_links":{"self":[{"href":"https:\/\/purehivehoney.com\/de\/wp-json\/wp\/v2\/product\/168","targetHints":{"allow":["GET"]}}],"collection":[{"href":"https:\/\/purehivehoney.com\/de\/wp-json\/wp\/v2\/product"}],"about":[{"href":"https:\/\/purehivehoney.com\/de\/wp-json\/wp\/v2\/types\/product"}],"replies":[{"embeddable":true,"href":"https:\/\/purehivehoney.com\/de\/wp-json\/wp\/v2\/comments?post=168"}],"wp:featuredmedia":[{"embeddable":true,"href":"https:\/\/purehivehoney.com\/de\/wp-json\/wp\/v2\/media\/169"}],"wp:attachment":[{"href":"https:\/\/purehivehoney.com\/de\/wp-json\/wp\/v2\/media?parent=168"}],"wp:term":[{"taxonomy":"store","embeddable":true,"href":"https:\/\/purehivehoney.com\/de\/wp-json\/wp\/v2\/store?post=168"},{"taxonomy":"product_brand","embeddable":true,"href":"https:\/\/purehivehoney.com\/de\/wp-json\/wp\/v2\/product_brand?post=168"},{"taxonomy":"product_cat","embeddable":true,"href":"https:\/\/purehivehoney.com\/de\/wp-json\/wp\/v2\/product_cat?post=168"},{"taxonomy":"product_tag","embeddable":true,"href":"https:\/\/purehivehoney.com\/de\/wp-json\/wp\/v2\/product_tag?post=168"}],"curies":[{"name":"wp","href":"https:\/\/api.w.org\/{rel}","templated":true}]}}