{"id":1678,"date":"2026-03-16T13:57:03","date_gmt":"2026-03-16T13:57:03","guid":{"rendered":"https:\/\/purehivehoney.com\/de\/product\/bio-aloe-vera-gel-aus-spanien-feuchtigkeitsspendend-beruhigt-sonnenbrand-ideal-nachrasurpflege-haustiergeeignet-2000-ml\/"},"modified":"2026-03-16T13:57:14","modified_gmt":"2026-03-16T13:57:14","slug":"bio-aloe-vera-gel-aus-spanien-feuchtigkeitsspendend-beruhigt-sonnenbrand-ideal-nachrasurpflege-haustiergeeignet-2000-ml","status":"publish","type":"product","link":"https:\/\/purehivehoney.com\/de\/product\/bio-aloe-vera-gel-aus-spanien-feuchtigkeitsspendend-beruhigt-sonnenbrand-ideal-nachrasurpflege-haustiergeeignet-2000-ml\/","title":{"rendered":"Bio Aloe Vera Gel aus Spanien | Feu..."},"content":{"rendered":"<p>                                             From the brand   <\/p>\n<p>                                              <img decoding=\"async\" alt=\"BOT ORGANIC COSMETICS\" src=\"https:\/\/images-na.ssl-images-amazon.com\/images\/G\/01\/x-locale\/common\/grey-pixel.gif\" class=\"a-lazy-loaded\" data-src=\"https:\/\/m.media-amazon.com\/images\/S\/aplus-media-library-service-media\/892a95b4-b1fa-4a9a-be06-b8e752fdeedc.__CR0,0,1464,625_PT0_SX1464_V1___.jpg\"><img decoding=\"async\" alt=\"BOT ORGANIC COSMETICS\" src=\"https:\/\/m.media-amazon.com\/images\/S\/aplus-media-library-service-media\/892a95b4-b1fa-4a9a-be06-b8e752fdeedc.__CR0,0,1464,625_PT0_SX1464_V1___.jpg\">  <\/p>\n<p>                                              <img decoding=\"async\" alt=\"Product advertisement showing massage oil bottles with red and green labels, featuring &amp;#39;#1 UNSERE BESTSELLER&amp;#39; text on purple background.\" src=\"https:\/\/images-na.ssl-images-amazon.com\/images\/G\/01\/x-locale\/common\/grey-pixel.gif\" class=\"a-lazy-loaded\" data-src=\"https:\/\/m.media-amazon.com\/images\/S\/aplus-media-library-service-media\/2d9f3f25-84f0-423c-a747-cc8085dd4585.__CR0,0,362,453_PT0_SX362_V1___.jpg\"><img decoding=\"async\" alt=\"Product advertisement showing massage oil bottles with red and green labels, featuring &amp;#39;#1 UNSERE BESTSELLER&amp;#39; text on purple background.\" src=\"https:\/\/m.media-amazon.com\/images\/S\/aplus-media-library-service-media\/2d9f3f25-84f0-423c-a747-cc8085dd4585.__CR0,0,362,453_PT0_SX362_V1___.jpg\">  <\/p>\n<h3> THE MOST SUCCESSFUL <\/h3>\n<p>                                              <img decoding=\"async\" alt=\"Professional meeting scene with laptop on table against purple background with German text &amp;#39;EIN WENIG \u00dcBER UNS&amp;#39; overlaid.\" src=\"https:\/\/images-na.ssl-images-amazon.com\/images\/G\/01\/x-locale\/common\/grey-pixel.gif\" class=\"a-lazy-loaded\" data-src=\"https:\/\/m.media-amazon.com\/images\/S\/aplus-media-library-service-media\/ff0eb75b-456d-4f10-8c3a-2bc82abcbcf4.__CR0,0,362,453_PT0_SX362_V1___.jpg\"><img decoding=\"async\" alt=\"Professional meeting scene with laptop on table against purple background with German text &amp;#39;EIN WENIG \u00dcBER UNS&amp;#39; overlaid.\" src=\"https:\/\/m.media-amazon.com\/images\/S\/aplus-media-library-service-media\/ff0eb75b-456d-4f10-8c3a-2bc82abcbcf4.__CR0,0,362,453_PT0_SX362_V1___.jpg\">  <\/p>\n<p>                                              <img decoding=\"async\" alt=\"\" src=\"https:\/\/images-na.ssl-images-amazon.com\/images\/G\/01\/x-locale\/common\/grey-pixel.gif\" class=\"a-lazy-loaded\" data-src=\"https:\/\/m.media-amazon.com\/images\/S\/aplus-media-library-service-media\/f07c6cea-d1ba-4d2e-b9ad-a230252496e1.__CR0,0,315,145_PT0_SX315_V1___.jpg\"><img decoding=\"async\" alt=\"\" src=\"https:\/\/m.media-amazon.com\/images\/S\/aplus-media-library-service-media\/f07c6cea-d1ba-4d2e-b9ad-a230252496e1.__CR0,0,315,145_PT0_SX315_V1___.jpg\">  <\/p>\n<p> B.O.T cosmetic &amp; wellness is born from our passion for natural cosmetics and the world of beauty. A philosophy based on a responsible relationship with both nature and our customers. We are a small business from Provence, a region in the southeast of France bordering Italy and the Mediterranean. <\/p>\n<p>                                              <img decoding=\"async\" alt=\"Product advertisement showing three brown bottles with organic certification labels, highlighting natural ingredients, UV protection, and paraben-free features on purple background.\" src=\"https:\/\/images-na.ssl-images-amazon.com\/images\/G\/01\/x-locale\/common\/grey-pixel.gif\" class=\"a-lazy-loaded\" data-src=\"https:\/\/m.media-amazon.com\/images\/S\/aplus-media-library-service-media\/a42d46e3-8c06-46a3-8193-44bcf37872c5.__CR0,0,362,453_PT0_SX362_V1___.jpg\"><img decoding=\"async\" alt=\"Product advertisement showing three brown bottles with organic certification labels, highlighting natural ingredients, UV protection, and paraben-free features on purple background.\" src=\"https:\/\/m.media-amazon.com\/images\/S\/aplus-media-library-service-media\/a42d46e3-8c06-46a3-8193-44bcf37872c5.__CR0,0,362,453_PT0_SX362_V1___.jpg\">  <\/p>\n<p>                                              <img decoding=\"async\" alt=\"Three certification logos for organic and ecological standards, including Soil Association, NATRUE, and ECO CERT, on purple gradient background.\" src=\"https:\/\/images-na.ssl-images-amazon.com\/images\/G\/01\/x-locale\/common\/grey-pixel.gif\" class=\"a-lazy-loaded\" data-src=\"https:\/\/m.media-amazon.com\/images\/S\/aplus-media-library-service-media\/9d4aaae3-6d08-4e93-bb69-9a0045342da0.__CR0,0,362,453_PT0_SX362_V1___.jpg\"><img decoding=\"async\" alt=\"Three certification logos for organic and ecological standards, including Soil Association, NATRUE, and ECO CERT, on purple gradient background.\" src=\"https:\/\/m.media-amazon.com\/images\/S\/aplus-media-library-service-media\/9d4aaae3-6d08-4e93-bb69-9a0045342da0.__CR0,0,362,453_PT0_SX362_V1___.jpg\">  <\/p>\n<p>                                              <img decoding=\"async\" alt=\"Anti-cellulite treatment product advertisement showing a red bottle with customer reviews, labeled as &amp;#39;#1 in sales&amp;#39; in German.\" src=\"https:\/\/images-na.ssl-images-amazon.com\/images\/G\/01\/x-locale\/common\/grey-pixel.gif\" class=\"a-lazy-loaded\" data-src=\"https:\/\/m.media-amazon.com\/images\/S\/aplus-media-library-service-media\/0843e237-2c16-4ccb-9f61-fdd2357fc4ae.__CR0,0,362,453_PT0_SX362_V1___.jpg\"><img decoding=\"async\" alt=\"Anti-cellulite treatment product advertisement showing a red bottle with customer reviews, labeled as &amp;#39;#1 in sales&amp;#39; in German.\" src=\"https:\/\/m.media-amazon.com\/images\/S\/aplus-media-library-service-media\/0843e237-2c16-4ccb-9f61-fdd2357fc4ae.__CR0,0,362,453_PT0_SX362_V1___.jpg\">  <\/p>\n<h3> Anti-cellulite treatment <\/h3>\n<p> Is Discontinued By Manufacturer                                            \u200f                                            :                                            \u200e                                            No   <br \/> Product Dimensions                                            \u200f                                            :                                            \u200e                                            10 x 14 x 7 cm; 2.07 kg   <br \/> Manufacturer                                            \u200f                                            :                                            \u200e                                            Made in France   <br \/> ASIN                                            \u200f                                            :                                            \u200e                                            B07D3YZRPD   <br \/> Manufacturer reference                                            \u200f                                            :                                            \u200e                                            B07D3YZRPD   <br \/> Country of origin                                            \u200f                                            :                                            \u200e                                            France   <br \/>  Customer reviews:                                                                                            4.3               4.3 out of 5 stars                                  (6,402)                                              var dpAcrHasRegisteredArcLinkClickAction;                    P.when(&#8218;A&#8216;, &#8218;ready&#8216;).execute(function(A) {                        if (dpAcrHasRegisteredArcLinkClickAction !== true) {                            dpAcrHasRegisteredArcLinkClickAction = true;                            A.declarative(                                &#8218;acrLink-click-metrics&#8216;, &#8218;click&#8216;,                                { &#8222;allowLinkDefault&#8220;: true },                                function (event) {                                    if (window.ue) {                                        ue.count(&#8222;acrLinkClickCount&#8220;, (ue.count(&#8222;acrLinkClickCount&#8220;) || 0) + 1);                                    }                                }                            );                        }                    });                                             P.when(&#8218;A&#8216;, &#8218;cf&#8216;).execute(function(A) {                A.declarative(&#8218;acrStarsLink-click-metrics&#8216;, &#8218;click&#8216;, { &#8222;allowLinkDefault&#8220; : true },  function(event){                    if(window.ue) {                        ue.count(&#8222;acrStarsLinkWithPopoverClickCount&#8220;, (ue.count(&#8222;acrStarsLinkWithPopoverClickCount&#8220;) || 0) + 1);                    }                });            });                          <br \/>Moisturising, soothing and repairing aloe vera gel for irritated, dry and sensitive skin. Relieves skin itching, skin irritation, redness and inflammation. Ideal for light sunburns, insect bites and dryness.<br \/>Soothing and regenerating for the skin after wax, shaving, laser, IPL depilation as well as after tattooing. Restores moisture and repairs the skin, relieves irritation. SCAR HEALING PROPERTIES Reduces stretch marks.<br \/>Aloe Vera gel with anti-ageing properties. Moisturising for face and eye contour with anti-wrinkle effect. Powerful facial cleanser that does not clog pores and prevents the appearance of blackheads and pimples. Perfect makeup foundation.<br \/>Conditioner and moisturiser for hair and beard. Repairs damaged tips, prevents hair breakage, regenerates from the root, relieves scalp itching and irritation. Hair strengthening for healthy growth.<br \/>Organic Aloe Vera in Lanzarote, Spain. Extracted directly from the organic aloe vera plant. 100% pure and natural. No chemicals. Paraben free. Environmentally friendly packaging.<\/p>\n\n","protected":false},"excerpt":{"rendered":"<p>From the brand THE MOST SUCCESSFUL B.O.T cosmetic &amp; wellness is born from our passion for natural cosmetics and the world of beauty. A philosophy based on a responsible relationship with both nature and our customers. We are a small business from Provence, a region in the southeast of France bordering Italy and the Mediterranean. [&hellip;]<\/p>\n","protected":false},"featured_media":1679,"comment_status":"open","ping_status":"closed","template":"","meta":{"_aipt_faq_data":""},"store":[],"product_brand":[258],"product_cat":[66],"product_tag":[194],"class_list":{"0":"post-1678","1":"product","2":"type-product","3":"status-publish","4":"has-post-thumbnail","6":"product_brand-b-o-t-cosmetic-wellness","7":"product_cat-propolis","8":"product_tag-propolis-salbe-gegen-haut","10":"first","11":"instock","12":"sale","13":"shipping-taxable","14":"product-type-external"},"yoast_head":"<!-- This site is optimized with the Yoast SEO plugin v27.4 - https:\/\/yoast.com\/product\/yoast-seo-wordpress\/ -->\n<title>Bio Aloe Vera Gel aus Spanien | Feuchtigkeitsspendend, Beruhigt Sonnenbrand | Ideal Nachrasurpflege, Haustiergeeignet, 2000 ml - PureHiveHoney<\/title>\n<meta name=\"description\" content=\"Entdecken Sie hochwertigen Rohhonig, Bio Honig, Manuka Honig und nat\u00fcrliche Bienenprodukte. PureHiveHoney hilft Ihnen dabei, sorgf\u00e4ltig ausgew\u00e4hlte Honigsorten mit nat\u00fcrlicher Qualit\u00e4t und Reinheit zu entdecken.\" \/>\n<meta name=\"robots\" content=\"index, follow, max-snippet:-1, max-image-preview:large, max-video-preview:-1\" \/>\n<link rel=\"canonical\" href=\"https:\/\/purehivehoney.com\/de\/product\/bio-aloe-vera-gel-aus-spanien-feuchtigkeitsspendend-beruhigt-sonnenbrand-ideal-nachrasurpflege-haustiergeeignet-2000-ml\/\" \/>\n<meta property=\"og:locale\" content=\"de_DE\" \/>\n<meta property=\"og:type\" content=\"article\" \/>\n<meta property=\"og:title\" content=\"Bio Aloe Vera Gel aus Spanien | Feuchtigkeitsspendend, Beruhigt Sonnenbrand | Ideal Nachrasurpflege, Haustiergeeignet, 2000 ml - PureHiveHoney\" \/>\n<meta property=\"og:description\" content=\"Entdecken Sie hochwertigen Rohhonig, Bio Honig, Manuka Honig und nat\u00fcrliche Bienenprodukte. PureHiveHoney hilft Ihnen dabei, sorgf\u00e4ltig ausgew\u00e4hlte Honigsorten mit nat\u00fcrlicher Qualit\u00e4t und Reinheit zu entdecken.\" \/>\n<meta property=\"og:url\" content=\"https:\/\/purehivehoney.com\/de\/product\/bio-aloe-vera-gel-aus-spanien-feuchtigkeitsspendend-beruhigt-sonnenbrand-ideal-nachrasurpflege-haustiergeeignet-2000-ml\/\" \/>\n<meta property=\"og:site_name\" content=\"PureHiveHoney\" \/>\n<meta property=\"article:modified_time\" content=\"2026-03-16T13:57:14+00:00\" \/>\n<meta property=\"og:image\" content=\"https:\/\/images-na.ssl-images-amazon.com\/images\/G\/01\/x-locale\/common\/grey-pixel.gif\" \/>\n<meta name=\"twitter:card\" content=\"summary_large_image\" \/>\n<meta name=\"twitter:label1\" content=\"Gesch\u00e4tzte Lesezeit\" \/>\n\t<meta name=\"twitter:data1\" content=\"1\u00a0Minute\" \/>\n<script type=\"application\/ld+json\" class=\"yoast-schema-graph\">{\"@context\":\"https:\\\/\\\/schema.org\",\"@graph\":[{\"@type\":\"WebPage\",\"@id\":\"https:\\\/\\\/purehivehoney.com\\\/de\\\/product\\\/bio-aloe-vera-gel-aus-spanien-feuchtigkeitsspendend-beruhigt-sonnenbrand-ideal-nachrasurpflege-haustiergeeignet-2000-ml\\\/\",\"url\":\"https:\\\/\\\/purehivehoney.com\\\/de\\\/product\\\/bio-aloe-vera-gel-aus-spanien-feuchtigkeitsspendend-beruhigt-sonnenbrand-ideal-nachrasurpflege-haustiergeeignet-2000-ml\\\/\",\"name\":\"Bio Aloe Vera Gel aus Spanien | Feuchtigkeitsspendend, Beruhigt Sonnenbrand | Ideal Nachrasurpflege, Haustiergeeignet, 2000 ml - PureHiveHoney\",\"isPartOf\":{\"@id\":\"https:\\\/\\\/purehivehoney.com\\\/de\\\/#website\"},\"primaryImageOfPage\":{\"@id\":\"https:\\\/\\\/purehivehoney.com\\\/de\\\/product\\\/bio-aloe-vera-gel-aus-spanien-feuchtigkeitsspendend-beruhigt-sonnenbrand-ideal-nachrasurpflege-haustiergeeignet-2000-ml\\\/#primaryimage\"},\"image\":{\"@id\":\"https:\\\/\\\/purehivehoney.com\\\/de\\\/product\\\/bio-aloe-vera-gel-aus-spanien-feuchtigkeitsspendend-beruhigt-sonnenbrand-ideal-nachrasurpflege-haustiergeeignet-2000-ml\\\/#primaryimage\"},\"thumbnailUrl\":\"https:\\\/\\\/purehivehoney.com\\\/de\\\/wp-content\\\/uploads\\\/2026\\\/03\\\/71EkonSmL._SL1500_.jpg\",\"datePublished\":\"2026-03-16T13:57:03+00:00\",\"dateModified\":\"2026-03-16T13:57:14+00:00\",\"description\":\"Entdecken Sie hochwertigen Rohhonig, Bio Honig, Manuka Honig und nat\u00fcrliche Bienenprodukte. PureHiveHoney hilft Ihnen dabei, sorgf\u00e4ltig ausgew\u00e4hlte Honigsorten mit nat\u00fcrlicher Qualit\u00e4t und Reinheit zu entdecken.\",\"breadcrumb\":{\"@id\":\"https:\\\/\\\/purehivehoney.com\\\/de\\\/product\\\/bio-aloe-vera-gel-aus-spanien-feuchtigkeitsspendend-beruhigt-sonnenbrand-ideal-nachrasurpflege-haustiergeeignet-2000-ml\\\/#breadcrumb\"},\"inLanguage\":\"de\",\"potentialAction\":[{\"@type\":\"ReadAction\",\"target\":[\"https:\\\/\\\/purehivehoney.com\\\/de\\\/product\\\/bio-aloe-vera-gel-aus-spanien-feuchtigkeitsspendend-beruhigt-sonnenbrand-ideal-nachrasurpflege-haustiergeeignet-2000-ml\\\/\"]}]},{\"@type\":\"ImageObject\",\"inLanguage\":\"de\",\"@id\":\"https:\\\/\\\/purehivehoney.com\\\/de\\\/product\\\/bio-aloe-vera-gel-aus-spanien-feuchtigkeitsspendend-beruhigt-sonnenbrand-ideal-nachrasurpflege-haustiergeeignet-2000-ml\\\/#primaryimage\",\"url\":\"https:\\\/\\\/purehivehoney.com\\\/de\\\/wp-content\\\/uploads\\\/2026\\\/03\\\/71EkonSmL._SL1500_.jpg\",\"contentUrl\":\"https:\\\/\\\/purehivehoney.com\\\/de\\\/wp-content\\\/uploads\\\/2026\\\/03\\\/71EkonSmL._SL1500_.jpg\",\"width\":1500,\"height\":1500},{\"@type\":\"BreadcrumbList\",\"@id\":\"https:\\\/\\\/purehivehoney.com\\\/de\\\/product\\\/bio-aloe-vera-gel-aus-spanien-feuchtigkeitsspendend-beruhigt-sonnenbrand-ideal-nachrasurpflege-haustiergeeignet-2000-ml\\\/#breadcrumb\",\"itemListElement\":[{\"@type\":\"ListItem\",\"position\":1,\"name\":\"Home\",\"item\":\"https:\\\/\\\/purehivehoney.com\\\/de\\\/\"},{\"@type\":\"ListItem\",\"position\":2,\"name\":\"Shop\",\"item\":\"https:\\\/\\\/purehivehoney.com\\\/de\\\/shop\\\/\"},{\"@type\":\"ListItem\",\"position\":3,\"name\":\"Bio Aloe Vera Gel aus Spanien | Feu...\"}]},{\"@type\":\"WebSite\",\"@id\":\"https:\\\/\\\/purehivehoney.com\\\/de\\\/#website\",\"url\":\"https:\\\/\\\/purehivehoney.com\\\/de\\\/\",\"name\":\"PureHiveHoney\",\"description\":\"Reiner Honig &amp; Bienenprodukte Online | Rohhonig, Bio Honig &amp; Spezialhonig\",\"publisher\":{\"@id\":\"https:\\\/\\\/purehivehoney.com\\\/de\\\/#organization\"},\"potentialAction\":[{\"@type\":\"SearchAction\",\"target\":{\"@type\":\"EntryPoint\",\"urlTemplate\":\"https:\\\/\\\/purehivehoney.com\\\/de\\\/?s={search_term_string}\"},\"query-input\":{\"@type\":\"PropertyValueSpecification\",\"valueRequired\":true,\"valueName\":\"search_term_string\"}}],\"inLanguage\":\"de\"},{\"@type\":\"Organization\",\"@id\":\"https:\\\/\\\/purehivehoney.com\\\/de\\\/#organization\",\"name\":\"PureHiveHoney\",\"url\":\"https:\\\/\\\/purehivehoney.com\\\/de\\\/\",\"logo\":{\"@type\":\"ImageObject\",\"inLanguage\":\"de\",\"@id\":\"https:\\\/\\\/purehivehoney.com\\\/de\\\/#\\\/schema\\\/logo\\\/image\\\/\",\"url\":\"https:\\\/\\\/purehivehoney.com\\\/de\\\/wp-content\\\/uploads\\\/2026\\\/03\\\/Screenshot-2026-03-16-at-1.06.01-AM.png\",\"contentUrl\":\"https:\\\/\\\/purehivehoney.com\\\/de\\\/wp-content\\\/uploads\\\/2026\\\/03\\\/Screenshot-2026-03-16-at-1.06.01-AM.png\",\"width\":2112,\"height\":1086,\"caption\":\"PureHiveHoney\"},\"image\":{\"@id\":\"https:\\\/\\\/purehivehoney.com\\\/de\\\/#\\\/schema\\\/logo\\\/image\\\/\"}}]}<\/script>\n<!-- \/ Yoast SEO plugin. -->","yoast_head_json":{"title":"Bio Aloe Vera Gel aus Spanien | Feuchtigkeitsspendend, Beruhigt Sonnenbrand | Ideal Nachrasurpflege, Haustiergeeignet, 2000 ml - PureHiveHoney","description":"Entdecken Sie hochwertigen Rohhonig, Bio Honig, Manuka Honig und nat\u00fcrliche Bienenprodukte. PureHiveHoney hilft Ihnen dabei, sorgf\u00e4ltig ausgew\u00e4hlte Honigsorten mit nat\u00fcrlicher Qualit\u00e4t und Reinheit zu entdecken.","robots":{"index":"index","follow":"follow","max-snippet":"max-snippet:-1","max-image-preview":"max-image-preview:large","max-video-preview":"max-video-preview:-1"},"canonical":"https:\/\/purehivehoney.com\/de\/product\/bio-aloe-vera-gel-aus-spanien-feuchtigkeitsspendend-beruhigt-sonnenbrand-ideal-nachrasurpflege-haustiergeeignet-2000-ml\/","og_locale":"de_DE","og_type":"article","og_title":"Bio Aloe Vera Gel aus Spanien | Feuchtigkeitsspendend, Beruhigt Sonnenbrand | Ideal Nachrasurpflege, Haustiergeeignet, 2000 ml - PureHiveHoney","og_description":"Entdecken Sie hochwertigen Rohhonig, Bio Honig, Manuka Honig und nat\u00fcrliche Bienenprodukte. PureHiveHoney hilft Ihnen dabei, sorgf\u00e4ltig ausgew\u00e4hlte Honigsorten mit nat\u00fcrlicher Qualit\u00e4t und Reinheit zu entdecken.","og_url":"https:\/\/purehivehoney.com\/de\/product\/bio-aloe-vera-gel-aus-spanien-feuchtigkeitsspendend-beruhigt-sonnenbrand-ideal-nachrasurpflege-haustiergeeignet-2000-ml\/","og_site_name":"PureHiveHoney","article_modified_time":"2026-03-16T13:57:14+00:00","og_image":[{"url":"https:\/\/images-na.ssl-images-amazon.com\/images\/G\/01\/x-locale\/common\/grey-pixel.gif","type":"","width":"","height":""}],"twitter_card":"summary_large_image","twitter_misc":{"Gesch\u00e4tzte Lesezeit":"1\u00a0Minute"},"schema":{"@context":"https:\/\/schema.org","@graph":[{"@type":"WebPage","@id":"https:\/\/purehivehoney.com\/de\/product\/bio-aloe-vera-gel-aus-spanien-feuchtigkeitsspendend-beruhigt-sonnenbrand-ideal-nachrasurpflege-haustiergeeignet-2000-ml\/","url":"https:\/\/purehivehoney.com\/de\/product\/bio-aloe-vera-gel-aus-spanien-feuchtigkeitsspendend-beruhigt-sonnenbrand-ideal-nachrasurpflege-haustiergeeignet-2000-ml\/","name":"Bio Aloe Vera Gel aus Spanien | Feuchtigkeitsspendend, Beruhigt Sonnenbrand | Ideal Nachrasurpflege, Haustiergeeignet, 2000 ml - PureHiveHoney","isPartOf":{"@id":"https:\/\/purehivehoney.com\/de\/#website"},"primaryImageOfPage":{"@id":"https:\/\/purehivehoney.com\/de\/product\/bio-aloe-vera-gel-aus-spanien-feuchtigkeitsspendend-beruhigt-sonnenbrand-ideal-nachrasurpflege-haustiergeeignet-2000-ml\/#primaryimage"},"image":{"@id":"https:\/\/purehivehoney.com\/de\/product\/bio-aloe-vera-gel-aus-spanien-feuchtigkeitsspendend-beruhigt-sonnenbrand-ideal-nachrasurpflege-haustiergeeignet-2000-ml\/#primaryimage"},"thumbnailUrl":"https:\/\/purehivehoney.com\/de\/wp-content\/uploads\/2026\/03\/71EkonSmL._SL1500_.jpg","datePublished":"2026-03-16T13:57:03+00:00","dateModified":"2026-03-16T13:57:14+00:00","description":"Entdecken Sie hochwertigen Rohhonig, Bio Honig, Manuka Honig und nat\u00fcrliche Bienenprodukte. PureHiveHoney hilft Ihnen dabei, sorgf\u00e4ltig ausgew\u00e4hlte Honigsorten mit nat\u00fcrlicher Qualit\u00e4t und Reinheit zu entdecken.","breadcrumb":{"@id":"https:\/\/purehivehoney.com\/de\/product\/bio-aloe-vera-gel-aus-spanien-feuchtigkeitsspendend-beruhigt-sonnenbrand-ideal-nachrasurpflege-haustiergeeignet-2000-ml\/#breadcrumb"},"inLanguage":"de","potentialAction":[{"@type":"ReadAction","target":["https:\/\/purehivehoney.com\/de\/product\/bio-aloe-vera-gel-aus-spanien-feuchtigkeitsspendend-beruhigt-sonnenbrand-ideal-nachrasurpflege-haustiergeeignet-2000-ml\/"]}]},{"@type":"ImageObject","inLanguage":"de","@id":"https:\/\/purehivehoney.com\/de\/product\/bio-aloe-vera-gel-aus-spanien-feuchtigkeitsspendend-beruhigt-sonnenbrand-ideal-nachrasurpflege-haustiergeeignet-2000-ml\/#primaryimage","url":"https:\/\/purehivehoney.com\/de\/wp-content\/uploads\/2026\/03\/71EkonSmL._SL1500_.jpg","contentUrl":"https:\/\/purehivehoney.com\/de\/wp-content\/uploads\/2026\/03\/71EkonSmL._SL1500_.jpg","width":1500,"height":1500},{"@type":"BreadcrumbList","@id":"https:\/\/purehivehoney.com\/de\/product\/bio-aloe-vera-gel-aus-spanien-feuchtigkeitsspendend-beruhigt-sonnenbrand-ideal-nachrasurpflege-haustiergeeignet-2000-ml\/#breadcrumb","itemListElement":[{"@type":"ListItem","position":1,"name":"Home","item":"https:\/\/purehivehoney.com\/de\/"},{"@type":"ListItem","position":2,"name":"Shop","item":"https:\/\/purehivehoney.com\/de\/shop\/"},{"@type":"ListItem","position":3,"name":"Bio Aloe Vera Gel aus Spanien | Feu..."}]},{"@type":"WebSite","@id":"https:\/\/purehivehoney.com\/de\/#website","url":"https:\/\/purehivehoney.com\/de\/","name":"PureHiveHoney","description":"Reiner Honig &amp; Bienenprodukte Online | Rohhonig, Bio Honig &amp; Spezialhonig","publisher":{"@id":"https:\/\/purehivehoney.com\/de\/#organization"},"potentialAction":[{"@type":"SearchAction","target":{"@type":"EntryPoint","urlTemplate":"https:\/\/purehivehoney.com\/de\/?s={search_term_string}"},"query-input":{"@type":"PropertyValueSpecification","valueRequired":true,"valueName":"search_term_string"}}],"inLanguage":"de"},{"@type":"Organization","@id":"https:\/\/purehivehoney.com\/de\/#organization","name":"PureHiveHoney","url":"https:\/\/purehivehoney.com\/de\/","logo":{"@type":"ImageObject","inLanguage":"de","@id":"https:\/\/purehivehoney.com\/de\/#\/schema\/logo\/image\/","url":"https:\/\/purehivehoney.com\/de\/wp-content\/uploads\/2026\/03\/Screenshot-2026-03-16-at-1.06.01-AM.png","contentUrl":"https:\/\/purehivehoney.com\/de\/wp-content\/uploads\/2026\/03\/Screenshot-2026-03-16-at-1.06.01-AM.png","width":2112,"height":1086,"caption":"PureHiveHoney"},"image":{"@id":"https:\/\/purehivehoney.com\/de\/#\/schema\/logo\/image\/"}}]}},"_links":{"self":[{"href":"https:\/\/purehivehoney.com\/de\/wp-json\/wp\/v2\/product\/1678","targetHints":{"allow":["GET"]}}],"collection":[{"href":"https:\/\/purehivehoney.com\/de\/wp-json\/wp\/v2\/product"}],"about":[{"href":"https:\/\/purehivehoney.com\/de\/wp-json\/wp\/v2\/types\/product"}],"replies":[{"embeddable":true,"href":"https:\/\/purehivehoney.com\/de\/wp-json\/wp\/v2\/comments?post=1678"}],"wp:featuredmedia":[{"embeddable":true,"href":"https:\/\/purehivehoney.com\/de\/wp-json\/wp\/v2\/media\/1679"}],"wp:attachment":[{"href":"https:\/\/purehivehoney.com\/de\/wp-json\/wp\/v2\/media?parent=1678"}],"wp:term":[{"taxonomy":"store","embeddable":true,"href":"https:\/\/purehivehoney.com\/de\/wp-json\/wp\/v2\/store?post=1678"},{"taxonomy":"product_brand","embeddable":true,"href":"https:\/\/purehivehoney.com\/de\/wp-json\/wp\/v2\/product_brand?post=1678"},{"taxonomy":"product_cat","embeddable":true,"href":"https:\/\/purehivehoney.com\/de\/wp-json\/wp\/v2\/product_cat?post=1678"},{"taxonomy":"product_tag","embeddable":true,"href":"https:\/\/purehivehoney.com\/de\/wp-json\/wp\/v2\/product_tag?post=1678"}],"curies":[{"name":"wp","href":"https:\/\/api.w.org\/{rel}","templated":true}]}}