{"id":1643,"date":"2026-03-16T13:47:07","date_gmt":"2026-03-16T13:47:07","guid":{"rendered":"https:\/\/purehivehoney.com\/de\/product\/valiclud-glass-honey-pot-with-wooden-lid-and-honey-spoon-small-honey-container-airtight-storage-jar-for-honey-sugar-salt-stylish-kitchen-and-dining-room-decoration\/"},"modified":"2026-03-16T13:47:29","modified_gmt":"2026-03-16T13:47:29","slug":"valiclud-glass-honey-pot-with-wooden-lid-and-honey-spoon-small-honey-container-airtight-storage-jar-for-honey-sugar-salt-stylish-kitchen-and-dining-room-decoration","status":"publish","type":"product","link":"https:\/\/purehivehoney.com\/de\/product\/valiclud-glass-honey-pot-with-wooden-lid-and-honey-spoon-small-honey-container-airtight-storage-jar-for-honey-sugar-salt-stylish-kitchen-and-dining-room-decoration\/","title":{"rendered":"VALICLUD Glass Honey Pot with Woode..."},"content":{"rendered":"<p>                                             Product Description   <\/p>\n<p>                                                  <img decoding=\"async\" alt=\"Text reads &amp;#39;Image 6&amp;#39;. Glass jar with wooden lid containing orange liquid, placed on dark countertop with wooden wall panels and shelving visible.\" src=\"https:\/\/images-na.ssl-images-amazon.com\/images\/G\/01\/x-locale\/common\/grey-pixel.gif\" class=\"a-lazy-loaded\" data-src=\"https:\/\/m.media-amazon.com\/images\/S\/aplus-media-library-service-media\/57b61926-3e73-4960-a75d-cd8b38b03b55.__CR1600,0,300,300_PT0_SX300_V1___.jpg\"><img decoding=\"async\" alt=\"Text reads &amp;#39;Image 6&amp;#39;. Glass jar with wooden lid containing orange liquid, placed on dark countertop with wooden wall panels and shelving visible.\" src=\"https:\/\/m.media-amazon.com\/images\/S\/aplus-media-library-service-media\/57b61926-3e73-4960-a75d-cd8b38b03b55.__CR1600,0,300,300_PT0_SX300_V1___.jpg\">  <\/p>\n<h3 class=\"a-spacing-mini\"> VALICLUD <\/h3>\n<p>  Glass Honey Pot with Wooden Lid and Honey Spoon Small Honey Container Airtight Storage Jar for Honey Sugar Salt Stylish Kitchen and Dining Room Decoration <\/p>\n<h3 class=\"a-spacing-small\">   <\/h3>\n<p class=\"apm-text-center\">\n                                                      <img decoding=\"async\" alt=\"6 US\" src=\"https:\/\/images-na.ssl-images-amazon.com\/images\/G\/01\/x-locale\/common\/grey-pixel.gif\" class=\"a-lazy-loaded\" data-src=\"https:\/\/m.media-amazon.com\/images\/S\/aplus-media-library-service-media\/da6905fa-ed0b-4c9a-899b-08aec206ff97.__CR1600,0,220,220_PT0_SX220_V1___.jpg\"><img decoding=\"async\" alt=\"6 US\" src=\"https:\/\/m.media-amazon.com\/images\/S\/aplus-media-library-service-media\/da6905fa-ed0b-4c9a-899b-08aec206ff97.__CR1600,0,220,220_PT0_SX220_V1___.jpg\">  <\/p>\n<p class=\"a-size-small\"> Honey dispenser with ladle &#8211; The large opening of the glass allows you to easily remove and pour honey and also keeps your bottle clean, glass honey jars with lid <\/p>\n<p class=\"apm-text-center\">\n                                                      <img decoding=\"async\" alt=\"12 US\" src=\"https:\/\/images-na.ssl-images-amazon.com\/images\/G\/01\/x-locale\/common\/grey-pixel.gif\" class=\"a-lazy-loaded\" data-src=\"https:\/\/m.media-amazon.com\/images\/S\/aplus-media-library-service-media\/2b72a3ae-4086-401a-b151-3eef925a88bf.__CR1600,0,220,220_PT0_SX220_V1___.jpg\"><img decoding=\"async\" alt=\"12 US\" src=\"https:\/\/m.media-amazon.com\/images\/S\/aplus-media-library-service-media\/2b72a3ae-4086-401a-b151-3eef925a88bf.__CR1600,0,220,220_PT0_SX220_V1___.jpg\">  <\/p>\n<p class=\"a-size-small\"> Honey pot for the kitchen &#8211; with the stirrer, you can add honey to hot drinks or bread without creating a sticky, messy honey pot made of clear glass <\/p>\n<p class=\"apm-text-center\">\n                                                      <img decoding=\"async\" alt=\"19 EU\" src=\"https:\/\/images-na.ssl-images-amazon.com\/images\/G\/01\/x-locale\/common\/grey-pixel.gif\" class=\"a-lazy-loaded\" data-src=\"https:\/\/m.media-amazon.com\/images\/S\/aplus-media-library-service-media\/a97474e8-6aaa-496b-a788-bb3bfd1ba075.__CR1600,0,220,220_PT0_SX220_V1___.jpg\"><img decoding=\"async\" alt=\"19 EU\" src=\"https:\/\/m.media-amazon.com\/images\/S\/aplus-media-library-service-media\/a97474e8-6aaa-496b-a788-bb3bfd1ba075.__CR1600,0,220,220_PT0_SX220_V1___.jpg\">  <\/p>\n<p class=\"a-size-small\"> Honey Preservation Jars &#8211; Our honey jar is easy to clean and can be wiped clean with a cloth or rinsed with water to keep it clean, glass honey dispenser pot <\/p>\n<p class=\"apm-text-center\">\n                                                      <img decoding=\"async\" alt=\"0\" src=\"https:\/\/images-na.ssl-images-amazon.com\/images\/G\/01\/x-locale\/common\/grey-pixel.gif\" class=\"a-lazy-loaded\" data-src=\"https:\/\/m.media-amazon.com\/images\/S\/aplus-media-library-service-media\/ebf20fdc-6dcc-43dc-b9d5-2db1a6cdd5e0.__CR1600,0,220,220_PT0_SX220_V1___.jpg\"><img decoding=\"async\" alt=\"0\" src=\"https:\/\/m.media-amazon.com\/images\/S\/aplus-media-library-service-media\/ebf20fdc-6dcc-43dc-b9d5-2db1a6cdd5e0.__CR1600,0,220,220_PT0_SX220_V1___.jpg\">  <\/p>\n<p class=\"a-size-small\"> Honey Storage Dispenser &#8211; The size of this glass honey jar does not take up much space, but it holds enough honey, sealed glass container <\/p>\n<h3 class=\"a-spacing-mini\">   <\/h3>\n<p>                                          <img decoding=\"async\" alt=\"Wide panoramic kitchen scene showing organized storage with hanging pots and pans, glass jars containing dry goods, and white cabinet storage solutions against a light background.\" src=\"https:\/\/images-na.ssl-images-amazon.com\/images\/G\/01\/x-locale\/common\/grey-pixel.gif\" class=\"a-spacing-base a-lazy-loaded\" data-src=\"https:\/\/m.media-amazon.com\/images\/S\/aplus-media-library-service-media\/cb8d38d8-1fe5-42bc-b019-9659f98d72c9.__CR1600,0,970,600_PT0_SX970_V1___.jpg\"><img decoding=\"async\" alt=\"Wide panoramic kitchen scene showing organized storage with hanging pots and pans, glass jars containing dry goods, and white cabinet storage solutions against a light background.\" src=\"https:\/\/m.media-amazon.com\/images\/S\/aplus-media-library-service-media\/cb8d38d8-1fe5-42bc-b019-9659f98d72c9.__CR1600,0,970,600_PT0_SX970_V1___.jpg\">                                         <\/p>\n<h3 class=\"a-spacing-mini\">   <\/h3>\n<p class=\"a-spacing-base\">\n<p>Honey dispenser with ladle &#8211; The large opening of the glass allows you to easily remove and pour honey and also keeps your bottle clean, glass honey jars with lid<br \/>Honey pot for the kitchen &#8211; with the stirrer, you can add honey to hot drinks or bread without creating a sticky, messy honey pot made of clear glass<br \/>Honey Preservation Jars &#8211; Our honey jar is easy to clean and can be wiped clean with a cloth or rinsed with water to keep it clean, glass honey dispenser pot<br \/>Honey Storage Dispenser &#8211; The size of this glass honey jar does not take up much space, but it holds enough honey, sealed glass container<br \/>Glass honey container dispenser &#8211; widely used, is ideal for storing honey, syrup or jam and easily meets your different needs. honey table dispenser<\/p>\n\n","protected":false},"excerpt":{"rendered":"<p>Product Description VALICLUD Glass Honey Pot with Wooden Lid and Honey Spoon Small Honey Container Airtight Storage Jar for Honey Sugar Salt Stylish Kitchen and Dining Room Decoration Honey dispenser with ladle &#8211; The large opening of the glass allows you to easily remove and pour honey and also keeps your bottle clean, glass honey [&hellip;]<\/p>\n","protected":false},"featured_media":1644,"comment_status":"open","ping_status":"closed","template":"","meta":{"_aipt_faq_data":""},"store":[],"product_brand":[282],"product_cat":[75],"product_tag":[207],"class_list":{"0":"post-1643","1":"product","2":"type-product","3":"status-publish","4":"has-post-thumbnail","6":"product_brand-valiclud","7":"product_cat-honigspender","8":"product_tag-honigspender-fuer-fruehstueck","10":"first","11":"instock","12":"shipping-taxable","13":"product-type-external"},"yoast_head":"<!-- This site is optimized with the Yoast SEO plugin v27.4 - https:\/\/yoast.com\/product\/yoast-seo-wordpress\/ -->\n<title>VALICLUD Glass Honey Pot with Wooden Lid and Honey Spoon, Small Honey Container, Airtight Storage Jar for Honey, Sugar, Salt, Stylish Kitchen and Dining Room Decoration - PureHiveHoney<\/title>\n<meta name=\"description\" content=\"Entdecken Sie hochwertigen Rohhonig, Bio Honig, Manuka Honig und nat\u00fcrliche Bienenprodukte. PureHiveHoney hilft Ihnen dabei, sorgf\u00e4ltig ausgew\u00e4hlte Honigsorten mit nat\u00fcrlicher Qualit\u00e4t und Reinheit zu entdecken.\" \/>\n<meta name=\"robots\" content=\"index, follow, max-snippet:-1, max-image-preview:large, max-video-preview:-1\" \/>\n<link rel=\"canonical\" href=\"https:\/\/purehivehoney.com\/de\/product\/valiclud-glass-honey-pot-with-wooden-lid-and-honey-spoon-small-honey-container-airtight-storage-jar-for-honey-sugar-salt-stylish-kitchen-and-dining-room-decoration\/\" \/>\n<meta property=\"og:locale\" content=\"de_DE\" \/>\n<meta property=\"og:type\" content=\"article\" \/>\n<meta property=\"og:title\" content=\"VALICLUD Glass Honey Pot with Wooden Lid and Honey Spoon, Small Honey Container, Airtight Storage Jar for Honey, Sugar, Salt, Stylish Kitchen and Dining Room Decoration - PureHiveHoney\" \/>\n<meta property=\"og:description\" content=\"Entdecken Sie hochwertigen Rohhonig, Bio Honig, Manuka Honig und nat\u00fcrliche Bienenprodukte. PureHiveHoney hilft Ihnen dabei, sorgf\u00e4ltig ausgew\u00e4hlte Honigsorten mit nat\u00fcrlicher Qualit\u00e4t und Reinheit zu entdecken.\" \/>\n<meta property=\"og:url\" content=\"https:\/\/purehivehoney.com\/de\/product\/valiclud-glass-honey-pot-with-wooden-lid-and-honey-spoon-small-honey-container-airtight-storage-jar-for-honey-sugar-salt-stylish-kitchen-and-dining-room-decoration\/\" \/>\n<meta property=\"og:site_name\" content=\"PureHiveHoney\" \/>\n<meta property=\"article:modified_time\" content=\"2026-03-16T13:47:29+00:00\" \/>\n<meta property=\"og:image\" content=\"https:\/\/images-na.ssl-images-amazon.com\/images\/G\/01\/x-locale\/common\/grey-pixel.gif\" \/>\n<meta name=\"twitter:card\" content=\"summary_large_image\" \/>\n<meta name=\"twitter:label1\" content=\"Gesch\u00e4tzte Lesezeit\" \/>\n\t<meta name=\"twitter:data1\" content=\"1\u00a0Minute\" \/>\n<script type=\"application\/ld+json\" class=\"yoast-schema-graph\">{\"@context\":\"https:\\\/\\\/schema.org\",\"@graph\":[{\"@type\":\"WebPage\",\"@id\":\"https:\\\/\\\/purehivehoney.com\\\/de\\\/product\\\/valiclud-glass-honey-pot-with-wooden-lid-and-honey-spoon-small-honey-container-airtight-storage-jar-for-honey-sugar-salt-stylish-kitchen-and-dining-room-decoration\\\/\",\"url\":\"https:\\\/\\\/purehivehoney.com\\\/de\\\/product\\\/valiclud-glass-honey-pot-with-wooden-lid-and-honey-spoon-small-honey-container-airtight-storage-jar-for-honey-sugar-salt-stylish-kitchen-and-dining-room-decoration\\\/\",\"name\":\"VALICLUD Glass Honey Pot with Wooden Lid and Honey Spoon, Small Honey Container, Airtight Storage Jar for Honey, Sugar, Salt, Stylish Kitchen and Dining Room Decoration - PureHiveHoney\",\"isPartOf\":{\"@id\":\"https:\\\/\\\/purehivehoney.com\\\/de\\\/#website\"},\"primaryImageOfPage\":{\"@id\":\"https:\\\/\\\/purehivehoney.com\\\/de\\\/product\\\/valiclud-glass-honey-pot-with-wooden-lid-and-honey-spoon-small-honey-container-airtight-storage-jar-for-honey-sugar-salt-stylish-kitchen-and-dining-room-decoration\\\/#primaryimage\"},\"image\":{\"@id\":\"https:\\\/\\\/purehivehoney.com\\\/de\\\/product\\\/valiclud-glass-honey-pot-with-wooden-lid-and-honey-spoon-small-honey-container-airtight-storage-jar-for-honey-sugar-salt-stylish-kitchen-and-dining-room-decoration\\\/#primaryimage\"},\"thumbnailUrl\":\"https:\\\/\\\/purehivehoney.com\\\/de\\\/wp-content\\\/uploads\\\/2026\\\/03\\\/61wMhoAGJLL._AC_SL1500_.jpg\",\"datePublished\":\"2026-03-16T13:47:07+00:00\",\"dateModified\":\"2026-03-16T13:47:29+00:00\",\"description\":\"Entdecken Sie hochwertigen Rohhonig, Bio Honig, Manuka Honig und nat\u00fcrliche Bienenprodukte. PureHiveHoney hilft Ihnen dabei, sorgf\u00e4ltig ausgew\u00e4hlte Honigsorten mit nat\u00fcrlicher Qualit\u00e4t und Reinheit zu entdecken.\",\"breadcrumb\":{\"@id\":\"https:\\\/\\\/purehivehoney.com\\\/de\\\/product\\\/valiclud-glass-honey-pot-with-wooden-lid-and-honey-spoon-small-honey-container-airtight-storage-jar-for-honey-sugar-salt-stylish-kitchen-and-dining-room-decoration\\\/#breadcrumb\"},\"inLanguage\":\"de\",\"potentialAction\":[{\"@type\":\"ReadAction\",\"target\":[\"https:\\\/\\\/purehivehoney.com\\\/de\\\/product\\\/valiclud-glass-honey-pot-with-wooden-lid-and-honey-spoon-small-honey-container-airtight-storage-jar-for-honey-sugar-salt-stylish-kitchen-and-dining-room-decoration\\\/\"]}]},{\"@type\":\"ImageObject\",\"inLanguage\":\"de\",\"@id\":\"https:\\\/\\\/purehivehoney.com\\\/de\\\/product\\\/valiclud-glass-honey-pot-with-wooden-lid-and-honey-spoon-small-honey-container-airtight-storage-jar-for-honey-sugar-salt-stylish-kitchen-and-dining-room-decoration\\\/#primaryimage\",\"url\":\"https:\\\/\\\/purehivehoney.com\\\/de\\\/wp-content\\\/uploads\\\/2026\\\/03\\\/61wMhoAGJLL._AC_SL1500_.jpg\",\"contentUrl\":\"https:\\\/\\\/purehivehoney.com\\\/de\\\/wp-content\\\/uploads\\\/2026\\\/03\\\/61wMhoAGJLL._AC_SL1500_.jpg\",\"width\":1500,\"height\":1081},{\"@type\":\"BreadcrumbList\",\"@id\":\"https:\\\/\\\/purehivehoney.com\\\/de\\\/product\\\/valiclud-glass-honey-pot-with-wooden-lid-and-honey-spoon-small-honey-container-airtight-storage-jar-for-honey-sugar-salt-stylish-kitchen-and-dining-room-decoration\\\/#breadcrumb\",\"itemListElement\":[{\"@type\":\"ListItem\",\"position\":1,\"name\":\"Home\",\"item\":\"https:\\\/\\\/purehivehoney.com\\\/de\\\/\"},{\"@type\":\"ListItem\",\"position\":2,\"name\":\"Shop\",\"item\":\"https:\\\/\\\/purehivehoney.com\\\/de\\\/shop\\\/\"},{\"@type\":\"ListItem\",\"position\":3,\"name\":\"VALICLUD Glass Honey Pot with Woode...\"}]},{\"@type\":\"WebSite\",\"@id\":\"https:\\\/\\\/purehivehoney.com\\\/de\\\/#website\",\"url\":\"https:\\\/\\\/purehivehoney.com\\\/de\\\/\",\"name\":\"PureHiveHoney\",\"description\":\"Reiner Honig &amp; Bienenprodukte Online | Rohhonig, Bio Honig &amp; Spezialhonig\",\"publisher\":{\"@id\":\"https:\\\/\\\/purehivehoney.com\\\/de\\\/#organization\"},\"potentialAction\":[{\"@type\":\"SearchAction\",\"target\":{\"@type\":\"EntryPoint\",\"urlTemplate\":\"https:\\\/\\\/purehivehoney.com\\\/de\\\/?s={search_term_string}\"},\"query-input\":{\"@type\":\"PropertyValueSpecification\",\"valueRequired\":true,\"valueName\":\"search_term_string\"}}],\"inLanguage\":\"de\"},{\"@type\":\"Organization\",\"@id\":\"https:\\\/\\\/purehivehoney.com\\\/de\\\/#organization\",\"name\":\"PureHiveHoney\",\"url\":\"https:\\\/\\\/purehivehoney.com\\\/de\\\/\",\"logo\":{\"@type\":\"ImageObject\",\"inLanguage\":\"de\",\"@id\":\"https:\\\/\\\/purehivehoney.com\\\/de\\\/#\\\/schema\\\/logo\\\/image\\\/\",\"url\":\"https:\\\/\\\/purehivehoney.com\\\/de\\\/wp-content\\\/uploads\\\/2026\\\/03\\\/Screenshot-2026-03-16-at-1.06.01-AM.png\",\"contentUrl\":\"https:\\\/\\\/purehivehoney.com\\\/de\\\/wp-content\\\/uploads\\\/2026\\\/03\\\/Screenshot-2026-03-16-at-1.06.01-AM.png\",\"width\":2112,\"height\":1086,\"caption\":\"PureHiveHoney\"},\"image\":{\"@id\":\"https:\\\/\\\/purehivehoney.com\\\/de\\\/#\\\/schema\\\/logo\\\/image\\\/\"}}]}<\/script>\n<!-- \/ Yoast SEO plugin. -->","yoast_head_json":{"title":"VALICLUD Glass Honey Pot with Wooden Lid and Honey Spoon, Small Honey Container, Airtight Storage Jar for Honey, Sugar, Salt, Stylish Kitchen and Dining Room Decoration - PureHiveHoney","description":"Entdecken Sie hochwertigen Rohhonig, Bio Honig, Manuka Honig und nat\u00fcrliche Bienenprodukte. PureHiveHoney hilft Ihnen dabei, sorgf\u00e4ltig ausgew\u00e4hlte Honigsorten mit nat\u00fcrlicher Qualit\u00e4t und Reinheit zu entdecken.","robots":{"index":"index","follow":"follow","max-snippet":"max-snippet:-1","max-image-preview":"max-image-preview:large","max-video-preview":"max-video-preview:-1"},"canonical":"https:\/\/purehivehoney.com\/de\/product\/valiclud-glass-honey-pot-with-wooden-lid-and-honey-spoon-small-honey-container-airtight-storage-jar-for-honey-sugar-salt-stylish-kitchen-and-dining-room-decoration\/","og_locale":"de_DE","og_type":"article","og_title":"VALICLUD Glass Honey Pot with Wooden Lid and Honey Spoon, Small Honey Container, Airtight Storage Jar for Honey, Sugar, Salt, Stylish Kitchen and Dining Room Decoration - PureHiveHoney","og_description":"Entdecken Sie hochwertigen Rohhonig, Bio Honig, Manuka Honig und nat\u00fcrliche Bienenprodukte. PureHiveHoney hilft Ihnen dabei, sorgf\u00e4ltig ausgew\u00e4hlte Honigsorten mit nat\u00fcrlicher Qualit\u00e4t und Reinheit zu entdecken.","og_url":"https:\/\/purehivehoney.com\/de\/product\/valiclud-glass-honey-pot-with-wooden-lid-and-honey-spoon-small-honey-container-airtight-storage-jar-for-honey-sugar-salt-stylish-kitchen-and-dining-room-decoration\/","og_site_name":"PureHiveHoney","article_modified_time":"2026-03-16T13:47:29+00:00","og_image":[{"url":"https:\/\/images-na.ssl-images-amazon.com\/images\/G\/01\/x-locale\/common\/grey-pixel.gif","type":"","width":"","height":""}],"twitter_card":"summary_large_image","twitter_misc":{"Gesch\u00e4tzte Lesezeit":"1\u00a0Minute"},"schema":{"@context":"https:\/\/schema.org","@graph":[{"@type":"WebPage","@id":"https:\/\/purehivehoney.com\/de\/product\/valiclud-glass-honey-pot-with-wooden-lid-and-honey-spoon-small-honey-container-airtight-storage-jar-for-honey-sugar-salt-stylish-kitchen-and-dining-room-decoration\/","url":"https:\/\/purehivehoney.com\/de\/product\/valiclud-glass-honey-pot-with-wooden-lid-and-honey-spoon-small-honey-container-airtight-storage-jar-for-honey-sugar-salt-stylish-kitchen-and-dining-room-decoration\/","name":"VALICLUD Glass Honey Pot with Wooden Lid and Honey Spoon, Small Honey Container, Airtight Storage Jar for Honey, Sugar, Salt, Stylish Kitchen and Dining Room Decoration - PureHiveHoney","isPartOf":{"@id":"https:\/\/purehivehoney.com\/de\/#website"},"primaryImageOfPage":{"@id":"https:\/\/purehivehoney.com\/de\/product\/valiclud-glass-honey-pot-with-wooden-lid-and-honey-spoon-small-honey-container-airtight-storage-jar-for-honey-sugar-salt-stylish-kitchen-and-dining-room-decoration\/#primaryimage"},"image":{"@id":"https:\/\/purehivehoney.com\/de\/product\/valiclud-glass-honey-pot-with-wooden-lid-and-honey-spoon-small-honey-container-airtight-storage-jar-for-honey-sugar-salt-stylish-kitchen-and-dining-room-decoration\/#primaryimage"},"thumbnailUrl":"https:\/\/purehivehoney.com\/de\/wp-content\/uploads\/2026\/03\/61wMhoAGJLL._AC_SL1500_.jpg","datePublished":"2026-03-16T13:47:07+00:00","dateModified":"2026-03-16T13:47:29+00:00","description":"Entdecken Sie hochwertigen Rohhonig, Bio Honig, Manuka Honig und nat\u00fcrliche Bienenprodukte. PureHiveHoney hilft Ihnen dabei, sorgf\u00e4ltig ausgew\u00e4hlte Honigsorten mit nat\u00fcrlicher Qualit\u00e4t und Reinheit zu entdecken.","breadcrumb":{"@id":"https:\/\/purehivehoney.com\/de\/product\/valiclud-glass-honey-pot-with-wooden-lid-and-honey-spoon-small-honey-container-airtight-storage-jar-for-honey-sugar-salt-stylish-kitchen-and-dining-room-decoration\/#breadcrumb"},"inLanguage":"de","potentialAction":[{"@type":"ReadAction","target":["https:\/\/purehivehoney.com\/de\/product\/valiclud-glass-honey-pot-with-wooden-lid-and-honey-spoon-small-honey-container-airtight-storage-jar-for-honey-sugar-salt-stylish-kitchen-and-dining-room-decoration\/"]}]},{"@type":"ImageObject","inLanguage":"de","@id":"https:\/\/purehivehoney.com\/de\/product\/valiclud-glass-honey-pot-with-wooden-lid-and-honey-spoon-small-honey-container-airtight-storage-jar-for-honey-sugar-salt-stylish-kitchen-and-dining-room-decoration\/#primaryimage","url":"https:\/\/purehivehoney.com\/de\/wp-content\/uploads\/2026\/03\/61wMhoAGJLL._AC_SL1500_.jpg","contentUrl":"https:\/\/purehivehoney.com\/de\/wp-content\/uploads\/2026\/03\/61wMhoAGJLL._AC_SL1500_.jpg","width":1500,"height":1081},{"@type":"BreadcrumbList","@id":"https:\/\/purehivehoney.com\/de\/product\/valiclud-glass-honey-pot-with-wooden-lid-and-honey-spoon-small-honey-container-airtight-storage-jar-for-honey-sugar-salt-stylish-kitchen-and-dining-room-decoration\/#breadcrumb","itemListElement":[{"@type":"ListItem","position":1,"name":"Home","item":"https:\/\/purehivehoney.com\/de\/"},{"@type":"ListItem","position":2,"name":"Shop","item":"https:\/\/purehivehoney.com\/de\/shop\/"},{"@type":"ListItem","position":3,"name":"VALICLUD Glass Honey Pot with Woode..."}]},{"@type":"WebSite","@id":"https:\/\/purehivehoney.com\/de\/#website","url":"https:\/\/purehivehoney.com\/de\/","name":"PureHiveHoney","description":"Reiner Honig &amp; Bienenprodukte Online | Rohhonig, Bio Honig &amp; Spezialhonig","publisher":{"@id":"https:\/\/purehivehoney.com\/de\/#organization"},"potentialAction":[{"@type":"SearchAction","target":{"@type":"EntryPoint","urlTemplate":"https:\/\/purehivehoney.com\/de\/?s={search_term_string}"},"query-input":{"@type":"PropertyValueSpecification","valueRequired":true,"valueName":"search_term_string"}}],"inLanguage":"de"},{"@type":"Organization","@id":"https:\/\/purehivehoney.com\/de\/#organization","name":"PureHiveHoney","url":"https:\/\/purehivehoney.com\/de\/","logo":{"@type":"ImageObject","inLanguage":"de","@id":"https:\/\/purehivehoney.com\/de\/#\/schema\/logo\/image\/","url":"https:\/\/purehivehoney.com\/de\/wp-content\/uploads\/2026\/03\/Screenshot-2026-03-16-at-1.06.01-AM.png","contentUrl":"https:\/\/purehivehoney.com\/de\/wp-content\/uploads\/2026\/03\/Screenshot-2026-03-16-at-1.06.01-AM.png","width":2112,"height":1086,"caption":"PureHiveHoney"},"image":{"@id":"https:\/\/purehivehoney.com\/de\/#\/schema\/logo\/image\/"}}]}},"_links":{"self":[{"href":"https:\/\/purehivehoney.com\/de\/wp-json\/wp\/v2\/product\/1643","targetHints":{"allow":["GET"]}}],"collection":[{"href":"https:\/\/purehivehoney.com\/de\/wp-json\/wp\/v2\/product"}],"about":[{"href":"https:\/\/purehivehoney.com\/de\/wp-json\/wp\/v2\/types\/product"}],"replies":[{"embeddable":true,"href":"https:\/\/purehivehoney.com\/de\/wp-json\/wp\/v2\/comments?post=1643"}],"wp:featuredmedia":[{"embeddable":true,"href":"https:\/\/purehivehoney.com\/de\/wp-json\/wp\/v2\/media\/1644"}],"wp:attachment":[{"href":"https:\/\/purehivehoney.com\/de\/wp-json\/wp\/v2\/media?parent=1643"}],"wp:term":[{"taxonomy":"store","embeddable":true,"href":"https:\/\/purehivehoney.com\/de\/wp-json\/wp\/v2\/store?post=1643"},{"taxonomy":"product_brand","embeddable":true,"href":"https:\/\/purehivehoney.com\/de\/wp-json\/wp\/v2\/product_brand?post=1643"},{"taxonomy":"product_cat","embeddable":true,"href":"https:\/\/purehivehoney.com\/de\/wp-json\/wp\/v2\/product_cat?post=1643"},{"taxonomy":"product_tag","embeddable":true,"href":"https:\/\/purehivehoney.com\/de\/wp-json\/wp\/v2\/product_tag?post=1643"}],"curies":[{"name":"wp","href":"https:\/\/api.w.org\/{rel}","templated":true}]}}