{"id":1611,"date":"2026-03-16T13:04:34","date_gmt":"2026-03-16T13:04:34","guid":{"rendered":"https:\/\/purehivehoney.com\/de\/product\/100-organic-hand-poured-beeswax-70g-each-premium-quality-cosmetic-grade-triple-filtered-bees-wax\/"},"modified":"2026-03-16T13:04:37","modified_gmt":"2026-03-16T13:04:37","slug":"100-organic-hand-poured-beeswax-70g-each-premium-quality-cosmetic-grade-triple-filtered-bees-wax","status":"publish","type":"product","link":"https:\/\/purehivehoney.com\/de\/product\/100-organic-hand-poured-beeswax-70g-each-premium-quality-cosmetic-grade-triple-filtered-bees-wax\/","title":{"rendered":"100% ORGANIC Hand Poured Beeswax &#..."},"content":{"rendered":"<p>    <span>These gold Meden beeswax sticks are carefully hand poured using triple filtered beeswax extracted from our beekeeping. We do not spray or use any type of pesticide near our bees and these bars meet the standards of beeswax. This is a high quality beeswax available anywhere. These bars have a wonderful smell and texture and are perfect for candles, soap, lip balm, skin care products, body lotions, cosmetics, arts &#038; crafts, and hundreds of other uses. We supply our wax to many satisfied customers. Ideal for smaller jobs where you don&#8217;t need a large wax block. Original from Bulgaria<\/span>    <br \/>Ideal for body lotion, lip balm, skin care products, crafts and hobbies<br \/>1 latch &#8211; each approx. 70g Ideal for smaller jobs<br \/>Cosmetic safe and tested. Collected from unsprayed and unfertilised fields<br \/>Triple filtered high quality beeswax available<br \/>High quality pure beeswax from Bulgaria<\/p>\n\n","protected":false},"excerpt":{"rendered":"<p>These gold Meden beeswax sticks are carefully hand poured using triple filtered beeswax extracted from our beekeeping. We do not spray or use any type of pesticide near our bees and these bars meet the standards of beeswax. This is a high quality beeswax available anywhere. These bars have a wonderful smell and texture and [&hellip;]<\/p>\n","protected":false},"featured_media":1612,"comment_status":"open","ping_status":"closed","template":"","meta":{"_aipt_faq_data":""},"store":[],"product_brand":[],"product_cat":[67],"product_tag":[193],"class_list":{"0":"post-1611","1":"product","2":"type-product","3":"status-publish","4":"has-post-thumbnail","6":"product_cat-bienenwachs","7":"product_tag-bienenwachs-fuer-kosmetik","9":"first","10":"instock","11":"shipping-taxable","12":"product-type-external"},"yoast_head":"<!-- This site is optimized with the Yoast SEO plugin v27.4 - https:\/\/yoast.com\/product\/yoast-seo-wordpress\/ -->\n<title>100% ORGANIC Hand Poured Beeswax - 70g each - Premium Quality, Cosmetic Grade, Triple Filtered Bees Wax - PureHiveHoney<\/title>\n<meta name=\"description\" content=\"Entdecken Sie hochwertigen Rohhonig, Bio Honig, Manuka Honig und nat\u00fcrliche Bienenprodukte. PureHiveHoney hilft Ihnen dabei, sorgf\u00e4ltig ausgew\u00e4hlte Honigsorten mit nat\u00fcrlicher Qualit\u00e4t und Reinheit zu entdecken.\" \/>\n<meta name=\"robots\" content=\"index, follow, max-snippet:-1, max-image-preview:large, max-video-preview:-1\" \/>\n<link rel=\"canonical\" href=\"https:\/\/purehivehoney.com\/de\/product\/100-organic-hand-poured-beeswax-70g-each-premium-quality-cosmetic-grade-triple-filtered-bees-wax\/\" \/>\n<meta property=\"og:locale\" content=\"de_DE\" \/>\n<meta property=\"og:type\" content=\"article\" \/>\n<meta property=\"og:title\" content=\"100% ORGANIC Hand Poured Beeswax - 70g each - Premium Quality, Cosmetic Grade, Triple Filtered Bees Wax - PureHiveHoney\" \/>\n<meta property=\"og:description\" content=\"Entdecken Sie hochwertigen Rohhonig, Bio Honig, Manuka Honig und nat\u00fcrliche Bienenprodukte. PureHiveHoney hilft Ihnen dabei, sorgf\u00e4ltig ausgew\u00e4hlte Honigsorten mit nat\u00fcrlicher Qualit\u00e4t und Reinheit zu entdecken.\" \/>\n<meta property=\"og:url\" content=\"https:\/\/purehivehoney.com\/de\/product\/100-organic-hand-poured-beeswax-70g-each-premium-quality-cosmetic-grade-triple-filtered-bees-wax\/\" \/>\n<meta property=\"og:site_name\" content=\"PureHiveHoney\" \/>\n<meta property=\"article:modified_time\" content=\"2026-03-16T13:04:37+00:00\" \/>\n<meta name=\"twitter:card\" content=\"summary_large_image\" \/>\n<meta name=\"twitter:label1\" content=\"Gesch\u00e4tzte Lesezeit\" \/>\n\t<meta name=\"twitter:data1\" content=\"1\u00a0Minute\" \/>\n<script type=\"application\/ld+json\" class=\"yoast-schema-graph\">{\"@context\":\"https:\\\/\\\/schema.org\",\"@graph\":[{\"@type\":\"WebPage\",\"@id\":\"https:\\\/\\\/purehivehoney.com\\\/de\\\/product\\\/100-organic-hand-poured-beeswax-70g-each-premium-quality-cosmetic-grade-triple-filtered-bees-wax\\\/\",\"url\":\"https:\\\/\\\/purehivehoney.com\\\/de\\\/product\\\/100-organic-hand-poured-beeswax-70g-each-premium-quality-cosmetic-grade-triple-filtered-bees-wax\\\/\",\"name\":\"100% ORGANIC Hand Poured Beeswax - 70g each - Premium Quality, Cosmetic Grade, Triple Filtered Bees Wax - PureHiveHoney\",\"isPartOf\":{\"@id\":\"https:\\\/\\\/purehivehoney.com\\\/de\\\/#website\"},\"primaryImageOfPage\":{\"@id\":\"https:\\\/\\\/purehivehoney.com\\\/de\\\/product\\\/100-organic-hand-poured-beeswax-70g-each-premium-quality-cosmetic-grade-triple-filtered-bees-wax\\\/#primaryimage\"},\"image\":{\"@id\":\"https:\\\/\\\/purehivehoney.com\\\/de\\\/product\\\/100-organic-hand-poured-beeswax-70g-each-premium-quality-cosmetic-grade-triple-filtered-bees-wax\\\/#primaryimage\"},\"thumbnailUrl\":\"https:\\\/\\\/purehivehoney.com\\\/de\\\/wp-content\\\/uploads\\\/2026\\\/03\\\/71uPPCpaXIL._AC_SL1500_.jpg\",\"datePublished\":\"2026-03-16T13:04:34+00:00\",\"dateModified\":\"2026-03-16T13:04:37+00:00\",\"description\":\"Entdecken Sie hochwertigen Rohhonig, Bio Honig, Manuka Honig und nat\u00fcrliche Bienenprodukte. PureHiveHoney hilft Ihnen dabei, sorgf\u00e4ltig ausgew\u00e4hlte Honigsorten mit nat\u00fcrlicher Qualit\u00e4t und Reinheit zu entdecken.\",\"breadcrumb\":{\"@id\":\"https:\\\/\\\/purehivehoney.com\\\/de\\\/product\\\/100-organic-hand-poured-beeswax-70g-each-premium-quality-cosmetic-grade-triple-filtered-bees-wax\\\/#breadcrumb\"},\"inLanguage\":\"de\",\"potentialAction\":[{\"@type\":\"ReadAction\",\"target\":[\"https:\\\/\\\/purehivehoney.com\\\/de\\\/product\\\/100-organic-hand-poured-beeswax-70g-each-premium-quality-cosmetic-grade-triple-filtered-bees-wax\\\/\"]}]},{\"@type\":\"ImageObject\",\"inLanguage\":\"de\",\"@id\":\"https:\\\/\\\/purehivehoney.com\\\/de\\\/product\\\/100-organic-hand-poured-beeswax-70g-each-premium-quality-cosmetic-grade-triple-filtered-bees-wax\\\/#primaryimage\",\"url\":\"https:\\\/\\\/purehivehoney.com\\\/de\\\/wp-content\\\/uploads\\\/2026\\\/03\\\/71uPPCpaXIL._AC_SL1500_.jpg\",\"contentUrl\":\"https:\\\/\\\/purehivehoney.com\\\/de\\\/wp-content\\\/uploads\\\/2026\\\/03\\\/71uPPCpaXIL._AC_SL1500_.jpg\",\"width\":1500,\"height\":868},{\"@type\":\"BreadcrumbList\",\"@id\":\"https:\\\/\\\/purehivehoney.com\\\/de\\\/product\\\/100-organic-hand-poured-beeswax-70g-each-premium-quality-cosmetic-grade-triple-filtered-bees-wax\\\/#breadcrumb\",\"itemListElement\":[{\"@type\":\"ListItem\",\"position\":1,\"name\":\"Home\",\"item\":\"https:\\\/\\\/purehivehoney.com\\\/de\\\/\"},{\"@type\":\"ListItem\",\"position\":2,\"name\":\"Shop\",\"item\":\"https:\\\/\\\/purehivehoney.com\\\/de\\\/shop\\\/\"},{\"@type\":\"ListItem\",\"position\":3,\"name\":\"100% ORGANIC Hand Poured Beeswax &#...\"}]},{\"@type\":\"WebSite\",\"@id\":\"https:\\\/\\\/purehivehoney.com\\\/de\\\/#website\",\"url\":\"https:\\\/\\\/purehivehoney.com\\\/de\\\/\",\"name\":\"PureHiveHoney\",\"description\":\"Reiner Honig &amp; Bienenprodukte Online | Rohhonig, Bio Honig &amp; Spezialhonig\",\"publisher\":{\"@id\":\"https:\\\/\\\/purehivehoney.com\\\/de\\\/#organization\"},\"potentialAction\":[{\"@type\":\"SearchAction\",\"target\":{\"@type\":\"EntryPoint\",\"urlTemplate\":\"https:\\\/\\\/purehivehoney.com\\\/de\\\/?s={search_term_string}\"},\"query-input\":{\"@type\":\"PropertyValueSpecification\",\"valueRequired\":true,\"valueName\":\"search_term_string\"}}],\"inLanguage\":\"de\"},{\"@type\":\"Organization\",\"@id\":\"https:\\\/\\\/purehivehoney.com\\\/de\\\/#organization\",\"name\":\"PureHiveHoney\",\"url\":\"https:\\\/\\\/purehivehoney.com\\\/de\\\/\",\"logo\":{\"@type\":\"ImageObject\",\"inLanguage\":\"de\",\"@id\":\"https:\\\/\\\/purehivehoney.com\\\/de\\\/#\\\/schema\\\/logo\\\/image\\\/\",\"url\":\"https:\\\/\\\/purehivehoney.com\\\/de\\\/wp-content\\\/uploads\\\/2026\\\/03\\\/Screenshot-2026-03-16-at-1.06.01-AM.png\",\"contentUrl\":\"https:\\\/\\\/purehivehoney.com\\\/de\\\/wp-content\\\/uploads\\\/2026\\\/03\\\/Screenshot-2026-03-16-at-1.06.01-AM.png\",\"width\":2112,\"height\":1086,\"caption\":\"PureHiveHoney\"},\"image\":{\"@id\":\"https:\\\/\\\/purehivehoney.com\\\/de\\\/#\\\/schema\\\/logo\\\/image\\\/\"}}]}<\/script>\n<!-- \/ Yoast SEO plugin. -->","yoast_head_json":{"title":"100% ORGANIC Hand Poured Beeswax - 70g each - Premium Quality, Cosmetic Grade, Triple Filtered Bees Wax - PureHiveHoney","description":"Entdecken Sie hochwertigen Rohhonig, Bio Honig, Manuka Honig und nat\u00fcrliche Bienenprodukte. PureHiveHoney hilft Ihnen dabei, sorgf\u00e4ltig ausgew\u00e4hlte Honigsorten mit nat\u00fcrlicher Qualit\u00e4t und Reinheit zu entdecken.","robots":{"index":"index","follow":"follow","max-snippet":"max-snippet:-1","max-image-preview":"max-image-preview:large","max-video-preview":"max-video-preview:-1"},"canonical":"https:\/\/purehivehoney.com\/de\/product\/100-organic-hand-poured-beeswax-70g-each-premium-quality-cosmetic-grade-triple-filtered-bees-wax\/","og_locale":"de_DE","og_type":"article","og_title":"100% ORGANIC Hand Poured Beeswax - 70g each - Premium Quality, Cosmetic Grade, Triple Filtered Bees Wax - PureHiveHoney","og_description":"Entdecken Sie hochwertigen Rohhonig, Bio Honig, Manuka Honig und nat\u00fcrliche Bienenprodukte. PureHiveHoney hilft Ihnen dabei, sorgf\u00e4ltig ausgew\u00e4hlte Honigsorten mit nat\u00fcrlicher Qualit\u00e4t und Reinheit zu entdecken.","og_url":"https:\/\/purehivehoney.com\/de\/product\/100-organic-hand-poured-beeswax-70g-each-premium-quality-cosmetic-grade-triple-filtered-bees-wax\/","og_site_name":"PureHiveHoney","article_modified_time":"2026-03-16T13:04:37+00:00","twitter_card":"summary_large_image","twitter_misc":{"Gesch\u00e4tzte Lesezeit":"1\u00a0Minute"},"schema":{"@context":"https:\/\/schema.org","@graph":[{"@type":"WebPage","@id":"https:\/\/purehivehoney.com\/de\/product\/100-organic-hand-poured-beeswax-70g-each-premium-quality-cosmetic-grade-triple-filtered-bees-wax\/","url":"https:\/\/purehivehoney.com\/de\/product\/100-organic-hand-poured-beeswax-70g-each-premium-quality-cosmetic-grade-triple-filtered-bees-wax\/","name":"100% ORGANIC Hand Poured Beeswax - 70g each - Premium Quality, Cosmetic Grade, Triple Filtered Bees Wax - PureHiveHoney","isPartOf":{"@id":"https:\/\/purehivehoney.com\/de\/#website"},"primaryImageOfPage":{"@id":"https:\/\/purehivehoney.com\/de\/product\/100-organic-hand-poured-beeswax-70g-each-premium-quality-cosmetic-grade-triple-filtered-bees-wax\/#primaryimage"},"image":{"@id":"https:\/\/purehivehoney.com\/de\/product\/100-organic-hand-poured-beeswax-70g-each-premium-quality-cosmetic-grade-triple-filtered-bees-wax\/#primaryimage"},"thumbnailUrl":"https:\/\/purehivehoney.com\/de\/wp-content\/uploads\/2026\/03\/71uPPCpaXIL._AC_SL1500_.jpg","datePublished":"2026-03-16T13:04:34+00:00","dateModified":"2026-03-16T13:04:37+00:00","description":"Entdecken Sie hochwertigen Rohhonig, Bio Honig, Manuka Honig und nat\u00fcrliche Bienenprodukte. PureHiveHoney hilft Ihnen dabei, sorgf\u00e4ltig ausgew\u00e4hlte Honigsorten mit nat\u00fcrlicher Qualit\u00e4t und Reinheit zu entdecken.","breadcrumb":{"@id":"https:\/\/purehivehoney.com\/de\/product\/100-organic-hand-poured-beeswax-70g-each-premium-quality-cosmetic-grade-triple-filtered-bees-wax\/#breadcrumb"},"inLanguage":"de","potentialAction":[{"@type":"ReadAction","target":["https:\/\/purehivehoney.com\/de\/product\/100-organic-hand-poured-beeswax-70g-each-premium-quality-cosmetic-grade-triple-filtered-bees-wax\/"]}]},{"@type":"ImageObject","inLanguage":"de","@id":"https:\/\/purehivehoney.com\/de\/product\/100-organic-hand-poured-beeswax-70g-each-premium-quality-cosmetic-grade-triple-filtered-bees-wax\/#primaryimage","url":"https:\/\/purehivehoney.com\/de\/wp-content\/uploads\/2026\/03\/71uPPCpaXIL._AC_SL1500_.jpg","contentUrl":"https:\/\/purehivehoney.com\/de\/wp-content\/uploads\/2026\/03\/71uPPCpaXIL._AC_SL1500_.jpg","width":1500,"height":868},{"@type":"BreadcrumbList","@id":"https:\/\/purehivehoney.com\/de\/product\/100-organic-hand-poured-beeswax-70g-each-premium-quality-cosmetic-grade-triple-filtered-bees-wax\/#breadcrumb","itemListElement":[{"@type":"ListItem","position":1,"name":"Home","item":"https:\/\/purehivehoney.com\/de\/"},{"@type":"ListItem","position":2,"name":"Shop","item":"https:\/\/purehivehoney.com\/de\/shop\/"},{"@type":"ListItem","position":3,"name":"100% ORGANIC Hand Poured Beeswax &#..."}]},{"@type":"WebSite","@id":"https:\/\/purehivehoney.com\/de\/#website","url":"https:\/\/purehivehoney.com\/de\/","name":"PureHiveHoney","description":"Reiner Honig &amp; Bienenprodukte Online | Rohhonig, Bio Honig &amp; Spezialhonig","publisher":{"@id":"https:\/\/purehivehoney.com\/de\/#organization"},"potentialAction":[{"@type":"SearchAction","target":{"@type":"EntryPoint","urlTemplate":"https:\/\/purehivehoney.com\/de\/?s={search_term_string}"},"query-input":{"@type":"PropertyValueSpecification","valueRequired":true,"valueName":"search_term_string"}}],"inLanguage":"de"},{"@type":"Organization","@id":"https:\/\/purehivehoney.com\/de\/#organization","name":"PureHiveHoney","url":"https:\/\/purehivehoney.com\/de\/","logo":{"@type":"ImageObject","inLanguage":"de","@id":"https:\/\/purehivehoney.com\/de\/#\/schema\/logo\/image\/","url":"https:\/\/purehivehoney.com\/de\/wp-content\/uploads\/2026\/03\/Screenshot-2026-03-16-at-1.06.01-AM.png","contentUrl":"https:\/\/purehivehoney.com\/de\/wp-content\/uploads\/2026\/03\/Screenshot-2026-03-16-at-1.06.01-AM.png","width":2112,"height":1086,"caption":"PureHiveHoney"},"image":{"@id":"https:\/\/purehivehoney.com\/de\/#\/schema\/logo\/image\/"}}]}},"_links":{"self":[{"href":"https:\/\/purehivehoney.com\/de\/wp-json\/wp\/v2\/product\/1611","targetHints":{"allow":["GET"]}}],"collection":[{"href":"https:\/\/purehivehoney.com\/de\/wp-json\/wp\/v2\/product"}],"about":[{"href":"https:\/\/purehivehoney.com\/de\/wp-json\/wp\/v2\/types\/product"}],"replies":[{"embeddable":true,"href":"https:\/\/purehivehoney.com\/de\/wp-json\/wp\/v2\/comments?post=1611"}],"wp:featuredmedia":[{"embeddable":true,"href":"https:\/\/purehivehoney.com\/de\/wp-json\/wp\/v2\/media\/1612"}],"wp:attachment":[{"href":"https:\/\/purehivehoney.com\/de\/wp-json\/wp\/v2\/media?parent=1611"}],"wp:term":[{"taxonomy":"store","embeddable":true,"href":"https:\/\/purehivehoney.com\/de\/wp-json\/wp\/v2\/store?post=1611"},{"taxonomy":"product_brand","embeddable":true,"href":"https:\/\/purehivehoney.com\/de\/wp-json\/wp\/v2\/product_brand?post=1611"},{"taxonomy":"product_cat","embeddable":true,"href":"https:\/\/purehivehoney.com\/de\/wp-json\/wp\/v2\/product_cat?post=1611"},{"taxonomy":"product_tag","embeddable":true,"href":"https:\/\/purehivehoney.com\/de\/wp-json\/wp\/v2\/product_tag?post=1611"}],"curies":[{"name":"wp","href":"https:\/\/api.w.org\/{rel}","templated":true}]}}