{"id":159,"date":"2026-03-15T19:58:25","date_gmt":"2026-03-15T19:58:25","guid":{"rendered":"https:\/\/purehivehoney.com\/de\/product\/orion-glass-dispenser-for-honey-syrup-honey-dispenser-with-base-storage-stand\/"},"modified":"2026-03-15T19:58:33","modified_gmt":"2026-03-15T19:58:33","slug":"orion-glass-dispenser-for-honey-syrup-honey-dispenser-with-base-storage-stand","status":"publish","type":"product","link":"https:\/\/purehivehoney.com\/de\/product\/orion-glass-dispenser-for-honey-syrup-honey-dispenser-with-base-storage-stand\/","title":{"rendered":"Orion Glass Dispenser for Honey Syr..."},"content":{"rendered":"<p>                                             Product Description   <\/p>\n<p>                                                                                                       <img decoding=\"async\" alt=\"K\u00fcchenorganisationsset mit einem gro\u00dfen Glasgef\u00e4\u00df mit Obst und Gem\u00fcse, einem Kuchengitter, lila Schneidebrettern und Zitrusfr\u00fcchten. Text auf Deutsch erw\u00e4hnt eine funktionale K\u00fcche und ein perfekt organisiertes Zuhause.\" src=\"https:\/\/images-na.ssl-images-amazon.com\/images\/G\/01\/x-locale\/common\/grey-pixel.gif\" class=\"a-lazy-loaded\" data-src=\"https:\/\/m.media-amazon.com\/images\/S\/aplus-media-library-service-media\/2737fac3-c316-46d3-a2c4-efdf1752a48e.__CR0,0,1464,600_PT0_SX1464_V1___.jpg\"><img decoding=\"async\" alt=\"K\u00fcchenorganisationsset mit einem gro\u00dfen Glasgef\u00e4\u00df mit Obst und Gem\u00fcse, einem Kuchengitter, lila Schneidebrettern und Zitrusfr\u00fcchten. Text auf Deutsch erw\u00e4hnt eine funktionale K\u00fcche und ein perfekt organisiertes Zuhause.\" src=\"https:\/\/m.media-amazon.com\/images\/S\/aplus-media-library-service-media\/2737fac3-c316-46d3-a2c4-efdf1752a48e.__CR0,0,1464,600_PT0_SX1464_V1___.jpg\">                                               <\/p>\n<p>                                                                                                       <img decoding=\"async\" alt=\"K\u00fcchenutensilien auf dunkler Oberfl\u00e4che: schwarze Pfanne mit Spiegelei, Spatel mit Tomatensauce und Orangenscheiben. Deutscher Text \u00fcber die K\u00fcche als Herzst\u00fcck des Hauses\" src=\"https:\/\/images-na.ssl-images-amazon.com\/images\/G\/01\/x-locale\/common\/grey-pixel.gif\" class=\"a-lazy-loaded\" data-src=\"https:\/\/m.media-amazon.com\/images\/S\/aplus-media-library-service-media\/47fd9f11-ebf8-4b92-97e8-576bdb81ebf7.__CR0,0,1464,600_PT0_SX1464_V1___.jpg\"><img decoding=\"async\" alt=\"K\u00fcchenutensilien auf dunkler Oberfl\u00e4che: schwarze Pfanne mit Spiegelei, Spatel mit Tomatensauce und Orangenscheiben. Deutscher Text \u00fcber die K\u00fcche als Herzst\u00fcck des Hauses\" src=\"https:\/\/m.media-amazon.com\/images\/S\/aplus-media-library-service-media\/47fd9f11-ebf8-4b92-97e8-576bdb81ebf7.__CR0,0,1464,600_PT0_SX1464_V1___.jpg\">                                               <\/p>\n<p>                                                                                                       <img decoding=\"async\" alt=\"Antihaftbeschichtete Pfanne mit gebratenen H\u00e4hnchenschenkeln, Gem\u00fcse in einer Auflaufform. Text auf Deutsch \u00fcber hochwertiges Kochgeschirr\" src=\"https:\/\/images-na.ssl-images-amazon.com\/images\/G\/01\/x-locale\/common\/grey-pixel.gif\" class=\"a-lazy-loaded\" data-src=\"https:\/\/m.media-amazon.com\/images\/S\/aplus-media-library-service-media\/91e52838-84c7-4238-b691-bc7abe48203e.__CR0,0,1464,600_PT0_SX1464_V1___.jpg\"><img decoding=\"async\" alt=\"Antihaftbeschichtete Pfanne mit gebratenen H\u00e4hnchenschenkeln, Gem\u00fcse in einer Auflaufform. Text auf Deutsch \u00fcber hochwertiges Kochgeschirr\" src=\"https:\/\/m.media-amazon.com\/images\/S\/aplus-media-library-service-media\/91e52838-84c7-4238-b691-bc7abe48203e.__CR0,0,1464,600_PT0_SX1464_V1___.jpg\">                                               <\/p>\n<p>                                                                                                       <img decoding=\"async\" alt=\"Stapelbare Frischhaltebeh\u00e4lter aus durchsichtigem Kunststoff mit farbenfrohen Deckeln mit Tiermotiven. Die abgebildeten Beh\u00e4lter enthalten verschiedene Lebensmittel wie Reis\" src=\"https:\/\/images-na.ssl-images-amazon.com\/images\/G\/01\/x-locale\/common\/grey-pixel.gif\" class=\"a-lazy-loaded\" data-src=\"https:\/\/m.media-amazon.com\/images\/S\/aplus-media-library-service-media\/0cf73e5b-a67f-494e-9db3-49fe7c73f1fd.__CR0,0,1464,600_PT0_SX1464_V1___.jpg\"><img decoding=\"async\" alt=\"Stapelbare Frischhaltebeh\u00e4lter aus durchsichtigem Kunststoff mit farbenfrohen Deckeln mit Tiermotiven. Die abgebildeten Beh\u00e4lter enthalten verschiedene Lebensmittel wie Reis\" src=\"https:\/\/m.media-amazon.com\/images\/S\/aplus-media-library-service-media\/0cf73e5b-a67f-494e-9db3-49fe7c73f1fd.__CR0,0,1464,600_PT0_SX1464_V1___.jpg\">                                               <\/p>\n<p>                                                                                                       <img decoding=\"async\" alt=\"Offene K\u00fcchenschublade mit erweiterbarem Besteckfach. Graue Kunststoffschale mit F\u00e4chern f\u00fcr Utensilien, einschlie\u00dflich Steckpl\u00e4tzen f\u00fcr Messer, Gabeln, L\u00f6ffel und\" src=\"https:\/\/images-na.ssl-images-amazon.com\/images\/G\/01\/x-locale\/common\/grey-pixel.gif\" class=\"a-lazy-loaded\" data-src=\"https:\/\/m.media-amazon.com\/images\/S\/aplus-media-library-service-media\/ee2841a8-18e2-4a32-9e30-7cf2ea27b941.__CR0,0,1464,600_PT0_SX1464_V1___.jpg\"><img decoding=\"async\" alt=\"Offene K\u00fcchenschublade mit erweiterbarem Besteckfach. Graue Kunststoffschale mit F\u00e4chern f\u00fcr Utensilien, einschlie\u00dflich Steckpl\u00e4tzen f\u00fcr Messer, Gabeln, L\u00f6ffel und\" src=\"https:\/\/m.media-amazon.com\/images\/S\/aplus-media-library-service-media\/ee2841a8-18e2-4a32-9e30-7cf2ea27b941.__CR0,0,1464,600_PT0_SX1464_V1___.jpg\">                                               <\/p>\n<p>                                                                                                       <img decoding=\"async\" alt=\"Zitruspresse aus Edelstahl mit Hebelgriff, umgeben von ganzen und halbierten Orangen und Zitronen auf einer rosafarbenen Oberfl\u00e4che. Blaues Textfeld\" src=\"https:\/\/images-na.ssl-images-amazon.com\/images\/G\/01\/x-locale\/common\/grey-pixel.gif\" class=\"a-lazy-loaded\" data-src=\"https:\/\/m.media-amazon.com\/images\/S\/aplus-media-library-service-media\/8888965e-0267-4c2c-bb12-2f424893931a.__CR0,0,1464,600_PT0_SX1464_V1___.jpg\"><img decoding=\"async\" alt=\"Zitruspresse aus Edelstahl mit Hebelgriff, umgeben von ganzen und halbierten Orangen und Zitronen auf einer rosafarbenen Oberfl\u00e4che. Blaues Textfeld\" src=\"https:\/\/m.media-amazon.com\/images\/S\/aplus-media-library-service-media\/8888965e-0267-4c2c-bb12-2f424893931a.__CR0,0,1464,600_PT0_SX1464_V1___.jpg\">                                               <\/p>\n<h3 class=\"a-text-center aplus-h1 a-text-bold\"> . <\/h3>\n<p>                                     Customer Reviews  <\/p>\n<p>                    4.5 out of 5 stars  186  <\/p>\n<p>                    4.4 out of 5 stars  477  <\/p>\n<p>                    4.4 out of 5 stars  123  <\/p>\n<p>                    4.5 out of 5 stars  57  <\/p>\n<p>                    4.2 out of 5 stars  77  <\/p>\n<p>                    4.5 out of 5 stars  2  <\/p>\n<p>                    4.6 out of 5 stars  623  <\/p>\n<p>                                     Produkttyp  <\/p>\n<p>                                                Zuckerdose    <\/p>\n<p>                                                Thermosch\u00fcsse    <\/p>\n<p>                                                Thermosch\u00fcsse    <\/p>\n<p>                                                G\u00e4rk\u00f6rbchen    <\/p>\n<p>                                                Teigsch\u00fcssel    <\/p>\n<p>                                                Gew\u00fcrzst\u00e4nder    <\/p>\n<p>                                                Augenpfanne    <\/p>\n<p>                                     Farbe  <\/p>\n<p>                                                Wei\u00df    <\/p>\n<p>                                                Gr\u00fcn    <\/p>\n<p>                                                Beige    <\/p>\n<p>                                                blassgelb    <\/p>\n<p>                                                Gelb    <\/p>\n<p>                                                Wei\u00df    <\/p>\n<p>                                                Dunkel    <\/p>\n<p>                                     F\u00fcr  <\/p>\n<p>                                                K\u00fcche, Wohnzimmer, Garten    <\/p>\n<p>                                                K\u00fcche, Garten    <\/p>\n<p>                                                K\u00fcche, Garten    <\/p>\n<p>                                                K\u00fcche, Wohnzimmer, Garten    <\/p>\n<p>                                                K\u00fcche, Wohnzimmer, Garten    <\/p>\n<p>                                                K\u00fcche, Wohnzimmer    <\/p>\n<p>                                                K\u00fcche    <\/p>\n<p>                                     Material  <\/p>\n<p>                                                Porzellan    <\/p>\n<p>                                                Edelstahl gefertigt    <\/p>\n<p>                                                Edelstahl gefertigt    <\/p>\n<p>                                                nat\u00fcrliches Rattan    <\/p>\n<p>                                                Kunststoff    <\/p>\n<p>                                                Porzellan    <\/p>\n<p>                                                K\u00fcche    <\/p>\n<p>                                     Ma\u00dfe  <\/p>\n<p>                                                \u00f8 10 cm    <\/p>\n<p>                                                30&#215;20 cm    <\/p>\n<p>                                                25&#215;15 cm    <\/p>\n<p>                                                28 x 22 x 9 cm    <\/p>\n<p>                                                \u00f8 25 cm    <\/p>\n<p>                                                10,5 x 7 x 4 cm    <\/p>\n<p>                                                \u00f8 27 cm    <\/p>\n<p>High-quality honey dispenser, made of high-quality glass, consists of container and coaster.<br \/>Perfect dispensing of appropriate amount of honey for tea, candy, etc.<br \/>Also suitable for syrups, e.g. Maple syrup.<br \/>Thanks to its elegant appearance, it can also be used as a table decoration.<br \/>Material: glass, plastic; dimensions: diameter 8.3 cm, height 15.5 cm, width 11 cm, volume: 0.25 litres<\/p>\n\n","protected":false},"excerpt":{"rendered":"<p>Product Description . Customer Reviews 4.5 out of 5 stars 186 4.4 out of 5 stars 477 4.4 out of 5 stars 123 4.5 out of 5 stars 57 4.2 out of 5 stars 77 4.5 out of 5 stars 2 4.6 out of 5 stars 623 Produkttyp Zuckerdose Thermosch\u00fcsse Thermosch\u00fcsse G\u00e4rk\u00f6rbchen Teigsch\u00fcssel Gew\u00fcrzst\u00e4nder Augenpfanne [&hellip;]<\/p>\n","protected":false},"featured_media":160,"comment_status":"open","ping_status":"closed","template":"","meta":{"_aipt_faq_data":""},"store":[],"product_brand":[82],"product_cat":[75],"product_tag":[81],"class_list":{"0":"post-159","1":"product","2":"type-product","3":"status-publish","4":"has-post-thumbnail","6":"product_brand-orion-group","7":"product_cat-honigspender","8":"product_tag-honigspender-aus-glas","10":"first","11":"instock","12":"sale","13":"shipping-taxable","14":"product-type-external"},"yoast_head":"<!-- This site is optimized with the Yoast SEO plugin v27.4 - https:\/\/yoast.com\/product\/yoast-seo-wordpress\/ -->\n<title>Orion Glass Dispenser for Honey Syrup Honey Dispenser with Base Storage Stand - PureHiveHoney<\/title>\n<meta name=\"description\" content=\"Entdecken Sie hochwertigen Rohhonig, Bio Honig, Manuka Honig und nat\u00fcrliche Bienenprodukte. PureHiveHoney hilft Ihnen dabei, sorgf\u00e4ltig ausgew\u00e4hlte Honigsorten mit nat\u00fcrlicher Qualit\u00e4t und Reinheit zu entdecken.\" \/>\n<meta name=\"robots\" content=\"index, follow, max-snippet:-1, max-image-preview:large, max-video-preview:-1\" \/>\n<link rel=\"canonical\" href=\"https:\/\/purehivehoney.com\/de\/product\/orion-glass-dispenser-for-honey-syrup-honey-dispenser-with-base-storage-stand\/\" \/>\n<meta property=\"og:locale\" content=\"de_DE\" \/>\n<meta property=\"og:type\" content=\"article\" \/>\n<meta property=\"og:title\" content=\"Orion Glass Dispenser for Honey Syrup Honey Dispenser with Base Storage Stand - PureHiveHoney\" \/>\n<meta property=\"og:description\" content=\"Entdecken Sie hochwertigen Rohhonig, Bio Honig, Manuka Honig und nat\u00fcrliche Bienenprodukte. PureHiveHoney hilft Ihnen dabei, sorgf\u00e4ltig ausgew\u00e4hlte Honigsorten mit nat\u00fcrlicher Qualit\u00e4t und Reinheit zu entdecken.\" \/>\n<meta property=\"og:url\" content=\"https:\/\/purehivehoney.com\/de\/product\/orion-glass-dispenser-for-honey-syrup-honey-dispenser-with-base-storage-stand\/\" \/>\n<meta property=\"og:site_name\" content=\"PureHiveHoney\" \/>\n<meta property=\"article:modified_time\" content=\"2026-03-15T19:58:33+00:00\" \/>\n<meta property=\"og:image\" content=\"https:\/\/images-na.ssl-images-amazon.com\/images\/G\/01\/x-locale\/common\/grey-pixel.gif\" \/>\n<meta name=\"twitter:card\" content=\"summary_large_image\" \/>\n<meta name=\"twitter:label1\" content=\"Gesch\u00e4tzte Lesezeit\" \/>\n\t<meta name=\"twitter:data1\" content=\"1\u00a0Minute\" \/>\n<script type=\"application\/ld+json\" class=\"yoast-schema-graph\">{\"@context\":\"https:\\\/\\\/schema.org\",\"@graph\":[{\"@type\":\"WebPage\",\"@id\":\"https:\\\/\\\/purehivehoney.com\\\/de\\\/product\\\/orion-glass-dispenser-for-honey-syrup-honey-dispenser-with-base-storage-stand\\\/\",\"url\":\"https:\\\/\\\/purehivehoney.com\\\/de\\\/product\\\/orion-glass-dispenser-for-honey-syrup-honey-dispenser-with-base-storage-stand\\\/\",\"name\":\"Orion Glass Dispenser for Honey Syrup Honey Dispenser with Base Storage Stand - PureHiveHoney\",\"isPartOf\":{\"@id\":\"https:\\\/\\\/purehivehoney.com\\\/de\\\/#website\"},\"primaryImageOfPage\":{\"@id\":\"https:\\\/\\\/purehivehoney.com\\\/de\\\/product\\\/orion-glass-dispenser-for-honey-syrup-honey-dispenser-with-base-storage-stand\\\/#primaryimage\"},\"image\":{\"@id\":\"https:\\\/\\\/purehivehoney.com\\\/de\\\/product\\\/orion-glass-dispenser-for-honey-syrup-honey-dispenser-with-base-storage-stand\\\/#primaryimage\"},\"thumbnailUrl\":\"https:\\\/\\\/purehivehoney.com\\\/de\\\/wp-content\\\/uploads\\\/2026\\\/03\\\/610PgsEY01L._AC_SL1001_.jpg\",\"datePublished\":\"2026-03-15T19:58:25+00:00\",\"dateModified\":\"2026-03-15T19:58:33+00:00\",\"description\":\"Entdecken Sie hochwertigen Rohhonig, Bio Honig, Manuka Honig und nat\u00fcrliche Bienenprodukte. PureHiveHoney hilft Ihnen dabei, sorgf\u00e4ltig ausgew\u00e4hlte Honigsorten mit nat\u00fcrlicher Qualit\u00e4t und Reinheit zu entdecken.\",\"breadcrumb\":{\"@id\":\"https:\\\/\\\/purehivehoney.com\\\/de\\\/product\\\/orion-glass-dispenser-for-honey-syrup-honey-dispenser-with-base-storage-stand\\\/#breadcrumb\"},\"inLanguage\":\"de\",\"potentialAction\":[{\"@type\":\"ReadAction\",\"target\":[\"https:\\\/\\\/purehivehoney.com\\\/de\\\/product\\\/orion-glass-dispenser-for-honey-syrup-honey-dispenser-with-base-storage-stand\\\/\"]}]},{\"@type\":\"ImageObject\",\"inLanguage\":\"de\",\"@id\":\"https:\\\/\\\/purehivehoney.com\\\/de\\\/product\\\/orion-glass-dispenser-for-honey-syrup-honey-dispenser-with-base-storage-stand\\\/#primaryimage\",\"url\":\"https:\\\/\\\/purehivehoney.com\\\/de\\\/wp-content\\\/uploads\\\/2026\\\/03\\\/610PgsEY01L._AC_SL1001_.jpg\",\"contentUrl\":\"https:\\\/\\\/purehivehoney.com\\\/de\\\/wp-content\\\/uploads\\\/2026\\\/03\\\/610PgsEY01L._AC_SL1001_.jpg\",\"width\":924,\"height\":918},{\"@type\":\"BreadcrumbList\",\"@id\":\"https:\\\/\\\/purehivehoney.com\\\/de\\\/product\\\/orion-glass-dispenser-for-honey-syrup-honey-dispenser-with-base-storage-stand\\\/#breadcrumb\",\"itemListElement\":[{\"@type\":\"ListItem\",\"position\":1,\"name\":\"Home\",\"item\":\"https:\\\/\\\/purehivehoney.com\\\/de\\\/\"},{\"@type\":\"ListItem\",\"position\":2,\"name\":\"Shop\",\"item\":\"https:\\\/\\\/purehivehoney.com\\\/de\\\/shop\\\/\"},{\"@type\":\"ListItem\",\"position\":3,\"name\":\"Orion Glass Dispenser for Honey Syr...\"}]},{\"@type\":\"WebSite\",\"@id\":\"https:\\\/\\\/purehivehoney.com\\\/de\\\/#website\",\"url\":\"https:\\\/\\\/purehivehoney.com\\\/de\\\/\",\"name\":\"PureHiveHoney\",\"description\":\"Reiner Honig &amp; Bienenprodukte Online | Rohhonig, Bio Honig &amp; Spezialhonig\",\"publisher\":{\"@id\":\"https:\\\/\\\/purehivehoney.com\\\/de\\\/#organization\"},\"potentialAction\":[{\"@type\":\"SearchAction\",\"target\":{\"@type\":\"EntryPoint\",\"urlTemplate\":\"https:\\\/\\\/purehivehoney.com\\\/de\\\/?s={search_term_string}\"},\"query-input\":{\"@type\":\"PropertyValueSpecification\",\"valueRequired\":true,\"valueName\":\"search_term_string\"}}],\"inLanguage\":\"de\"},{\"@type\":\"Organization\",\"@id\":\"https:\\\/\\\/purehivehoney.com\\\/de\\\/#organization\",\"name\":\"PureHiveHoney\",\"url\":\"https:\\\/\\\/purehivehoney.com\\\/de\\\/\",\"logo\":{\"@type\":\"ImageObject\",\"inLanguage\":\"de\",\"@id\":\"https:\\\/\\\/purehivehoney.com\\\/de\\\/#\\\/schema\\\/logo\\\/image\\\/\",\"url\":\"https:\\\/\\\/purehivehoney.com\\\/de\\\/wp-content\\\/uploads\\\/2026\\\/03\\\/Screenshot-2026-03-16-at-1.06.01-AM.png\",\"contentUrl\":\"https:\\\/\\\/purehivehoney.com\\\/de\\\/wp-content\\\/uploads\\\/2026\\\/03\\\/Screenshot-2026-03-16-at-1.06.01-AM.png\",\"width\":2112,\"height\":1086,\"caption\":\"PureHiveHoney\"},\"image\":{\"@id\":\"https:\\\/\\\/purehivehoney.com\\\/de\\\/#\\\/schema\\\/logo\\\/image\\\/\"}}]}<\/script>\n<!-- \/ Yoast SEO plugin. -->","yoast_head_json":{"title":"Orion Glass Dispenser for Honey Syrup Honey Dispenser with Base Storage Stand - PureHiveHoney","description":"Entdecken Sie hochwertigen Rohhonig, Bio Honig, Manuka Honig und nat\u00fcrliche Bienenprodukte. PureHiveHoney hilft Ihnen dabei, sorgf\u00e4ltig ausgew\u00e4hlte Honigsorten mit nat\u00fcrlicher Qualit\u00e4t und Reinheit zu entdecken.","robots":{"index":"index","follow":"follow","max-snippet":"max-snippet:-1","max-image-preview":"max-image-preview:large","max-video-preview":"max-video-preview:-1"},"canonical":"https:\/\/purehivehoney.com\/de\/product\/orion-glass-dispenser-for-honey-syrup-honey-dispenser-with-base-storage-stand\/","og_locale":"de_DE","og_type":"article","og_title":"Orion Glass Dispenser for Honey Syrup Honey Dispenser with Base Storage Stand - PureHiveHoney","og_description":"Entdecken Sie hochwertigen Rohhonig, Bio Honig, Manuka Honig und nat\u00fcrliche Bienenprodukte. PureHiveHoney hilft Ihnen dabei, sorgf\u00e4ltig ausgew\u00e4hlte Honigsorten mit nat\u00fcrlicher Qualit\u00e4t und Reinheit zu entdecken.","og_url":"https:\/\/purehivehoney.com\/de\/product\/orion-glass-dispenser-for-honey-syrup-honey-dispenser-with-base-storage-stand\/","og_site_name":"PureHiveHoney","article_modified_time":"2026-03-15T19:58:33+00:00","og_image":[{"url":"https:\/\/images-na.ssl-images-amazon.com\/images\/G\/01\/x-locale\/common\/grey-pixel.gif","type":"","width":"","height":""}],"twitter_card":"summary_large_image","twitter_misc":{"Gesch\u00e4tzte Lesezeit":"1\u00a0Minute"},"schema":{"@context":"https:\/\/schema.org","@graph":[{"@type":"WebPage","@id":"https:\/\/purehivehoney.com\/de\/product\/orion-glass-dispenser-for-honey-syrup-honey-dispenser-with-base-storage-stand\/","url":"https:\/\/purehivehoney.com\/de\/product\/orion-glass-dispenser-for-honey-syrup-honey-dispenser-with-base-storage-stand\/","name":"Orion Glass Dispenser for Honey Syrup Honey Dispenser with Base Storage Stand - PureHiveHoney","isPartOf":{"@id":"https:\/\/purehivehoney.com\/de\/#website"},"primaryImageOfPage":{"@id":"https:\/\/purehivehoney.com\/de\/product\/orion-glass-dispenser-for-honey-syrup-honey-dispenser-with-base-storage-stand\/#primaryimage"},"image":{"@id":"https:\/\/purehivehoney.com\/de\/product\/orion-glass-dispenser-for-honey-syrup-honey-dispenser-with-base-storage-stand\/#primaryimage"},"thumbnailUrl":"https:\/\/purehivehoney.com\/de\/wp-content\/uploads\/2026\/03\/610PgsEY01L._AC_SL1001_.jpg","datePublished":"2026-03-15T19:58:25+00:00","dateModified":"2026-03-15T19:58:33+00:00","description":"Entdecken Sie hochwertigen Rohhonig, Bio Honig, Manuka Honig und nat\u00fcrliche Bienenprodukte. PureHiveHoney hilft Ihnen dabei, sorgf\u00e4ltig ausgew\u00e4hlte Honigsorten mit nat\u00fcrlicher Qualit\u00e4t und Reinheit zu entdecken.","breadcrumb":{"@id":"https:\/\/purehivehoney.com\/de\/product\/orion-glass-dispenser-for-honey-syrup-honey-dispenser-with-base-storage-stand\/#breadcrumb"},"inLanguage":"de","potentialAction":[{"@type":"ReadAction","target":["https:\/\/purehivehoney.com\/de\/product\/orion-glass-dispenser-for-honey-syrup-honey-dispenser-with-base-storage-stand\/"]}]},{"@type":"ImageObject","inLanguage":"de","@id":"https:\/\/purehivehoney.com\/de\/product\/orion-glass-dispenser-for-honey-syrup-honey-dispenser-with-base-storage-stand\/#primaryimage","url":"https:\/\/purehivehoney.com\/de\/wp-content\/uploads\/2026\/03\/610PgsEY01L._AC_SL1001_.jpg","contentUrl":"https:\/\/purehivehoney.com\/de\/wp-content\/uploads\/2026\/03\/610PgsEY01L._AC_SL1001_.jpg","width":924,"height":918},{"@type":"BreadcrumbList","@id":"https:\/\/purehivehoney.com\/de\/product\/orion-glass-dispenser-for-honey-syrup-honey-dispenser-with-base-storage-stand\/#breadcrumb","itemListElement":[{"@type":"ListItem","position":1,"name":"Home","item":"https:\/\/purehivehoney.com\/de\/"},{"@type":"ListItem","position":2,"name":"Shop","item":"https:\/\/purehivehoney.com\/de\/shop\/"},{"@type":"ListItem","position":3,"name":"Orion Glass Dispenser for Honey Syr..."}]},{"@type":"WebSite","@id":"https:\/\/purehivehoney.com\/de\/#website","url":"https:\/\/purehivehoney.com\/de\/","name":"PureHiveHoney","description":"Reiner Honig &amp; Bienenprodukte Online | Rohhonig, Bio Honig &amp; Spezialhonig","publisher":{"@id":"https:\/\/purehivehoney.com\/de\/#organization"},"potentialAction":[{"@type":"SearchAction","target":{"@type":"EntryPoint","urlTemplate":"https:\/\/purehivehoney.com\/de\/?s={search_term_string}"},"query-input":{"@type":"PropertyValueSpecification","valueRequired":true,"valueName":"search_term_string"}}],"inLanguage":"de"},{"@type":"Organization","@id":"https:\/\/purehivehoney.com\/de\/#organization","name":"PureHiveHoney","url":"https:\/\/purehivehoney.com\/de\/","logo":{"@type":"ImageObject","inLanguage":"de","@id":"https:\/\/purehivehoney.com\/de\/#\/schema\/logo\/image\/","url":"https:\/\/purehivehoney.com\/de\/wp-content\/uploads\/2026\/03\/Screenshot-2026-03-16-at-1.06.01-AM.png","contentUrl":"https:\/\/purehivehoney.com\/de\/wp-content\/uploads\/2026\/03\/Screenshot-2026-03-16-at-1.06.01-AM.png","width":2112,"height":1086,"caption":"PureHiveHoney"},"image":{"@id":"https:\/\/purehivehoney.com\/de\/#\/schema\/logo\/image\/"}}]}},"_links":{"self":[{"href":"https:\/\/purehivehoney.com\/de\/wp-json\/wp\/v2\/product\/159","targetHints":{"allow":["GET"]}}],"collection":[{"href":"https:\/\/purehivehoney.com\/de\/wp-json\/wp\/v2\/product"}],"about":[{"href":"https:\/\/purehivehoney.com\/de\/wp-json\/wp\/v2\/types\/product"}],"replies":[{"embeddable":true,"href":"https:\/\/purehivehoney.com\/de\/wp-json\/wp\/v2\/comments?post=159"}],"wp:featuredmedia":[{"embeddable":true,"href":"https:\/\/purehivehoney.com\/de\/wp-json\/wp\/v2\/media\/160"}],"wp:attachment":[{"href":"https:\/\/purehivehoney.com\/de\/wp-json\/wp\/v2\/media?parent=159"}],"wp:term":[{"taxonomy":"store","embeddable":true,"href":"https:\/\/purehivehoney.com\/de\/wp-json\/wp\/v2\/store?post=159"},{"taxonomy":"product_brand","embeddable":true,"href":"https:\/\/purehivehoney.com\/de\/wp-json\/wp\/v2\/product_brand?post=159"},{"taxonomy":"product_cat","embeddable":true,"href":"https:\/\/purehivehoney.com\/de\/wp-json\/wp\/v2\/product_cat?post=159"},{"taxonomy":"product_tag","embeddable":true,"href":"https:\/\/purehivehoney.com\/de\/wp-json\/wp\/v2\/product_tag?post=159"}],"curies":[{"name":"wp","href":"https:\/\/api.w.org\/{rel}","templated":true}]}}