{"id":1588,"date":"2026-03-16T12:51:09","date_gmt":"2026-03-16T12:51:09","guid":{"rendered":"https:\/\/purehivehoney.com\/de\/product\/clear-pourer-bottle-sweetener-organiser-compact-glass-container-with-tight-seal-tabletop-kitchen-accessories-for-dispensing-honey-syrup-oil-or-spices-perfect-for-picnics-and-cat\/"},"modified":"2026-03-16T12:51:29","modified_gmt":"2026-03-16T12:51:29","slug":"clear-pourer-bottle-sweetener-organiser-compact-glass-container-with-tight-seal-tabletop-kitchen-accessories-for-dispensing-honey-syrup-oil-or-spices-perfect-for-picnics-and-cat","status":"publish","type":"product","link":"https:\/\/purehivehoney.com\/de\/product\/clear-pourer-bottle-sweetener-organiser-compact-glass-container-with-tight-seal-tabletop-kitchen-accessories-for-dispensing-honey-syrup-oil-or-spices-perfect-for-picnics-and-cat\/","title":{"rendered":"Clear Pourer Bottle, Sweetener Orga..."},"content":{"rendered":"<p>    <span>The high capacity syringe pourer is designed to enhance the comfort and elegance in your kitchen, bar or dining room. Made from clear and transparent, this dispenser ensures good visibility of the contents and is therefore ideal for storing honey, syrups, sauces and dressings. Its durable construction and sleek design make it a versatile addition to any setting, be it for everyday use or for special occasions like picnics. <br \/>Specification <br \/>Name: Honey Dispenser <br \/>Material: <br \/>Product size: approx. 21.5 x 10 x 6.8 cm. <br \/>Weight: 342 g. <br \/>Product list: <br \/>1 x honey dispenser. <br \/>Note: <br \/>Due to the light and screen setting difference, the item&#8217;s color may be slightly different from the pictures. <br \/>Please allow 1-2 cm difference due to different manual measurement.<\/span>    <br \/>Drip-free pouring design: features a precision pourer that allows for gentle, controlled pouring of honey, syrup, sauces or dressings without annoying drips<br \/>DURABLE GLASS CONSTRUCTION Made with high quality clear glass for long time use that ensures good visibility of contents while resisting stains and odors<br \/>SECURE STAINLESS STEEL LID The tight-fitting stainless steel lid keeps honey and other liquids fresh, prevents leaks and adds an elegant, modern touch to your kitchen or bar<br \/>VERSATILE USE IN KITCHEN &#038; DINING ROOM Great for honey, syrup, sauces or salad dressings, perfect for everyday use, parties, catering, picnics or bar establishments<br \/>EASY TO CLEAN AND REUSE Wide mouth design allows for effortless filling, cleaning and refilling, making it a practical and eco-friendly addition to any kitchen or dining area<\/p>\n\n","protected":false},"excerpt":{"rendered":"<p>The high capacity syringe pourer is designed to enhance the comfort and elegance in your kitchen, bar or dining room. Made from clear and transparent, this dispenser ensures good visibility of the contents and is therefore ideal for storing honey, syrups, sauces and dressings. Its durable construction and sleek design make it a versatile addition [&hellip;]<\/p>\n","protected":false},"featured_media":1589,"comment_status":"open","ping_status":"closed","template":"","meta":{"_aipt_faq_data":""},"store":[],"product_brand":[192],"product_cat":[75],"product_tag":[186],"class_list":{"0":"post-1588","1":"product","2":"type-product","3":"status-publish","4":"has-post-thumbnail","6":"product_brand-generisch","7":"product_cat-honigspender","8":"product_tag-honigspender-mit-verschluss","10":"first","11":"instock","12":"shipping-taxable","13":"product-type-external"},"yoast_head":"<!-- This site is optimized with the Yoast SEO plugin v27.4 - https:\/\/yoast.com\/product\/yoast-seo-wordpress\/ -->\n<title>Clear Pourer Bottle, Sweetener Organiser, Compact Glass Container with Tight Seal, Tabletop Kitchen Accessories for Dispensing Honey, Syrup, Oil or Spices, Perfect for Picnics and Cat - PureHiveHoney<\/title>\n<meta name=\"description\" content=\"Entdecken Sie hochwertigen Rohhonig, Bio Honig, Manuka Honig und nat\u00fcrliche Bienenprodukte. PureHiveHoney hilft Ihnen dabei, sorgf\u00e4ltig ausgew\u00e4hlte Honigsorten mit nat\u00fcrlicher Qualit\u00e4t und Reinheit zu entdecken.\" \/>\n<meta name=\"robots\" content=\"index, follow, max-snippet:-1, max-image-preview:large, max-video-preview:-1\" \/>\n<link rel=\"canonical\" href=\"https:\/\/purehivehoney.com\/de\/product\/clear-pourer-bottle-sweetener-organiser-compact-glass-container-with-tight-seal-tabletop-kitchen-accessories-for-dispensing-honey-syrup-oil-or-spices-perfect-for-picnics-and-cat\/\" \/>\n<meta property=\"og:locale\" content=\"de_DE\" \/>\n<meta property=\"og:type\" content=\"article\" \/>\n<meta property=\"og:title\" content=\"Clear Pourer Bottle, Sweetener Organiser, Compact Glass Container with Tight Seal, Tabletop Kitchen Accessories for Dispensing Honey, Syrup, Oil or Spices, Perfect for Picnics and Cat - PureHiveHoney\" \/>\n<meta property=\"og:description\" content=\"Entdecken Sie hochwertigen Rohhonig, Bio Honig, Manuka Honig und nat\u00fcrliche Bienenprodukte. PureHiveHoney hilft Ihnen dabei, sorgf\u00e4ltig ausgew\u00e4hlte Honigsorten mit nat\u00fcrlicher Qualit\u00e4t und Reinheit zu entdecken.\" \/>\n<meta property=\"og:url\" content=\"https:\/\/purehivehoney.com\/de\/product\/clear-pourer-bottle-sweetener-organiser-compact-glass-container-with-tight-seal-tabletop-kitchen-accessories-for-dispensing-honey-syrup-oil-or-spices-perfect-for-picnics-and-cat\/\" \/>\n<meta property=\"og:site_name\" content=\"PureHiveHoney\" \/>\n<meta property=\"article:modified_time\" content=\"2026-03-16T12:51:29+00:00\" \/>\n<meta name=\"twitter:card\" content=\"summary_large_image\" \/>\n<meta name=\"twitter:label1\" content=\"Gesch\u00e4tzte Lesezeit\" \/>\n\t<meta name=\"twitter:data1\" content=\"1\u00a0Minute\" \/>\n<script type=\"application\/ld+json\" class=\"yoast-schema-graph\">{\"@context\":\"https:\\\/\\\/schema.org\",\"@graph\":[{\"@type\":\"WebPage\",\"@id\":\"https:\\\/\\\/purehivehoney.com\\\/de\\\/product\\\/clear-pourer-bottle-sweetener-organiser-compact-glass-container-with-tight-seal-tabletop-kitchen-accessories-for-dispensing-honey-syrup-oil-or-spices-perfect-for-picnics-and-cat\\\/\",\"url\":\"https:\\\/\\\/purehivehoney.com\\\/de\\\/product\\\/clear-pourer-bottle-sweetener-organiser-compact-glass-container-with-tight-seal-tabletop-kitchen-accessories-for-dispensing-honey-syrup-oil-or-spices-perfect-for-picnics-and-cat\\\/\",\"name\":\"Clear Pourer Bottle, Sweetener Organiser, Compact Glass Container with Tight Seal, Tabletop Kitchen Accessories for Dispensing Honey, Syrup, Oil or Spices, Perfect for Picnics and Cat - PureHiveHoney\",\"isPartOf\":{\"@id\":\"https:\\\/\\\/purehivehoney.com\\\/de\\\/#website\"},\"primaryImageOfPage\":{\"@id\":\"https:\\\/\\\/purehivehoney.com\\\/de\\\/product\\\/clear-pourer-bottle-sweetener-organiser-compact-glass-container-with-tight-seal-tabletop-kitchen-accessories-for-dispensing-honey-syrup-oil-or-spices-perfect-for-picnics-and-cat\\\/#primaryimage\"},\"image\":{\"@id\":\"https:\\\/\\\/purehivehoney.com\\\/de\\\/product\\\/clear-pourer-bottle-sweetener-organiser-compact-glass-container-with-tight-seal-tabletop-kitchen-accessories-for-dispensing-honey-syrup-oil-or-spices-perfect-for-picnics-and-cat\\\/#primaryimage\"},\"thumbnailUrl\":\"https:\\\/\\\/purehivehoney.com\\\/de\\\/wp-content\\\/uploads\\\/2026\\\/03\\\/5159P-cm62L._AC_SL1500_.jpg\",\"datePublished\":\"2026-03-16T12:51:09+00:00\",\"dateModified\":\"2026-03-16T12:51:29+00:00\",\"description\":\"Entdecken Sie hochwertigen Rohhonig, Bio Honig, Manuka Honig und nat\u00fcrliche Bienenprodukte. PureHiveHoney hilft Ihnen dabei, sorgf\u00e4ltig ausgew\u00e4hlte Honigsorten mit nat\u00fcrlicher Qualit\u00e4t und Reinheit zu entdecken.\",\"breadcrumb\":{\"@id\":\"https:\\\/\\\/purehivehoney.com\\\/de\\\/product\\\/clear-pourer-bottle-sweetener-organiser-compact-glass-container-with-tight-seal-tabletop-kitchen-accessories-for-dispensing-honey-syrup-oil-or-spices-perfect-for-picnics-and-cat\\\/#breadcrumb\"},\"inLanguage\":\"de\",\"potentialAction\":[{\"@type\":\"ReadAction\",\"target\":[\"https:\\\/\\\/purehivehoney.com\\\/de\\\/product\\\/clear-pourer-bottle-sweetener-organiser-compact-glass-container-with-tight-seal-tabletop-kitchen-accessories-for-dispensing-honey-syrup-oil-or-spices-perfect-for-picnics-and-cat\\\/\"]}]},{\"@type\":\"ImageObject\",\"inLanguage\":\"de\",\"@id\":\"https:\\\/\\\/purehivehoney.com\\\/de\\\/product\\\/clear-pourer-bottle-sweetener-organiser-compact-glass-container-with-tight-seal-tabletop-kitchen-accessories-for-dispensing-honey-syrup-oil-or-spices-perfect-for-picnics-and-cat\\\/#primaryimage\",\"url\":\"https:\\\/\\\/purehivehoney.com\\\/de\\\/wp-content\\\/uploads\\\/2026\\\/03\\\/5159P-cm62L._AC_SL1500_.jpg\",\"contentUrl\":\"https:\\\/\\\/purehivehoney.com\\\/de\\\/wp-content\\\/uploads\\\/2026\\\/03\\\/5159P-cm62L._AC_SL1500_.jpg\",\"width\":661,\"height\":1438},{\"@type\":\"BreadcrumbList\",\"@id\":\"https:\\\/\\\/purehivehoney.com\\\/de\\\/product\\\/clear-pourer-bottle-sweetener-organiser-compact-glass-container-with-tight-seal-tabletop-kitchen-accessories-for-dispensing-honey-syrup-oil-or-spices-perfect-for-picnics-and-cat\\\/#breadcrumb\",\"itemListElement\":[{\"@type\":\"ListItem\",\"position\":1,\"name\":\"Home\",\"item\":\"https:\\\/\\\/purehivehoney.com\\\/de\\\/\"},{\"@type\":\"ListItem\",\"position\":2,\"name\":\"Shop\",\"item\":\"https:\\\/\\\/purehivehoney.com\\\/de\\\/shop\\\/\"},{\"@type\":\"ListItem\",\"position\":3,\"name\":\"Clear Pourer Bottle, Sweetener Orga...\"}]},{\"@type\":\"WebSite\",\"@id\":\"https:\\\/\\\/purehivehoney.com\\\/de\\\/#website\",\"url\":\"https:\\\/\\\/purehivehoney.com\\\/de\\\/\",\"name\":\"PureHiveHoney\",\"description\":\"Reiner Honig &amp; Bienenprodukte Online | Rohhonig, Bio Honig &amp; Spezialhonig\",\"publisher\":{\"@id\":\"https:\\\/\\\/purehivehoney.com\\\/de\\\/#organization\"},\"potentialAction\":[{\"@type\":\"SearchAction\",\"target\":{\"@type\":\"EntryPoint\",\"urlTemplate\":\"https:\\\/\\\/purehivehoney.com\\\/de\\\/?s={search_term_string}\"},\"query-input\":{\"@type\":\"PropertyValueSpecification\",\"valueRequired\":true,\"valueName\":\"search_term_string\"}}],\"inLanguage\":\"de\"},{\"@type\":\"Organization\",\"@id\":\"https:\\\/\\\/purehivehoney.com\\\/de\\\/#organization\",\"name\":\"PureHiveHoney\",\"url\":\"https:\\\/\\\/purehivehoney.com\\\/de\\\/\",\"logo\":{\"@type\":\"ImageObject\",\"inLanguage\":\"de\",\"@id\":\"https:\\\/\\\/purehivehoney.com\\\/de\\\/#\\\/schema\\\/logo\\\/image\\\/\",\"url\":\"https:\\\/\\\/purehivehoney.com\\\/de\\\/wp-content\\\/uploads\\\/2026\\\/03\\\/Screenshot-2026-03-16-at-1.06.01-AM.png\",\"contentUrl\":\"https:\\\/\\\/purehivehoney.com\\\/de\\\/wp-content\\\/uploads\\\/2026\\\/03\\\/Screenshot-2026-03-16-at-1.06.01-AM.png\",\"width\":2112,\"height\":1086,\"caption\":\"PureHiveHoney\"},\"image\":{\"@id\":\"https:\\\/\\\/purehivehoney.com\\\/de\\\/#\\\/schema\\\/logo\\\/image\\\/\"}}]}<\/script>\n<!-- \/ Yoast SEO plugin. -->","yoast_head_json":{"title":"Clear Pourer Bottle, Sweetener Organiser, Compact Glass Container with Tight Seal, Tabletop Kitchen Accessories for Dispensing Honey, Syrup, Oil or Spices, Perfect for Picnics and Cat - PureHiveHoney","description":"Entdecken Sie hochwertigen Rohhonig, Bio Honig, Manuka Honig und nat\u00fcrliche Bienenprodukte. PureHiveHoney hilft Ihnen dabei, sorgf\u00e4ltig ausgew\u00e4hlte Honigsorten mit nat\u00fcrlicher Qualit\u00e4t und Reinheit zu entdecken.","robots":{"index":"index","follow":"follow","max-snippet":"max-snippet:-1","max-image-preview":"max-image-preview:large","max-video-preview":"max-video-preview:-1"},"canonical":"https:\/\/purehivehoney.com\/de\/product\/clear-pourer-bottle-sweetener-organiser-compact-glass-container-with-tight-seal-tabletop-kitchen-accessories-for-dispensing-honey-syrup-oil-or-spices-perfect-for-picnics-and-cat\/","og_locale":"de_DE","og_type":"article","og_title":"Clear Pourer Bottle, Sweetener Organiser, Compact Glass Container with Tight Seal, Tabletop Kitchen Accessories for Dispensing Honey, Syrup, Oil or Spices, Perfect for Picnics and Cat - PureHiveHoney","og_description":"Entdecken Sie hochwertigen Rohhonig, Bio Honig, Manuka Honig und nat\u00fcrliche Bienenprodukte. PureHiveHoney hilft Ihnen dabei, sorgf\u00e4ltig ausgew\u00e4hlte Honigsorten mit nat\u00fcrlicher Qualit\u00e4t und Reinheit zu entdecken.","og_url":"https:\/\/purehivehoney.com\/de\/product\/clear-pourer-bottle-sweetener-organiser-compact-glass-container-with-tight-seal-tabletop-kitchen-accessories-for-dispensing-honey-syrup-oil-or-spices-perfect-for-picnics-and-cat\/","og_site_name":"PureHiveHoney","article_modified_time":"2026-03-16T12:51:29+00:00","twitter_card":"summary_large_image","twitter_misc":{"Gesch\u00e4tzte Lesezeit":"1\u00a0Minute"},"schema":{"@context":"https:\/\/schema.org","@graph":[{"@type":"WebPage","@id":"https:\/\/purehivehoney.com\/de\/product\/clear-pourer-bottle-sweetener-organiser-compact-glass-container-with-tight-seal-tabletop-kitchen-accessories-for-dispensing-honey-syrup-oil-or-spices-perfect-for-picnics-and-cat\/","url":"https:\/\/purehivehoney.com\/de\/product\/clear-pourer-bottle-sweetener-organiser-compact-glass-container-with-tight-seal-tabletop-kitchen-accessories-for-dispensing-honey-syrup-oil-or-spices-perfect-for-picnics-and-cat\/","name":"Clear Pourer Bottle, Sweetener Organiser, Compact Glass Container with Tight Seal, Tabletop Kitchen Accessories for Dispensing Honey, Syrup, Oil or Spices, Perfect for Picnics and Cat - PureHiveHoney","isPartOf":{"@id":"https:\/\/purehivehoney.com\/de\/#website"},"primaryImageOfPage":{"@id":"https:\/\/purehivehoney.com\/de\/product\/clear-pourer-bottle-sweetener-organiser-compact-glass-container-with-tight-seal-tabletop-kitchen-accessories-for-dispensing-honey-syrup-oil-or-spices-perfect-for-picnics-and-cat\/#primaryimage"},"image":{"@id":"https:\/\/purehivehoney.com\/de\/product\/clear-pourer-bottle-sweetener-organiser-compact-glass-container-with-tight-seal-tabletop-kitchen-accessories-for-dispensing-honey-syrup-oil-or-spices-perfect-for-picnics-and-cat\/#primaryimage"},"thumbnailUrl":"https:\/\/purehivehoney.com\/de\/wp-content\/uploads\/2026\/03\/5159P-cm62L._AC_SL1500_.jpg","datePublished":"2026-03-16T12:51:09+00:00","dateModified":"2026-03-16T12:51:29+00:00","description":"Entdecken Sie hochwertigen Rohhonig, Bio Honig, Manuka Honig und nat\u00fcrliche Bienenprodukte. PureHiveHoney hilft Ihnen dabei, sorgf\u00e4ltig ausgew\u00e4hlte Honigsorten mit nat\u00fcrlicher Qualit\u00e4t und Reinheit zu entdecken.","breadcrumb":{"@id":"https:\/\/purehivehoney.com\/de\/product\/clear-pourer-bottle-sweetener-organiser-compact-glass-container-with-tight-seal-tabletop-kitchen-accessories-for-dispensing-honey-syrup-oil-or-spices-perfect-for-picnics-and-cat\/#breadcrumb"},"inLanguage":"de","potentialAction":[{"@type":"ReadAction","target":["https:\/\/purehivehoney.com\/de\/product\/clear-pourer-bottle-sweetener-organiser-compact-glass-container-with-tight-seal-tabletop-kitchen-accessories-for-dispensing-honey-syrup-oil-or-spices-perfect-for-picnics-and-cat\/"]}]},{"@type":"ImageObject","inLanguage":"de","@id":"https:\/\/purehivehoney.com\/de\/product\/clear-pourer-bottle-sweetener-organiser-compact-glass-container-with-tight-seal-tabletop-kitchen-accessories-for-dispensing-honey-syrup-oil-or-spices-perfect-for-picnics-and-cat\/#primaryimage","url":"https:\/\/purehivehoney.com\/de\/wp-content\/uploads\/2026\/03\/5159P-cm62L._AC_SL1500_.jpg","contentUrl":"https:\/\/purehivehoney.com\/de\/wp-content\/uploads\/2026\/03\/5159P-cm62L._AC_SL1500_.jpg","width":661,"height":1438},{"@type":"BreadcrumbList","@id":"https:\/\/purehivehoney.com\/de\/product\/clear-pourer-bottle-sweetener-organiser-compact-glass-container-with-tight-seal-tabletop-kitchen-accessories-for-dispensing-honey-syrup-oil-or-spices-perfect-for-picnics-and-cat\/#breadcrumb","itemListElement":[{"@type":"ListItem","position":1,"name":"Home","item":"https:\/\/purehivehoney.com\/de\/"},{"@type":"ListItem","position":2,"name":"Shop","item":"https:\/\/purehivehoney.com\/de\/shop\/"},{"@type":"ListItem","position":3,"name":"Clear Pourer Bottle, Sweetener Orga..."}]},{"@type":"WebSite","@id":"https:\/\/purehivehoney.com\/de\/#website","url":"https:\/\/purehivehoney.com\/de\/","name":"PureHiveHoney","description":"Reiner Honig &amp; Bienenprodukte Online | Rohhonig, Bio Honig &amp; Spezialhonig","publisher":{"@id":"https:\/\/purehivehoney.com\/de\/#organization"},"potentialAction":[{"@type":"SearchAction","target":{"@type":"EntryPoint","urlTemplate":"https:\/\/purehivehoney.com\/de\/?s={search_term_string}"},"query-input":{"@type":"PropertyValueSpecification","valueRequired":true,"valueName":"search_term_string"}}],"inLanguage":"de"},{"@type":"Organization","@id":"https:\/\/purehivehoney.com\/de\/#organization","name":"PureHiveHoney","url":"https:\/\/purehivehoney.com\/de\/","logo":{"@type":"ImageObject","inLanguage":"de","@id":"https:\/\/purehivehoney.com\/de\/#\/schema\/logo\/image\/","url":"https:\/\/purehivehoney.com\/de\/wp-content\/uploads\/2026\/03\/Screenshot-2026-03-16-at-1.06.01-AM.png","contentUrl":"https:\/\/purehivehoney.com\/de\/wp-content\/uploads\/2026\/03\/Screenshot-2026-03-16-at-1.06.01-AM.png","width":2112,"height":1086,"caption":"PureHiveHoney"},"image":{"@id":"https:\/\/purehivehoney.com\/de\/#\/schema\/logo\/image\/"}}]}},"_links":{"self":[{"href":"https:\/\/purehivehoney.com\/de\/wp-json\/wp\/v2\/product\/1588","targetHints":{"allow":["GET"]}}],"collection":[{"href":"https:\/\/purehivehoney.com\/de\/wp-json\/wp\/v2\/product"}],"about":[{"href":"https:\/\/purehivehoney.com\/de\/wp-json\/wp\/v2\/types\/product"}],"replies":[{"embeddable":true,"href":"https:\/\/purehivehoney.com\/de\/wp-json\/wp\/v2\/comments?post=1588"}],"wp:featuredmedia":[{"embeddable":true,"href":"https:\/\/purehivehoney.com\/de\/wp-json\/wp\/v2\/media\/1589"}],"wp:attachment":[{"href":"https:\/\/purehivehoney.com\/de\/wp-json\/wp\/v2\/media?parent=1588"}],"wp:term":[{"taxonomy":"store","embeddable":true,"href":"https:\/\/purehivehoney.com\/de\/wp-json\/wp\/v2\/store?post=1588"},{"taxonomy":"product_brand","embeddable":true,"href":"https:\/\/purehivehoney.com\/de\/wp-json\/wp\/v2\/product_brand?post=1588"},{"taxonomy":"product_cat","embeddable":true,"href":"https:\/\/purehivehoney.com\/de\/wp-json\/wp\/v2\/product_cat?post=1588"},{"taxonomy":"product_tag","embeddable":true,"href":"https:\/\/purehivehoney.com\/de\/wp-json\/wp\/v2\/product_tag?post=1588"}],"curies":[{"name":"wp","href":"https:\/\/api.w.org\/{rel}","templated":true}]}}