{"id":1580,"date":"2026-03-16T12:47:23","date_gmt":"2026-03-16T12:47:23","guid":{"rendered":"https:\/\/purehivehoney.com\/de\/product\/sagrotan-hand-soap-with-almond-blossom-manuka-honey-fragrance-antibacterial-liquid-soap-6-x-250-ml-soap-dispenser-in-practical-value-pack\/"},"modified":"2026-03-16T12:47:38","modified_gmt":"2026-03-16T12:47:38","slug":"sagrotan-hand-soap-with-almond-blossom-manuka-honey-fragrance-antibacterial-liquid-soap-6-x-250-ml-soap-dispenser-in-practical-value-pack","status":"publish","type":"product","link":"https:\/\/purehivehoney.com\/de\/product\/sagrotan-hand-soap-with-almond-blossom-manuka-honey-fragrance-antibacterial-liquid-soap-6-x-250-ml-soap-dispenser-in-practical-value-pack\/","title":{"rendered":"Sagrotan Hand Soap with Almond Blos..."},"content":{"rendered":"<p>                                             From the manufacturer   <\/p>\n<p>                                                                                                       <img decoding=\"async\" alt=\"Sagrotan F\u00fcssigseife\" src=\"https:\/\/images-na.ssl-images-amazon.com\/images\/G\/01\/x-locale\/common\/grey-pixel.gif\" class=\"a-lazy-loaded\" data-src=\"https:\/\/m.media-amazon.com\/images\/S\/aplus-media-library-service-media\/54d7def9-fed5-4676-8084-e13d7db79f7f.__CR0,0,1464,600_PT0_SX1464_V1___.jpg\"><img decoding=\"async\" alt=\"Sagrotan F\u00fcssigseife\" src=\"https:\/\/m.media-amazon.com\/images\/S\/aplus-media-library-service-media\/54d7def9-fed5-4676-8084-e13d7db79f7f.__CR0,0,1464,600_PT0_SX1464_V1___.jpg\">                                               <\/p>\n<p>                                                                                                                  <img decoding=\"async\" alt=\"Sagrotan Fl\u00fcssigseife\" src=\"https:\/\/images-na.ssl-images-amazon.com\/images\/G\/01\/x-locale\/common\/grey-pixel.gif\" class=\"a-lazy-loaded\" data-src=\"https:\/\/m.media-amazon.com\/images\/S\/aplus-media-library-service-media\/ddb4ca2e-4c7e-44f1-b242-c67b2b9bd766.__CR0,0,1464,600_PT0_SX1464_V1___.png\"><img decoding=\"async\" alt=\"Sagrotan Fl\u00fcssigseife\" src=\"https:\/\/m.media-amazon.com\/images\/S\/aplus-media-library-service-media\/ddb4ca2e-4c7e-44f1-b242-c67b2b9bd766.__CR0,0,1464,600_PT0_SX1464_V1___.png\">                                               <\/p>\n<p>                                                                                                                  <img decoding=\"async\" alt=\"aplus content image\" src=\"https:\/\/images-na.ssl-images-amazon.com\/images\/G\/01\/x-locale\/common\/grey-pixel.gif\" class=\"a-lazy-loaded\" data-src=\"https:\/\/m.media-amazon.com\/images\/S\/aplus-media-library-service-media\/b4b4b17a-8cbe-4ae3-8e8c-fac817841e7e.__CR0,0,1464,600_PT0_SX1464_V1___.jpg\"><img decoding=\"async\" alt=\"aplus content image\" src=\"https:\/\/m.media-amazon.com\/images\/S\/aplus-media-library-service-media\/b4b4b17a-8cbe-4ae3-8e8c-fac817841e7e.__CR0,0,1464,600_PT0_SX1464_V1___.jpg\">                                               <\/p>\n<p>                                                                                                                    <img decoding=\"async\" alt=\"1\" src=\"https:\/\/m.media-amazon.com\/images\/S\/aplus-media-library-service-media\/ea75c313-b905-4c2e-8453-b94c4d73eb20.__CR0,12,2298,942_PT0_SX1464_V1___.png\">                                                    <img decoding=\"async\" alt=\"3\" src=\"https:\/\/m.media-amazon.com\/images\/S\/aplus-media-library-service-media\/cd5d7084-bf21-49de-a30f-a2ce220463c4.__CR0,12,2298,942_PT0_SX1464_V1___.png\">                                                    <img decoding=\"async\" alt=\"1\" src=\"https:\/\/m.media-amazon.com\/images\/S\/aplus-media-library-service-media\/b1553cee-511d-42bf-b903-af5984332b6b.__CR0,12,2298,942_PT0_SX1464_V1___.png\">                                                    <img decoding=\"async\" alt=\"4\" src=\"https:\/\/m.media-amazon.com\/images\/S\/aplus-media-library-service-media\/b883097f-af06-47b2-befa-b26b082ec36f.__CR0,12,2298,942_PT0_SX1464_V1___.png\">                                                    <img decoding=\"async\" alt=\"6\" src=\"https:\/\/m.media-amazon.com\/images\/S\/aplus-media-library-service-media\/5a350b84-7d1f-4797-a532-5694d7dacf61.__CR0,12,2298,942_PT0_SX1464_V1___.png\"><br \/>\n                            1 Schritt 1 <\/p>\n<p>                            2 Schritt 2 <\/p>\n<p>                            3 Schritt 3 <\/p>\n<p>                            4 Schritt 4 <\/p>\n<p>                            5 Schritt 5 <\/p>\n<p>                                                                <img decoding=\"async\" alt=\"\" src=\"https:\/\/images-na.ssl-images-amazon.com\/images\/G\/01\/x-locale\/common\/grey-pixel.gif\" class=\"a-lazy-loaded\" data-src=\"https:\/\/m.media-amazon.com\/images\/S\/aplus-media-library-service-media\/284f1a3c-83e1-4243-81ba-10565488df24.__CR0,12,2298,942_PT0_SX1464_V1___.png\"><img decoding=\"async\" alt=\"\" src=\"https:\/\/m.media-amazon.com\/images\/S\/aplus-media-library-service-media\/284f1a3c-83e1-4243-81ba-10565488df24.__CR0,12,2298,942_PT0_SX1464_V1___.png\">        <\/p>\n<h3 class=\"a-text-center aplus-container-3 aplus-h1 a-text-bold\">   <\/h3>\n<p>The video showcases the product in use.The video guides you through product setup.The video compares multiple products.The video shows the product being unpacked. hero-video Merchant video<\/p>\n<h3 class=\"a-text-center aplus-h1 a-text-bold\">   <\/h3>\n<p>                         Add To Basket  <\/p>\n<p>                         Add To Basket  <\/p>\n<p>                         Add To Basket  <\/p>\n<p>                                     Customer Reviews  <\/p>\n<p>                    4.7 out of 5 stars  4,272  <\/p>\n<p>                    4.7 out of 5 stars  1,652  <\/p>\n<p>                    4.7 out of 5 stars  9,260  <\/p>\n<p>                    4.7 out of 5 stars  2,313  <\/p>\n<p>                    4.7 out of 5 stars  3,034  <\/p>\n<p>                                     Price  <\/p>\n<p>                                                        USD\u00a02.36USD2.36     <\/p>\n<p>                                                        USD\u00a015.29USD15.29     <\/p>\n<p>                                                        USD\u00a07.65USD7.65     <\/p>\n<p>                                                        \u2014    <\/p>\n<p>                                                        \u2014    <\/p>\n<p>                                     Produkttyp  <\/p>\n<p>                                                Pumpspender    <\/p>\n<p>                                                Nachf\u00fcller    <\/p>\n<p>                                                Starter    <\/p>\n<p>                                                Starter    <\/p>\n<p>                                                Pumpspender    <\/p>\n<p>                                     Automatischer Seifenspender  <\/p>\n<p>                                                    \u2714       <\/p>\n<p>                                                    \u2714       <\/p>\n<p>                                                    \u2714       <\/p>\n<p>                                                    \u2714       <\/p>\n<p>                                                    \u2714       <\/p>\n<p>                                     Seifenart  <\/p>\n<p>                                                Fl\u00fcssig    <\/p>\n<p>                                                Fl\u00fcssig    <\/p>\n<p>                                                Fl\u00fcssig    <\/p>\n<p>                                                Fl\u00fcssig    <\/p>\n<p>                                                Schaum    <\/p>\n<p>                                     Antibakteriell  <\/p>\n<p>                                                    \u2714       <\/p>\n<p>                                                    \u2714       <\/p>\n<p>                                                    \u2714       <\/p>\n<p>                                                    \u2714       <\/p>\n<p>                                                    \u2714       <\/p>\n<p>                                     Speziell f\u00fcr Kinder  <\/p>\n<p>                                                    \u2718      <\/p>\n<p>                                                    \u2718      <\/p>\n<p>                                                    \u2718      <\/p>\n<p>                                                    \u2714       <\/p>\n<p>                                                    \u2718      <\/p>\n<p>Sagrotan liquid hand soap is gentle on the skin, strong against bacteria and always ensures clean hands<br \/>The formula of the antibacterial soap offers a successful combination of gentle cleansing and reliable daily protection<br \/>Pamper your hands: The soap with almond blossom and manual honey fragrance cleans hygienically while creating a gentle fragrance experience<br \/>Sagrotan has been providing hygienic cleanliness at home for 100 years and reliably protects against bacteria &#8211; every day<br \/>Box contents: 6 x 250 ml liquid soap with almond blossom and manual honey fragrance from Sagrotan, strong against bacteria, practical value pack<\/p>\n\n","protected":false},"excerpt":{"rendered":"<p>From the manufacturer 1 Schritt 1 2 Schritt 2 3 Schritt 3 4 Schritt 4 5 Schritt 5 The video showcases the product in use.The video guides you through product setup.The video compares multiple products.The video shows the product being unpacked. hero-video Merchant video Add To Basket Add To Basket Add To Basket Customer Reviews [&hellip;]<\/p>\n","protected":false},"featured_media":1581,"comment_status":"open","ping_status":"closed","template":"","meta":{"_aipt_faq_data":""},"store":[],"product_brand":[278],"product_cat":[38],"product_tag":[79],"class_list":{"0":"post-1580","1":"product","2":"type-product","3":"status-publish","4":"has-post-thumbnail","6":"product_brand-sagrotan","7":"product_cat-purehivehoney","8":"product_tag-manuka-honig","10":"first","11":"instock","12":"sale","13":"shipping-taxable","14":"product-type-external"},"yoast_head":"<!-- This site is optimized with the Yoast SEO plugin v27.4 - https:\/\/yoast.com\/product\/yoast-seo-wordpress\/ -->\n<title>Sagrotan Hand Soap with Almond Blossom &amp; Manuka Honey Fragrance - Antibacterial Liquid Soap - 6 x 250 ml Soap Dispenser in Practical Value Pack - PureHiveHoney<\/title>\n<meta name=\"description\" content=\"Entdecken Sie hochwertigen Rohhonig, Bio Honig, Manuka Honig und nat\u00fcrliche Bienenprodukte. PureHiveHoney hilft Ihnen dabei, sorgf\u00e4ltig ausgew\u00e4hlte Honigsorten mit nat\u00fcrlicher Qualit\u00e4t und Reinheit zu entdecken.\" \/>\n<meta name=\"robots\" content=\"index, follow, max-snippet:-1, max-image-preview:large, max-video-preview:-1\" \/>\n<link rel=\"canonical\" href=\"https:\/\/purehivehoney.com\/de\/product\/sagrotan-hand-soap-with-almond-blossom-manuka-honey-fragrance-antibacterial-liquid-soap-6-x-250-ml-soap-dispenser-in-practical-value-pack\/\" \/>\n<meta property=\"og:locale\" content=\"de_DE\" \/>\n<meta property=\"og:type\" content=\"article\" \/>\n<meta property=\"og:title\" content=\"Sagrotan Hand Soap with Almond Blossom &amp; Manuka Honey Fragrance - Antibacterial Liquid Soap - 6 x 250 ml Soap Dispenser in Practical Value Pack - PureHiveHoney\" \/>\n<meta property=\"og:description\" content=\"Entdecken Sie hochwertigen Rohhonig, Bio Honig, Manuka Honig und nat\u00fcrliche Bienenprodukte. PureHiveHoney hilft Ihnen dabei, sorgf\u00e4ltig ausgew\u00e4hlte Honigsorten mit nat\u00fcrlicher Qualit\u00e4t und Reinheit zu entdecken.\" \/>\n<meta property=\"og:url\" content=\"https:\/\/purehivehoney.com\/de\/product\/sagrotan-hand-soap-with-almond-blossom-manuka-honey-fragrance-antibacterial-liquid-soap-6-x-250-ml-soap-dispenser-in-practical-value-pack\/\" \/>\n<meta property=\"og:site_name\" content=\"PureHiveHoney\" \/>\n<meta property=\"article:modified_time\" content=\"2026-03-16T12:47:38+00:00\" \/>\n<meta property=\"og:image\" content=\"https:\/\/images-na.ssl-images-amazon.com\/images\/G\/01\/x-locale\/common\/grey-pixel.gif\" \/>\n<meta name=\"twitter:card\" content=\"summary_large_image\" \/>\n<meta name=\"twitter:label1\" content=\"Gesch\u00e4tzte Lesezeit\" \/>\n\t<meta name=\"twitter:data1\" content=\"1\u00a0Minute\" \/>\n<script type=\"application\/ld+json\" class=\"yoast-schema-graph\">{\"@context\":\"https:\\\/\\\/schema.org\",\"@graph\":[{\"@type\":\"WebPage\",\"@id\":\"https:\\\/\\\/purehivehoney.com\\\/de\\\/product\\\/sagrotan-hand-soap-with-almond-blossom-manuka-honey-fragrance-antibacterial-liquid-soap-6-x-250-ml-soap-dispenser-in-practical-value-pack\\\/\",\"url\":\"https:\\\/\\\/purehivehoney.com\\\/de\\\/product\\\/sagrotan-hand-soap-with-almond-blossom-manuka-honey-fragrance-antibacterial-liquid-soap-6-x-250-ml-soap-dispenser-in-practical-value-pack\\\/\",\"name\":\"Sagrotan Hand Soap with Almond Blossom & Manuka Honey Fragrance - Antibacterial Liquid Soap - 6 x 250 ml Soap Dispenser in Practical Value Pack - PureHiveHoney\",\"isPartOf\":{\"@id\":\"https:\\\/\\\/purehivehoney.com\\\/de\\\/#website\"},\"primaryImageOfPage\":{\"@id\":\"https:\\\/\\\/purehivehoney.com\\\/de\\\/product\\\/sagrotan-hand-soap-with-almond-blossom-manuka-honey-fragrance-antibacterial-liquid-soap-6-x-250-ml-soap-dispenser-in-practical-value-pack\\\/#primaryimage\"},\"image\":{\"@id\":\"https:\\\/\\\/purehivehoney.com\\\/de\\\/product\\\/sagrotan-hand-soap-with-almond-blossom-manuka-honey-fragrance-antibacterial-liquid-soap-6-x-250-ml-soap-dispenser-in-practical-value-pack\\\/#primaryimage\"},\"thumbnailUrl\":\"https:\\\/\\\/purehivehoney.com\\\/de\\\/wp-content\\\/uploads\\\/2026\\\/03\\\/81Rk8N-jelL._AC_SL1500_.jpg\",\"datePublished\":\"2026-03-16T12:47:23+00:00\",\"dateModified\":\"2026-03-16T12:47:38+00:00\",\"description\":\"Entdecken Sie hochwertigen Rohhonig, Bio Honig, Manuka Honig und nat\u00fcrliche Bienenprodukte. PureHiveHoney hilft Ihnen dabei, sorgf\u00e4ltig ausgew\u00e4hlte Honigsorten mit nat\u00fcrlicher Qualit\u00e4t und Reinheit zu entdecken.\",\"breadcrumb\":{\"@id\":\"https:\\\/\\\/purehivehoney.com\\\/de\\\/product\\\/sagrotan-hand-soap-with-almond-blossom-manuka-honey-fragrance-antibacterial-liquid-soap-6-x-250-ml-soap-dispenser-in-practical-value-pack\\\/#breadcrumb\"},\"inLanguage\":\"de\",\"potentialAction\":[{\"@type\":\"ReadAction\",\"target\":[\"https:\\\/\\\/purehivehoney.com\\\/de\\\/product\\\/sagrotan-hand-soap-with-almond-blossom-manuka-honey-fragrance-antibacterial-liquid-soap-6-x-250-ml-soap-dispenser-in-practical-value-pack\\\/\"]}]},{\"@type\":\"ImageObject\",\"inLanguage\":\"de\",\"@id\":\"https:\\\/\\\/purehivehoney.com\\\/de\\\/product\\\/sagrotan-hand-soap-with-almond-blossom-manuka-honey-fragrance-antibacterial-liquid-soap-6-x-250-ml-soap-dispenser-in-practical-value-pack\\\/#primaryimage\",\"url\":\"https:\\\/\\\/purehivehoney.com\\\/de\\\/wp-content\\\/uploads\\\/2026\\\/03\\\/81Rk8N-jelL._AC_SL1500_.jpg\",\"contentUrl\":\"https:\\\/\\\/purehivehoney.com\\\/de\\\/wp-content\\\/uploads\\\/2026\\\/03\\\/81Rk8N-jelL._AC_SL1500_.jpg\",\"width\":1403,\"height\":1500},{\"@type\":\"BreadcrumbList\",\"@id\":\"https:\\\/\\\/purehivehoney.com\\\/de\\\/product\\\/sagrotan-hand-soap-with-almond-blossom-manuka-honey-fragrance-antibacterial-liquid-soap-6-x-250-ml-soap-dispenser-in-practical-value-pack\\\/#breadcrumb\",\"itemListElement\":[{\"@type\":\"ListItem\",\"position\":1,\"name\":\"Home\",\"item\":\"https:\\\/\\\/purehivehoney.com\\\/de\\\/\"},{\"@type\":\"ListItem\",\"position\":2,\"name\":\"Shop\",\"item\":\"https:\\\/\\\/purehivehoney.com\\\/de\\\/shop\\\/\"},{\"@type\":\"ListItem\",\"position\":3,\"name\":\"Sagrotan Hand Soap with Almond Blos...\"}]},{\"@type\":\"WebSite\",\"@id\":\"https:\\\/\\\/purehivehoney.com\\\/de\\\/#website\",\"url\":\"https:\\\/\\\/purehivehoney.com\\\/de\\\/\",\"name\":\"PureHiveHoney\",\"description\":\"Reiner Honig &amp; Bienenprodukte Online | Rohhonig, Bio Honig &amp; Spezialhonig\",\"publisher\":{\"@id\":\"https:\\\/\\\/purehivehoney.com\\\/de\\\/#organization\"},\"potentialAction\":[{\"@type\":\"SearchAction\",\"target\":{\"@type\":\"EntryPoint\",\"urlTemplate\":\"https:\\\/\\\/purehivehoney.com\\\/de\\\/?s={search_term_string}\"},\"query-input\":{\"@type\":\"PropertyValueSpecification\",\"valueRequired\":true,\"valueName\":\"search_term_string\"}}],\"inLanguage\":\"de\"},{\"@type\":\"Organization\",\"@id\":\"https:\\\/\\\/purehivehoney.com\\\/de\\\/#organization\",\"name\":\"PureHiveHoney\",\"url\":\"https:\\\/\\\/purehivehoney.com\\\/de\\\/\",\"logo\":{\"@type\":\"ImageObject\",\"inLanguage\":\"de\",\"@id\":\"https:\\\/\\\/purehivehoney.com\\\/de\\\/#\\\/schema\\\/logo\\\/image\\\/\",\"url\":\"https:\\\/\\\/purehivehoney.com\\\/de\\\/wp-content\\\/uploads\\\/2026\\\/03\\\/Screenshot-2026-03-16-at-1.06.01-AM.png\",\"contentUrl\":\"https:\\\/\\\/purehivehoney.com\\\/de\\\/wp-content\\\/uploads\\\/2026\\\/03\\\/Screenshot-2026-03-16-at-1.06.01-AM.png\",\"width\":2112,\"height\":1086,\"caption\":\"PureHiveHoney\"},\"image\":{\"@id\":\"https:\\\/\\\/purehivehoney.com\\\/de\\\/#\\\/schema\\\/logo\\\/image\\\/\"}}]}<\/script>\n<!-- \/ Yoast SEO plugin. -->","yoast_head_json":{"title":"Sagrotan Hand Soap with Almond Blossom & Manuka Honey Fragrance - Antibacterial Liquid Soap - 6 x 250 ml Soap Dispenser in Practical Value Pack - PureHiveHoney","description":"Entdecken Sie hochwertigen Rohhonig, Bio Honig, Manuka Honig und nat\u00fcrliche Bienenprodukte. PureHiveHoney hilft Ihnen dabei, sorgf\u00e4ltig ausgew\u00e4hlte Honigsorten mit nat\u00fcrlicher Qualit\u00e4t und Reinheit zu entdecken.","robots":{"index":"index","follow":"follow","max-snippet":"max-snippet:-1","max-image-preview":"max-image-preview:large","max-video-preview":"max-video-preview:-1"},"canonical":"https:\/\/purehivehoney.com\/de\/product\/sagrotan-hand-soap-with-almond-blossom-manuka-honey-fragrance-antibacterial-liquid-soap-6-x-250-ml-soap-dispenser-in-practical-value-pack\/","og_locale":"de_DE","og_type":"article","og_title":"Sagrotan Hand Soap with Almond Blossom & Manuka Honey Fragrance - Antibacterial Liquid Soap - 6 x 250 ml Soap Dispenser in Practical Value Pack - PureHiveHoney","og_description":"Entdecken Sie hochwertigen Rohhonig, Bio Honig, Manuka Honig und nat\u00fcrliche Bienenprodukte. PureHiveHoney hilft Ihnen dabei, sorgf\u00e4ltig ausgew\u00e4hlte Honigsorten mit nat\u00fcrlicher Qualit\u00e4t und Reinheit zu entdecken.","og_url":"https:\/\/purehivehoney.com\/de\/product\/sagrotan-hand-soap-with-almond-blossom-manuka-honey-fragrance-antibacterial-liquid-soap-6-x-250-ml-soap-dispenser-in-practical-value-pack\/","og_site_name":"PureHiveHoney","article_modified_time":"2026-03-16T12:47:38+00:00","og_image":[{"url":"https:\/\/images-na.ssl-images-amazon.com\/images\/G\/01\/x-locale\/common\/grey-pixel.gif","type":"","width":"","height":""}],"twitter_card":"summary_large_image","twitter_misc":{"Gesch\u00e4tzte Lesezeit":"1\u00a0Minute"},"schema":{"@context":"https:\/\/schema.org","@graph":[{"@type":"WebPage","@id":"https:\/\/purehivehoney.com\/de\/product\/sagrotan-hand-soap-with-almond-blossom-manuka-honey-fragrance-antibacterial-liquid-soap-6-x-250-ml-soap-dispenser-in-practical-value-pack\/","url":"https:\/\/purehivehoney.com\/de\/product\/sagrotan-hand-soap-with-almond-blossom-manuka-honey-fragrance-antibacterial-liquid-soap-6-x-250-ml-soap-dispenser-in-practical-value-pack\/","name":"Sagrotan Hand Soap with Almond Blossom & Manuka Honey Fragrance - Antibacterial Liquid Soap - 6 x 250 ml Soap Dispenser in Practical Value Pack - PureHiveHoney","isPartOf":{"@id":"https:\/\/purehivehoney.com\/de\/#website"},"primaryImageOfPage":{"@id":"https:\/\/purehivehoney.com\/de\/product\/sagrotan-hand-soap-with-almond-blossom-manuka-honey-fragrance-antibacterial-liquid-soap-6-x-250-ml-soap-dispenser-in-practical-value-pack\/#primaryimage"},"image":{"@id":"https:\/\/purehivehoney.com\/de\/product\/sagrotan-hand-soap-with-almond-blossom-manuka-honey-fragrance-antibacterial-liquid-soap-6-x-250-ml-soap-dispenser-in-practical-value-pack\/#primaryimage"},"thumbnailUrl":"https:\/\/purehivehoney.com\/de\/wp-content\/uploads\/2026\/03\/81Rk8N-jelL._AC_SL1500_.jpg","datePublished":"2026-03-16T12:47:23+00:00","dateModified":"2026-03-16T12:47:38+00:00","description":"Entdecken Sie hochwertigen Rohhonig, Bio Honig, Manuka Honig und nat\u00fcrliche Bienenprodukte. PureHiveHoney hilft Ihnen dabei, sorgf\u00e4ltig ausgew\u00e4hlte Honigsorten mit nat\u00fcrlicher Qualit\u00e4t und Reinheit zu entdecken.","breadcrumb":{"@id":"https:\/\/purehivehoney.com\/de\/product\/sagrotan-hand-soap-with-almond-blossom-manuka-honey-fragrance-antibacterial-liquid-soap-6-x-250-ml-soap-dispenser-in-practical-value-pack\/#breadcrumb"},"inLanguage":"de","potentialAction":[{"@type":"ReadAction","target":["https:\/\/purehivehoney.com\/de\/product\/sagrotan-hand-soap-with-almond-blossom-manuka-honey-fragrance-antibacterial-liquid-soap-6-x-250-ml-soap-dispenser-in-practical-value-pack\/"]}]},{"@type":"ImageObject","inLanguage":"de","@id":"https:\/\/purehivehoney.com\/de\/product\/sagrotan-hand-soap-with-almond-blossom-manuka-honey-fragrance-antibacterial-liquid-soap-6-x-250-ml-soap-dispenser-in-practical-value-pack\/#primaryimage","url":"https:\/\/purehivehoney.com\/de\/wp-content\/uploads\/2026\/03\/81Rk8N-jelL._AC_SL1500_.jpg","contentUrl":"https:\/\/purehivehoney.com\/de\/wp-content\/uploads\/2026\/03\/81Rk8N-jelL._AC_SL1500_.jpg","width":1403,"height":1500},{"@type":"BreadcrumbList","@id":"https:\/\/purehivehoney.com\/de\/product\/sagrotan-hand-soap-with-almond-blossom-manuka-honey-fragrance-antibacterial-liquid-soap-6-x-250-ml-soap-dispenser-in-practical-value-pack\/#breadcrumb","itemListElement":[{"@type":"ListItem","position":1,"name":"Home","item":"https:\/\/purehivehoney.com\/de\/"},{"@type":"ListItem","position":2,"name":"Shop","item":"https:\/\/purehivehoney.com\/de\/shop\/"},{"@type":"ListItem","position":3,"name":"Sagrotan Hand Soap with Almond Blos..."}]},{"@type":"WebSite","@id":"https:\/\/purehivehoney.com\/de\/#website","url":"https:\/\/purehivehoney.com\/de\/","name":"PureHiveHoney","description":"Reiner Honig &amp; Bienenprodukte Online | Rohhonig, Bio Honig &amp; Spezialhonig","publisher":{"@id":"https:\/\/purehivehoney.com\/de\/#organization"},"potentialAction":[{"@type":"SearchAction","target":{"@type":"EntryPoint","urlTemplate":"https:\/\/purehivehoney.com\/de\/?s={search_term_string}"},"query-input":{"@type":"PropertyValueSpecification","valueRequired":true,"valueName":"search_term_string"}}],"inLanguage":"de"},{"@type":"Organization","@id":"https:\/\/purehivehoney.com\/de\/#organization","name":"PureHiveHoney","url":"https:\/\/purehivehoney.com\/de\/","logo":{"@type":"ImageObject","inLanguage":"de","@id":"https:\/\/purehivehoney.com\/de\/#\/schema\/logo\/image\/","url":"https:\/\/purehivehoney.com\/de\/wp-content\/uploads\/2026\/03\/Screenshot-2026-03-16-at-1.06.01-AM.png","contentUrl":"https:\/\/purehivehoney.com\/de\/wp-content\/uploads\/2026\/03\/Screenshot-2026-03-16-at-1.06.01-AM.png","width":2112,"height":1086,"caption":"PureHiveHoney"},"image":{"@id":"https:\/\/purehivehoney.com\/de\/#\/schema\/logo\/image\/"}}]}},"_links":{"self":[{"href":"https:\/\/purehivehoney.com\/de\/wp-json\/wp\/v2\/product\/1580","targetHints":{"allow":["GET"]}}],"collection":[{"href":"https:\/\/purehivehoney.com\/de\/wp-json\/wp\/v2\/product"}],"about":[{"href":"https:\/\/purehivehoney.com\/de\/wp-json\/wp\/v2\/types\/product"}],"replies":[{"embeddable":true,"href":"https:\/\/purehivehoney.com\/de\/wp-json\/wp\/v2\/comments?post=1580"}],"wp:featuredmedia":[{"embeddable":true,"href":"https:\/\/purehivehoney.com\/de\/wp-json\/wp\/v2\/media\/1581"}],"wp:attachment":[{"href":"https:\/\/purehivehoney.com\/de\/wp-json\/wp\/v2\/media?parent=1580"}],"wp:term":[{"taxonomy":"store","embeddable":true,"href":"https:\/\/purehivehoney.com\/de\/wp-json\/wp\/v2\/store?post=1580"},{"taxonomy":"product_brand","embeddable":true,"href":"https:\/\/purehivehoney.com\/de\/wp-json\/wp\/v2\/product_brand?post=1580"},{"taxonomy":"product_cat","embeddable":true,"href":"https:\/\/purehivehoney.com\/de\/wp-json\/wp\/v2\/product_cat?post=1580"},{"taxonomy":"product_tag","embeddable":true,"href":"https:\/\/purehivehoney.com\/de\/wp-json\/wp\/v2\/product_tag?post=1580"}],"curies":[{"name":"wp","href":"https:\/\/api.w.org\/{rel}","templated":true}]}}