{"id":1570,"date":"2026-03-16T12:38:41","date_gmt":"2026-03-16T12:38:41","guid":{"rendered":"https:\/\/purehivehoney.com\/de\/product\/dr-organic-manuka-honey-hand-cream-moisturising-dry-skin-for-men-for-women-natural-vegetarian-cruelty-free-paraben-sls-free-organic-125-ml-pack-of-2\/"},"modified":"2026-03-16T12:38:57","modified_gmt":"2026-03-16T12:38:57","slug":"dr-organic-manuka-honey-hand-cream-moisturising-dry-skin-for-men-for-women-natural-vegetarian-cruelty-free-paraben-sls-free-organic-125-ml-pack-of-2","status":"publish","type":"product","link":"https:\/\/purehivehoney.com\/de\/product\/dr-organic-manuka-honey-hand-cream-moisturising-dry-skin-for-men-for-women-natural-vegetarian-cruelty-free-paraben-sls-free-organic-125-ml-pack-of-2\/","title":{"rendered":"Dr Organic Manuka Honey Hand Cream,..."},"content":{"rendered":"<p>    <span>Apply to cleansed skin and massage in until fully absorbed.<\/span>    <br \/> Is Discontinued By Manufacturer                                            \u200f                                            :                                            \u200e                                            No   <br \/> Product Dimensions                                            \u200f                                            :                                            \u200e                                            13 x 7.7 x 13 cm; 300 g   <br \/> Manufacturer                                            \u200f                                            :                                            \u200e                                            Dr. Organic   <br \/> ASIN                                            \u200f                                            :                                            \u200e                                            B0F8BH1RKC   <br \/> Item model number                                            \u200f                                            :                                            \u200e                                            DR00182   <br \/> Department                                            \u200f                                            :                                            \u200e                                            Unisex &#8211; Adult   <br \/>The following information applies to each unit per pack<br \/>Natural \u2013 Specially formulated to intensively moisturise the skin, nourish the epidermis and regenerate dry hands<br \/>Organic Manuka Honey \u2013 The cleansing properties of Manuka honey distinguish it from conventional honey. Methylglyoxal is its active component and has antioxidant properties that can support skin and hair in their cleansing effect<br \/>Organic ingredients \u2013 made from organic, natural ingredients. We never use parabens, sodium lauryl sulphate (SLS), synthetic dyes, mineral oil, DEA, BHT or isothiazolinones<br \/>SUPPORT OF PLANET ACTION \u2013 Our products are available in recycled and recyclable packaging and on FSC certified cardboard. Where possible, we use recycled plastic from the ocean for our packaging<br \/>VEGETARIAN &#038; CRUELTY-FREE &#8211; We do not test any of our products or raw materials on animals and do not ask third parties to test on our behalf<\/p>\n\n","protected":false},"excerpt":{"rendered":"<p>Apply to cleansed skin and massage in until fully absorbed. Is Discontinued By Manufacturer \u200f : \u200e No Product Dimensions \u200f : \u200e 13 x 7.7 x 13 cm; 300 g Manufacturer \u200f : \u200e Dr. Organic ASIN \u200f : \u200e B0F8BH1RKC Item model number \u200f : \u200e DR00182 Department \u200f : \u200e Unisex &#8211; [&hellip;]<\/p>\n","protected":false},"featured_media":1571,"comment_status":"open","ping_status":"closed","template":"","meta":{"_aipt_faq_data":""},"store":[],"product_brand":[145],"product_cat":[45],"product_tag":[203],"class_list":{"0":"post-1570","1":"product","2":"type-product","3":"status-publish","4":"has-post-thumbnail","6":"product_brand-dr-organic","7":"product_cat-manuka-honig","8":"product_tag-manuka-honig-bio-qualitaet","10":"first","11":"instock","12":"shipping-taxable","13":"product-type-external"},"yoast_head":"<!-- This site is optimized with the Yoast SEO plugin v27.4 - https:\/\/yoast.com\/product\/yoast-seo-wordpress\/ -->\n<title>Dr Organic Manuka Honey Hand Cream, Moisturising, Dry Skin, for Men, for Women, Natural, Vegetarian, Cruelty Free, Paraben &amp; SLS Free, Organic, 125 ml (Pack of 2) - PureHiveHoney<\/title>\n<meta name=\"description\" content=\"Entdecken Sie hochwertigen Rohhonig, Bio Honig, Manuka Honig und nat\u00fcrliche Bienenprodukte. PureHiveHoney hilft Ihnen dabei, sorgf\u00e4ltig ausgew\u00e4hlte Honigsorten mit nat\u00fcrlicher Qualit\u00e4t und Reinheit zu entdecken.\" \/>\n<meta name=\"robots\" content=\"index, follow, max-snippet:-1, max-image-preview:large, max-video-preview:-1\" \/>\n<link rel=\"canonical\" href=\"https:\/\/purehivehoney.com\/de\/product\/dr-organic-manuka-honey-hand-cream-moisturising-dry-skin-for-men-for-women-natural-vegetarian-cruelty-free-paraben-sls-free-organic-125-ml-pack-of-2\/\" \/>\n<meta property=\"og:locale\" content=\"de_DE\" \/>\n<meta property=\"og:type\" content=\"article\" \/>\n<meta property=\"og:title\" content=\"Dr Organic Manuka Honey Hand Cream, Moisturising, Dry Skin, for Men, for Women, Natural, Vegetarian, Cruelty Free, Paraben &amp; SLS Free, Organic, 125 ml (Pack of 2) - PureHiveHoney\" \/>\n<meta property=\"og:description\" content=\"Entdecken Sie hochwertigen Rohhonig, Bio Honig, Manuka Honig und nat\u00fcrliche Bienenprodukte. PureHiveHoney hilft Ihnen dabei, sorgf\u00e4ltig ausgew\u00e4hlte Honigsorten mit nat\u00fcrlicher Qualit\u00e4t und Reinheit zu entdecken.\" \/>\n<meta property=\"og:url\" content=\"https:\/\/purehivehoney.com\/de\/product\/dr-organic-manuka-honey-hand-cream-moisturising-dry-skin-for-men-for-women-natural-vegetarian-cruelty-free-paraben-sls-free-organic-125-ml-pack-of-2\/\" \/>\n<meta property=\"og:site_name\" content=\"PureHiveHoney\" \/>\n<meta property=\"article:modified_time\" content=\"2026-03-16T12:38:57+00:00\" \/>\n<meta name=\"twitter:card\" content=\"summary_large_image\" \/>\n<meta name=\"twitter:label1\" content=\"Gesch\u00e4tzte Lesezeit\" \/>\n\t<meta name=\"twitter:data1\" content=\"1\u00a0Minute\" \/>\n<script type=\"application\/ld+json\" class=\"yoast-schema-graph\">{\"@context\":\"https:\\\/\\\/schema.org\",\"@graph\":[{\"@type\":\"WebPage\",\"@id\":\"https:\\\/\\\/purehivehoney.com\\\/de\\\/product\\\/dr-organic-manuka-honey-hand-cream-moisturising-dry-skin-for-men-for-women-natural-vegetarian-cruelty-free-paraben-sls-free-organic-125-ml-pack-of-2\\\/\",\"url\":\"https:\\\/\\\/purehivehoney.com\\\/de\\\/product\\\/dr-organic-manuka-honey-hand-cream-moisturising-dry-skin-for-men-for-women-natural-vegetarian-cruelty-free-paraben-sls-free-organic-125-ml-pack-of-2\\\/\",\"name\":\"Dr Organic Manuka Honey Hand Cream, Moisturising, Dry Skin, for Men, for Women, Natural, Vegetarian, Cruelty Free, Paraben & SLS Free, Organic, 125 ml (Pack of 2) - PureHiveHoney\",\"isPartOf\":{\"@id\":\"https:\\\/\\\/purehivehoney.com\\\/de\\\/#website\"},\"primaryImageOfPage\":{\"@id\":\"https:\\\/\\\/purehivehoney.com\\\/de\\\/product\\\/dr-organic-manuka-honey-hand-cream-moisturising-dry-skin-for-men-for-women-natural-vegetarian-cruelty-free-paraben-sls-free-organic-125-ml-pack-of-2\\\/#primaryimage\"},\"image\":{\"@id\":\"https:\\\/\\\/purehivehoney.com\\\/de\\\/product\\\/dr-organic-manuka-honey-hand-cream-moisturising-dry-skin-for-men-for-women-natural-vegetarian-cruelty-free-paraben-sls-free-organic-125-ml-pack-of-2\\\/#primaryimage\"},\"thumbnailUrl\":\"https:\\\/\\\/purehivehoney.com\\\/de\\\/wp-content\\\/uploads\\\/2026\\\/03\\\/61Th09RAgtL._SL1500_.jpg\",\"datePublished\":\"2026-03-16T12:38:41+00:00\",\"dateModified\":\"2026-03-16T12:38:57+00:00\",\"description\":\"Entdecken Sie hochwertigen Rohhonig, Bio Honig, Manuka Honig und nat\u00fcrliche Bienenprodukte. PureHiveHoney hilft Ihnen dabei, sorgf\u00e4ltig ausgew\u00e4hlte Honigsorten mit nat\u00fcrlicher Qualit\u00e4t und Reinheit zu entdecken.\",\"breadcrumb\":{\"@id\":\"https:\\\/\\\/purehivehoney.com\\\/de\\\/product\\\/dr-organic-manuka-honey-hand-cream-moisturising-dry-skin-for-men-for-women-natural-vegetarian-cruelty-free-paraben-sls-free-organic-125-ml-pack-of-2\\\/#breadcrumb\"},\"inLanguage\":\"de\",\"potentialAction\":[{\"@type\":\"ReadAction\",\"target\":[\"https:\\\/\\\/purehivehoney.com\\\/de\\\/product\\\/dr-organic-manuka-honey-hand-cream-moisturising-dry-skin-for-men-for-women-natural-vegetarian-cruelty-free-paraben-sls-free-organic-125-ml-pack-of-2\\\/\"]}]},{\"@type\":\"ImageObject\",\"inLanguage\":\"de\",\"@id\":\"https:\\\/\\\/purehivehoney.com\\\/de\\\/product\\\/dr-organic-manuka-honey-hand-cream-moisturising-dry-skin-for-men-for-women-natural-vegetarian-cruelty-free-paraben-sls-free-organic-125-ml-pack-of-2\\\/#primaryimage\",\"url\":\"https:\\\/\\\/purehivehoney.com\\\/de\\\/wp-content\\\/uploads\\\/2026\\\/03\\\/61Th09RAgtL._SL1500_.jpg\",\"contentUrl\":\"https:\\\/\\\/purehivehoney.com\\\/de\\\/wp-content\\\/uploads\\\/2026\\\/03\\\/61Th09RAgtL._SL1500_.jpg\",\"width\":1500,\"height\":778},{\"@type\":\"BreadcrumbList\",\"@id\":\"https:\\\/\\\/purehivehoney.com\\\/de\\\/product\\\/dr-organic-manuka-honey-hand-cream-moisturising-dry-skin-for-men-for-women-natural-vegetarian-cruelty-free-paraben-sls-free-organic-125-ml-pack-of-2\\\/#breadcrumb\",\"itemListElement\":[{\"@type\":\"ListItem\",\"position\":1,\"name\":\"Home\",\"item\":\"https:\\\/\\\/purehivehoney.com\\\/de\\\/\"},{\"@type\":\"ListItem\",\"position\":2,\"name\":\"Shop\",\"item\":\"https:\\\/\\\/purehivehoney.com\\\/de\\\/shop\\\/\"},{\"@type\":\"ListItem\",\"position\":3,\"name\":\"Dr Organic Manuka Honey Hand Cream,...\"}]},{\"@type\":\"WebSite\",\"@id\":\"https:\\\/\\\/purehivehoney.com\\\/de\\\/#website\",\"url\":\"https:\\\/\\\/purehivehoney.com\\\/de\\\/\",\"name\":\"PureHiveHoney\",\"description\":\"Reiner Honig &amp; Bienenprodukte Online | Rohhonig, Bio Honig &amp; Spezialhonig\",\"publisher\":{\"@id\":\"https:\\\/\\\/purehivehoney.com\\\/de\\\/#organization\"},\"potentialAction\":[{\"@type\":\"SearchAction\",\"target\":{\"@type\":\"EntryPoint\",\"urlTemplate\":\"https:\\\/\\\/purehivehoney.com\\\/de\\\/?s={search_term_string}\"},\"query-input\":{\"@type\":\"PropertyValueSpecification\",\"valueRequired\":true,\"valueName\":\"search_term_string\"}}],\"inLanguage\":\"de\"},{\"@type\":\"Organization\",\"@id\":\"https:\\\/\\\/purehivehoney.com\\\/de\\\/#organization\",\"name\":\"PureHiveHoney\",\"url\":\"https:\\\/\\\/purehivehoney.com\\\/de\\\/\",\"logo\":{\"@type\":\"ImageObject\",\"inLanguage\":\"de\",\"@id\":\"https:\\\/\\\/purehivehoney.com\\\/de\\\/#\\\/schema\\\/logo\\\/image\\\/\",\"url\":\"https:\\\/\\\/purehivehoney.com\\\/de\\\/wp-content\\\/uploads\\\/2026\\\/03\\\/Screenshot-2026-03-16-at-1.06.01-AM.png\",\"contentUrl\":\"https:\\\/\\\/purehivehoney.com\\\/de\\\/wp-content\\\/uploads\\\/2026\\\/03\\\/Screenshot-2026-03-16-at-1.06.01-AM.png\",\"width\":2112,\"height\":1086,\"caption\":\"PureHiveHoney\"},\"image\":{\"@id\":\"https:\\\/\\\/purehivehoney.com\\\/de\\\/#\\\/schema\\\/logo\\\/image\\\/\"}}]}<\/script>\n<!-- \/ Yoast SEO plugin. -->","yoast_head_json":{"title":"Dr Organic Manuka Honey Hand Cream, Moisturising, Dry Skin, for Men, for Women, Natural, Vegetarian, Cruelty Free, Paraben & SLS Free, Organic, 125 ml (Pack of 2) - PureHiveHoney","description":"Entdecken Sie hochwertigen Rohhonig, Bio Honig, Manuka Honig und nat\u00fcrliche Bienenprodukte. PureHiveHoney hilft Ihnen dabei, sorgf\u00e4ltig ausgew\u00e4hlte Honigsorten mit nat\u00fcrlicher Qualit\u00e4t und Reinheit zu entdecken.","robots":{"index":"index","follow":"follow","max-snippet":"max-snippet:-1","max-image-preview":"max-image-preview:large","max-video-preview":"max-video-preview:-1"},"canonical":"https:\/\/purehivehoney.com\/de\/product\/dr-organic-manuka-honey-hand-cream-moisturising-dry-skin-for-men-for-women-natural-vegetarian-cruelty-free-paraben-sls-free-organic-125-ml-pack-of-2\/","og_locale":"de_DE","og_type":"article","og_title":"Dr Organic Manuka Honey Hand Cream, Moisturising, Dry Skin, for Men, for Women, Natural, Vegetarian, Cruelty Free, Paraben & SLS Free, Organic, 125 ml (Pack of 2) - PureHiveHoney","og_description":"Entdecken Sie hochwertigen Rohhonig, Bio Honig, Manuka Honig und nat\u00fcrliche Bienenprodukte. PureHiveHoney hilft Ihnen dabei, sorgf\u00e4ltig ausgew\u00e4hlte Honigsorten mit nat\u00fcrlicher Qualit\u00e4t und Reinheit zu entdecken.","og_url":"https:\/\/purehivehoney.com\/de\/product\/dr-organic-manuka-honey-hand-cream-moisturising-dry-skin-for-men-for-women-natural-vegetarian-cruelty-free-paraben-sls-free-organic-125-ml-pack-of-2\/","og_site_name":"PureHiveHoney","article_modified_time":"2026-03-16T12:38:57+00:00","twitter_card":"summary_large_image","twitter_misc":{"Gesch\u00e4tzte Lesezeit":"1\u00a0Minute"},"schema":{"@context":"https:\/\/schema.org","@graph":[{"@type":"WebPage","@id":"https:\/\/purehivehoney.com\/de\/product\/dr-organic-manuka-honey-hand-cream-moisturising-dry-skin-for-men-for-women-natural-vegetarian-cruelty-free-paraben-sls-free-organic-125-ml-pack-of-2\/","url":"https:\/\/purehivehoney.com\/de\/product\/dr-organic-manuka-honey-hand-cream-moisturising-dry-skin-for-men-for-women-natural-vegetarian-cruelty-free-paraben-sls-free-organic-125-ml-pack-of-2\/","name":"Dr Organic Manuka Honey Hand Cream, Moisturising, Dry Skin, for Men, for Women, Natural, Vegetarian, Cruelty Free, Paraben & SLS Free, Organic, 125 ml (Pack of 2) - PureHiveHoney","isPartOf":{"@id":"https:\/\/purehivehoney.com\/de\/#website"},"primaryImageOfPage":{"@id":"https:\/\/purehivehoney.com\/de\/product\/dr-organic-manuka-honey-hand-cream-moisturising-dry-skin-for-men-for-women-natural-vegetarian-cruelty-free-paraben-sls-free-organic-125-ml-pack-of-2\/#primaryimage"},"image":{"@id":"https:\/\/purehivehoney.com\/de\/product\/dr-organic-manuka-honey-hand-cream-moisturising-dry-skin-for-men-for-women-natural-vegetarian-cruelty-free-paraben-sls-free-organic-125-ml-pack-of-2\/#primaryimage"},"thumbnailUrl":"https:\/\/purehivehoney.com\/de\/wp-content\/uploads\/2026\/03\/61Th09RAgtL._SL1500_.jpg","datePublished":"2026-03-16T12:38:41+00:00","dateModified":"2026-03-16T12:38:57+00:00","description":"Entdecken Sie hochwertigen Rohhonig, Bio Honig, Manuka Honig und nat\u00fcrliche Bienenprodukte. PureHiveHoney hilft Ihnen dabei, sorgf\u00e4ltig ausgew\u00e4hlte Honigsorten mit nat\u00fcrlicher Qualit\u00e4t und Reinheit zu entdecken.","breadcrumb":{"@id":"https:\/\/purehivehoney.com\/de\/product\/dr-organic-manuka-honey-hand-cream-moisturising-dry-skin-for-men-for-women-natural-vegetarian-cruelty-free-paraben-sls-free-organic-125-ml-pack-of-2\/#breadcrumb"},"inLanguage":"de","potentialAction":[{"@type":"ReadAction","target":["https:\/\/purehivehoney.com\/de\/product\/dr-organic-manuka-honey-hand-cream-moisturising-dry-skin-for-men-for-women-natural-vegetarian-cruelty-free-paraben-sls-free-organic-125-ml-pack-of-2\/"]}]},{"@type":"ImageObject","inLanguage":"de","@id":"https:\/\/purehivehoney.com\/de\/product\/dr-organic-manuka-honey-hand-cream-moisturising-dry-skin-for-men-for-women-natural-vegetarian-cruelty-free-paraben-sls-free-organic-125-ml-pack-of-2\/#primaryimage","url":"https:\/\/purehivehoney.com\/de\/wp-content\/uploads\/2026\/03\/61Th09RAgtL._SL1500_.jpg","contentUrl":"https:\/\/purehivehoney.com\/de\/wp-content\/uploads\/2026\/03\/61Th09RAgtL._SL1500_.jpg","width":1500,"height":778},{"@type":"BreadcrumbList","@id":"https:\/\/purehivehoney.com\/de\/product\/dr-organic-manuka-honey-hand-cream-moisturising-dry-skin-for-men-for-women-natural-vegetarian-cruelty-free-paraben-sls-free-organic-125-ml-pack-of-2\/#breadcrumb","itemListElement":[{"@type":"ListItem","position":1,"name":"Home","item":"https:\/\/purehivehoney.com\/de\/"},{"@type":"ListItem","position":2,"name":"Shop","item":"https:\/\/purehivehoney.com\/de\/shop\/"},{"@type":"ListItem","position":3,"name":"Dr Organic Manuka Honey Hand Cream,..."}]},{"@type":"WebSite","@id":"https:\/\/purehivehoney.com\/de\/#website","url":"https:\/\/purehivehoney.com\/de\/","name":"PureHiveHoney","description":"Reiner Honig &amp; Bienenprodukte Online | Rohhonig, Bio Honig &amp; Spezialhonig","publisher":{"@id":"https:\/\/purehivehoney.com\/de\/#organization"},"potentialAction":[{"@type":"SearchAction","target":{"@type":"EntryPoint","urlTemplate":"https:\/\/purehivehoney.com\/de\/?s={search_term_string}"},"query-input":{"@type":"PropertyValueSpecification","valueRequired":true,"valueName":"search_term_string"}}],"inLanguage":"de"},{"@type":"Organization","@id":"https:\/\/purehivehoney.com\/de\/#organization","name":"PureHiveHoney","url":"https:\/\/purehivehoney.com\/de\/","logo":{"@type":"ImageObject","inLanguage":"de","@id":"https:\/\/purehivehoney.com\/de\/#\/schema\/logo\/image\/","url":"https:\/\/purehivehoney.com\/de\/wp-content\/uploads\/2026\/03\/Screenshot-2026-03-16-at-1.06.01-AM.png","contentUrl":"https:\/\/purehivehoney.com\/de\/wp-content\/uploads\/2026\/03\/Screenshot-2026-03-16-at-1.06.01-AM.png","width":2112,"height":1086,"caption":"PureHiveHoney"},"image":{"@id":"https:\/\/purehivehoney.com\/de\/#\/schema\/logo\/image\/"}}]}},"_links":{"self":[{"href":"https:\/\/purehivehoney.com\/de\/wp-json\/wp\/v2\/product\/1570","targetHints":{"allow":["GET"]}}],"collection":[{"href":"https:\/\/purehivehoney.com\/de\/wp-json\/wp\/v2\/product"}],"about":[{"href":"https:\/\/purehivehoney.com\/de\/wp-json\/wp\/v2\/types\/product"}],"replies":[{"embeddable":true,"href":"https:\/\/purehivehoney.com\/de\/wp-json\/wp\/v2\/comments?post=1570"}],"wp:featuredmedia":[{"embeddable":true,"href":"https:\/\/purehivehoney.com\/de\/wp-json\/wp\/v2\/media\/1571"}],"wp:attachment":[{"href":"https:\/\/purehivehoney.com\/de\/wp-json\/wp\/v2\/media?parent=1570"}],"wp:term":[{"taxonomy":"store","embeddable":true,"href":"https:\/\/purehivehoney.com\/de\/wp-json\/wp\/v2\/store?post=1570"},{"taxonomy":"product_brand","embeddable":true,"href":"https:\/\/purehivehoney.com\/de\/wp-json\/wp\/v2\/product_brand?post=1570"},{"taxonomy":"product_cat","embeddable":true,"href":"https:\/\/purehivehoney.com\/de\/wp-json\/wp\/v2\/product_cat?post=1570"},{"taxonomy":"product_tag","embeddable":true,"href":"https:\/\/purehivehoney.com\/de\/wp-json\/wp\/v2\/product_tag?post=1570"}],"curies":[{"name":"wp","href":"https:\/\/api.w.org\/{rel}","templated":true}]}}