{"id":1568,"date":"2026-03-16T12:19:47","date_gmt":"2026-03-16T12:19:47","guid":{"rendered":"https:\/\/purehivehoney.com\/de\/product\/das-honigbuch-die-gewinnung-behandlung-und-bewertung-des-honigs\/"},"modified":"2026-03-16T12:19:48","modified_gmt":"2026-03-16T12:19:48","slug":"das-honigbuch-die-gewinnung-behandlung-und-bewertung-des-honigs","status":"publish","type":"product","link":"https:\/\/purehivehoney.com\/de\/product\/das-honigbuch-die-gewinnung-behandlung-und-bewertung-des-honigs\/","title":{"rendered":"Das Honigbuch: Die Gewinnung, Behan..."},"content":{"rendered":"<p>  Der Autor des vorliegenden Honigbuches Friedrich Theodor Otto war Leiter der staatlich anerkannten Lehr= und Versuchsanstalt f\u00fcr Bienenzucht in Bad Segeberg. Er beschreibt im Buch die Gewinnung, Behandlung und Bewertung des Honigs in Wort und Bild. Illustriert mit 32 S\/W-Abbildungen. Entsprechend der Gewinnung des Honigs unterscheidet man verschiedene Sorten. Aus der Wabe wird der Honig in einer speziellen Zentrifuge, einer so genannten \u201eHonigschleuder\u201c, bei Umgebungstemperatur gewonnen. Wichtiger f\u00fcr die Erhaltung der Inhaltsstoffe im Honig ist unter anderem die k\u00fchle Lagerung. Honig sollte m\u00f6glichst nicht \u00fcber 40 \u00b0C erw\u00e4rmt werden, damit die Inhaltsstoffe erhalten bleiben. Eine Besonderheit stellt die Gewinnung von Heidehonig wegen seiner geleeartigen Konsistenz dar. Traditionell, in der Heideimkerei, wird dieser gepresst. Dazu werden ausgeschnittene, unbebr\u00fctete Wabenst\u00fccke in rei\u00dffeste T\u00fccher eingeschlagen und bei Raumtemperatur per Spindelpresse ausgepresst. Die Farbe eines Honigs kann zwischen wei\u00df bis hellgelb, gelb, beigefarben, braun und gr\u00fcnschwarz variieren. Sie ist ebenso wie der Geschmack abh\u00e4ngig von den besuchten Bl\u00fcten oder dem gesammelten Honigtau. Die Konsistenz von Honig reicht von d\u00fcnnfl\u00fcssig \u00fcber cremig bis fest. Sie h\u00e4ngt vom Fructose-Glucose-Verh\u00e4ltnis ab und davon, wie der Honig weiterverarbeitet und gelagert wird.Nachdruck der Originalauflage von 1941.    <br \/>Publisher                                            \u200f                                            :                                            \u200e                                                        saxoniabuch       <br \/> Publication date                                            \u200f                                            :                                            \u200e                                                        12 Dec. 2016       <br \/> Language                                            \u200f                                            :                                            \u200e                                            German   <br \/> Print length                                            \u200f                                            :                                            \u200e                                                        108 pages       <br \/> ISBN-10                                            \u200f                                            :                                            \u200e                                                        3957704588       <br \/> ISBN-13                                            \u200f                                            :                                            \u200e                                                        978-3957704580       <br \/> Dimensions                                            \u200f                                            :                                            \u200e                                                        14.81 x 0.64 x 21.01 cm       <br \/>       Best Sellers Rank:  297,719 in Books (See Top 100 in Books)    1,316 in Slim &#038; Healthy Cooking (Books)   1,637 in Organic Food   35,398 in Home &#038; Garden (Books)      <br \/>  Customer reviews:                                                                                            2.8               2.8 out of 5 stars                                  (2)                                              var dpAcrHasRegisteredArcLinkClickAction;                    P.when(&#8218;A&#8216;, &#8218;ready&#8216;).execute(function(A) {                        if (dpAcrHasRegisteredArcLinkClickAction !== true) {                            dpAcrHasRegisteredArcLinkClickAction = true;                            A.declarative(                                &#8218;acrLink-click-metrics&#8216;, &#8218;click&#8216;,                                { &#8222;allowLinkDefault&#8220;: true },                                function (event) {                                    if (window.ue) {                                        ue.count(&#8222;acrLinkClickCount&#8220;, (ue.count(&#8222;acrLinkClickCount&#8220;) || 0) + 1);                                    }                                }                            );                        }                    });                                             P.when(&#8218;A&#8216;, &#8218;cf&#8216;).execute(function(A) {                A.declarative(&#8218;acrStarsLink-click-metrics&#8216;, &#8218;click&#8216;, { &#8222;allowLinkDefault&#8220; : true },  function(event){                    if(window.ue) {                        ue.count(&#8222;acrStarsLinkWithPopoverClickCount&#8220;, (ue.count(&#8222;acrStarsLinkWithPopoverClickCount&#8220;) || 0) + 1);                    }                });            });                          <br \/><\/p>\n","protected":false},"excerpt":{"rendered":"<p>Der Autor des vorliegenden Honigbuches Friedrich Theodor Otto war Leiter der staatlich anerkannten Lehr= und Versuchsanstalt f\u00fcr Bienenzucht in Bad Segeberg. Er beschreibt im Buch die Gewinnung, Behandlung und Bewertung des Honigs in Wort und Bild. Illustriert mit 32 S\/W-Abbildungen. Entsprechend der Gewinnung des Honigs unterscheidet man verschiedene Sorten. Aus der Wabe wird der Honig [&hellip;]<\/p>\n","protected":false},"featured_media":1569,"comment_status":"open","ping_status":"closed","template":"","meta":{"_aipt_faq_data":""},"store":[],"product_brand":[],"product_cat":[57],"product_tag":[174],"class_list":{"0":"post-1568","1":"product","2":"type-product","3":"status-publish","4":"has-post-thumbnail","6":"product_cat-honigbutter","7":"product_tag-honigbutter-zum-fruehstueck","9":"first","10":"instock","11":"shipping-taxable","12":"product-type-external"},"yoast_head":"<!-- This site is optimized with the Yoast SEO plugin v27.4 - https:\/\/yoast.com\/product\/yoast-seo-wordpress\/ -->\n<title>Das Honigbuch: Die Gewinnung, Behandlung und Bewertung des Honigs - PureHiveHoney<\/title>\n<meta name=\"description\" content=\"Entdecken Sie hochwertigen Rohhonig, Bio Honig, Manuka Honig und nat\u00fcrliche Bienenprodukte. PureHiveHoney hilft Ihnen dabei, sorgf\u00e4ltig ausgew\u00e4hlte Honigsorten mit nat\u00fcrlicher Qualit\u00e4t und Reinheit zu entdecken.\" \/>\n<meta name=\"robots\" content=\"index, follow, max-snippet:-1, max-image-preview:large, max-video-preview:-1\" \/>\n<link rel=\"canonical\" href=\"https:\/\/purehivehoney.com\/de\/product\/das-honigbuch-die-gewinnung-behandlung-und-bewertung-des-honigs\/\" \/>\n<meta property=\"og:locale\" content=\"de_DE\" \/>\n<meta property=\"og:type\" content=\"article\" \/>\n<meta property=\"og:title\" content=\"Das Honigbuch: Die Gewinnung, Behandlung und Bewertung des Honigs - PureHiveHoney\" \/>\n<meta property=\"og:description\" content=\"Entdecken Sie hochwertigen Rohhonig, Bio Honig, Manuka Honig und nat\u00fcrliche Bienenprodukte. PureHiveHoney hilft Ihnen dabei, sorgf\u00e4ltig ausgew\u00e4hlte Honigsorten mit nat\u00fcrlicher Qualit\u00e4t und Reinheit zu entdecken.\" \/>\n<meta property=\"og:url\" content=\"https:\/\/purehivehoney.com\/de\/product\/das-honigbuch-die-gewinnung-behandlung-und-bewertung-des-honigs\/\" \/>\n<meta property=\"og:site_name\" content=\"PureHiveHoney\" \/>\n<meta property=\"article:modified_time\" content=\"2026-03-16T12:19:48+00:00\" \/>\n<meta name=\"twitter:card\" content=\"summary_large_image\" \/>\n<meta name=\"twitter:label1\" content=\"Gesch\u00e4tzte Lesezeit\" \/>\n\t<meta name=\"twitter:data1\" content=\"2\u00a0Minuten\" \/>\n<script type=\"application\/ld+json\" class=\"yoast-schema-graph\">{\"@context\":\"https:\\\/\\\/schema.org\",\"@graph\":[{\"@type\":\"WebPage\",\"@id\":\"https:\\\/\\\/purehivehoney.com\\\/de\\\/product\\\/das-honigbuch-die-gewinnung-behandlung-und-bewertung-des-honigs\\\/\",\"url\":\"https:\\\/\\\/purehivehoney.com\\\/de\\\/product\\\/das-honigbuch-die-gewinnung-behandlung-und-bewertung-des-honigs\\\/\",\"name\":\"Das Honigbuch: Die Gewinnung, Behandlung und Bewertung des Honigs - PureHiveHoney\",\"isPartOf\":{\"@id\":\"https:\\\/\\\/purehivehoney.com\\\/de\\\/#website\"},\"primaryImageOfPage\":{\"@id\":\"https:\\\/\\\/purehivehoney.com\\\/de\\\/product\\\/das-honigbuch-die-gewinnung-behandlung-und-bewertung-des-honigs\\\/#primaryimage\"},\"image\":{\"@id\":\"https:\\\/\\\/purehivehoney.com\\\/de\\\/product\\\/das-honigbuch-die-gewinnung-behandlung-und-bewertung-des-honigs\\\/#primaryimage\"},\"thumbnailUrl\":\"https:\\\/\\\/purehivehoney.com\\\/de\\\/wp-content\\\/uploads\\\/2026\\\/03\\\/81AuA9bsrQL._SL1500_.jpg\",\"datePublished\":\"2026-03-16T12:19:47+00:00\",\"dateModified\":\"2026-03-16T12:19:48+00:00\",\"description\":\"Entdecken Sie hochwertigen Rohhonig, Bio Honig, Manuka Honig und nat\u00fcrliche Bienenprodukte. PureHiveHoney hilft Ihnen dabei, sorgf\u00e4ltig ausgew\u00e4hlte Honigsorten mit nat\u00fcrlicher Qualit\u00e4t und Reinheit zu entdecken.\",\"breadcrumb\":{\"@id\":\"https:\\\/\\\/purehivehoney.com\\\/de\\\/product\\\/das-honigbuch-die-gewinnung-behandlung-und-bewertung-des-honigs\\\/#breadcrumb\"},\"inLanguage\":\"de\",\"potentialAction\":[{\"@type\":\"ReadAction\",\"target\":[\"https:\\\/\\\/purehivehoney.com\\\/de\\\/product\\\/das-honigbuch-die-gewinnung-behandlung-und-bewertung-des-honigs\\\/\"]}]},{\"@type\":\"ImageObject\",\"inLanguage\":\"de\",\"@id\":\"https:\\\/\\\/purehivehoney.com\\\/de\\\/product\\\/das-honigbuch-die-gewinnung-behandlung-und-bewertung-des-honigs\\\/#primaryimage\",\"url\":\"https:\\\/\\\/purehivehoney.com\\\/de\\\/wp-content\\\/uploads\\\/2026\\\/03\\\/81AuA9bsrQL._SL1500_.jpg\",\"contentUrl\":\"https:\\\/\\\/purehivehoney.com\\\/de\\\/wp-content\\\/uploads\\\/2026\\\/03\\\/81AuA9bsrQL._SL1500_.jpg\",\"width\":1057,\"height\":1500},{\"@type\":\"BreadcrumbList\",\"@id\":\"https:\\\/\\\/purehivehoney.com\\\/de\\\/product\\\/das-honigbuch-die-gewinnung-behandlung-und-bewertung-des-honigs\\\/#breadcrumb\",\"itemListElement\":[{\"@type\":\"ListItem\",\"position\":1,\"name\":\"Home\",\"item\":\"https:\\\/\\\/purehivehoney.com\\\/de\\\/\"},{\"@type\":\"ListItem\",\"position\":2,\"name\":\"Shop\",\"item\":\"https:\\\/\\\/purehivehoney.com\\\/de\\\/shop\\\/\"},{\"@type\":\"ListItem\",\"position\":3,\"name\":\"Das Honigbuch: Die Gewinnung, Behan...\"}]},{\"@type\":\"WebSite\",\"@id\":\"https:\\\/\\\/purehivehoney.com\\\/de\\\/#website\",\"url\":\"https:\\\/\\\/purehivehoney.com\\\/de\\\/\",\"name\":\"PureHiveHoney\",\"description\":\"Reiner Honig &amp; Bienenprodukte Online | Rohhonig, Bio Honig &amp; Spezialhonig\",\"publisher\":{\"@id\":\"https:\\\/\\\/purehivehoney.com\\\/de\\\/#organization\"},\"potentialAction\":[{\"@type\":\"SearchAction\",\"target\":{\"@type\":\"EntryPoint\",\"urlTemplate\":\"https:\\\/\\\/purehivehoney.com\\\/de\\\/?s={search_term_string}\"},\"query-input\":{\"@type\":\"PropertyValueSpecification\",\"valueRequired\":true,\"valueName\":\"search_term_string\"}}],\"inLanguage\":\"de\"},{\"@type\":\"Organization\",\"@id\":\"https:\\\/\\\/purehivehoney.com\\\/de\\\/#organization\",\"name\":\"PureHiveHoney\",\"url\":\"https:\\\/\\\/purehivehoney.com\\\/de\\\/\",\"logo\":{\"@type\":\"ImageObject\",\"inLanguage\":\"de\",\"@id\":\"https:\\\/\\\/purehivehoney.com\\\/de\\\/#\\\/schema\\\/logo\\\/image\\\/\",\"url\":\"https:\\\/\\\/purehivehoney.com\\\/de\\\/wp-content\\\/uploads\\\/2026\\\/03\\\/Screenshot-2026-03-16-at-1.06.01-AM.png\",\"contentUrl\":\"https:\\\/\\\/purehivehoney.com\\\/de\\\/wp-content\\\/uploads\\\/2026\\\/03\\\/Screenshot-2026-03-16-at-1.06.01-AM.png\",\"width\":2112,\"height\":1086,\"caption\":\"PureHiveHoney\"},\"image\":{\"@id\":\"https:\\\/\\\/purehivehoney.com\\\/de\\\/#\\\/schema\\\/logo\\\/image\\\/\"}}]}<\/script>\n<!-- \/ Yoast SEO plugin. -->","yoast_head_json":{"title":"Das Honigbuch: Die Gewinnung, Behandlung und Bewertung des Honigs - PureHiveHoney","description":"Entdecken Sie hochwertigen Rohhonig, Bio Honig, Manuka Honig und nat\u00fcrliche Bienenprodukte. PureHiveHoney hilft Ihnen dabei, sorgf\u00e4ltig ausgew\u00e4hlte Honigsorten mit nat\u00fcrlicher Qualit\u00e4t und Reinheit zu entdecken.","robots":{"index":"index","follow":"follow","max-snippet":"max-snippet:-1","max-image-preview":"max-image-preview:large","max-video-preview":"max-video-preview:-1"},"canonical":"https:\/\/purehivehoney.com\/de\/product\/das-honigbuch-die-gewinnung-behandlung-und-bewertung-des-honigs\/","og_locale":"de_DE","og_type":"article","og_title":"Das Honigbuch: Die Gewinnung, Behandlung und Bewertung des Honigs - PureHiveHoney","og_description":"Entdecken Sie hochwertigen Rohhonig, Bio Honig, Manuka Honig und nat\u00fcrliche Bienenprodukte. PureHiveHoney hilft Ihnen dabei, sorgf\u00e4ltig ausgew\u00e4hlte Honigsorten mit nat\u00fcrlicher Qualit\u00e4t und Reinheit zu entdecken.","og_url":"https:\/\/purehivehoney.com\/de\/product\/das-honigbuch-die-gewinnung-behandlung-und-bewertung-des-honigs\/","og_site_name":"PureHiveHoney","article_modified_time":"2026-03-16T12:19:48+00:00","twitter_card":"summary_large_image","twitter_misc":{"Gesch\u00e4tzte Lesezeit":"2\u00a0Minuten"},"schema":{"@context":"https:\/\/schema.org","@graph":[{"@type":"WebPage","@id":"https:\/\/purehivehoney.com\/de\/product\/das-honigbuch-die-gewinnung-behandlung-und-bewertung-des-honigs\/","url":"https:\/\/purehivehoney.com\/de\/product\/das-honigbuch-die-gewinnung-behandlung-und-bewertung-des-honigs\/","name":"Das Honigbuch: Die Gewinnung, Behandlung und Bewertung des Honigs - PureHiveHoney","isPartOf":{"@id":"https:\/\/purehivehoney.com\/de\/#website"},"primaryImageOfPage":{"@id":"https:\/\/purehivehoney.com\/de\/product\/das-honigbuch-die-gewinnung-behandlung-und-bewertung-des-honigs\/#primaryimage"},"image":{"@id":"https:\/\/purehivehoney.com\/de\/product\/das-honigbuch-die-gewinnung-behandlung-und-bewertung-des-honigs\/#primaryimage"},"thumbnailUrl":"https:\/\/purehivehoney.com\/de\/wp-content\/uploads\/2026\/03\/81AuA9bsrQL._SL1500_.jpg","datePublished":"2026-03-16T12:19:47+00:00","dateModified":"2026-03-16T12:19:48+00:00","description":"Entdecken Sie hochwertigen Rohhonig, Bio Honig, Manuka Honig und nat\u00fcrliche Bienenprodukte. PureHiveHoney hilft Ihnen dabei, sorgf\u00e4ltig ausgew\u00e4hlte Honigsorten mit nat\u00fcrlicher Qualit\u00e4t und Reinheit zu entdecken.","breadcrumb":{"@id":"https:\/\/purehivehoney.com\/de\/product\/das-honigbuch-die-gewinnung-behandlung-und-bewertung-des-honigs\/#breadcrumb"},"inLanguage":"de","potentialAction":[{"@type":"ReadAction","target":["https:\/\/purehivehoney.com\/de\/product\/das-honigbuch-die-gewinnung-behandlung-und-bewertung-des-honigs\/"]}]},{"@type":"ImageObject","inLanguage":"de","@id":"https:\/\/purehivehoney.com\/de\/product\/das-honigbuch-die-gewinnung-behandlung-und-bewertung-des-honigs\/#primaryimage","url":"https:\/\/purehivehoney.com\/de\/wp-content\/uploads\/2026\/03\/81AuA9bsrQL._SL1500_.jpg","contentUrl":"https:\/\/purehivehoney.com\/de\/wp-content\/uploads\/2026\/03\/81AuA9bsrQL._SL1500_.jpg","width":1057,"height":1500},{"@type":"BreadcrumbList","@id":"https:\/\/purehivehoney.com\/de\/product\/das-honigbuch-die-gewinnung-behandlung-und-bewertung-des-honigs\/#breadcrumb","itemListElement":[{"@type":"ListItem","position":1,"name":"Home","item":"https:\/\/purehivehoney.com\/de\/"},{"@type":"ListItem","position":2,"name":"Shop","item":"https:\/\/purehivehoney.com\/de\/shop\/"},{"@type":"ListItem","position":3,"name":"Das Honigbuch: Die Gewinnung, Behan..."}]},{"@type":"WebSite","@id":"https:\/\/purehivehoney.com\/de\/#website","url":"https:\/\/purehivehoney.com\/de\/","name":"PureHiveHoney","description":"Reiner Honig &amp; Bienenprodukte Online | Rohhonig, Bio Honig &amp; Spezialhonig","publisher":{"@id":"https:\/\/purehivehoney.com\/de\/#organization"},"potentialAction":[{"@type":"SearchAction","target":{"@type":"EntryPoint","urlTemplate":"https:\/\/purehivehoney.com\/de\/?s={search_term_string}"},"query-input":{"@type":"PropertyValueSpecification","valueRequired":true,"valueName":"search_term_string"}}],"inLanguage":"de"},{"@type":"Organization","@id":"https:\/\/purehivehoney.com\/de\/#organization","name":"PureHiveHoney","url":"https:\/\/purehivehoney.com\/de\/","logo":{"@type":"ImageObject","inLanguage":"de","@id":"https:\/\/purehivehoney.com\/de\/#\/schema\/logo\/image\/","url":"https:\/\/purehivehoney.com\/de\/wp-content\/uploads\/2026\/03\/Screenshot-2026-03-16-at-1.06.01-AM.png","contentUrl":"https:\/\/purehivehoney.com\/de\/wp-content\/uploads\/2026\/03\/Screenshot-2026-03-16-at-1.06.01-AM.png","width":2112,"height":1086,"caption":"PureHiveHoney"},"image":{"@id":"https:\/\/purehivehoney.com\/de\/#\/schema\/logo\/image\/"}}]}},"_links":{"self":[{"href":"https:\/\/purehivehoney.com\/de\/wp-json\/wp\/v2\/product\/1568","targetHints":{"allow":["GET"]}}],"collection":[{"href":"https:\/\/purehivehoney.com\/de\/wp-json\/wp\/v2\/product"}],"about":[{"href":"https:\/\/purehivehoney.com\/de\/wp-json\/wp\/v2\/types\/product"}],"replies":[{"embeddable":true,"href":"https:\/\/purehivehoney.com\/de\/wp-json\/wp\/v2\/comments?post=1568"}],"wp:featuredmedia":[{"embeddable":true,"href":"https:\/\/purehivehoney.com\/de\/wp-json\/wp\/v2\/media\/1569"}],"wp:attachment":[{"href":"https:\/\/purehivehoney.com\/de\/wp-json\/wp\/v2\/media?parent=1568"}],"wp:term":[{"taxonomy":"store","embeddable":true,"href":"https:\/\/purehivehoney.com\/de\/wp-json\/wp\/v2\/store?post=1568"},{"taxonomy":"product_brand","embeddable":true,"href":"https:\/\/purehivehoney.com\/de\/wp-json\/wp\/v2\/product_brand?post=1568"},{"taxonomy":"product_cat","embeddable":true,"href":"https:\/\/purehivehoney.com\/de\/wp-json\/wp\/v2\/product_cat?post=1568"},{"taxonomy":"product_tag","embeddable":true,"href":"https:\/\/purehivehoney.com\/de\/wp-json\/wp\/v2\/product_tag?post=1568"}],"curies":[{"name":"wp","href":"https:\/\/api.w.org\/{rel}","templated":true}]}}