{"id":1566,"date":"2026-03-16T12:09:04","date_gmt":"2026-03-16T12:09:04","guid":{"rendered":"https:\/\/purehivehoney.com\/de\/product\/keltican-forte-capsules-5-x-40-pieces-200-pieces-supports-the-regeneration-of-peripheral-nerves\/"},"modified":"2026-03-16T12:09:05","modified_gmt":"2026-03-16T12:09:05","slug":"keltican-forte-capsules-5-x-40-pieces-200-pieces-supports-the-regeneration-of-peripheral-nerves","status":"publish","type":"product","link":"https:\/\/purehivehoney.com\/de\/product\/keltican-forte-capsules-5-x-40-pieces-200-pieces-supports-the-regeneration-of-peripheral-nerves\/","title":{"rendered":"Keltican Forte Capsules, 5 x 40 Pie..."},"content":{"rendered":"<p>                                             From the brand   <\/p>\n<p>                                              <img decoding=\"async\" alt=\"\" src=\"https:\/\/images-na.ssl-images-amazon.com\/images\/G\/01\/x-locale\/common\/grey-pixel.gif\" class=\"a-lazy-loaded\" data-src=\"https:\/\/m.media-amazon.com\/images\/S\/aplus-media-library-service-media\/a2e99b2d-645e-41d2-a9fb-2ed833814e11.__CR0,0,2928,1250_PT0_SX1464_V1___.jpg\"><img decoding=\"async\" alt=\"\" src=\"https:\/\/m.media-amazon.com\/images\/S\/aplus-media-library-service-media\/a2e99b2d-645e-41d2-a9fb-2ed833814e11.__CR0,0,2928,1250_PT0_SX1464_V1___.jpg\">  <\/p>\n<p>                                              <img decoding=\"async\" alt=\"\" src=\"https:\/\/images-na.ssl-images-amazon.com\/images\/G\/01\/x-locale\/common\/grey-pixel.gif\" class=\"a-lazy-loaded\" data-src=\"https:\/\/m.media-amazon.com\/images\/S\/aplus-media-library-service-media\/ce01f6d5-9e12-4347-a5a6-b5c6ca54aaa4.__CR0,46,720,331_PT0_SX315_V1___.jpg\"><img decoding=\"async\" alt=\"\" src=\"https:\/\/m.media-amazon.com\/images\/S\/aplus-media-library-service-media\/ce01f6d5-9e12-4347-a5a6-b5c6ca54aaa4.__CR0,46,720,331_PT0_SX315_V1___.jpg\">  <\/p>\n<h3> Dermapharm AG <\/h3>\n<p> Dermapharm is an innovative and fast-growing manufacturer of branded medicines and other health products. Founded in 1991, the company is based in Gr\u00fcnwald near Munich. Dermapharm sells more than 1,200 drug approvals with over 380 pharmaceutical active ingredients in the &#8222;Branded Medicines&#8220; segment. <\/p>\n<h3> Dekristol <\/h3>\n<p class=\"apm-brand-story-stores-link\">\n<h3> minoxicutane <\/h3>\n<p class=\"apm-brand-story-stores-link\">\n<h3> Dekristolvit <\/h3>\n<p class=\"apm-brand-story-stores-link\">\n<h3> Dermapharm AG <\/h3>\n<p class=\"apm-brand-story-stores-link\">\n<h3> china oil <\/h3>\n<p class=\"apm-brand-story-stores-link\">\n<h3> tromcardin <\/h3>\n<p class=\"apm-brand-story-stores-link\">\n<h3> Lactofem <\/h3>\n<p class=\"apm-brand-story-stores-link\">\n<h3> ibutop <\/h3>\n<p class=\"apm-brand-story-stores-link\">\n<h3> Keltican forte <\/h3>\n<p class=\"apm-brand-story-stores-link\">\n<p> Is Discontinued By Manufacturer                                            \u200f                                            :                                            \u200e                                            No   <br \/> Manufacturer                                            \u200f                                            :                                            \u200e                                            APONEO   <br \/> ASIN                                            \u200f                                            :                                            \u200e                                            B01NB0ZIRR   <br \/>  Customer reviews:                                                                                            3.7               3.7 out of 5 stars                                  (26)                                              var dpAcrHasRegisteredArcLinkClickAction;                    P.when(&#8218;A&#8216;, &#8218;ready&#8216;).execute(function(A) {                        if (dpAcrHasRegisteredArcLinkClickAction !== true) {                            dpAcrHasRegisteredArcLinkClickAction = true;                            A.declarative(                                &#8218;acrLink-click-metrics&#8216;, &#8218;click&#8216;,                                { &#8222;allowLinkDefault&#8220;: true },                                function (event) {                                    if (window.ue) {                                        ue.count(&#8222;acrLinkClickCount&#8220;, (ue.count(&#8222;acrLinkClickCount&#8220;) || 0) + 1);                                    }                                }                            );                        }                    });                                             P.when(&#8218;A&#8216;, &#8218;cf&#8216;).execute(function(A) {                A.declarative(&#8218;acrStarsLink-click-metrics&#8216;, &#8218;click&#8216;, { &#8222;allowLinkDefault&#8220; : true },  function(event){                    if(window.ue) {                        ue.count(&#8222;acrStarsLinkWithPopoverClickCount&#8220;, (ue.count(&#8222;acrStarsLinkWithPopoverClickCount&#8220;) || 0) + 1);                    }                });            });                          <br \/>Supports the body&#8217;s own regeneration of peripheral nerves with the nerve building block uridine monophosphate (UMP) as well as vitamins B12 and folic acid<br \/>The unique micropellets with the combination of UMP, B12 and folic acid optimise the nutrient supply of the body in terms of nerve regeneration<br \/>The body&#8217;s nerve regeneration plays an important role especially in the shoulder-neck area, lower back and feet<br \/>Keltican Forte &#8211; the original for over 40 years and the No. 1 doctor&#8217;s recommendation for nerve regeneration<br \/>Well tolerated and only 1 capsule daily &#8211; naturally gluten, lactose, gelatine free and vegan<\/p>\n\n","protected":false},"excerpt":{"rendered":"<p>From the brand Dermapharm AG Dermapharm is an innovative and fast-growing manufacturer of branded medicines and other health products. Founded in 1991, the company is based in Gr\u00fcnwald near Munich. Dermapharm sells more than 1,200 drug approvals with over 380 pharmaceutical active ingredients in the &#8222;Branded Medicines&#8220; segment. Dekristol minoxicutane Dekristolvit Dermapharm AG china oil [&hellip;]<\/p>\n","protected":false},"featured_media":1567,"comment_status":"open","ping_status":"closed","template":"","meta":{"_aipt_faq_data":""},"store":[],"product_brand":[277],"product_cat":[65],"product_tag":[231],"class_list":{"0":"post-1566","1":"product","2":"type-product","3":"status-publish","4":"has-post-thumbnail","6":"product_brand-keltican","7":"product_cat-gelee-royale","8":"product_tag-gelee-royale-natuerliche-inhaltsstoffe","10":"first","11":"instock","12":"shipping-taxable","13":"product-type-external"},"yoast_head":"<!-- This site is optimized with the Yoast SEO plugin v27.4 - https:\/\/yoast.com\/product\/yoast-seo-wordpress\/ -->\n<title>Keltican Forte Capsules, 5 x 40 Pieces = 200 Pieces Supports the Regeneration of Peripheral Nerves - PureHiveHoney<\/title>\n<meta name=\"description\" content=\"Entdecken Sie hochwertigen Rohhonig, Bio Honig, Manuka Honig und nat\u00fcrliche Bienenprodukte. PureHiveHoney hilft Ihnen dabei, sorgf\u00e4ltig ausgew\u00e4hlte Honigsorten mit nat\u00fcrlicher Qualit\u00e4t und Reinheit zu entdecken.\" \/>\n<meta name=\"robots\" content=\"index, follow, max-snippet:-1, max-image-preview:large, max-video-preview:-1\" \/>\n<link rel=\"canonical\" href=\"https:\/\/purehivehoney.com\/de\/product\/keltican-forte-capsules-5-x-40-pieces-200-pieces-supports-the-regeneration-of-peripheral-nerves\/\" \/>\n<meta property=\"og:locale\" content=\"de_DE\" \/>\n<meta property=\"og:type\" content=\"article\" \/>\n<meta property=\"og:title\" content=\"Keltican Forte Capsules, 5 x 40 Pieces = 200 Pieces Supports the Regeneration of Peripheral Nerves - PureHiveHoney\" \/>\n<meta property=\"og:description\" content=\"Entdecken Sie hochwertigen Rohhonig, Bio Honig, Manuka Honig und nat\u00fcrliche Bienenprodukte. PureHiveHoney hilft Ihnen dabei, sorgf\u00e4ltig ausgew\u00e4hlte Honigsorten mit nat\u00fcrlicher Qualit\u00e4t und Reinheit zu entdecken.\" \/>\n<meta property=\"og:url\" content=\"https:\/\/purehivehoney.com\/de\/product\/keltican-forte-capsules-5-x-40-pieces-200-pieces-supports-the-regeneration-of-peripheral-nerves\/\" \/>\n<meta property=\"og:site_name\" content=\"PureHiveHoney\" \/>\n<meta property=\"article:modified_time\" content=\"2026-03-16T12:09:05+00:00\" \/>\n<meta property=\"og:image\" content=\"https:\/\/images-na.ssl-images-amazon.com\/images\/G\/01\/x-locale\/common\/grey-pixel.gif\" \/>\n<meta name=\"twitter:card\" content=\"summary_large_image\" \/>\n<meta name=\"twitter:label1\" content=\"Gesch\u00e4tzte Lesezeit\" \/>\n\t<meta name=\"twitter:data1\" content=\"1\u00a0Minute\" \/>\n<script type=\"application\/ld+json\" class=\"yoast-schema-graph\">{\"@context\":\"https:\\\/\\\/schema.org\",\"@graph\":[{\"@type\":\"WebPage\",\"@id\":\"https:\\\/\\\/purehivehoney.com\\\/de\\\/product\\\/keltican-forte-capsules-5-x-40-pieces-200-pieces-supports-the-regeneration-of-peripheral-nerves\\\/\",\"url\":\"https:\\\/\\\/purehivehoney.com\\\/de\\\/product\\\/keltican-forte-capsules-5-x-40-pieces-200-pieces-supports-the-regeneration-of-peripheral-nerves\\\/\",\"name\":\"Keltican Forte Capsules, 5 x 40 Pieces = 200 Pieces Supports the Regeneration of Peripheral Nerves - PureHiveHoney\",\"isPartOf\":{\"@id\":\"https:\\\/\\\/purehivehoney.com\\\/de\\\/#website\"},\"primaryImageOfPage\":{\"@id\":\"https:\\\/\\\/purehivehoney.com\\\/de\\\/product\\\/keltican-forte-capsules-5-x-40-pieces-200-pieces-supports-the-regeneration-of-peripheral-nerves\\\/#primaryimage\"},\"image\":{\"@id\":\"https:\\\/\\\/purehivehoney.com\\\/de\\\/product\\\/keltican-forte-capsules-5-x-40-pieces-200-pieces-supports-the-regeneration-of-peripheral-nerves\\\/#primaryimage\"},\"thumbnailUrl\":\"https:\\\/\\\/purehivehoney.com\\\/de\\\/wp-content\\\/uploads\\\/2026\\\/03\\\/41KSjOMQQoL._AC_.jpg\",\"datePublished\":\"2026-03-16T12:09:04+00:00\",\"dateModified\":\"2026-03-16T12:09:05+00:00\",\"description\":\"Entdecken Sie hochwertigen Rohhonig, Bio Honig, Manuka Honig und nat\u00fcrliche Bienenprodukte. PureHiveHoney hilft Ihnen dabei, sorgf\u00e4ltig ausgew\u00e4hlte Honigsorten mit nat\u00fcrlicher Qualit\u00e4t und Reinheit zu entdecken.\",\"breadcrumb\":{\"@id\":\"https:\\\/\\\/purehivehoney.com\\\/de\\\/product\\\/keltican-forte-capsules-5-x-40-pieces-200-pieces-supports-the-regeneration-of-peripheral-nerves\\\/#breadcrumb\"},\"inLanguage\":\"de\",\"potentialAction\":[{\"@type\":\"ReadAction\",\"target\":[\"https:\\\/\\\/purehivehoney.com\\\/de\\\/product\\\/keltican-forte-capsules-5-x-40-pieces-200-pieces-supports-the-regeneration-of-peripheral-nerves\\\/\"]}]},{\"@type\":\"ImageObject\",\"inLanguage\":\"de\",\"@id\":\"https:\\\/\\\/purehivehoney.com\\\/de\\\/product\\\/keltican-forte-capsules-5-x-40-pieces-200-pieces-supports-the-regeneration-of-peripheral-nerves\\\/#primaryimage\",\"url\":\"https:\\\/\\\/purehivehoney.com\\\/de\\\/wp-content\\\/uploads\\\/2026\\\/03\\\/41KSjOMQQoL._AC_.jpg\",\"contentUrl\":\"https:\\\/\\\/purehivehoney.com\\\/de\\\/wp-content\\\/uploads\\\/2026\\\/03\\\/41KSjOMQQoL._AC_.jpg\",\"width\":455,\"height\":220},{\"@type\":\"BreadcrumbList\",\"@id\":\"https:\\\/\\\/purehivehoney.com\\\/de\\\/product\\\/keltican-forte-capsules-5-x-40-pieces-200-pieces-supports-the-regeneration-of-peripheral-nerves\\\/#breadcrumb\",\"itemListElement\":[{\"@type\":\"ListItem\",\"position\":1,\"name\":\"Home\",\"item\":\"https:\\\/\\\/purehivehoney.com\\\/de\\\/\"},{\"@type\":\"ListItem\",\"position\":2,\"name\":\"Shop\",\"item\":\"https:\\\/\\\/purehivehoney.com\\\/de\\\/shop\\\/\"},{\"@type\":\"ListItem\",\"position\":3,\"name\":\"Keltican Forte Capsules, 5 x 40 Pie...\"}]},{\"@type\":\"WebSite\",\"@id\":\"https:\\\/\\\/purehivehoney.com\\\/de\\\/#website\",\"url\":\"https:\\\/\\\/purehivehoney.com\\\/de\\\/\",\"name\":\"PureHiveHoney\",\"description\":\"Reiner Honig &amp; Bienenprodukte Online | Rohhonig, Bio Honig &amp; Spezialhonig\",\"publisher\":{\"@id\":\"https:\\\/\\\/purehivehoney.com\\\/de\\\/#organization\"},\"potentialAction\":[{\"@type\":\"SearchAction\",\"target\":{\"@type\":\"EntryPoint\",\"urlTemplate\":\"https:\\\/\\\/purehivehoney.com\\\/de\\\/?s={search_term_string}\"},\"query-input\":{\"@type\":\"PropertyValueSpecification\",\"valueRequired\":true,\"valueName\":\"search_term_string\"}}],\"inLanguage\":\"de\"},{\"@type\":\"Organization\",\"@id\":\"https:\\\/\\\/purehivehoney.com\\\/de\\\/#organization\",\"name\":\"PureHiveHoney\",\"url\":\"https:\\\/\\\/purehivehoney.com\\\/de\\\/\",\"logo\":{\"@type\":\"ImageObject\",\"inLanguage\":\"de\",\"@id\":\"https:\\\/\\\/purehivehoney.com\\\/de\\\/#\\\/schema\\\/logo\\\/image\\\/\",\"url\":\"https:\\\/\\\/purehivehoney.com\\\/de\\\/wp-content\\\/uploads\\\/2026\\\/03\\\/Screenshot-2026-03-16-at-1.06.01-AM.png\",\"contentUrl\":\"https:\\\/\\\/purehivehoney.com\\\/de\\\/wp-content\\\/uploads\\\/2026\\\/03\\\/Screenshot-2026-03-16-at-1.06.01-AM.png\",\"width\":2112,\"height\":1086,\"caption\":\"PureHiveHoney\"},\"image\":{\"@id\":\"https:\\\/\\\/purehivehoney.com\\\/de\\\/#\\\/schema\\\/logo\\\/image\\\/\"}}]}<\/script>\n<!-- \/ Yoast SEO plugin. -->","yoast_head_json":{"title":"Keltican Forte Capsules, 5 x 40 Pieces = 200 Pieces Supports the Regeneration of Peripheral Nerves - PureHiveHoney","description":"Entdecken Sie hochwertigen Rohhonig, Bio Honig, Manuka Honig und nat\u00fcrliche Bienenprodukte. PureHiveHoney hilft Ihnen dabei, sorgf\u00e4ltig ausgew\u00e4hlte Honigsorten mit nat\u00fcrlicher Qualit\u00e4t und Reinheit zu entdecken.","robots":{"index":"index","follow":"follow","max-snippet":"max-snippet:-1","max-image-preview":"max-image-preview:large","max-video-preview":"max-video-preview:-1"},"canonical":"https:\/\/purehivehoney.com\/de\/product\/keltican-forte-capsules-5-x-40-pieces-200-pieces-supports-the-regeneration-of-peripheral-nerves\/","og_locale":"de_DE","og_type":"article","og_title":"Keltican Forte Capsules, 5 x 40 Pieces = 200 Pieces Supports the Regeneration of Peripheral Nerves - PureHiveHoney","og_description":"Entdecken Sie hochwertigen Rohhonig, Bio Honig, Manuka Honig und nat\u00fcrliche Bienenprodukte. PureHiveHoney hilft Ihnen dabei, sorgf\u00e4ltig ausgew\u00e4hlte Honigsorten mit nat\u00fcrlicher Qualit\u00e4t und Reinheit zu entdecken.","og_url":"https:\/\/purehivehoney.com\/de\/product\/keltican-forte-capsules-5-x-40-pieces-200-pieces-supports-the-regeneration-of-peripheral-nerves\/","og_site_name":"PureHiveHoney","article_modified_time":"2026-03-16T12:09:05+00:00","og_image":[{"url":"https:\/\/images-na.ssl-images-amazon.com\/images\/G\/01\/x-locale\/common\/grey-pixel.gif","type":"","width":"","height":""}],"twitter_card":"summary_large_image","twitter_misc":{"Gesch\u00e4tzte Lesezeit":"1\u00a0Minute"},"schema":{"@context":"https:\/\/schema.org","@graph":[{"@type":"WebPage","@id":"https:\/\/purehivehoney.com\/de\/product\/keltican-forte-capsules-5-x-40-pieces-200-pieces-supports-the-regeneration-of-peripheral-nerves\/","url":"https:\/\/purehivehoney.com\/de\/product\/keltican-forte-capsules-5-x-40-pieces-200-pieces-supports-the-regeneration-of-peripheral-nerves\/","name":"Keltican Forte Capsules, 5 x 40 Pieces = 200 Pieces Supports the Regeneration of Peripheral Nerves - PureHiveHoney","isPartOf":{"@id":"https:\/\/purehivehoney.com\/de\/#website"},"primaryImageOfPage":{"@id":"https:\/\/purehivehoney.com\/de\/product\/keltican-forte-capsules-5-x-40-pieces-200-pieces-supports-the-regeneration-of-peripheral-nerves\/#primaryimage"},"image":{"@id":"https:\/\/purehivehoney.com\/de\/product\/keltican-forte-capsules-5-x-40-pieces-200-pieces-supports-the-regeneration-of-peripheral-nerves\/#primaryimage"},"thumbnailUrl":"https:\/\/purehivehoney.com\/de\/wp-content\/uploads\/2026\/03\/41KSjOMQQoL._AC_.jpg","datePublished":"2026-03-16T12:09:04+00:00","dateModified":"2026-03-16T12:09:05+00:00","description":"Entdecken Sie hochwertigen Rohhonig, Bio Honig, Manuka Honig und nat\u00fcrliche Bienenprodukte. PureHiveHoney hilft Ihnen dabei, sorgf\u00e4ltig ausgew\u00e4hlte Honigsorten mit nat\u00fcrlicher Qualit\u00e4t und Reinheit zu entdecken.","breadcrumb":{"@id":"https:\/\/purehivehoney.com\/de\/product\/keltican-forte-capsules-5-x-40-pieces-200-pieces-supports-the-regeneration-of-peripheral-nerves\/#breadcrumb"},"inLanguage":"de","potentialAction":[{"@type":"ReadAction","target":["https:\/\/purehivehoney.com\/de\/product\/keltican-forte-capsules-5-x-40-pieces-200-pieces-supports-the-regeneration-of-peripheral-nerves\/"]}]},{"@type":"ImageObject","inLanguage":"de","@id":"https:\/\/purehivehoney.com\/de\/product\/keltican-forte-capsules-5-x-40-pieces-200-pieces-supports-the-regeneration-of-peripheral-nerves\/#primaryimage","url":"https:\/\/purehivehoney.com\/de\/wp-content\/uploads\/2026\/03\/41KSjOMQQoL._AC_.jpg","contentUrl":"https:\/\/purehivehoney.com\/de\/wp-content\/uploads\/2026\/03\/41KSjOMQQoL._AC_.jpg","width":455,"height":220},{"@type":"BreadcrumbList","@id":"https:\/\/purehivehoney.com\/de\/product\/keltican-forte-capsules-5-x-40-pieces-200-pieces-supports-the-regeneration-of-peripheral-nerves\/#breadcrumb","itemListElement":[{"@type":"ListItem","position":1,"name":"Home","item":"https:\/\/purehivehoney.com\/de\/"},{"@type":"ListItem","position":2,"name":"Shop","item":"https:\/\/purehivehoney.com\/de\/shop\/"},{"@type":"ListItem","position":3,"name":"Keltican Forte Capsules, 5 x 40 Pie..."}]},{"@type":"WebSite","@id":"https:\/\/purehivehoney.com\/de\/#website","url":"https:\/\/purehivehoney.com\/de\/","name":"PureHiveHoney","description":"Reiner Honig &amp; Bienenprodukte Online | Rohhonig, Bio Honig &amp; Spezialhonig","publisher":{"@id":"https:\/\/purehivehoney.com\/de\/#organization"},"potentialAction":[{"@type":"SearchAction","target":{"@type":"EntryPoint","urlTemplate":"https:\/\/purehivehoney.com\/de\/?s={search_term_string}"},"query-input":{"@type":"PropertyValueSpecification","valueRequired":true,"valueName":"search_term_string"}}],"inLanguage":"de"},{"@type":"Organization","@id":"https:\/\/purehivehoney.com\/de\/#organization","name":"PureHiveHoney","url":"https:\/\/purehivehoney.com\/de\/","logo":{"@type":"ImageObject","inLanguage":"de","@id":"https:\/\/purehivehoney.com\/de\/#\/schema\/logo\/image\/","url":"https:\/\/purehivehoney.com\/de\/wp-content\/uploads\/2026\/03\/Screenshot-2026-03-16-at-1.06.01-AM.png","contentUrl":"https:\/\/purehivehoney.com\/de\/wp-content\/uploads\/2026\/03\/Screenshot-2026-03-16-at-1.06.01-AM.png","width":2112,"height":1086,"caption":"PureHiveHoney"},"image":{"@id":"https:\/\/purehivehoney.com\/de\/#\/schema\/logo\/image\/"}}]}},"_links":{"self":[{"href":"https:\/\/purehivehoney.com\/de\/wp-json\/wp\/v2\/product\/1566","targetHints":{"allow":["GET"]}}],"collection":[{"href":"https:\/\/purehivehoney.com\/de\/wp-json\/wp\/v2\/product"}],"about":[{"href":"https:\/\/purehivehoney.com\/de\/wp-json\/wp\/v2\/types\/product"}],"replies":[{"embeddable":true,"href":"https:\/\/purehivehoney.com\/de\/wp-json\/wp\/v2\/comments?post=1566"}],"wp:featuredmedia":[{"embeddable":true,"href":"https:\/\/purehivehoney.com\/de\/wp-json\/wp\/v2\/media\/1567"}],"wp:attachment":[{"href":"https:\/\/purehivehoney.com\/de\/wp-json\/wp\/v2\/media?parent=1566"}],"wp:term":[{"taxonomy":"store","embeddable":true,"href":"https:\/\/purehivehoney.com\/de\/wp-json\/wp\/v2\/store?post=1566"},{"taxonomy":"product_brand","embeddable":true,"href":"https:\/\/purehivehoney.com\/de\/wp-json\/wp\/v2\/product_brand?post=1566"},{"taxonomy":"product_cat","embeddable":true,"href":"https:\/\/purehivehoney.com\/de\/wp-json\/wp\/v2\/product_cat?post=1566"},{"taxonomy":"product_tag","embeddable":true,"href":"https:\/\/purehivehoney.com\/de\/wp-json\/wp\/v2\/product_tag?post=1566"}],"curies":[{"name":"wp","href":"https:\/\/api.w.org\/{rel}","templated":true}]}}