{"id":1564,"date":"2026-03-16T12:08:27","date_gmt":"2026-03-16T12:08:27","guid":{"rendered":"https:\/\/purehivehoney.com\/de\/product\/cosrx-full-fit-propolis-face-cream-with-64-propolis-korean-glow-cream-for-smooth-radiant-skin-moisturising-cream-and-care-cream-suitable-for-all-skin-types-korean-skincare-65-ml\/"},"modified":"2026-03-16T12:08:29","modified_gmt":"2026-03-16T12:08:29","slug":"cosrx-full-fit-propolis-face-cream-with-64-propolis-korean-glow-cream-for-smooth-radiant-skin-moisturising-cream-and-care-cream-suitable-for-all-skin-types-korean-skincare-65-ml","status":"publish","type":"product","link":"https:\/\/purehivehoney.com\/de\/product\/cosrx-full-fit-propolis-face-cream-with-64-propolis-korean-glow-cream-for-smooth-radiant-skin-moisturising-cream-and-care-cream-suitable-for-all-skin-types-korean-skincare-65-ml\/","title":{"rendered":"COSRX Full Fit Propolis Face Cream ..."},"content":{"rendered":"<p>                                             From the brand   <\/p>\n<p>                                              <img decoding=\"async\" alt=\"Blue sky background with white clouds. &amp;#39;COSRX&amp;#39; brand name in white text visible in upper right corner.\" src=\"https:\/\/images-na.ssl-images-amazon.com\/images\/G\/01\/x-locale\/common\/grey-pixel.gif\" class=\"a-lazy-loaded\" data-src=\"https:\/\/m.media-amazon.com\/images\/S\/aplus-media-library-service-media\/52a82324-41c6-4054-8377-6573f8fc1f77.__CR0,0,1464,625_PT0_SX1464_V1___.jpg\"><img decoding=\"async\" alt=\"Blue sky background with white clouds. &amp;#39;COSRX&amp;#39; brand name in white text visible in upper right corner.\" src=\"https:\/\/m.media-amazon.com\/images\/S\/aplus-media-library-service-media\/52a82324-41c6-4054-8377-6573f8fc1f77.__CR0,0,1464,625_PT0_SX1464_V1___.jpg\">  <\/p>\n<h3> COSRX Derma RX Collection <\/h3>\n<p class=\"apm-brand-story-stores-link\">\n<p>                                              <img decoding=\"async\" alt=\"\" src=\"https:\/\/images-na.ssl-images-amazon.com\/images\/G\/01\/x-locale\/common\/grey-pixel.gif\" class=\"a-lazy-loaded\" data-src=\"https:\/\/m.media-amazon.com\/images\/S\/aplus-media-library-service-media\/77cdc175-948f-4b1c-a1a8-36cec41b17d4.__CR0,127,1024,1281_PT0_SX362_V1___.png\"><img decoding=\"async\" alt=\"\" src=\"https:\/\/m.media-amazon.com\/images\/S\/aplus-media-library-service-media\/77cdc175-948f-4b1c-a1a8-36cec41b17d4.__CR0,127,1024,1281_PT0_SX362_V1___.png\">  <\/p>\n<h3> COSRX PEEL-OFF MASK <\/h3>\n<h3> COSRX Snail Mucin Collection <\/h3>\n<p class=\"apm-brand-story-stores-link\">\n<h3> Peptide-132 hair care <\/h3>\n<p> Product Dimensions                                            \u200f                                            :                                            \u200e                                            5.41 x 7.1 x 7.1 cm; 160 g   <br \/> Manufacturer                                            \u200f                                            :                                            \u200e                                            COSRX INC.   <br \/> ASIN                                            \u200f                                            :                                            \u200e                                            B09NCR4JB8   <br \/> Item model number                                            \u200f                                            :                                            \u200e                                            1267369   <br \/> Country of origin                                            \u200f                                            :                                            \u200e                                            Germany   <br \/>  Customer reviews:                                                                                            4.4               4.4 out of 5 stars                                  (378)                                              var dpAcrHasRegisteredArcLinkClickAction;                    P.when(&#8218;A&#8216;, &#8218;ready&#8216;).execute(function(A) {                        if (dpAcrHasRegisteredArcLinkClickAction !== true) {                            dpAcrHasRegisteredArcLinkClickAction = true;                            A.declarative(                                &#8218;acrLink-click-metrics&#8216;, &#8218;click&#8216;,                                { &#8222;allowLinkDefault&#8220;: true },                                function (event) {                                    if (window.ue) {                                        ue.count(&#8222;acrLinkClickCount&#8220;, (ue.count(&#8222;acrLinkClickCount&#8220;) || 0) + 1);                                    }                                }                            );                        }                    });                                             P.when(&#8218;A&#8216;, &#8218;cf&#8216;).execute(function(A) {                A.declarative(&#8218;acrStarsLink-click-metrics&#8216;, &#8218;click&#8216;, { &#8222;allowLinkDefault&#8220; : true },  function(event){                    if(window.ue) {                        ue.count(&#8222;acrStarsLinkWithPopoverClickCount&#8220;, (ue.count(&#8222;acrStarsLinkWithPopoverClickCount&#8220;) || 0) + 1);                    }                });            });                          <br \/>Full Fit Propolis Light Cream: enriching face cream with moisturising and radiant benefits<br \/>Anti-ageing &#038; extra nourishing: nourishes rough skin surface and plumps fine lines<br \/>Main ingredient: nourishing blend of 64.5% propolis extract, 1% honey extract, 1% royal jelly extract<br \/>Glides so smoothly: consistency unlike any other, the cream applies smoothly and absorbs immediately<br \/>COSRX STANDARDS CLEAN BEAUTY &#8211; All COSRX products are formulated with skin-friendly ingredients that relieve irritated skin. Hypoallergenic, dermatologically tested, cruelty free, paraben-free, sulphate free, phthalate-free<\/p>\n\n","protected":false},"excerpt":{"rendered":"<p>From the brand COSRX Derma RX Collection COSRX PEEL-OFF MASK COSRX Snail Mucin Collection Peptide-132 hair care Product Dimensions \u200f : \u200e 5.41 x 7.1 x 7.1 cm; 160 g Manufacturer \u200f : \u200e COSRX INC. ASIN \u200f : \u200e B09NCR4JB8 Item model number \u200f : \u200e 1267369 Country of origin \u200f : \u200e Germany [&hellip;]<\/p>\n","protected":false},"featured_media":1565,"comment_status":"open","ping_status":"closed","template":"","meta":[],"store":[],"product_brand":[276],"product_cat":[66],"product_tag":[194],"class_list":{"0":"post-1564","1":"product","2":"type-product","3":"status-publish","4":"has-post-thumbnail","6":"product_brand-cosrx","7":"product_cat-propolis","8":"product_tag-propolis-salbe-gegen-haut","10":"first","11":"instock","12":"sale","13":"shipping-taxable","14":"product-type-external"},"yoast_head":"<!-- This site is optimized with the Yoast SEO plugin v27.1.1 - https:\/\/yoast.com\/product\/yoast-seo-wordpress\/ -->\n<title>COSRX Full Fit Propolis Face Cream with 64% Propolis, Korean Glow Cream for Smooth, Radiant Skin, Moisturising Cream and Care Cream, Suitable for All Skin Types, Korean Skincare 65 ml - PureHiveHoney<\/title>\n<meta name=\"description\" content=\"Entdecken Sie hochwertigen Rohhonig, Bio Honig, Manuka Honig und nat\u00fcrliche Bienenprodukte. PureHiveHoney hilft Ihnen dabei, sorgf\u00e4ltig ausgew\u00e4hlte Honigsorten mit nat\u00fcrlicher Qualit\u00e4t und Reinheit zu entdecken.\" \/>\n<meta name=\"robots\" content=\"index, follow, max-snippet:-1, max-image-preview:large, max-video-preview:-1\" \/>\n<link rel=\"canonical\" href=\"https:\/\/purehivehoney.com\/de\/product\/cosrx-full-fit-propolis-face-cream-with-64-propolis-korean-glow-cream-for-smooth-radiant-skin-moisturising-cream-and-care-cream-suitable-for-all-skin-types-korean-skincare-65-ml\/\" \/>\n<meta property=\"og:locale\" content=\"de_DE\" \/>\n<meta property=\"og:type\" content=\"article\" \/>\n<meta property=\"og:title\" content=\"COSRX Full Fit Propolis Face Cream with 64% Propolis, Korean Glow Cream for Smooth, Radiant Skin, Moisturising Cream and Care Cream, Suitable for All Skin Types, Korean Skincare 65 ml - PureHiveHoney\" \/>\n<meta property=\"og:description\" content=\"Entdecken Sie hochwertigen Rohhonig, Bio Honig, Manuka Honig und nat\u00fcrliche Bienenprodukte. PureHiveHoney hilft Ihnen dabei, sorgf\u00e4ltig ausgew\u00e4hlte Honigsorten mit nat\u00fcrlicher Qualit\u00e4t und Reinheit zu entdecken.\" \/>\n<meta property=\"og:url\" content=\"https:\/\/purehivehoney.com\/de\/product\/cosrx-full-fit-propolis-face-cream-with-64-propolis-korean-glow-cream-for-smooth-radiant-skin-moisturising-cream-and-care-cream-suitable-for-all-skin-types-korean-skincare-65-ml\/\" \/>\n<meta property=\"og:site_name\" content=\"PureHiveHoney\" \/>\n<meta property=\"article:modified_time\" content=\"2026-03-16T12:08:29+00:00\" \/>\n<meta property=\"og:image\" content=\"https:\/\/images-na.ssl-images-amazon.com\/images\/G\/01\/x-locale\/common\/grey-pixel.gif\" \/>\n<meta name=\"twitter:card\" content=\"summary_large_image\" \/>\n<meta name=\"twitter:label1\" content=\"Gesch\u00e4tzte Lesezeit\" \/>\n\t<meta name=\"twitter:data1\" content=\"1\u00a0Minute\" \/>\n<script type=\"application\/ld+json\" class=\"yoast-schema-graph\">{\"@context\":\"https:\/\/schema.org\",\"@graph\":[{\"@type\":\"WebPage\",\"@id\":\"https:\/\/purehivehoney.com\/de\/product\/cosrx-full-fit-propolis-face-cream-with-64-propolis-korean-glow-cream-for-smooth-radiant-skin-moisturising-cream-and-care-cream-suitable-for-all-skin-types-korean-skincare-65-ml\/\",\"url\":\"https:\/\/purehivehoney.com\/de\/product\/cosrx-full-fit-propolis-face-cream-with-64-propolis-korean-glow-cream-for-smooth-radiant-skin-moisturising-cream-and-care-cream-suitable-for-all-skin-types-korean-skincare-65-ml\/\",\"name\":\"COSRX Full Fit Propolis Face Cream with 64% Propolis, Korean Glow Cream for Smooth, Radiant Skin, Moisturising Cream and Care Cream, Suitable for All Skin Types, Korean Skincare 65 ml - PureHiveHoney\",\"isPartOf\":{\"@id\":\"https:\/\/purehivehoney.com\/de\/#website\"},\"primaryImageOfPage\":{\"@id\":\"https:\/\/purehivehoney.com\/de\/product\/cosrx-full-fit-propolis-face-cream-with-64-propolis-korean-glow-cream-for-smooth-radiant-skin-moisturising-cream-and-care-cream-suitable-for-all-skin-types-korean-skincare-65-ml\/#primaryimage\"},\"image\":{\"@id\":\"https:\/\/purehivehoney.com\/de\/product\/cosrx-full-fit-propolis-face-cream-with-64-propolis-korean-glow-cream-for-smooth-radiant-skin-moisturising-cream-and-care-cream-suitable-for-all-skin-types-korean-skincare-65-ml\/#primaryimage\"},\"thumbnailUrl\":\"https:\/\/purehivehoney.com\/de\/wp-content\/uploads\/2026\/03\/61vnYzjDQJL._SL1500_.jpg\",\"datePublished\":\"2026-03-16T12:08:27+00:00\",\"dateModified\":\"2026-03-16T12:08:29+00:00\",\"description\":\"Entdecken Sie hochwertigen Rohhonig, Bio Honig, Manuka Honig und nat\u00fcrliche Bienenprodukte. PureHiveHoney hilft Ihnen dabei, sorgf\u00e4ltig ausgew\u00e4hlte Honigsorten mit nat\u00fcrlicher Qualit\u00e4t und Reinheit zu entdecken.\",\"breadcrumb\":{\"@id\":\"https:\/\/purehivehoney.com\/de\/product\/cosrx-full-fit-propolis-face-cream-with-64-propolis-korean-glow-cream-for-smooth-radiant-skin-moisturising-cream-and-care-cream-suitable-for-all-skin-types-korean-skincare-65-ml\/#breadcrumb\"},\"inLanguage\":\"de\",\"potentialAction\":[{\"@type\":\"ReadAction\",\"target\":[\"https:\/\/purehivehoney.com\/de\/product\/cosrx-full-fit-propolis-face-cream-with-64-propolis-korean-glow-cream-for-smooth-radiant-skin-moisturising-cream-and-care-cream-suitable-for-all-skin-types-korean-skincare-65-ml\/\"]}]},{\"@type\":\"ImageObject\",\"inLanguage\":\"de\",\"@id\":\"https:\/\/purehivehoney.com\/de\/product\/cosrx-full-fit-propolis-face-cream-with-64-propolis-korean-glow-cream-for-smooth-radiant-skin-moisturising-cream-and-care-cream-suitable-for-all-skin-types-korean-skincare-65-ml\/#primaryimage\",\"url\":\"https:\/\/purehivehoney.com\/de\/wp-content\/uploads\/2026\/03\/61vnYzjDQJL._SL1500_.jpg\",\"contentUrl\":\"https:\/\/purehivehoney.com\/de\/wp-content\/uploads\/2026\/03\/61vnYzjDQJL._SL1500_.jpg\",\"width\":1500,\"height\":1500},{\"@type\":\"BreadcrumbList\",\"@id\":\"https:\/\/purehivehoney.com\/de\/product\/cosrx-full-fit-propolis-face-cream-with-64-propolis-korean-glow-cream-for-smooth-radiant-skin-moisturising-cream-and-care-cream-suitable-for-all-skin-types-korean-skincare-65-ml\/#breadcrumb\",\"itemListElement\":[{\"@type\":\"ListItem\",\"position\":1,\"name\":\"Home\",\"item\":\"https:\/\/purehivehoney.com\/de\/\"},{\"@type\":\"ListItem\",\"position\":2,\"name\":\"Shop\",\"item\":\"https:\/\/purehivehoney.com\/de\/shop\/\"},{\"@type\":\"ListItem\",\"position\":3,\"name\":\"COSRX Full Fit Propolis Face Cream ...\"}]},{\"@type\":\"WebSite\",\"@id\":\"https:\/\/purehivehoney.com\/de\/#website\",\"url\":\"https:\/\/purehivehoney.com\/de\/\",\"name\":\"PureHiveHoney\",\"description\":\"Reiner Honig &amp; Bienenprodukte Online | Rohhonig, Bio Honig &amp; Spezialhonig\",\"publisher\":{\"@id\":\"https:\/\/purehivehoney.com\/de\/#organization\"},\"potentialAction\":[{\"@type\":\"SearchAction\",\"target\":{\"@type\":\"EntryPoint\",\"urlTemplate\":\"https:\/\/purehivehoney.com\/de\/?s={search_term_string}\"},\"query-input\":{\"@type\":\"PropertyValueSpecification\",\"valueRequired\":true,\"valueName\":\"search_term_string\"}}],\"inLanguage\":\"de\"},{\"@type\":\"Organization\",\"@id\":\"https:\/\/purehivehoney.com\/de\/#organization\",\"name\":\"PureHiveHoney\",\"url\":\"https:\/\/purehivehoney.com\/de\/\",\"logo\":{\"@type\":\"ImageObject\",\"inLanguage\":\"de\",\"@id\":\"https:\/\/purehivehoney.com\/de\/#\/schema\/logo\/image\/\",\"url\":\"https:\/\/purehivehoney.com\/de\/wp-content\/uploads\/2026\/03\/Screenshot-2026-03-16-at-1.06.01-AM.png\",\"contentUrl\":\"https:\/\/purehivehoney.com\/de\/wp-content\/uploads\/2026\/03\/Screenshot-2026-03-16-at-1.06.01-AM.png\",\"width\":2112,\"height\":1086,\"caption\":\"PureHiveHoney\"},\"image\":{\"@id\":\"https:\/\/purehivehoney.com\/de\/#\/schema\/logo\/image\/\"}}]}<\/script>\n<!-- \/ Yoast SEO plugin. -->","yoast_head_json":{"title":"COSRX Full Fit Propolis Face Cream with 64% Propolis, Korean Glow Cream for Smooth, Radiant Skin, Moisturising Cream and Care Cream, Suitable for All Skin Types, Korean Skincare 65 ml - PureHiveHoney","description":"Entdecken Sie hochwertigen Rohhonig, Bio Honig, Manuka Honig und nat\u00fcrliche Bienenprodukte. PureHiveHoney hilft Ihnen dabei, sorgf\u00e4ltig ausgew\u00e4hlte Honigsorten mit nat\u00fcrlicher Qualit\u00e4t und Reinheit zu entdecken.","robots":{"index":"index","follow":"follow","max-snippet":"max-snippet:-1","max-image-preview":"max-image-preview:large","max-video-preview":"max-video-preview:-1"},"canonical":"https:\/\/purehivehoney.com\/de\/product\/cosrx-full-fit-propolis-face-cream-with-64-propolis-korean-glow-cream-for-smooth-radiant-skin-moisturising-cream-and-care-cream-suitable-for-all-skin-types-korean-skincare-65-ml\/","og_locale":"de_DE","og_type":"article","og_title":"COSRX Full Fit Propolis Face Cream with 64% Propolis, Korean Glow Cream for Smooth, Radiant Skin, Moisturising Cream and Care Cream, Suitable for All Skin Types, Korean Skincare 65 ml - PureHiveHoney","og_description":"Entdecken Sie hochwertigen Rohhonig, Bio Honig, Manuka Honig und nat\u00fcrliche Bienenprodukte. PureHiveHoney hilft Ihnen dabei, sorgf\u00e4ltig ausgew\u00e4hlte Honigsorten mit nat\u00fcrlicher Qualit\u00e4t und Reinheit zu entdecken.","og_url":"https:\/\/purehivehoney.com\/de\/product\/cosrx-full-fit-propolis-face-cream-with-64-propolis-korean-glow-cream-for-smooth-radiant-skin-moisturising-cream-and-care-cream-suitable-for-all-skin-types-korean-skincare-65-ml\/","og_site_name":"PureHiveHoney","article_modified_time":"2026-03-16T12:08:29+00:00","og_image":[{"url":"https:\/\/images-na.ssl-images-amazon.com\/images\/G\/01\/x-locale\/common\/grey-pixel.gif","type":"","width":"","height":""}],"twitter_card":"summary_large_image","twitter_misc":{"Gesch\u00e4tzte Lesezeit":"1\u00a0Minute"},"schema":{"@context":"https:\/\/schema.org","@graph":[{"@type":"WebPage","@id":"https:\/\/purehivehoney.com\/de\/product\/cosrx-full-fit-propolis-face-cream-with-64-propolis-korean-glow-cream-for-smooth-radiant-skin-moisturising-cream-and-care-cream-suitable-for-all-skin-types-korean-skincare-65-ml\/","url":"https:\/\/purehivehoney.com\/de\/product\/cosrx-full-fit-propolis-face-cream-with-64-propolis-korean-glow-cream-for-smooth-radiant-skin-moisturising-cream-and-care-cream-suitable-for-all-skin-types-korean-skincare-65-ml\/","name":"COSRX Full Fit Propolis Face Cream with 64% Propolis, Korean Glow Cream for Smooth, Radiant Skin, Moisturising Cream and Care Cream, Suitable for All Skin Types, Korean Skincare 65 ml - PureHiveHoney","isPartOf":{"@id":"https:\/\/purehivehoney.com\/de\/#website"},"primaryImageOfPage":{"@id":"https:\/\/purehivehoney.com\/de\/product\/cosrx-full-fit-propolis-face-cream-with-64-propolis-korean-glow-cream-for-smooth-radiant-skin-moisturising-cream-and-care-cream-suitable-for-all-skin-types-korean-skincare-65-ml\/#primaryimage"},"image":{"@id":"https:\/\/purehivehoney.com\/de\/product\/cosrx-full-fit-propolis-face-cream-with-64-propolis-korean-glow-cream-for-smooth-radiant-skin-moisturising-cream-and-care-cream-suitable-for-all-skin-types-korean-skincare-65-ml\/#primaryimage"},"thumbnailUrl":"https:\/\/purehivehoney.com\/de\/wp-content\/uploads\/2026\/03\/61vnYzjDQJL._SL1500_.jpg","datePublished":"2026-03-16T12:08:27+00:00","dateModified":"2026-03-16T12:08:29+00:00","description":"Entdecken Sie hochwertigen Rohhonig, Bio Honig, Manuka Honig und nat\u00fcrliche Bienenprodukte. PureHiveHoney hilft Ihnen dabei, sorgf\u00e4ltig ausgew\u00e4hlte Honigsorten mit nat\u00fcrlicher Qualit\u00e4t und Reinheit zu entdecken.","breadcrumb":{"@id":"https:\/\/purehivehoney.com\/de\/product\/cosrx-full-fit-propolis-face-cream-with-64-propolis-korean-glow-cream-for-smooth-radiant-skin-moisturising-cream-and-care-cream-suitable-for-all-skin-types-korean-skincare-65-ml\/#breadcrumb"},"inLanguage":"de","potentialAction":[{"@type":"ReadAction","target":["https:\/\/purehivehoney.com\/de\/product\/cosrx-full-fit-propolis-face-cream-with-64-propolis-korean-glow-cream-for-smooth-radiant-skin-moisturising-cream-and-care-cream-suitable-for-all-skin-types-korean-skincare-65-ml\/"]}]},{"@type":"ImageObject","inLanguage":"de","@id":"https:\/\/purehivehoney.com\/de\/product\/cosrx-full-fit-propolis-face-cream-with-64-propolis-korean-glow-cream-for-smooth-radiant-skin-moisturising-cream-and-care-cream-suitable-for-all-skin-types-korean-skincare-65-ml\/#primaryimage","url":"https:\/\/purehivehoney.com\/de\/wp-content\/uploads\/2026\/03\/61vnYzjDQJL._SL1500_.jpg","contentUrl":"https:\/\/purehivehoney.com\/de\/wp-content\/uploads\/2026\/03\/61vnYzjDQJL._SL1500_.jpg","width":1500,"height":1500},{"@type":"BreadcrumbList","@id":"https:\/\/purehivehoney.com\/de\/product\/cosrx-full-fit-propolis-face-cream-with-64-propolis-korean-glow-cream-for-smooth-radiant-skin-moisturising-cream-and-care-cream-suitable-for-all-skin-types-korean-skincare-65-ml\/#breadcrumb","itemListElement":[{"@type":"ListItem","position":1,"name":"Home","item":"https:\/\/purehivehoney.com\/de\/"},{"@type":"ListItem","position":2,"name":"Shop","item":"https:\/\/purehivehoney.com\/de\/shop\/"},{"@type":"ListItem","position":3,"name":"COSRX Full Fit Propolis Face Cream ..."}]},{"@type":"WebSite","@id":"https:\/\/purehivehoney.com\/de\/#website","url":"https:\/\/purehivehoney.com\/de\/","name":"PureHiveHoney","description":"Reiner Honig &amp; Bienenprodukte Online | Rohhonig, Bio Honig &amp; Spezialhonig","publisher":{"@id":"https:\/\/purehivehoney.com\/de\/#organization"},"potentialAction":[{"@type":"SearchAction","target":{"@type":"EntryPoint","urlTemplate":"https:\/\/purehivehoney.com\/de\/?s={search_term_string}"},"query-input":{"@type":"PropertyValueSpecification","valueRequired":true,"valueName":"search_term_string"}}],"inLanguage":"de"},{"@type":"Organization","@id":"https:\/\/purehivehoney.com\/de\/#organization","name":"PureHiveHoney","url":"https:\/\/purehivehoney.com\/de\/","logo":{"@type":"ImageObject","inLanguage":"de","@id":"https:\/\/purehivehoney.com\/de\/#\/schema\/logo\/image\/","url":"https:\/\/purehivehoney.com\/de\/wp-content\/uploads\/2026\/03\/Screenshot-2026-03-16-at-1.06.01-AM.png","contentUrl":"https:\/\/purehivehoney.com\/de\/wp-content\/uploads\/2026\/03\/Screenshot-2026-03-16-at-1.06.01-AM.png","width":2112,"height":1086,"caption":"PureHiveHoney"},"image":{"@id":"https:\/\/purehivehoney.com\/de\/#\/schema\/logo\/image\/"}}]}},"_links":{"self":[{"href":"https:\/\/purehivehoney.com\/de\/wp-json\/wp\/v2\/product\/1564","targetHints":{"allow":["GET"]}}],"collection":[{"href":"https:\/\/purehivehoney.com\/de\/wp-json\/wp\/v2\/product"}],"about":[{"href":"https:\/\/purehivehoney.com\/de\/wp-json\/wp\/v2\/types\/product"}],"replies":[{"embeddable":true,"href":"https:\/\/purehivehoney.com\/de\/wp-json\/wp\/v2\/comments?post=1564"}],"wp:featuredmedia":[{"embeddable":true,"href":"https:\/\/purehivehoney.com\/de\/wp-json\/wp\/v2\/media\/1565"}],"wp:attachment":[{"href":"https:\/\/purehivehoney.com\/de\/wp-json\/wp\/v2\/media?parent=1564"}],"wp:term":[{"taxonomy":"store","embeddable":true,"href":"https:\/\/purehivehoney.com\/de\/wp-json\/wp\/v2\/store?post=1564"},{"taxonomy":"product_brand","embeddable":true,"href":"https:\/\/purehivehoney.com\/de\/wp-json\/wp\/v2\/product_brand?post=1564"},{"taxonomy":"product_cat","embeddable":true,"href":"https:\/\/purehivehoney.com\/de\/wp-json\/wp\/v2\/product_cat?post=1564"},{"taxonomy":"product_tag","embeddable":true,"href":"https:\/\/purehivehoney.com\/de\/wp-json\/wp\/v2\/product_tag?post=1564"}],"curies":[{"name":"wp","href":"https:\/\/api.w.org\/{rel}","templated":true}]}}