{"id":1556,"date":"2026-03-16T12:06:38","date_gmt":"2026-03-16T12:06:38","guid":{"rendered":"https:\/\/purehivehoney.com\/de\/product\/boos-block-board-cream-148-ml-chopping-board-wax-food-safe-beeswax-for-wood-beeswax-wood-care-beeswax-cream-clear\/"},"modified":"2026-03-16T12:06:53","modified_gmt":"2026-03-16T12:06:53","slug":"boos-block-board-cream-148-ml-chopping-board-wax-food-safe-beeswax-for-wood-beeswax-wood-care-beeswax-cream-clear","status":"publish","type":"product","link":"https:\/\/purehivehoney.com\/de\/product\/boos-block-board-cream-148-ml-chopping-board-wax-food-safe-beeswax-for-wood-beeswax-wood-care-beeswax-cream-clear\/","title":{"rendered":"Boos Block Board Cream &#8211; 148 ..."},"content":{"rendered":"<p>                                             From the manufacturer   <\/p>\n<p>                                                                             <img decoding=\"async\" alt=\"Beeswax worktop oil wood oil wood care cutting board oil wood wax\" src=\"https:\/\/images-na.ssl-images-amazon.com\/images\/G\/01\/x-locale\/common\/grey-pixel.gif\" class=\"a-spacing-base a-lazy-loaded\" data-src=\"https:\/\/m.media-amazon.com\/images\/S\/aplus-media-library-service-media\/dd4c5a5d-42c3-4f3f-a2b9-026a03401d67.__CR0,0,1940,1200_PT0_SX970_V1___.png\"><img decoding=\"async\" alt=\"Beeswax worktop oil wood oil wood care cutting board oil wood wax\" src=\"https:\/\/m.media-amazon.com\/images\/S\/aplus-media-library-service-media\/dd4c5a5d-42c3-4f3f-a2b9-026a03401d67.__CR0,0,1940,1200_PT0_SX970_V1___.png\">                                         <\/p>\n<h3 class=\"a-spacing-mini\"> Boos Block wood care products for long lasting protection and care <\/h3>\n<p class=\"a-spacing-base\"> Originally designed for factory use in finishing and protecting Boos cutting board products, Boos Block grooming products have become the standard in professional and home kitchens to protect hardwood countertops from the strain of everyday use in the kitchen and maintain their beauty. They are food safe and stand for hygiene and quality in the USA. You too can rely on Boos Block Mystery Oil and Boos Block Board Cream with Beeswax to protect your Boos product or any other wood worktop or wood product in your kitchen and extend the service life. <\/p>\n<p class=\"apm-text-center\">\n                                                      <img decoding=\"async\" alt=\"Beeswax worktop oil wood oil food safe wood care chopping board oil wood wax\" src=\"https:\/\/images-na.ssl-images-amazon.com\/images\/G\/01\/x-locale\/common\/grey-pixel.gif\" class=\"a-lazy-loaded\" data-src=\"https:\/\/m.media-amazon.com\/images\/S\/aplus-media-library-service-media\/ad34edd7-eebe-4652-a43b-c6595157e9d5.__CR0,0,440,440_PT0_SX220_V1___.png\"><img decoding=\"async\" alt=\"Beeswax worktop oil wood oil food safe wood care chopping board oil wood wax\" src=\"https:\/\/m.media-amazon.com\/images\/S\/aplus-media-library-service-media\/ad34edd7-eebe-4652-a43b-c6595157e9d5.__CR0,0,440,440_PT0_SX220_V1___.png\">  <\/p>\n<p>                                                    Step 1 &#8211; oil                                     <\/p>\n<p class=\"a-size-small\"> Before first use, you should generously oil your chopping board or chopping block with Boos Blocks Mystery Oil Wood Care. Treat both sides and apply the oil with a clean cloth towards the wood grain. Let it soak in overnight. <\/p>\n<p class=\"apm-text-center\">\n                                                      <img decoding=\"async\" alt=\"Beeswax worktop oil wood oil wood care cutting board oil wood wax\" src=\"https:\/\/images-na.ssl-images-amazon.com\/images\/G\/01\/x-locale\/common\/grey-pixel.gif\" class=\"a-lazy-loaded\" data-src=\"https:\/\/m.media-amazon.com\/images\/S\/aplus-media-library-service-media\/66b36778-22a8-49f6-97ae-d55cbd4d6c15.__CR0,0,440,440_PT0_SX220_V1___.png\"><img decoding=\"async\" alt=\"Beeswax worktop oil wood oil wood care cutting board oil wood wax\" src=\"https:\/\/m.media-amazon.com\/images\/S\/aplus-media-library-service-media\/66b36778-22a8-49f6-97ae-d55cbd4d6c15.__CR0,0,440,440_PT0_SX220_V1___.png\">  <\/p>\n<p>                                                    Step 2 &#8211; Wax                                     <\/p>\n<p class=\"a-size-small\"> For added protection, then apply a layer of Boos Blocks Board Cream that contains natural beeswax, creating a protective barrier against water as well as against future drying, bleaching and cracking. <\/p>\n<p class=\"apm-text-center\">\n                                                      <img decoding=\"async\" alt=\"Beeswax worktop oil wood oil wood care cutting board oil wood wax\" src=\"https:\/\/images-na.ssl-images-amazon.com\/images\/G\/01\/x-locale\/common\/grey-pixel.gif\" class=\"a-lazy-loaded\" data-src=\"https:\/\/m.media-amazon.com\/images\/S\/aplus-media-library-service-media\/76dac6d8-fac2-4d05-b3ea-aefc4f24e4df.__CR0,0,440,440_PT0_SX220_V1___.png\"><img decoding=\"async\" alt=\"Beeswax worktop oil wood oil wood care cutting board oil wood wax\" src=\"https:\/\/m.media-amazon.com\/images\/S\/aplus-media-library-service-media\/76dac6d8-fac2-4d05-b3ea-aefc4f24e4df.__CR0,0,440,440_PT0_SX220_V1___.png\">  <\/p>\n<p>                                                    Step 3 &#8211; Repeat                                     <\/p>\n<p class=\"a-size-small\"> Please apply Boos cutting board oil and wax regularly to your chopping board or chopping block, at least once a month. Let it soak overnight. Repeat the process more often if dry areas occur. <\/p>\n<p class=\"apm-text-center\">\n                                                      <img decoding=\"async\" alt=\"Beeswax worktop oil wood oil wood care cutting board oil wood wax\" src=\"https:\/\/images-na.ssl-images-amazon.com\/images\/G\/01\/x-locale\/common\/grey-pixel.gif\" class=\"a-lazy-loaded\" data-src=\"https:\/\/m.media-amazon.com\/images\/S\/aplus-media-library-service-media\/599fb8a3-fe88-4f09-bbbc-ab3d9812adc7.__CR0,0,440,440_PT0_SX220_V1___.png\"><img decoding=\"async\" alt=\"Beeswax worktop oil wood oil wood care cutting board oil wood wax\" src=\"https:\/\/m.media-amazon.com\/images\/S\/aplus-media-library-service-media\/599fb8a3-fe88-4f09-bbbc-ab3d9812adc7.__CR0,0,440,440_PT0_SX220_V1___.png\">  <\/p>\n<p>                                                    Long-lasting result                                     <\/p>\n<p class=\"a-size-small\"> With minimal maintenance, you can extend the life of your worktops, chopping boards, chopping blocks, kitchen utensils and wooden bowls for many years. <\/p>\n<p>                                                  <img decoding=\"async\" alt=\"Beeswax worktop oil wood oil wood care cutting board oil wood wax\" src=\"https:\/\/images-na.ssl-images-amazon.com\/images\/G\/01\/x-locale\/common\/grey-pixel.gif\" class=\"a-spacing-mini a-lazy-loaded\" data-src=\"https:\/\/m.media-amazon.com\/images\/S\/aplus-media-library-service-media\/5d72787f-5af0-4061-847a-56e59e15988d.__CR0,0,600,600_PT0_SX300_V1___.png\"><img decoding=\"async\" alt=\"Beeswax worktop oil wood oil wood care cutting board oil wood wax\" src=\"https:\/\/m.media-amazon.com\/images\/S\/aplus-media-library-service-media\/5d72787f-5af0-4061-847a-56e59e15988d.__CR0,0,600,600_PT0_SX300_V1___.png\">  <\/p>\n<h3 class=\"a-spacing-mini\"> What distinguishes Boos Block wood care products from others? <\/h3>\n<p> Our care products are specially tailored to meet the requirements of wood cutting boards and worktops as we manufacture them ourselves. Boos Blocks has been manufacturing premium butcher block products in the USA for over 135 years and is committed to uncompromising quality and craftsmanship. <\/p>\n<p>                         Add To Basket  <\/p>\n<p>                         Add To Basket  <\/p>\n<p>                         Add To Basket  <\/p>\n<p>                         Add To Basket  <\/p>\n<p>                             Customer Reviews  <\/p>\n<p>                    4.8 out of 5 stars  2,181  <\/p>\n<p>                    4.8 out of 5 stars  9,649  <\/p>\n<p>                    4.8 out of 5 stars  6,770  <\/p>\n<p>                    4.8 out of 5 stars  11,670  <\/p>\n<p>                             Price  <\/p>\n<p>                                    USD\u00a061.49USD61.49                  USD\u00a036.47USD36.47                  USD\u00a017.22USD17.22                  USD\u00a019.15USD19.15              <\/p>\n<p>                             Ingredients:<br \/>\n                                Special blend of refined food grade mineral oils + extra beeswax               Special blend of refined food grade mineral oils + extra beeswax               Special blend of refined food grade mineral oils + extra beeswax               Special blend of refined food grade mineral oils              <\/p>\n<p>                             Volume<br \/>\n                                473 ml + 148 ml               473 ml + 148 ml               148ml               16 oz              <\/p>\n<p>                             Regenerates wood and protects it from drying, fading and cracking  <\/p>\n<p>                                              \u2713<\/p>\n<p>                                              \u2713<\/p>\n<p>                                              \u2713<\/p>\n<p>                                              \u2713<\/p>\n<p>                             Creates a long lasting protective barrier  <\/p>\n<p>                                              \u2713<\/p>\n<p>                                              \u2713<\/p>\n<p>                                              \u2713<br \/>\n                                                          no data<\/p>\n<p>                             NSF  <\/p>\n<p>                                              \u2713<\/p>\n<p>                                              \u2713<\/p>\n<p>                                              \u2713<\/p>\n<p>                                              \u2713<\/p>\n<p>                             Made in the USA  <\/p>\n<p>                                              \u2713<\/p>\n<p>                                              \u2713<\/p>\n<p>                                              \u2713<\/p>\n<p>                                              \u2713<\/p>\n<p>                                                  <img decoding=\"async\" alt=\"Beeswax worktop oil wood oil wood care cutting board oil wood wax\" src=\"https:\/\/images-na.ssl-images-amazon.com\/images\/G\/01\/x-locale\/common\/grey-pixel.gif\" class=\"a-lazy-loaded\" data-src=\"https:\/\/m.media-amazon.com\/images\/S\/aplus-media-library-service-media\/a7f3c9dc-8d26-4e1a-a27f-e7b0ed083b3d.__CR320,0,1280,1280_PT0_SX300_V1___.jpg\"><img decoding=\"async\" alt=\"Beeswax worktop oil wood oil wood care cutting board oil wood wax\" src=\"https:\/\/m.media-amazon.com\/images\/S\/aplus-media-library-service-media\/a7f3c9dc-8d26-4e1a-a27f-e7b0ed083b3d.__CR320,0,1280,1280_PT0_SX300_V1___.jpg\">  <\/p>\n<h3 class=\"a-spacing-mini\"> Safe for food preparation <\/h3>\n<p> Both Boos Block Mystery Oil and Boos Block Board Cream are designed and manufactured in the USA. Boos Block wood care products are made from natural ingredients that are completely safe for food preparation surfaces. Regular use of Mystery Oil and Board Cream has antimicrobial properties and provides an additional protective barrier that makes it harder for bacterial fluids to settle and shorten interaction time with the cutting surface (Mechanical Science and Engineering Research Study, 2019, University of Illinois). <\/p>\n<p>Boos Blocks Board Cream is a thick, silky wood wax made from natural, unbleached beeswax and fine food grade mineral oil. This natural formula penetrates deep into the wood grain leaving a long-lasting moisture barrier. It seals the wood surface and protects the wood from drying out, fading and cracking.<br \/>Boos Blocks Board Cream is designed to compensate for the loss of moisture caused by repeated washing up on wooden products in the kitchen. The product is designed as a &#8222;step 2&#8220; when caring for wooden cutting boards, chopping blocks, bowls, tabletops, countertops or utensils. (&#8222;Step 1&#8220; is Boos Blocks Mystery Oil, sold separately.)<br \/>Made in the USA from natural materials, the American NSF seal of approval bears food safety, hygiene and quality.<br \/>Easy to use: spread evenly over the surface to be treated. Leave the wood oil\/wax formula preferably overnight and wipe off excess cream.<br \/>Regular use of Boos Mystery Oil and Board Cream has antimicrobial properties and provides an additional protective barrier that makes it difficult to settle bacterial fluids and helps shorten interaction time with the cutting surface (Mechanical Science and Engineering Research Study, 2019, University of Illinois).<\/p>\n\n","protected":false},"excerpt":{"rendered":"<p>From the manufacturer Boos Block wood care products for long lasting protection and care Originally designed for factory use in finishing and protecting Boos cutting board products, Boos Block grooming products have become the standard in professional and home kitchens to protect hardwood countertops from the strain of everyday use in the kitchen and maintain [&hellip;]<\/p>\n","protected":false},"featured_media":1557,"comment_status":"open","ping_status":"closed","template":"","meta":{"_aipt_faq_data":""},"store":[],"product_brand":[275],"product_cat":[67],"product_tag":[166],"class_list":{"0":"post-1556","1":"product","2":"type-product","3":"status-publish","4":"has-post-thumbnail","6":"product_brand-john-boos","7":"product_cat-bienenwachs","8":"product_tag-bienenwachs-holzpflege-natuerlich","10":"first","11":"instock","12":"shipping-taxable","13":"product-type-external"},"yoast_head":"<!-- This site is optimized with the Yoast SEO plugin v27.4 - https:\/\/yoast.com\/product\/yoast-seo-wordpress\/ -->\n<title>Boos Block Board Cream - 148 ml - Chopping Board Wax - Food Safe - Beeswax for Wood - Beeswax Wood Care - Beeswax Cream, Clear - PureHiveHoney<\/title>\n<meta name=\"description\" content=\"Entdecken Sie hochwertigen Rohhonig, Bio Honig, Manuka Honig und nat\u00fcrliche Bienenprodukte. PureHiveHoney hilft Ihnen dabei, sorgf\u00e4ltig ausgew\u00e4hlte Honigsorten mit nat\u00fcrlicher Qualit\u00e4t und Reinheit zu entdecken.\" \/>\n<meta name=\"robots\" content=\"index, follow, max-snippet:-1, max-image-preview:large, max-video-preview:-1\" \/>\n<link rel=\"canonical\" href=\"https:\/\/purehivehoney.com\/de\/product\/boos-block-board-cream-148-ml-chopping-board-wax-food-safe-beeswax-for-wood-beeswax-wood-care-beeswax-cream-clear\/\" \/>\n<meta property=\"og:locale\" content=\"de_DE\" \/>\n<meta property=\"og:type\" content=\"article\" \/>\n<meta property=\"og:title\" content=\"Boos Block Board Cream - 148 ml - Chopping Board Wax - Food Safe - Beeswax for Wood - Beeswax Wood Care - Beeswax Cream, Clear - PureHiveHoney\" \/>\n<meta property=\"og:description\" content=\"Entdecken Sie hochwertigen Rohhonig, Bio Honig, Manuka Honig und nat\u00fcrliche Bienenprodukte. PureHiveHoney hilft Ihnen dabei, sorgf\u00e4ltig ausgew\u00e4hlte Honigsorten mit nat\u00fcrlicher Qualit\u00e4t und Reinheit zu entdecken.\" \/>\n<meta property=\"og:url\" content=\"https:\/\/purehivehoney.com\/de\/product\/boos-block-board-cream-148-ml-chopping-board-wax-food-safe-beeswax-for-wood-beeswax-wood-care-beeswax-cream-clear\/\" \/>\n<meta property=\"og:site_name\" content=\"PureHiveHoney\" \/>\n<meta property=\"article:modified_time\" content=\"2026-03-16T12:06:53+00:00\" \/>\n<meta property=\"og:image\" content=\"https:\/\/images-na.ssl-images-amazon.com\/images\/G\/01\/x-locale\/common\/grey-pixel.gif\" \/>\n<meta name=\"twitter:card\" content=\"summary_large_image\" \/>\n<meta name=\"twitter:label1\" content=\"Gesch\u00e4tzte Lesezeit\" \/>\n\t<meta name=\"twitter:data1\" content=\"3\u00a0Minuten\" \/>\n<script type=\"application\/ld+json\" class=\"yoast-schema-graph\">{\"@context\":\"https:\\\/\\\/schema.org\",\"@graph\":[{\"@type\":\"WebPage\",\"@id\":\"https:\\\/\\\/purehivehoney.com\\\/de\\\/product\\\/boos-block-board-cream-148-ml-chopping-board-wax-food-safe-beeswax-for-wood-beeswax-wood-care-beeswax-cream-clear\\\/\",\"url\":\"https:\\\/\\\/purehivehoney.com\\\/de\\\/product\\\/boos-block-board-cream-148-ml-chopping-board-wax-food-safe-beeswax-for-wood-beeswax-wood-care-beeswax-cream-clear\\\/\",\"name\":\"Boos Block Board Cream - 148 ml - Chopping Board Wax - Food Safe - Beeswax for Wood - Beeswax Wood Care - Beeswax Cream, Clear - PureHiveHoney\",\"isPartOf\":{\"@id\":\"https:\\\/\\\/purehivehoney.com\\\/de\\\/#website\"},\"primaryImageOfPage\":{\"@id\":\"https:\\\/\\\/purehivehoney.com\\\/de\\\/product\\\/boos-block-board-cream-148-ml-chopping-board-wax-food-safe-beeswax-for-wood-beeswax-wood-care-beeswax-cream-clear\\\/#primaryimage\"},\"image\":{\"@id\":\"https:\\\/\\\/purehivehoney.com\\\/de\\\/product\\\/boos-block-board-cream-148-ml-chopping-board-wax-food-safe-beeswax-for-wood-beeswax-wood-care-beeswax-cream-clear\\\/#primaryimage\"},\"thumbnailUrl\":\"https:\\\/\\\/purehivehoney.com\\\/de\\\/wp-content\\\/uploads\\\/2026\\\/03\\\/61h6wny5exL._AC_SL1500_.jpg\",\"datePublished\":\"2026-03-16T12:06:38+00:00\",\"dateModified\":\"2026-03-16T12:06:53+00:00\",\"description\":\"Entdecken Sie hochwertigen Rohhonig, Bio Honig, Manuka Honig und nat\u00fcrliche Bienenprodukte. PureHiveHoney hilft Ihnen dabei, sorgf\u00e4ltig ausgew\u00e4hlte Honigsorten mit nat\u00fcrlicher Qualit\u00e4t und Reinheit zu entdecken.\",\"breadcrumb\":{\"@id\":\"https:\\\/\\\/purehivehoney.com\\\/de\\\/product\\\/boos-block-board-cream-148-ml-chopping-board-wax-food-safe-beeswax-for-wood-beeswax-wood-care-beeswax-cream-clear\\\/#breadcrumb\"},\"inLanguage\":\"de\",\"potentialAction\":[{\"@type\":\"ReadAction\",\"target\":[\"https:\\\/\\\/purehivehoney.com\\\/de\\\/product\\\/boos-block-board-cream-148-ml-chopping-board-wax-food-safe-beeswax-for-wood-beeswax-wood-care-beeswax-cream-clear\\\/\"]}]},{\"@type\":\"ImageObject\",\"inLanguage\":\"de\",\"@id\":\"https:\\\/\\\/purehivehoney.com\\\/de\\\/product\\\/boos-block-board-cream-148-ml-chopping-board-wax-food-safe-beeswax-for-wood-beeswax-wood-care-beeswax-cream-clear\\\/#primaryimage\",\"url\":\"https:\\\/\\\/purehivehoney.com\\\/de\\\/wp-content\\\/uploads\\\/2026\\\/03\\\/61h6wny5exL._AC_SL1500_.jpg\",\"contentUrl\":\"https:\\\/\\\/purehivehoney.com\\\/de\\\/wp-content\\\/uploads\\\/2026\\\/03\\\/61h6wny5exL._AC_SL1500_.jpg\",\"width\":1149,\"height\":1500},{\"@type\":\"BreadcrumbList\",\"@id\":\"https:\\\/\\\/purehivehoney.com\\\/de\\\/product\\\/boos-block-board-cream-148-ml-chopping-board-wax-food-safe-beeswax-for-wood-beeswax-wood-care-beeswax-cream-clear\\\/#breadcrumb\",\"itemListElement\":[{\"@type\":\"ListItem\",\"position\":1,\"name\":\"Home\",\"item\":\"https:\\\/\\\/purehivehoney.com\\\/de\\\/\"},{\"@type\":\"ListItem\",\"position\":2,\"name\":\"Shop\",\"item\":\"https:\\\/\\\/purehivehoney.com\\\/de\\\/shop\\\/\"},{\"@type\":\"ListItem\",\"position\":3,\"name\":\"Boos Block Board Cream &#8211; 148 ...\"}]},{\"@type\":\"WebSite\",\"@id\":\"https:\\\/\\\/purehivehoney.com\\\/de\\\/#website\",\"url\":\"https:\\\/\\\/purehivehoney.com\\\/de\\\/\",\"name\":\"PureHiveHoney\",\"description\":\"Reiner Honig &amp; Bienenprodukte Online | Rohhonig, Bio Honig &amp; Spezialhonig\",\"publisher\":{\"@id\":\"https:\\\/\\\/purehivehoney.com\\\/de\\\/#organization\"},\"potentialAction\":[{\"@type\":\"SearchAction\",\"target\":{\"@type\":\"EntryPoint\",\"urlTemplate\":\"https:\\\/\\\/purehivehoney.com\\\/de\\\/?s={search_term_string}\"},\"query-input\":{\"@type\":\"PropertyValueSpecification\",\"valueRequired\":true,\"valueName\":\"search_term_string\"}}],\"inLanguage\":\"de\"},{\"@type\":\"Organization\",\"@id\":\"https:\\\/\\\/purehivehoney.com\\\/de\\\/#organization\",\"name\":\"PureHiveHoney\",\"url\":\"https:\\\/\\\/purehivehoney.com\\\/de\\\/\",\"logo\":{\"@type\":\"ImageObject\",\"inLanguage\":\"de\",\"@id\":\"https:\\\/\\\/purehivehoney.com\\\/de\\\/#\\\/schema\\\/logo\\\/image\\\/\",\"url\":\"https:\\\/\\\/purehivehoney.com\\\/de\\\/wp-content\\\/uploads\\\/2026\\\/03\\\/Screenshot-2026-03-16-at-1.06.01-AM.png\",\"contentUrl\":\"https:\\\/\\\/purehivehoney.com\\\/de\\\/wp-content\\\/uploads\\\/2026\\\/03\\\/Screenshot-2026-03-16-at-1.06.01-AM.png\",\"width\":2112,\"height\":1086,\"caption\":\"PureHiveHoney\"},\"image\":{\"@id\":\"https:\\\/\\\/purehivehoney.com\\\/de\\\/#\\\/schema\\\/logo\\\/image\\\/\"}}]}<\/script>\n<!-- \/ Yoast SEO plugin. -->","yoast_head_json":{"title":"Boos Block Board Cream - 148 ml - Chopping Board Wax - Food Safe - Beeswax for Wood - Beeswax Wood Care - Beeswax Cream, Clear - PureHiveHoney","description":"Entdecken Sie hochwertigen Rohhonig, Bio Honig, Manuka Honig und nat\u00fcrliche Bienenprodukte. PureHiveHoney hilft Ihnen dabei, sorgf\u00e4ltig ausgew\u00e4hlte Honigsorten mit nat\u00fcrlicher Qualit\u00e4t und Reinheit zu entdecken.","robots":{"index":"index","follow":"follow","max-snippet":"max-snippet:-1","max-image-preview":"max-image-preview:large","max-video-preview":"max-video-preview:-1"},"canonical":"https:\/\/purehivehoney.com\/de\/product\/boos-block-board-cream-148-ml-chopping-board-wax-food-safe-beeswax-for-wood-beeswax-wood-care-beeswax-cream-clear\/","og_locale":"de_DE","og_type":"article","og_title":"Boos Block Board Cream - 148 ml - Chopping Board Wax - Food Safe - Beeswax for Wood - Beeswax Wood Care - Beeswax Cream, Clear - PureHiveHoney","og_description":"Entdecken Sie hochwertigen Rohhonig, Bio Honig, Manuka Honig und nat\u00fcrliche Bienenprodukte. PureHiveHoney hilft Ihnen dabei, sorgf\u00e4ltig ausgew\u00e4hlte Honigsorten mit nat\u00fcrlicher Qualit\u00e4t und Reinheit zu entdecken.","og_url":"https:\/\/purehivehoney.com\/de\/product\/boos-block-board-cream-148-ml-chopping-board-wax-food-safe-beeswax-for-wood-beeswax-wood-care-beeswax-cream-clear\/","og_site_name":"PureHiveHoney","article_modified_time":"2026-03-16T12:06:53+00:00","og_image":[{"url":"https:\/\/images-na.ssl-images-amazon.com\/images\/G\/01\/x-locale\/common\/grey-pixel.gif","type":"","width":"","height":""}],"twitter_card":"summary_large_image","twitter_misc":{"Gesch\u00e4tzte Lesezeit":"3\u00a0Minuten"},"schema":{"@context":"https:\/\/schema.org","@graph":[{"@type":"WebPage","@id":"https:\/\/purehivehoney.com\/de\/product\/boos-block-board-cream-148-ml-chopping-board-wax-food-safe-beeswax-for-wood-beeswax-wood-care-beeswax-cream-clear\/","url":"https:\/\/purehivehoney.com\/de\/product\/boos-block-board-cream-148-ml-chopping-board-wax-food-safe-beeswax-for-wood-beeswax-wood-care-beeswax-cream-clear\/","name":"Boos Block Board Cream - 148 ml - Chopping Board Wax - Food Safe - Beeswax for Wood - Beeswax Wood Care - Beeswax Cream, Clear - PureHiveHoney","isPartOf":{"@id":"https:\/\/purehivehoney.com\/de\/#website"},"primaryImageOfPage":{"@id":"https:\/\/purehivehoney.com\/de\/product\/boos-block-board-cream-148-ml-chopping-board-wax-food-safe-beeswax-for-wood-beeswax-wood-care-beeswax-cream-clear\/#primaryimage"},"image":{"@id":"https:\/\/purehivehoney.com\/de\/product\/boos-block-board-cream-148-ml-chopping-board-wax-food-safe-beeswax-for-wood-beeswax-wood-care-beeswax-cream-clear\/#primaryimage"},"thumbnailUrl":"https:\/\/purehivehoney.com\/de\/wp-content\/uploads\/2026\/03\/61h6wny5exL._AC_SL1500_.jpg","datePublished":"2026-03-16T12:06:38+00:00","dateModified":"2026-03-16T12:06:53+00:00","description":"Entdecken Sie hochwertigen Rohhonig, Bio Honig, Manuka Honig und nat\u00fcrliche Bienenprodukte. PureHiveHoney hilft Ihnen dabei, sorgf\u00e4ltig ausgew\u00e4hlte Honigsorten mit nat\u00fcrlicher Qualit\u00e4t und Reinheit zu entdecken.","breadcrumb":{"@id":"https:\/\/purehivehoney.com\/de\/product\/boos-block-board-cream-148-ml-chopping-board-wax-food-safe-beeswax-for-wood-beeswax-wood-care-beeswax-cream-clear\/#breadcrumb"},"inLanguage":"de","potentialAction":[{"@type":"ReadAction","target":["https:\/\/purehivehoney.com\/de\/product\/boos-block-board-cream-148-ml-chopping-board-wax-food-safe-beeswax-for-wood-beeswax-wood-care-beeswax-cream-clear\/"]}]},{"@type":"ImageObject","inLanguage":"de","@id":"https:\/\/purehivehoney.com\/de\/product\/boos-block-board-cream-148-ml-chopping-board-wax-food-safe-beeswax-for-wood-beeswax-wood-care-beeswax-cream-clear\/#primaryimage","url":"https:\/\/purehivehoney.com\/de\/wp-content\/uploads\/2026\/03\/61h6wny5exL._AC_SL1500_.jpg","contentUrl":"https:\/\/purehivehoney.com\/de\/wp-content\/uploads\/2026\/03\/61h6wny5exL._AC_SL1500_.jpg","width":1149,"height":1500},{"@type":"BreadcrumbList","@id":"https:\/\/purehivehoney.com\/de\/product\/boos-block-board-cream-148-ml-chopping-board-wax-food-safe-beeswax-for-wood-beeswax-wood-care-beeswax-cream-clear\/#breadcrumb","itemListElement":[{"@type":"ListItem","position":1,"name":"Home","item":"https:\/\/purehivehoney.com\/de\/"},{"@type":"ListItem","position":2,"name":"Shop","item":"https:\/\/purehivehoney.com\/de\/shop\/"},{"@type":"ListItem","position":3,"name":"Boos Block Board Cream &#8211; 148 ..."}]},{"@type":"WebSite","@id":"https:\/\/purehivehoney.com\/de\/#website","url":"https:\/\/purehivehoney.com\/de\/","name":"PureHiveHoney","description":"Reiner Honig &amp; Bienenprodukte Online | Rohhonig, Bio Honig &amp; Spezialhonig","publisher":{"@id":"https:\/\/purehivehoney.com\/de\/#organization"},"potentialAction":[{"@type":"SearchAction","target":{"@type":"EntryPoint","urlTemplate":"https:\/\/purehivehoney.com\/de\/?s={search_term_string}"},"query-input":{"@type":"PropertyValueSpecification","valueRequired":true,"valueName":"search_term_string"}}],"inLanguage":"de"},{"@type":"Organization","@id":"https:\/\/purehivehoney.com\/de\/#organization","name":"PureHiveHoney","url":"https:\/\/purehivehoney.com\/de\/","logo":{"@type":"ImageObject","inLanguage":"de","@id":"https:\/\/purehivehoney.com\/de\/#\/schema\/logo\/image\/","url":"https:\/\/purehivehoney.com\/de\/wp-content\/uploads\/2026\/03\/Screenshot-2026-03-16-at-1.06.01-AM.png","contentUrl":"https:\/\/purehivehoney.com\/de\/wp-content\/uploads\/2026\/03\/Screenshot-2026-03-16-at-1.06.01-AM.png","width":2112,"height":1086,"caption":"PureHiveHoney"},"image":{"@id":"https:\/\/purehivehoney.com\/de\/#\/schema\/logo\/image\/"}}]}},"_links":{"self":[{"href":"https:\/\/purehivehoney.com\/de\/wp-json\/wp\/v2\/product\/1556","targetHints":{"allow":["GET"]}}],"collection":[{"href":"https:\/\/purehivehoney.com\/de\/wp-json\/wp\/v2\/product"}],"about":[{"href":"https:\/\/purehivehoney.com\/de\/wp-json\/wp\/v2\/types\/product"}],"replies":[{"embeddable":true,"href":"https:\/\/purehivehoney.com\/de\/wp-json\/wp\/v2\/comments?post=1556"}],"wp:featuredmedia":[{"embeddable":true,"href":"https:\/\/purehivehoney.com\/de\/wp-json\/wp\/v2\/media\/1557"}],"wp:attachment":[{"href":"https:\/\/purehivehoney.com\/de\/wp-json\/wp\/v2\/media?parent=1556"}],"wp:term":[{"taxonomy":"store","embeddable":true,"href":"https:\/\/purehivehoney.com\/de\/wp-json\/wp\/v2\/store?post=1556"},{"taxonomy":"product_brand","embeddable":true,"href":"https:\/\/purehivehoney.com\/de\/wp-json\/wp\/v2\/product_brand?post=1556"},{"taxonomy":"product_cat","embeddable":true,"href":"https:\/\/purehivehoney.com\/de\/wp-json\/wp\/v2\/product_cat?post=1556"},{"taxonomy":"product_tag","embeddable":true,"href":"https:\/\/purehivehoney.com\/de\/wp-json\/wp\/v2\/product_tag?post=1556"}],"curies":[{"name":"wp","href":"https:\/\/api.w.org\/{rel}","templated":true}]}}