{"id":1548,"date":"2026-03-16T12:03:25","date_gmt":"2026-03-16T12:03:25","guid":{"rendered":"https:\/\/purehivehoney.com\/de\/product\/honigloeffel-aus-holz-personalisierbar-personalisierbar-honigstaebchen-hochzeitsgeschenke-fuer-gaeste-50-stueck-8-cm\/"},"modified":"2026-03-16T12:03:38","modified_gmt":"2026-03-16T12:03:38","slug":"honigloeffel-aus-holz-personalisierbar-personalisierbar-honigstaebchen-hochzeitsgeschenke-fuer-gaeste-50-stueck-8-cm","status":"publish","type":"product","link":"https:\/\/purehivehoney.com\/de\/product\/honigloeffel-aus-holz-personalisierbar-personalisierbar-honigstaebchen-hochzeitsgeschenke-fuer-gaeste-50-stueck-8-cm\/","title":{"rendered":"Honigl\u00f6ffel aus Holz, personalisie..."},"content":{"rendered":"<p>    <span>Material: Holz. <br \/>L\u00e4nge: 8 cm \/ 10 cm. <br \/>Menge: 10 St\u00fcck\/20 St\u00fcck\/30 St\u00fcck\/50 St\u00fcck\/100 St\u00fcck. <br \/>1. Kann vielseitig verwendet werden f\u00fcr Hausk\u00fcchen, Restaurants, Caf\u00e9s, Bars, Partys, Hochzeiten und andere verf\u00fcgbare Szenen. <br \/>2. Hergestellt aus hochwertigem Holz und lebensmittelechten Materialien, ist dieser Honigr\u00fchrstab sicher, harmlos und langlebig. Die homogene Holzstruktur und die nat\u00fcrlichen, weichen Farben werden Ihre Aufmerksamkeit und Zuneigung gewinnen. <br \/>3. Dies ist eine einzigartige Idee als Hochzeitsgeschenk, Babygeschenk, Taufgeschenk oder jede Art von Partygeschenk. Ihre G\u00e4ste werden diesen kleinen Honigl\u00f6ffel als Andenken nach Ihrem besonderen Tag lieben. <br \/>4. Kann nicht nur zum R\u00fchren von Honig verwendet werden, sondern auch f\u00fcr Getr\u00e4nke, geschmolzene Schokolade, Marmelade, Karamell, Ahornsirup und mehr. <br \/>5. Das Rillen-Design auf dem Kopf des Honigstabs ist besser zum Verteilen und Sammeln von Honig aus dem Glas, erleichtert es Ihnen, den Honig zu erhalten. <br \/>Anmerkung: <br \/>1. Aufgrund unterschiedlicher Beleuchtungsverh\u00e4ltnisse und verschiedener Monitore kann die Farbe des tats\u00e4chlichen Produkts leicht von der Abbildung abweichen. <br \/>2. Die Ma\u00dfe wurden manuell bestimmt und k\u00f6nnen daher um 1-3 cm abweichen. <br \/>Kundendienst: Wenn das Produkt irgendwelche Probleme hat, kontaktieren Sie uns einfach.<\/span>    <br \/>Hergestellt aus hochwertigem Holz und lebensmittelechten Materialien, ist dieser Honigr\u00fchrstab sicher, harmlos und langlebig. Die homogene Holzstruktur und die nat\u00fcrlichen, weichen Farben werden Ihre Aufmerksamkeit und Zuneigung gewinnen.<br \/>Das Rillendesign auf dem Kopf des Honigstabs ist besser zum Verteilen und Sammeln von Honig aus dem Glas, erleichtert es Ihnen, den Honig zu erhalten.<br \/>Dieser kleine R\u00fchrstab aus Holz kann leicht mit sauberem Wasser gewaschen werden, und ist leicht zu tragen, er ist der perfekte Partner f\u00fcr Honig.<br \/>Es kann nicht nur zum R\u00fchren von Honig verwendet werden, sondern auch f\u00fcr Getr\u00e4nke, geschmolzene Schokolade, Marmelade, Karamell, Ahornsirup und mehr.<br \/>Sie sind perfekt als Gastgeschenk f\u00fcr Hochzeiten, Partys, Duschen, Abschlussfeiern oder andere besondere Anl\u00e4sse.<\/p>\n\n","protected":false},"excerpt":{"rendered":"<p>Material: Holz. L\u00e4nge: 8 cm \/ 10 cm. Menge: 10 St\u00fcck\/20 St\u00fcck\/30 St\u00fcck\/50 St\u00fcck\/100 St\u00fcck. 1. Kann vielseitig verwendet werden f\u00fcr Hausk\u00fcchen, Restaurants, Caf\u00e9s, Bars, Partys, Hochzeiten und andere verf\u00fcgbare Szenen. 2. Hergestellt aus hochwertigem Holz und lebensmittelechten Materialien, ist dieser Honigr\u00fchrstab sicher, harmlos und langlebig. Die homogene Holzstruktur und die nat\u00fcrlichen, weichen Farben werden [&hellip;]<\/p>\n","protected":false},"featured_media":1549,"comment_status":"open","ping_status":"closed","template":"","meta":{"_aipt_faq_data":""},"store":[],"product_brand":[],"product_cat":[70],"product_tag":[131],"class_list":{"0":"post-1548","1":"product","2":"type-product","3":"status-publish","4":"has-post-thumbnail","6":"product_cat-premium-honig-geschenke","7":"product_tag-premium-honig-geschenke-mit-honigloeffel","9":"first","10":"instock","11":"shipping-taxable","12":"product-type-external"},"yoast_head":"<!-- This site is optimized with the Yoast SEO plugin v27.4 - https:\/\/yoast.com\/product\/yoast-seo-wordpress\/ -->\n<title>Honigl\u00f6ffel aus Holz, personalisierbar, personalisierbar, Honigst\u00e4bchen, Hochzeitsgeschenke f\u00fcr G\u00e4ste (50 St\u00fcck, 8 cm) - PureHiveHoney<\/title>\n<meta name=\"description\" content=\"Entdecken Sie hochwertigen Rohhonig, Bio Honig, Manuka Honig und nat\u00fcrliche Bienenprodukte. PureHiveHoney hilft Ihnen dabei, sorgf\u00e4ltig ausgew\u00e4hlte Honigsorten mit nat\u00fcrlicher Qualit\u00e4t und Reinheit zu entdecken.\" \/>\n<meta name=\"robots\" content=\"index, follow, max-snippet:-1, max-image-preview:large, max-video-preview:-1\" \/>\n<link rel=\"canonical\" href=\"https:\/\/purehivehoney.com\/de\/product\/honigloeffel-aus-holz-personalisierbar-personalisierbar-honigstaebchen-hochzeitsgeschenke-fuer-gaeste-50-stueck-8-cm\/\" \/>\n<meta property=\"og:locale\" content=\"de_DE\" \/>\n<meta property=\"og:type\" content=\"article\" \/>\n<meta property=\"og:title\" content=\"Honigl\u00f6ffel aus Holz, personalisierbar, personalisierbar, Honigst\u00e4bchen, Hochzeitsgeschenke f\u00fcr G\u00e4ste (50 St\u00fcck, 8 cm) - PureHiveHoney\" \/>\n<meta property=\"og:description\" content=\"Entdecken Sie hochwertigen Rohhonig, Bio Honig, Manuka Honig und nat\u00fcrliche Bienenprodukte. PureHiveHoney hilft Ihnen dabei, sorgf\u00e4ltig ausgew\u00e4hlte Honigsorten mit nat\u00fcrlicher Qualit\u00e4t und Reinheit zu entdecken.\" \/>\n<meta property=\"og:url\" content=\"https:\/\/purehivehoney.com\/de\/product\/honigloeffel-aus-holz-personalisierbar-personalisierbar-honigstaebchen-hochzeitsgeschenke-fuer-gaeste-50-stueck-8-cm\/\" \/>\n<meta property=\"og:site_name\" content=\"PureHiveHoney\" \/>\n<meta property=\"article:modified_time\" content=\"2026-03-16T12:03:38+00:00\" \/>\n<meta name=\"twitter:card\" content=\"summary_large_image\" \/>\n<meta name=\"twitter:label1\" content=\"Gesch\u00e4tzte Lesezeit\" \/>\n\t<meta name=\"twitter:data1\" content=\"2\u00a0Minuten\" \/>\n<script type=\"application\/ld+json\" class=\"yoast-schema-graph\">{\"@context\":\"https:\\\/\\\/schema.org\",\"@graph\":[{\"@type\":\"WebPage\",\"@id\":\"https:\\\/\\\/purehivehoney.com\\\/de\\\/product\\\/honigloeffel-aus-holz-personalisierbar-personalisierbar-honigstaebchen-hochzeitsgeschenke-fuer-gaeste-50-stueck-8-cm\\\/\",\"url\":\"https:\\\/\\\/purehivehoney.com\\\/de\\\/product\\\/honigloeffel-aus-holz-personalisierbar-personalisierbar-honigstaebchen-hochzeitsgeschenke-fuer-gaeste-50-stueck-8-cm\\\/\",\"name\":\"Honigl\u00f6ffel aus Holz, personalisierbar, personalisierbar, Honigst\u00e4bchen, Hochzeitsgeschenke f\u00fcr G\u00e4ste (50 St\u00fcck, 8 cm) - PureHiveHoney\",\"isPartOf\":{\"@id\":\"https:\\\/\\\/purehivehoney.com\\\/de\\\/#website\"},\"primaryImageOfPage\":{\"@id\":\"https:\\\/\\\/purehivehoney.com\\\/de\\\/product\\\/honigloeffel-aus-holz-personalisierbar-personalisierbar-honigstaebchen-hochzeitsgeschenke-fuer-gaeste-50-stueck-8-cm\\\/#primaryimage\"},\"image\":{\"@id\":\"https:\\\/\\\/purehivehoney.com\\\/de\\\/product\\\/honigloeffel-aus-holz-personalisierbar-personalisierbar-honigstaebchen-hochzeitsgeschenke-fuer-gaeste-50-stueck-8-cm\\\/#primaryimage\"},\"thumbnailUrl\":\"https:\\\/\\\/purehivehoney.com\\\/de\\\/wp-content\\\/uploads\\\/2026\\\/03\\\/1773662605_71P4EpAFeNL._AC_SL1200_.jpg\",\"datePublished\":\"2026-03-16T12:03:25+00:00\",\"dateModified\":\"2026-03-16T12:03:38+00:00\",\"description\":\"Entdecken Sie hochwertigen Rohhonig, Bio Honig, Manuka Honig und nat\u00fcrliche Bienenprodukte. PureHiveHoney hilft Ihnen dabei, sorgf\u00e4ltig ausgew\u00e4hlte Honigsorten mit nat\u00fcrlicher Qualit\u00e4t und Reinheit zu entdecken.\",\"breadcrumb\":{\"@id\":\"https:\\\/\\\/purehivehoney.com\\\/de\\\/product\\\/honigloeffel-aus-holz-personalisierbar-personalisierbar-honigstaebchen-hochzeitsgeschenke-fuer-gaeste-50-stueck-8-cm\\\/#breadcrumb\"},\"inLanguage\":\"de\",\"potentialAction\":[{\"@type\":\"ReadAction\",\"target\":[\"https:\\\/\\\/purehivehoney.com\\\/de\\\/product\\\/honigloeffel-aus-holz-personalisierbar-personalisierbar-honigstaebchen-hochzeitsgeschenke-fuer-gaeste-50-stueck-8-cm\\\/\"]}]},{\"@type\":\"ImageObject\",\"inLanguage\":\"de\",\"@id\":\"https:\\\/\\\/purehivehoney.com\\\/de\\\/product\\\/honigloeffel-aus-holz-personalisierbar-personalisierbar-honigstaebchen-hochzeitsgeschenke-fuer-gaeste-50-stueck-8-cm\\\/#primaryimage\",\"url\":\"https:\\\/\\\/purehivehoney.com\\\/de\\\/wp-content\\\/uploads\\\/2026\\\/03\\\/1773662605_71P4EpAFeNL._AC_SL1200_.jpg\",\"contentUrl\":\"https:\\\/\\\/purehivehoney.com\\\/de\\\/wp-content\\\/uploads\\\/2026\\\/03\\\/1773662605_71P4EpAFeNL._AC_SL1200_.jpg\",\"width\":1200,\"height\":1200},{\"@type\":\"BreadcrumbList\",\"@id\":\"https:\\\/\\\/purehivehoney.com\\\/de\\\/product\\\/honigloeffel-aus-holz-personalisierbar-personalisierbar-honigstaebchen-hochzeitsgeschenke-fuer-gaeste-50-stueck-8-cm\\\/#breadcrumb\",\"itemListElement\":[{\"@type\":\"ListItem\",\"position\":1,\"name\":\"Home\",\"item\":\"https:\\\/\\\/purehivehoney.com\\\/de\\\/\"},{\"@type\":\"ListItem\",\"position\":2,\"name\":\"Shop\",\"item\":\"https:\\\/\\\/purehivehoney.com\\\/de\\\/shop\\\/\"},{\"@type\":\"ListItem\",\"position\":3,\"name\":\"Honigl\u00f6ffel aus Holz, personalisie...\"}]},{\"@type\":\"WebSite\",\"@id\":\"https:\\\/\\\/purehivehoney.com\\\/de\\\/#website\",\"url\":\"https:\\\/\\\/purehivehoney.com\\\/de\\\/\",\"name\":\"PureHiveHoney\",\"description\":\"Reiner Honig &amp; Bienenprodukte Online | Rohhonig, Bio Honig &amp; Spezialhonig\",\"publisher\":{\"@id\":\"https:\\\/\\\/purehivehoney.com\\\/de\\\/#organization\"},\"potentialAction\":[{\"@type\":\"SearchAction\",\"target\":{\"@type\":\"EntryPoint\",\"urlTemplate\":\"https:\\\/\\\/purehivehoney.com\\\/de\\\/?s={search_term_string}\"},\"query-input\":{\"@type\":\"PropertyValueSpecification\",\"valueRequired\":true,\"valueName\":\"search_term_string\"}}],\"inLanguage\":\"de\"},{\"@type\":\"Organization\",\"@id\":\"https:\\\/\\\/purehivehoney.com\\\/de\\\/#organization\",\"name\":\"PureHiveHoney\",\"url\":\"https:\\\/\\\/purehivehoney.com\\\/de\\\/\",\"logo\":{\"@type\":\"ImageObject\",\"inLanguage\":\"de\",\"@id\":\"https:\\\/\\\/purehivehoney.com\\\/de\\\/#\\\/schema\\\/logo\\\/image\\\/\",\"url\":\"https:\\\/\\\/purehivehoney.com\\\/de\\\/wp-content\\\/uploads\\\/2026\\\/03\\\/Screenshot-2026-03-16-at-1.06.01-AM.png\",\"contentUrl\":\"https:\\\/\\\/purehivehoney.com\\\/de\\\/wp-content\\\/uploads\\\/2026\\\/03\\\/Screenshot-2026-03-16-at-1.06.01-AM.png\",\"width\":2112,\"height\":1086,\"caption\":\"PureHiveHoney\"},\"image\":{\"@id\":\"https:\\\/\\\/purehivehoney.com\\\/de\\\/#\\\/schema\\\/logo\\\/image\\\/\"}}]}<\/script>\n<!-- \/ Yoast SEO plugin. -->","yoast_head_json":{"title":"Honigl\u00f6ffel aus Holz, personalisierbar, personalisierbar, Honigst\u00e4bchen, Hochzeitsgeschenke f\u00fcr G\u00e4ste (50 St\u00fcck, 8 cm) - PureHiveHoney","description":"Entdecken Sie hochwertigen Rohhonig, Bio Honig, Manuka Honig und nat\u00fcrliche Bienenprodukte. PureHiveHoney hilft Ihnen dabei, sorgf\u00e4ltig ausgew\u00e4hlte Honigsorten mit nat\u00fcrlicher Qualit\u00e4t und Reinheit zu entdecken.","robots":{"index":"index","follow":"follow","max-snippet":"max-snippet:-1","max-image-preview":"max-image-preview:large","max-video-preview":"max-video-preview:-1"},"canonical":"https:\/\/purehivehoney.com\/de\/product\/honigloeffel-aus-holz-personalisierbar-personalisierbar-honigstaebchen-hochzeitsgeschenke-fuer-gaeste-50-stueck-8-cm\/","og_locale":"de_DE","og_type":"article","og_title":"Honigl\u00f6ffel aus Holz, personalisierbar, personalisierbar, Honigst\u00e4bchen, Hochzeitsgeschenke f\u00fcr G\u00e4ste (50 St\u00fcck, 8 cm) - PureHiveHoney","og_description":"Entdecken Sie hochwertigen Rohhonig, Bio Honig, Manuka Honig und nat\u00fcrliche Bienenprodukte. PureHiveHoney hilft Ihnen dabei, sorgf\u00e4ltig ausgew\u00e4hlte Honigsorten mit nat\u00fcrlicher Qualit\u00e4t und Reinheit zu entdecken.","og_url":"https:\/\/purehivehoney.com\/de\/product\/honigloeffel-aus-holz-personalisierbar-personalisierbar-honigstaebchen-hochzeitsgeschenke-fuer-gaeste-50-stueck-8-cm\/","og_site_name":"PureHiveHoney","article_modified_time":"2026-03-16T12:03:38+00:00","twitter_card":"summary_large_image","twitter_misc":{"Gesch\u00e4tzte Lesezeit":"2\u00a0Minuten"},"schema":{"@context":"https:\/\/schema.org","@graph":[{"@type":"WebPage","@id":"https:\/\/purehivehoney.com\/de\/product\/honigloeffel-aus-holz-personalisierbar-personalisierbar-honigstaebchen-hochzeitsgeschenke-fuer-gaeste-50-stueck-8-cm\/","url":"https:\/\/purehivehoney.com\/de\/product\/honigloeffel-aus-holz-personalisierbar-personalisierbar-honigstaebchen-hochzeitsgeschenke-fuer-gaeste-50-stueck-8-cm\/","name":"Honigl\u00f6ffel aus Holz, personalisierbar, personalisierbar, Honigst\u00e4bchen, Hochzeitsgeschenke f\u00fcr G\u00e4ste (50 St\u00fcck, 8 cm) - PureHiveHoney","isPartOf":{"@id":"https:\/\/purehivehoney.com\/de\/#website"},"primaryImageOfPage":{"@id":"https:\/\/purehivehoney.com\/de\/product\/honigloeffel-aus-holz-personalisierbar-personalisierbar-honigstaebchen-hochzeitsgeschenke-fuer-gaeste-50-stueck-8-cm\/#primaryimage"},"image":{"@id":"https:\/\/purehivehoney.com\/de\/product\/honigloeffel-aus-holz-personalisierbar-personalisierbar-honigstaebchen-hochzeitsgeschenke-fuer-gaeste-50-stueck-8-cm\/#primaryimage"},"thumbnailUrl":"https:\/\/purehivehoney.com\/de\/wp-content\/uploads\/2026\/03\/1773662605_71P4EpAFeNL._AC_SL1200_.jpg","datePublished":"2026-03-16T12:03:25+00:00","dateModified":"2026-03-16T12:03:38+00:00","description":"Entdecken Sie hochwertigen Rohhonig, Bio Honig, Manuka Honig und nat\u00fcrliche Bienenprodukte. PureHiveHoney hilft Ihnen dabei, sorgf\u00e4ltig ausgew\u00e4hlte Honigsorten mit nat\u00fcrlicher Qualit\u00e4t und Reinheit zu entdecken.","breadcrumb":{"@id":"https:\/\/purehivehoney.com\/de\/product\/honigloeffel-aus-holz-personalisierbar-personalisierbar-honigstaebchen-hochzeitsgeschenke-fuer-gaeste-50-stueck-8-cm\/#breadcrumb"},"inLanguage":"de","potentialAction":[{"@type":"ReadAction","target":["https:\/\/purehivehoney.com\/de\/product\/honigloeffel-aus-holz-personalisierbar-personalisierbar-honigstaebchen-hochzeitsgeschenke-fuer-gaeste-50-stueck-8-cm\/"]}]},{"@type":"ImageObject","inLanguage":"de","@id":"https:\/\/purehivehoney.com\/de\/product\/honigloeffel-aus-holz-personalisierbar-personalisierbar-honigstaebchen-hochzeitsgeschenke-fuer-gaeste-50-stueck-8-cm\/#primaryimage","url":"https:\/\/purehivehoney.com\/de\/wp-content\/uploads\/2026\/03\/1773662605_71P4EpAFeNL._AC_SL1200_.jpg","contentUrl":"https:\/\/purehivehoney.com\/de\/wp-content\/uploads\/2026\/03\/1773662605_71P4EpAFeNL._AC_SL1200_.jpg","width":1200,"height":1200},{"@type":"BreadcrumbList","@id":"https:\/\/purehivehoney.com\/de\/product\/honigloeffel-aus-holz-personalisierbar-personalisierbar-honigstaebchen-hochzeitsgeschenke-fuer-gaeste-50-stueck-8-cm\/#breadcrumb","itemListElement":[{"@type":"ListItem","position":1,"name":"Home","item":"https:\/\/purehivehoney.com\/de\/"},{"@type":"ListItem","position":2,"name":"Shop","item":"https:\/\/purehivehoney.com\/de\/shop\/"},{"@type":"ListItem","position":3,"name":"Honigl\u00f6ffel aus Holz, personalisie..."}]},{"@type":"WebSite","@id":"https:\/\/purehivehoney.com\/de\/#website","url":"https:\/\/purehivehoney.com\/de\/","name":"PureHiveHoney","description":"Reiner Honig &amp; Bienenprodukte Online | Rohhonig, Bio Honig &amp; Spezialhonig","publisher":{"@id":"https:\/\/purehivehoney.com\/de\/#organization"},"potentialAction":[{"@type":"SearchAction","target":{"@type":"EntryPoint","urlTemplate":"https:\/\/purehivehoney.com\/de\/?s={search_term_string}"},"query-input":{"@type":"PropertyValueSpecification","valueRequired":true,"valueName":"search_term_string"}}],"inLanguage":"de"},{"@type":"Organization","@id":"https:\/\/purehivehoney.com\/de\/#organization","name":"PureHiveHoney","url":"https:\/\/purehivehoney.com\/de\/","logo":{"@type":"ImageObject","inLanguage":"de","@id":"https:\/\/purehivehoney.com\/de\/#\/schema\/logo\/image\/","url":"https:\/\/purehivehoney.com\/de\/wp-content\/uploads\/2026\/03\/Screenshot-2026-03-16-at-1.06.01-AM.png","contentUrl":"https:\/\/purehivehoney.com\/de\/wp-content\/uploads\/2026\/03\/Screenshot-2026-03-16-at-1.06.01-AM.png","width":2112,"height":1086,"caption":"PureHiveHoney"},"image":{"@id":"https:\/\/purehivehoney.com\/de\/#\/schema\/logo\/image\/"}}]}},"_links":{"self":[{"href":"https:\/\/purehivehoney.com\/de\/wp-json\/wp\/v2\/product\/1548","targetHints":{"allow":["GET"]}}],"collection":[{"href":"https:\/\/purehivehoney.com\/de\/wp-json\/wp\/v2\/product"}],"about":[{"href":"https:\/\/purehivehoney.com\/de\/wp-json\/wp\/v2\/types\/product"}],"replies":[{"embeddable":true,"href":"https:\/\/purehivehoney.com\/de\/wp-json\/wp\/v2\/comments?post=1548"}],"wp:featuredmedia":[{"embeddable":true,"href":"https:\/\/purehivehoney.com\/de\/wp-json\/wp\/v2\/media\/1549"}],"wp:attachment":[{"href":"https:\/\/purehivehoney.com\/de\/wp-json\/wp\/v2\/media?parent=1548"}],"wp:term":[{"taxonomy":"store","embeddable":true,"href":"https:\/\/purehivehoney.com\/de\/wp-json\/wp\/v2\/store?post=1548"},{"taxonomy":"product_brand","embeddable":true,"href":"https:\/\/purehivehoney.com\/de\/wp-json\/wp\/v2\/product_brand?post=1548"},{"taxonomy":"product_cat","embeddable":true,"href":"https:\/\/purehivehoney.com\/de\/wp-json\/wp\/v2\/product_cat?post=1548"},{"taxonomy":"product_tag","embeddable":true,"href":"https:\/\/purehivehoney.com\/de\/wp-json\/wp\/v2\/product_tag?post=1548"}],"curies":[{"name":"wp","href":"https:\/\/api.w.org\/{rel}","templated":true}]}}