{"id":1540,"date":"2026-03-16T11:59:12","date_gmt":"2026-03-16T11:59:12","guid":{"rendered":"https:\/\/purehivehoney.com\/de\/product\/200pcs-wooden-honey-spoon-3-inch-mini-honeycomb-sticks-mini-honey-spoon-honey-stirrer-for-honey-jar-drizzle-dosage-and-wedding-favors\/"},"modified":"2026-03-16T11:59:26","modified_gmt":"2026-03-16T11:59:26","slug":"200pcs-wooden-honey-spoon-3-inch-mini-honeycomb-sticks-mini-honey-spoon-honey-stirrer-for-honey-jar-drizzle-dosage-and-wedding-favors","status":"publish","type":"product","link":"https:\/\/purehivehoney.com\/de\/product\/200pcs-wooden-honey-spoon-3-inch-mini-honeycomb-sticks-mini-honey-spoon-honey-stirrer-for-honey-jar-drizzle-dosage-and-wedding-favors\/","title":{"rendered":"200pcs Wooden Honey Spoon, 3 Inch M..."},"content":{"rendered":"<p>    <span>WEFOO 200 Pack Wooden Honey Spoons 3 Inch Mini Honeycomb Sticks Mini Honey Spoon Honey Stirrers for Honey Jar Dispensing Drizzle and Wedding Gifts<\/span>    <br \/>Value packaging: a pack of 200 wooden honey drip sticks, enough for you to arrange a party or celebration. The honey dripper is 3.15 inches long, 0.75 inches long at the head and 0.6 inches wide, perfect for 1 &#8211; 4 oz honey jars or various handmade products<br \/>Well made: mini honey dripper is made of high-quality wood with a smooth polished surface. Lightweight but durable, no cracks. Non-toxic, durable. A great tool for draining honey, syrup, molasses or other viscous foods, enough to meet your various uses<br \/>Widely Used The small honey spoon can be used for dipping molasses, maple syrup, fruit syrup, melted chocolate or other viscous food. Ideal for wrapping honey, wedding and party favors An ideal gift for bakers, confectioners<br \/>Reusable: the mini honey stick design with deep grooves and long handle helps you collect honey from the jar easily, effectively extending the time to drip honey, allowing you to quietly drizzle honey on bread, toast, biscuits and drinks<br \/>Easy to clean: As an indispensable tool for party parties, wooden honey sticks are suitable for use with cooked food, desserts and drinks, a nice gift for guests along with a small honey jar. Please keep dry after washing<\/p>\n\n","protected":false},"excerpt":{"rendered":"<p>WEFOO 200 Pack Wooden Honey Spoons 3 Inch Mini Honeycomb Sticks Mini Honey Spoon Honey Stirrers for Honey Jar Dispensing Drizzle and Wedding Gifts Value packaging: a pack of 200 wooden honey drip sticks, enough for you to arrange a party or celebration. The honey dripper is 3.15 inches long, 0.75 inches long at the [&hellip;]<\/p>\n","protected":false},"featured_media":1541,"comment_status":"open","ping_status":"closed","template":"","meta":{"_aipt_faq_data":""},"store":[],"product_brand":[],"product_cat":[73],"product_tag":[164],"class_list":{"0":"post-1540","1":"product","2":"type-product","3":"status-publish","4":"has-post-thumbnail","6":"product_cat-honigloffel","7":"product_tag-honigloeffel-fuer-honigglas","9":"first","10":"instock","11":"shipping-taxable","12":"product-type-external"},"yoast_head":"<!-- This site is optimized with the Yoast SEO plugin v27.4 - https:\/\/yoast.com\/product\/yoast-seo-wordpress\/ -->\n<title>200pcs Wooden Honey Spoon, 3 Inch Mini Honeycomb Sticks, Mini Honey Spoon, Honey Stirrer for Honey Jar, Drizzle Dosage and Wedding Favors - PureHiveHoney<\/title>\n<meta name=\"description\" content=\"Entdecken Sie hochwertigen Rohhonig, Bio Honig, Manuka Honig und nat\u00fcrliche Bienenprodukte. PureHiveHoney hilft Ihnen dabei, sorgf\u00e4ltig ausgew\u00e4hlte Honigsorten mit nat\u00fcrlicher Qualit\u00e4t und Reinheit zu entdecken.\" \/>\n<meta name=\"robots\" content=\"index, follow, max-snippet:-1, max-image-preview:large, max-video-preview:-1\" \/>\n<link rel=\"canonical\" href=\"https:\/\/purehivehoney.com\/de\/product\/200pcs-wooden-honey-spoon-3-inch-mini-honeycomb-sticks-mini-honey-spoon-honey-stirrer-for-honey-jar-drizzle-dosage-and-wedding-favors\/\" \/>\n<meta property=\"og:locale\" content=\"de_DE\" \/>\n<meta property=\"og:type\" content=\"article\" \/>\n<meta property=\"og:title\" content=\"200pcs Wooden Honey Spoon, 3 Inch Mini Honeycomb Sticks, Mini Honey Spoon, Honey Stirrer for Honey Jar, Drizzle Dosage and Wedding Favors - PureHiveHoney\" \/>\n<meta property=\"og:description\" content=\"Entdecken Sie hochwertigen Rohhonig, Bio Honig, Manuka Honig und nat\u00fcrliche Bienenprodukte. PureHiveHoney hilft Ihnen dabei, sorgf\u00e4ltig ausgew\u00e4hlte Honigsorten mit nat\u00fcrlicher Qualit\u00e4t und Reinheit zu entdecken.\" \/>\n<meta property=\"og:url\" content=\"https:\/\/purehivehoney.com\/de\/product\/200pcs-wooden-honey-spoon-3-inch-mini-honeycomb-sticks-mini-honey-spoon-honey-stirrer-for-honey-jar-drizzle-dosage-and-wedding-favors\/\" \/>\n<meta property=\"og:site_name\" content=\"PureHiveHoney\" \/>\n<meta property=\"article:modified_time\" content=\"2026-03-16T11:59:26+00:00\" \/>\n<meta name=\"twitter:card\" content=\"summary_large_image\" \/>\n<meta name=\"twitter:label1\" content=\"Gesch\u00e4tzte Lesezeit\" \/>\n\t<meta name=\"twitter:data1\" content=\"1\u00a0Minute\" \/>\n<script type=\"application\/ld+json\" class=\"yoast-schema-graph\">{\"@context\":\"https:\\\/\\\/schema.org\",\"@graph\":[{\"@type\":\"WebPage\",\"@id\":\"https:\\\/\\\/purehivehoney.com\\\/de\\\/product\\\/200pcs-wooden-honey-spoon-3-inch-mini-honeycomb-sticks-mini-honey-spoon-honey-stirrer-for-honey-jar-drizzle-dosage-and-wedding-favors\\\/\",\"url\":\"https:\\\/\\\/purehivehoney.com\\\/de\\\/product\\\/200pcs-wooden-honey-spoon-3-inch-mini-honeycomb-sticks-mini-honey-spoon-honey-stirrer-for-honey-jar-drizzle-dosage-and-wedding-favors\\\/\",\"name\":\"200pcs Wooden Honey Spoon, 3 Inch Mini Honeycomb Sticks, Mini Honey Spoon, Honey Stirrer for Honey Jar, Drizzle Dosage and Wedding Favors - PureHiveHoney\",\"isPartOf\":{\"@id\":\"https:\\\/\\\/purehivehoney.com\\\/de\\\/#website\"},\"primaryImageOfPage\":{\"@id\":\"https:\\\/\\\/purehivehoney.com\\\/de\\\/product\\\/200pcs-wooden-honey-spoon-3-inch-mini-honeycomb-sticks-mini-honey-spoon-honey-stirrer-for-honey-jar-drizzle-dosage-and-wedding-favors\\\/#primaryimage\"},\"image\":{\"@id\":\"https:\\\/\\\/purehivehoney.com\\\/de\\\/product\\\/200pcs-wooden-honey-spoon-3-inch-mini-honeycomb-sticks-mini-honey-spoon-honey-stirrer-for-honey-jar-drizzle-dosage-and-wedding-favors\\\/#primaryimage\"},\"thumbnailUrl\":\"https:\\\/\\\/purehivehoney.com\\\/de\\\/wp-content\\\/uploads\\\/2026\\\/03\\\/71RoDgtDsVL._AC_SL1500_.jpg\",\"datePublished\":\"2026-03-16T11:59:12+00:00\",\"dateModified\":\"2026-03-16T11:59:26+00:00\",\"description\":\"Entdecken Sie hochwertigen Rohhonig, Bio Honig, Manuka Honig und nat\u00fcrliche Bienenprodukte. PureHiveHoney hilft Ihnen dabei, sorgf\u00e4ltig ausgew\u00e4hlte Honigsorten mit nat\u00fcrlicher Qualit\u00e4t und Reinheit zu entdecken.\",\"breadcrumb\":{\"@id\":\"https:\\\/\\\/purehivehoney.com\\\/de\\\/product\\\/200pcs-wooden-honey-spoon-3-inch-mini-honeycomb-sticks-mini-honey-spoon-honey-stirrer-for-honey-jar-drizzle-dosage-and-wedding-favors\\\/#breadcrumb\"},\"inLanguage\":\"de\",\"potentialAction\":[{\"@type\":\"ReadAction\",\"target\":[\"https:\\\/\\\/purehivehoney.com\\\/de\\\/product\\\/200pcs-wooden-honey-spoon-3-inch-mini-honeycomb-sticks-mini-honey-spoon-honey-stirrer-for-honey-jar-drizzle-dosage-and-wedding-favors\\\/\"]}]},{\"@type\":\"ImageObject\",\"inLanguage\":\"de\",\"@id\":\"https:\\\/\\\/purehivehoney.com\\\/de\\\/product\\\/200pcs-wooden-honey-spoon-3-inch-mini-honeycomb-sticks-mini-honey-spoon-honey-stirrer-for-honey-jar-drizzle-dosage-and-wedding-favors\\\/#primaryimage\",\"url\":\"https:\\\/\\\/purehivehoney.com\\\/de\\\/wp-content\\\/uploads\\\/2026\\\/03\\\/71RoDgtDsVL._AC_SL1500_.jpg\",\"contentUrl\":\"https:\\\/\\\/purehivehoney.com\\\/de\\\/wp-content\\\/uploads\\\/2026\\\/03\\\/71RoDgtDsVL._AC_SL1500_.jpg\",\"width\":1494,\"height\":1491},{\"@type\":\"BreadcrumbList\",\"@id\":\"https:\\\/\\\/purehivehoney.com\\\/de\\\/product\\\/200pcs-wooden-honey-spoon-3-inch-mini-honeycomb-sticks-mini-honey-spoon-honey-stirrer-for-honey-jar-drizzle-dosage-and-wedding-favors\\\/#breadcrumb\",\"itemListElement\":[{\"@type\":\"ListItem\",\"position\":1,\"name\":\"Home\",\"item\":\"https:\\\/\\\/purehivehoney.com\\\/de\\\/\"},{\"@type\":\"ListItem\",\"position\":2,\"name\":\"Shop\",\"item\":\"https:\\\/\\\/purehivehoney.com\\\/de\\\/shop\\\/\"},{\"@type\":\"ListItem\",\"position\":3,\"name\":\"200pcs Wooden Honey Spoon, 3 Inch M...\"}]},{\"@type\":\"WebSite\",\"@id\":\"https:\\\/\\\/purehivehoney.com\\\/de\\\/#website\",\"url\":\"https:\\\/\\\/purehivehoney.com\\\/de\\\/\",\"name\":\"PureHiveHoney\",\"description\":\"Reiner Honig &amp; Bienenprodukte Online | Rohhonig, Bio Honig &amp; Spezialhonig\",\"publisher\":{\"@id\":\"https:\\\/\\\/purehivehoney.com\\\/de\\\/#organization\"},\"potentialAction\":[{\"@type\":\"SearchAction\",\"target\":{\"@type\":\"EntryPoint\",\"urlTemplate\":\"https:\\\/\\\/purehivehoney.com\\\/de\\\/?s={search_term_string}\"},\"query-input\":{\"@type\":\"PropertyValueSpecification\",\"valueRequired\":true,\"valueName\":\"search_term_string\"}}],\"inLanguage\":\"de\"},{\"@type\":\"Organization\",\"@id\":\"https:\\\/\\\/purehivehoney.com\\\/de\\\/#organization\",\"name\":\"PureHiveHoney\",\"url\":\"https:\\\/\\\/purehivehoney.com\\\/de\\\/\",\"logo\":{\"@type\":\"ImageObject\",\"inLanguage\":\"de\",\"@id\":\"https:\\\/\\\/purehivehoney.com\\\/de\\\/#\\\/schema\\\/logo\\\/image\\\/\",\"url\":\"https:\\\/\\\/purehivehoney.com\\\/de\\\/wp-content\\\/uploads\\\/2026\\\/03\\\/Screenshot-2026-03-16-at-1.06.01-AM.png\",\"contentUrl\":\"https:\\\/\\\/purehivehoney.com\\\/de\\\/wp-content\\\/uploads\\\/2026\\\/03\\\/Screenshot-2026-03-16-at-1.06.01-AM.png\",\"width\":2112,\"height\":1086,\"caption\":\"PureHiveHoney\"},\"image\":{\"@id\":\"https:\\\/\\\/purehivehoney.com\\\/de\\\/#\\\/schema\\\/logo\\\/image\\\/\"}}]}<\/script>\n<!-- \/ Yoast SEO plugin. -->","yoast_head_json":{"title":"200pcs Wooden Honey Spoon, 3 Inch Mini Honeycomb Sticks, Mini Honey Spoon, Honey Stirrer for Honey Jar, Drizzle Dosage and Wedding Favors - PureHiveHoney","description":"Entdecken Sie hochwertigen Rohhonig, Bio Honig, Manuka Honig und nat\u00fcrliche Bienenprodukte. PureHiveHoney hilft Ihnen dabei, sorgf\u00e4ltig ausgew\u00e4hlte Honigsorten mit nat\u00fcrlicher Qualit\u00e4t und Reinheit zu entdecken.","robots":{"index":"index","follow":"follow","max-snippet":"max-snippet:-1","max-image-preview":"max-image-preview:large","max-video-preview":"max-video-preview:-1"},"canonical":"https:\/\/purehivehoney.com\/de\/product\/200pcs-wooden-honey-spoon-3-inch-mini-honeycomb-sticks-mini-honey-spoon-honey-stirrer-for-honey-jar-drizzle-dosage-and-wedding-favors\/","og_locale":"de_DE","og_type":"article","og_title":"200pcs Wooden Honey Spoon, 3 Inch Mini Honeycomb Sticks, Mini Honey Spoon, Honey Stirrer for Honey Jar, Drizzle Dosage and Wedding Favors - PureHiveHoney","og_description":"Entdecken Sie hochwertigen Rohhonig, Bio Honig, Manuka Honig und nat\u00fcrliche Bienenprodukte. PureHiveHoney hilft Ihnen dabei, sorgf\u00e4ltig ausgew\u00e4hlte Honigsorten mit nat\u00fcrlicher Qualit\u00e4t und Reinheit zu entdecken.","og_url":"https:\/\/purehivehoney.com\/de\/product\/200pcs-wooden-honey-spoon-3-inch-mini-honeycomb-sticks-mini-honey-spoon-honey-stirrer-for-honey-jar-drizzle-dosage-and-wedding-favors\/","og_site_name":"PureHiveHoney","article_modified_time":"2026-03-16T11:59:26+00:00","twitter_card":"summary_large_image","twitter_misc":{"Gesch\u00e4tzte Lesezeit":"1\u00a0Minute"},"schema":{"@context":"https:\/\/schema.org","@graph":[{"@type":"WebPage","@id":"https:\/\/purehivehoney.com\/de\/product\/200pcs-wooden-honey-spoon-3-inch-mini-honeycomb-sticks-mini-honey-spoon-honey-stirrer-for-honey-jar-drizzle-dosage-and-wedding-favors\/","url":"https:\/\/purehivehoney.com\/de\/product\/200pcs-wooden-honey-spoon-3-inch-mini-honeycomb-sticks-mini-honey-spoon-honey-stirrer-for-honey-jar-drizzle-dosage-and-wedding-favors\/","name":"200pcs Wooden Honey Spoon, 3 Inch Mini Honeycomb Sticks, Mini Honey Spoon, Honey Stirrer for Honey Jar, Drizzle Dosage and Wedding Favors - PureHiveHoney","isPartOf":{"@id":"https:\/\/purehivehoney.com\/de\/#website"},"primaryImageOfPage":{"@id":"https:\/\/purehivehoney.com\/de\/product\/200pcs-wooden-honey-spoon-3-inch-mini-honeycomb-sticks-mini-honey-spoon-honey-stirrer-for-honey-jar-drizzle-dosage-and-wedding-favors\/#primaryimage"},"image":{"@id":"https:\/\/purehivehoney.com\/de\/product\/200pcs-wooden-honey-spoon-3-inch-mini-honeycomb-sticks-mini-honey-spoon-honey-stirrer-for-honey-jar-drizzle-dosage-and-wedding-favors\/#primaryimage"},"thumbnailUrl":"https:\/\/purehivehoney.com\/de\/wp-content\/uploads\/2026\/03\/71RoDgtDsVL._AC_SL1500_.jpg","datePublished":"2026-03-16T11:59:12+00:00","dateModified":"2026-03-16T11:59:26+00:00","description":"Entdecken Sie hochwertigen Rohhonig, Bio Honig, Manuka Honig und nat\u00fcrliche Bienenprodukte. PureHiveHoney hilft Ihnen dabei, sorgf\u00e4ltig ausgew\u00e4hlte Honigsorten mit nat\u00fcrlicher Qualit\u00e4t und Reinheit zu entdecken.","breadcrumb":{"@id":"https:\/\/purehivehoney.com\/de\/product\/200pcs-wooden-honey-spoon-3-inch-mini-honeycomb-sticks-mini-honey-spoon-honey-stirrer-for-honey-jar-drizzle-dosage-and-wedding-favors\/#breadcrumb"},"inLanguage":"de","potentialAction":[{"@type":"ReadAction","target":["https:\/\/purehivehoney.com\/de\/product\/200pcs-wooden-honey-spoon-3-inch-mini-honeycomb-sticks-mini-honey-spoon-honey-stirrer-for-honey-jar-drizzle-dosage-and-wedding-favors\/"]}]},{"@type":"ImageObject","inLanguage":"de","@id":"https:\/\/purehivehoney.com\/de\/product\/200pcs-wooden-honey-spoon-3-inch-mini-honeycomb-sticks-mini-honey-spoon-honey-stirrer-for-honey-jar-drizzle-dosage-and-wedding-favors\/#primaryimage","url":"https:\/\/purehivehoney.com\/de\/wp-content\/uploads\/2026\/03\/71RoDgtDsVL._AC_SL1500_.jpg","contentUrl":"https:\/\/purehivehoney.com\/de\/wp-content\/uploads\/2026\/03\/71RoDgtDsVL._AC_SL1500_.jpg","width":1494,"height":1491},{"@type":"BreadcrumbList","@id":"https:\/\/purehivehoney.com\/de\/product\/200pcs-wooden-honey-spoon-3-inch-mini-honeycomb-sticks-mini-honey-spoon-honey-stirrer-for-honey-jar-drizzle-dosage-and-wedding-favors\/#breadcrumb","itemListElement":[{"@type":"ListItem","position":1,"name":"Home","item":"https:\/\/purehivehoney.com\/de\/"},{"@type":"ListItem","position":2,"name":"Shop","item":"https:\/\/purehivehoney.com\/de\/shop\/"},{"@type":"ListItem","position":3,"name":"200pcs Wooden Honey Spoon, 3 Inch M..."}]},{"@type":"WebSite","@id":"https:\/\/purehivehoney.com\/de\/#website","url":"https:\/\/purehivehoney.com\/de\/","name":"PureHiveHoney","description":"Reiner Honig &amp; Bienenprodukte Online | Rohhonig, Bio Honig &amp; Spezialhonig","publisher":{"@id":"https:\/\/purehivehoney.com\/de\/#organization"},"potentialAction":[{"@type":"SearchAction","target":{"@type":"EntryPoint","urlTemplate":"https:\/\/purehivehoney.com\/de\/?s={search_term_string}"},"query-input":{"@type":"PropertyValueSpecification","valueRequired":true,"valueName":"search_term_string"}}],"inLanguage":"de"},{"@type":"Organization","@id":"https:\/\/purehivehoney.com\/de\/#organization","name":"PureHiveHoney","url":"https:\/\/purehivehoney.com\/de\/","logo":{"@type":"ImageObject","inLanguage":"de","@id":"https:\/\/purehivehoney.com\/de\/#\/schema\/logo\/image\/","url":"https:\/\/purehivehoney.com\/de\/wp-content\/uploads\/2026\/03\/Screenshot-2026-03-16-at-1.06.01-AM.png","contentUrl":"https:\/\/purehivehoney.com\/de\/wp-content\/uploads\/2026\/03\/Screenshot-2026-03-16-at-1.06.01-AM.png","width":2112,"height":1086,"caption":"PureHiveHoney"},"image":{"@id":"https:\/\/purehivehoney.com\/de\/#\/schema\/logo\/image\/"}}]}},"_links":{"self":[{"href":"https:\/\/purehivehoney.com\/de\/wp-json\/wp\/v2\/product\/1540","targetHints":{"allow":["GET"]}}],"collection":[{"href":"https:\/\/purehivehoney.com\/de\/wp-json\/wp\/v2\/product"}],"about":[{"href":"https:\/\/purehivehoney.com\/de\/wp-json\/wp\/v2\/types\/product"}],"replies":[{"embeddable":true,"href":"https:\/\/purehivehoney.com\/de\/wp-json\/wp\/v2\/comments?post=1540"}],"wp:featuredmedia":[{"embeddable":true,"href":"https:\/\/purehivehoney.com\/de\/wp-json\/wp\/v2\/media\/1541"}],"wp:attachment":[{"href":"https:\/\/purehivehoney.com\/de\/wp-json\/wp\/v2\/media?parent=1540"}],"wp:term":[{"taxonomy":"store","embeddable":true,"href":"https:\/\/purehivehoney.com\/de\/wp-json\/wp\/v2\/store?post=1540"},{"taxonomy":"product_brand","embeddable":true,"href":"https:\/\/purehivehoney.com\/de\/wp-json\/wp\/v2\/product_brand?post=1540"},{"taxonomy":"product_cat","embeddable":true,"href":"https:\/\/purehivehoney.com\/de\/wp-json\/wp\/v2\/product_cat?post=1540"},{"taxonomy":"product_tag","embeddable":true,"href":"https:\/\/purehivehoney.com\/de\/wp-json\/wp\/v2\/product_tag?post=1540"}],"curies":[{"name":"wp","href":"https:\/\/api.w.org\/{rel}","templated":true}]}}