{"id":1530,"date":"2026-03-16T11:57:17","date_gmt":"2026-03-16T11:57:17","guid":{"rendered":"https:\/\/purehivehoney.com\/de\/product\/transparentes-honigglas-aus-glas-mit-deckel-2-stueck-380-ml-einmachglaeser-fuer-lebensmittel-und-honig-zur-kuechenaufbewahrung-mit-staubschutz\/"},"modified":"2026-03-16T11:57:37","modified_gmt":"2026-03-16T11:57:37","slug":"transparentes-honigglas-aus-glas-mit-deckel-2-stueck-380-ml-einmachglaeser-fuer-lebensmittel-und-honig-zur-kuechenaufbewahrung-mit-staubschutz","status":"publish","type":"product","link":"https:\/\/purehivehoney.com\/de\/product\/transparentes-honigglas-aus-glas-mit-deckel-2-stueck-380-ml-einmachglaeser-fuer-lebensmittel-und-honig-zur-kuechenaufbewahrung-mit-staubschutz\/","title":{"rendered":"Transparentes Honigglas aus Glas mi..."},"content":{"rendered":"<p>    <span class=\"a-text-bold\">Lieferumfang<\/span><span><br \/> 2 Honiggl\u00e4ser<br \/><\/span><span class=\"a-text-bold\">Eigenschaften<\/span><span><br \/> Produktinformationen: Konservendosen<br \/> &#8211; Gr\u00f6\u00dfe: 12,00 x 12,00 x 7,00 cm \/ 4,72 x 4,72 x 2,75 Zoll.<br \/> &#8211; Farbe: Gold, Silber, Transparent.<br \/> &#8211; Fassungsverm\u00f6gen: 380 ml Honigglas mit Verschluss.<br \/> &#8211; Material: Glas.<br \/> Sie werden aufgrund der perfekten Verarbeitung dieses Bienenhonigglases ein gutes Nutzungserlebnis haben.<br \/> &#8211; Glatte Glasflasche, leicht zu reinigen und zu verwenden. Hervorragende Abdichtung, h\u00e4lt Ihren Honig effektiv frisch. Transparentes Honigglas.<br \/> Dieses Honigglas eignet sich zur Aufbewahrung von Honig zu Hause, im Restaurant, im Hotel usw. (Honigflasche f\u00fcr Zuhause)<br \/> &#8211; Sie k\u00f6nnen es als Geschenk an Ihre Familie und Freunde schicken, sie werden sich freuen. Transparente Honigflasche.<br \/> Es besteht aus einem Material, das \u00fcber einen sehr langen Zeitraum verwendet werden kann.<br \/><\/span><span class=\"a-text-bold\">Wareninformationen<\/span><span><br \/> Klares Honigglas. Ein sch\u00f6nes Honigglas zur Aufbewahrung in der K\u00fcche. Honigflasche f\u00fcr Zuhause. Dieses Honigglas besticht durch sein kreatives Design, ist praktisch in der Anwendung und verbessert den Geschmack. Honiggl\u00e4ser. Die transparente, sechseckige Form wirkt nach dem Bef\u00fcllen mit Honig besonders modisch und ansprechend. Bienenhonigglas. Und dieser Honig sieht noch k\u00f6stlicher aus.<\/span>    <br \/>Transparente honigflasche \u2013 die perfekte verarbeitung garantiert ein hervorragendes nutzungserlebnis<br \/>Honigglas aus glas \u2013 transparente glasflasche zur l\u00e4ngeren aufbewahrung des honigs, k\u00fcchenhonigglas<br \/>Verschlie\u00dfbare honigflasche \u2013 aus hochwertigem material gefertigt und daher lange haltbar<br \/>Klares honigglas \u2013 transparentes glas und deckeldesign, gut sichtbarer inhalt, honiggl\u00e4ser<br \/>Klares honigglas \u2013 dank der perfekten verarbeitung werden sie lange freude daran haben<\/p>\n\n","protected":false},"excerpt":{"rendered":"<p>Lieferumfang 2 Honiggl\u00e4serEigenschaften Produktinformationen: Konservendosen &#8211; Gr\u00f6\u00dfe: 12,00 x 12,00 x 7,00 cm \/ 4,72 x 4,72 x 2,75 Zoll. &#8211; Farbe: Gold, Silber, Transparent. &#8211; Fassungsverm\u00f6gen: 380 ml Honigglas mit Verschluss. &#8211; Material: Glas. Sie werden aufgrund der perfekten Verarbeitung dieses Bienenhonigglases ein gutes Nutzungserlebnis haben. &#8211; Glatte Glasflasche, leicht zu reinigen und zu [&hellip;]<\/p>\n","protected":false},"featured_media":1531,"comment_status":"open","ping_status":"closed","template":"","meta":{"_aipt_faq_data":""},"store":[],"product_brand":[256],"product_cat":[74],"product_tag":[162],"class_list":{"0":"post-1530","1":"product","2":"type-product","3":"status-publish","4":"has-post-thumbnail","6":"product_brand-healeep","7":"product_cat-honigglaser","8":"product_tag-honigglaeser-aus-glas","10":"first","11":"instock","12":"shipping-taxable","13":"product-type-external"},"yoast_head":"<!-- This site is optimized with the Yoast SEO plugin v27.4 - https:\/\/yoast.com\/product\/yoast-seo-wordpress\/ -->\n<title>Transparentes Honigglas aus Glas mit Deckel 2 St\u00fcck 380 ml Einmachgl\u00e4ser f\u00fcr Lebensmittel und Honig zur K\u00fcchenaufbewahrung mit Staubschutz - PureHiveHoney<\/title>\n<meta name=\"description\" content=\"Entdecken Sie hochwertigen Rohhonig, Bio Honig, Manuka Honig und nat\u00fcrliche Bienenprodukte. PureHiveHoney hilft Ihnen dabei, sorgf\u00e4ltig ausgew\u00e4hlte Honigsorten mit nat\u00fcrlicher Qualit\u00e4t und Reinheit zu entdecken.\" \/>\n<meta name=\"robots\" content=\"index, follow, max-snippet:-1, max-image-preview:large, max-video-preview:-1\" \/>\n<link rel=\"canonical\" href=\"https:\/\/purehivehoney.com\/de\/product\/transparentes-honigglas-aus-glas-mit-deckel-2-stueck-380-ml-einmachglaeser-fuer-lebensmittel-und-honig-zur-kuechenaufbewahrung-mit-staubschutz\/\" \/>\n<meta property=\"og:locale\" content=\"de_DE\" \/>\n<meta property=\"og:type\" content=\"article\" \/>\n<meta property=\"og:title\" content=\"Transparentes Honigglas aus Glas mit Deckel 2 St\u00fcck 380 ml Einmachgl\u00e4ser f\u00fcr Lebensmittel und Honig zur K\u00fcchenaufbewahrung mit Staubschutz - PureHiveHoney\" \/>\n<meta property=\"og:description\" content=\"Entdecken Sie hochwertigen Rohhonig, Bio Honig, Manuka Honig und nat\u00fcrliche Bienenprodukte. PureHiveHoney hilft Ihnen dabei, sorgf\u00e4ltig ausgew\u00e4hlte Honigsorten mit nat\u00fcrlicher Qualit\u00e4t und Reinheit zu entdecken.\" \/>\n<meta property=\"og:url\" content=\"https:\/\/purehivehoney.com\/de\/product\/transparentes-honigglas-aus-glas-mit-deckel-2-stueck-380-ml-einmachglaeser-fuer-lebensmittel-und-honig-zur-kuechenaufbewahrung-mit-staubschutz\/\" \/>\n<meta property=\"og:site_name\" content=\"PureHiveHoney\" \/>\n<meta property=\"article:modified_time\" content=\"2026-03-16T11:57:37+00:00\" \/>\n<meta name=\"twitter:card\" content=\"summary_large_image\" \/>\n<meta name=\"twitter:label1\" content=\"Gesch\u00e4tzte Lesezeit\" \/>\n\t<meta name=\"twitter:data1\" content=\"1\u00a0Minute\" \/>\n<script type=\"application\/ld+json\" class=\"yoast-schema-graph\">{\"@context\":\"https:\\\/\\\/schema.org\",\"@graph\":[{\"@type\":\"WebPage\",\"@id\":\"https:\\\/\\\/purehivehoney.com\\\/de\\\/product\\\/transparentes-honigglas-aus-glas-mit-deckel-2-stueck-380-ml-einmachglaeser-fuer-lebensmittel-und-honig-zur-kuechenaufbewahrung-mit-staubschutz\\\/\",\"url\":\"https:\\\/\\\/purehivehoney.com\\\/de\\\/product\\\/transparentes-honigglas-aus-glas-mit-deckel-2-stueck-380-ml-einmachglaeser-fuer-lebensmittel-und-honig-zur-kuechenaufbewahrung-mit-staubschutz\\\/\",\"name\":\"Transparentes Honigglas aus Glas mit Deckel 2 St\u00fcck 380 ml Einmachgl\u00e4ser f\u00fcr Lebensmittel und Honig zur K\u00fcchenaufbewahrung mit Staubschutz - PureHiveHoney\",\"isPartOf\":{\"@id\":\"https:\\\/\\\/purehivehoney.com\\\/de\\\/#website\"},\"primaryImageOfPage\":{\"@id\":\"https:\\\/\\\/purehivehoney.com\\\/de\\\/product\\\/transparentes-honigglas-aus-glas-mit-deckel-2-stueck-380-ml-einmachglaeser-fuer-lebensmittel-und-honig-zur-kuechenaufbewahrung-mit-staubschutz\\\/#primaryimage\"},\"image\":{\"@id\":\"https:\\\/\\\/purehivehoney.com\\\/de\\\/product\\\/transparentes-honigglas-aus-glas-mit-deckel-2-stueck-380-ml-einmachglaeser-fuer-lebensmittel-und-honig-zur-kuechenaufbewahrung-mit-staubschutz\\\/#primaryimage\"},\"thumbnailUrl\":\"https:\\\/\\\/purehivehoney.com\\\/de\\\/wp-content\\\/uploads\\\/2026\\\/03\\\/51TDnGwWDL._AC_SL1500_.jpg\",\"datePublished\":\"2026-03-16T11:57:17+00:00\",\"dateModified\":\"2026-03-16T11:57:37+00:00\",\"description\":\"Entdecken Sie hochwertigen Rohhonig, Bio Honig, Manuka Honig und nat\u00fcrliche Bienenprodukte. PureHiveHoney hilft Ihnen dabei, sorgf\u00e4ltig ausgew\u00e4hlte Honigsorten mit nat\u00fcrlicher Qualit\u00e4t und Reinheit zu entdecken.\",\"breadcrumb\":{\"@id\":\"https:\\\/\\\/purehivehoney.com\\\/de\\\/product\\\/transparentes-honigglas-aus-glas-mit-deckel-2-stueck-380-ml-einmachglaeser-fuer-lebensmittel-und-honig-zur-kuechenaufbewahrung-mit-staubschutz\\\/#breadcrumb\"},\"inLanguage\":\"de\",\"potentialAction\":[{\"@type\":\"ReadAction\",\"target\":[\"https:\\\/\\\/purehivehoney.com\\\/de\\\/product\\\/transparentes-honigglas-aus-glas-mit-deckel-2-stueck-380-ml-einmachglaeser-fuer-lebensmittel-und-honig-zur-kuechenaufbewahrung-mit-staubschutz\\\/\"]}]},{\"@type\":\"ImageObject\",\"inLanguage\":\"de\",\"@id\":\"https:\\\/\\\/purehivehoney.com\\\/de\\\/product\\\/transparentes-honigglas-aus-glas-mit-deckel-2-stueck-380-ml-einmachglaeser-fuer-lebensmittel-und-honig-zur-kuechenaufbewahrung-mit-staubschutz\\\/#primaryimage\",\"url\":\"https:\\\/\\\/purehivehoney.com\\\/de\\\/wp-content\\\/uploads\\\/2026\\\/03\\\/51TDnGwWDL._AC_SL1500_.jpg\",\"contentUrl\":\"https:\\\/\\\/purehivehoney.com\\\/de\\\/wp-content\\\/uploads\\\/2026\\\/03\\\/51TDnGwWDL._AC_SL1500_.jpg\",\"width\":1500,\"height\":1420},{\"@type\":\"BreadcrumbList\",\"@id\":\"https:\\\/\\\/purehivehoney.com\\\/de\\\/product\\\/transparentes-honigglas-aus-glas-mit-deckel-2-stueck-380-ml-einmachglaeser-fuer-lebensmittel-und-honig-zur-kuechenaufbewahrung-mit-staubschutz\\\/#breadcrumb\",\"itemListElement\":[{\"@type\":\"ListItem\",\"position\":1,\"name\":\"Home\",\"item\":\"https:\\\/\\\/purehivehoney.com\\\/de\\\/\"},{\"@type\":\"ListItem\",\"position\":2,\"name\":\"Shop\",\"item\":\"https:\\\/\\\/purehivehoney.com\\\/de\\\/shop\\\/\"},{\"@type\":\"ListItem\",\"position\":3,\"name\":\"Transparentes Honigglas aus Glas mi...\"}]},{\"@type\":\"WebSite\",\"@id\":\"https:\\\/\\\/purehivehoney.com\\\/de\\\/#website\",\"url\":\"https:\\\/\\\/purehivehoney.com\\\/de\\\/\",\"name\":\"PureHiveHoney\",\"description\":\"Reiner Honig &amp; Bienenprodukte Online | Rohhonig, Bio Honig &amp; Spezialhonig\",\"publisher\":{\"@id\":\"https:\\\/\\\/purehivehoney.com\\\/de\\\/#organization\"},\"potentialAction\":[{\"@type\":\"SearchAction\",\"target\":{\"@type\":\"EntryPoint\",\"urlTemplate\":\"https:\\\/\\\/purehivehoney.com\\\/de\\\/?s={search_term_string}\"},\"query-input\":{\"@type\":\"PropertyValueSpecification\",\"valueRequired\":true,\"valueName\":\"search_term_string\"}}],\"inLanguage\":\"de\"},{\"@type\":\"Organization\",\"@id\":\"https:\\\/\\\/purehivehoney.com\\\/de\\\/#organization\",\"name\":\"PureHiveHoney\",\"url\":\"https:\\\/\\\/purehivehoney.com\\\/de\\\/\",\"logo\":{\"@type\":\"ImageObject\",\"inLanguage\":\"de\",\"@id\":\"https:\\\/\\\/purehivehoney.com\\\/de\\\/#\\\/schema\\\/logo\\\/image\\\/\",\"url\":\"https:\\\/\\\/purehivehoney.com\\\/de\\\/wp-content\\\/uploads\\\/2026\\\/03\\\/Screenshot-2026-03-16-at-1.06.01-AM.png\",\"contentUrl\":\"https:\\\/\\\/purehivehoney.com\\\/de\\\/wp-content\\\/uploads\\\/2026\\\/03\\\/Screenshot-2026-03-16-at-1.06.01-AM.png\",\"width\":2112,\"height\":1086,\"caption\":\"PureHiveHoney\"},\"image\":{\"@id\":\"https:\\\/\\\/purehivehoney.com\\\/de\\\/#\\\/schema\\\/logo\\\/image\\\/\"}}]}<\/script>\n<!-- \/ Yoast SEO plugin. -->","yoast_head_json":{"title":"Transparentes Honigglas aus Glas mit Deckel 2 St\u00fcck 380 ml Einmachgl\u00e4ser f\u00fcr Lebensmittel und Honig zur K\u00fcchenaufbewahrung mit Staubschutz - PureHiveHoney","description":"Entdecken Sie hochwertigen Rohhonig, Bio Honig, Manuka Honig und nat\u00fcrliche Bienenprodukte. PureHiveHoney hilft Ihnen dabei, sorgf\u00e4ltig ausgew\u00e4hlte Honigsorten mit nat\u00fcrlicher Qualit\u00e4t und Reinheit zu entdecken.","robots":{"index":"index","follow":"follow","max-snippet":"max-snippet:-1","max-image-preview":"max-image-preview:large","max-video-preview":"max-video-preview:-1"},"canonical":"https:\/\/purehivehoney.com\/de\/product\/transparentes-honigglas-aus-glas-mit-deckel-2-stueck-380-ml-einmachglaeser-fuer-lebensmittel-und-honig-zur-kuechenaufbewahrung-mit-staubschutz\/","og_locale":"de_DE","og_type":"article","og_title":"Transparentes Honigglas aus Glas mit Deckel 2 St\u00fcck 380 ml Einmachgl\u00e4ser f\u00fcr Lebensmittel und Honig zur K\u00fcchenaufbewahrung mit Staubschutz - PureHiveHoney","og_description":"Entdecken Sie hochwertigen Rohhonig, Bio Honig, Manuka Honig und nat\u00fcrliche Bienenprodukte. PureHiveHoney hilft Ihnen dabei, sorgf\u00e4ltig ausgew\u00e4hlte Honigsorten mit nat\u00fcrlicher Qualit\u00e4t und Reinheit zu entdecken.","og_url":"https:\/\/purehivehoney.com\/de\/product\/transparentes-honigglas-aus-glas-mit-deckel-2-stueck-380-ml-einmachglaeser-fuer-lebensmittel-und-honig-zur-kuechenaufbewahrung-mit-staubschutz\/","og_site_name":"PureHiveHoney","article_modified_time":"2026-03-16T11:57:37+00:00","twitter_card":"summary_large_image","twitter_misc":{"Gesch\u00e4tzte Lesezeit":"1\u00a0Minute"},"schema":{"@context":"https:\/\/schema.org","@graph":[{"@type":"WebPage","@id":"https:\/\/purehivehoney.com\/de\/product\/transparentes-honigglas-aus-glas-mit-deckel-2-stueck-380-ml-einmachglaeser-fuer-lebensmittel-und-honig-zur-kuechenaufbewahrung-mit-staubschutz\/","url":"https:\/\/purehivehoney.com\/de\/product\/transparentes-honigglas-aus-glas-mit-deckel-2-stueck-380-ml-einmachglaeser-fuer-lebensmittel-und-honig-zur-kuechenaufbewahrung-mit-staubschutz\/","name":"Transparentes Honigglas aus Glas mit Deckel 2 St\u00fcck 380 ml Einmachgl\u00e4ser f\u00fcr Lebensmittel und Honig zur K\u00fcchenaufbewahrung mit Staubschutz - PureHiveHoney","isPartOf":{"@id":"https:\/\/purehivehoney.com\/de\/#website"},"primaryImageOfPage":{"@id":"https:\/\/purehivehoney.com\/de\/product\/transparentes-honigglas-aus-glas-mit-deckel-2-stueck-380-ml-einmachglaeser-fuer-lebensmittel-und-honig-zur-kuechenaufbewahrung-mit-staubschutz\/#primaryimage"},"image":{"@id":"https:\/\/purehivehoney.com\/de\/product\/transparentes-honigglas-aus-glas-mit-deckel-2-stueck-380-ml-einmachglaeser-fuer-lebensmittel-und-honig-zur-kuechenaufbewahrung-mit-staubschutz\/#primaryimage"},"thumbnailUrl":"https:\/\/purehivehoney.com\/de\/wp-content\/uploads\/2026\/03\/51TDnGwWDL._AC_SL1500_.jpg","datePublished":"2026-03-16T11:57:17+00:00","dateModified":"2026-03-16T11:57:37+00:00","description":"Entdecken Sie hochwertigen Rohhonig, Bio Honig, Manuka Honig und nat\u00fcrliche Bienenprodukte. PureHiveHoney hilft Ihnen dabei, sorgf\u00e4ltig ausgew\u00e4hlte Honigsorten mit nat\u00fcrlicher Qualit\u00e4t und Reinheit zu entdecken.","breadcrumb":{"@id":"https:\/\/purehivehoney.com\/de\/product\/transparentes-honigglas-aus-glas-mit-deckel-2-stueck-380-ml-einmachglaeser-fuer-lebensmittel-und-honig-zur-kuechenaufbewahrung-mit-staubschutz\/#breadcrumb"},"inLanguage":"de","potentialAction":[{"@type":"ReadAction","target":["https:\/\/purehivehoney.com\/de\/product\/transparentes-honigglas-aus-glas-mit-deckel-2-stueck-380-ml-einmachglaeser-fuer-lebensmittel-und-honig-zur-kuechenaufbewahrung-mit-staubschutz\/"]}]},{"@type":"ImageObject","inLanguage":"de","@id":"https:\/\/purehivehoney.com\/de\/product\/transparentes-honigglas-aus-glas-mit-deckel-2-stueck-380-ml-einmachglaeser-fuer-lebensmittel-und-honig-zur-kuechenaufbewahrung-mit-staubschutz\/#primaryimage","url":"https:\/\/purehivehoney.com\/de\/wp-content\/uploads\/2026\/03\/51TDnGwWDL._AC_SL1500_.jpg","contentUrl":"https:\/\/purehivehoney.com\/de\/wp-content\/uploads\/2026\/03\/51TDnGwWDL._AC_SL1500_.jpg","width":1500,"height":1420},{"@type":"BreadcrumbList","@id":"https:\/\/purehivehoney.com\/de\/product\/transparentes-honigglas-aus-glas-mit-deckel-2-stueck-380-ml-einmachglaeser-fuer-lebensmittel-und-honig-zur-kuechenaufbewahrung-mit-staubschutz\/#breadcrumb","itemListElement":[{"@type":"ListItem","position":1,"name":"Home","item":"https:\/\/purehivehoney.com\/de\/"},{"@type":"ListItem","position":2,"name":"Shop","item":"https:\/\/purehivehoney.com\/de\/shop\/"},{"@type":"ListItem","position":3,"name":"Transparentes Honigglas aus Glas mi..."}]},{"@type":"WebSite","@id":"https:\/\/purehivehoney.com\/de\/#website","url":"https:\/\/purehivehoney.com\/de\/","name":"PureHiveHoney","description":"Reiner Honig &amp; Bienenprodukte Online | Rohhonig, Bio Honig &amp; Spezialhonig","publisher":{"@id":"https:\/\/purehivehoney.com\/de\/#organization"},"potentialAction":[{"@type":"SearchAction","target":{"@type":"EntryPoint","urlTemplate":"https:\/\/purehivehoney.com\/de\/?s={search_term_string}"},"query-input":{"@type":"PropertyValueSpecification","valueRequired":true,"valueName":"search_term_string"}}],"inLanguage":"de"},{"@type":"Organization","@id":"https:\/\/purehivehoney.com\/de\/#organization","name":"PureHiveHoney","url":"https:\/\/purehivehoney.com\/de\/","logo":{"@type":"ImageObject","inLanguage":"de","@id":"https:\/\/purehivehoney.com\/de\/#\/schema\/logo\/image\/","url":"https:\/\/purehivehoney.com\/de\/wp-content\/uploads\/2026\/03\/Screenshot-2026-03-16-at-1.06.01-AM.png","contentUrl":"https:\/\/purehivehoney.com\/de\/wp-content\/uploads\/2026\/03\/Screenshot-2026-03-16-at-1.06.01-AM.png","width":2112,"height":1086,"caption":"PureHiveHoney"},"image":{"@id":"https:\/\/purehivehoney.com\/de\/#\/schema\/logo\/image\/"}}]}},"_links":{"self":[{"href":"https:\/\/purehivehoney.com\/de\/wp-json\/wp\/v2\/product\/1530","targetHints":{"allow":["GET"]}}],"collection":[{"href":"https:\/\/purehivehoney.com\/de\/wp-json\/wp\/v2\/product"}],"about":[{"href":"https:\/\/purehivehoney.com\/de\/wp-json\/wp\/v2\/types\/product"}],"replies":[{"embeddable":true,"href":"https:\/\/purehivehoney.com\/de\/wp-json\/wp\/v2\/comments?post=1530"}],"wp:featuredmedia":[{"embeddable":true,"href":"https:\/\/purehivehoney.com\/de\/wp-json\/wp\/v2\/media\/1531"}],"wp:attachment":[{"href":"https:\/\/purehivehoney.com\/de\/wp-json\/wp\/v2\/media?parent=1530"}],"wp:term":[{"taxonomy":"store","embeddable":true,"href":"https:\/\/purehivehoney.com\/de\/wp-json\/wp\/v2\/store?post=1530"},{"taxonomy":"product_brand","embeddable":true,"href":"https:\/\/purehivehoney.com\/de\/wp-json\/wp\/v2\/product_brand?post=1530"},{"taxonomy":"product_cat","embeddable":true,"href":"https:\/\/purehivehoney.com\/de\/wp-json\/wp\/v2\/product_cat?post=1530"},{"taxonomy":"product_tag","embeddable":true,"href":"https:\/\/purehivehoney.com\/de\/wp-json\/wp\/v2\/product_tag?post=1530"}],"curies":[{"name":"wp","href":"https:\/\/api.w.org\/{rel}","templated":true}]}}