{"id":1493,"date":"2026-03-16T11:14:24","date_gmt":"2026-03-16T11:14:24","guid":{"rendered":"https:\/\/purehivehoney.com\/de\/product\/dr-organic-manuka-honey-hand-cream-moisturising-dry-skin-for-men-for-women-natural-vegetarian-cruelty-free-paraben-sls-free-organic-125-ml\/"},"modified":"2026-03-16T11:14:40","modified_gmt":"2026-03-16T11:14:40","slug":"dr-organic-manuka-honey-hand-cream-moisturising-dry-skin-for-men-for-women-natural-vegetarian-cruelty-free-paraben-sls-free-organic-125-ml","status":"publish","type":"product","link":"https:\/\/purehivehoney.com\/de\/product\/dr-organic-manuka-honey-hand-cream-moisturising-dry-skin-for-men-for-women-natural-vegetarian-cruelty-free-paraben-sls-free-organic-125-ml\/","title":{"rendered":"Dr Organic Manuka Honey Hand Cream,..."},"content":{"rendered":"<p>    <span>Our bioactive and organic manuka honey hand and nail cream combines the restorative properties of active Manuka honey with a unique blend of bioactive extracts. <\/span><br \/><span>Our cream has been specially formulated to intensively moisturise the skin, nourish the epidermis and restore dry hands. This intense 12-hour rescue cream is ideal for all dry, rough areas of the body, including the elbows and knees.\u200b <\/span><br \/><span>We are proud to be the largest Soil Association COSMOS Organic certified beauty brand in the UK &#8211; and we continue to grow! COSMOS Organic is the leading global organic standard for the beauty industry, providing independent validation and certification for the ingredients we use and the products we create. <\/span><br \/><span>We avoid using irritating synthetic ingredients often criticized for their strong side effects, and we never use parabens; sodium lauryl sulfate (SLS); synthetic colors; petrochemicals such as mineral oils; DHA; BHT and isothiazolinones. <\/span><br \/><span>We are committed to being a cruelty-free brand and do not test any of our products or raw materials on animals, nor do we ask third parties to test on our behalf. All of our beauty products are suitable for vegetarians and the majority are also suitable for vegans. In some of our ranges we use by-products such as honey, beeswax, propolis, royal jelly and snail secretions, and these are always clearly marked as vegetarian on our labels. <\/span><br \/> Is Discontinued By Manufacturer                                            \u200f                                            :                                            \u200e                                            No   <br \/> Product Dimensions                                            \u200f                                            :                                            \u200e                                            13 x 7.7 x 13 cm; 140 g   <br \/> Manufacturer                                            \u200f                                            :                                            \u200e                                            Dr. Organic   <br \/> ASIN                                            \u200f                                            :                                            \u200e                                            B004EJ6WD2   <br \/> Item model number                                            \u200f                                            :                                            \u200e                                            DR00182   <br \/> Country of origin                                            \u200f                                            :                                            \u200e                                            Italy   <br \/> Department                                            \u200f                                            :                                            \u200e                                            Unisex &#8211; Adult   <br \/>  Customer reviews:                                                                                            4.4               4.4 out of 5 stars                                  (517)                                              var dpAcrHasRegisteredArcLinkClickAction;                    P.when(&#8218;A&#8216;, &#8218;ready&#8216;).execute(function(A) {                        if (dpAcrHasRegisteredArcLinkClickAction !== true) {                            dpAcrHasRegisteredArcLinkClickAction = true;                            A.declarative(                                &#8218;acrLink-click-metrics&#8216;, &#8218;click&#8216;,                                { &#8222;allowLinkDefault&#8220;: true },                                function (event) {                                    if (window.ue) {                                        ue.count(&#8222;acrLinkClickCount&#8220;, (ue.count(&#8222;acrLinkClickCount&#8220;) || 0) + 1);                                    }                                }                            );                        }                    });                                             P.when(&#8218;A&#8216;, &#8218;cf&#8216;).execute(function(A) {                A.declarative(&#8218;acrStarsLink-click-metrics&#8216;, &#8218;click&#8216;, { &#8222;allowLinkDefault&#8220; : true },  function(event){                    if(window.ue) {                        ue.count(&#8222;acrStarsLinkWithPopoverClickCount&#8220;, (ue.count(&#8222;acrStarsLinkWithPopoverClickCount&#8220;) || 0) + 1);                    }                });            });                          <br \/>Natural \u2013 Specially formulated to intensively moisturise the skin, nourish the epidermis and regenerate dry hands<br \/>Organic Manuka Honey \u2013 The cleansing properties of Manuka honey distinguish it from conventional honey. Methylglyoxal is its active component and has antioxidant properties that can support skin and hair in their cleansing effect<br \/>Organic ingredients \u2013 made from organic, natural ingredients. We never use parabens, sodium lauryl sulphate (SLS), synthetic dyes, mineral oil, DEA, BHT or isothiazolinones<br \/>SUPPORT OF PLANET ACTION \u2013 Our products are available in recycled and recyclable packaging and on FSC certified cardboard. Where possible, we use recycled plastic from the ocean for our packaging<br \/>VEGETARIAN &#038; CRUELTY-FREE &#8211; We do not test any of our products or raw materials on animals and do not ask third parties to test on our behalf<\/p>\n\n","protected":false},"excerpt":{"rendered":"<p>Our bioactive and organic manuka honey hand and nail cream combines the restorative properties of active Manuka honey with a unique blend of bioactive extracts. Our cream has been specially formulated to intensively moisturise the skin, nourish the epidermis and restore dry hands. This intense 12-hour rescue cream is ideal for all dry, rough areas [&hellip;]<\/p>\n","protected":false},"featured_media":1494,"comment_status":"open","ping_status":"closed","template":"","meta":{"_aipt_faq_data":""},"store":[],"product_brand":[145],"product_cat":[65],"product_tag":[195],"class_list":{"0":"post-1493","1":"product","2":"type-product","3":"status-publish","4":"has-post-thumbnail","6":"product_brand-dr-organic","7":"product_cat-gelee-royale","8":"product_tag-gelee-royale-honig-mischung","10":"first","11":"instock","12":"shipping-taxable","13":"product-type-external"},"yoast_head":"<!-- This site is optimized with the Yoast SEO plugin v27.4 - https:\/\/yoast.com\/product\/yoast-seo-wordpress\/ -->\n<title>Dr Organic Manuka Honey Hand Cream, Moisturising, Dry Skin, for Men, for Women, Natural, Vegetarian, Cruelty Free, Paraben &amp; SLS Free, Organic, 125 ml - PureHiveHoney<\/title>\n<meta name=\"description\" content=\"Entdecken Sie hochwertigen Rohhonig, Bio Honig, Manuka Honig und nat\u00fcrliche Bienenprodukte. PureHiveHoney hilft Ihnen dabei, sorgf\u00e4ltig ausgew\u00e4hlte Honigsorten mit nat\u00fcrlicher Qualit\u00e4t und Reinheit zu entdecken.\" \/>\n<meta name=\"robots\" content=\"index, follow, max-snippet:-1, max-image-preview:large, max-video-preview:-1\" \/>\n<link rel=\"canonical\" href=\"https:\/\/purehivehoney.com\/de\/product\/dr-organic-manuka-honey-hand-cream-moisturising-dry-skin-for-men-for-women-natural-vegetarian-cruelty-free-paraben-sls-free-organic-125-ml\/\" \/>\n<meta property=\"og:locale\" content=\"de_DE\" \/>\n<meta property=\"og:type\" content=\"article\" \/>\n<meta property=\"og:title\" content=\"Dr Organic Manuka Honey Hand Cream, Moisturising, Dry Skin, for Men, for Women, Natural, Vegetarian, Cruelty Free, Paraben &amp; SLS Free, Organic, 125 ml - PureHiveHoney\" \/>\n<meta property=\"og:description\" content=\"Entdecken Sie hochwertigen Rohhonig, Bio Honig, Manuka Honig und nat\u00fcrliche Bienenprodukte. PureHiveHoney hilft Ihnen dabei, sorgf\u00e4ltig ausgew\u00e4hlte Honigsorten mit nat\u00fcrlicher Qualit\u00e4t und Reinheit zu entdecken.\" \/>\n<meta property=\"og:url\" content=\"https:\/\/purehivehoney.com\/de\/product\/dr-organic-manuka-honey-hand-cream-moisturising-dry-skin-for-men-for-women-natural-vegetarian-cruelty-free-paraben-sls-free-organic-125-ml\/\" \/>\n<meta property=\"og:site_name\" content=\"PureHiveHoney\" \/>\n<meta property=\"article:modified_time\" content=\"2026-03-16T11:14:40+00:00\" \/>\n<meta name=\"twitter:card\" content=\"summary_large_image\" \/>\n<meta name=\"twitter:label1\" content=\"Gesch\u00e4tzte Lesezeit\" \/>\n\t<meta name=\"twitter:data1\" content=\"2\u00a0Minuten\" \/>\n<script type=\"application\/ld+json\" class=\"yoast-schema-graph\">{\"@context\":\"https:\\\/\\\/schema.org\",\"@graph\":[{\"@type\":\"WebPage\",\"@id\":\"https:\\\/\\\/purehivehoney.com\\\/de\\\/product\\\/dr-organic-manuka-honey-hand-cream-moisturising-dry-skin-for-men-for-women-natural-vegetarian-cruelty-free-paraben-sls-free-organic-125-ml\\\/\",\"url\":\"https:\\\/\\\/purehivehoney.com\\\/de\\\/product\\\/dr-organic-manuka-honey-hand-cream-moisturising-dry-skin-for-men-for-women-natural-vegetarian-cruelty-free-paraben-sls-free-organic-125-ml\\\/\",\"name\":\"Dr Organic Manuka Honey Hand Cream, Moisturising, Dry Skin, for Men, for Women, Natural, Vegetarian, Cruelty Free, Paraben & SLS Free, Organic, 125 ml - PureHiveHoney\",\"isPartOf\":{\"@id\":\"https:\\\/\\\/purehivehoney.com\\\/de\\\/#website\"},\"primaryImageOfPage\":{\"@id\":\"https:\\\/\\\/purehivehoney.com\\\/de\\\/product\\\/dr-organic-manuka-honey-hand-cream-moisturising-dry-skin-for-men-for-women-natural-vegetarian-cruelty-free-paraben-sls-free-organic-125-ml\\\/#primaryimage\"},\"image\":{\"@id\":\"https:\\\/\\\/purehivehoney.com\\\/de\\\/product\\\/dr-organic-manuka-honey-hand-cream-moisturising-dry-skin-for-men-for-women-natural-vegetarian-cruelty-free-paraben-sls-free-organic-125-ml\\\/#primaryimage\"},\"thumbnailUrl\":\"https:\\\/\\\/purehivehoney.com\\\/de\\\/wp-content\\\/uploads\\\/2026\\\/03\\\/61fMnmbXZeL._SL1500_.jpg\",\"datePublished\":\"2026-03-16T11:14:24+00:00\",\"dateModified\":\"2026-03-16T11:14:40+00:00\",\"description\":\"Entdecken Sie hochwertigen Rohhonig, Bio Honig, Manuka Honig und nat\u00fcrliche Bienenprodukte. PureHiveHoney hilft Ihnen dabei, sorgf\u00e4ltig ausgew\u00e4hlte Honigsorten mit nat\u00fcrlicher Qualit\u00e4t und Reinheit zu entdecken.\",\"breadcrumb\":{\"@id\":\"https:\\\/\\\/purehivehoney.com\\\/de\\\/product\\\/dr-organic-manuka-honey-hand-cream-moisturising-dry-skin-for-men-for-women-natural-vegetarian-cruelty-free-paraben-sls-free-organic-125-ml\\\/#breadcrumb\"},\"inLanguage\":\"de\",\"potentialAction\":[{\"@type\":\"ReadAction\",\"target\":[\"https:\\\/\\\/purehivehoney.com\\\/de\\\/product\\\/dr-organic-manuka-honey-hand-cream-moisturising-dry-skin-for-men-for-women-natural-vegetarian-cruelty-free-paraben-sls-free-organic-125-ml\\\/\"]}]},{\"@type\":\"ImageObject\",\"inLanguage\":\"de\",\"@id\":\"https:\\\/\\\/purehivehoney.com\\\/de\\\/product\\\/dr-organic-manuka-honey-hand-cream-moisturising-dry-skin-for-men-for-women-natural-vegetarian-cruelty-free-paraben-sls-free-organic-125-ml\\\/#primaryimage\",\"url\":\"https:\\\/\\\/purehivehoney.com\\\/de\\\/wp-content\\\/uploads\\\/2026\\\/03\\\/61fMnmbXZeL._SL1500_.jpg\",\"contentUrl\":\"https:\\\/\\\/purehivehoney.com\\\/de\\\/wp-content\\\/uploads\\\/2026\\\/03\\\/61fMnmbXZeL._SL1500_.jpg\",\"width\":1500,\"height\":1500},{\"@type\":\"BreadcrumbList\",\"@id\":\"https:\\\/\\\/purehivehoney.com\\\/de\\\/product\\\/dr-organic-manuka-honey-hand-cream-moisturising-dry-skin-for-men-for-women-natural-vegetarian-cruelty-free-paraben-sls-free-organic-125-ml\\\/#breadcrumb\",\"itemListElement\":[{\"@type\":\"ListItem\",\"position\":1,\"name\":\"Home\",\"item\":\"https:\\\/\\\/purehivehoney.com\\\/de\\\/\"},{\"@type\":\"ListItem\",\"position\":2,\"name\":\"Shop\",\"item\":\"https:\\\/\\\/purehivehoney.com\\\/de\\\/shop\\\/\"},{\"@type\":\"ListItem\",\"position\":3,\"name\":\"Dr Organic Manuka Honey Hand Cream,...\"}]},{\"@type\":\"WebSite\",\"@id\":\"https:\\\/\\\/purehivehoney.com\\\/de\\\/#website\",\"url\":\"https:\\\/\\\/purehivehoney.com\\\/de\\\/\",\"name\":\"PureHiveHoney\",\"description\":\"Reiner Honig &amp; Bienenprodukte Online | Rohhonig, Bio Honig &amp; Spezialhonig\",\"publisher\":{\"@id\":\"https:\\\/\\\/purehivehoney.com\\\/de\\\/#organization\"},\"potentialAction\":[{\"@type\":\"SearchAction\",\"target\":{\"@type\":\"EntryPoint\",\"urlTemplate\":\"https:\\\/\\\/purehivehoney.com\\\/de\\\/?s={search_term_string}\"},\"query-input\":{\"@type\":\"PropertyValueSpecification\",\"valueRequired\":true,\"valueName\":\"search_term_string\"}}],\"inLanguage\":\"de\"},{\"@type\":\"Organization\",\"@id\":\"https:\\\/\\\/purehivehoney.com\\\/de\\\/#organization\",\"name\":\"PureHiveHoney\",\"url\":\"https:\\\/\\\/purehivehoney.com\\\/de\\\/\",\"logo\":{\"@type\":\"ImageObject\",\"inLanguage\":\"de\",\"@id\":\"https:\\\/\\\/purehivehoney.com\\\/de\\\/#\\\/schema\\\/logo\\\/image\\\/\",\"url\":\"https:\\\/\\\/purehivehoney.com\\\/de\\\/wp-content\\\/uploads\\\/2026\\\/03\\\/Screenshot-2026-03-16-at-1.06.01-AM.png\",\"contentUrl\":\"https:\\\/\\\/purehivehoney.com\\\/de\\\/wp-content\\\/uploads\\\/2026\\\/03\\\/Screenshot-2026-03-16-at-1.06.01-AM.png\",\"width\":2112,\"height\":1086,\"caption\":\"PureHiveHoney\"},\"image\":{\"@id\":\"https:\\\/\\\/purehivehoney.com\\\/de\\\/#\\\/schema\\\/logo\\\/image\\\/\"}}]}<\/script>\n<!-- \/ Yoast SEO plugin. -->","yoast_head_json":{"title":"Dr Organic Manuka Honey Hand Cream, Moisturising, Dry Skin, for Men, for Women, Natural, Vegetarian, Cruelty Free, Paraben & SLS Free, Organic, 125 ml - PureHiveHoney","description":"Entdecken Sie hochwertigen Rohhonig, Bio Honig, Manuka Honig und nat\u00fcrliche Bienenprodukte. PureHiveHoney hilft Ihnen dabei, sorgf\u00e4ltig ausgew\u00e4hlte Honigsorten mit nat\u00fcrlicher Qualit\u00e4t und Reinheit zu entdecken.","robots":{"index":"index","follow":"follow","max-snippet":"max-snippet:-1","max-image-preview":"max-image-preview:large","max-video-preview":"max-video-preview:-1"},"canonical":"https:\/\/purehivehoney.com\/de\/product\/dr-organic-manuka-honey-hand-cream-moisturising-dry-skin-for-men-for-women-natural-vegetarian-cruelty-free-paraben-sls-free-organic-125-ml\/","og_locale":"de_DE","og_type":"article","og_title":"Dr Organic Manuka Honey Hand Cream, Moisturising, Dry Skin, for Men, for Women, Natural, Vegetarian, Cruelty Free, Paraben & SLS Free, Organic, 125 ml - PureHiveHoney","og_description":"Entdecken Sie hochwertigen Rohhonig, Bio Honig, Manuka Honig und nat\u00fcrliche Bienenprodukte. PureHiveHoney hilft Ihnen dabei, sorgf\u00e4ltig ausgew\u00e4hlte Honigsorten mit nat\u00fcrlicher Qualit\u00e4t und Reinheit zu entdecken.","og_url":"https:\/\/purehivehoney.com\/de\/product\/dr-organic-manuka-honey-hand-cream-moisturising-dry-skin-for-men-for-women-natural-vegetarian-cruelty-free-paraben-sls-free-organic-125-ml\/","og_site_name":"PureHiveHoney","article_modified_time":"2026-03-16T11:14:40+00:00","twitter_card":"summary_large_image","twitter_misc":{"Gesch\u00e4tzte Lesezeit":"2\u00a0Minuten"},"schema":{"@context":"https:\/\/schema.org","@graph":[{"@type":"WebPage","@id":"https:\/\/purehivehoney.com\/de\/product\/dr-organic-manuka-honey-hand-cream-moisturising-dry-skin-for-men-for-women-natural-vegetarian-cruelty-free-paraben-sls-free-organic-125-ml\/","url":"https:\/\/purehivehoney.com\/de\/product\/dr-organic-manuka-honey-hand-cream-moisturising-dry-skin-for-men-for-women-natural-vegetarian-cruelty-free-paraben-sls-free-organic-125-ml\/","name":"Dr Organic Manuka Honey Hand Cream, Moisturising, Dry Skin, for Men, for Women, Natural, Vegetarian, Cruelty Free, Paraben & SLS Free, Organic, 125 ml - PureHiveHoney","isPartOf":{"@id":"https:\/\/purehivehoney.com\/de\/#website"},"primaryImageOfPage":{"@id":"https:\/\/purehivehoney.com\/de\/product\/dr-organic-manuka-honey-hand-cream-moisturising-dry-skin-for-men-for-women-natural-vegetarian-cruelty-free-paraben-sls-free-organic-125-ml\/#primaryimage"},"image":{"@id":"https:\/\/purehivehoney.com\/de\/product\/dr-organic-manuka-honey-hand-cream-moisturising-dry-skin-for-men-for-women-natural-vegetarian-cruelty-free-paraben-sls-free-organic-125-ml\/#primaryimage"},"thumbnailUrl":"https:\/\/purehivehoney.com\/de\/wp-content\/uploads\/2026\/03\/61fMnmbXZeL._SL1500_.jpg","datePublished":"2026-03-16T11:14:24+00:00","dateModified":"2026-03-16T11:14:40+00:00","description":"Entdecken Sie hochwertigen Rohhonig, Bio Honig, Manuka Honig und nat\u00fcrliche Bienenprodukte. PureHiveHoney hilft Ihnen dabei, sorgf\u00e4ltig ausgew\u00e4hlte Honigsorten mit nat\u00fcrlicher Qualit\u00e4t und Reinheit zu entdecken.","breadcrumb":{"@id":"https:\/\/purehivehoney.com\/de\/product\/dr-organic-manuka-honey-hand-cream-moisturising-dry-skin-for-men-for-women-natural-vegetarian-cruelty-free-paraben-sls-free-organic-125-ml\/#breadcrumb"},"inLanguage":"de","potentialAction":[{"@type":"ReadAction","target":["https:\/\/purehivehoney.com\/de\/product\/dr-organic-manuka-honey-hand-cream-moisturising-dry-skin-for-men-for-women-natural-vegetarian-cruelty-free-paraben-sls-free-organic-125-ml\/"]}]},{"@type":"ImageObject","inLanguage":"de","@id":"https:\/\/purehivehoney.com\/de\/product\/dr-organic-manuka-honey-hand-cream-moisturising-dry-skin-for-men-for-women-natural-vegetarian-cruelty-free-paraben-sls-free-organic-125-ml\/#primaryimage","url":"https:\/\/purehivehoney.com\/de\/wp-content\/uploads\/2026\/03\/61fMnmbXZeL._SL1500_.jpg","contentUrl":"https:\/\/purehivehoney.com\/de\/wp-content\/uploads\/2026\/03\/61fMnmbXZeL._SL1500_.jpg","width":1500,"height":1500},{"@type":"BreadcrumbList","@id":"https:\/\/purehivehoney.com\/de\/product\/dr-organic-manuka-honey-hand-cream-moisturising-dry-skin-for-men-for-women-natural-vegetarian-cruelty-free-paraben-sls-free-organic-125-ml\/#breadcrumb","itemListElement":[{"@type":"ListItem","position":1,"name":"Home","item":"https:\/\/purehivehoney.com\/de\/"},{"@type":"ListItem","position":2,"name":"Shop","item":"https:\/\/purehivehoney.com\/de\/shop\/"},{"@type":"ListItem","position":3,"name":"Dr Organic Manuka Honey Hand Cream,..."}]},{"@type":"WebSite","@id":"https:\/\/purehivehoney.com\/de\/#website","url":"https:\/\/purehivehoney.com\/de\/","name":"PureHiveHoney","description":"Reiner Honig &amp; Bienenprodukte Online | Rohhonig, Bio Honig &amp; Spezialhonig","publisher":{"@id":"https:\/\/purehivehoney.com\/de\/#organization"},"potentialAction":[{"@type":"SearchAction","target":{"@type":"EntryPoint","urlTemplate":"https:\/\/purehivehoney.com\/de\/?s={search_term_string}"},"query-input":{"@type":"PropertyValueSpecification","valueRequired":true,"valueName":"search_term_string"}}],"inLanguage":"de"},{"@type":"Organization","@id":"https:\/\/purehivehoney.com\/de\/#organization","name":"PureHiveHoney","url":"https:\/\/purehivehoney.com\/de\/","logo":{"@type":"ImageObject","inLanguage":"de","@id":"https:\/\/purehivehoney.com\/de\/#\/schema\/logo\/image\/","url":"https:\/\/purehivehoney.com\/de\/wp-content\/uploads\/2026\/03\/Screenshot-2026-03-16-at-1.06.01-AM.png","contentUrl":"https:\/\/purehivehoney.com\/de\/wp-content\/uploads\/2026\/03\/Screenshot-2026-03-16-at-1.06.01-AM.png","width":2112,"height":1086,"caption":"PureHiveHoney"},"image":{"@id":"https:\/\/purehivehoney.com\/de\/#\/schema\/logo\/image\/"}}]}},"_links":{"self":[{"href":"https:\/\/purehivehoney.com\/de\/wp-json\/wp\/v2\/product\/1493","targetHints":{"allow":["GET"]}}],"collection":[{"href":"https:\/\/purehivehoney.com\/de\/wp-json\/wp\/v2\/product"}],"about":[{"href":"https:\/\/purehivehoney.com\/de\/wp-json\/wp\/v2\/types\/product"}],"replies":[{"embeddable":true,"href":"https:\/\/purehivehoney.com\/de\/wp-json\/wp\/v2\/comments?post=1493"}],"wp:featuredmedia":[{"embeddable":true,"href":"https:\/\/purehivehoney.com\/de\/wp-json\/wp\/v2\/media\/1494"}],"wp:attachment":[{"href":"https:\/\/purehivehoney.com\/de\/wp-json\/wp\/v2\/media?parent=1493"}],"wp:term":[{"taxonomy":"store","embeddable":true,"href":"https:\/\/purehivehoney.com\/de\/wp-json\/wp\/v2\/store?post=1493"},{"taxonomy":"product_brand","embeddable":true,"href":"https:\/\/purehivehoney.com\/de\/wp-json\/wp\/v2\/product_brand?post=1493"},{"taxonomy":"product_cat","embeddable":true,"href":"https:\/\/purehivehoney.com\/de\/wp-json\/wp\/v2\/product_cat?post=1493"},{"taxonomy":"product_tag","embeddable":true,"href":"https:\/\/purehivehoney.com\/de\/wp-json\/wp\/v2\/product_tag?post=1493"}],"curies":[{"name":"wp","href":"https:\/\/api.w.org\/{rel}","templated":true}]}}