{"id":1463,"date":"2026-03-16T11:04:26","date_gmt":"2026-03-16T11:04:26","guid":{"rendered":"https:\/\/purehivehoney.com\/de\/product\/honigruehrer-tragbarer-honigloeffel-15-x-2-cm-fuer-kaffee-tee-getraenke-ruehrer-fuer-kueche-edelstahl-loeffel-mit-ergonomischem-griff-kuechenutensilien-gadget-fuer-damen-herren-kinder\/"},"modified":"2026-03-16T11:04:47","modified_gmt":"2026-03-16T11:04:47","slug":"honigruehrer-tragbarer-honigloeffel-15-x-2-cm-fuer-kaffee-tee-getraenke-ruehrer-fuer-kueche-edelstahl-loeffel-mit-ergonomischem-griff-kuechenutensilien-gadget-fuer-damen-herren-kinder","status":"publish","type":"product","link":"https:\/\/purehivehoney.com\/de\/product\/honigruehrer-tragbarer-honigloeffel-15-x-2-cm-fuer-kaffee-tee-getraenke-ruehrer-fuer-kueche-edelstahl-loeffel-mit-ergonomischem-griff-kuechenutensilien-gadget-fuer-damen-herren-kinder\/","title":{"rendered":"Honigr\u00fchrer, tragbarer Honigl\u00f6ffe..."},"content":{"rendered":"<p>    <span>Verbessern Sie Ihr Honigerlebnis mit unserem kleinen Honigl\u00f6ffel. Diese Honigr\u00fchrer sind perfekt zum einfachen Sammeln und Dosieren von Honig, Birnenpaste oder Marmelade. Verabschieden Sie sich von M\u00fcdigkeit mit unseren Honigkammst\u00e4bchen. Genie\u00dfen Sie jedes Mal organisierten s\u00fc\u00dfen Genuss. <br \/>Spezifikation: <br \/>Name: Honigr\u00fchrer. <br \/>Material: PP <br \/>Produktgr\u00f6\u00dfe: ca. 12,8 x 3 cm. <br \/>Produktfunktion: Wird verwendet, um Honig, Marmelade usw. zu r\u00fchren. <br \/>Lieferumfang: <br \/>1 x Honigr\u00fchrer. <br \/>Anmerkungen: <br \/>1. Aufgrund unterschiedlicher Monitor- und Beleuchtungseinstellungen kann der Farbton des eigentlichen Produkts leicht von dem Farbton in den Abbildungen abweichen. <br \/>2. Bitte verzeihen Sie eine leichte Messabweichung aufgrund manueller Messung.<\/span>    <br \/>M\u00fchelos Honig genie\u00dfen: Mit einem einzigartigen Rillendesign erm\u00f6glichen innovative Honigr\u00fchrer ein bequemes Nieselregen von Honig, was es zu einer entz\u00fcckenden Erg\u00e4nzung f\u00fcr jeden s\u00fc\u00dfen Leckerbissen macht<br \/>LANGLEBIGE LEISTUNG &#8211; M\u00fcheloses R\u00fchren Sie Honig mit unserem Honigstab. Komfortabler Griff und polierte Oberfl\u00e4che machen das Halten f\u00fcr eine lange Zeit bequem ohne Erm\u00fcdung<br \/>\u3010Mehrzweckdesign\u3011R\u00fcsten Sie Ihr Kochspiel mit dem vielseitigen Honigl\u00f6ffel auf, der zum Nieselregen von Honig \u00fcber Toast und Pfannkuchen geeignet ist, und ein gro\u00dfartiges Werkzeug, um hausgemachter Birnenpaste oder Marmelade einen Gourmet-Touch zu verleihen<br \/>M\u00fchelos vers\u00fc\u00dfen Sie Ihren Tee: Kleiner Honigl\u00f6ffel f\u00fcr einfache Verwendung und Reinigung, perfektes gleichm\u00e4\u00dfiges Sammeln und Dosieren von Honig auf Ihren Lieblings-Leckereien, verbessert jeden Biss<br \/>Weit verbreitet: Unsere Honigkammst\u00e4bchen werden von engagierten Imkern kultiviert und sind vielseitige K\u00f6stlichkeiten, die von denjenigen gesch\u00e4tzt werden, die nat\u00fcrliche Aromen haben und nachhaltige Anbaupraktiken unterst\u00fctzen<\/p>\n\n","protected":false},"excerpt":{"rendered":"<p>Verbessern Sie Ihr Honigerlebnis mit unserem kleinen Honigl\u00f6ffel. Diese Honigr\u00fchrer sind perfekt zum einfachen Sammeln und Dosieren von Honig, Birnenpaste oder Marmelade. Verabschieden Sie sich von M\u00fcdigkeit mit unseren Honigkammst\u00e4bchen. Genie\u00dfen Sie jedes Mal organisierten s\u00fc\u00dfen Genuss. Spezifikation: Name: Honigr\u00fchrer. Material: PP Produktgr\u00f6\u00dfe: ca. 12,8 x 3 cm. Produktfunktion: Wird verwendet, um Honig, Marmelade usw. [&hellip;]<\/p>\n","protected":false},"featured_media":1464,"comment_status":"open","ping_status":"closed","template":"","meta":{"_aipt_faq_data":""},"store":[],"product_brand":[192],"product_cat":[73],"product_tag":[128],"class_list":{"0":"post-1463","1":"product","2":"type-product","3":"status-publish","4":"has-post-thumbnail","6":"product_brand-generisch","7":"product_cat-honigloffel","8":"product_tag-honigloeffel-mit-griff","10":"first","11":"instock","12":"shipping-taxable","13":"product-type-external"},"yoast_head":"<!-- This site is optimized with the Yoast SEO plugin v27.4 - https:\/\/yoast.com\/product\/yoast-seo-wordpress\/ -->\n<title>Honigr\u00fchrer, tragbarer Honigl\u00f6ffel, 15 x 2 cm, f\u00fcr Kaffee, Tee, Getr\u00e4nke, R\u00fchrer f\u00fcr K\u00fcche, Edelstahl-L\u00f6ffel mit ergonomischem Griff, K\u00fcchenutensilien, Gadget, f\u00fcr Damen, Herren, Kinder - PureHiveHoney<\/title>\n<meta name=\"description\" content=\"Entdecken Sie hochwertigen Rohhonig, Bio Honig, Manuka Honig und nat\u00fcrliche Bienenprodukte. PureHiveHoney hilft Ihnen dabei, sorgf\u00e4ltig ausgew\u00e4hlte Honigsorten mit nat\u00fcrlicher Qualit\u00e4t und Reinheit zu entdecken.\" \/>\n<meta name=\"robots\" content=\"index, follow, max-snippet:-1, max-image-preview:large, max-video-preview:-1\" \/>\n<link rel=\"canonical\" href=\"https:\/\/purehivehoney.com\/de\/product\/honigruehrer-tragbarer-honigloeffel-15-x-2-cm-fuer-kaffee-tee-getraenke-ruehrer-fuer-kueche-edelstahl-loeffel-mit-ergonomischem-griff-kuechenutensilien-gadget-fuer-damen-herren-kinder\/\" \/>\n<meta property=\"og:locale\" content=\"de_DE\" \/>\n<meta property=\"og:type\" content=\"article\" \/>\n<meta property=\"og:title\" content=\"Honigr\u00fchrer, tragbarer Honigl\u00f6ffel, 15 x 2 cm, f\u00fcr Kaffee, Tee, Getr\u00e4nke, R\u00fchrer f\u00fcr K\u00fcche, Edelstahl-L\u00f6ffel mit ergonomischem Griff, K\u00fcchenutensilien, Gadget, f\u00fcr Damen, Herren, Kinder - PureHiveHoney\" \/>\n<meta property=\"og:description\" content=\"Entdecken Sie hochwertigen Rohhonig, Bio Honig, Manuka Honig und nat\u00fcrliche Bienenprodukte. PureHiveHoney hilft Ihnen dabei, sorgf\u00e4ltig ausgew\u00e4hlte Honigsorten mit nat\u00fcrlicher Qualit\u00e4t und Reinheit zu entdecken.\" \/>\n<meta property=\"og:url\" content=\"https:\/\/purehivehoney.com\/de\/product\/honigruehrer-tragbarer-honigloeffel-15-x-2-cm-fuer-kaffee-tee-getraenke-ruehrer-fuer-kueche-edelstahl-loeffel-mit-ergonomischem-griff-kuechenutensilien-gadget-fuer-damen-herren-kinder\/\" \/>\n<meta property=\"og:site_name\" content=\"PureHiveHoney\" \/>\n<meta property=\"article:modified_time\" content=\"2026-03-16T11:04:47+00:00\" \/>\n<meta name=\"twitter:card\" content=\"summary_large_image\" \/>\n<meta name=\"twitter:label1\" content=\"Gesch\u00e4tzte Lesezeit\" \/>\n\t<meta name=\"twitter:data1\" content=\"1\u00a0Minute\" \/>\n<script type=\"application\/ld+json\" class=\"yoast-schema-graph\">{\"@context\":\"https:\\\/\\\/schema.org\",\"@graph\":[{\"@type\":\"WebPage\",\"@id\":\"https:\\\/\\\/purehivehoney.com\\\/de\\\/product\\\/honigruehrer-tragbarer-honigloeffel-15-x-2-cm-fuer-kaffee-tee-getraenke-ruehrer-fuer-kueche-edelstahl-loeffel-mit-ergonomischem-griff-kuechenutensilien-gadget-fuer-damen-herren-kinder\\\/\",\"url\":\"https:\\\/\\\/purehivehoney.com\\\/de\\\/product\\\/honigruehrer-tragbarer-honigloeffel-15-x-2-cm-fuer-kaffee-tee-getraenke-ruehrer-fuer-kueche-edelstahl-loeffel-mit-ergonomischem-griff-kuechenutensilien-gadget-fuer-damen-herren-kinder\\\/\",\"name\":\"Honigr\u00fchrer, tragbarer Honigl\u00f6ffel, 15 x 2 cm, f\u00fcr Kaffee, Tee, Getr\u00e4nke, R\u00fchrer f\u00fcr K\u00fcche, Edelstahl-L\u00f6ffel mit ergonomischem Griff, K\u00fcchenutensilien, Gadget, f\u00fcr Damen, Herren, Kinder - PureHiveHoney\",\"isPartOf\":{\"@id\":\"https:\\\/\\\/purehivehoney.com\\\/de\\\/#website\"},\"primaryImageOfPage\":{\"@id\":\"https:\\\/\\\/purehivehoney.com\\\/de\\\/product\\\/honigruehrer-tragbarer-honigloeffel-15-x-2-cm-fuer-kaffee-tee-getraenke-ruehrer-fuer-kueche-edelstahl-loeffel-mit-ergonomischem-griff-kuechenutensilien-gadget-fuer-damen-herren-kinder\\\/#primaryimage\"},\"image\":{\"@id\":\"https:\\\/\\\/purehivehoney.com\\\/de\\\/product\\\/honigruehrer-tragbarer-honigloeffel-15-x-2-cm-fuer-kaffee-tee-getraenke-ruehrer-fuer-kueche-edelstahl-loeffel-mit-ergonomischem-griff-kuechenutensilien-gadget-fuer-damen-herren-kinder\\\/#primaryimage\"},\"thumbnailUrl\":\"https:\\\/\\\/purehivehoney.com\\\/de\\\/wp-content\\\/uploads\\\/2026\\\/03\\\/51Tb6H5PM1L._AC_SL1500_.jpg\",\"datePublished\":\"2026-03-16T11:04:26+00:00\",\"dateModified\":\"2026-03-16T11:04:47+00:00\",\"description\":\"Entdecken Sie hochwertigen Rohhonig, Bio Honig, Manuka Honig und nat\u00fcrliche Bienenprodukte. PureHiveHoney hilft Ihnen dabei, sorgf\u00e4ltig ausgew\u00e4hlte Honigsorten mit nat\u00fcrlicher Qualit\u00e4t und Reinheit zu entdecken.\",\"breadcrumb\":{\"@id\":\"https:\\\/\\\/purehivehoney.com\\\/de\\\/product\\\/honigruehrer-tragbarer-honigloeffel-15-x-2-cm-fuer-kaffee-tee-getraenke-ruehrer-fuer-kueche-edelstahl-loeffel-mit-ergonomischem-griff-kuechenutensilien-gadget-fuer-damen-herren-kinder\\\/#breadcrumb\"},\"inLanguage\":\"de\",\"potentialAction\":[{\"@type\":\"ReadAction\",\"target\":[\"https:\\\/\\\/purehivehoney.com\\\/de\\\/product\\\/honigruehrer-tragbarer-honigloeffel-15-x-2-cm-fuer-kaffee-tee-getraenke-ruehrer-fuer-kueche-edelstahl-loeffel-mit-ergonomischem-griff-kuechenutensilien-gadget-fuer-damen-herren-kinder\\\/\"]}]},{\"@type\":\"ImageObject\",\"inLanguage\":\"de\",\"@id\":\"https:\\\/\\\/purehivehoney.com\\\/de\\\/product\\\/honigruehrer-tragbarer-honigloeffel-15-x-2-cm-fuer-kaffee-tee-getraenke-ruehrer-fuer-kueche-edelstahl-loeffel-mit-ergonomischem-griff-kuechenutensilien-gadget-fuer-damen-herren-kinder\\\/#primaryimage\",\"url\":\"https:\\\/\\\/purehivehoney.com\\\/de\\\/wp-content\\\/uploads\\\/2026\\\/03\\\/51Tb6H5PM1L._AC_SL1500_.jpg\",\"contentUrl\":\"https:\\\/\\\/purehivehoney.com\\\/de\\\/wp-content\\\/uploads\\\/2026\\\/03\\\/51Tb6H5PM1L._AC_SL1500_.jpg\",\"width\":1416,\"height\":1390},{\"@type\":\"BreadcrumbList\",\"@id\":\"https:\\\/\\\/purehivehoney.com\\\/de\\\/product\\\/honigruehrer-tragbarer-honigloeffel-15-x-2-cm-fuer-kaffee-tee-getraenke-ruehrer-fuer-kueche-edelstahl-loeffel-mit-ergonomischem-griff-kuechenutensilien-gadget-fuer-damen-herren-kinder\\\/#breadcrumb\",\"itemListElement\":[{\"@type\":\"ListItem\",\"position\":1,\"name\":\"Home\",\"item\":\"https:\\\/\\\/purehivehoney.com\\\/de\\\/\"},{\"@type\":\"ListItem\",\"position\":2,\"name\":\"Shop\",\"item\":\"https:\\\/\\\/purehivehoney.com\\\/de\\\/shop\\\/\"},{\"@type\":\"ListItem\",\"position\":3,\"name\":\"Honigr\u00fchrer, tragbarer Honigl\u00f6ffe...\"}]},{\"@type\":\"WebSite\",\"@id\":\"https:\\\/\\\/purehivehoney.com\\\/de\\\/#website\",\"url\":\"https:\\\/\\\/purehivehoney.com\\\/de\\\/\",\"name\":\"PureHiveHoney\",\"description\":\"Reiner Honig &amp; Bienenprodukte Online | Rohhonig, Bio Honig &amp; Spezialhonig\",\"publisher\":{\"@id\":\"https:\\\/\\\/purehivehoney.com\\\/de\\\/#organization\"},\"potentialAction\":[{\"@type\":\"SearchAction\",\"target\":{\"@type\":\"EntryPoint\",\"urlTemplate\":\"https:\\\/\\\/purehivehoney.com\\\/de\\\/?s={search_term_string}\"},\"query-input\":{\"@type\":\"PropertyValueSpecification\",\"valueRequired\":true,\"valueName\":\"search_term_string\"}}],\"inLanguage\":\"de\"},{\"@type\":\"Organization\",\"@id\":\"https:\\\/\\\/purehivehoney.com\\\/de\\\/#organization\",\"name\":\"PureHiveHoney\",\"url\":\"https:\\\/\\\/purehivehoney.com\\\/de\\\/\",\"logo\":{\"@type\":\"ImageObject\",\"inLanguage\":\"de\",\"@id\":\"https:\\\/\\\/purehivehoney.com\\\/de\\\/#\\\/schema\\\/logo\\\/image\\\/\",\"url\":\"https:\\\/\\\/purehivehoney.com\\\/de\\\/wp-content\\\/uploads\\\/2026\\\/03\\\/Screenshot-2026-03-16-at-1.06.01-AM.png\",\"contentUrl\":\"https:\\\/\\\/purehivehoney.com\\\/de\\\/wp-content\\\/uploads\\\/2026\\\/03\\\/Screenshot-2026-03-16-at-1.06.01-AM.png\",\"width\":2112,\"height\":1086,\"caption\":\"PureHiveHoney\"},\"image\":{\"@id\":\"https:\\\/\\\/purehivehoney.com\\\/de\\\/#\\\/schema\\\/logo\\\/image\\\/\"}}]}<\/script>\n<!-- \/ Yoast SEO plugin. -->","yoast_head_json":{"title":"Honigr\u00fchrer, tragbarer Honigl\u00f6ffel, 15 x 2 cm, f\u00fcr Kaffee, Tee, Getr\u00e4nke, R\u00fchrer f\u00fcr K\u00fcche, Edelstahl-L\u00f6ffel mit ergonomischem Griff, K\u00fcchenutensilien, Gadget, f\u00fcr Damen, Herren, Kinder - PureHiveHoney","description":"Entdecken Sie hochwertigen Rohhonig, Bio Honig, Manuka Honig und nat\u00fcrliche Bienenprodukte. PureHiveHoney hilft Ihnen dabei, sorgf\u00e4ltig ausgew\u00e4hlte Honigsorten mit nat\u00fcrlicher Qualit\u00e4t und Reinheit zu entdecken.","robots":{"index":"index","follow":"follow","max-snippet":"max-snippet:-1","max-image-preview":"max-image-preview:large","max-video-preview":"max-video-preview:-1"},"canonical":"https:\/\/purehivehoney.com\/de\/product\/honigruehrer-tragbarer-honigloeffel-15-x-2-cm-fuer-kaffee-tee-getraenke-ruehrer-fuer-kueche-edelstahl-loeffel-mit-ergonomischem-griff-kuechenutensilien-gadget-fuer-damen-herren-kinder\/","og_locale":"de_DE","og_type":"article","og_title":"Honigr\u00fchrer, tragbarer Honigl\u00f6ffel, 15 x 2 cm, f\u00fcr Kaffee, Tee, Getr\u00e4nke, R\u00fchrer f\u00fcr K\u00fcche, Edelstahl-L\u00f6ffel mit ergonomischem Griff, K\u00fcchenutensilien, Gadget, f\u00fcr Damen, Herren, Kinder - PureHiveHoney","og_description":"Entdecken Sie hochwertigen Rohhonig, Bio Honig, Manuka Honig und nat\u00fcrliche Bienenprodukte. PureHiveHoney hilft Ihnen dabei, sorgf\u00e4ltig ausgew\u00e4hlte Honigsorten mit nat\u00fcrlicher Qualit\u00e4t und Reinheit zu entdecken.","og_url":"https:\/\/purehivehoney.com\/de\/product\/honigruehrer-tragbarer-honigloeffel-15-x-2-cm-fuer-kaffee-tee-getraenke-ruehrer-fuer-kueche-edelstahl-loeffel-mit-ergonomischem-griff-kuechenutensilien-gadget-fuer-damen-herren-kinder\/","og_site_name":"PureHiveHoney","article_modified_time":"2026-03-16T11:04:47+00:00","twitter_card":"summary_large_image","twitter_misc":{"Gesch\u00e4tzte Lesezeit":"1\u00a0Minute"},"schema":{"@context":"https:\/\/schema.org","@graph":[{"@type":"WebPage","@id":"https:\/\/purehivehoney.com\/de\/product\/honigruehrer-tragbarer-honigloeffel-15-x-2-cm-fuer-kaffee-tee-getraenke-ruehrer-fuer-kueche-edelstahl-loeffel-mit-ergonomischem-griff-kuechenutensilien-gadget-fuer-damen-herren-kinder\/","url":"https:\/\/purehivehoney.com\/de\/product\/honigruehrer-tragbarer-honigloeffel-15-x-2-cm-fuer-kaffee-tee-getraenke-ruehrer-fuer-kueche-edelstahl-loeffel-mit-ergonomischem-griff-kuechenutensilien-gadget-fuer-damen-herren-kinder\/","name":"Honigr\u00fchrer, tragbarer Honigl\u00f6ffel, 15 x 2 cm, f\u00fcr Kaffee, Tee, Getr\u00e4nke, R\u00fchrer f\u00fcr K\u00fcche, Edelstahl-L\u00f6ffel mit ergonomischem Griff, K\u00fcchenutensilien, Gadget, f\u00fcr Damen, Herren, Kinder - PureHiveHoney","isPartOf":{"@id":"https:\/\/purehivehoney.com\/de\/#website"},"primaryImageOfPage":{"@id":"https:\/\/purehivehoney.com\/de\/product\/honigruehrer-tragbarer-honigloeffel-15-x-2-cm-fuer-kaffee-tee-getraenke-ruehrer-fuer-kueche-edelstahl-loeffel-mit-ergonomischem-griff-kuechenutensilien-gadget-fuer-damen-herren-kinder\/#primaryimage"},"image":{"@id":"https:\/\/purehivehoney.com\/de\/product\/honigruehrer-tragbarer-honigloeffel-15-x-2-cm-fuer-kaffee-tee-getraenke-ruehrer-fuer-kueche-edelstahl-loeffel-mit-ergonomischem-griff-kuechenutensilien-gadget-fuer-damen-herren-kinder\/#primaryimage"},"thumbnailUrl":"https:\/\/purehivehoney.com\/de\/wp-content\/uploads\/2026\/03\/51Tb6H5PM1L._AC_SL1500_.jpg","datePublished":"2026-03-16T11:04:26+00:00","dateModified":"2026-03-16T11:04:47+00:00","description":"Entdecken Sie hochwertigen Rohhonig, Bio Honig, Manuka Honig und nat\u00fcrliche Bienenprodukte. PureHiveHoney hilft Ihnen dabei, sorgf\u00e4ltig ausgew\u00e4hlte Honigsorten mit nat\u00fcrlicher Qualit\u00e4t und Reinheit zu entdecken.","breadcrumb":{"@id":"https:\/\/purehivehoney.com\/de\/product\/honigruehrer-tragbarer-honigloeffel-15-x-2-cm-fuer-kaffee-tee-getraenke-ruehrer-fuer-kueche-edelstahl-loeffel-mit-ergonomischem-griff-kuechenutensilien-gadget-fuer-damen-herren-kinder\/#breadcrumb"},"inLanguage":"de","potentialAction":[{"@type":"ReadAction","target":["https:\/\/purehivehoney.com\/de\/product\/honigruehrer-tragbarer-honigloeffel-15-x-2-cm-fuer-kaffee-tee-getraenke-ruehrer-fuer-kueche-edelstahl-loeffel-mit-ergonomischem-griff-kuechenutensilien-gadget-fuer-damen-herren-kinder\/"]}]},{"@type":"ImageObject","inLanguage":"de","@id":"https:\/\/purehivehoney.com\/de\/product\/honigruehrer-tragbarer-honigloeffel-15-x-2-cm-fuer-kaffee-tee-getraenke-ruehrer-fuer-kueche-edelstahl-loeffel-mit-ergonomischem-griff-kuechenutensilien-gadget-fuer-damen-herren-kinder\/#primaryimage","url":"https:\/\/purehivehoney.com\/de\/wp-content\/uploads\/2026\/03\/51Tb6H5PM1L._AC_SL1500_.jpg","contentUrl":"https:\/\/purehivehoney.com\/de\/wp-content\/uploads\/2026\/03\/51Tb6H5PM1L._AC_SL1500_.jpg","width":1416,"height":1390},{"@type":"BreadcrumbList","@id":"https:\/\/purehivehoney.com\/de\/product\/honigruehrer-tragbarer-honigloeffel-15-x-2-cm-fuer-kaffee-tee-getraenke-ruehrer-fuer-kueche-edelstahl-loeffel-mit-ergonomischem-griff-kuechenutensilien-gadget-fuer-damen-herren-kinder\/#breadcrumb","itemListElement":[{"@type":"ListItem","position":1,"name":"Home","item":"https:\/\/purehivehoney.com\/de\/"},{"@type":"ListItem","position":2,"name":"Shop","item":"https:\/\/purehivehoney.com\/de\/shop\/"},{"@type":"ListItem","position":3,"name":"Honigr\u00fchrer, tragbarer Honigl\u00f6ffe..."}]},{"@type":"WebSite","@id":"https:\/\/purehivehoney.com\/de\/#website","url":"https:\/\/purehivehoney.com\/de\/","name":"PureHiveHoney","description":"Reiner Honig &amp; Bienenprodukte Online | Rohhonig, Bio Honig &amp; Spezialhonig","publisher":{"@id":"https:\/\/purehivehoney.com\/de\/#organization"},"potentialAction":[{"@type":"SearchAction","target":{"@type":"EntryPoint","urlTemplate":"https:\/\/purehivehoney.com\/de\/?s={search_term_string}"},"query-input":{"@type":"PropertyValueSpecification","valueRequired":true,"valueName":"search_term_string"}}],"inLanguage":"de"},{"@type":"Organization","@id":"https:\/\/purehivehoney.com\/de\/#organization","name":"PureHiveHoney","url":"https:\/\/purehivehoney.com\/de\/","logo":{"@type":"ImageObject","inLanguage":"de","@id":"https:\/\/purehivehoney.com\/de\/#\/schema\/logo\/image\/","url":"https:\/\/purehivehoney.com\/de\/wp-content\/uploads\/2026\/03\/Screenshot-2026-03-16-at-1.06.01-AM.png","contentUrl":"https:\/\/purehivehoney.com\/de\/wp-content\/uploads\/2026\/03\/Screenshot-2026-03-16-at-1.06.01-AM.png","width":2112,"height":1086,"caption":"PureHiveHoney"},"image":{"@id":"https:\/\/purehivehoney.com\/de\/#\/schema\/logo\/image\/"}}]}},"_links":{"self":[{"href":"https:\/\/purehivehoney.com\/de\/wp-json\/wp\/v2\/product\/1463","targetHints":{"allow":["GET"]}}],"collection":[{"href":"https:\/\/purehivehoney.com\/de\/wp-json\/wp\/v2\/product"}],"about":[{"href":"https:\/\/purehivehoney.com\/de\/wp-json\/wp\/v2\/types\/product"}],"replies":[{"embeddable":true,"href":"https:\/\/purehivehoney.com\/de\/wp-json\/wp\/v2\/comments?post=1463"}],"wp:featuredmedia":[{"embeddable":true,"href":"https:\/\/purehivehoney.com\/de\/wp-json\/wp\/v2\/media\/1464"}],"wp:attachment":[{"href":"https:\/\/purehivehoney.com\/de\/wp-json\/wp\/v2\/media?parent=1463"}],"wp:term":[{"taxonomy":"store","embeddable":true,"href":"https:\/\/purehivehoney.com\/de\/wp-json\/wp\/v2\/store?post=1463"},{"taxonomy":"product_brand","embeddable":true,"href":"https:\/\/purehivehoney.com\/de\/wp-json\/wp\/v2\/product_brand?post=1463"},{"taxonomy":"product_cat","embeddable":true,"href":"https:\/\/purehivehoney.com\/de\/wp-json\/wp\/v2\/product_cat?post=1463"},{"taxonomy":"product_tag","embeddable":true,"href":"https:\/\/purehivehoney.com\/de\/wp-json\/wp\/v2\/product_tag?post=1463"}],"curies":[{"name":"wp","href":"https:\/\/api.w.org\/{rel}","templated":true}]}}