{"id":1445,"date":"2026-03-16T11:01:01","date_gmt":"2026-03-16T11:01:01","guid":{"rendered":"https:\/\/purehivehoney.com\/de\/product\/honigspender-ausgiesser-klarglasbehaelter-sirupausgiesser-mit-glattem-durchfluss-kuechenzubehoer-mit-kostenloser-dosierung-essen-langlebiges-design-zum-traeufeln-von-honig-saucen-oder-d\/"},"modified":"2026-03-16T11:01:24","modified_gmt":"2026-03-16T11:01:24","slug":"honigspender-ausgiesser-klarglasbehaelter-sirupausgiesser-mit-glattem-durchfluss-kuechenzubehoer-mit-kostenloser-dosierung-essen-langlebiges-design-zum-traeufeln-von-honig-saucen-oder-d","status":"publish","type":"product","link":"https:\/\/purehivehoney.com\/de\/product\/honigspender-ausgiesser-klarglasbehaelter-sirupausgiesser-mit-glattem-durchfluss-kuechenzubehoer-mit-kostenloser-dosierung-essen-langlebiges-design-zum-traeufeln-von-honig-saucen-oder-d\/","title":{"rendered":"Honigspender Ausgie\u00dfer \u2013 Klargla..."},"content":{"rendered":"<p>                                             Product Description   <\/p>\n<p class=\"apm-text-center\">\n                                                      <img decoding=\"async\" alt=\"Spill Prevention Design\" src=\"https:\/\/images-na.ssl-images-amazon.com\/images\/G\/01\/x-locale\/common\/grey-pixel.gif\" class=\"a-spacing-mini a-lazy-loaded\" data-src=\"https:\/\/m.media-amazon.com\/images\/S\/aplus-media-library-service-media\/a37d7dbf-9f74-4d1a-a88e-22e53dcdb31d.__CR0,0,1600,1600_PT0_SX300_V1___.jpg\"><img decoding=\"async\" alt=\"Spill Prevention Design\" src=\"https:\/\/m.media-amazon.com\/images\/S\/aplus-media-library-service-media\/a37d7dbf-9f74-4d1a-a88e-22e53dcdb31d.__CR0,0,1600,1600_PT0_SX300_V1___.jpg\">  <\/p>\n<p>                                                    Spill Prevention Design                                       <\/p>\n<p> Equipped with an innovative precision silicone valve, the honey dispenser stops leaks and spills, ensuring a tidy countertop and effortless use whether serving desserts or preparing meals <\/p>\n<p class=\"apm-text-center\">\n                                                      <img decoding=\"async\" alt=\"Thermal Shock Resistant\" src=\"https:\/\/images-na.ssl-images-amazon.com\/images\/G\/01\/x-locale\/common\/grey-pixel.gif\" class=\"a-spacing-mini a-lazy-loaded\" data-src=\"https:\/\/m.media-amazon.com\/images\/S\/aplus-media-library-service-media\/8cb70d40-7b64-4ccd-94c1-8b9e7cf3674d.__CR0,0,1600,1600_PT0_SX300_V1___.jpg\"><img decoding=\"async\" alt=\"Thermal Shock Resistant\" src=\"https:\/\/m.media-amazon.com\/images\/S\/aplus-media-library-service-media\/8cb70d40-7b64-4ccd-94c1-8b9e7cf3674d.__CR0,0,1600,1600_PT0_SX300_V1___.jpg\">  <\/p>\n<p>                                                    Thermal Shock Resistant                                       <\/p>\n<p> Designed with 120C thermal shock proof capabilities, the Glass Honey Dispenser ensures safe transitions between extreme temperatures, safeguarding honey freshness and flavor <\/p>\n<p class=\"apm-text-center\">\n                                                      <img decoding=\"async\" alt=\"Convenient Flow Control\" src=\"https:\/\/images-na.ssl-images-amazon.com\/images\/G\/01\/x-locale\/common\/grey-pixel.gif\" class=\"a-spacing-mini a-lazy-loaded\" data-src=\"https:\/\/m.media-amazon.com\/images\/S\/aplus-media-library-service-media\/bf6cbd65-4535-4f77-931e-a91abef99de6.__CR0,0,1600,1600_PT0_SX300_V1___.jpg\"><img decoding=\"async\" alt=\"Convenient Flow Control\" src=\"https:\/\/m.media-amazon.com\/images\/S\/aplus-media-library-service-media\/bf6cbd65-4535-4f77-931e-a91abef99de6.__CR0,0,1600,1600_PT0_SX300_V1___.jpg\">  <\/p>\n<p>                                                    Convenient Flow Control                                       <\/p>\n<p> The honey dispenser no drip features adjustable flow control for precise dispensing, ensuring tidy use when adding syrup to pancakes or creating latte art with frothing compatibility <\/p>\n<p>                                                  <img decoding=\"async\" alt=\"Convenient Pouring\" src=\"https:\/\/images-na.ssl-images-amazon.com\/images\/G\/01\/x-locale\/common\/grey-pixel.gif\" class=\"a-lazy-loaded\" data-src=\"https:\/\/m.media-amazon.com\/images\/S\/aplus-media-library-service-media\/a37d7dbf-9f74-4d1a-a88e-22e53dcdb31d.__CR0,0,1600,1600_PT0_SX300_V1___.jpg\"><img decoding=\"async\" alt=\"Convenient Pouring\" src=\"https:\/\/m.media-amazon.com\/images\/S\/aplus-media-library-service-media\/a37d7dbf-9f74-4d1a-a88e-22e53dcdb31d.__CR0,0,1600,1600_PT0_SX300_V1___.jpg\">  <\/p>\n<h3 class=\"a-spacing-mini\"> Convenient Pouring <\/h3>\n<p> This honey dispenser incorporates air-liquid barrier technology to enable smooth, drip-free dispensing, preserving cleanliness on surfaces and enhancing convenience when drizzling over toast or in beverages <\/p>\n<p>                                                  <img decoding=\"async\" alt=\"Countertop Protection\" src=\"https:\/\/images-na.ssl-images-amazon.com\/images\/G\/01\/x-locale\/common\/grey-pixel.gif\" class=\"a-spacing-mini a-lazy-loaded\" data-src=\"https:\/\/m.media-amazon.com\/images\/S\/aplus-media-library-service-media\/63119545-5477-41a6-8155-ca684c8772e8.__CR0,0,1600,1600_PT0_SX300_V1___.jpg\"><img decoding=\"async\" alt=\"Countertop Protection\" src=\"https:\/\/m.media-amazon.com\/images\/S\/aplus-media-library-service-media\/63119545-5477-41a6-8155-ca684c8772e8.__CR0,0,1600,1600_PT0_SX300_V1___.jpg\">  <\/p>\n<p> The Clear Syrup Pourer is a transparent dispenser designed to simplify pouring and serving in any setting. Its clear design ensures visibility of contents, making it ideal for kitchens, bars, catering events, and picnics. This pourer works seamlessly with honey, syrup, sauces, dressings, and coffee accompaniments, ensuring smooth dispensing without spills or disorder. The ergonomic design enhances usability while maintaining cleanliness and organization. <\/p>\n<p> Specification <\/p>\n<p> Name: Honey Dispenser <\/p>\n<p> Material: glass <\/p>\n<p> Product size: about 21.5x10x6.8cm\/8.46&#215;3.94&#215;2.68 inches <\/p>\n<p> Weight: 342g <\/p>\n<p> Product List: <\/p>\n<p> 1* Honey Dispenser <\/p>\n<p> Note: <\/p>\n<p> Due to different lighting and screen settings, the item color may be slightly different from the picture. <\/p>\n<p> Due to different manual measurements, please allow a 1-2cm difference in size. <\/p>\n<p>Klarglas-Honigspender: Eleganter Klarglasspender erm\u00f6glicht es Ihnen, den Inhalt leicht zu sehen und Portionen zu kontrollieren. Entworfen f\u00fcr Honig, Sirup, Saucen oder Dressings, verleiht es K\u00fcchentheken, Esstischen, Bars oder Fr\u00fchst\u00fccksstationen eine saubere und stilvolle Note.<br \/>Glattes und tropffreies Ausgie\u00dfen: Verf\u00fcgt \u00fcber einen pr\u00e4zisen Ausgie\u00dfer, der einen gleichm\u00e4\u00dfigen, kontrollierten Fluss ohne unordentliche Tropfen liefert. Perfekt f\u00fcr Honig, Ahornsirup, Schokoladensauce, Salatdressing oder Gew\u00fcrze, h\u00e4lt Oberfl\u00e4chen sauber und serviert m\u00fchelos.<br \/>Vielseitig einsetzbar f\u00fcr K\u00fcche und Essen: ideal f\u00fcr K\u00fcchen, Esszimmer, Caf\u00e9s, Bars, Catering-Events oder Picknicks. Geeignet zum Servieren von Honig, Sirup, Saucen und Dressings w\u00e4hrend Mahlzeiten, Versammlungen oder Mahlzeiten im Freien.<br \/>Langlebig und leicht zu reinigen: Hergestellt aus hochwertigem Glas, das robust, wiederverwendbar und leicht zu waschen ist. Die breite \u00d6ffnung erm\u00f6glicht das Nachf\u00fcllen und Reinigen, was eine hygienische Nutzung und langfristige Zuverl\u00e4ssigkeit f\u00fcr den t\u00e4glichen Servierbedarf gew\u00e4hrleistet.<br \/>Elegantes und praktisches Design: Kombiniert Funktionalit\u00e4t mit einem klassischen Look, der jede Tischdekoration erg\u00e4nzt. Eine tolle Erg\u00e4nzung f\u00fcr Fr\u00fchst\u00fcckstische, Teezeit oder unterhaltsame G\u00e4ste, was sie sowohl zu einem praktischen Werkzeug als auch zu einem dekorativen Servierst\u00fcck macht.<\/p>\n\n","protected":false},"excerpt":{"rendered":"<p>Product Description Spill Prevention Design Equipped with an innovative precision silicone valve, the honey dispenser stops leaks and spills, ensuring a tidy countertop and effortless use whether serving desserts or preparing meals Thermal Shock Resistant Designed with 120C thermal shock proof capabilities, the Glass Honey Dispenser ensures safe transitions between extreme temperatures, safeguarding honey freshness [&hellip;]<\/p>\n","protected":false},"featured_media":1446,"comment_status":"open","ping_status":"closed","template":"","meta":{"_aipt_faq_data":""},"store":[],"product_brand":[192],"product_cat":[75],"product_tag":[125],"class_list":{"0":"post-1445","1":"product","2":"type-product","3":"status-publish","4":"has-post-thumbnail","6":"product_brand-generisch","7":"product_cat-honigspender","8":"product_tag-honigspender-mit-ausgiesser","10":"first","11":"instock","12":"shipping-taxable","13":"product-type-external"},"yoast_head":"<!-- This site is optimized with the Yoast SEO plugin v27.4 - https:\/\/yoast.com\/product\/yoast-seo-wordpress\/ -->\n<title>Honigspender Ausgie\u00dfer \u2013 Klarglasbeh\u00e4lter, Sirupausgie\u00dfer mit glattem Durchfluss, K\u00fcchenzubeh\u00f6r mit kostenloser Dosierung, Essen, langlebiges Design zum Tr\u00e4ufeln von Honig, Saucen oder Dressings - PureHiveHoney<\/title>\n<meta name=\"description\" content=\"Entdecken Sie hochwertigen Rohhonig, Bio Honig, Manuka Honig und nat\u00fcrliche Bienenprodukte. PureHiveHoney hilft Ihnen dabei, sorgf\u00e4ltig ausgew\u00e4hlte Honigsorten mit nat\u00fcrlicher Qualit\u00e4t und Reinheit zu entdecken.\" \/>\n<meta name=\"robots\" content=\"index, follow, max-snippet:-1, max-image-preview:large, max-video-preview:-1\" \/>\n<link rel=\"canonical\" href=\"https:\/\/purehivehoney.com\/de\/product\/honigspender-ausgiesser-klarglasbehaelter-sirupausgiesser-mit-glattem-durchfluss-kuechenzubehoer-mit-kostenloser-dosierung-essen-langlebiges-design-zum-traeufeln-von-honig-saucen-oder-d\/\" \/>\n<meta property=\"og:locale\" content=\"de_DE\" \/>\n<meta property=\"og:type\" content=\"article\" \/>\n<meta property=\"og:title\" content=\"Honigspender Ausgie\u00dfer \u2013 Klarglasbeh\u00e4lter, Sirupausgie\u00dfer mit glattem Durchfluss, K\u00fcchenzubeh\u00f6r mit kostenloser Dosierung, Essen, langlebiges Design zum Tr\u00e4ufeln von Honig, Saucen oder Dressings - PureHiveHoney\" \/>\n<meta property=\"og:description\" content=\"Entdecken Sie hochwertigen Rohhonig, Bio Honig, Manuka Honig und nat\u00fcrliche Bienenprodukte. PureHiveHoney hilft Ihnen dabei, sorgf\u00e4ltig ausgew\u00e4hlte Honigsorten mit nat\u00fcrlicher Qualit\u00e4t und Reinheit zu entdecken.\" \/>\n<meta property=\"og:url\" content=\"https:\/\/purehivehoney.com\/de\/product\/honigspender-ausgiesser-klarglasbehaelter-sirupausgiesser-mit-glattem-durchfluss-kuechenzubehoer-mit-kostenloser-dosierung-essen-langlebiges-design-zum-traeufeln-von-honig-saucen-oder-d\/\" \/>\n<meta property=\"og:site_name\" content=\"PureHiveHoney\" \/>\n<meta property=\"article:modified_time\" content=\"2026-03-16T11:01:24+00:00\" \/>\n<meta property=\"og:image\" content=\"https:\/\/images-na.ssl-images-amazon.com\/images\/G\/01\/x-locale\/common\/grey-pixel.gif\" \/>\n<meta name=\"twitter:card\" content=\"summary_large_image\" \/>\n<meta name=\"twitter:label1\" content=\"Gesch\u00e4tzte Lesezeit\" \/>\n\t<meta name=\"twitter:data1\" content=\"2\u00a0Minuten\" \/>\n<script type=\"application\/ld+json\" class=\"yoast-schema-graph\">{\"@context\":\"https:\\\/\\\/schema.org\",\"@graph\":[{\"@type\":\"WebPage\",\"@id\":\"https:\\\/\\\/purehivehoney.com\\\/de\\\/product\\\/honigspender-ausgiesser-klarglasbehaelter-sirupausgiesser-mit-glattem-durchfluss-kuechenzubehoer-mit-kostenloser-dosierung-essen-langlebiges-design-zum-traeufeln-von-honig-saucen-oder-d\\\/\",\"url\":\"https:\\\/\\\/purehivehoney.com\\\/de\\\/product\\\/honigspender-ausgiesser-klarglasbehaelter-sirupausgiesser-mit-glattem-durchfluss-kuechenzubehoer-mit-kostenloser-dosierung-essen-langlebiges-design-zum-traeufeln-von-honig-saucen-oder-d\\\/\",\"name\":\"Honigspender Ausgie\u00dfer \u2013 Klarglasbeh\u00e4lter, Sirupausgie\u00dfer mit glattem Durchfluss, K\u00fcchenzubeh\u00f6r mit kostenloser Dosierung, Essen, langlebiges Design zum Tr\u00e4ufeln von Honig, Saucen oder Dressings - PureHiveHoney\",\"isPartOf\":{\"@id\":\"https:\\\/\\\/purehivehoney.com\\\/de\\\/#website\"},\"primaryImageOfPage\":{\"@id\":\"https:\\\/\\\/purehivehoney.com\\\/de\\\/product\\\/honigspender-ausgiesser-klarglasbehaelter-sirupausgiesser-mit-glattem-durchfluss-kuechenzubehoer-mit-kostenloser-dosierung-essen-langlebiges-design-zum-traeufeln-von-honig-saucen-oder-d\\\/#primaryimage\"},\"image\":{\"@id\":\"https:\\\/\\\/purehivehoney.com\\\/de\\\/product\\\/honigspender-ausgiesser-klarglasbehaelter-sirupausgiesser-mit-glattem-durchfluss-kuechenzubehoer-mit-kostenloser-dosierung-essen-langlebiges-design-zum-traeufeln-von-honig-saucen-oder-d\\\/#primaryimage\"},\"thumbnailUrl\":\"https:\\\/\\\/purehivehoney.com\\\/de\\\/wp-content\\\/uploads\\\/2026\\\/03\\\/61RgfwHtueL._AC_SL1500_.jpg\",\"datePublished\":\"2026-03-16T11:01:01+00:00\",\"dateModified\":\"2026-03-16T11:01:24+00:00\",\"description\":\"Entdecken Sie hochwertigen Rohhonig, Bio Honig, Manuka Honig und nat\u00fcrliche Bienenprodukte. PureHiveHoney hilft Ihnen dabei, sorgf\u00e4ltig ausgew\u00e4hlte Honigsorten mit nat\u00fcrlicher Qualit\u00e4t und Reinheit zu entdecken.\",\"breadcrumb\":{\"@id\":\"https:\\\/\\\/purehivehoney.com\\\/de\\\/product\\\/honigspender-ausgiesser-klarglasbehaelter-sirupausgiesser-mit-glattem-durchfluss-kuechenzubehoer-mit-kostenloser-dosierung-essen-langlebiges-design-zum-traeufeln-von-honig-saucen-oder-d\\\/#breadcrumb\"},\"inLanguage\":\"de\",\"potentialAction\":[{\"@type\":\"ReadAction\",\"target\":[\"https:\\\/\\\/purehivehoney.com\\\/de\\\/product\\\/honigspender-ausgiesser-klarglasbehaelter-sirupausgiesser-mit-glattem-durchfluss-kuechenzubehoer-mit-kostenloser-dosierung-essen-langlebiges-design-zum-traeufeln-von-honig-saucen-oder-d\\\/\"]}]},{\"@type\":\"ImageObject\",\"inLanguage\":\"de\",\"@id\":\"https:\\\/\\\/purehivehoney.com\\\/de\\\/product\\\/honigspender-ausgiesser-klarglasbehaelter-sirupausgiesser-mit-glattem-durchfluss-kuechenzubehoer-mit-kostenloser-dosierung-essen-langlebiges-design-zum-traeufeln-von-honig-saucen-oder-d\\\/#primaryimage\",\"url\":\"https:\\\/\\\/purehivehoney.com\\\/de\\\/wp-content\\\/uploads\\\/2026\\\/03\\\/61RgfwHtueL._AC_SL1500_.jpg\",\"contentUrl\":\"https:\\\/\\\/purehivehoney.com\\\/de\\\/wp-content\\\/uploads\\\/2026\\\/03\\\/61RgfwHtueL._AC_SL1500_.jpg\",\"width\":841,\"height\":1431},{\"@type\":\"BreadcrumbList\",\"@id\":\"https:\\\/\\\/purehivehoney.com\\\/de\\\/product\\\/honigspender-ausgiesser-klarglasbehaelter-sirupausgiesser-mit-glattem-durchfluss-kuechenzubehoer-mit-kostenloser-dosierung-essen-langlebiges-design-zum-traeufeln-von-honig-saucen-oder-d\\\/#breadcrumb\",\"itemListElement\":[{\"@type\":\"ListItem\",\"position\":1,\"name\":\"Home\",\"item\":\"https:\\\/\\\/purehivehoney.com\\\/de\\\/\"},{\"@type\":\"ListItem\",\"position\":2,\"name\":\"Shop\",\"item\":\"https:\\\/\\\/purehivehoney.com\\\/de\\\/shop\\\/\"},{\"@type\":\"ListItem\",\"position\":3,\"name\":\"Honigspender Ausgie\u00dfer \u2013 Klargla...\"}]},{\"@type\":\"WebSite\",\"@id\":\"https:\\\/\\\/purehivehoney.com\\\/de\\\/#website\",\"url\":\"https:\\\/\\\/purehivehoney.com\\\/de\\\/\",\"name\":\"PureHiveHoney\",\"description\":\"Reiner Honig &amp; Bienenprodukte Online | Rohhonig, Bio Honig &amp; Spezialhonig\",\"publisher\":{\"@id\":\"https:\\\/\\\/purehivehoney.com\\\/de\\\/#organization\"},\"potentialAction\":[{\"@type\":\"SearchAction\",\"target\":{\"@type\":\"EntryPoint\",\"urlTemplate\":\"https:\\\/\\\/purehivehoney.com\\\/de\\\/?s={search_term_string}\"},\"query-input\":{\"@type\":\"PropertyValueSpecification\",\"valueRequired\":true,\"valueName\":\"search_term_string\"}}],\"inLanguage\":\"de\"},{\"@type\":\"Organization\",\"@id\":\"https:\\\/\\\/purehivehoney.com\\\/de\\\/#organization\",\"name\":\"PureHiveHoney\",\"url\":\"https:\\\/\\\/purehivehoney.com\\\/de\\\/\",\"logo\":{\"@type\":\"ImageObject\",\"inLanguage\":\"de\",\"@id\":\"https:\\\/\\\/purehivehoney.com\\\/de\\\/#\\\/schema\\\/logo\\\/image\\\/\",\"url\":\"https:\\\/\\\/purehivehoney.com\\\/de\\\/wp-content\\\/uploads\\\/2026\\\/03\\\/Screenshot-2026-03-16-at-1.06.01-AM.png\",\"contentUrl\":\"https:\\\/\\\/purehivehoney.com\\\/de\\\/wp-content\\\/uploads\\\/2026\\\/03\\\/Screenshot-2026-03-16-at-1.06.01-AM.png\",\"width\":2112,\"height\":1086,\"caption\":\"PureHiveHoney\"},\"image\":{\"@id\":\"https:\\\/\\\/purehivehoney.com\\\/de\\\/#\\\/schema\\\/logo\\\/image\\\/\"}}]}<\/script>\n<!-- \/ Yoast SEO plugin. -->","yoast_head_json":{"title":"Honigspender Ausgie\u00dfer \u2013 Klarglasbeh\u00e4lter, Sirupausgie\u00dfer mit glattem Durchfluss, K\u00fcchenzubeh\u00f6r mit kostenloser Dosierung, Essen, langlebiges Design zum Tr\u00e4ufeln von Honig, Saucen oder Dressings - PureHiveHoney","description":"Entdecken Sie hochwertigen Rohhonig, Bio Honig, Manuka Honig und nat\u00fcrliche Bienenprodukte. PureHiveHoney hilft Ihnen dabei, sorgf\u00e4ltig ausgew\u00e4hlte Honigsorten mit nat\u00fcrlicher Qualit\u00e4t und Reinheit zu entdecken.","robots":{"index":"index","follow":"follow","max-snippet":"max-snippet:-1","max-image-preview":"max-image-preview:large","max-video-preview":"max-video-preview:-1"},"canonical":"https:\/\/purehivehoney.com\/de\/product\/honigspender-ausgiesser-klarglasbehaelter-sirupausgiesser-mit-glattem-durchfluss-kuechenzubehoer-mit-kostenloser-dosierung-essen-langlebiges-design-zum-traeufeln-von-honig-saucen-oder-d\/","og_locale":"de_DE","og_type":"article","og_title":"Honigspender Ausgie\u00dfer \u2013 Klarglasbeh\u00e4lter, Sirupausgie\u00dfer mit glattem Durchfluss, K\u00fcchenzubeh\u00f6r mit kostenloser Dosierung, Essen, langlebiges Design zum Tr\u00e4ufeln von Honig, Saucen oder Dressings - PureHiveHoney","og_description":"Entdecken Sie hochwertigen Rohhonig, Bio Honig, Manuka Honig und nat\u00fcrliche Bienenprodukte. PureHiveHoney hilft Ihnen dabei, sorgf\u00e4ltig ausgew\u00e4hlte Honigsorten mit nat\u00fcrlicher Qualit\u00e4t und Reinheit zu entdecken.","og_url":"https:\/\/purehivehoney.com\/de\/product\/honigspender-ausgiesser-klarglasbehaelter-sirupausgiesser-mit-glattem-durchfluss-kuechenzubehoer-mit-kostenloser-dosierung-essen-langlebiges-design-zum-traeufeln-von-honig-saucen-oder-d\/","og_site_name":"PureHiveHoney","article_modified_time":"2026-03-16T11:01:24+00:00","og_image":[{"url":"https:\/\/images-na.ssl-images-amazon.com\/images\/G\/01\/x-locale\/common\/grey-pixel.gif","type":"","width":"","height":""}],"twitter_card":"summary_large_image","twitter_misc":{"Gesch\u00e4tzte Lesezeit":"2\u00a0Minuten"},"schema":{"@context":"https:\/\/schema.org","@graph":[{"@type":"WebPage","@id":"https:\/\/purehivehoney.com\/de\/product\/honigspender-ausgiesser-klarglasbehaelter-sirupausgiesser-mit-glattem-durchfluss-kuechenzubehoer-mit-kostenloser-dosierung-essen-langlebiges-design-zum-traeufeln-von-honig-saucen-oder-d\/","url":"https:\/\/purehivehoney.com\/de\/product\/honigspender-ausgiesser-klarglasbehaelter-sirupausgiesser-mit-glattem-durchfluss-kuechenzubehoer-mit-kostenloser-dosierung-essen-langlebiges-design-zum-traeufeln-von-honig-saucen-oder-d\/","name":"Honigspender Ausgie\u00dfer \u2013 Klarglasbeh\u00e4lter, Sirupausgie\u00dfer mit glattem Durchfluss, K\u00fcchenzubeh\u00f6r mit kostenloser Dosierung, Essen, langlebiges Design zum Tr\u00e4ufeln von Honig, Saucen oder Dressings - PureHiveHoney","isPartOf":{"@id":"https:\/\/purehivehoney.com\/de\/#website"},"primaryImageOfPage":{"@id":"https:\/\/purehivehoney.com\/de\/product\/honigspender-ausgiesser-klarglasbehaelter-sirupausgiesser-mit-glattem-durchfluss-kuechenzubehoer-mit-kostenloser-dosierung-essen-langlebiges-design-zum-traeufeln-von-honig-saucen-oder-d\/#primaryimage"},"image":{"@id":"https:\/\/purehivehoney.com\/de\/product\/honigspender-ausgiesser-klarglasbehaelter-sirupausgiesser-mit-glattem-durchfluss-kuechenzubehoer-mit-kostenloser-dosierung-essen-langlebiges-design-zum-traeufeln-von-honig-saucen-oder-d\/#primaryimage"},"thumbnailUrl":"https:\/\/purehivehoney.com\/de\/wp-content\/uploads\/2026\/03\/61RgfwHtueL._AC_SL1500_.jpg","datePublished":"2026-03-16T11:01:01+00:00","dateModified":"2026-03-16T11:01:24+00:00","description":"Entdecken Sie hochwertigen Rohhonig, Bio Honig, Manuka Honig und nat\u00fcrliche Bienenprodukte. PureHiveHoney hilft Ihnen dabei, sorgf\u00e4ltig ausgew\u00e4hlte Honigsorten mit nat\u00fcrlicher Qualit\u00e4t und Reinheit zu entdecken.","breadcrumb":{"@id":"https:\/\/purehivehoney.com\/de\/product\/honigspender-ausgiesser-klarglasbehaelter-sirupausgiesser-mit-glattem-durchfluss-kuechenzubehoer-mit-kostenloser-dosierung-essen-langlebiges-design-zum-traeufeln-von-honig-saucen-oder-d\/#breadcrumb"},"inLanguage":"de","potentialAction":[{"@type":"ReadAction","target":["https:\/\/purehivehoney.com\/de\/product\/honigspender-ausgiesser-klarglasbehaelter-sirupausgiesser-mit-glattem-durchfluss-kuechenzubehoer-mit-kostenloser-dosierung-essen-langlebiges-design-zum-traeufeln-von-honig-saucen-oder-d\/"]}]},{"@type":"ImageObject","inLanguage":"de","@id":"https:\/\/purehivehoney.com\/de\/product\/honigspender-ausgiesser-klarglasbehaelter-sirupausgiesser-mit-glattem-durchfluss-kuechenzubehoer-mit-kostenloser-dosierung-essen-langlebiges-design-zum-traeufeln-von-honig-saucen-oder-d\/#primaryimage","url":"https:\/\/purehivehoney.com\/de\/wp-content\/uploads\/2026\/03\/61RgfwHtueL._AC_SL1500_.jpg","contentUrl":"https:\/\/purehivehoney.com\/de\/wp-content\/uploads\/2026\/03\/61RgfwHtueL._AC_SL1500_.jpg","width":841,"height":1431},{"@type":"BreadcrumbList","@id":"https:\/\/purehivehoney.com\/de\/product\/honigspender-ausgiesser-klarglasbehaelter-sirupausgiesser-mit-glattem-durchfluss-kuechenzubehoer-mit-kostenloser-dosierung-essen-langlebiges-design-zum-traeufeln-von-honig-saucen-oder-d\/#breadcrumb","itemListElement":[{"@type":"ListItem","position":1,"name":"Home","item":"https:\/\/purehivehoney.com\/de\/"},{"@type":"ListItem","position":2,"name":"Shop","item":"https:\/\/purehivehoney.com\/de\/shop\/"},{"@type":"ListItem","position":3,"name":"Honigspender Ausgie\u00dfer \u2013 Klargla..."}]},{"@type":"WebSite","@id":"https:\/\/purehivehoney.com\/de\/#website","url":"https:\/\/purehivehoney.com\/de\/","name":"PureHiveHoney","description":"Reiner Honig &amp; Bienenprodukte Online | Rohhonig, Bio Honig &amp; Spezialhonig","publisher":{"@id":"https:\/\/purehivehoney.com\/de\/#organization"},"potentialAction":[{"@type":"SearchAction","target":{"@type":"EntryPoint","urlTemplate":"https:\/\/purehivehoney.com\/de\/?s={search_term_string}"},"query-input":{"@type":"PropertyValueSpecification","valueRequired":true,"valueName":"search_term_string"}}],"inLanguage":"de"},{"@type":"Organization","@id":"https:\/\/purehivehoney.com\/de\/#organization","name":"PureHiveHoney","url":"https:\/\/purehivehoney.com\/de\/","logo":{"@type":"ImageObject","inLanguage":"de","@id":"https:\/\/purehivehoney.com\/de\/#\/schema\/logo\/image\/","url":"https:\/\/purehivehoney.com\/de\/wp-content\/uploads\/2026\/03\/Screenshot-2026-03-16-at-1.06.01-AM.png","contentUrl":"https:\/\/purehivehoney.com\/de\/wp-content\/uploads\/2026\/03\/Screenshot-2026-03-16-at-1.06.01-AM.png","width":2112,"height":1086,"caption":"PureHiveHoney"},"image":{"@id":"https:\/\/purehivehoney.com\/de\/#\/schema\/logo\/image\/"}}]}},"_links":{"self":[{"href":"https:\/\/purehivehoney.com\/de\/wp-json\/wp\/v2\/product\/1445","targetHints":{"allow":["GET"]}}],"collection":[{"href":"https:\/\/purehivehoney.com\/de\/wp-json\/wp\/v2\/product"}],"about":[{"href":"https:\/\/purehivehoney.com\/de\/wp-json\/wp\/v2\/types\/product"}],"replies":[{"embeddable":true,"href":"https:\/\/purehivehoney.com\/de\/wp-json\/wp\/v2\/comments?post=1445"}],"wp:featuredmedia":[{"embeddable":true,"href":"https:\/\/purehivehoney.com\/de\/wp-json\/wp\/v2\/media\/1446"}],"wp:attachment":[{"href":"https:\/\/purehivehoney.com\/de\/wp-json\/wp\/v2\/media?parent=1445"}],"wp:term":[{"taxonomy":"store","embeddable":true,"href":"https:\/\/purehivehoney.com\/de\/wp-json\/wp\/v2\/store?post=1445"},{"taxonomy":"product_brand","embeddable":true,"href":"https:\/\/purehivehoney.com\/de\/wp-json\/wp\/v2\/product_brand?post=1445"},{"taxonomy":"product_cat","embeddable":true,"href":"https:\/\/purehivehoney.com\/de\/wp-json\/wp\/v2\/product_cat?post=1445"},{"taxonomy":"product_tag","embeddable":true,"href":"https:\/\/purehivehoney.com\/de\/wp-json\/wp\/v2\/product_tag?post=1445"}],"curies":[{"name":"wp","href":"https:\/\/api.w.org\/{rel}","templated":true}]}}