{"id":1439,"date":"2026-03-16T10:59:19","date_gmt":"2026-03-16T10:59:19","guid":{"rendered":"https:\/\/purehivehoney.com\/de\/product\/bee-honeycomb-hanging-honeycomb-wall-hanging-suncatcher-stained-glass-indoor-outdoor-hanging-art-decoration-for-garden-decoration-heat-mushroom\/"},"modified":"2026-03-16T10:59:29","modified_gmt":"2026-03-16T10:59:29","slug":"bee-honeycomb-hanging-honeycomb-wall-hanging-suncatcher-stained-glass-indoor-outdoor-hanging-art-decoration-for-garden-decoration-heat-mushroom","status":"publish","type":"product","link":"https:\/\/purehivehoney.com\/de\/product\/bee-honeycomb-hanging-honeycomb-wall-hanging-suncatcher-stained-glass-indoor-outdoor-hanging-art-decoration-for-garden-decoration-heat-mushroom\/","title":{"rendered":"Bee Honeycomb Hanging Honeycomb Wal..."},"content":{"rendered":"<p>    <span>Bee Honeycomb Hanging Honeycomb Wall Hanging Suncatcher Stained Glass Indoor Outdoor Hanging Art Decoration for Garden Ornament Heat Mushroom <br \/>Bee Honeycomb Honey Hanging Honeycomb Wall Hanging Suncatcher Stained Glass Indoor Outdoor Hanging Art Ornament for Garden Ornament Material: Acrylic Color: as the picture shows, (due to the difference between different monitors, the picture may have slight color differences. Please make sure you do not mind this before ordering, thank you! Box contents: 1 x Honey Hanging Pictures may not reflect the actual colour of the item due to differences between monitors or colour reflections caused by monitor lighting, backgrounds, etc.<\/span>    <br \/>Material: honeycomb is made by acrylic manually. Each bee product has a robust metal chain and a viscose base for easy hanging.<br \/>Unique design: hanging ornaments are made of opaque transparent glass fragments, which allow glass shapes and texture shadows on other surfaces, so you get a beautiful sun in the window or on the wall.<br \/>[Applicable] Bee wall decoration is the perfect hanging decoration for spring, summer house and farmhouse.<br \/>Perfect gift: can be used as a holiday, birthday, shower, wedding and moving for people who like bees.<br \/>Cute size: comes with chain for hanging. Lightweight, easy to hang in one place.<\/p>\n\n","protected":false},"excerpt":{"rendered":"<p>Bee Honeycomb Hanging Honeycomb Wall Hanging Suncatcher Stained Glass Indoor Outdoor Hanging Art Decoration for Garden Ornament Heat Mushroom Bee Honeycomb Honey Hanging Honeycomb Wall Hanging Suncatcher Stained Glass Indoor Outdoor Hanging Art Ornament for Garden Ornament Material: Acrylic Color: as the picture shows, (due to the difference between different monitors, the picture may have [&hellip;]<\/p>\n","protected":false},"featured_media":1440,"comment_status":"open","ping_status":"closed","template":"","meta":{"_aipt_faq_data":""},"store":[],"product_brand":[],"product_cat":[38],"product_tag":[205],"class_list":{"0":"post-1439","1":"product","2":"type-product","3":"status-publish","4":"has-post-thumbnail","6":"product_cat-purehivehoney","7":"product_tag-bienenprodukte","9":"first","10":"instock","11":"shipping-taxable","12":"product-type-external"},"yoast_head":"<!-- This site is optimized with the Yoast SEO plugin v27.4 - https:\/\/yoast.com\/product\/yoast-seo-wordpress\/ -->\n<title>Bee Honeycomb Hanging Honeycomb Wall Hanging Suncatcher Stained Glass Indoor Outdoor Hanging Art Decoration for Garden Decoration Heat Mushroom - PureHiveHoney<\/title>\n<meta name=\"description\" content=\"Entdecken Sie hochwertigen Rohhonig, Bio Honig, Manuka Honig und nat\u00fcrliche Bienenprodukte. PureHiveHoney hilft Ihnen dabei, sorgf\u00e4ltig ausgew\u00e4hlte Honigsorten mit nat\u00fcrlicher Qualit\u00e4t und Reinheit zu entdecken.\" \/>\n<meta name=\"robots\" content=\"index, follow, max-snippet:-1, max-image-preview:large, max-video-preview:-1\" \/>\n<link rel=\"canonical\" href=\"https:\/\/purehivehoney.com\/de\/product\/bee-honeycomb-hanging-honeycomb-wall-hanging-suncatcher-stained-glass-indoor-outdoor-hanging-art-decoration-for-garden-decoration-heat-mushroom\/\" \/>\n<meta property=\"og:locale\" content=\"de_DE\" \/>\n<meta property=\"og:type\" content=\"article\" \/>\n<meta property=\"og:title\" content=\"Bee Honeycomb Hanging Honeycomb Wall Hanging Suncatcher Stained Glass Indoor Outdoor Hanging Art Decoration for Garden Decoration Heat Mushroom - PureHiveHoney\" \/>\n<meta property=\"og:description\" content=\"Entdecken Sie hochwertigen Rohhonig, Bio Honig, Manuka Honig und nat\u00fcrliche Bienenprodukte. PureHiveHoney hilft Ihnen dabei, sorgf\u00e4ltig ausgew\u00e4hlte Honigsorten mit nat\u00fcrlicher Qualit\u00e4t und Reinheit zu entdecken.\" \/>\n<meta property=\"og:url\" content=\"https:\/\/purehivehoney.com\/de\/product\/bee-honeycomb-hanging-honeycomb-wall-hanging-suncatcher-stained-glass-indoor-outdoor-hanging-art-decoration-for-garden-decoration-heat-mushroom\/\" \/>\n<meta property=\"og:site_name\" content=\"PureHiveHoney\" \/>\n<meta property=\"article:modified_time\" content=\"2026-03-16T10:59:29+00:00\" \/>\n<meta name=\"twitter:card\" content=\"summary_large_image\" \/>\n<meta name=\"twitter:label1\" content=\"Gesch\u00e4tzte Lesezeit\" \/>\n\t<meta name=\"twitter:data1\" content=\"1\u00a0Minute\" \/>\n<script type=\"application\/ld+json\" class=\"yoast-schema-graph\">{\"@context\":\"https:\\\/\\\/schema.org\",\"@graph\":[{\"@type\":\"WebPage\",\"@id\":\"https:\\\/\\\/purehivehoney.com\\\/de\\\/product\\\/bee-honeycomb-hanging-honeycomb-wall-hanging-suncatcher-stained-glass-indoor-outdoor-hanging-art-decoration-for-garden-decoration-heat-mushroom\\\/\",\"url\":\"https:\\\/\\\/purehivehoney.com\\\/de\\\/product\\\/bee-honeycomb-hanging-honeycomb-wall-hanging-suncatcher-stained-glass-indoor-outdoor-hanging-art-decoration-for-garden-decoration-heat-mushroom\\\/\",\"name\":\"Bee Honeycomb Hanging Honeycomb Wall Hanging Suncatcher Stained Glass Indoor Outdoor Hanging Art Decoration for Garden Decoration Heat Mushroom - PureHiveHoney\",\"isPartOf\":{\"@id\":\"https:\\\/\\\/purehivehoney.com\\\/de\\\/#website\"},\"primaryImageOfPage\":{\"@id\":\"https:\\\/\\\/purehivehoney.com\\\/de\\\/product\\\/bee-honeycomb-hanging-honeycomb-wall-hanging-suncatcher-stained-glass-indoor-outdoor-hanging-art-decoration-for-garden-decoration-heat-mushroom\\\/#primaryimage\"},\"image\":{\"@id\":\"https:\\\/\\\/purehivehoney.com\\\/de\\\/product\\\/bee-honeycomb-hanging-honeycomb-wall-hanging-suncatcher-stained-glass-indoor-outdoor-hanging-art-decoration-for-garden-decoration-heat-mushroom\\\/#primaryimage\"},\"thumbnailUrl\":\"https:\\\/\\\/purehivehoney.com\\\/de\\\/wp-content\\\/uploads\\\/2026\\\/03\\\/610IGcJpyL._AC_SL1500_.jpg\",\"datePublished\":\"2026-03-16T10:59:19+00:00\",\"dateModified\":\"2026-03-16T10:59:29+00:00\",\"description\":\"Entdecken Sie hochwertigen Rohhonig, Bio Honig, Manuka Honig und nat\u00fcrliche Bienenprodukte. PureHiveHoney hilft Ihnen dabei, sorgf\u00e4ltig ausgew\u00e4hlte Honigsorten mit nat\u00fcrlicher Qualit\u00e4t und Reinheit zu entdecken.\",\"breadcrumb\":{\"@id\":\"https:\\\/\\\/purehivehoney.com\\\/de\\\/product\\\/bee-honeycomb-hanging-honeycomb-wall-hanging-suncatcher-stained-glass-indoor-outdoor-hanging-art-decoration-for-garden-decoration-heat-mushroom\\\/#breadcrumb\"},\"inLanguage\":\"de\",\"potentialAction\":[{\"@type\":\"ReadAction\",\"target\":[\"https:\\\/\\\/purehivehoney.com\\\/de\\\/product\\\/bee-honeycomb-hanging-honeycomb-wall-hanging-suncatcher-stained-glass-indoor-outdoor-hanging-art-decoration-for-garden-decoration-heat-mushroom\\\/\"]}]},{\"@type\":\"ImageObject\",\"inLanguage\":\"de\",\"@id\":\"https:\\\/\\\/purehivehoney.com\\\/de\\\/product\\\/bee-honeycomb-hanging-honeycomb-wall-hanging-suncatcher-stained-glass-indoor-outdoor-hanging-art-decoration-for-garden-decoration-heat-mushroom\\\/#primaryimage\",\"url\":\"https:\\\/\\\/purehivehoney.com\\\/de\\\/wp-content\\\/uploads\\\/2026\\\/03\\\/610IGcJpyL._AC_SL1500_.jpg\",\"contentUrl\":\"https:\\\/\\\/purehivehoney.com\\\/de\\\/wp-content\\\/uploads\\\/2026\\\/03\\\/610IGcJpyL._AC_SL1500_.jpg\",\"width\":1444,\"height\":1356},{\"@type\":\"BreadcrumbList\",\"@id\":\"https:\\\/\\\/purehivehoney.com\\\/de\\\/product\\\/bee-honeycomb-hanging-honeycomb-wall-hanging-suncatcher-stained-glass-indoor-outdoor-hanging-art-decoration-for-garden-decoration-heat-mushroom\\\/#breadcrumb\",\"itemListElement\":[{\"@type\":\"ListItem\",\"position\":1,\"name\":\"Home\",\"item\":\"https:\\\/\\\/purehivehoney.com\\\/de\\\/\"},{\"@type\":\"ListItem\",\"position\":2,\"name\":\"Shop\",\"item\":\"https:\\\/\\\/purehivehoney.com\\\/de\\\/shop\\\/\"},{\"@type\":\"ListItem\",\"position\":3,\"name\":\"Bee Honeycomb Hanging Honeycomb Wal...\"}]},{\"@type\":\"WebSite\",\"@id\":\"https:\\\/\\\/purehivehoney.com\\\/de\\\/#website\",\"url\":\"https:\\\/\\\/purehivehoney.com\\\/de\\\/\",\"name\":\"PureHiveHoney\",\"description\":\"Reiner Honig &amp; Bienenprodukte Online | Rohhonig, Bio Honig &amp; Spezialhonig\",\"publisher\":{\"@id\":\"https:\\\/\\\/purehivehoney.com\\\/de\\\/#organization\"},\"potentialAction\":[{\"@type\":\"SearchAction\",\"target\":{\"@type\":\"EntryPoint\",\"urlTemplate\":\"https:\\\/\\\/purehivehoney.com\\\/de\\\/?s={search_term_string}\"},\"query-input\":{\"@type\":\"PropertyValueSpecification\",\"valueRequired\":true,\"valueName\":\"search_term_string\"}}],\"inLanguage\":\"de\"},{\"@type\":\"Organization\",\"@id\":\"https:\\\/\\\/purehivehoney.com\\\/de\\\/#organization\",\"name\":\"PureHiveHoney\",\"url\":\"https:\\\/\\\/purehivehoney.com\\\/de\\\/\",\"logo\":{\"@type\":\"ImageObject\",\"inLanguage\":\"de\",\"@id\":\"https:\\\/\\\/purehivehoney.com\\\/de\\\/#\\\/schema\\\/logo\\\/image\\\/\",\"url\":\"https:\\\/\\\/purehivehoney.com\\\/de\\\/wp-content\\\/uploads\\\/2026\\\/03\\\/Screenshot-2026-03-16-at-1.06.01-AM.png\",\"contentUrl\":\"https:\\\/\\\/purehivehoney.com\\\/de\\\/wp-content\\\/uploads\\\/2026\\\/03\\\/Screenshot-2026-03-16-at-1.06.01-AM.png\",\"width\":2112,\"height\":1086,\"caption\":\"PureHiveHoney\"},\"image\":{\"@id\":\"https:\\\/\\\/purehivehoney.com\\\/de\\\/#\\\/schema\\\/logo\\\/image\\\/\"}}]}<\/script>\n<!-- \/ Yoast SEO plugin. -->","yoast_head_json":{"title":"Bee Honeycomb Hanging Honeycomb Wall Hanging Suncatcher Stained Glass Indoor Outdoor Hanging Art Decoration for Garden Decoration Heat Mushroom - PureHiveHoney","description":"Entdecken Sie hochwertigen Rohhonig, Bio Honig, Manuka Honig und nat\u00fcrliche Bienenprodukte. PureHiveHoney hilft Ihnen dabei, sorgf\u00e4ltig ausgew\u00e4hlte Honigsorten mit nat\u00fcrlicher Qualit\u00e4t und Reinheit zu entdecken.","robots":{"index":"index","follow":"follow","max-snippet":"max-snippet:-1","max-image-preview":"max-image-preview:large","max-video-preview":"max-video-preview:-1"},"canonical":"https:\/\/purehivehoney.com\/de\/product\/bee-honeycomb-hanging-honeycomb-wall-hanging-suncatcher-stained-glass-indoor-outdoor-hanging-art-decoration-for-garden-decoration-heat-mushroom\/","og_locale":"de_DE","og_type":"article","og_title":"Bee Honeycomb Hanging Honeycomb Wall Hanging Suncatcher Stained Glass Indoor Outdoor Hanging Art Decoration for Garden Decoration Heat Mushroom - PureHiveHoney","og_description":"Entdecken Sie hochwertigen Rohhonig, Bio Honig, Manuka Honig und nat\u00fcrliche Bienenprodukte. PureHiveHoney hilft Ihnen dabei, sorgf\u00e4ltig ausgew\u00e4hlte Honigsorten mit nat\u00fcrlicher Qualit\u00e4t und Reinheit zu entdecken.","og_url":"https:\/\/purehivehoney.com\/de\/product\/bee-honeycomb-hanging-honeycomb-wall-hanging-suncatcher-stained-glass-indoor-outdoor-hanging-art-decoration-for-garden-decoration-heat-mushroom\/","og_site_name":"PureHiveHoney","article_modified_time":"2026-03-16T10:59:29+00:00","twitter_card":"summary_large_image","twitter_misc":{"Gesch\u00e4tzte Lesezeit":"1\u00a0Minute"},"schema":{"@context":"https:\/\/schema.org","@graph":[{"@type":"WebPage","@id":"https:\/\/purehivehoney.com\/de\/product\/bee-honeycomb-hanging-honeycomb-wall-hanging-suncatcher-stained-glass-indoor-outdoor-hanging-art-decoration-for-garden-decoration-heat-mushroom\/","url":"https:\/\/purehivehoney.com\/de\/product\/bee-honeycomb-hanging-honeycomb-wall-hanging-suncatcher-stained-glass-indoor-outdoor-hanging-art-decoration-for-garden-decoration-heat-mushroom\/","name":"Bee Honeycomb Hanging Honeycomb Wall Hanging Suncatcher Stained Glass Indoor Outdoor Hanging Art Decoration for Garden Decoration Heat Mushroom - PureHiveHoney","isPartOf":{"@id":"https:\/\/purehivehoney.com\/de\/#website"},"primaryImageOfPage":{"@id":"https:\/\/purehivehoney.com\/de\/product\/bee-honeycomb-hanging-honeycomb-wall-hanging-suncatcher-stained-glass-indoor-outdoor-hanging-art-decoration-for-garden-decoration-heat-mushroom\/#primaryimage"},"image":{"@id":"https:\/\/purehivehoney.com\/de\/product\/bee-honeycomb-hanging-honeycomb-wall-hanging-suncatcher-stained-glass-indoor-outdoor-hanging-art-decoration-for-garden-decoration-heat-mushroom\/#primaryimage"},"thumbnailUrl":"https:\/\/purehivehoney.com\/de\/wp-content\/uploads\/2026\/03\/610IGcJpyL._AC_SL1500_.jpg","datePublished":"2026-03-16T10:59:19+00:00","dateModified":"2026-03-16T10:59:29+00:00","description":"Entdecken Sie hochwertigen Rohhonig, Bio Honig, Manuka Honig und nat\u00fcrliche Bienenprodukte. PureHiveHoney hilft Ihnen dabei, sorgf\u00e4ltig ausgew\u00e4hlte Honigsorten mit nat\u00fcrlicher Qualit\u00e4t und Reinheit zu entdecken.","breadcrumb":{"@id":"https:\/\/purehivehoney.com\/de\/product\/bee-honeycomb-hanging-honeycomb-wall-hanging-suncatcher-stained-glass-indoor-outdoor-hanging-art-decoration-for-garden-decoration-heat-mushroom\/#breadcrumb"},"inLanguage":"de","potentialAction":[{"@type":"ReadAction","target":["https:\/\/purehivehoney.com\/de\/product\/bee-honeycomb-hanging-honeycomb-wall-hanging-suncatcher-stained-glass-indoor-outdoor-hanging-art-decoration-for-garden-decoration-heat-mushroom\/"]}]},{"@type":"ImageObject","inLanguage":"de","@id":"https:\/\/purehivehoney.com\/de\/product\/bee-honeycomb-hanging-honeycomb-wall-hanging-suncatcher-stained-glass-indoor-outdoor-hanging-art-decoration-for-garden-decoration-heat-mushroom\/#primaryimage","url":"https:\/\/purehivehoney.com\/de\/wp-content\/uploads\/2026\/03\/610IGcJpyL._AC_SL1500_.jpg","contentUrl":"https:\/\/purehivehoney.com\/de\/wp-content\/uploads\/2026\/03\/610IGcJpyL._AC_SL1500_.jpg","width":1444,"height":1356},{"@type":"BreadcrumbList","@id":"https:\/\/purehivehoney.com\/de\/product\/bee-honeycomb-hanging-honeycomb-wall-hanging-suncatcher-stained-glass-indoor-outdoor-hanging-art-decoration-for-garden-decoration-heat-mushroom\/#breadcrumb","itemListElement":[{"@type":"ListItem","position":1,"name":"Home","item":"https:\/\/purehivehoney.com\/de\/"},{"@type":"ListItem","position":2,"name":"Shop","item":"https:\/\/purehivehoney.com\/de\/shop\/"},{"@type":"ListItem","position":3,"name":"Bee Honeycomb Hanging Honeycomb Wal..."}]},{"@type":"WebSite","@id":"https:\/\/purehivehoney.com\/de\/#website","url":"https:\/\/purehivehoney.com\/de\/","name":"PureHiveHoney","description":"Reiner Honig &amp; Bienenprodukte Online | Rohhonig, Bio Honig &amp; Spezialhonig","publisher":{"@id":"https:\/\/purehivehoney.com\/de\/#organization"},"potentialAction":[{"@type":"SearchAction","target":{"@type":"EntryPoint","urlTemplate":"https:\/\/purehivehoney.com\/de\/?s={search_term_string}"},"query-input":{"@type":"PropertyValueSpecification","valueRequired":true,"valueName":"search_term_string"}}],"inLanguage":"de"},{"@type":"Organization","@id":"https:\/\/purehivehoney.com\/de\/#organization","name":"PureHiveHoney","url":"https:\/\/purehivehoney.com\/de\/","logo":{"@type":"ImageObject","inLanguage":"de","@id":"https:\/\/purehivehoney.com\/de\/#\/schema\/logo\/image\/","url":"https:\/\/purehivehoney.com\/de\/wp-content\/uploads\/2026\/03\/Screenshot-2026-03-16-at-1.06.01-AM.png","contentUrl":"https:\/\/purehivehoney.com\/de\/wp-content\/uploads\/2026\/03\/Screenshot-2026-03-16-at-1.06.01-AM.png","width":2112,"height":1086,"caption":"PureHiveHoney"},"image":{"@id":"https:\/\/purehivehoney.com\/de\/#\/schema\/logo\/image\/"}}]}},"_links":{"self":[{"href":"https:\/\/purehivehoney.com\/de\/wp-json\/wp\/v2\/product\/1439","targetHints":{"allow":["GET"]}}],"collection":[{"href":"https:\/\/purehivehoney.com\/de\/wp-json\/wp\/v2\/product"}],"about":[{"href":"https:\/\/purehivehoney.com\/de\/wp-json\/wp\/v2\/types\/product"}],"replies":[{"embeddable":true,"href":"https:\/\/purehivehoney.com\/de\/wp-json\/wp\/v2\/comments?post=1439"}],"wp:featuredmedia":[{"embeddable":true,"href":"https:\/\/purehivehoney.com\/de\/wp-json\/wp\/v2\/media\/1440"}],"wp:attachment":[{"href":"https:\/\/purehivehoney.com\/de\/wp-json\/wp\/v2\/media?parent=1439"}],"wp:term":[{"taxonomy":"store","embeddable":true,"href":"https:\/\/purehivehoney.com\/de\/wp-json\/wp\/v2\/store?post=1439"},{"taxonomy":"product_brand","embeddable":true,"href":"https:\/\/purehivehoney.com\/de\/wp-json\/wp\/v2\/product_brand?post=1439"},{"taxonomy":"product_cat","embeddable":true,"href":"https:\/\/purehivehoney.com\/de\/wp-json\/wp\/v2\/product_cat?post=1439"},{"taxonomy":"product_tag","embeddable":true,"href":"https:\/\/purehivehoney.com\/de\/wp-json\/wp\/v2\/product_tag?post=1439"}],"curies":[{"name":"wp","href":"https:\/\/api.w.org\/{rel}","templated":true}]}}