{"id":1409,"date":"2026-03-16T10:39:44","date_gmt":"2026-03-16T10:39:44","guid":{"rendered":"https:\/\/purehivehoney.com\/de\/product\/sirupspender-glas-mit-silberner-pumpe-lotionspender-und-kuechenoelspender-tropffreier-lebensmittelspender-fuer-honig-marmelade-und-sirup-wiederverwendbar-fuer-kueche-und-kaffeebar\/"},"modified":"2026-03-16T10:40:00","modified_gmt":"2026-03-16T10:40:00","slug":"sirupspender-glas-mit-silberner-pumpe-lotionspender-und-kuechenoelspender-tropffreier-lebensmittelspender-fuer-honig-marmelade-und-sirup-wiederverwendbar-fuer-kueche-und-kaffeebar","status":"publish","type":"product","link":"https:\/\/purehivehoney.com\/de\/product\/sirupspender-glas-mit-silberner-pumpe-lotionspender-und-kuechenoelspender-tropffreier-lebensmittelspender-fuer-honig-marmelade-und-sirup-wiederverwendbar-fuer-kueche-und-kaffeebar\/","title":{"rendered":"Sirupspender Glas mit Silberner Pum..."},"content":{"rendered":"<p>    <span class=\"a-text-bold\">Lieferumfang<\/span><span><br \/> 1 x Sirupspender<br \/><\/span><span class=\"a-text-bold\">Eigenschaften<\/span><span><br \/> -Gr\u00f6\u00dfe: 22,00 x 8,10 x 8,10 cm \/ 8,65 x 3,18 x 3,18 Zoll<br \/> -Material: Glas, Edelstahl<br \/> -Farbe: Silber<br \/> Produktinformation: Lotionflaschenspender<br \/> Der Deckel dieses Honigspenders ist so konstruiert, dass er effektiv verhindert, dass Honig aus der Flasche oder vom Sirup in den Topf gelangt.<br \/> -Mit dem R\u00fchrstab k\u00f6nnen Sie Honig zu hei\u00dfen Getr\u00e4nken oder Brot hinzuf\u00fcgen, ohne einen klebrigen, unsauberen Zuckerspender zu erzeugen.<br \/> -Geeignet f\u00fcr Sirupspender in Haushalten, B\u00e4ckereien, Lebensmittelgesch\u00e4ften, Einkaufszentren, Superm\u00e4rkten, Caf\u00e9s, Bars usw.<br \/> -Verwendung von hochwertigem und sicherem Glas sowie Edelstahl, robust und f\u00fcr den Langzeitgebrauch geeignet.<br \/> -Geeignet zum Abf\u00fcllen aller Arten von Sirupen wie Schokolade, Haselnuss, Kokosnuss, Minze, Vanille, gesalzenes Karamell, Blaubeeren, Mandel-Mokka usw. in einen Glasspender.<br \/><\/span><span class=\"a-text-bold\">Wareninformationen<\/span><span><br \/> Siruppumpe. Die Pumpflasche besteht aus Glas und Edelstahl und ist sicher in der Anwendung. Der Sirupbeh\u00e4lter ist leicht zu reinigen und zu verwenden. Mit Deckel zum Schutz vor Verunreinigungen. Hochwertige Verarbeitung f\u00fcr lange Haltbarkeit. Geeignet f\u00fcr Zuhause, Gesch\u00e4fte, Restaurants usw.<\/span>    <br \/>Spenderflasche \u2013 neben honig k\u00f6nnen sie auch marmelade, gew\u00fcrze und k\u00fcchenutensilien darin aufbewahren; zuckerpumpenspender sind ebenfalls vorhanden<br \/>Zuckerspender \u2013 vielseitig einsetzbar, auch als kleiner wasserkocher verwendbar. das praktische, transparente design erm\u00f6glicht es, den f\u00fcllstand von lebensmitteln und sirup aus glas jederzeit im blick zu behalten<br \/>Kuchensirup-spender \u2013 der deckel sch\u00fctzt ihren honig vor schmutz und anderen verunreinigungen, siruppumpen<br \/>Kaffeesiruppumpe \u2013 hochwertiges und robustes material, die aufbewahrungsflasche hat eine glatte oberfl\u00e4che ohne grate, sodass sie ihre h\u00e4nde nicht verletzt oder zerkratzt, honigflasche<br \/>Sirupflasche aus glas mit pumpe \u2013 geeignet zum abf\u00fcllen aller arten von sirupen wie schokolade, haselnuss, kokosnuss, minze, vanille, gesalzenes karamell, blaubeeren, mandel-mokka usw<\/p>\n\n","protected":false},"excerpt":{"rendered":"<p>Lieferumfang 1 x SirupspenderEigenschaften -Gr\u00f6\u00dfe: 22,00 x 8,10 x 8,10 cm \/ 8,65 x 3,18 x 3,18 Zoll -Material: Glas, Edelstahl -Farbe: Silber Produktinformation: Lotionflaschenspender Der Deckel dieses Honigspenders ist so konstruiert, dass er effektiv verhindert, dass Honig aus der Flasche oder vom Sirup in den Topf gelangt. -Mit dem R\u00fchrstab k\u00f6nnen Sie Honig zu [&hellip;]<\/p>\n","protected":false},"featured_media":1410,"comment_status":"open","ping_status":"closed","template":"","meta":{"_aipt_faq_data":""},"store":[],"product_brand":[256],"product_cat":[53],"product_tag":[106],"class_list":{"0":"post-1409","1":"product","2":"type-product","3":"status-publish","4":"has-post-thumbnail","6":"product_brand-healeep","7":"product_cat-vanille-honig","8":"product_tag-vanille-honig-glas","10":"first","11":"instock","12":"shipping-taxable","13":"product-type-external"},"yoast_head":"<!-- This site is optimized with the Yoast SEO plugin v27.4 - https:\/\/yoast.com\/product\/yoast-seo-wordpress\/ -->\n<title>Sirupspender Glas mit Silberner Pumpe Lotionspender und K\u00fcchen\u00f6lspender Tropffreier Lebensmittelspender f\u00fcr Honig Marmelade und Sirup Wiederverwendbar f\u00fcr K\u00fcche und Kaffeebar - PureHiveHoney<\/title>\n<meta name=\"description\" content=\"Entdecken Sie hochwertigen Rohhonig, Bio Honig, Manuka Honig und nat\u00fcrliche Bienenprodukte. PureHiveHoney hilft Ihnen dabei, sorgf\u00e4ltig ausgew\u00e4hlte Honigsorten mit nat\u00fcrlicher Qualit\u00e4t und Reinheit zu entdecken.\" \/>\n<meta name=\"robots\" content=\"index, follow, max-snippet:-1, max-image-preview:large, max-video-preview:-1\" \/>\n<link rel=\"canonical\" href=\"https:\/\/purehivehoney.com\/de\/product\/sirupspender-glas-mit-silberner-pumpe-lotionspender-und-kuechenoelspender-tropffreier-lebensmittelspender-fuer-honig-marmelade-und-sirup-wiederverwendbar-fuer-kueche-und-kaffeebar\/\" \/>\n<meta property=\"og:locale\" content=\"de_DE\" \/>\n<meta property=\"og:type\" content=\"article\" \/>\n<meta property=\"og:title\" content=\"Sirupspender Glas mit Silberner Pumpe Lotionspender und K\u00fcchen\u00f6lspender Tropffreier Lebensmittelspender f\u00fcr Honig Marmelade und Sirup Wiederverwendbar f\u00fcr K\u00fcche und Kaffeebar - PureHiveHoney\" \/>\n<meta property=\"og:description\" content=\"Entdecken Sie hochwertigen Rohhonig, Bio Honig, Manuka Honig und nat\u00fcrliche Bienenprodukte. PureHiveHoney hilft Ihnen dabei, sorgf\u00e4ltig ausgew\u00e4hlte Honigsorten mit nat\u00fcrlicher Qualit\u00e4t und Reinheit zu entdecken.\" \/>\n<meta property=\"og:url\" content=\"https:\/\/purehivehoney.com\/de\/product\/sirupspender-glas-mit-silberner-pumpe-lotionspender-und-kuechenoelspender-tropffreier-lebensmittelspender-fuer-honig-marmelade-und-sirup-wiederverwendbar-fuer-kueche-und-kaffeebar\/\" \/>\n<meta property=\"og:site_name\" content=\"PureHiveHoney\" \/>\n<meta property=\"article:modified_time\" content=\"2026-03-16T10:40:00+00:00\" \/>\n<meta name=\"twitter:card\" content=\"summary_large_image\" \/>\n<meta name=\"twitter:label1\" content=\"Gesch\u00e4tzte Lesezeit\" \/>\n\t<meta name=\"twitter:data1\" content=\"1\u00a0Minute\" \/>\n<script type=\"application\/ld+json\" class=\"yoast-schema-graph\">{\"@context\":\"https:\\\/\\\/schema.org\",\"@graph\":[{\"@type\":\"WebPage\",\"@id\":\"https:\\\/\\\/purehivehoney.com\\\/de\\\/product\\\/sirupspender-glas-mit-silberner-pumpe-lotionspender-und-kuechenoelspender-tropffreier-lebensmittelspender-fuer-honig-marmelade-und-sirup-wiederverwendbar-fuer-kueche-und-kaffeebar\\\/\",\"url\":\"https:\\\/\\\/purehivehoney.com\\\/de\\\/product\\\/sirupspender-glas-mit-silberner-pumpe-lotionspender-und-kuechenoelspender-tropffreier-lebensmittelspender-fuer-honig-marmelade-und-sirup-wiederverwendbar-fuer-kueche-und-kaffeebar\\\/\",\"name\":\"Sirupspender Glas mit Silberner Pumpe Lotionspender und K\u00fcchen\u00f6lspender Tropffreier Lebensmittelspender f\u00fcr Honig Marmelade und Sirup Wiederverwendbar f\u00fcr K\u00fcche und Kaffeebar - PureHiveHoney\",\"isPartOf\":{\"@id\":\"https:\\\/\\\/purehivehoney.com\\\/de\\\/#website\"},\"primaryImageOfPage\":{\"@id\":\"https:\\\/\\\/purehivehoney.com\\\/de\\\/product\\\/sirupspender-glas-mit-silberner-pumpe-lotionspender-und-kuechenoelspender-tropffreier-lebensmittelspender-fuer-honig-marmelade-und-sirup-wiederverwendbar-fuer-kueche-und-kaffeebar\\\/#primaryimage\"},\"image\":{\"@id\":\"https:\\\/\\\/purehivehoney.com\\\/de\\\/product\\\/sirupspender-glas-mit-silberner-pumpe-lotionspender-und-kuechenoelspender-tropffreier-lebensmittelspender-fuer-honig-marmelade-und-sirup-wiederverwendbar-fuer-kueche-und-kaffeebar\\\/#primaryimage\"},\"thumbnailUrl\":\"https:\\\/\\\/purehivehoney.com\\\/de\\\/wp-content\\\/uploads\\\/2026\\\/03\\\/1773657584_51V9Gwj6OqL._AC_SL1500_.jpg\",\"datePublished\":\"2026-03-16T10:39:44+00:00\",\"dateModified\":\"2026-03-16T10:40:00+00:00\",\"description\":\"Entdecken Sie hochwertigen Rohhonig, Bio Honig, Manuka Honig und nat\u00fcrliche Bienenprodukte. PureHiveHoney hilft Ihnen dabei, sorgf\u00e4ltig ausgew\u00e4hlte Honigsorten mit nat\u00fcrlicher Qualit\u00e4t und Reinheit zu entdecken.\",\"breadcrumb\":{\"@id\":\"https:\\\/\\\/purehivehoney.com\\\/de\\\/product\\\/sirupspender-glas-mit-silberner-pumpe-lotionspender-und-kuechenoelspender-tropffreier-lebensmittelspender-fuer-honig-marmelade-und-sirup-wiederverwendbar-fuer-kueche-und-kaffeebar\\\/#breadcrumb\"},\"inLanguage\":\"de\",\"potentialAction\":[{\"@type\":\"ReadAction\",\"target\":[\"https:\\\/\\\/purehivehoney.com\\\/de\\\/product\\\/sirupspender-glas-mit-silberner-pumpe-lotionspender-und-kuechenoelspender-tropffreier-lebensmittelspender-fuer-honig-marmelade-und-sirup-wiederverwendbar-fuer-kueche-und-kaffeebar\\\/\"]}]},{\"@type\":\"ImageObject\",\"inLanguage\":\"de\",\"@id\":\"https:\\\/\\\/purehivehoney.com\\\/de\\\/product\\\/sirupspender-glas-mit-silberner-pumpe-lotionspender-und-kuechenoelspender-tropffreier-lebensmittelspender-fuer-honig-marmelade-und-sirup-wiederverwendbar-fuer-kueche-und-kaffeebar\\\/#primaryimage\",\"url\":\"https:\\\/\\\/purehivehoney.com\\\/de\\\/wp-content\\\/uploads\\\/2026\\\/03\\\/1773657584_51V9Gwj6OqL._AC_SL1500_.jpg\",\"contentUrl\":\"https:\\\/\\\/purehivehoney.com\\\/de\\\/wp-content\\\/uploads\\\/2026\\\/03\\\/1773657584_51V9Gwj6OqL._AC_SL1500_.jpg\",\"width\":598,\"height\":1500},{\"@type\":\"BreadcrumbList\",\"@id\":\"https:\\\/\\\/purehivehoney.com\\\/de\\\/product\\\/sirupspender-glas-mit-silberner-pumpe-lotionspender-und-kuechenoelspender-tropffreier-lebensmittelspender-fuer-honig-marmelade-und-sirup-wiederverwendbar-fuer-kueche-und-kaffeebar\\\/#breadcrumb\",\"itemListElement\":[{\"@type\":\"ListItem\",\"position\":1,\"name\":\"Home\",\"item\":\"https:\\\/\\\/purehivehoney.com\\\/de\\\/\"},{\"@type\":\"ListItem\",\"position\":2,\"name\":\"Shop\",\"item\":\"https:\\\/\\\/purehivehoney.com\\\/de\\\/shop\\\/\"},{\"@type\":\"ListItem\",\"position\":3,\"name\":\"Sirupspender Glas mit Silberner Pum...\"}]},{\"@type\":\"WebSite\",\"@id\":\"https:\\\/\\\/purehivehoney.com\\\/de\\\/#website\",\"url\":\"https:\\\/\\\/purehivehoney.com\\\/de\\\/\",\"name\":\"PureHiveHoney\",\"description\":\"Reiner Honig &amp; Bienenprodukte Online | Rohhonig, Bio Honig &amp; Spezialhonig\",\"publisher\":{\"@id\":\"https:\\\/\\\/purehivehoney.com\\\/de\\\/#organization\"},\"potentialAction\":[{\"@type\":\"SearchAction\",\"target\":{\"@type\":\"EntryPoint\",\"urlTemplate\":\"https:\\\/\\\/purehivehoney.com\\\/de\\\/?s={search_term_string}\"},\"query-input\":{\"@type\":\"PropertyValueSpecification\",\"valueRequired\":true,\"valueName\":\"search_term_string\"}}],\"inLanguage\":\"de\"},{\"@type\":\"Organization\",\"@id\":\"https:\\\/\\\/purehivehoney.com\\\/de\\\/#organization\",\"name\":\"PureHiveHoney\",\"url\":\"https:\\\/\\\/purehivehoney.com\\\/de\\\/\",\"logo\":{\"@type\":\"ImageObject\",\"inLanguage\":\"de\",\"@id\":\"https:\\\/\\\/purehivehoney.com\\\/de\\\/#\\\/schema\\\/logo\\\/image\\\/\",\"url\":\"https:\\\/\\\/purehivehoney.com\\\/de\\\/wp-content\\\/uploads\\\/2026\\\/03\\\/Screenshot-2026-03-16-at-1.06.01-AM.png\",\"contentUrl\":\"https:\\\/\\\/purehivehoney.com\\\/de\\\/wp-content\\\/uploads\\\/2026\\\/03\\\/Screenshot-2026-03-16-at-1.06.01-AM.png\",\"width\":2112,\"height\":1086,\"caption\":\"PureHiveHoney\"},\"image\":{\"@id\":\"https:\\\/\\\/purehivehoney.com\\\/de\\\/#\\\/schema\\\/logo\\\/image\\\/\"}}]}<\/script>\n<!-- \/ Yoast SEO plugin. -->","yoast_head_json":{"title":"Sirupspender Glas mit Silberner Pumpe Lotionspender und K\u00fcchen\u00f6lspender Tropffreier Lebensmittelspender f\u00fcr Honig Marmelade und Sirup Wiederverwendbar f\u00fcr K\u00fcche und Kaffeebar - PureHiveHoney","description":"Entdecken Sie hochwertigen Rohhonig, Bio Honig, Manuka Honig und nat\u00fcrliche Bienenprodukte. PureHiveHoney hilft Ihnen dabei, sorgf\u00e4ltig ausgew\u00e4hlte Honigsorten mit nat\u00fcrlicher Qualit\u00e4t und Reinheit zu entdecken.","robots":{"index":"index","follow":"follow","max-snippet":"max-snippet:-1","max-image-preview":"max-image-preview:large","max-video-preview":"max-video-preview:-1"},"canonical":"https:\/\/purehivehoney.com\/de\/product\/sirupspender-glas-mit-silberner-pumpe-lotionspender-und-kuechenoelspender-tropffreier-lebensmittelspender-fuer-honig-marmelade-und-sirup-wiederverwendbar-fuer-kueche-und-kaffeebar\/","og_locale":"de_DE","og_type":"article","og_title":"Sirupspender Glas mit Silberner Pumpe Lotionspender und K\u00fcchen\u00f6lspender Tropffreier Lebensmittelspender f\u00fcr Honig Marmelade und Sirup Wiederverwendbar f\u00fcr K\u00fcche und Kaffeebar - PureHiveHoney","og_description":"Entdecken Sie hochwertigen Rohhonig, Bio Honig, Manuka Honig und nat\u00fcrliche Bienenprodukte. PureHiveHoney hilft Ihnen dabei, sorgf\u00e4ltig ausgew\u00e4hlte Honigsorten mit nat\u00fcrlicher Qualit\u00e4t und Reinheit zu entdecken.","og_url":"https:\/\/purehivehoney.com\/de\/product\/sirupspender-glas-mit-silberner-pumpe-lotionspender-und-kuechenoelspender-tropffreier-lebensmittelspender-fuer-honig-marmelade-und-sirup-wiederverwendbar-fuer-kueche-und-kaffeebar\/","og_site_name":"PureHiveHoney","article_modified_time":"2026-03-16T10:40:00+00:00","twitter_card":"summary_large_image","twitter_misc":{"Gesch\u00e4tzte Lesezeit":"1\u00a0Minute"},"schema":{"@context":"https:\/\/schema.org","@graph":[{"@type":"WebPage","@id":"https:\/\/purehivehoney.com\/de\/product\/sirupspender-glas-mit-silberner-pumpe-lotionspender-und-kuechenoelspender-tropffreier-lebensmittelspender-fuer-honig-marmelade-und-sirup-wiederverwendbar-fuer-kueche-und-kaffeebar\/","url":"https:\/\/purehivehoney.com\/de\/product\/sirupspender-glas-mit-silberner-pumpe-lotionspender-und-kuechenoelspender-tropffreier-lebensmittelspender-fuer-honig-marmelade-und-sirup-wiederverwendbar-fuer-kueche-und-kaffeebar\/","name":"Sirupspender Glas mit Silberner Pumpe Lotionspender und K\u00fcchen\u00f6lspender Tropffreier Lebensmittelspender f\u00fcr Honig Marmelade und Sirup Wiederverwendbar f\u00fcr K\u00fcche und Kaffeebar - PureHiveHoney","isPartOf":{"@id":"https:\/\/purehivehoney.com\/de\/#website"},"primaryImageOfPage":{"@id":"https:\/\/purehivehoney.com\/de\/product\/sirupspender-glas-mit-silberner-pumpe-lotionspender-und-kuechenoelspender-tropffreier-lebensmittelspender-fuer-honig-marmelade-und-sirup-wiederverwendbar-fuer-kueche-und-kaffeebar\/#primaryimage"},"image":{"@id":"https:\/\/purehivehoney.com\/de\/product\/sirupspender-glas-mit-silberner-pumpe-lotionspender-und-kuechenoelspender-tropffreier-lebensmittelspender-fuer-honig-marmelade-und-sirup-wiederverwendbar-fuer-kueche-und-kaffeebar\/#primaryimage"},"thumbnailUrl":"https:\/\/purehivehoney.com\/de\/wp-content\/uploads\/2026\/03\/1773657584_51V9Gwj6OqL._AC_SL1500_.jpg","datePublished":"2026-03-16T10:39:44+00:00","dateModified":"2026-03-16T10:40:00+00:00","description":"Entdecken Sie hochwertigen Rohhonig, Bio Honig, Manuka Honig und nat\u00fcrliche Bienenprodukte. PureHiveHoney hilft Ihnen dabei, sorgf\u00e4ltig ausgew\u00e4hlte Honigsorten mit nat\u00fcrlicher Qualit\u00e4t und Reinheit zu entdecken.","breadcrumb":{"@id":"https:\/\/purehivehoney.com\/de\/product\/sirupspender-glas-mit-silberner-pumpe-lotionspender-und-kuechenoelspender-tropffreier-lebensmittelspender-fuer-honig-marmelade-und-sirup-wiederverwendbar-fuer-kueche-und-kaffeebar\/#breadcrumb"},"inLanguage":"de","potentialAction":[{"@type":"ReadAction","target":["https:\/\/purehivehoney.com\/de\/product\/sirupspender-glas-mit-silberner-pumpe-lotionspender-und-kuechenoelspender-tropffreier-lebensmittelspender-fuer-honig-marmelade-und-sirup-wiederverwendbar-fuer-kueche-und-kaffeebar\/"]}]},{"@type":"ImageObject","inLanguage":"de","@id":"https:\/\/purehivehoney.com\/de\/product\/sirupspender-glas-mit-silberner-pumpe-lotionspender-und-kuechenoelspender-tropffreier-lebensmittelspender-fuer-honig-marmelade-und-sirup-wiederverwendbar-fuer-kueche-und-kaffeebar\/#primaryimage","url":"https:\/\/purehivehoney.com\/de\/wp-content\/uploads\/2026\/03\/1773657584_51V9Gwj6OqL._AC_SL1500_.jpg","contentUrl":"https:\/\/purehivehoney.com\/de\/wp-content\/uploads\/2026\/03\/1773657584_51V9Gwj6OqL._AC_SL1500_.jpg","width":598,"height":1500},{"@type":"BreadcrumbList","@id":"https:\/\/purehivehoney.com\/de\/product\/sirupspender-glas-mit-silberner-pumpe-lotionspender-und-kuechenoelspender-tropffreier-lebensmittelspender-fuer-honig-marmelade-und-sirup-wiederverwendbar-fuer-kueche-und-kaffeebar\/#breadcrumb","itemListElement":[{"@type":"ListItem","position":1,"name":"Home","item":"https:\/\/purehivehoney.com\/de\/"},{"@type":"ListItem","position":2,"name":"Shop","item":"https:\/\/purehivehoney.com\/de\/shop\/"},{"@type":"ListItem","position":3,"name":"Sirupspender Glas mit Silberner Pum..."}]},{"@type":"WebSite","@id":"https:\/\/purehivehoney.com\/de\/#website","url":"https:\/\/purehivehoney.com\/de\/","name":"PureHiveHoney","description":"Reiner Honig &amp; Bienenprodukte Online | Rohhonig, Bio Honig &amp; Spezialhonig","publisher":{"@id":"https:\/\/purehivehoney.com\/de\/#organization"},"potentialAction":[{"@type":"SearchAction","target":{"@type":"EntryPoint","urlTemplate":"https:\/\/purehivehoney.com\/de\/?s={search_term_string}"},"query-input":{"@type":"PropertyValueSpecification","valueRequired":true,"valueName":"search_term_string"}}],"inLanguage":"de"},{"@type":"Organization","@id":"https:\/\/purehivehoney.com\/de\/#organization","name":"PureHiveHoney","url":"https:\/\/purehivehoney.com\/de\/","logo":{"@type":"ImageObject","inLanguage":"de","@id":"https:\/\/purehivehoney.com\/de\/#\/schema\/logo\/image\/","url":"https:\/\/purehivehoney.com\/de\/wp-content\/uploads\/2026\/03\/Screenshot-2026-03-16-at-1.06.01-AM.png","contentUrl":"https:\/\/purehivehoney.com\/de\/wp-content\/uploads\/2026\/03\/Screenshot-2026-03-16-at-1.06.01-AM.png","width":2112,"height":1086,"caption":"PureHiveHoney"},"image":{"@id":"https:\/\/purehivehoney.com\/de\/#\/schema\/logo\/image\/"}}]}},"_links":{"self":[{"href":"https:\/\/purehivehoney.com\/de\/wp-json\/wp\/v2\/product\/1409","targetHints":{"allow":["GET"]}}],"collection":[{"href":"https:\/\/purehivehoney.com\/de\/wp-json\/wp\/v2\/product"}],"about":[{"href":"https:\/\/purehivehoney.com\/de\/wp-json\/wp\/v2\/types\/product"}],"replies":[{"embeddable":true,"href":"https:\/\/purehivehoney.com\/de\/wp-json\/wp\/v2\/comments?post=1409"}],"wp:featuredmedia":[{"embeddable":true,"href":"https:\/\/purehivehoney.com\/de\/wp-json\/wp\/v2\/media\/1410"}],"wp:attachment":[{"href":"https:\/\/purehivehoney.com\/de\/wp-json\/wp\/v2\/media?parent=1409"}],"wp:term":[{"taxonomy":"store","embeddable":true,"href":"https:\/\/purehivehoney.com\/de\/wp-json\/wp\/v2\/store?post=1409"},{"taxonomy":"product_brand","embeddable":true,"href":"https:\/\/purehivehoney.com\/de\/wp-json\/wp\/v2\/product_brand?post=1409"},{"taxonomy":"product_cat","embeddable":true,"href":"https:\/\/purehivehoney.com\/de\/wp-json\/wp\/v2\/product_cat?post=1409"},{"taxonomy":"product_tag","embeddable":true,"href":"https:\/\/purehivehoney.com\/de\/wp-json\/wp\/v2\/product_tag?post=1409"}],"curies":[{"name":"wp","href":"https:\/\/api.w.org\/{rel}","templated":true}]}}