{"id":1401,"date":"2026-03-16T10:35:06","date_gmt":"2026-03-16T10:35:06","guid":{"rendered":"https:\/\/purehivehoney.com\/de\/product\/frau-honig-frau-honigs-kleines-weltretter-buch-spielerische-tipps-um-die-umwelt-ein-bisschen-besser-zu-machen\/"},"modified":"2026-03-16T10:35:19","modified_gmt":"2026-03-16T10:35:19","slug":"frau-honig-frau-honigs-kleines-weltretter-buch-spielerische-tipps-um-die-umwelt-ein-bisschen-besser-zu-machen","status":"publish","type":"product","link":"https:\/\/purehivehoney.com\/de\/product\/frau-honig-frau-honigs-kleines-weltretter-buch-spielerische-tipps-um-die-umwelt-ein-bisschen-besser-zu-machen\/","title":{"rendered":"Frau Honig: Frau Honigs kleines Wel..."},"content":{"rendered":"<p>Nur noch kurz die Welt retten!<br \/>Mit kleinen Gesten die Welt ver\u00e4ndern: Frau Honig zeigt, wie einfach es ist, anderen eine Freude zu bereiten \u2013 und dabei gleich noch die Umwelt zu sch\u00fctzen. Ihr fr\u00f6hlicher Ratgeber steckt voller Ideen, die Kinder inspirieren, mit einer Menge Spa\u00df im Alltag Gutes zu tun. Sei es eine herzlichen Umarmung oder\u00a0eine\u00a0M\u00fcllsammelaktion in der Nachbarschaft \u2013\u00a0 am besten gr\u00fcndet man dazu erstmal seinen eigenen Weltretter-Club! Dabei gilt: jede kleine Tat z\u00e4hlt, um so gemeinsam die (Um-)Welt ein kleines bisschen besser zu machen. Ein inspirierendes Mitmach-Buch f\u00fcr alle, die durch kleine Taten Gro\u00dfes bewirken m\u00f6chten!<br \/>Mit Eintrageseiten, Basteltipps und eigenem Weltretter-Diplom!<\/p>\n<p> <br \/>\n                                             From the brand   <\/p>\n<p>                                              <img decoding=\"async\" alt=\"\" src=\"https:\/\/images-na.ssl-images-amazon.com\/images\/G\/01\/x-locale\/common\/grey-pixel.gif\" class=\"a-lazy-loaded\" data-src=\"https:\/\/m.media-amazon.com\/images\/S\/aplus-media-library-service-media\/edd54e97-cf7a-4700-b4a8-885dd126723f.__CR0,0,1464,625_PT0_SX1464_V1___.png\"><img decoding=\"async\" alt=\"\" src=\"https:\/\/m.media-amazon.com\/images\/S\/aplus-media-library-service-media\/edd54e97-cf7a-4700-b4a8-885dd126723f.__CR0,0,1464,625_PT0_SX1464_V1___.png\">  <\/p>\n<h3> Das Beste f\u00fcr&#8217;s Osternest <\/h3>\n<p> Die sch\u00f6nsten Kinderb\u00fccher zu Ostern f\u00fcr Jungen und M\u00e4dchen ab 1 Jahr. Von echten Menschen geschrieben und gezeichnet. <\/p>\n<h3> S\u00fc\u00dfe Ostergeschenke <\/h3>\n<p class=\"apm-brand-story-stores-link\">\n<h3> &#8230;im Store entdecken! <\/h3>\n<p class=\"apm-brand-story-stores-link\">\n<p> Publisher                                            \u200f                                            :                                            \u200e                                                        Planet! in der Thienemann-Esslinger Verlag GmbH       <br \/> Publication date                                            \u200f                                            :                                            \u200e                                                        18 Oct. 2025       <br \/> Language                                            \u200f                                            :                                            \u200e                                            German   <br \/> Print length                                            \u200f                                            :                                            \u200e                                                        128 pages       <br \/> ISBN-10                                            \u200f                                            :                                            \u200e                                                        3522508831       <br \/> ISBN-13                                            \u200f                                            :                                            \u200e                                                        978-3522508834       <br \/> Reading age                                            \u200f                                            :                                            \u200e                                            8 years and up   <br \/> Dimensions                                            \u200f                                            :                                            \u200e                                                        14.7 x 1.7 x 20.9 cm       <br \/>       Best Sellers Rank:  64,499 in Books (See Top 100 in Books)    149 in Children&#8217;s Books on the Environment &#038; Ecology   186 in Children&#8217;s Books on Recycling &#038; Green Living   463 in School Guides      <br \/>  Customer reviews:                                                                                            3.8               3.8 out of 5 stars                                  (4)                                              var dpAcrHasRegisteredArcLinkClickAction;                    P.when(&#8218;A&#8216;, &#8218;ready&#8216;).execute(function(A) {                        if (dpAcrHasRegisteredArcLinkClickAction !== true) {                            dpAcrHasRegisteredArcLinkClickAction = true;                            A.declarative(                                &#8218;acrLink-click-metrics&#8216;, &#8218;click&#8216;,                                { &#8222;allowLinkDefault&#8220;: true },                                function (event) {                                    if (window.ue) {                                        ue.count(&#8222;acrLinkClickCount&#8220;, (ue.count(&#8222;acrLinkClickCount&#8220;) || 0) + 1);                                    }                                }                            );                        }                    });                                             P.when(&#8218;A&#8216;, &#8218;cf&#8216;).execute(function(A) {                A.declarative(&#8218;acrStarsLink-click-metrics&#8216;, &#8218;click&#8216;, { &#8222;allowLinkDefault&#8220; : true },  function(event){                    if(window.ue) {                        ue.count(&#8222;acrStarsLinkWithPopoverClickCount&#8220;, (ue.count(&#8222;acrStarsLinkWithPopoverClickCount&#8220;) || 0) + 1);                    }                });            });                          <br \/><\/p>\n","protected":false},"excerpt":{"rendered":"<p>Nur noch kurz die Welt retten!Mit kleinen Gesten die Welt ver\u00e4ndern: Frau Honig zeigt, wie einfach es ist, anderen eine Freude zu bereiten \u2013 und dabei gleich noch die Umwelt zu sch\u00fctzen. Ihr fr\u00f6hlicher Ratgeber steckt voller Ideen, die Kinder inspirieren, mit einer Menge Spa\u00df im Alltag Gutes zu tun. Sei es eine herzlichen Umarmung [&hellip;]<\/p>\n","protected":false},"featured_media":1402,"comment_status":"open","ping_status":"closed","template":"","meta":{"_aipt_faq_data":""},"store":[],"product_brand":[],"product_cat":[57],"product_tag":[174],"class_list":{"0":"post-1401","1":"product","2":"type-product","3":"status-publish","4":"has-post-thumbnail","6":"product_cat-honigbutter","7":"product_tag-honigbutter-zum-fruehstueck","9":"first","10":"instock","11":"shipping-taxable","12":"product-type-external"},"yoast_head":"<!-- This site is optimized with the Yoast SEO plugin v27.4 - https:\/\/yoast.com\/product\/yoast-seo-wordpress\/ -->\n<title>Frau Honig: Frau Honigs kleines Weltretter-Buch: Spielerische Tipps, um die Umwelt ein bisschen besser zu machen - PureHiveHoney<\/title>\n<meta name=\"description\" content=\"Entdecken Sie hochwertigen Rohhonig, Bio Honig, Manuka Honig und nat\u00fcrliche Bienenprodukte. PureHiveHoney hilft Ihnen dabei, sorgf\u00e4ltig ausgew\u00e4hlte Honigsorten mit nat\u00fcrlicher Qualit\u00e4t und Reinheit zu entdecken.\" \/>\n<meta name=\"robots\" content=\"index, follow, max-snippet:-1, max-image-preview:large, max-video-preview:-1\" \/>\n<link rel=\"canonical\" href=\"https:\/\/purehivehoney.com\/de\/product\/frau-honig-frau-honigs-kleines-weltretter-buch-spielerische-tipps-um-die-umwelt-ein-bisschen-besser-zu-machen\/\" \/>\n<meta property=\"og:locale\" content=\"de_DE\" \/>\n<meta property=\"og:type\" content=\"article\" \/>\n<meta property=\"og:title\" content=\"Frau Honig: Frau Honigs kleines Weltretter-Buch: Spielerische Tipps, um die Umwelt ein bisschen besser zu machen - PureHiveHoney\" \/>\n<meta property=\"og:description\" content=\"Entdecken Sie hochwertigen Rohhonig, Bio Honig, Manuka Honig und nat\u00fcrliche Bienenprodukte. PureHiveHoney hilft Ihnen dabei, sorgf\u00e4ltig ausgew\u00e4hlte Honigsorten mit nat\u00fcrlicher Qualit\u00e4t und Reinheit zu entdecken.\" \/>\n<meta property=\"og:url\" content=\"https:\/\/purehivehoney.com\/de\/product\/frau-honig-frau-honigs-kleines-weltretter-buch-spielerische-tipps-um-die-umwelt-ein-bisschen-besser-zu-machen\/\" \/>\n<meta property=\"og:site_name\" content=\"PureHiveHoney\" \/>\n<meta property=\"article:modified_time\" content=\"2026-03-16T10:35:19+00:00\" \/>\n<meta property=\"og:image\" content=\"https:\/\/images-na.ssl-images-amazon.com\/images\/G\/01\/x-locale\/common\/grey-pixel.gif\" \/>\n<meta name=\"twitter:card\" content=\"summary_large_image\" \/>\n<meta name=\"twitter:label1\" content=\"Gesch\u00e4tzte Lesezeit\" \/>\n\t<meta name=\"twitter:data1\" content=\"1\u00a0Minute\" \/>\n<script type=\"application\/ld+json\" class=\"yoast-schema-graph\">{\"@context\":\"https:\\\/\\\/schema.org\",\"@graph\":[{\"@type\":\"WebPage\",\"@id\":\"https:\\\/\\\/purehivehoney.com\\\/de\\\/product\\\/frau-honig-frau-honigs-kleines-weltretter-buch-spielerische-tipps-um-die-umwelt-ein-bisschen-besser-zu-machen\\\/\",\"url\":\"https:\\\/\\\/purehivehoney.com\\\/de\\\/product\\\/frau-honig-frau-honigs-kleines-weltretter-buch-spielerische-tipps-um-die-umwelt-ein-bisschen-besser-zu-machen\\\/\",\"name\":\"Frau Honig: Frau Honigs kleines Weltretter-Buch: Spielerische Tipps, um die Umwelt ein bisschen besser zu machen - PureHiveHoney\",\"isPartOf\":{\"@id\":\"https:\\\/\\\/purehivehoney.com\\\/de\\\/#website\"},\"primaryImageOfPage\":{\"@id\":\"https:\\\/\\\/purehivehoney.com\\\/de\\\/product\\\/frau-honig-frau-honigs-kleines-weltretter-buch-spielerische-tipps-um-die-umwelt-ein-bisschen-besser-zu-machen\\\/#primaryimage\"},\"image\":{\"@id\":\"https:\\\/\\\/purehivehoney.com\\\/de\\\/product\\\/frau-honig-frau-honigs-kleines-weltretter-buch-spielerische-tipps-um-die-umwelt-ein-bisschen-besser-zu-machen\\\/#primaryimage\"},\"thumbnailUrl\":\"https:\\\/\\\/purehivehoney.com\\\/de\\\/wp-content\\\/uploads\\\/2026\\\/03\\\/71REDLvE6ZL._SL1500_.jpg\",\"datePublished\":\"2026-03-16T10:35:06+00:00\",\"dateModified\":\"2026-03-16T10:35:19+00:00\",\"description\":\"Entdecken Sie hochwertigen Rohhonig, Bio Honig, Manuka Honig und nat\u00fcrliche Bienenprodukte. PureHiveHoney hilft Ihnen dabei, sorgf\u00e4ltig ausgew\u00e4hlte Honigsorten mit nat\u00fcrlicher Qualit\u00e4t und Reinheit zu entdecken.\",\"breadcrumb\":{\"@id\":\"https:\\\/\\\/purehivehoney.com\\\/de\\\/product\\\/frau-honig-frau-honigs-kleines-weltretter-buch-spielerische-tipps-um-die-umwelt-ein-bisschen-besser-zu-machen\\\/#breadcrumb\"},\"inLanguage\":\"de\",\"potentialAction\":[{\"@type\":\"ReadAction\",\"target\":[\"https:\\\/\\\/purehivehoney.com\\\/de\\\/product\\\/frau-honig-frau-honigs-kleines-weltretter-buch-spielerische-tipps-um-die-umwelt-ein-bisschen-besser-zu-machen\\\/\"]}]},{\"@type\":\"ImageObject\",\"inLanguage\":\"de\",\"@id\":\"https:\\\/\\\/purehivehoney.com\\\/de\\\/product\\\/frau-honig-frau-honigs-kleines-weltretter-buch-spielerische-tipps-um-die-umwelt-ein-bisschen-besser-zu-machen\\\/#primaryimage\",\"url\":\"https:\\\/\\\/purehivehoney.com\\\/de\\\/wp-content\\\/uploads\\\/2026\\\/03\\\/71REDLvE6ZL._SL1500_.jpg\",\"contentUrl\":\"https:\\\/\\\/purehivehoney.com\\\/de\\\/wp-content\\\/uploads\\\/2026\\\/03\\\/71REDLvE6ZL._SL1500_.jpg\",\"width\":962,\"height\":1500},{\"@type\":\"BreadcrumbList\",\"@id\":\"https:\\\/\\\/purehivehoney.com\\\/de\\\/product\\\/frau-honig-frau-honigs-kleines-weltretter-buch-spielerische-tipps-um-die-umwelt-ein-bisschen-besser-zu-machen\\\/#breadcrumb\",\"itemListElement\":[{\"@type\":\"ListItem\",\"position\":1,\"name\":\"Home\",\"item\":\"https:\\\/\\\/purehivehoney.com\\\/de\\\/\"},{\"@type\":\"ListItem\",\"position\":2,\"name\":\"Shop\",\"item\":\"https:\\\/\\\/purehivehoney.com\\\/de\\\/shop\\\/\"},{\"@type\":\"ListItem\",\"position\":3,\"name\":\"Frau Honig: Frau Honigs kleines Wel...\"}]},{\"@type\":\"WebSite\",\"@id\":\"https:\\\/\\\/purehivehoney.com\\\/de\\\/#website\",\"url\":\"https:\\\/\\\/purehivehoney.com\\\/de\\\/\",\"name\":\"PureHiveHoney\",\"description\":\"Reiner Honig &amp; Bienenprodukte Online | Rohhonig, Bio Honig &amp; Spezialhonig\",\"publisher\":{\"@id\":\"https:\\\/\\\/purehivehoney.com\\\/de\\\/#organization\"},\"potentialAction\":[{\"@type\":\"SearchAction\",\"target\":{\"@type\":\"EntryPoint\",\"urlTemplate\":\"https:\\\/\\\/purehivehoney.com\\\/de\\\/?s={search_term_string}\"},\"query-input\":{\"@type\":\"PropertyValueSpecification\",\"valueRequired\":true,\"valueName\":\"search_term_string\"}}],\"inLanguage\":\"de\"},{\"@type\":\"Organization\",\"@id\":\"https:\\\/\\\/purehivehoney.com\\\/de\\\/#organization\",\"name\":\"PureHiveHoney\",\"url\":\"https:\\\/\\\/purehivehoney.com\\\/de\\\/\",\"logo\":{\"@type\":\"ImageObject\",\"inLanguage\":\"de\",\"@id\":\"https:\\\/\\\/purehivehoney.com\\\/de\\\/#\\\/schema\\\/logo\\\/image\\\/\",\"url\":\"https:\\\/\\\/purehivehoney.com\\\/de\\\/wp-content\\\/uploads\\\/2026\\\/03\\\/Screenshot-2026-03-16-at-1.06.01-AM.png\",\"contentUrl\":\"https:\\\/\\\/purehivehoney.com\\\/de\\\/wp-content\\\/uploads\\\/2026\\\/03\\\/Screenshot-2026-03-16-at-1.06.01-AM.png\",\"width\":2112,\"height\":1086,\"caption\":\"PureHiveHoney\"},\"image\":{\"@id\":\"https:\\\/\\\/purehivehoney.com\\\/de\\\/#\\\/schema\\\/logo\\\/image\\\/\"}}]}<\/script>\n<!-- \/ Yoast SEO plugin. -->","yoast_head_json":{"title":"Frau Honig: Frau Honigs kleines Weltretter-Buch: Spielerische Tipps, um die Umwelt ein bisschen besser zu machen - PureHiveHoney","description":"Entdecken Sie hochwertigen Rohhonig, Bio Honig, Manuka Honig und nat\u00fcrliche Bienenprodukte. PureHiveHoney hilft Ihnen dabei, sorgf\u00e4ltig ausgew\u00e4hlte Honigsorten mit nat\u00fcrlicher Qualit\u00e4t und Reinheit zu entdecken.","robots":{"index":"index","follow":"follow","max-snippet":"max-snippet:-1","max-image-preview":"max-image-preview:large","max-video-preview":"max-video-preview:-1"},"canonical":"https:\/\/purehivehoney.com\/de\/product\/frau-honig-frau-honigs-kleines-weltretter-buch-spielerische-tipps-um-die-umwelt-ein-bisschen-besser-zu-machen\/","og_locale":"de_DE","og_type":"article","og_title":"Frau Honig: Frau Honigs kleines Weltretter-Buch: Spielerische Tipps, um die Umwelt ein bisschen besser zu machen - PureHiveHoney","og_description":"Entdecken Sie hochwertigen Rohhonig, Bio Honig, Manuka Honig und nat\u00fcrliche Bienenprodukte. PureHiveHoney hilft Ihnen dabei, sorgf\u00e4ltig ausgew\u00e4hlte Honigsorten mit nat\u00fcrlicher Qualit\u00e4t und Reinheit zu entdecken.","og_url":"https:\/\/purehivehoney.com\/de\/product\/frau-honig-frau-honigs-kleines-weltretter-buch-spielerische-tipps-um-die-umwelt-ein-bisschen-besser-zu-machen\/","og_site_name":"PureHiveHoney","article_modified_time":"2026-03-16T10:35:19+00:00","og_image":[{"url":"https:\/\/images-na.ssl-images-amazon.com\/images\/G\/01\/x-locale\/common\/grey-pixel.gif","type":"","width":"","height":""}],"twitter_card":"summary_large_image","twitter_misc":{"Gesch\u00e4tzte Lesezeit":"1\u00a0Minute"},"schema":{"@context":"https:\/\/schema.org","@graph":[{"@type":"WebPage","@id":"https:\/\/purehivehoney.com\/de\/product\/frau-honig-frau-honigs-kleines-weltretter-buch-spielerische-tipps-um-die-umwelt-ein-bisschen-besser-zu-machen\/","url":"https:\/\/purehivehoney.com\/de\/product\/frau-honig-frau-honigs-kleines-weltretter-buch-spielerische-tipps-um-die-umwelt-ein-bisschen-besser-zu-machen\/","name":"Frau Honig: Frau Honigs kleines Weltretter-Buch: Spielerische Tipps, um die Umwelt ein bisschen besser zu machen - PureHiveHoney","isPartOf":{"@id":"https:\/\/purehivehoney.com\/de\/#website"},"primaryImageOfPage":{"@id":"https:\/\/purehivehoney.com\/de\/product\/frau-honig-frau-honigs-kleines-weltretter-buch-spielerische-tipps-um-die-umwelt-ein-bisschen-besser-zu-machen\/#primaryimage"},"image":{"@id":"https:\/\/purehivehoney.com\/de\/product\/frau-honig-frau-honigs-kleines-weltretter-buch-spielerische-tipps-um-die-umwelt-ein-bisschen-besser-zu-machen\/#primaryimage"},"thumbnailUrl":"https:\/\/purehivehoney.com\/de\/wp-content\/uploads\/2026\/03\/71REDLvE6ZL._SL1500_.jpg","datePublished":"2026-03-16T10:35:06+00:00","dateModified":"2026-03-16T10:35:19+00:00","description":"Entdecken Sie hochwertigen Rohhonig, Bio Honig, Manuka Honig und nat\u00fcrliche Bienenprodukte. PureHiveHoney hilft Ihnen dabei, sorgf\u00e4ltig ausgew\u00e4hlte Honigsorten mit nat\u00fcrlicher Qualit\u00e4t und Reinheit zu entdecken.","breadcrumb":{"@id":"https:\/\/purehivehoney.com\/de\/product\/frau-honig-frau-honigs-kleines-weltretter-buch-spielerische-tipps-um-die-umwelt-ein-bisschen-besser-zu-machen\/#breadcrumb"},"inLanguage":"de","potentialAction":[{"@type":"ReadAction","target":["https:\/\/purehivehoney.com\/de\/product\/frau-honig-frau-honigs-kleines-weltretter-buch-spielerische-tipps-um-die-umwelt-ein-bisschen-besser-zu-machen\/"]}]},{"@type":"ImageObject","inLanguage":"de","@id":"https:\/\/purehivehoney.com\/de\/product\/frau-honig-frau-honigs-kleines-weltretter-buch-spielerische-tipps-um-die-umwelt-ein-bisschen-besser-zu-machen\/#primaryimage","url":"https:\/\/purehivehoney.com\/de\/wp-content\/uploads\/2026\/03\/71REDLvE6ZL._SL1500_.jpg","contentUrl":"https:\/\/purehivehoney.com\/de\/wp-content\/uploads\/2026\/03\/71REDLvE6ZL._SL1500_.jpg","width":962,"height":1500},{"@type":"BreadcrumbList","@id":"https:\/\/purehivehoney.com\/de\/product\/frau-honig-frau-honigs-kleines-weltretter-buch-spielerische-tipps-um-die-umwelt-ein-bisschen-besser-zu-machen\/#breadcrumb","itemListElement":[{"@type":"ListItem","position":1,"name":"Home","item":"https:\/\/purehivehoney.com\/de\/"},{"@type":"ListItem","position":2,"name":"Shop","item":"https:\/\/purehivehoney.com\/de\/shop\/"},{"@type":"ListItem","position":3,"name":"Frau Honig: Frau Honigs kleines Wel..."}]},{"@type":"WebSite","@id":"https:\/\/purehivehoney.com\/de\/#website","url":"https:\/\/purehivehoney.com\/de\/","name":"PureHiveHoney","description":"Reiner Honig &amp; Bienenprodukte Online | Rohhonig, Bio Honig &amp; Spezialhonig","publisher":{"@id":"https:\/\/purehivehoney.com\/de\/#organization"},"potentialAction":[{"@type":"SearchAction","target":{"@type":"EntryPoint","urlTemplate":"https:\/\/purehivehoney.com\/de\/?s={search_term_string}"},"query-input":{"@type":"PropertyValueSpecification","valueRequired":true,"valueName":"search_term_string"}}],"inLanguage":"de"},{"@type":"Organization","@id":"https:\/\/purehivehoney.com\/de\/#organization","name":"PureHiveHoney","url":"https:\/\/purehivehoney.com\/de\/","logo":{"@type":"ImageObject","inLanguage":"de","@id":"https:\/\/purehivehoney.com\/de\/#\/schema\/logo\/image\/","url":"https:\/\/purehivehoney.com\/de\/wp-content\/uploads\/2026\/03\/Screenshot-2026-03-16-at-1.06.01-AM.png","contentUrl":"https:\/\/purehivehoney.com\/de\/wp-content\/uploads\/2026\/03\/Screenshot-2026-03-16-at-1.06.01-AM.png","width":2112,"height":1086,"caption":"PureHiveHoney"},"image":{"@id":"https:\/\/purehivehoney.com\/de\/#\/schema\/logo\/image\/"}}]}},"_links":{"self":[{"href":"https:\/\/purehivehoney.com\/de\/wp-json\/wp\/v2\/product\/1401","targetHints":{"allow":["GET"]}}],"collection":[{"href":"https:\/\/purehivehoney.com\/de\/wp-json\/wp\/v2\/product"}],"about":[{"href":"https:\/\/purehivehoney.com\/de\/wp-json\/wp\/v2\/types\/product"}],"replies":[{"embeddable":true,"href":"https:\/\/purehivehoney.com\/de\/wp-json\/wp\/v2\/comments?post=1401"}],"wp:featuredmedia":[{"embeddable":true,"href":"https:\/\/purehivehoney.com\/de\/wp-json\/wp\/v2\/media\/1402"}],"wp:attachment":[{"href":"https:\/\/purehivehoney.com\/de\/wp-json\/wp\/v2\/media?parent=1401"}],"wp:term":[{"taxonomy":"store","embeddable":true,"href":"https:\/\/purehivehoney.com\/de\/wp-json\/wp\/v2\/store?post=1401"},{"taxonomy":"product_brand","embeddable":true,"href":"https:\/\/purehivehoney.com\/de\/wp-json\/wp\/v2\/product_brand?post=1401"},{"taxonomy":"product_cat","embeddable":true,"href":"https:\/\/purehivehoney.com\/de\/wp-json\/wp\/v2\/product_cat?post=1401"},{"taxonomy":"product_tag","embeddable":true,"href":"https:\/\/purehivehoney.com\/de\/wp-json\/wp\/v2\/product_tag?post=1401"}],"curies":[{"name":"wp","href":"https:\/\/api.w.org\/{rel}","templated":true}]}}