{"id":1399,"date":"2026-03-16T10:31:52","date_gmt":"2026-03-16T10:31:52","guid":{"rendered":"https:\/\/purehivehoney.com\/de\/product\/wundermittel-manuka-honig-alles-ueber-den-besonderen-honig-aus-neuseeland\/"},"modified":"2026-03-16T10:31:54","modified_gmt":"2026-03-16T10:31:54","slug":"wundermittel-manuka-honig-alles-ueber-den-besonderen-honig-aus-neuseeland","status":"publish","type":"product","link":"https:\/\/purehivehoney.com\/de\/product\/wundermittel-manuka-honig-alles-ueber-den-besonderen-honig-aus-neuseeland\/","title":{"rendered":"Wundermittel Manuka Honig: Alles \u00fc..."},"content":{"rendered":"<p>  Manuka Honig: Was das Gesundheitswunder wirklich kann und die Vorteile f\u00fcr den K\u00f6rper<br \/>\n<br \/>Wundermittel Manuka Honig<br \/>\n<br \/>Sie haben bestimmt schon mal von dem ganz besonderen Manuka Honig geh\u00f6rt und m\u00f6chten nun Ihre eigenen Erfahrungen mit ihm machen? Bevor Sie sich ein Glas davon kaufen, m\u00f6chten wir Ihnen hier alles \u00fcber dieses Wunder der Natur erz\u00e4hlen, sodass Sie einen guten \u00dcberblick \u00fcber dieses Produkt erhalten. In diesem Ratgeber erfahren Sie alles \u00fcber die Geschichte, die Herstellung, den Geschmack, verschiedenste Anwendungsgebiete, Risiken und vieles mehr bei der Einnahme von Manuka Honig. Der Honig ist eines der \u00e4ltesten Haus- und Heilmittel der Welt. Schon die Maori, die neuseel\u00e4ndischen Ureinwohner, sahen bereits vor hunderten von Jahren die Manuka Pflanze als Heilpflanze an. Diese Pflanze ist in bergischen Gebieten aber auch an Fl\u00fcssen zu finden. Der lateinische Name ist Leptospermum scoparium.<br \/>\n<br \/>Mit diesem Buch erhalten Sie:<br \/>\n<br \/>Die wichtigsten Informationen \u00fcber den Manuka Honig<br \/>\n<br \/>\u2713 Einf\u00fchrung<br \/>\n<br \/>\u2713 Die Herstellung und der Geschmack<br \/>\n<br \/>\u2713 Der MGO-Wert im Manuka Honig<br \/>\n<br \/>\u2713 Der UMF-Wert im Manuka Honig<br \/>\n<br \/>\u2713 Unterschiede zwischen dem herk\u00f6mmlichen Honig und dem Manuka Honig<br \/>\n<br \/>\u2713 Manuka Honig bei Erk\u00e4ltungen<br \/>\n<br \/>\u2713 Manuka Honig bei Verstopfungen und Verdauungsproblemen<br \/>\n<br \/>\u2713 Mit Manuka Honig abnehmen<br \/>\n<br \/>\u2713 Lippenpflege<br \/>\n<br \/>\u2713 Studien<br \/>\n<br \/>\u2713 und vieles mehr<br \/>\n<br \/>Das Buch k\u00f6nnen Sie auf Ihrem Smartphone, Tablet, PC, Mac oder nat\u00fcrlich auf ihrem Kindle eReader lesen.    <br \/>ASIN                                            \u200f                                            :                                            \u200e                                                        B07MQBC155       <br \/> Accessibility                                            \u200f                                            :                                            \u200e                                                                      Learn more          <br \/> Publication date                                            \u200f                                            :                                            \u200e                                                        8 Jan. 2019       <br \/> Language                                            \u200f                                            :                                            \u200e                                            German   <br \/> File size                                            \u200f                                            :                                            \u200e                                                        1.5 MB       <br \/> Screen Reader                                            \u200f                                            :                                            \u200e                                                        Supported       <br \/> Enhanced typesetting                                            \u200f                                            :                                            \u200e                                                                     Enabled          <br \/> X-Ray                                            \u200f                                            :                                            \u200e                                                        Not Enabled       <br \/> Word Wise                                            \u200f                                            :                                            \u200e                                                                     Not Enabled          <br \/> Print length                                            \u200f                                            :                                            \u200e                                                                     32 pages          <br \/> Page Flip                                            \u200f                                            :                                            \u200e                                                                     Enabled          <br \/>       Best Sellers Rank:  57,474 in Kindle Store (See Top 100 in Kindle Store)    138 in Cooking by Ingredient   224 in Medical Fiction (Kindle Store)   348 in Medical Fiction (Books)      <br \/>  Customer reviews:                                                                                            4.4               4.4 out of 5 stars                                  (37)                                              var dpAcrHasRegisteredArcLinkClickAction;                    P.when(&#8218;A&#8216;, &#8218;ready&#8216;).execute(function(A) {                        if (dpAcrHasRegisteredArcLinkClickAction !== true) {                            dpAcrHasRegisteredArcLinkClickAction = true;                            A.declarative(                                &#8218;acrLink-click-metrics&#8216;, &#8218;click&#8216;,                                { &#8222;allowLinkDefault&#8220;: true },                                function (event) {                                    if (window.ue) {                                        ue.count(&#8222;acrLinkClickCount&#8220;, (ue.count(&#8222;acrLinkClickCount&#8220;) || 0) + 1);                                    }                                }                            );                        }                    });                                             P.when(&#8218;A&#8216;, &#8218;cf&#8216;).execute(function(A) {                A.declarative(&#8218;acrStarsLink-click-metrics&#8216;, &#8218;click&#8216;, { &#8222;allowLinkDefault&#8220; : true },  function(event){                    if(window.ue) {                        ue.count(&#8222;acrStarsLinkWithPopoverClickCount&#8220;, (ue.count(&#8222;acrStarsLinkWithPopoverClickCount&#8220;) || 0) + 1);                    }                });            });                          <br \/><\/p>\n","protected":false},"excerpt":{"rendered":"<p>Manuka Honig: Was das Gesundheitswunder wirklich kann und die Vorteile f\u00fcr den K\u00f6rper Wundermittel Manuka Honig Sie haben bestimmt schon mal von dem ganz besonderen Manuka Honig geh\u00f6rt und m\u00f6chten nun Ihre eigenen Erfahrungen mit ihm machen? Bevor Sie sich ein Glas davon kaufen, m\u00f6chten wir Ihnen hier alles \u00fcber dieses Wunder der Natur erz\u00e4hlen, [&hellip;]<\/p>\n","protected":false},"featured_media":1400,"comment_status":"open","ping_status":"closed","template":"","meta":{"_aipt_faq_data":""},"store":[],"product_brand":[],"product_cat":[60],"product_tag":[143],"class_list":{"0":"post-1399","1":"product","2":"type-product","3":"status-publish","4":"has-post-thumbnail","6":"product_cat-honig-fur-das-immunsystem","7":"product_tag-natuerlicher-honig-fuer-das-immunsystem","9":"first","10":"instock","11":"shipping-taxable","12":"product-type-external"},"yoast_head":"<!-- This site is optimized with the Yoast SEO plugin v27.4 - https:\/\/yoast.com\/product\/yoast-seo-wordpress\/ -->\n<title>Wundermittel Manuka Honig: Alles \u00fcber den besonderen Honig aus Neuseeland - PureHiveHoney<\/title>\n<meta name=\"description\" content=\"Entdecken Sie hochwertigen Rohhonig, Bio Honig, Manuka Honig und nat\u00fcrliche Bienenprodukte. PureHiveHoney hilft Ihnen dabei, sorgf\u00e4ltig ausgew\u00e4hlte Honigsorten mit nat\u00fcrlicher Qualit\u00e4t und Reinheit zu entdecken.\" \/>\n<meta name=\"robots\" content=\"index, follow, max-snippet:-1, max-image-preview:large, max-video-preview:-1\" \/>\n<link rel=\"canonical\" href=\"https:\/\/purehivehoney.com\/de\/product\/wundermittel-manuka-honig-alles-ueber-den-besonderen-honig-aus-neuseeland\/\" \/>\n<meta property=\"og:locale\" content=\"de_DE\" \/>\n<meta property=\"og:type\" content=\"article\" \/>\n<meta property=\"og:title\" content=\"Wundermittel Manuka Honig: Alles \u00fcber den besonderen Honig aus Neuseeland - PureHiveHoney\" \/>\n<meta property=\"og:description\" content=\"Entdecken Sie hochwertigen Rohhonig, Bio Honig, Manuka Honig und nat\u00fcrliche Bienenprodukte. PureHiveHoney hilft Ihnen dabei, sorgf\u00e4ltig ausgew\u00e4hlte Honigsorten mit nat\u00fcrlicher Qualit\u00e4t und Reinheit zu entdecken.\" \/>\n<meta property=\"og:url\" content=\"https:\/\/purehivehoney.com\/de\/product\/wundermittel-manuka-honig-alles-ueber-den-besonderen-honig-aus-neuseeland\/\" \/>\n<meta property=\"og:site_name\" content=\"PureHiveHoney\" \/>\n<meta property=\"article:modified_time\" content=\"2026-03-16T10:31:54+00:00\" \/>\n<meta name=\"twitter:card\" content=\"summary_large_image\" \/>\n<meta name=\"twitter:label1\" content=\"Gesch\u00e4tzte Lesezeit\" \/>\n\t<meta name=\"twitter:data1\" content=\"2\u00a0Minuten\" \/>\n<script type=\"application\/ld+json\" class=\"yoast-schema-graph\">{\"@context\":\"https:\\\/\\\/schema.org\",\"@graph\":[{\"@type\":\"WebPage\",\"@id\":\"https:\\\/\\\/purehivehoney.com\\\/de\\\/product\\\/wundermittel-manuka-honig-alles-ueber-den-besonderen-honig-aus-neuseeland\\\/\",\"url\":\"https:\\\/\\\/purehivehoney.com\\\/de\\\/product\\\/wundermittel-manuka-honig-alles-ueber-den-besonderen-honig-aus-neuseeland\\\/\",\"name\":\"Wundermittel Manuka Honig: Alles \u00fcber den besonderen Honig aus Neuseeland - PureHiveHoney\",\"isPartOf\":{\"@id\":\"https:\\\/\\\/purehivehoney.com\\\/de\\\/#website\"},\"primaryImageOfPage\":{\"@id\":\"https:\\\/\\\/purehivehoney.com\\\/de\\\/product\\\/wundermittel-manuka-honig-alles-ueber-den-besonderen-honig-aus-neuseeland\\\/#primaryimage\"},\"image\":{\"@id\":\"https:\\\/\\\/purehivehoney.com\\\/de\\\/product\\\/wundermittel-manuka-honig-alles-ueber-den-besonderen-honig-aus-neuseeland\\\/#primaryimage\"},\"thumbnailUrl\":\"https:\\\/\\\/purehivehoney.com\\\/de\\\/wp-content\\\/uploads\\\/2026\\\/03\\\/814Wkj4EvML._SL1500_.jpg\",\"datePublished\":\"2026-03-16T10:31:52+00:00\",\"dateModified\":\"2026-03-16T10:31:54+00:00\",\"description\":\"Entdecken Sie hochwertigen Rohhonig, Bio Honig, Manuka Honig und nat\u00fcrliche Bienenprodukte. PureHiveHoney hilft Ihnen dabei, sorgf\u00e4ltig ausgew\u00e4hlte Honigsorten mit nat\u00fcrlicher Qualit\u00e4t und Reinheit zu entdecken.\",\"breadcrumb\":{\"@id\":\"https:\\\/\\\/purehivehoney.com\\\/de\\\/product\\\/wundermittel-manuka-honig-alles-ueber-den-besonderen-honig-aus-neuseeland\\\/#breadcrumb\"},\"inLanguage\":\"de\",\"potentialAction\":[{\"@type\":\"ReadAction\",\"target\":[\"https:\\\/\\\/purehivehoney.com\\\/de\\\/product\\\/wundermittel-manuka-honig-alles-ueber-den-besonderen-honig-aus-neuseeland\\\/\"]}]},{\"@type\":\"ImageObject\",\"inLanguage\":\"de\",\"@id\":\"https:\\\/\\\/purehivehoney.com\\\/de\\\/product\\\/wundermittel-manuka-honig-alles-ueber-den-besonderen-honig-aus-neuseeland\\\/#primaryimage\",\"url\":\"https:\\\/\\\/purehivehoney.com\\\/de\\\/wp-content\\\/uploads\\\/2026\\\/03\\\/814Wkj4EvML._SL1500_.jpg\",\"contentUrl\":\"https:\\\/\\\/purehivehoney.com\\\/de\\\/wp-content\\\/uploads\\\/2026\\\/03\\\/814Wkj4EvML._SL1500_.jpg\",\"width\":940,\"height\":1500},{\"@type\":\"BreadcrumbList\",\"@id\":\"https:\\\/\\\/purehivehoney.com\\\/de\\\/product\\\/wundermittel-manuka-honig-alles-ueber-den-besonderen-honig-aus-neuseeland\\\/#breadcrumb\",\"itemListElement\":[{\"@type\":\"ListItem\",\"position\":1,\"name\":\"Home\",\"item\":\"https:\\\/\\\/purehivehoney.com\\\/de\\\/\"},{\"@type\":\"ListItem\",\"position\":2,\"name\":\"Shop\",\"item\":\"https:\\\/\\\/purehivehoney.com\\\/de\\\/shop\\\/\"},{\"@type\":\"ListItem\",\"position\":3,\"name\":\"Wundermittel Manuka Honig: Alles \u00fc...\"}]},{\"@type\":\"WebSite\",\"@id\":\"https:\\\/\\\/purehivehoney.com\\\/de\\\/#website\",\"url\":\"https:\\\/\\\/purehivehoney.com\\\/de\\\/\",\"name\":\"PureHiveHoney\",\"description\":\"Reiner Honig &amp; Bienenprodukte Online | Rohhonig, Bio Honig &amp; Spezialhonig\",\"publisher\":{\"@id\":\"https:\\\/\\\/purehivehoney.com\\\/de\\\/#organization\"},\"potentialAction\":[{\"@type\":\"SearchAction\",\"target\":{\"@type\":\"EntryPoint\",\"urlTemplate\":\"https:\\\/\\\/purehivehoney.com\\\/de\\\/?s={search_term_string}\"},\"query-input\":{\"@type\":\"PropertyValueSpecification\",\"valueRequired\":true,\"valueName\":\"search_term_string\"}}],\"inLanguage\":\"de\"},{\"@type\":\"Organization\",\"@id\":\"https:\\\/\\\/purehivehoney.com\\\/de\\\/#organization\",\"name\":\"PureHiveHoney\",\"url\":\"https:\\\/\\\/purehivehoney.com\\\/de\\\/\",\"logo\":{\"@type\":\"ImageObject\",\"inLanguage\":\"de\",\"@id\":\"https:\\\/\\\/purehivehoney.com\\\/de\\\/#\\\/schema\\\/logo\\\/image\\\/\",\"url\":\"https:\\\/\\\/purehivehoney.com\\\/de\\\/wp-content\\\/uploads\\\/2026\\\/03\\\/Screenshot-2026-03-16-at-1.06.01-AM.png\",\"contentUrl\":\"https:\\\/\\\/purehivehoney.com\\\/de\\\/wp-content\\\/uploads\\\/2026\\\/03\\\/Screenshot-2026-03-16-at-1.06.01-AM.png\",\"width\":2112,\"height\":1086,\"caption\":\"PureHiveHoney\"},\"image\":{\"@id\":\"https:\\\/\\\/purehivehoney.com\\\/de\\\/#\\\/schema\\\/logo\\\/image\\\/\"}}]}<\/script>\n<!-- \/ Yoast SEO plugin. -->","yoast_head_json":{"title":"Wundermittel Manuka Honig: Alles \u00fcber den besonderen Honig aus Neuseeland - PureHiveHoney","description":"Entdecken Sie hochwertigen Rohhonig, Bio Honig, Manuka Honig und nat\u00fcrliche Bienenprodukte. PureHiveHoney hilft Ihnen dabei, sorgf\u00e4ltig ausgew\u00e4hlte Honigsorten mit nat\u00fcrlicher Qualit\u00e4t und Reinheit zu entdecken.","robots":{"index":"index","follow":"follow","max-snippet":"max-snippet:-1","max-image-preview":"max-image-preview:large","max-video-preview":"max-video-preview:-1"},"canonical":"https:\/\/purehivehoney.com\/de\/product\/wundermittel-manuka-honig-alles-ueber-den-besonderen-honig-aus-neuseeland\/","og_locale":"de_DE","og_type":"article","og_title":"Wundermittel Manuka Honig: Alles \u00fcber den besonderen Honig aus Neuseeland - PureHiveHoney","og_description":"Entdecken Sie hochwertigen Rohhonig, Bio Honig, Manuka Honig und nat\u00fcrliche Bienenprodukte. PureHiveHoney hilft Ihnen dabei, sorgf\u00e4ltig ausgew\u00e4hlte Honigsorten mit nat\u00fcrlicher Qualit\u00e4t und Reinheit zu entdecken.","og_url":"https:\/\/purehivehoney.com\/de\/product\/wundermittel-manuka-honig-alles-ueber-den-besonderen-honig-aus-neuseeland\/","og_site_name":"PureHiveHoney","article_modified_time":"2026-03-16T10:31:54+00:00","twitter_card":"summary_large_image","twitter_misc":{"Gesch\u00e4tzte Lesezeit":"2\u00a0Minuten"},"schema":{"@context":"https:\/\/schema.org","@graph":[{"@type":"WebPage","@id":"https:\/\/purehivehoney.com\/de\/product\/wundermittel-manuka-honig-alles-ueber-den-besonderen-honig-aus-neuseeland\/","url":"https:\/\/purehivehoney.com\/de\/product\/wundermittel-manuka-honig-alles-ueber-den-besonderen-honig-aus-neuseeland\/","name":"Wundermittel Manuka Honig: Alles \u00fcber den besonderen Honig aus Neuseeland - PureHiveHoney","isPartOf":{"@id":"https:\/\/purehivehoney.com\/de\/#website"},"primaryImageOfPage":{"@id":"https:\/\/purehivehoney.com\/de\/product\/wundermittel-manuka-honig-alles-ueber-den-besonderen-honig-aus-neuseeland\/#primaryimage"},"image":{"@id":"https:\/\/purehivehoney.com\/de\/product\/wundermittel-manuka-honig-alles-ueber-den-besonderen-honig-aus-neuseeland\/#primaryimage"},"thumbnailUrl":"https:\/\/purehivehoney.com\/de\/wp-content\/uploads\/2026\/03\/814Wkj4EvML._SL1500_.jpg","datePublished":"2026-03-16T10:31:52+00:00","dateModified":"2026-03-16T10:31:54+00:00","description":"Entdecken Sie hochwertigen Rohhonig, Bio Honig, Manuka Honig und nat\u00fcrliche Bienenprodukte. PureHiveHoney hilft Ihnen dabei, sorgf\u00e4ltig ausgew\u00e4hlte Honigsorten mit nat\u00fcrlicher Qualit\u00e4t und Reinheit zu entdecken.","breadcrumb":{"@id":"https:\/\/purehivehoney.com\/de\/product\/wundermittel-manuka-honig-alles-ueber-den-besonderen-honig-aus-neuseeland\/#breadcrumb"},"inLanguage":"de","potentialAction":[{"@type":"ReadAction","target":["https:\/\/purehivehoney.com\/de\/product\/wundermittel-manuka-honig-alles-ueber-den-besonderen-honig-aus-neuseeland\/"]}]},{"@type":"ImageObject","inLanguage":"de","@id":"https:\/\/purehivehoney.com\/de\/product\/wundermittel-manuka-honig-alles-ueber-den-besonderen-honig-aus-neuseeland\/#primaryimage","url":"https:\/\/purehivehoney.com\/de\/wp-content\/uploads\/2026\/03\/814Wkj4EvML._SL1500_.jpg","contentUrl":"https:\/\/purehivehoney.com\/de\/wp-content\/uploads\/2026\/03\/814Wkj4EvML._SL1500_.jpg","width":940,"height":1500},{"@type":"BreadcrumbList","@id":"https:\/\/purehivehoney.com\/de\/product\/wundermittel-manuka-honig-alles-ueber-den-besonderen-honig-aus-neuseeland\/#breadcrumb","itemListElement":[{"@type":"ListItem","position":1,"name":"Home","item":"https:\/\/purehivehoney.com\/de\/"},{"@type":"ListItem","position":2,"name":"Shop","item":"https:\/\/purehivehoney.com\/de\/shop\/"},{"@type":"ListItem","position":3,"name":"Wundermittel Manuka Honig: Alles \u00fc..."}]},{"@type":"WebSite","@id":"https:\/\/purehivehoney.com\/de\/#website","url":"https:\/\/purehivehoney.com\/de\/","name":"PureHiveHoney","description":"Reiner Honig &amp; Bienenprodukte Online | Rohhonig, Bio Honig &amp; Spezialhonig","publisher":{"@id":"https:\/\/purehivehoney.com\/de\/#organization"},"potentialAction":[{"@type":"SearchAction","target":{"@type":"EntryPoint","urlTemplate":"https:\/\/purehivehoney.com\/de\/?s={search_term_string}"},"query-input":{"@type":"PropertyValueSpecification","valueRequired":true,"valueName":"search_term_string"}}],"inLanguage":"de"},{"@type":"Organization","@id":"https:\/\/purehivehoney.com\/de\/#organization","name":"PureHiveHoney","url":"https:\/\/purehivehoney.com\/de\/","logo":{"@type":"ImageObject","inLanguage":"de","@id":"https:\/\/purehivehoney.com\/de\/#\/schema\/logo\/image\/","url":"https:\/\/purehivehoney.com\/de\/wp-content\/uploads\/2026\/03\/Screenshot-2026-03-16-at-1.06.01-AM.png","contentUrl":"https:\/\/purehivehoney.com\/de\/wp-content\/uploads\/2026\/03\/Screenshot-2026-03-16-at-1.06.01-AM.png","width":2112,"height":1086,"caption":"PureHiveHoney"},"image":{"@id":"https:\/\/purehivehoney.com\/de\/#\/schema\/logo\/image\/"}}]}},"_links":{"self":[{"href":"https:\/\/purehivehoney.com\/de\/wp-json\/wp\/v2\/product\/1399","targetHints":{"allow":["GET"]}}],"collection":[{"href":"https:\/\/purehivehoney.com\/de\/wp-json\/wp\/v2\/product"}],"about":[{"href":"https:\/\/purehivehoney.com\/de\/wp-json\/wp\/v2\/types\/product"}],"replies":[{"embeddable":true,"href":"https:\/\/purehivehoney.com\/de\/wp-json\/wp\/v2\/comments?post=1399"}],"wp:featuredmedia":[{"embeddable":true,"href":"https:\/\/purehivehoney.com\/de\/wp-json\/wp\/v2\/media\/1400"}],"wp:attachment":[{"href":"https:\/\/purehivehoney.com\/de\/wp-json\/wp\/v2\/media?parent=1399"}],"wp:term":[{"taxonomy":"store","embeddable":true,"href":"https:\/\/purehivehoney.com\/de\/wp-json\/wp\/v2\/store?post=1399"},{"taxonomy":"product_brand","embeddable":true,"href":"https:\/\/purehivehoney.com\/de\/wp-json\/wp\/v2\/product_brand?post=1399"},{"taxonomy":"product_cat","embeddable":true,"href":"https:\/\/purehivehoney.com\/de\/wp-json\/wp\/v2\/product_cat?post=1399"},{"taxonomy":"product_tag","embeddable":true,"href":"https:\/\/purehivehoney.com\/de\/wp-json\/wp\/v2\/product_tag?post=1399"}],"curies":[{"name":"wp","href":"https:\/\/api.w.org\/{rel}","templated":true}]}}