{"id":1380,"date":"2026-03-16T10:23:16","date_gmt":"2026-03-16T10:23:16","guid":{"rendered":"https:\/\/purehivehoney.com\/de\/product\/natura-answers-propolish-resin-alcohol-free-immune-support-gluten-free-made-in-the-usa-natural-bee-product-suitable-for-everyone-pure-herbal-extract-30-ml\/"},"modified":"2026-03-16T10:23:26","modified_gmt":"2026-03-16T10:23:26","slug":"natura-answers-propolish-resin-alcohol-free-immune-support-gluten-free-made-in-the-usa-natural-bee-product-suitable-for-everyone-pure-herbal-extract-30-ml","status":"publish","type":"product","link":"https:\/\/purehivehoney.com\/de\/product\/natura-answers-propolish-resin-alcohol-free-immune-support-gluten-free-made-in-the-usa-natural-bee-product-suitable-for-everyone-pure-herbal-extract-30-ml\/","title":{"rendered":"Natura Answer&#8217;s Propolish Res..."},"content":{"rendered":"<p>    <span>Our extracts are made to the highest quality standard and we check what is contained in each bottle. Before our extracts are released to you, the consumer, they undergo over 60 quality controls by our quality control team, with each extract being held to strict standards.<\/span>    <br \/> Product Dimensions                                            \u200f                                            :                                            \u200e                                            10 x 10 x 5 cm; 90 g   <br \/> Manufacturer                                            \u200f                                            :                                            \u200e                                            St Helens, Merseyside, WA9   <br \/> ASIN                                            \u200f                                            :                                            \u200e                                            B0DQ11K83V   <br \/>Our plant-based formulas stand the test of time &#8211; over four decades of proven performance. Our vertically integrated manufacturing process allows us to have complete traceability from plant to shelf.<br \/>Family owned and operated for over 4 decades<br \/>From humble beginnings in 1972 to our modern state-of-the-art facility, we have grown into one of the largest family-owned and operated manufacturers of quality nutrition products today.<\/p>\n\n","protected":false},"excerpt":{"rendered":"<p>Our extracts are made to the highest quality standard and we check what is contained in each bottle. Before our extracts are released to you, the consumer, they undergo over 60 quality controls by our quality control team, with each extract being held to strict standards. Product Dimensions \u200f : \u200e 10 x 10 x [&hellip;]<\/p>\n","protected":false},"featured_media":1381,"comment_status":"open","ping_status":"closed","template":"","meta":{"_aipt_faq_data":""},"store":[],"product_brand":[192],"product_cat":[66],"product_tag":[95],"class_list":{"0":"post-1380","1":"product","2":"type-product","3":"status-publish","4":"has-post-thumbnail","6":"product_brand-generisch","7":"product_cat-propolis","8":"product_tag-propolis-extrakt-hochdosiert","10":"first","11":"instock","12":"shipping-taxable","13":"product-type-external"},"yoast_head":"<!-- This site is optimized with the Yoast SEO plugin v27.4 - https:\/\/yoast.com\/product\/yoast-seo-wordpress\/ -->\n<title>Natura Answer&#039;s Propolish Resin, Alcohol-free, Immune Support, Gluten Free, Made in the USA, Natural Bee Product, Suitable for Everyone, Pure Herbal Extract, 30 ml - PureHiveHoney<\/title>\n<meta name=\"description\" content=\"Entdecken Sie hochwertigen Rohhonig, Bio Honig, Manuka Honig und nat\u00fcrliche Bienenprodukte. PureHiveHoney hilft Ihnen dabei, sorgf\u00e4ltig ausgew\u00e4hlte Honigsorten mit nat\u00fcrlicher Qualit\u00e4t und Reinheit zu entdecken.\" \/>\n<meta name=\"robots\" content=\"index, follow, max-snippet:-1, max-image-preview:large, max-video-preview:-1\" \/>\n<link rel=\"canonical\" href=\"https:\/\/purehivehoney.com\/de\/product\/natura-answers-propolish-resin-alcohol-free-immune-support-gluten-free-made-in-the-usa-natural-bee-product-suitable-for-everyone-pure-herbal-extract-30-ml\/\" \/>\n<meta property=\"og:locale\" content=\"de_DE\" \/>\n<meta property=\"og:type\" content=\"article\" \/>\n<meta property=\"og:title\" content=\"Natura Answer&#039;s Propolish Resin, Alcohol-free, Immune Support, Gluten Free, Made in the USA, Natural Bee Product, Suitable for Everyone, Pure Herbal Extract, 30 ml - PureHiveHoney\" \/>\n<meta property=\"og:description\" content=\"Entdecken Sie hochwertigen Rohhonig, Bio Honig, Manuka Honig und nat\u00fcrliche Bienenprodukte. PureHiveHoney hilft Ihnen dabei, sorgf\u00e4ltig ausgew\u00e4hlte Honigsorten mit nat\u00fcrlicher Qualit\u00e4t und Reinheit zu entdecken.\" \/>\n<meta property=\"og:url\" content=\"https:\/\/purehivehoney.com\/de\/product\/natura-answers-propolish-resin-alcohol-free-immune-support-gluten-free-made-in-the-usa-natural-bee-product-suitable-for-everyone-pure-herbal-extract-30-ml\/\" \/>\n<meta property=\"og:site_name\" content=\"PureHiveHoney\" \/>\n<meta property=\"article:modified_time\" content=\"2026-03-16T10:23:26+00:00\" \/>\n<meta name=\"twitter:card\" content=\"summary_large_image\" \/>\n<meta name=\"twitter:label1\" content=\"Gesch\u00e4tzte Lesezeit\" \/>\n\t<meta name=\"twitter:data1\" content=\"1\u00a0Minute\" \/>\n<script type=\"application\/ld+json\" class=\"yoast-schema-graph\">{\"@context\":\"https:\\\/\\\/schema.org\",\"@graph\":[{\"@type\":\"WebPage\",\"@id\":\"https:\\\/\\\/purehivehoney.com\\\/de\\\/product\\\/natura-answers-propolish-resin-alcohol-free-immune-support-gluten-free-made-in-the-usa-natural-bee-product-suitable-for-everyone-pure-herbal-extract-30-ml\\\/\",\"url\":\"https:\\\/\\\/purehivehoney.com\\\/de\\\/product\\\/natura-answers-propolish-resin-alcohol-free-immune-support-gluten-free-made-in-the-usa-natural-bee-product-suitable-for-everyone-pure-herbal-extract-30-ml\\\/\",\"name\":\"Natura Answer's Propolish Resin, Alcohol-free, Immune Support, Gluten Free, Made in the USA, Natural Bee Product, Suitable for Everyone, Pure Herbal Extract, 30 ml - PureHiveHoney\",\"isPartOf\":{\"@id\":\"https:\\\/\\\/purehivehoney.com\\\/de\\\/#website\"},\"primaryImageOfPage\":{\"@id\":\"https:\\\/\\\/purehivehoney.com\\\/de\\\/product\\\/natura-answers-propolish-resin-alcohol-free-immune-support-gluten-free-made-in-the-usa-natural-bee-product-suitable-for-everyone-pure-herbal-extract-30-ml\\\/#primaryimage\"},\"image\":{\"@id\":\"https:\\\/\\\/purehivehoney.com\\\/de\\\/product\\\/natura-answers-propolish-resin-alcohol-free-immune-support-gluten-free-made-in-the-usa-natural-bee-product-suitable-for-everyone-pure-herbal-extract-30-ml\\\/#primaryimage\"},\"thumbnailUrl\":\"https:\\\/\\\/purehivehoney.com\\\/de\\\/wp-content\\\/uploads\\\/2026\\\/03\\\/41lqfwrQL._AC_.jpg\",\"datePublished\":\"2026-03-16T10:23:16+00:00\",\"dateModified\":\"2026-03-16T10:23:26+00:00\",\"description\":\"Entdecken Sie hochwertigen Rohhonig, Bio Honig, Manuka Honig und nat\u00fcrliche Bienenprodukte. PureHiveHoney hilft Ihnen dabei, sorgf\u00e4ltig ausgew\u00e4hlte Honigsorten mit nat\u00fcrlicher Qualit\u00e4t und Reinheit zu entdecken.\",\"breadcrumb\":{\"@id\":\"https:\\\/\\\/purehivehoney.com\\\/de\\\/product\\\/natura-answers-propolish-resin-alcohol-free-immune-support-gluten-free-made-in-the-usa-natural-bee-product-suitable-for-everyone-pure-herbal-extract-30-ml\\\/#breadcrumb\"},\"inLanguage\":\"de\",\"potentialAction\":[{\"@type\":\"ReadAction\",\"target\":[\"https:\\\/\\\/purehivehoney.com\\\/de\\\/product\\\/natura-answers-propolish-resin-alcohol-free-immune-support-gluten-free-made-in-the-usa-natural-bee-product-suitable-for-everyone-pure-herbal-extract-30-ml\\\/\"]}]},{\"@type\":\"ImageObject\",\"inLanguage\":\"de\",\"@id\":\"https:\\\/\\\/purehivehoney.com\\\/de\\\/product\\\/natura-answers-propolish-resin-alcohol-free-immune-support-gluten-free-made-in-the-usa-natural-bee-product-suitable-for-everyone-pure-herbal-extract-30-ml\\\/#primaryimage\",\"url\":\"https:\\\/\\\/purehivehoney.com\\\/de\\\/wp-content\\\/uploads\\\/2026\\\/03\\\/41lqfwrQL._AC_.jpg\",\"contentUrl\":\"https:\\\/\\\/purehivehoney.com\\\/de\\\/wp-content\\\/uploads\\\/2026\\\/03\\\/41lqfwrQL._AC_.jpg\",\"width\":302,\"height\":858},{\"@type\":\"BreadcrumbList\",\"@id\":\"https:\\\/\\\/purehivehoney.com\\\/de\\\/product\\\/natura-answers-propolish-resin-alcohol-free-immune-support-gluten-free-made-in-the-usa-natural-bee-product-suitable-for-everyone-pure-herbal-extract-30-ml\\\/#breadcrumb\",\"itemListElement\":[{\"@type\":\"ListItem\",\"position\":1,\"name\":\"Home\",\"item\":\"https:\\\/\\\/purehivehoney.com\\\/de\\\/\"},{\"@type\":\"ListItem\",\"position\":2,\"name\":\"Shop\",\"item\":\"https:\\\/\\\/purehivehoney.com\\\/de\\\/shop\\\/\"},{\"@type\":\"ListItem\",\"position\":3,\"name\":\"Natura Answer&#8217;s Propolish Res...\"}]},{\"@type\":\"WebSite\",\"@id\":\"https:\\\/\\\/purehivehoney.com\\\/de\\\/#website\",\"url\":\"https:\\\/\\\/purehivehoney.com\\\/de\\\/\",\"name\":\"PureHiveHoney\",\"description\":\"Reiner Honig &amp; Bienenprodukte Online | Rohhonig, Bio Honig &amp; Spezialhonig\",\"publisher\":{\"@id\":\"https:\\\/\\\/purehivehoney.com\\\/de\\\/#organization\"},\"potentialAction\":[{\"@type\":\"SearchAction\",\"target\":{\"@type\":\"EntryPoint\",\"urlTemplate\":\"https:\\\/\\\/purehivehoney.com\\\/de\\\/?s={search_term_string}\"},\"query-input\":{\"@type\":\"PropertyValueSpecification\",\"valueRequired\":true,\"valueName\":\"search_term_string\"}}],\"inLanguage\":\"de\"},{\"@type\":\"Organization\",\"@id\":\"https:\\\/\\\/purehivehoney.com\\\/de\\\/#organization\",\"name\":\"PureHiveHoney\",\"url\":\"https:\\\/\\\/purehivehoney.com\\\/de\\\/\",\"logo\":{\"@type\":\"ImageObject\",\"inLanguage\":\"de\",\"@id\":\"https:\\\/\\\/purehivehoney.com\\\/de\\\/#\\\/schema\\\/logo\\\/image\\\/\",\"url\":\"https:\\\/\\\/purehivehoney.com\\\/de\\\/wp-content\\\/uploads\\\/2026\\\/03\\\/Screenshot-2026-03-16-at-1.06.01-AM.png\",\"contentUrl\":\"https:\\\/\\\/purehivehoney.com\\\/de\\\/wp-content\\\/uploads\\\/2026\\\/03\\\/Screenshot-2026-03-16-at-1.06.01-AM.png\",\"width\":2112,\"height\":1086,\"caption\":\"PureHiveHoney\"},\"image\":{\"@id\":\"https:\\\/\\\/purehivehoney.com\\\/de\\\/#\\\/schema\\\/logo\\\/image\\\/\"}}]}<\/script>\n<!-- \/ Yoast SEO plugin. -->","yoast_head_json":{"title":"Natura Answer's Propolish Resin, Alcohol-free, Immune Support, Gluten Free, Made in the USA, Natural Bee Product, Suitable for Everyone, Pure Herbal Extract, 30 ml - PureHiveHoney","description":"Entdecken Sie hochwertigen Rohhonig, Bio Honig, Manuka Honig und nat\u00fcrliche Bienenprodukte. PureHiveHoney hilft Ihnen dabei, sorgf\u00e4ltig ausgew\u00e4hlte Honigsorten mit nat\u00fcrlicher Qualit\u00e4t und Reinheit zu entdecken.","robots":{"index":"index","follow":"follow","max-snippet":"max-snippet:-1","max-image-preview":"max-image-preview:large","max-video-preview":"max-video-preview:-1"},"canonical":"https:\/\/purehivehoney.com\/de\/product\/natura-answers-propolish-resin-alcohol-free-immune-support-gluten-free-made-in-the-usa-natural-bee-product-suitable-for-everyone-pure-herbal-extract-30-ml\/","og_locale":"de_DE","og_type":"article","og_title":"Natura Answer's Propolish Resin, Alcohol-free, Immune Support, Gluten Free, Made in the USA, Natural Bee Product, Suitable for Everyone, Pure Herbal Extract, 30 ml - PureHiveHoney","og_description":"Entdecken Sie hochwertigen Rohhonig, Bio Honig, Manuka Honig und nat\u00fcrliche Bienenprodukte. PureHiveHoney hilft Ihnen dabei, sorgf\u00e4ltig ausgew\u00e4hlte Honigsorten mit nat\u00fcrlicher Qualit\u00e4t und Reinheit zu entdecken.","og_url":"https:\/\/purehivehoney.com\/de\/product\/natura-answers-propolish-resin-alcohol-free-immune-support-gluten-free-made-in-the-usa-natural-bee-product-suitable-for-everyone-pure-herbal-extract-30-ml\/","og_site_name":"PureHiveHoney","article_modified_time":"2026-03-16T10:23:26+00:00","twitter_card":"summary_large_image","twitter_misc":{"Gesch\u00e4tzte Lesezeit":"1\u00a0Minute"},"schema":{"@context":"https:\/\/schema.org","@graph":[{"@type":"WebPage","@id":"https:\/\/purehivehoney.com\/de\/product\/natura-answers-propolish-resin-alcohol-free-immune-support-gluten-free-made-in-the-usa-natural-bee-product-suitable-for-everyone-pure-herbal-extract-30-ml\/","url":"https:\/\/purehivehoney.com\/de\/product\/natura-answers-propolish-resin-alcohol-free-immune-support-gluten-free-made-in-the-usa-natural-bee-product-suitable-for-everyone-pure-herbal-extract-30-ml\/","name":"Natura Answer's Propolish Resin, Alcohol-free, Immune Support, Gluten Free, Made in the USA, Natural Bee Product, Suitable for Everyone, Pure Herbal Extract, 30 ml - PureHiveHoney","isPartOf":{"@id":"https:\/\/purehivehoney.com\/de\/#website"},"primaryImageOfPage":{"@id":"https:\/\/purehivehoney.com\/de\/product\/natura-answers-propolish-resin-alcohol-free-immune-support-gluten-free-made-in-the-usa-natural-bee-product-suitable-for-everyone-pure-herbal-extract-30-ml\/#primaryimage"},"image":{"@id":"https:\/\/purehivehoney.com\/de\/product\/natura-answers-propolish-resin-alcohol-free-immune-support-gluten-free-made-in-the-usa-natural-bee-product-suitable-for-everyone-pure-herbal-extract-30-ml\/#primaryimage"},"thumbnailUrl":"https:\/\/purehivehoney.com\/de\/wp-content\/uploads\/2026\/03\/41lqfwrQL._AC_.jpg","datePublished":"2026-03-16T10:23:16+00:00","dateModified":"2026-03-16T10:23:26+00:00","description":"Entdecken Sie hochwertigen Rohhonig, Bio Honig, Manuka Honig und nat\u00fcrliche Bienenprodukte. PureHiveHoney hilft Ihnen dabei, sorgf\u00e4ltig ausgew\u00e4hlte Honigsorten mit nat\u00fcrlicher Qualit\u00e4t und Reinheit zu entdecken.","breadcrumb":{"@id":"https:\/\/purehivehoney.com\/de\/product\/natura-answers-propolish-resin-alcohol-free-immune-support-gluten-free-made-in-the-usa-natural-bee-product-suitable-for-everyone-pure-herbal-extract-30-ml\/#breadcrumb"},"inLanguage":"de","potentialAction":[{"@type":"ReadAction","target":["https:\/\/purehivehoney.com\/de\/product\/natura-answers-propolish-resin-alcohol-free-immune-support-gluten-free-made-in-the-usa-natural-bee-product-suitable-for-everyone-pure-herbal-extract-30-ml\/"]}]},{"@type":"ImageObject","inLanguage":"de","@id":"https:\/\/purehivehoney.com\/de\/product\/natura-answers-propolish-resin-alcohol-free-immune-support-gluten-free-made-in-the-usa-natural-bee-product-suitable-for-everyone-pure-herbal-extract-30-ml\/#primaryimage","url":"https:\/\/purehivehoney.com\/de\/wp-content\/uploads\/2026\/03\/41lqfwrQL._AC_.jpg","contentUrl":"https:\/\/purehivehoney.com\/de\/wp-content\/uploads\/2026\/03\/41lqfwrQL._AC_.jpg","width":302,"height":858},{"@type":"BreadcrumbList","@id":"https:\/\/purehivehoney.com\/de\/product\/natura-answers-propolish-resin-alcohol-free-immune-support-gluten-free-made-in-the-usa-natural-bee-product-suitable-for-everyone-pure-herbal-extract-30-ml\/#breadcrumb","itemListElement":[{"@type":"ListItem","position":1,"name":"Home","item":"https:\/\/purehivehoney.com\/de\/"},{"@type":"ListItem","position":2,"name":"Shop","item":"https:\/\/purehivehoney.com\/de\/shop\/"},{"@type":"ListItem","position":3,"name":"Natura Answer&#8217;s Propolish Res..."}]},{"@type":"WebSite","@id":"https:\/\/purehivehoney.com\/de\/#website","url":"https:\/\/purehivehoney.com\/de\/","name":"PureHiveHoney","description":"Reiner Honig &amp; Bienenprodukte Online | Rohhonig, Bio Honig &amp; Spezialhonig","publisher":{"@id":"https:\/\/purehivehoney.com\/de\/#organization"},"potentialAction":[{"@type":"SearchAction","target":{"@type":"EntryPoint","urlTemplate":"https:\/\/purehivehoney.com\/de\/?s={search_term_string}"},"query-input":{"@type":"PropertyValueSpecification","valueRequired":true,"valueName":"search_term_string"}}],"inLanguage":"de"},{"@type":"Organization","@id":"https:\/\/purehivehoney.com\/de\/#organization","name":"PureHiveHoney","url":"https:\/\/purehivehoney.com\/de\/","logo":{"@type":"ImageObject","inLanguage":"de","@id":"https:\/\/purehivehoney.com\/de\/#\/schema\/logo\/image\/","url":"https:\/\/purehivehoney.com\/de\/wp-content\/uploads\/2026\/03\/Screenshot-2026-03-16-at-1.06.01-AM.png","contentUrl":"https:\/\/purehivehoney.com\/de\/wp-content\/uploads\/2026\/03\/Screenshot-2026-03-16-at-1.06.01-AM.png","width":2112,"height":1086,"caption":"PureHiveHoney"},"image":{"@id":"https:\/\/purehivehoney.com\/de\/#\/schema\/logo\/image\/"}}]}},"_links":{"self":[{"href":"https:\/\/purehivehoney.com\/de\/wp-json\/wp\/v2\/product\/1380","targetHints":{"allow":["GET"]}}],"collection":[{"href":"https:\/\/purehivehoney.com\/de\/wp-json\/wp\/v2\/product"}],"about":[{"href":"https:\/\/purehivehoney.com\/de\/wp-json\/wp\/v2\/types\/product"}],"replies":[{"embeddable":true,"href":"https:\/\/purehivehoney.com\/de\/wp-json\/wp\/v2\/comments?post=1380"}],"wp:featuredmedia":[{"embeddable":true,"href":"https:\/\/purehivehoney.com\/de\/wp-json\/wp\/v2\/media\/1381"}],"wp:attachment":[{"href":"https:\/\/purehivehoney.com\/de\/wp-json\/wp\/v2\/media?parent=1380"}],"wp:term":[{"taxonomy":"store","embeddable":true,"href":"https:\/\/purehivehoney.com\/de\/wp-json\/wp\/v2\/store?post=1380"},{"taxonomy":"product_brand","embeddable":true,"href":"https:\/\/purehivehoney.com\/de\/wp-json\/wp\/v2\/product_brand?post=1380"},{"taxonomy":"product_cat","embeddable":true,"href":"https:\/\/purehivehoney.com\/de\/wp-json\/wp\/v2\/product_cat?post=1380"},{"taxonomy":"product_tag","embeddable":true,"href":"https:\/\/purehivehoney.com\/de\/wp-json\/wp\/v2\/product_tag?post=1380"}],"curies":[{"name":"wp","href":"https:\/\/api.w.org\/{rel}","templated":true}]}}