{"id":1358,"date":"2026-03-16T10:15:57","date_gmt":"2026-03-16T10:15:57","guid":{"rendered":"https:\/\/purehivehoney.com\/de\/product\/fackelmann-beechwood-honey-dipper-brown\/"},"modified":"2026-03-16T10:16:07","modified_gmt":"2026-03-16T10:16:07","slug":"fackelmann-beechwood-honey-dipper-brown","status":"publish","type":"product","link":"https:\/\/purehivehoney.com\/de\/product\/fackelmann-beechwood-honey-dipper-brown\/","title":{"rendered":"Fackelmann Beechwood Honey Dipper, ..."},"content":{"rendered":"<p>                                             From the manufacturer   <\/p>\n<p>                                                  <img decoding=\"async\" alt=\"Holzl\u00f6ffel\" src=\"https:\/\/images-na.ssl-images-amazon.com\/images\/G\/01\/x-locale\/common\/grey-pixel.gif\" class=\"a-lazy-loaded\" data-src=\"https:\/\/m.media-amazon.com\/images\/S\/aplus-media\/vc\/850e9e93-a0bc-40ba-a889-3f5c8a82e2dd.__CR0,0,970,300_PT0_SX970_V1___.jpg\"><img decoding=\"async\" alt=\"Holzl\u00f6ffel\" src=\"https:\/\/m.media-amazon.com\/images\/S\/aplus-media\/vc\/850e9e93-a0bc-40ba-a889-3f5c8a82e2dd.__CR0,0,970,300_PT0_SX970_V1___.jpg\">  <\/p>\n<p>                                                      <img decoding=\"async\" alt=\"Schneidebrett aus Holz\" src=\"https:\/\/images-na.ssl-images-amazon.com\/images\/G\/01\/x-locale\/common\/grey-pixel.gif\" class=\"a-spacing-mini a-lazy-loaded\" data-src=\"https:\/\/m.media-amazon.com\/images\/S\/aplus-media\/vc\/c931b71c-3d20-44c3-a9cc-51c1b5c50158.__CR0,0,300,400_PT0_SX300_V1___.jpg\"><img decoding=\"async\" alt=\"Schneidebrett aus Holz\" src=\"https:\/\/m.media-amazon.com\/images\/S\/aplus-media\/vc\/c931b71c-3d20-44c3-a9cc-51c1b5c50158.__CR0,0,300,400_PT0_SX300_V1___.jpg\">  <\/p>\n<p>                                                              <img decoding=\"async\" alt=\"Zubeh\u00f6r aus Holz\" src=\"https:\/\/images-na.ssl-images-amazon.com\/images\/G\/01\/x-locale\/common\/grey-pixel.gif\" class=\"a-spacing-mini a-lazy-loaded\" data-src=\"https:\/\/m.media-amazon.com\/images\/S\/aplus-media\/vc\/0ce5df7e-8dd0-4cb0-8ae3-75616f7734d6.__CR0,0,350,175_PT0_SX350_V1___.jpg\"><img decoding=\"async\" alt=\"Zubeh\u00f6r aus Holz\" src=\"https:\/\/m.media-amazon.com\/images\/S\/aplus-media\/vc\/0ce5df7e-8dd0-4cb0-8ae3-75616f7734d6.__CR0,0,350,175_PT0_SX350_V1___.jpg\">                                          Zubeh\u00f6r Kochl\u00f6ffel und Schneidebretter aus Holz                                 <\/p>\n<p class=\"a-spacing-small a-size-small a-color-secondary\"> FACKELMANN <\/p>\n<p class=\"a-spacing-small a-size-small a-color-secondary\"> Qualit\u00e4t und Zuverl\u00e4ssigkeit seit \u00fcber 100 Jahren <\/p>\n<h3 class=\"a-spacing-mini\"> Zubeh\u00f6r Kochl\u00f6ffel und Schneidebretter aus Holz <\/h3>\n<p>                                          Zubeh\u00f6r f\u00fcr Ihre K\u00fcche, Schneidebretter und Sch\u00f6pfkelle aus Buchenholz, Bambus und Olivenholz.                                     <\/p>\n<p class=\"a-spacing-base\"> Alle unsere Holzbretter und -bretter sind aus hochwertigem Holz gefertigt. <\/p>\n<p class=\"a-spacing-base\"> F\u00fcr maximalen Komfort und Bequemlichkeit mit der Nat\u00fcrlichkeit und den Eigenschaften des Holzes. <\/p>\n<p class=\"a-spacing-base\"> Von Oliven- und Buchenholz-Sortiment, bis hin zu Bambus-Holz. <\/p>\n<p>                         Add To Basket  <\/p>\n<p>                         Add To Basket  <\/p>\n<p>                             Customer Reviews  <\/p>\n<p>                    4.4 out of 5 stars  197  <\/p>\n<p>                    3.7 out of 5 stars  103  <\/p>\n<p>                    4.6 out of 5 stars  596  <\/p>\n<p>                    4.5 out of 5 stars  2,732  <\/p>\n<p>                \u2014            <\/p>\n<p>                             Price  <\/p>\n<p>                                            \u2014 no data<\/p>\n<p>                                            \u2014 no data<br \/>\n                                                       USD\u00a05.10USD5.10                  USD\u00a06.54USD6.54<br \/>\n                                            \u2014 no data<\/p>\n<p>For those sweet moments<br \/>High-quality material<br \/>robustness<\/p>\n\n","protected":false},"excerpt":{"rendered":"<p>From the manufacturer Zubeh\u00f6r Kochl\u00f6ffel und Schneidebretter aus Holz FACKELMANN Qualit\u00e4t und Zuverl\u00e4ssigkeit seit \u00fcber 100 Jahren Zubeh\u00f6r Kochl\u00f6ffel und Schneidebretter aus Holz Zubeh\u00f6r f\u00fcr Ihre K\u00fcche, Schneidebretter und Sch\u00f6pfkelle aus Buchenholz, Bambus und Olivenholz. Alle unsere Holzbretter und -bretter sind aus hochwertigem Holz gefertigt. F\u00fcr maximalen Komfort und Bequemlichkeit mit der Nat\u00fcrlichkeit und den [&hellip;]<\/p>\n","protected":false},"featured_media":1359,"comment_status":"open","ping_status":"closed","template":"","meta":{"_aipt_faq_data":""},"store":[],"product_brand":[187],"product_cat":[73],"product_tag":[86],"class_list":{"0":"post-1358","1":"product","2":"type-product","3":"status-publish","4":"has-post-thumbnail","6":"product_brand-fackelmann","7":"product_cat-honigloffel","8":"product_tag-honigloeffel-aus-holz","10":"first","11":"instock","12":"shipping-taxable","13":"product-type-external"},"yoast_head":"<!-- This site is optimized with the Yoast SEO plugin v27.4 - https:\/\/yoast.com\/product\/yoast-seo-wordpress\/ -->\n<title>Fackelmann Beechwood Honey Dipper, Brown - PureHiveHoney<\/title>\n<meta name=\"description\" content=\"Entdecken Sie hochwertigen Rohhonig, Bio Honig, Manuka Honig und nat\u00fcrliche Bienenprodukte. PureHiveHoney hilft Ihnen dabei, sorgf\u00e4ltig ausgew\u00e4hlte Honigsorten mit nat\u00fcrlicher Qualit\u00e4t und Reinheit zu entdecken.\" \/>\n<meta name=\"robots\" content=\"index, follow, max-snippet:-1, max-image-preview:large, max-video-preview:-1\" \/>\n<link rel=\"canonical\" href=\"https:\/\/purehivehoney.com\/de\/product\/fackelmann-beechwood-honey-dipper-brown\/\" \/>\n<meta property=\"og:locale\" content=\"de_DE\" \/>\n<meta property=\"og:type\" content=\"article\" \/>\n<meta property=\"og:title\" content=\"Fackelmann Beechwood Honey Dipper, Brown - PureHiveHoney\" \/>\n<meta property=\"og:description\" content=\"Entdecken Sie hochwertigen Rohhonig, Bio Honig, Manuka Honig und nat\u00fcrliche Bienenprodukte. PureHiveHoney hilft Ihnen dabei, sorgf\u00e4ltig ausgew\u00e4hlte Honigsorten mit nat\u00fcrlicher Qualit\u00e4t und Reinheit zu entdecken.\" \/>\n<meta property=\"og:url\" content=\"https:\/\/purehivehoney.com\/de\/product\/fackelmann-beechwood-honey-dipper-brown\/\" \/>\n<meta property=\"og:site_name\" content=\"PureHiveHoney\" \/>\n<meta property=\"article:modified_time\" content=\"2026-03-16T10:16:07+00:00\" \/>\n<meta property=\"og:image\" content=\"https:\/\/images-na.ssl-images-amazon.com\/images\/G\/01\/x-locale\/common\/grey-pixel.gif\" \/>\n<meta name=\"twitter:card\" content=\"summary_large_image\" \/>\n<meta name=\"twitter:label1\" content=\"Gesch\u00e4tzte Lesezeit\" \/>\n\t<meta name=\"twitter:data1\" content=\"1\u00a0Minute\" \/>\n<script type=\"application\/ld+json\" class=\"yoast-schema-graph\">{\"@context\":\"https:\\\/\\\/schema.org\",\"@graph\":[{\"@type\":\"WebPage\",\"@id\":\"https:\\\/\\\/purehivehoney.com\\\/de\\\/product\\\/fackelmann-beechwood-honey-dipper-brown\\\/\",\"url\":\"https:\\\/\\\/purehivehoney.com\\\/de\\\/product\\\/fackelmann-beechwood-honey-dipper-brown\\\/\",\"name\":\"Fackelmann Beechwood Honey Dipper, Brown - PureHiveHoney\",\"isPartOf\":{\"@id\":\"https:\\\/\\\/purehivehoney.com\\\/de\\\/#website\"},\"primaryImageOfPage\":{\"@id\":\"https:\\\/\\\/purehivehoney.com\\\/de\\\/product\\\/fackelmann-beechwood-honey-dipper-brown\\\/#primaryimage\"},\"image\":{\"@id\":\"https:\\\/\\\/purehivehoney.com\\\/de\\\/product\\\/fackelmann-beechwood-honey-dipper-brown\\\/#primaryimage\"},\"thumbnailUrl\":\"https:\\\/\\\/purehivehoney.com\\\/de\\\/wp-content\\\/uploads\\\/2026\\\/03\\\/41uCOuxJzrL._AC_SL1200_.jpg\",\"datePublished\":\"2026-03-16T10:15:57+00:00\",\"dateModified\":\"2026-03-16T10:16:07+00:00\",\"description\":\"Entdecken Sie hochwertigen Rohhonig, Bio Honig, Manuka Honig und nat\u00fcrliche Bienenprodukte. PureHiveHoney hilft Ihnen dabei, sorgf\u00e4ltig ausgew\u00e4hlte Honigsorten mit nat\u00fcrlicher Qualit\u00e4t und Reinheit zu entdecken.\",\"breadcrumb\":{\"@id\":\"https:\\\/\\\/purehivehoney.com\\\/de\\\/product\\\/fackelmann-beechwood-honey-dipper-brown\\\/#breadcrumb\"},\"inLanguage\":\"de\",\"potentialAction\":[{\"@type\":\"ReadAction\",\"target\":[\"https:\\\/\\\/purehivehoney.com\\\/de\\\/product\\\/fackelmann-beechwood-honey-dipper-brown\\\/\"]}]},{\"@type\":\"ImageObject\",\"inLanguage\":\"de\",\"@id\":\"https:\\\/\\\/purehivehoney.com\\\/de\\\/product\\\/fackelmann-beechwood-honey-dipper-brown\\\/#primaryimage\",\"url\":\"https:\\\/\\\/purehivehoney.com\\\/de\\\/wp-content\\\/uploads\\\/2026\\\/03\\\/41uCOuxJzrL._AC_SL1200_.jpg\",\"contentUrl\":\"https:\\\/\\\/purehivehoney.com\\\/de\\\/wp-content\\\/uploads\\\/2026\\\/03\\\/41uCOuxJzrL._AC_SL1200_.jpg\",\"width\":948,\"height\":965},{\"@type\":\"BreadcrumbList\",\"@id\":\"https:\\\/\\\/purehivehoney.com\\\/de\\\/product\\\/fackelmann-beechwood-honey-dipper-brown\\\/#breadcrumb\",\"itemListElement\":[{\"@type\":\"ListItem\",\"position\":1,\"name\":\"Home\",\"item\":\"https:\\\/\\\/purehivehoney.com\\\/de\\\/\"},{\"@type\":\"ListItem\",\"position\":2,\"name\":\"Shop\",\"item\":\"https:\\\/\\\/purehivehoney.com\\\/de\\\/shop\\\/\"},{\"@type\":\"ListItem\",\"position\":3,\"name\":\"Fackelmann Beechwood Honey Dipper, ...\"}]},{\"@type\":\"WebSite\",\"@id\":\"https:\\\/\\\/purehivehoney.com\\\/de\\\/#website\",\"url\":\"https:\\\/\\\/purehivehoney.com\\\/de\\\/\",\"name\":\"PureHiveHoney\",\"description\":\"Reiner Honig &amp; Bienenprodukte Online | Rohhonig, Bio Honig &amp; Spezialhonig\",\"publisher\":{\"@id\":\"https:\\\/\\\/purehivehoney.com\\\/de\\\/#organization\"},\"potentialAction\":[{\"@type\":\"SearchAction\",\"target\":{\"@type\":\"EntryPoint\",\"urlTemplate\":\"https:\\\/\\\/purehivehoney.com\\\/de\\\/?s={search_term_string}\"},\"query-input\":{\"@type\":\"PropertyValueSpecification\",\"valueRequired\":true,\"valueName\":\"search_term_string\"}}],\"inLanguage\":\"de\"},{\"@type\":\"Organization\",\"@id\":\"https:\\\/\\\/purehivehoney.com\\\/de\\\/#organization\",\"name\":\"PureHiveHoney\",\"url\":\"https:\\\/\\\/purehivehoney.com\\\/de\\\/\",\"logo\":{\"@type\":\"ImageObject\",\"inLanguage\":\"de\",\"@id\":\"https:\\\/\\\/purehivehoney.com\\\/de\\\/#\\\/schema\\\/logo\\\/image\\\/\",\"url\":\"https:\\\/\\\/purehivehoney.com\\\/de\\\/wp-content\\\/uploads\\\/2026\\\/03\\\/Screenshot-2026-03-16-at-1.06.01-AM.png\",\"contentUrl\":\"https:\\\/\\\/purehivehoney.com\\\/de\\\/wp-content\\\/uploads\\\/2026\\\/03\\\/Screenshot-2026-03-16-at-1.06.01-AM.png\",\"width\":2112,\"height\":1086,\"caption\":\"PureHiveHoney\"},\"image\":{\"@id\":\"https:\\\/\\\/purehivehoney.com\\\/de\\\/#\\\/schema\\\/logo\\\/image\\\/\"}}]}<\/script>\n<!-- \/ Yoast SEO plugin. -->","yoast_head_json":{"title":"Fackelmann Beechwood Honey Dipper, Brown - PureHiveHoney","description":"Entdecken Sie hochwertigen Rohhonig, Bio Honig, Manuka Honig und nat\u00fcrliche Bienenprodukte. PureHiveHoney hilft Ihnen dabei, sorgf\u00e4ltig ausgew\u00e4hlte Honigsorten mit nat\u00fcrlicher Qualit\u00e4t und Reinheit zu entdecken.","robots":{"index":"index","follow":"follow","max-snippet":"max-snippet:-1","max-image-preview":"max-image-preview:large","max-video-preview":"max-video-preview:-1"},"canonical":"https:\/\/purehivehoney.com\/de\/product\/fackelmann-beechwood-honey-dipper-brown\/","og_locale":"de_DE","og_type":"article","og_title":"Fackelmann Beechwood Honey Dipper, Brown - PureHiveHoney","og_description":"Entdecken Sie hochwertigen Rohhonig, Bio Honig, Manuka Honig und nat\u00fcrliche Bienenprodukte. PureHiveHoney hilft Ihnen dabei, sorgf\u00e4ltig ausgew\u00e4hlte Honigsorten mit nat\u00fcrlicher Qualit\u00e4t und Reinheit zu entdecken.","og_url":"https:\/\/purehivehoney.com\/de\/product\/fackelmann-beechwood-honey-dipper-brown\/","og_site_name":"PureHiveHoney","article_modified_time":"2026-03-16T10:16:07+00:00","og_image":[{"url":"https:\/\/images-na.ssl-images-amazon.com\/images\/G\/01\/x-locale\/common\/grey-pixel.gif","type":"","width":"","height":""}],"twitter_card":"summary_large_image","twitter_misc":{"Gesch\u00e4tzte Lesezeit":"1\u00a0Minute"},"schema":{"@context":"https:\/\/schema.org","@graph":[{"@type":"WebPage","@id":"https:\/\/purehivehoney.com\/de\/product\/fackelmann-beechwood-honey-dipper-brown\/","url":"https:\/\/purehivehoney.com\/de\/product\/fackelmann-beechwood-honey-dipper-brown\/","name":"Fackelmann Beechwood Honey Dipper, Brown - PureHiveHoney","isPartOf":{"@id":"https:\/\/purehivehoney.com\/de\/#website"},"primaryImageOfPage":{"@id":"https:\/\/purehivehoney.com\/de\/product\/fackelmann-beechwood-honey-dipper-brown\/#primaryimage"},"image":{"@id":"https:\/\/purehivehoney.com\/de\/product\/fackelmann-beechwood-honey-dipper-brown\/#primaryimage"},"thumbnailUrl":"https:\/\/purehivehoney.com\/de\/wp-content\/uploads\/2026\/03\/41uCOuxJzrL._AC_SL1200_.jpg","datePublished":"2026-03-16T10:15:57+00:00","dateModified":"2026-03-16T10:16:07+00:00","description":"Entdecken Sie hochwertigen Rohhonig, Bio Honig, Manuka Honig und nat\u00fcrliche Bienenprodukte. PureHiveHoney hilft Ihnen dabei, sorgf\u00e4ltig ausgew\u00e4hlte Honigsorten mit nat\u00fcrlicher Qualit\u00e4t und Reinheit zu entdecken.","breadcrumb":{"@id":"https:\/\/purehivehoney.com\/de\/product\/fackelmann-beechwood-honey-dipper-brown\/#breadcrumb"},"inLanguage":"de","potentialAction":[{"@type":"ReadAction","target":["https:\/\/purehivehoney.com\/de\/product\/fackelmann-beechwood-honey-dipper-brown\/"]}]},{"@type":"ImageObject","inLanguage":"de","@id":"https:\/\/purehivehoney.com\/de\/product\/fackelmann-beechwood-honey-dipper-brown\/#primaryimage","url":"https:\/\/purehivehoney.com\/de\/wp-content\/uploads\/2026\/03\/41uCOuxJzrL._AC_SL1200_.jpg","contentUrl":"https:\/\/purehivehoney.com\/de\/wp-content\/uploads\/2026\/03\/41uCOuxJzrL._AC_SL1200_.jpg","width":948,"height":965},{"@type":"BreadcrumbList","@id":"https:\/\/purehivehoney.com\/de\/product\/fackelmann-beechwood-honey-dipper-brown\/#breadcrumb","itemListElement":[{"@type":"ListItem","position":1,"name":"Home","item":"https:\/\/purehivehoney.com\/de\/"},{"@type":"ListItem","position":2,"name":"Shop","item":"https:\/\/purehivehoney.com\/de\/shop\/"},{"@type":"ListItem","position":3,"name":"Fackelmann Beechwood Honey Dipper, ..."}]},{"@type":"WebSite","@id":"https:\/\/purehivehoney.com\/de\/#website","url":"https:\/\/purehivehoney.com\/de\/","name":"PureHiveHoney","description":"Reiner Honig &amp; Bienenprodukte Online | Rohhonig, Bio Honig &amp; Spezialhonig","publisher":{"@id":"https:\/\/purehivehoney.com\/de\/#organization"},"potentialAction":[{"@type":"SearchAction","target":{"@type":"EntryPoint","urlTemplate":"https:\/\/purehivehoney.com\/de\/?s={search_term_string}"},"query-input":{"@type":"PropertyValueSpecification","valueRequired":true,"valueName":"search_term_string"}}],"inLanguage":"de"},{"@type":"Organization","@id":"https:\/\/purehivehoney.com\/de\/#organization","name":"PureHiveHoney","url":"https:\/\/purehivehoney.com\/de\/","logo":{"@type":"ImageObject","inLanguage":"de","@id":"https:\/\/purehivehoney.com\/de\/#\/schema\/logo\/image\/","url":"https:\/\/purehivehoney.com\/de\/wp-content\/uploads\/2026\/03\/Screenshot-2026-03-16-at-1.06.01-AM.png","contentUrl":"https:\/\/purehivehoney.com\/de\/wp-content\/uploads\/2026\/03\/Screenshot-2026-03-16-at-1.06.01-AM.png","width":2112,"height":1086,"caption":"PureHiveHoney"},"image":{"@id":"https:\/\/purehivehoney.com\/de\/#\/schema\/logo\/image\/"}}]}},"_links":{"self":[{"href":"https:\/\/purehivehoney.com\/de\/wp-json\/wp\/v2\/product\/1358","targetHints":{"allow":["GET"]}}],"collection":[{"href":"https:\/\/purehivehoney.com\/de\/wp-json\/wp\/v2\/product"}],"about":[{"href":"https:\/\/purehivehoney.com\/de\/wp-json\/wp\/v2\/types\/product"}],"replies":[{"embeddable":true,"href":"https:\/\/purehivehoney.com\/de\/wp-json\/wp\/v2\/comments?post=1358"}],"wp:featuredmedia":[{"embeddable":true,"href":"https:\/\/purehivehoney.com\/de\/wp-json\/wp\/v2\/media\/1359"}],"wp:attachment":[{"href":"https:\/\/purehivehoney.com\/de\/wp-json\/wp\/v2\/media?parent=1358"}],"wp:term":[{"taxonomy":"store","embeddable":true,"href":"https:\/\/purehivehoney.com\/de\/wp-json\/wp\/v2\/store?post=1358"},{"taxonomy":"product_brand","embeddable":true,"href":"https:\/\/purehivehoney.com\/de\/wp-json\/wp\/v2\/product_brand?post=1358"},{"taxonomy":"product_cat","embeddable":true,"href":"https:\/\/purehivehoney.com\/de\/wp-json\/wp\/v2\/product_cat?post=1358"},{"taxonomy":"product_tag","embeddable":true,"href":"https:\/\/purehivehoney.com\/de\/wp-json\/wp\/v2\/product_tag?post=1358"}],"curies":[{"name":"wp","href":"https:\/\/api.w.org\/{rel}","templated":true}]}}