{"id":1349,"date":"2026-03-16T10:13:59","date_gmt":"2026-03-16T10:13:59","guid":{"rendered":"https:\/\/purehivehoney.com\/de\/product\/hasense-ceramic-honey-jar-with-lid-12oz-honey-pot-with-wooden-spoon-porcelain-honey-spoon-and-glass-set-honey-container-for-home-and-kitchen-dishwasher-safe-black\/"},"modified":"2026-03-16T10:14:15","modified_gmt":"2026-03-16T10:14:15","slug":"hasense-ceramic-honey-jar-with-lid-12oz-honey-pot-with-wooden-spoon-porcelain-honey-spoon-and-glass-set-honey-container-for-home-and-kitchen-dishwasher-safe-black","status":"publish","type":"product","link":"https:\/\/purehivehoney.com\/de\/product\/hasense-ceramic-honey-jar-with-lid-12oz-honey-pot-with-wooden-spoon-porcelain-honey-spoon-and-glass-set-honey-container-for-home-and-kitchen-dishwasher-safe-black\/","title":{"rendered":"Hasense Ceramic Honey Jar with Lid,..."},"content":{"rendered":"<p>    <span>utensil holder for countertop<\/span>    <br \/>ACCESS KITCHEN UTENSILS WITH EASE No need to search through messy drawers &#8211; our cooking utensil holder keeps your most used kitchen utensils within reach with just one hand movement. It is also dishwasher safe and easy to clean.<br \/>LARGE CERAMIC DESIGN Our tabletop utensil holder measures 18 x 15 cm (H x W) and can easily store larger kitchen utensils such as spatulas, spoons, tongs, peelers, knives, mixers, can openers and more. It helps to keep everything organized and easily accessible.<br \/>Versatile: the blue worktop design gives your kitchen a unique retro style. It can also be used as a wine cooler, makeup brush holder, flower vase, flower pot or simply as a kitchen decoration.<br \/>GREAT GIFT IDEA You are looking for an unforgettable multifunctional gift. This interesting and unique kitchen stand is the perfect Christmas gift for anyone who appreciates a stylish retro country look.<br \/>International products have separate terms, are sold from abroad and may differ from local products, including fit, age ratings, and language of product, labeling or instructions.<\/p>\n\n","protected":false},"excerpt":{"rendered":"<p>utensil holder for countertop ACCESS KITCHEN UTENSILS WITH EASE No need to search through messy drawers &#8211; our cooking utensil holder keeps your most used kitchen utensils within reach with just one hand movement. It is also dishwasher safe and easy to clean.LARGE CERAMIC DESIGN Our tabletop utensil holder measures 18 x 15 cm (H [&hellip;]<\/p>\n","protected":false},"featured_media":1350,"comment_status":"open","ping_status":"closed","template":"","meta":{"_aipt_faq_data":""},"store":[],"product_brand":[267],"product_cat":[74],"product_tag":[84],"class_list":{"0":"post-1349","1":"product","2":"type-product","3":"status-publish","4":"has-post-thumbnail","6":"product_brand-hasense","7":"product_cat-honigglaser","8":"product_tag-honigglaeser-mit-deckel","10":"first","11":"instock","12":"shipping-taxable","13":"product-type-external"},"yoast_head":"<!-- This site is optimized with the Yoast SEO plugin v27.4 - https:\/\/yoast.com\/product\/yoast-seo-wordpress\/ -->\n<title>Hasense Ceramic Honey Jar with Lid, 12oz Honey Pot with Wooden Spoon, Porcelain Honey Spoon and Glass Set, Honey Container for Home and Kitchen, Dishwasher Safe (Black) - PureHiveHoney<\/title>\n<meta name=\"description\" content=\"Entdecken Sie hochwertigen Rohhonig, Bio Honig, Manuka Honig und nat\u00fcrliche Bienenprodukte. PureHiveHoney hilft Ihnen dabei, sorgf\u00e4ltig ausgew\u00e4hlte Honigsorten mit nat\u00fcrlicher Qualit\u00e4t und Reinheit zu entdecken.\" \/>\n<meta name=\"robots\" content=\"index, follow, max-snippet:-1, max-image-preview:large, max-video-preview:-1\" \/>\n<link rel=\"canonical\" href=\"https:\/\/purehivehoney.com\/de\/product\/hasense-ceramic-honey-jar-with-lid-12oz-honey-pot-with-wooden-spoon-porcelain-honey-spoon-and-glass-set-honey-container-for-home-and-kitchen-dishwasher-safe-black\/\" \/>\n<meta property=\"og:locale\" content=\"de_DE\" \/>\n<meta property=\"og:type\" content=\"article\" \/>\n<meta property=\"og:title\" content=\"Hasense Ceramic Honey Jar with Lid, 12oz Honey Pot with Wooden Spoon, Porcelain Honey Spoon and Glass Set, Honey Container for Home and Kitchen, Dishwasher Safe (Black) - PureHiveHoney\" \/>\n<meta property=\"og:description\" content=\"Entdecken Sie hochwertigen Rohhonig, Bio Honig, Manuka Honig und nat\u00fcrliche Bienenprodukte. PureHiveHoney hilft Ihnen dabei, sorgf\u00e4ltig ausgew\u00e4hlte Honigsorten mit nat\u00fcrlicher Qualit\u00e4t und Reinheit zu entdecken.\" \/>\n<meta property=\"og:url\" content=\"https:\/\/purehivehoney.com\/de\/product\/hasense-ceramic-honey-jar-with-lid-12oz-honey-pot-with-wooden-spoon-porcelain-honey-spoon-and-glass-set-honey-container-for-home-and-kitchen-dishwasher-safe-black\/\" \/>\n<meta property=\"og:site_name\" content=\"PureHiveHoney\" \/>\n<meta property=\"article:modified_time\" content=\"2026-03-16T10:14:15+00:00\" \/>\n<meta name=\"twitter:card\" content=\"summary_large_image\" \/>\n<meta name=\"twitter:label1\" content=\"Gesch\u00e4tzte Lesezeit\" \/>\n\t<meta name=\"twitter:data1\" content=\"1\u00a0Minute\" \/>\n<script type=\"application\/ld+json\" class=\"yoast-schema-graph\">{\"@context\":\"https:\\\/\\\/schema.org\",\"@graph\":[{\"@type\":\"WebPage\",\"@id\":\"https:\\\/\\\/purehivehoney.com\\\/de\\\/product\\\/hasense-ceramic-honey-jar-with-lid-12oz-honey-pot-with-wooden-spoon-porcelain-honey-spoon-and-glass-set-honey-container-for-home-and-kitchen-dishwasher-safe-black\\\/\",\"url\":\"https:\\\/\\\/purehivehoney.com\\\/de\\\/product\\\/hasense-ceramic-honey-jar-with-lid-12oz-honey-pot-with-wooden-spoon-porcelain-honey-spoon-and-glass-set-honey-container-for-home-and-kitchen-dishwasher-safe-black\\\/\",\"name\":\"Hasense Ceramic Honey Jar with Lid, 12oz Honey Pot with Wooden Spoon, Porcelain Honey Spoon and Glass Set, Honey Container for Home and Kitchen, Dishwasher Safe (Black) - PureHiveHoney\",\"isPartOf\":{\"@id\":\"https:\\\/\\\/purehivehoney.com\\\/de\\\/#website\"},\"primaryImageOfPage\":{\"@id\":\"https:\\\/\\\/purehivehoney.com\\\/de\\\/product\\\/hasense-ceramic-honey-jar-with-lid-12oz-honey-pot-with-wooden-spoon-porcelain-honey-spoon-and-glass-set-honey-container-for-home-and-kitchen-dishwasher-safe-black\\\/#primaryimage\"},\"image\":{\"@id\":\"https:\\\/\\\/purehivehoney.com\\\/de\\\/product\\\/hasense-ceramic-honey-jar-with-lid-12oz-honey-pot-with-wooden-spoon-porcelain-honey-spoon-and-glass-set-honey-container-for-home-and-kitchen-dishwasher-safe-black\\\/#primaryimage\"},\"thumbnailUrl\":\"https:\\\/\\\/purehivehoney.com\\\/de\\\/wp-content\\\/uploads\\\/2026\\\/03\\\/71KFdcUabRL._AC_SL1500_.jpg\",\"datePublished\":\"2026-03-16T10:13:59+00:00\",\"dateModified\":\"2026-03-16T10:14:15+00:00\",\"description\":\"Entdecken Sie hochwertigen Rohhonig, Bio Honig, Manuka Honig und nat\u00fcrliche Bienenprodukte. PureHiveHoney hilft Ihnen dabei, sorgf\u00e4ltig ausgew\u00e4hlte Honigsorten mit nat\u00fcrlicher Qualit\u00e4t und Reinheit zu entdecken.\",\"breadcrumb\":{\"@id\":\"https:\\\/\\\/purehivehoney.com\\\/de\\\/product\\\/hasense-ceramic-honey-jar-with-lid-12oz-honey-pot-with-wooden-spoon-porcelain-honey-spoon-and-glass-set-honey-container-for-home-and-kitchen-dishwasher-safe-black\\\/#breadcrumb\"},\"inLanguage\":\"de\",\"potentialAction\":[{\"@type\":\"ReadAction\",\"target\":[\"https:\\\/\\\/purehivehoney.com\\\/de\\\/product\\\/hasense-ceramic-honey-jar-with-lid-12oz-honey-pot-with-wooden-spoon-porcelain-honey-spoon-and-glass-set-honey-container-for-home-and-kitchen-dishwasher-safe-black\\\/\"]}]},{\"@type\":\"ImageObject\",\"inLanguage\":\"de\",\"@id\":\"https:\\\/\\\/purehivehoney.com\\\/de\\\/product\\\/hasense-ceramic-honey-jar-with-lid-12oz-honey-pot-with-wooden-spoon-porcelain-honey-spoon-and-glass-set-honey-container-for-home-and-kitchen-dishwasher-safe-black\\\/#primaryimage\",\"url\":\"https:\\\/\\\/purehivehoney.com\\\/de\\\/wp-content\\\/uploads\\\/2026\\\/03\\\/71KFdcUabRL._AC_SL1500_.jpg\",\"contentUrl\":\"https:\\\/\\\/purehivehoney.com\\\/de\\\/wp-content\\\/uploads\\\/2026\\\/03\\\/71KFdcUabRL._AC_SL1500_.jpg\",\"width\":914,\"height\":1500},{\"@type\":\"BreadcrumbList\",\"@id\":\"https:\\\/\\\/purehivehoney.com\\\/de\\\/product\\\/hasense-ceramic-honey-jar-with-lid-12oz-honey-pot-with-wooden-spoon-porcelain-honey-spoon-and-glass-set-honey-container-for-home-and-kitchen-dishwasher-safe-black\\\/#breadcrumb\",\"itemListElement\":[{\"@type\":\"ListItem\",\"position\":1,\"name\":\"Home\",\"item\":\"https:\\\/\\\/purehivehoney.com\\\/de\\\/\"},{\"@type\":\"ListItem\",\"position\":2,\"name\":\"Shop\",\"item\":\"https:\\\/\\\/purehivehoney.com\\\/de\\\/shop\\\/\"},{\"@type\":\"ListItem\",\"position\":3,\"name\":\"Hasense Ceramic Honey Jar with Lid,...\"}]},{\"@type\":\"WebSite\",\"@id\":\"https:\\\/\\\/purehivehoney.com\\\/de\\\/#website\",\"url\":\"https:\\\/\\\/purehivehoney.com\\\/de\\\/\",\"name\":\"PureHiveHoney\",\"description\":\"Reiner Honig &amp; Bienenprodukte Online | Rohhonig, Bio Honig &amp; Spezialhonig\",\"publisher\":{\"@id\":\"https:\\\/\\\/purehivehoney.com\\\/de\\\/#organization\"},\"potentialAction\":[{\"@type\":\"SearchAction\",\"target\":{\"@type\":\"EntryPoint\",\"urlTemplate\":\"https:\\\/\\\/purehivehoney.com\\\/de\\\/?s={search_term_string}\"},\"query-input\":{\"@type\":\"PropertyValueSpecification\",\"valueRequired\":true,\"valueName\":\"search_term_string\"}}],\"inLanguage\":\"de\"},{\"@type\":\"Organization\",\"@id\":\"https:\\\/\\\/purehivehoney.com\\\/de\\\/#organization\",\"name\":\"PureHiveHoney\",\"url\":\"https:\\\/\\\/purehivehoney.com\\\/de\\\/\",\"logo\":{\"@type\":\"ImageObject\",\"inLanguage\":\"de\",\"@id\":\"https:\\\/\\\/purehivehoney.com\\\/de\\\/#\\\/schema\\\/logo\\\/image\\\/\",\"url\":\"https:\\\/\\\/purehivehoney.com\\\/de\\\/wp-content\\\/uploads\\\/2026\\\/03\\\/Screenshot-2026-03-16-at-1.06.01-AM.png\",\"contentUrl\":\"https:\\\/\\\/purehivehoney.com\\\/de\\\/wp-content\\\/uploads\\\/2026\\\/03\\\/Screenshot-2026-03-16-at-1.06.01-AM.png\",\"width\":2112,\"height\":1086,\"caption\":\"PureHiveHoney\"},\"image\":{\"@id\":\"https:\\\/\\\/purehivehoney.com\\\/de\\\/#\\\/schema\\\/logo\\\/image\\\/\"}}]}<\/script>\n<!-- \/ Yoast SEO plugin. -->","yoast_head_json":{"title":"Hasense Ceramic Honey Jar with Lid, 12oz Honey Pot with Wooden Spoon, Porcelain Honey Spoon and Glass Set, Honey Container for Home and Kitchen, Dishwasher Safe (Black) - PureHiveHoney","description":"Entdecken Sie hochwertigen Rohhonig, Bio Honig, Manuka Honig und nat\u00fcrliche Bienenprodukte. PureHiveHoney hilft Ihnen dabei, sorgf\u00e4ltig ausgew\u00e4hlte Honigsorten mit nat\u00fcrlicher Qualit\u00e4t und Reinheit zu entdecken.","robots":{"index":"index","follow":"follow","max-snippet":"max-snippet:-1","max-image-preview":"max-image-preview:large","max-video-preview":"max-video-preview:-1"},"canonical":"https:\/\/purehivehoney.com\/de\/product\/hasense-ceramic-honey-jar-with-lid-12oz-honey-pot-with-wooden-spoon-porcelain-honey-spoon-and-glass-set-honey-container-for-home-and-kitchen-dishwasher-safe-black\/","og_locale":"de_DE","og_type":"article","og_title":"Hasense Ceramic Honey Jar with Lid, 12oz Honey Pot with Wooden Spoon, Porcelain Honey Spoon and Glass Set, Honey Container for Home and Kitchen, Dishwasher Safe (Black) - PureHiveHoney","og_description":"Entdecken Sie hochwertigen Rohhonig, Bio Honig, Manuka Honig und nat\u00fcrliche Bienenprodukte. PureHiveHoney hilft Ihnen dabei, sorgf\u00e4ltig ausgew\u00e4hlte Honigsorten mit nat\u00fcrlicher Qualit\u00e4t und Reinheit zu entdecken.","og_url":"https:\/\/purehivehoney.com\/de\/product\/hasense-ceramic-honey-jar-with-lid-12oz-honey-pot-with-wooden-spoon-porcelain-honey-spoon-and-glass-set-honey-container-for-home-and-kitchen-dishwasher-safe-black\/","og_site_name":"PureHiveHoney","article_modified_time":"2026-03-16T10:14:15+00:00","twitter_card":"summary_large_image","twitter_misc":{"Gesch\u00e4tzte Lesezeit":"1\u00a0Minute"},"schema":{"@context":"https:\/\/schema.org","@graph":[{"@type":"WebPage","@id":"https:\/\/purehivehoney.com\/de\/product\/hasense-ceramic-honey-jar-with-lid-12oz-honey-pot-with-wooden-spoon-porcelain-honey-spoon-and-glass-set-honey-container-for-home-and-kitchen-dishwasher-safe-black\/","url":"https:\/\/purehivehoney.com\/de\/product\/hasense-ceramic-honey-jar-with-lid-12oz-honey-pot-with-wooden-spoon-porcelain-honey-spoon-and-glass-set-honey-container-for-home-and-kitchen-dishwasher-safe-black\/","name":"Hasense Ceramic Honey Jar with Lid, 12oz Honey Pot with Wooden Spoon, Porcelain Honey Spoon and Glass Set, Honey Container for Home and Kitchen, Dishwasher Safe (Black) - PureHiveHoney","isPartOf":{"@id":"https:\/\/purehivehoney.com\/de\/#website"},"primaryImageOfPage":{"@id":"https:\/\/purehivehoney.com\/de\/product\/hasense-ceramic-honey-jar-with-lid-12oz-honey-pot-with-wooden-spoon-porcelain-honey-spoon-and-glass-set-honey-container-for-home-and-kitchen-dishwasher-safe-black\/#primaryimage"},"image":{"@id":"https:\/\/purehivehoney.com\/de\/product\/hasense-ceramic-honey-jar-with-lid-12oz-honey-pot-with-wooden-spoon-porcelain-honey-spoon-and-glass-set-honey-container-for-home-and-kitchen-dishwasher-safe-black\/#primaryimage"},"thumbnailUrl":"https:\/\/purehivehoney.com\/de\/wp-content\/uploads\/2026\/03\/71KFdcUabRL._AC_SL1500_.jpg","datePublished":"2026-03-16T10:13:59+00:00","dateModified":"2026-03-16T10:14:15+00:00","description":"Entdecken Sie hochwertigen Rohhonig, Bio Honig, Manuka Honig und nat\u00fcrliche Bienenprodukte. PureHiveHoney hilft Ihnen dabei, sorgf\u00e4ltig ausgew\u00e4hlte Honigsorten mit nat\u00fcrlicher Qualit\u00e4t und Reinheit zu entdecken.","breadcrumb":{"@id":"https:\/\/purehivehoney.com\/de\/product\/hasense-ceramic-honey-jar-with-lid-12oz-honey-pot-with-wooden-spoon-porcelain-honey-spoon-and-glass-set-honey-container-for-home-and-kitchen-dishwasher-safe-black\/#breadcrumb"},"inLanguage":"de","potentialAction":[{"@type":"ReadAction","target":["https:\/\/purehivehoney.com\/de\/product\/hasense-ceramic-honey-jar-with-lid-12oz-honey-pot-with-wooden-spoon-porcelain-honey-spoon-and-glass-set-honey-container-for-home-and-kitchen-dishwasher-safe-black\/"]}]},{"@type":"ImageObject","inLanguage":"de","@id":"https:\/\/purehivehoney.com\/de\/product\/hasense-ceramic-honey-jar-with-lid-12oz-honey-pot-with-wooden-spoon-porcelain-honey-spoon-and-glass-set-honey-container-for-home-and-kitchen-dishwasher-safe-black\/#primaryimage","url":"https:\/\/purehivehoney.com\/de\/wp-content\/uploads\/2026\/03\/71KFdcUabRL._AC_SL1500_.jpg","contentUrl":"https:\/\/purehivehoney.com\/de\/wp-content\/uploads\/2026\/03\/71KFdcUabRL._AC_SL1500_.jpg","width":914,"height":1500},{"@type":"BreadcrumbList","@id":"https:\/\/purehivehoney.com\/de\/product\/hasense-ceramic-honey-jar-with-lid-12oz-honey-pot-with-wooden-spoon-porcelain-honey-spoon-and-glass-set-honey-container-for-home-and-kitchen-dishwasher-safe-black\/#breadcrumb","itemListElement":[{"@type":"ListItem","position":1,"name":"Home","item":"https:\/\/purehivehoney.com\/de\/"},{"@type":"ListItem","position":2,"name":"Shop","item":"https:\/\/purehivehoney.com\/de\/shop\/"},{"@type":"ListItem","position":3,"name":"Hasense Ceramic Honey Jar with Lid,..."}]},{"@type":"WebSite","@id":"https:\/\/purehivehoney.com\/de\/#website","url":"https:\/\/purehivehoney.com\/de\/","name":"PureHiveHoney","description":"Reiner Honig &amp; Bienenprodukte Online | Rohhonig, Bio Honig &amp; Spezialhonig","publisher":{"@id":"https:\/\/purehivehoney.com\/de\/#organization"},"potentialAction":[{"@type":"SearchAction","target":{"@type":"EntryPoint","urlTemplate":"https:\/\/purehivehoney.com\/de\/?s={search_term_string}"},"query-input":{"@type":"PropertyValueSpecification","valueRequired":true,"valueName":"search_term_string"}}],"inLanguage":"de"},{"@type":"Organization","@id":"https:\/\/purehivehoney.com\/de\/#organization","name":"PureHiveHoney","url":"https:\/\/purehivehoney.com\/de\/","logo":{"@type":"ImageObject","inLanguage":"de","@id":"https:\/\/purehivehoney.com\/de\/#\/schema\/logo\/image\/","url":"https:\/\/purehivehoney.com\/de\/wp-content\/uploads\/2026\/03\/Screenshot-2026-03-16-at-1.06.01-AM.png","contentUrl":"https:\/\/purehivehoney.com\/de\/wp-content\/uploads\/2026\/03\/Screenshot-2026-03-16-at-1.06.01-AM.png","width":2112,"height":1086,"caption":"PureHiveHoney"},"image":{"@id":"https:\/\/purehivehoney.com\/de\/#\/schema\/logo\/image\/"}}]}},"_links":{"self":[{"href":"https:\/\/purehivehoney.com\/de\/wp-json\/wp\/v2\/product\/1349","targetHints":{"allow":["GET"]}}],"collection":[{"href":"https:\/\/purehivehoney.com\/de\/wp-json\/wp\/v2\/product"}],"about":[{"href":"https:\/\/purehivehoney.com\/de\/wp-json\/wp\/v2\/types\/product"}],"replies":[{"embeddable":true,"href":"https:\/\/purehivehoney.com\/de\/wp-json\/wp\/v2\/comments?post=1349"}],"wp:featuredmedia":[{"embeddable":true,"href":"https:\/\/purehivehoney.com\/de\/wp-json\/wp\/v2\/media\/1350"}],"wp:attachment":[{"href":"https:\/\/purehivehoney.com\/de\/wp-json\/wp\/v2\/media?parent=1349"}],"wp:term":[{"taxonomy":"store","embeddable":true,"href":"https:\/\/purehivehoney.com\/de\/wp-json\/wp\/v2\/store?post=1349"},{"taxonomy":"product_brand","embeddable":true,"href":"https:\/\/purehivehoney.com\/de\/wp-json\/wp\/v2\/product_brand?post=1349"},{"taxonomy":"product_cat","embeddable":true,"href":"https:\/\/purehivehoney.com\/de\/wp-json\/wp\/v2\/product_cat?post=1349"},{"taxonomy":"product_tag","embeddable":true,"href":"https:\/\/purehivehoney.com\/de\/wp-json\/wp\/v2\/product_tag?post=1349"}],"curies":[{"name":"wp","href":"https:\/\/api.w.org\/{rel}","templated":true}]}}