{"id":1330,"date":"2026-03-16T10:04:59","date_gmt":"2026-03-16T10:04:59","guid":{"rendered":"https:\/\/purehivehoney.com\/de\/product\/eczema-cream-for-face-and-body-soothing-moisturiser-itching-rosacea-psoriasis-rash-dry-skin-wrinkles-manuka-honey-aloe-vera-coconut-oil\/"},"modified":"2026-03-16T10:05:16","modified_gmt":"2026-03-16T10:05:16","slug":"eczema-cream-for-face-and-body-soothing-moisturiser-itching-rosacea-psoriasis-rash-dry-skin-wrinkles-manuka-honey-aloe-vera-coconut-oil","status":"publish","type":"product","link":"https:\/\/purehivehoney.com\/de\/product\/eczema-cream-for-face-and-body-soothing-moisturiser-itching-rosacea-psoriasis-rash-dry-skin-wrinkles-manuka-honey-aloe-vera-coconut-oil\/","title":{"rendered":"Eczema Cream for Face and Body Soot..."},"content":{"rendered":"<p>                                             Product Description   <\/p>\n<p>                                                         <img decoding=\"async\" alt=\"DD.\" src=\"https:\/\/images-na.ssl-images-amazon.com\/images\/G\/01\/x-locale\/common\/grey-pixel.gif\" class=\"a-lazy-loaded\" data-src=\"https:\/\/m.media-amazon.com\/images\/S\/aplus-media\/sc\/2ab43c4c-d548-4d0a-aa88-a1af7270b47f.__CR0,5,970,291_PT0_SX600_V1___.jpg\"><img decoding=\"async\" alt=\"DD.\" src=\"https:\/\/m.media-amazon.com\/images\/S\/aplus-media\/sc\/2ab43c4c-d548-4d0a-aa88-a1af7270b47f.__CR0,5,970,291_PT0_SX600_V1___.jpg\">      <\/p>\n<p> Our Story Honeyskin Organics is a product brand that provides an organic solution for your skin and hair needs. We have searched the world for the most effective natural ingredients for skin care, hair care and cell renewal. Instead of reinventing the wheel, we have turned to nature. <\/p>\n<p> It was quite an adventure. The beauty of it is: The more people in the world discover our products, the more we recognise how special they are. For us, it is a dream come true to help so many customers with a product line that uses natural and organic ingredients. We are very proud of the products we develop and look forward to sharing them with you. <\/p>\n<p>                                                  <img decoding=\"async\" alt=\"DD.\" src=\"https:\/\/images-na.ssl-images-amazon.com\/images\/G\/01\/x-locale\/common\/grey-pixel.gif\" class=\"a-lazy-loaded\" data-src=\"https:\/\/m.media-amazon.com\/images\/S\/aplus-media\/sc\/2754c5e4-443d-4863-b41b-3b150487c750.__CR0,7,300,300_PT0_SX300_V1___.jpg\"><img decoding=\"async\" alt=\"DD.\" src=\"https:\/\/m.media-amazon.com\/images\/S\/aplus-media\/sc\/2754c5e4-443d-4863-b41b-3b150487c750.__CR0,7,300,300_PT0_SX300_V1___.jpg\">  <\/p>\n<h3 class=\"a-spacing-mini\"> Finally a natural solution that really works! <\/h3>\n<p> Organic multi-purpose cream is a complete solution for every skin condition. <\/p>\n<p> &#8211; Get soothing results quickly from dryness, redness and itching. <\/p>\n<p> &#8211; Soothe and heal your skin while nourishing it at the same time with SUPERFOODS. <\/p>\n<p> Amazing for eyes, face and body. <\/p>\n<p> &#8211; Non-allergenic, effective for tightening, tightening and reducing wrinkles and scars. <\/p>\n<p> &#8211; It is odourless and non-greasy. <\/p>\n<p> &#8211; Perfect for a baby&#8217;s delicate skin. <\/p>\n<p> &#8211; Very gentle yet effective against skin conditions such as rosacea, eczema, psoriasis, seborrheic dermatitis, acne, belt rose and more. <\/p>\n<p> &#8211; pH value at 5.5 to accurately match your skin. <\/p>\n<p> &#8211; Works with the skin without straining it. <\/p>\n<p> 1 bees naturally produce our wonderful Manuka honey, and we respect all species, which is why all our products are 100% vegan and cruelty-free. <\/p>\n<p> 2 Of the over 300 honey varieties Manuka is considered the strongest and most healthy one due to its higher methylglyoxal (MG) concentration. <\/p>\n<p> 3 Our natural and organic ingredients make it easier to select a product. There are no mysterious compounds, only the building blocks that nature supplies. <\/p>\n<p>                                                  <img decoding=\"async\" alt=\"DD.\" src=\"https:\/\/images-na.ssl-images-amazon.com\/images\/G\/01\/x-locale\/common\/grey-pixel.gif\" class=\"a-lazy-loaded\" data-src=\"https:\/\/m.media-amazon.com\/images\/S\/aplus-media\/sc\/ce1db05d-c132-4239-ad0f-0bf52df0fde7.__CR0,7,300,300_PT0_SX300_V1___.jpg\"><img decoding=\"async\" alt=\"DD.\" src=\"https:\/\/m.media-amazon.com\/images\/S\/aplus-media\/sc\/ce1db05d-c132-4239-ad0f-0bf52df0fde7.__CR0,7,300,300_PT0_SX300_V1___.jpg\">  <\/p>\n<h3 class=\"a-spacing-mini\"> Would you like to answer any of the following questions? <\/h3>\n<p> &#8211; Acne &#8211; acne scars &#8211; cracked skin &#8211; damaging skin &#8211; dermatitis <\/p>\n<p> &#8211; Dry skin &#8211; eczema &#8211; fine lines &#8211; itchy skin &#8211; oily skin &#8211; psoriasis <\/p>\n<p> &#8211; Rosacea &#8211; sensitive skin &#8211; belt rose &#8211; stretch marks &#8211; sun spots <\/p>\n<p> &#8211; Uneven skin tones &#8211; wrinkles <\/p>\n<p> Or do you just want to care for the beautiful, healthy skin you already have? <\/p>\n<p>                                                                             <img decoding=\"async\" alt=\"f\" src=\"https:\/\/images-na.ssl-images-amazon.com\/images\/G\/01\/x-locale\/common\/grey-pixel.gif\" class=\"a-spacing-base a-lazy-loaded\" data-src=\"https:\/\/m.media-amazon.com\/images\/S\/aplus-media\/sc\/ada04481-9273-4a37-b6cb-7d470989e010.__CR0,0,970,600_PT0_SX970_V1___.jpg\"><img decoding=\"async\" alt=\"f\" src=\"https:\/\/m.media-amazon.com\/images\/S\/aplus-media\/sc\/ada04481-9273-4a37-b6cb-7d470989e010.__CR0,0,970,600_PT0_SX970_V1___.jpg\">                                                                    <\/p>\n<p> Is Discontinued By Manufacturer                                            \u200f                                            :                                            \u200e                                            No   <br \/> Product Dimensions                                            \u200f                                            :                                            \u200e                                            9.53 x 6.99 x 6.35 cm; 227 g   <br \/> Manufacturer                                            \u200f                                            :                                            \u200e                                            Honeyskin Organics   <br \/> ASIN                                            \u200f                                            :                                            \u200e                                            B00QH52RAS   <br \/>  Customer reviews:                                                                                            4.4               4.4 out of 5 stars                                  (2,638)                                              var dpAcrHasRegisteredArcLinkClickAction;                    P.when(&#8218;A&#8216;, &#8218;ready&#8216;).execute(function(A) {                        if (dpAcrHasRegisteredArcLinkClickAction !== true) {                            dpAcrHasRegisteredArcLinkClickAction = true;                            A.declarative(                                &#8218;acrLink-click-metrics&#8216;, &#8218;click&#8216;,                                { &#8222;allowLinkDefault&#8220;: true },                                function (event) {                                    if (window.ue) {                                        ue.count(&#8222;acrLinkClickCount&#8220;, (ue.count(&#8222;acrLinkClickCount&#8220;) || 0) + 1);                                    }                                }                            );                        }                    });                                             P.when(&#8218;A&#8216;, &#8218;cf&#8216;).execute(function(A) {                A.declarative(&#8218;acrStarsLink-click-metrics&#8216;, &#8218;click&#8216;, { &#8222;allowLinkDefault&#8220; : true },  function(event){                    if(window.ue) {                        ue.count(&#8222;acrStarsLinkWithPopoverClickCount&#8220;, (ue.count(&#8222;acrStarsLinkWithPopoverClickCount&#8220;) || 0) + 1);                    }                });            });                          <br \/>Superior Natural Organic and Nutrient-Rich \u2013 Our creams use Manuka honey for the healing, botanical ingredients such as Cehami and frangipani against pain and inflammation, as well as Methylsulfonylmethane (MSM), aloe vera, shea butter, coconut oil and blue-green algae to soothe the skin and rejuvenate at the cellular level \u2013 give your skin what it needs.<br \/>Non-greasy, rapidly absorbed, effective treatment of eczema, psoriasis, Rosacea, shingles, redness and itching. The cream penetrates completely into the deepest layers of skin.<br \/>Beautiful skin is healthy skin \u2013 our cream contains all the vitamins, minerals, trace elements and amino acids, that your skin needs to repair itself. Hydrate and rebuild of the skin, pH balances for face and eyes.<br \/>No cheap fillers \u2013 Free from water, mineral oil, petroleum and parabens \u2013 Odour-free \u2013 No hard chemicals \u2013 Not tested on animals \u2013 Hypoallergenic \u2013 Most lotions are 60% of water and a chemical cocktail, which dries out your skin. Our main ingredient is Aloe Vera Barbadensis, which is our base and a friend for your skin and transports the other ingredients to the deepest layers of the skin. Our cream helps and provides your skin with what it needs.<br \/>You have the best cream in the world wide. Family business with thousands of satisfied customers. With 30 years of experience in the field of organic skin care, we know how to treat the skin, we will take care of it and help you to achieve perfect results.<\/p>\n\n","protected":false},"excerpt":{"rendered":"<p>Product Description Our Story Honeyskin Organics is a product brand that provides an organic solution for your skin and hair needs. We have searched the world for the most effective natural ingredients for skin care, hair care and cell renewal. Instead of reinventing the wheel, we have turned to nature. It was quite an adventure. [&hellip;]<\/p>\n","protected":false},"featured_media":1331,"comment_status":"open","ping_status":"closed","template":"","meta":{"_aipt_faq_data":""},"store":[],"product_brand":[265],"product_cat":[45],"product_tag":[235],"class_list":{"0":"post-1330","1":"product","2":"type-product","3":"status-publish","4":"has-post-thumbnail","6":"product_brand-honeyskin","7":"product_cat-manuka-honig","8":"product_tag-manuka-honig-mit-zertifikat","10":"first","11":"instock","12":"shipping-taxable","13":"product-type-external"},"yoast_head":"<!-- This site is optimized with the Yoast SEO plugin v27.4 - https:\/\/yoast.com\/product\/yoast-seo-wordpress\/ -->\n<title>Eczema Cream for Face and Body Soothing Moisturiser, Itching, Rosacea, Psoriasis, Rash, Dry Skin, Wrinkles, Manuka Honey, Aloe Vera, Coconut Oil - PureHiveHoney<\/title>\n<meta name=\"description\" content=\"Entdecken Sie hochwertigen Rohhonig, Bio Honig, Manuka Honig und nat\u00fcrliche Bienenprodukte. PureHiveHoney hilft Ihnen dabei, sorgf\u00e4ltig ausgew\u00e4hlte Honigsorten mit nat\u00fcrlicher Qualit\u00e4t und Reinheit zu entdecken.\" \/>\n<meta name=\"robots\" content=\"index, follow, max-snippet:-1, max-image-preview:large, max-video-preview:-1\" \/>\n<link rel=\"canonical\" href=\"https:\/\/purehivehoney.com\/de\/product\/eczema-cream-for-face-and-body-soothing-moisturiser-itching-rosacea-psoriasis-rash-dry-skin-wrinkles-manuka-honey-aloe-vera-coconut-oil\/\" \/>\n<meta property=\"og:locale\" content=\"de_DE\" \/>\n<meta property=\"og:type\" content=\"article\" \/>\n<meta property=\"og:title\" content=\"Eczema Cream for Face and Body Soothing Moisturiser, Itching, Rosacea, Psoriasis, Rash, Dry Skin, Wrinkles, Manuka Honey, Aloe Vera, Coconut Oil - PureHiveHoney\" \/>\n<meta property=\"og:description\" content=\"Entdecken Sie hochwertigen Rohhonig, Bio Honig, Manuka Honig und nat\u00fcrliche Bienenprodukte. PureHiveHoney hilft Ihnen dabei, sorgf\u00e4ltig ausgew\u00e4hlte Honigsorten mit nat\u00fcrlicher Qualit\u00e4t und Reinheit zu entdecken.\" \/>\n<meta property=\"og:url\" content=\"https:\/\/purehivehoney.com\/de\/product\/eczema-cream-for-face-and-body-soothing-moisturiser-itching-rosacea-psoriasis-rash-dry-skin-wrinkles-manuka-honey-aloe-vera-coconut-oil\/\" \/>\n<meta property=\"og:site_name\" content=\"PureHiveHoney\" \/>\n<meta property=\"article:modified_time\" content=\"2026-03-16T10:05:16+00:00\" \/>\n<meta property=\"og:image\" content=\"https:\/\/images-na.ssl-images-amazon.com\/images\/G\/01\/x-locale\/common\/grey-pixel.gif\" \/>\n<meta name=\"twitter:card\" content=\"summary_large_image\" \/>\n<meta name=\"twitter:label1\" content=\"Gesch\u00e4tzte Lesezeit\" \/>\n\t<meta name=\"twitter:data1\" content=\"3\u00a0Minuten\" \/>\n<script type=\"application\/ld+json\" class=\"yoast-schema-graph\">{\"@context\":\"https:\\\/\\\/schema.org\",\"@graph\":[{\"@type\":\"WebPage\",\"@id\":\"https:\\\/\\\/purehivehoney.com\\\/de\\\/product\\\/eczema-cream-for-face-and-body-soothing-moisturiser-itching-rosacea-psoriasis-rash-dry-skin-wrinkles-manuka-honey-aloe-vera-coconut-oil\\\/\",\"url\":\"https:\\\/\\\/purehivehoney.com\\\/de\\\/product\\\/eczema-cream-for-face-and-body-soothing-moisturiser-itching-rosacea-psoriasis-rash-dry-skin-wrinkles-manuka-honey-aloe-vera-coconut-oil\\\/\",\"name\":\"Eczema Cream for Face and Body Soothing Moisturiser, Itching, Rosacea, Psoriasis, Rash, Dry Skin, Wrinkles, Manuka Honey, Aloe Vera, Coconut Oil - PureHiveHoney\",\"isPartOf\":{\"@id\":\"https:\\\/\\\/purehivehoney.com\\\/de\\\/#website\"},\"primaryImageOfPage\":{\"@id\":\"https:\\\/\\\/purehivehoney.com\\\/de\\\/product\\\/eczema-cream-for-face-and-body-soothing-moisturiser-itching-rosacea-psoriasis-rash-dry-skin-wrinkles-manuka-honey-aloe-vera-coconut-oil\\\/#primaryimage\"},\"image\":{\"@id\":\"https:\\\/\\\/purehivehoney.com\\\/de\\\/product\\\/eczema-cream-for-face-and-body-soothing-moisturiser-itching-rosacea-psoriasis-rash-dry-skin-wrinkles-manuka-honey-aloe-vera-coconut-oil\\\/#primaryimage\"},\"thumbnailUrl\":\"https:\\\/\\\/purehivehoney.com\\\/de\\\/wp-content\\\/uploads\\\/2026\\\/03\\\/81lbpX9BL._SL1500_.jpg\",\"datePublished\":\"2026-03-16T10:04:59+00:00\",\"dateModified\":\"2026-03-16T10:05:16+00:00\",\"description\":\"Entdecken Sie hochwertigen Rohhonig, Bio Honig, Manuka Honig und nat\u00fcrliche Bienenprodukte. PureHiveHoney hilft Ihnen dabei, sorgf\u00e4ltig ausgew\u00e4hlte Honigsorten mit nat\u00fcrlicher Qualit\u00e4t und Reinheit zu entdecken.\",\"breadcrumb\":{\"@id\":\"https:\\\/\\\/purehivehoney.com\\\/de\\\/product\\\/eczema-cream-for-face-and-body-soothing-moisturiser-itching-rosacea-psoriasis-rash-dry-skin-wrinkles-manuka-honey-aloe-vera-coconut-oil\\\/#breadcrumb\"},\"inLanguage\":\"de\",\"potentialAction\":[{\"@type\":\"ReadAction\",\"target\":[\"https:\\\/\\\/purehivehoney.com\\\/de\\\/product\\\/eczema-cream-for-face-and-body-soothing-moisturiser-itching-rosacea-psoriasis-rash-dry-skin-wrinkles-manuka-honey-aloe-vera-coconut-oil\\\/\"]}]},{\"@type\":\"ImageObject\",\"inLanguage\":\"de\",\"@id\":\"https:\\\/\\\/purehivehoney.com\\\/de\\\/product\\\/eczema-cream-for-face-and-body-soothing-moisturiser-itching-rosacea-psoriasis-rash-dry-skin-wrinkles-manuka-honey-aloe-vera-coconut-oil\\\/#primaryimage\",\"url\":\"https:\\\/\\\/purehivehoney.com\\\/de\\\/wp-content\\\/uploads\\\/2026\\\/03\\\/81lbpX9BL._SL1500_.jpg\",\"contentUrl\":\"https:\\\/\\\/purehivehoney.com\\\/de\\\/wp-content\\\/uploads\\\/2026\\\/03\\\/81lbpX9BL._SL1500_.jpg\",\"width\":1500,\"height\":1500},{\"@type\":\"BreadcrumbList\",\"@id\":\"https:\\\/\\\/purehivehoney.com\\\/de\\\/product\\\/eczema-cream-for-face-and-body-soothing-moisturiser-itching-rosacea-psoriasis-rash-dry-skin-wrinkles-manuka-honey-aloe-vera-coconut-oil\\\/#breadcrumb\",\"itemListElement\":[{\"@type\":\"ListItem\",\"position\":1,\"name\":\"Home\",\"item\":\"https:\\\/\\\/purehivehoney.com\\\/de\\\/\"},{\"@type\":\"ListItem\",\"position\":2,\"name\":\"Shop\",\"item\":\"https:\\\/\\\/purehivehoney.com\\\/de\\\/shop\\\/\"},{\"@type\":\"ListItem\",\"position\":3,\"name\":\"Eczema Cream for Face and Body Soot...\"}]},{\"@type\":\"WebSite\",\"@id\":\"https:\\\/\\\/purehivehoney.com\\\/de\\\/#website\",\"url\":\"https:\\\/\\\/purehivehoney.com\\\/de\\\/\",\"name\":\"PureHiveHoney\",\"description\":\"Reiner Honig &amp; Bienenprodukte Online | Rohhonig, Bio Honig &amp; Spezialhonig\",\"publisher\":{\"@id\":\"https:\\\/\\\/purehivehoney.com\\\/de\\\/#organization\"},\"potentialAction\":[{\"@type\":\"SearchAction\",\"target\":{\"@type\":\"EntryPoint\",\"urlTemplate\":\"https:\\\/\\\/purehivehoney.com\\\/de\\\/?s={search_term_string}\"},\"query-input\":{\"@type\":\"PropertyValueSpecification\",\"valueRequired\":true,\"valueName\":\"search_term_string\"}}],\"inLanguage\":\"de\"},{\"@type\":\"Organization\",\"@id\":\"https:\\\/\\\/purehivehoney.com\\\/de\\\/#organization\",\"name\":\"PureHiveHoney\",\"url\":\"https:\\\/\\\/purehivehoney.com\\\/de\\\/\",\"logo\":{\"@type\":\"ImageObject\",\"inLanguage\":\"de\",\"@id\":\"https:\\\/\\\/purehivehoney.com\\\/de\\\/#\\\/schema\\\/logo\\\/image\\\/\",\"url\":\"https:\\\/\\\/purehivehoney.com\\\/de\\\/wp-content\\\/uploads\\\/2026\\\/03\\\/Screenshot-2026-03-16-at-1.06.01-AM.png\",\"contentUrl\":\"https:\\\/\\\/purehivehoney.com\\\/de\\\/wp-content\\\/uploads\\\/2026\\\/03\\\/Screenshot-2026-03-16-at-1.06.01-AM.png\",\"width\":2112,\"height\":1086,\"caption\":\"PureHiveHoney\"},\"image\":{\"@id\":\"https:\\\/\\\/purehivehoney.com\\\/de\\\/#\\\/schema\\\/logo\\\/image\\\/\"}}]}<\/script>\n<!-- \/ Yoast SEO plugin. -->","yoast_head_json":{"title":"Eczema Cream for Face and Body Soothing Moisturiser, Itching, Rosacea, Psoriasis, Rash, Dry Skin, Wrinkles, Manuka Honey, Aloe Vera, Coconut Oil - PureHiveHoney","description":"Entdecken Sie hochwertigen Rohhonig, Bio Honig, Manuka Honig und nat\u00fcrliche Bienenprodukte. PureHiveHoney hilft Ihnen dabei, sorgf\u00e4ltig ausgew\u00e4hlte Honigsorten mit nat\u00fcrlicher Qualit\u00e4t und Reinheit zu entdecken.","robots":{"index":"index","follow":"follow","max-snippet":"max-snippet:-1","max-image-preview":"max-image-preview:large","max-video-preview":"max-video-preview:-1"},"canonical":"https:\/\/purehivehoney.com\/de\/product\/eczema-cream-for-face-and-body-soothing-moisturiser-itching-rosacea-psoriasis-rash-dry-skin-wrinkles-manuka-honey-aloe-vera-coconut-oil\/","og_locale":"de_DE","og_type":"article","og_title":"Eczema Cream for Face and Body Soothing Moisturiser, Itching, Rosacea, Psoriasis, Rash, Dry Skin, Wrinkles, Manuka Honey, Aloe Vera, Coconut Oil - PureHiveHoney","og_description":"Entdecken Sie hochwertigen Rohhonig, Bio Honig, Manuka Honig und nat\u00fcrliche Bienenprodukte. PureHiveHoney hilft Ihnen dabei, sorgf\u00e4ltig ausgew\u00e4hlte Honigsorten mit nat\u00fcrlicher Qualit\u00e4t und Reinheit zu entdecken.","og_url":"https:\/\/purehivehoney.com\/de\/product\/eczema-cream-for-face-and-body-soothing-moisturiser-itching-rosacea-psoriasis-rash-dry-skin-wrinkles-manuka-honey-aloe-vera-coconut-oil\/","og_site_name":"PureHiveHoney","article_modified_time":"2026-03-16T10:05:16+00:00","og_image":[{"url":"https:\/\/images-na.ssl-images-amazon.com\/images\/G\/01\/x-locale\/common\/grey-pixel.gif","type":"","width":"","height":""}],"twitter_card":"summary_large_image","twitter_misc":{"Gesch\u00e4tzte Lesezeit":"3\u00a0Minuten"},"schema":{"@context":"https:\/\/schema.org","@graph":[{"@type":"WebPage","@id":"https:\/\/purehivehoney.com\/de\/product\/eczema-cream-for-face-and-body-soothing-moisturiser-itching-rosacea-psoriasis-rash-dry-skin-wrinkles-manuka-honey-aloe-vera-coconut-oil\/","url":"https:\/\/purehivehoney.com\/de\/product\/eczema-cream-for-face-and-body-soothing-moisturiser-itching-rosacea-psoriasis-rash-dry-skin-wrinkles-manuka-honey-aloe-vera-coconut-oil\/","name":"Eczema Cream for Face and Body Soothing Moisturiser, Itching, Rosacea, Psoriasis, Rash, Dry Skin, Wrinkles, Manuka Honey, Aloe Vera, Coconut Oil - PureHiveHoney","isPartOf":{"@id":"https:\/\/purehivehoney.com\/de\/#website"},"primaryImageOfPage":{"@id":"https:\/\/purehivehoney.com\/de\/product\/eczema-cream-for-face-and-body-soothing-moisturiser-itching-rosacea-psoriasis-rash-dry-skin-wrinkles-manuka-honey-aloe-vera-coconut-oil\/#primaryimage"},"image":{"@id":"https:\/\/purehivehoney.com\/de\/product\/eczema-cream-for-face-and-body-soothing-moisturiser-itching-rosacea-psoriasis-rash-dry-skin-wrinkles-manuka-honey-aloe-vera-coconut-oil\/#primaryimage"},"thumbnailUrl":"https:\/\/purehivehoney.com\/de\/wp-content\/uploads\/2026\/03\/81lbpX9BL._SL1500_.jpg","datePublished":"2026-03-16T10:04:59+00:00","dateModified":"2026-03-16T10:05:16+00:00","description":"Entdecken Sie hochwertigen Rohhonig, Bio Honig, Manuka Honig und nat\u00fcrliche Bienenprodukte. PureHiveHoney hilft Ihnen dabei, sorgf\u00e4ltig ausgew\u00e4hlte Honigsorten mit nat\u00fcrlicher Qualit\u00e4t und Reinheit zu entdecken.","breadcrumb":{"@id":"https:\/\/purehivehoney.com\/de\/product\/eczema-cream-for-face-and-body-soothing-moisturiser-itching-rosacea-psoriasis-rash-dry-skin-wrinkles-manuka-honey-aloe-vera-coconut-oil\/#breadcrumb"},"inLanguage":"de","potentialAction":[{"@type":"ReadAction","target":["https:\/\/purehivehoney.com\/de\/product\/eczema-cream-for-face-and-body-soothing-moisturiser-itching-rosacea-psoriasis-rash-dry-skin-wrinkles-manuka-honey-aloe-vera-coconut-oil\/"]}]},{"@type":"ImageObject","inLanguage":"de","@id":"https:\/\/purehivehoney.com\/de\/product\/eczema-cream-for-face-and-body-soothing-moisturiser-itching-rosacea-psoriasis-rash-dry-skin-wrinkles-manuka-honey-aloe-vera-coconut-oil\/#primaryimage","url":"https:\/\/purehivehoney.com\/de\/wp-content\/uploads\/2026\/03\/81lbpX9BL._SL1500_.jpg","contentUrl":"https:\/\/purehivehoney.com\/de\/wp-content\/uploads\/2026\/03\/81lbpX9BL._SL1500_.jpg","width":1500,"height":1500},{"@type":"BreadcrumbList","@id":"https:\/\/purehivehoney.com\/de\/product\/eczema-cream-for-face-and-body-soothing-moisturiser-itching-rosacea-psoriasis-rash-dry-skin-wrinkles-manuka-honey-aloe-vera-coconut-oil\/#breadcrumb","itemListElement":[{"@type":"ListItem","position":1,"name":"Home","item":"https:\/\/purehivehoney.com\/de\/"},{"@type":"ListItem","position":2,"name":"Shop","item":"https:\/\/purehivehoney.com\/de\/shop\/"},{"@type":"ListItem","position":3,"name":"Eczema Cream for Face and Body Soot..."}]},{"@type":"WebSite","@id":"https:\/\/purehivehoney.com\/de\/#website","url":"https:\/\/purehivehoney.com\/de\/","name":"PureHiveHoney","description":"Reiner Honig &amp; Bienenprodukte Online | Rohhonig, Bio Honig &amp; Spezialhonig","publisher":{"@id":"https:\/\/purehivehoney.com\/de\/#organization"},"potentialAction":[{"@type":"SearchAction","target":{"@type":"EntryPoint","urlTemplate":"https:\/\/purehivehoney.com\/de\/?s={search_term_string}"},"query-input":{"@type":"PropertyValueSpecification","valueRequired":true,"valueName":"search_term_string"}}],"inLanguage":"de"},{"@type":"Organization","@id":"https:\/\/purehivehoney.com\/de\/#organization","name":"PureHiveHoney","url":"https:\/\/purehivehoney.com\/de\/","logo":{"@type":"ImageObject","inLanguage":"de","@id":"https:\/\/purehivehoney.com\/de\/#\/schema\/logo\/image\/","url":"https:\/\/purehivehoney.com\/de\/wp-content\/uploads\/2026\/03\/Screenshot-2026-03-16-at-1.06.01-AM.png","contentUrl":"https:\/\/purehivehoney.com\/de\/wp-content\/uploads\/2026\/03\/Screenshot-2026-03-16-at-1.06.01-AM.png","width":2112,"height":1086,"caption":"PureHiveHoney"},"image":{"@id":"https:\/\/purehivehoney.com\/de\/#\/schema\/logo\/image\/"}}]}},"_links":{"self":[{"href":"https:\/\/purehivehoney.com\/de\/wp-json\/wp\/v2\/product\/1330","targetHints":{"allow":["GET"]}}],"collection":[{"href":"https:\/\/purehivehoney.com\/de\/wp-json\/wp\/v2\/product"}],"about":[{"href":"https:\/\/purehivehoney.com\/de\/wp-json\/wp\/v2\/types\/product"}],"replies":[{"embeddable":true,"href":"https:\/\/purehivehoney.com\/de\/wp-json\/wp\/v2\/comments?post=1330"}],"wp:featuredmedia":[{"embeddable":true,"href":"https:\/\/purehivehoney.com\/de\/wp-json\/wp\/v2\/media\/1331"}],"wp:attachment":[{"href":"https:\/\/purehivehoney.com\/de\/wp-json\/wp\/v2\/media?parent=1330"}],"wp:term":[{"taxonomy":"store","embeddable":true,"href":"https:\/\/purehivehoney.com\/de\/wp-json\/wp\/v2\/store?post=1330"},{"taxonomy":"product_brand","embeddable":true,"href":"https:\/\/purehivehoney.com\/de\/wp-json\/wp\/v2\/product_brand?post=1330"},{"taxonomy":"product_cat","embeddable":true,"href":"https:\/\/purehivehoney.com\/de\/wp-json\/wp\/v2\/product_cat?post=1330"},{"taxonomy":"product_tag","embeddable":true,"href":"https:\/\/purehivehoney.com\/de\/wp-json\/wp\/v2\/product_tag?post=1330"}],"curies":[{"name":"wp","href":"https:\/\/api.w.org\/{rel}","templated":true}]}}