{"id":1325,"date":"2026-03-16T10:02:26","date_gmt":"2026-03-16T10:02:26","guid":{"rendered":"https:\/\/purehivehoney.com\/de\/product\/emmelaki-organic-oak-honey-400-g-greek-honey-mineral-rich-not-pasteurised\/"},"modified":"2026-03-16T10:02:35","modified_gmt":"2026-03-16T10:02:35","slug":"emmelaki-organic-oak-honey-400-g-greek-honey-mineral-rich-not-pasteurised","status":"publish","type":"product","link":"https:\/\/purehivehoney.com\/de\/product\/emmelaki-organic-oak-honey-400-g-greek-honey-mineral-rich-not-pasteurised\/","title":{"rendered":"Emmelaki Organic Oak Honey, 400 g, ..."},"content":{"rendered":"<p>    <span>This Greek organic oak honey from the protected oak forests of Prespa impresses with its powerful, deep dark character. With its thick consistency and incomparably aromatic taste &#8211; slightly malty with fine caramel note &#8211; it is a real highlight for any breakfast. Honey is naturally rich in valuable minerals such as calcium, magnesium, phosphorus, iron and sodium. According to a study by the Aristotle University of Thessaloniki, it is one of the most antioxidant effective among 48 types of honey studied. This varietal honey is made from 100% Greek organic oak honey and is completely natural &#8211; neither pasteurised nor micro-filtered. Enjoy it on warm bread, with yoghurt and nuts or with ripe cheese. The honey tends to crystallize over time, simply place the glass in warm water to liquefy. Store in a dry and shady place. Contents: 400 g.<\/span>    <br \/> Item Weight                                            \u200f                                            :                                            \u200e                                            400 g   <br \/> Manufacturer                                            \u200f                                            :                                            \u200e                                            Emmelaki   <br \/> ASIN                                            \u200f                                            :                                            \u200e                                            B0GPWYG5HY   <br \/> Country of origin                                            \u200f                                            :                                            \u200e                                            Greece   <br \/>Premium oak honey: 400g Greek organic oak honey from the protected oak forests of Prespa, deep dark and thick with malty-spicy taste and fine caramel note.<br \/>Natural: neither pasteurised nor micro-filtered, varietal honey directly from the beehive without foreign admixtures, 100% Greek organic honey.<br \/>Rich in minerals: naturally rich in calcium, magnesium, phosphorus, iron and sodium, according to study by the Aristotle University of Thessaloniki, the most antioxidant effective among 48 types of honey.<br \/>Versatile: perfect on warm bread, yoghurt and nuts or mature cheese, a real highlight for any breakfast with incomparable aroma.<br \/>EXCELLENT QUALITY: Great Taste awarded and Olymp Awards Gold, won in the protected Prespa area, recommended storage in a dry and shaded place.<\/p>\n\n","protected":false},"excerpt":{"rendered":"<p>This Greek organic oak honey from the protected oak forests of Prespa impresses with its powerful, deep dark character. With its thick consistency and incomparably aromatic taste &#8211; slightly malty with fine caramel note &#8211; it is a real highlight for any breakfast. Honey is naturally rich in valuable minerals such as calcium, magnesium, phosphorus, [&hellip;]<\/p>\n","protected":false},"featured_media":1326,"comment_status":"open","ping_status":"closed","template":"","meta":{"_aipt_faq_data":""},"store":[],"product_brand":[264],"product_cat":[47],"product_tag":[113],"class_list":{"0":"post-1325","1":"product","2":"type-product","3":"status-publish","4":"has-post-thumbnail","6":"product_brand-emmelaki","7":"product_cat-akazienhonig","8":"product_tag-akazienhonig-bio-qualitaet","10":"first","11":"instock","12":"shipping-taxable","13":"product-type-external"},"yoast_head":"<!-- This site is optimized with the Yoast SEO plugin v27.4 - https:\/\/yoast.com\/product\/yoast-seo-wordpress\/ -->\n<title>Emmelaki Organic Oak Honey, 400 g, Greek Honey, Mineral Rich, Not Pasteurised - PureHiveHoney<\/title>\n<meta name=\"description\" content=\"Entdecken Sie hochwertigen Rohhonig, Bio Honig, Manuka Honig und nat\u00fcrliche Bienenprodukte. PureHiveHoney hilft Ihnen dabei, sorgf\u00e4ltig ausgew\u00e4hlte Honigsorten mit nat\u00fcrlicher Qualit\u00e4t und Reinheit zu entdecken.\" \/>\n<meta name=\"robots\" content=\"index, follow, max-snippet:-1, max-image-preview:large, max-video-preview:-1\" \/>\n<link rel=\"canonical\" href=\"https:\/\/purehivehoney.com\/de\/product\/emmelaki-organic-oak-honey-400-g-greek-honey-mineral-rich-not-pasteurised\/\" \/>\n<meta property=\"og:locale\" content=\"de_DE\" \/>\n<meta property=\"og:type\" content=\"article\" \/>\n<meta property=\"og:title\" content=\"Emmelaki Organic Oak Honey, 400 g, Greek Honey, Mineral Rich, Not Pasteurised - PureHiveHoney\" \/>\n<meta property=\"og:description\" content=\"Entdecken Sie hochwertigen Rohhonig, Bio Honig, Manuka Honig und nat\u00fcrliche Bienenprodukte. PureHiveHoney hilft Ihnen dabei, sorgf\u00e4ltig ausgew\u00e4hlte Honigsorten mit nat\u00fcrlicher Qualit\u00e4t und Reinheit zu entdecken.\" \/>\n<meta property=\"og:url\" content=\"https:\/\/purehivehoney.com\/de\/product\/emmelaki-organic-oak-honey-400-g-greek-honey-mineral-rich-not-pasteurised\/\" \/>\n<meta property=\"og:site_name\" content=\"PureHiveHoney\" \/>\n<meta property=\"article:modified_time\" content=\"2026-03-16T10:02:35+00:00\" \/>\n<meta name=\"twitter:card\" content=\"summary_large_image\" \/>\n<meta name=\"twitter:label1\" content=\"Gesch\u00e4tzte Lesezeit\" \/>\n\t<meta name=\"twitter:data1\" content=\"1\u00a0Minute\" \/>\n<script type=\"application\/ld+json\" class=\"yoast-schema-graph\">{\"@context\":\"https:\\\/\\\/schema.org\",\"@graph\":[{\"@type\":\"WebPage\",\"@id\":\"https:\\\/\\\/purehivehoney.com\\\/de\\\/product\\\/emmelaki-organic-oak-honey-400-g-greek-honey-mineral-rich-not-pasteurised\\\/\",\"url\":\"https:\\\/\\\/purehivehoney.com\\\/de\\\/product\\\/emmelaki-organic-oak-honey-400-g-greek-honey-mineral-rich-not-pasteurised\\\/\",\"name\":\"Emmelaki Organic Oak Honey, 400 g, Greek Honey, Mineral Rich, Not Pasteurised - PureHiveHoney\",\"isPartOf\":{\"@id\":\"https:\\\/\\\/purehivehoney.com\\\/de\\\/#website\"},\"primaryImageOfPage\":{\"@id\":\"https:\\\/\\\/purehivehoney.com\\\/de\\\/product\\\/emmelaki-organic-oak-honey-400-g-greek-honey-mineral-rich-not-pasteurised\\\/#primaryimage\"},\"image\":{\"@id\":\"https:\\\/\\\/purehivehoney.com\\\/de\\\/product\\\/emmelaki-organic-oak-honey-400-g-greek-honey-mineral-rich-not-pasteurised\\\/#primaryimage\"},\"thumbnailUrl\":\"https:\\\/\\\/purehivehoney.com\\\/de\\\/wp-content\\\/uploads\\\/2026\\\/03\\\/51tiI3gEQL._SL1080_.jpg\",\"datePublished\":\"2026-03-16T10:02:26+00:00\",\"dateModified\":\"2026-03-16T10:02:35+00:00\",\"description\":\"Entdecken Sie hochwertigen Rohhonig, Bio Honig, Manuka Honig und nat\u00fcrliche Bienenprodukte. PureHiveHoney hilft Ihnen dabei, sorgf\u00e4ltig ausgew\u00e4hlte Honigsorten mit nat\u00fcrlicher Qualit\u00e4t und Reinheit zu entdecken.\",\"breadcrumb\":{\"@id\":\"https:\\\/\\\/purehivehoney.com\\\/de\\\/product\\\/emmelaki-organic-oak-honey-400-g-greek-honey-mineral-rich-not-pasteurised\\\/#breadcrumb\"},\"inLanguage\":\"de\",\"potentialAction\":[{\"@type\":\"ReadAction\",\"target\":[\"https:\\\/\\\/purehivehoney.com\\\/de\\\/product\\\/emmelaki-organic-oak-honey-400-g-greek-honey-mineral-rich-not-pasteurised\\\/\"]}]},{\"@type\":\"ImageObject\",\"inLanguage\":\"de\",\"@id\":\"https:\\\/\\\/purehivehoney.com\\\/de\\\/product\\\/emmelaki-organic-oak-honey-400-g-greek-honey-mineral-rich-not-pasteurised\\\/#primaryimage\",\"url\":\"https:\\\/\\\/purehivehoney.com\\\/de\\\/wp-content\\\/uploads\\\/2026\\\/03\\\/51tiI3gEQL._SL1080_.jpg\",\"contentUrl\":\"https:\\\/\\\/purehivehoney.com\\\/de\\\/wp-content\\\/uploads\\\/2026\\\/03\\\/51tiI3gEQL._SL1080_.jpg\",\"width\":1080,\"height\":1080},{\"@type\":\"BreadcrumbList\",\"@id\":\"https:\\\/\\\/purehivehoney.com\\\/de\\\/product\\\/emmelaki-organic-oak-honey-400-g-greek-honey-mineral-rich-not-pasteurised\\\/#breadcrumb\",\"itemListElement\":[{\"@type\":\"ListItem\",\"position\":1,\"name\":\"Home\",\"item\":\"https:\\\/\\\/purehivehoney.com\\\/de\\\/\"},{\"@type\":\"ListItem\",\"position\":2,\"name\":\"Shop\",\"item\":\"https:\\\/\\\/purehivehoney.com\\\/de\\\/shop\\\/\"},{\"@type\":\"ListItem\",\"position\":3,\"name\":\"Emmelaki Organic Oak Honey, 400 g, ...\"}]},{\"@type\":\"WebSite\",\"@id\":\"https:\\\/\\\/purehivehoney.com\\\/de\\\/#website\",\"url\":\"https:\\\/\\\/purehivehoney.com\\\/de\\\/\",\"name\":\"PureHiveHoney\",\"description\":\"Reiner Honig &amp; Bienenprodukte Online | Rohhonig, Bio Honig &amp; Spezialhonig\",\"publisher\":{\"@id\":\"https:\\\/\\\/purehivehoney.com\\\/de\\\/#organization\"},\"potentialAction\":[{\"@type\":\"SearchAction\",\"target\":{\"@type\":\"EntryPoint\",\"urlTemplate\":\"https:\\\/\\\/purehivehoney.com\\\/de\\\/?s={search_term_string}\"},\"query-input\":{\"@type\":\"PropertyValueSpecification\",\"valueRequired\":true,\"valueName\":\"search_term_string\"}}],\"inLanguage\":\"de\"},{\"@type\":\"Organization\",\"@id\":\"https:\\\/\\\/purehivehoney.com\\\/de\\\/#organization\",\"name\":\"PureHiveHoney\",\"url\":\"https:\\\/\\\/purehivehoney.com\\\/de\\\/\",\"logo\":{\"@type\":\"ImageObject\",\"inLanguage\":\"de\",\"@id\":\"https:\\\/\\\/purehivehoney.com\\\/de\\\/#\\\/schema\\\/logo\\\/image\\\/\",\"url\":\"https:\\\/\\\/purehivehoney.com\\\/de\\\/wp-content\\\/uploads\\\/2026\\\/03\\\/Screenshot-2026-03-16-at-1.06.01-AM.png\",\"contentUrl\":\"https:\\\/\\\/purehivehoney.com\\\/de\\\/wp-content\\\/uploads\\\/2026\\\/03\\\/Screenshot-2026-03-16-at-1.06.01-AM.png\",\"width\":2112,\"height\":1086,\"caption\":\"PureHiveHoney\"},\"image\":{\"@id\":\"https:\\\/\\\/purehivehoney.com\\\/de\\\/#\\\/schema\\\/logo\\\/image\\\/\"}}]}<\/script>\n<!-- \/ Yoast SEO plugin. -->","yoast_head_json":{"title":"Emmelaki Organic Oak Honey, 400 g, Greek Honey, Mineral Rich, Not Pasteurised - PureHiveHoney","description":"Entdecken Sie hochwertigen Rohhonig, Bio Honig, Manuka Honig und nat\u00fcrliche Bienenprodukte. PureHiveHoney hilft Ihnen dabei, sorgf\u00e4ltig ausgew\u00e4hlte Honigsorten mit nat\u00fcrlicher Qualit\u00e4t und Reinheit zu entdecken.","robots":{"index":"index","follow":"follow","max-snippet":"max-snippet:-1","max-image-preview":"max-image-preview:large","max-video-preview":"max-video-preview:-1"},"canonical":"https:\/\/purehivehoney.com\/de\/product\/emmelaki-organic-oak-honey-400-g-greek-honey-mineral-rich-not-pasteurised\/","og_locale":"de_DE","og_type":"article","og_title":"Emmelaki Organic Oak Honey, 400 g, Greek Honey, Mineral Rich, Not Pasteurised - PureHiveHoney","og_description":"Entdecken Sie hochwertigen Rohhonig, Bio Honig, Manuka Honig und nat\u00fcrliche Bienenprodukte. PureHiveHoney hilft Ihnen dabei, sorgf\u00e4ltig ausgew\u00e4hlte Honigsorten mit nat\u00fcrlicher Qualit\u00e4t und Reinheit zu entdecken.","og_url":"https:\/\/purehivehoney.com\/de\/product\/emmelaki-organic-oak-honey-400-g-greek-honey-mineral-rich-not-pasteurised\/","og_site_name":"PureHiveHoney","article_modified_time":"2026-03-16T10:02:35+00:00","twitter_card":"summary_large_image","twitter_misc":{"Gesch\u00e4tzte Lesezeit":"1\u00a0Minute"},"schema":{"@context":"https:\/\/schema.org","@graph":[{"@type":"WebPage","@id":"https:\/\/purehivehoney.com\/de\/product\/emmelaki-organic-oak-honey-400-g-greek-honey-mineral-rich-not-pasteurised\/","url":"https:\/\/purehivehoney.com\/de\/product\/emmelaki-organic-oak-honey-400-g-greek-honey-mineral-rich-not-pasteurised\/","name":"Emmelaki Organic Oak Honey, 400 g, Greek Honey, Mineral Rich, Not Pasteurised - PureHiveHoney","isPartOf":{"@id":"https:\/\/purehivehoney.com\/de\/#website"},"primaryImageOfPage":{"@id":"https:\/\/purehivehoney.com\/de\/product\/emmelaki-organic-oak-honey-400-g-greek-honey-mineral-rich-not-pasteurised\/#primaryimage"},"image":{"@id":"https:\/\/purehivehoney.com\/de\/product\/emmelaki-organic-oak-honey-400-g-greek-honey-mineral-rich-not-pasteurised\/#primaryimage"},"thumbnailUrl":"https:\/\/purehivehoney.com\/de\/wp-content\/uploads\/2026\/03\/51tiI3gEQL._SL1080_.jpg","datePublished":"2026-03-16T10:02:26+00:00","dateModified":"2026-03-16T10:02:35+00:00","description":"Entdecken Sie hochwertigen Rohhonig, Bio Honig, Manuka Honig und nat\u00fcrliche Bienenprodukte. PureHiveHoney hilft Ihnen dabei, sorgf\u00e4ltig ausgew\u00e4hlte Honigsorten mit nat\u00fcrlicher Qualit\u00e4t und Reinheit zu entdecken.","breadcrumb":{"@id":"https:\/\/purehivehoney.com\/de\/product\/emmelaki-organic-oak-honey-400-g-greek-honey-mineral-rich-not-pasteurised\/#breadcrumb"},"inLanguage":"de","potentialAction":[{"@type":"ReadAction","target":["https:\/\/purehivehoney.com\/de\/product\/emmelaki-organic-oak-honey-400-g-greek-honey-mineral-rich-not-pasteurised\/"]}]},{"@type":"ImageObject","inLanguage":"de","@id":"https:\/\/purehivehoney.com\/de\/product\/emmelaki-organic-oak-honey-400-g-greek-honey-mineral-rich-not-pasteurised\/#primaryimage","url":"https:\/\/purehivehoney.com\/de\/wp-content\/uploads\/2026\/03\/51tiI3gEQL._SL1080_.jpg","contentUrl":"https:\/\/purehivehoney.com\/de\/wp-content\/uploads\/2026\/03\/51tiI3gEQL._SL1080_.jpg","width":1080,"height":1080},{"@type":"BreadcrumbList","@id":"https:\/\/purehivehoney.com\/de\/product\/emmelaki-organic-oak-honey-400-g-greek-honey-mineral-rich-not-pasteurised\/#breadcrumb","itemListElement":[{"@type":"ListItem","position":1,"name":"Home","item":"https:\/\/purehivehoney.com\/de\/"},{"@type":"ListItem","position":2,"name":"Shop","item":"https:\/\/purehivehoney.com\/de\/shop\/"},{"@type":"ListItem","position":3,"name":"Emmelaki Organic Oak Honey, 400 g, ..."}]},{"@type":"WebSite","@id":"https:\/\/purehivehoney.com\/de\/#website","url":"https:\/\/purehivehoney.com\/de\/","name":"PureHiveHoney","description":"Reiner Honig &amp; Bienenprodukte Online | Rohhonig, Bio Honig &amp; Spezialhonig","publisher":{"@id":"https:\/\/purehivehoney.com\/de\/#organization"},"potentialAction":[{"@type":"SearchAction","target":{"@type":"EntryPoint","urlTemplate":"https:\/\/purehivehoney.com\/de\/?s={search_term_string}"},"query-input":{"@type":"PropertyValueSpecification","valueRequired":true,"valueName":"search_term_string"}}],"inLanguage":"de"},{"@type":"Organization","@id":"https:\/\/purehivehoney.com\/de\/#organization","name":"PureHiveHoney","url":"https:\/\/purehivehoney.com\/de\/","logo":{"@type":"ImageObject","inLanguage":"de","@id":"https:\/\/purehivehoney.com\/de\/#\/schema\/logo\/image\/","url":"https:\/\/purehivehoney.com\/de\/wp-content\/uploads\/2026\/03\/Screenshot-2026-03-16-at-1.06.01-AM.png","contentUrl":"https:\/\/purehivehoney.com\/de\/wp-content\/uploads\/2026\/03\/Screenshot-2026-03-16-at-1.06.01-AM.png","width":2112,"height":1086,"caption":"PureHiveHoney"},"image":{"@id":"https:\/\/purehivehoney.com\/de\/#\/schema\/logo\/image\/"}}]}},"_links":{"self":[{"href":"https:\/\/purehivehoney.com\/de\/wp-json\/wp\/v2\/product\/1325","targetHints":{"allow":["GET"]}}],"collection":[{"href":"https:\/\/purehivehoney.com\/de\/wp-json\/wp\/v2\/product"}],"about":[{"href":"https:\/\/purehivehoney.com\/de\/wp-json\/wp\/v2\/types\/product"}],"replies":[{"embeddable":true,"href":"https:\/\/purehivehoney.com\/de\/wp-json\/wp\/v2\/comments?post=1325"}],"wp:featuredmedia":[{"embeddable":true,"href":"https:\/\/purehivehoney.com\/de\/wp-json\/wp\/v2\/media\/1326"}],"wp:attachment":[{"href":"https:\/\/purehivehoney.com\/de\/wp-json\/wp\/v2\/media?parent=1325"}],"wp:term":[{"taxonomy":"store","embeddable":true,"href":"https:\/\/purehivehoney.com\/de\/wp-json\/wp\/v2\/store?post=1325"},{"taxonomy":"product_brand","embeddable":true,"href":"https:\/\/purehivehoney.com\/de\/wp-json\/wp\/v2\/product_brand?post=1325"},{"taxonomy":"product_cat","embeddable":true,"href":"https:\/\/purehivehoney.com\/de\/wp-json\/wp\/v2\/product_cat?post=1325"},{"taxonomy":"product_tag","embeddable":true,"href":"https:\/\/purehivehoney.com\/de\/wp-json\/wp\/v2\/product_tag?post=1325"}],"curies":[{"name":"wp","href":"https:\/\/api.w.org\/{rel}","templated":true}]}}