{"id":1311,"date":"2026-03-16T09:56:06","date_gmt":"2026-03-16T09:56:06","guid":{"rendered":"https:\/\/purehivehoney.com\/de\/product\/tenissee-whisky-style-aroma-essence-250-ml-20-g-french-oak-chips-alcohol-free-aroma-for-vodka\/"},"modified":"2026-03-16T09:56:11","modified_gmt":"2026-03-16T09:56:11","slug":"tenissee-whisky-style-aroma-essence-250-ml-20-g-french-oak-chips-alcohol-free-aroma-for-vodka","status":"publish","type":"product","link":"https:\/\/purehivehoney.com\/de\/product\/tenissee-whisky-style-aroma-essence-250-ml-20-g-french-oak-chips-alcohol-free-aroma-for-vodka\/","title":{"rendered":"Tenissee Whisky Style Aroma Essence..."},"content":{"rendered":"<p>    <span>Tenissee Whisky Style Aroma Essence 250 ml + 20 g French Oak Chips offers a warm, soft whisky-inspired profile based on the natural sweetness of corn. Honey notes and light vanilla combine with roasted cereals and caramel. <br \/>Over time, fruity nuances of pear and apple develop that give depth and balance. The gentle texture makes this essence ideal for elegant drinks at home. <br \/>This alcohol-free extract is ideal for vodkaba-based spirits, cocktails or desserts. A 250 ml bottle is enough for up to 7.5 litres. <br \/>Includes: 20g French oak chips for simulating barrel ageing at home.<\/span>    <br \/>Tenissee whisky style flavour &#8211; Sweet corn base with gentle character<br \/>Honey notes &#8211; Natural sweetness with soft warmth<br \/>Roasted Cereals &#038; Caramel &#8211; Adds Depth and Fullness<br \/>Light vanilla note &#8211; For balance and gentleness<br \/>Fruity accents &#8211; Pear and apple emerge over time<br \/>High yield: 250 ml is enough for up to 7.5 litres of spirit<br \/>Includes oak chips &#8211; 20g French oak chips for barrel ageing at home<\/p>\n\n","protected":false},"excerpt":{"rendered":"<p>Tenissee Whisky Style Aroma Essence 250 ml + 20 g French Oak Chips offers a warm, soft whisky-inspired profile based on the natural sweetness of corn. Honey notes and light vanilla combine with roasted cereals and caramel. Over time, fruity nuances of pear and apple develop that give depth and balance. The gentle texture makes [&hellip;]<\/p>\n","protected":false},"featured_media":1312,"comment_status":"open","ping_status":"closed","template":"","meta":{"_aipt_faq_data":""},"store":[],"product_brand":[263],"product_cat":[53],"product_tag":[106],"class_list":{"0":"post-1311","1":"product","2":"type-product","3":"status-publish","4":"has-post-thumbnail","6":"product_brand-alcofermbrew","7":"product_cat-vanille-honig","8":"product_tag-vanille-honig-glas","10":"first","11":"instock","12":"shipping-taxable","13":"product-type-external"},"yoast_head":"<!-- This site is optimized with the Yoast SEO plugin v27.4 - https:\/\/yoast.com\/product\/yoast-seo-wordpress\/ -->\n<title>Tenissee Whisky Style Aroma Essence 250 ml + 20 g French Oak Chips - Alcohol-Free Aroma for Vodka - PureHiveHoney<\/title>\n<meta name=\"description\" content=\"Entdecken Sie hochwertigen Rohhonig, Bio Honig, Manuka Honig und nat\u00fcrliche Bienenprodukte. PureHiveHoney hilft Ihnen dabei, sorgf\u00e4ltig ausgew\u00e4hlte Honigsorten mit nat\u00fcrlicher Qualit\u00e4t und Reinheit zu entdecken.\" \/>\n<meta name=\"robots\" content=\"index, follow, max-snippet:-1, max-image-preview:large, max-video-preview:-1\" \/>\n<link rel=\"canonical\" href=\"https:\/\/purehivehoney.com\/de\/product\/tenissee-whisky-style-aroma-essence-250-ml-20-g-french-oak-chips-alcohol-free-aroma-for-vodka\/\" \/>\n<meta property=\"og:locale\" content=\"de_DE\" \/>\n<meta property=\"og:type\" content=\"article\" \/>\n<meta property=\"og:title\" content=\"Tenissee Whisky Style Aroma Essence 250 ml + 20 g French Oak Chips - Alcohol-Free Aroma for Vodka - PureHiveHoney\" \/>\n<meta property=\"og:description\" content=\"Entdecken Sie hochwertigen Rohhonig, Bio Honig, Manuka Honig und nat\u00fcrliche Bienenprodukte. PureHiveHoney hilft Ihnen dabei, sorgf\u00e4ltig ausgew\u00e4hlte Honigsorten mit nat\u00fcrlicher Qualit\u00e4t und Reinheit zu entdecken.\" \/>\n<meta property=\"og:url\" content=\"https:\/\/purehivehoney.com\/de\/product\/tenissee-whisky-style-aroma-essence-250-ml-20-g-french-oak-chips-alcohol-free-aroma-for-vodka\/\" \/>\n<meta property=\"og:site_name\" content=\"PureHiveHoney\" \/>\n<meta property=\"article:modified_time\" content=\"2026-03-16T09:56:11+00:00\" \/>\n<meta name=\"twitter:card\" content=\"summary_large_image\" \/>\n<meta name=\"twitter:label1\" content=\"Gesch\u00e4tzte Lesezeit\" \/>\n\t<meta name=\"twitter:data1\" content=\"1\u00a0Minute\" \/>\n<script type=\"application\/ld+json\" class=\"yoast-schema-graph\">{\"@context\":\"https:\\\/\\\/schema.org\",\"@graph\":[{\"@type\":\"WebPage\",\"@id\":\"https:\\\/\\\/purehivehoney.com\\\/de\\\/product\\\/tenissee-whisky-style-aroma-essence-250-ml-20-g-french-oak-chips-alcohol-free-aroma-for-vodka\\\/\",\"url\":\"https:\\\/\\\/purehivehoney.com\\\/de\\\/product\\\/tenissee-whisky-style-aroma-essence-250-ml-20-g-french-oak-chips-alcohol-free-aroma-for-vodka\\\/\",\"name\":\"Tenissee Whisky Style Aroma Essence 250 ml + 20 g French Oak Chips - Alcohol-Free Aroma for Vodka - PureHiveHoney\",\"isPartOf\":{\"@id\":\"https:\\\/\\\/purehivehoney.com\\\/de\\\/#website\"},\"primaryImageOfPage\":{\"@id\":\"https:\\\/\\\/purehivehoney.com\\\/de\\\/product\\\/tenissee-whisky-style-aroma-essence-250-ml-20-g-french-oak-chips-alcohol-free-aroma-for-vodka\\\/#primaryimage\"},\"image\":{\"@id\":\"https:\\\/\\\/purehivehoney.com\\\/de\\\/product\\\/tenissee-whisky-style-aroma-essence-250-ml-20-g-french-oak-chips-alcohol-free-aroma-for-vodka\\\/#primaryimage\"},\"thumbnailUrl\":\"https:\\\/\\\/purehivehoney.com\\\/de\\\/wp-content\\\/uploads\\\/2026\\\/03\\\/61nOOgfcQL._AC_SL1080_.jpg\",\"datePublished\":\"2026-03-16T09:56:06+00:00\",\"dateModified\":\"2026-03-16T09:56:11+00:00\",\"description\":\"Entdecken Sie hochwertigen Rohhonig, Bio Honig, Manuka Honig und nat\u00fcrliche Bienenprodukte. PureHiveHoney hilft Ihnen dabei, sorgf\u00e4ltig ausgew\u00e4hlte Honigsorten mit nat\u00fcrlicher Qualit\u00e4t und Reinheit zu entdecken.\",\"breadcrumb\":{\"@id\":\"https:\\\/\\\/purehivehoney.com\\\/de\\\/product\\\/tenissee-whisky-style-aroma-essence-250-ml-20-g-french-oak-chips-alcohol-free-aroma-for-vodka\\\/#breadcrumb\"},\"inLanguage\":\"de\",\"potentialAction\":[{\"@type\":\"ReadAction\",\"target\":[\"https:\\\/\\\/purehivehoney.com\\\/de\\\/product\\\/tenissee-whisky-style-aroma-essence-250-ml-20-g-french-oak-chips-alcohol-free-aroma-for-vodka\\\/\"]}]},{\"@type\":\"ImageObject\",\"inLanguage\":\"de\",\"@id\":\"https:\\\/\\\/purehivehoney.com\\\/de\\\/product\\\/tenissee-whisky-style-aroma-essence-250-ml-20-g-french-oak-chips-alcohol-free-aroma-for-vodka\\\/#primaryimage\",\"url\":\"https:\\\/\\\/purehivehoney.com\\\/de\\\/wp-content\\\/uploads\\\/2026\\\/03\\\/61nOOgfcQL._AC_SL1080_.jpg\",\"contentUrl\":\"https:\\\/\\\/purehivehoney.com\\\/de\\\/wp-content\\\/uploads\\\/2026\\\/03\\\/61nOOgfcQL._AC_SL1080_.jpg\",\"width\":713,\"height\":1031},{\"@type\":\"BreadcrumbList\",\"@id\":\"https:\\\/\\\/purehivehoney.com\\\/de\\\/product\\\/tenissee-whisky-style-aroma-essence-250-ml-20-g-french-oak-chips-alcohol-free-aroma-for-vodka\\\/#breadcrumb\",\"itemListElement\":[{\"@type\":\"ListItem\",\"position\":1,\"name\":\"Home\",\"item\":\"https:\\\/\\\/purehivehoney.com\\\/de\\\/\"},{\"@type\":\"ListItem\",\"position\":2,\"name\":\"Shop\",\"item\":\"https:\\\/\\\/purehivehoney.com\\\/de\\\/shop\\\/\"},{\"@type\":\"ListItem\",\"position\":3,\"name\":\"Tenissee Whisky Style Aroma Essence...\"}]},{\"@type\":\"WebSite\",\"@id\":\"https:\\\/\\\/purehivehoney.com\\\/de\\\/#website\",\"url\":\"https:\\\/\\\/purehivehoney.com\\\/de\\\/\",\"name\":\"PureHiveHoney\",\"description\":\"Reiner Honig &amp; Bienenprodukte Online | Rohhonig, Bio Honig &amp; Spezialhonig\",\"publisher\":{\"@id\":\"https:\\\/\\\/purehivehoney.com\\\/de\\\/#organization\"},\"potentialAction\":[{\"@type\":\"SearchAction\",\"target\":{\"@type\":\"EntryPoint\",\"urlTemplate\":\"https:\\\/\\\/purehivehoney.com\\\/de\\\/?s={search_term_string}\"},\"query-input\":{\"@type\":\"PropertyValueSpecification\",\"valueRequired\":true,\"valueName\":\"search_term_string\"}}],\"inLanguage\":\"de\"},{\"@type\":\"Organization\",\"@id\":\"https:\\\/\\\/purehivehoney.com\\\/de\\\/#organization\",\"name\":\"PureHiveHoney\",\"url\":\"https:\\\/\\\/purehivehoney.com\\\/de\\\/\",\"logo\":{\"@type\":\"ImageObject\",\"inLanguage\":\"de\",\"@id\":\"https:\\\/\\\/purehivehoney.com\\\/de\\\/#\\\/schema\\\/logo\\\/image\\\/\",\"url\":\"https:\\\/\\\/purehivehoney.com\\\/de\\\/wp-content\\\/uploads\\\/2026\\\/03\\\/Screenshot-2026-03-16-at-1.06.01-AM.png\",\"contentUrl\":\"https:\\\/\\\/purehivehoney.com\\\/de\\\/wp-content\\\/uploads\\\/2026\\\/03\\\/Screenshot-2026-03-16-at-1.06.01-AM.png\",\"width\":2112,\"height\":1086,\"caption\":\"PureHiveHoney\"},\"image\":{\"@id\":\"https:\\\/\\\/purehivehoney.com\\\/de\\\/#\\\/schema\\\/logo\\\/image\\\/\"}}]}<\/script>\n<!-- \/ Yoast SEO plugin. -->","yoast_head_json":{"title":"Tenissee Whisky Style Aroma Essence 250 ml + 20 g French Oak Chips - Alcohol-Free Aroma for Vodka - PureHiveHoney","description":"Entdecken Sie hochwertigen Rohhonig, Bio Honig, Manuka Honig und nat\u00fcrliche Bienenprodukte. PureHiveHoney hilft Ihnen dabei, sorgf\u00e4ltig ausgew\u00e4hlte Honigsorten mit nat\u00fcrlicher Qualit\u00e4t und Reinheit zu entdecken.","robots":{"index":"index","follow":"follow","max-snippet":"max-snippet:-1","max-image-preview":"max-image-preview:large","max-video-preview":"max-video-preview:-1"},"canonical":"https:\/\/purehivehoney.com\/de\/product\/tenissee-whisky-style-aroma-essence-250-ml-20-g-french-oak-chips-alcohol-free-aroma-for-vodka\/","og_locale":"de_DE","og_type":"article","og_title":"Tenissee Whisky Style Aroma Essence 250 ml + 20 g French Oak Chips - Alcohol-Free Aroma for Vodka - PureHiveHoney","og_description":"Entdecken Sie hochwertigen Rohhonig, Bio Honig, Manuka Honig und nat\u00fcrliche Bienenprodukte. PureHiveHoney hilft Ihnen dabei, sorgf\u00e4ltig ausgew\u00e4hlte Honigsorten mit nat\u00fcrlicher Qualit\u00e4t und Reinheit zu entdecken.","og_url":"https:\/\/purehivehoney.com\/de\/product\/tenissee-whisky-style-aroma-essence-250-ml-20-g-french-oak-chips-alcohol-free-aroma-for-vodka\/","og_site_name":"PureHiveHoney","article_modified_time":"2026-03-16T09:56:11+00:00","twitter_card":"summary_large_image","twitter_misc":{"Gesch\u00e4tzte Lesezeit":"1\u00a0Minute"},"schema":{"@context":"https:\/\/schema.org","@graph":[{"@type":"WebPage","@id":"https:\/\/purehivehoney.com\/de\/product\/tenissee-whisky-style-aroma-essence-250-ml-20-g-french-oak-chips-alcohol-free-aroma-for-vodka\/","url":"https:\/\/purehivehoney.com\/de\/product\/tenissee-whisky-style-aroma-essence-250-ml-20-g-french-oak-chips-alcohol-free-aroma-for-vodka\/","name":"Tenissee Whisky Style Aroma Essence 250 ml + 20 g French Oak Chips - Alcohol-Free Aroma for Vodka - PureHiveHoney","isPartOf":{"@id":"https:\/\/purehivehoney.com\/de\/#website"},"primaryImageOfPage":{"@id":"https:\/\/purehivehoney.com\/de\/product\/tenissee-whisky-style-aroma-essence-250-ml-20-g-french-oak-chips-alcohol-free-aroma-for-vodka\/#primaryimage"},"image":{"@id":"https:\/\/purehivehoney.com\/de\/product\/tenissee-whisky-style-aroma-essence-250-ml-20-g-french-oak-chips-alcohol-free-aroma-for-vodka\/#primaryimage"},"thumbnailUrl":"https:\/\/purehivehoney.com\/de\/wp-content\/uploads\/2026\/03\/61nOOgfcQL._AC_SL1080_.jpg","datePublished":"2026-03-16T09:56:06+00:00","dateModified":"2026-03-16T09:56:11+00:00","description":"Entdecken Sie hochwertigen Rohhonig, Bio Honig, Manuka Honig und nat\u00fcrliche Bienenprodukte. PureHiveHoney hilft Ihnen dabei, sorgf\u00e4ltig ausgew\u00e4hlte Honigsorten mit nat\u00fcrlicher Qualit\u00e4t und Reinheit zu entdecken.","breadcrumb":{"@id":"https:\/\/purehivehoney.com\/de\/product\/tenissee-whisky-style-aroma-essence-250-ml-20-g-french-oak-chips-alcohol-free-aroma-for-vodka\/#breadcrumb"},"inLanguage":"de","potentialAction":[{"@type":"ReadAction","target":["https:\/\/purehivehoney.com\/de\/product\/tenissee-whisky-style-aroma-essence-250-ml-20-g-french-oak-chips-alcohol-free-aroma-for-vodka\/"]}]},{"@type":"ImageObject","inLanguage":"de","@id":"https:\/\/purehivehoney.com\/de\/product\/tenissee-whisky-style-aroma-essence-250-ml-20-g-french-oak-chips-alcohol-free-aroma-for-vodka\/#primaryimage","url":"https:\/\/purehivehoney.com\/de\/wp-content\/uploads\/2026\/03\/61nOOgfcQL._AC_SL1080_.jpg","contentUrl":"https:\/\/purehivehoney.com\/de\/wp-content\/uploads\/2026\/03\/61nOOgfcQL._AC_SL1080_.jpg","width":713,"height":1031},{"@type":"BreadcrumbList","@id":"https:\/\/purehivehoney.com\/de\/product\/tenissee-whisky-style-aroma-essence-250-ml-20-g-french-oak-chips-alcohol-free-aroma-for-vodka\/#breadcrumb","itemListElement":[{"@type":"ListItem","position":1,"name":"Home","item":"https:\/\/purehivehoney.com\/de\/"},{"@type":"ListItem","position":2,"name":"Shop","item":"https:\/\/purehivehoney.com\/de\/shop\/"},{"@type":"ListItem","position":3,"name":"Tenissee Whisky Style Aroma Essence..."}]},{"@type":"WebSite","@id":"https:\/\/purehivehoney.com\/de\/#website","url":"https:\/\/purehivehoney.com\/de\/","name":"PureHiveHoney","description":"Reiner Honig &amp; Bienenprodukte Online | Rohhonig, Bio Honig &amp; Spezialhonig","publisher":{"@id":"https:\/\/purehivehoney.com\/de\/#organization"},"potentialAction":[{"@type":"SearchAction","target":{"@type":"EntryPoint","urlTemplate":"https:\/\/purehivehoney.com\/de\/?s={search_term_string}"},"query-input":{"@type":"PropertyValueSpecification","valueRequired":true,"valueName":"search_term_string"}}],"inLanguage":"de"},{"@type":"Organization","@id":"https:\/\/purehivehoney.com\/de\/#organization","name":"PureHiveHoney","url":"https:\/\/purehivehoney.com\/de\/","logo":{"@type":"ImageObject","inLanguage":"de","@id":"https:\/\/purehivehoney.com\/de\/#\/schema\/logo\/image\/","url":"https:\/\/purehivehoney.com\/de\/wp-content\/uploads\/2026\/03\/Screenshot-2026-03-16-at-1.06.01-AM.png","contentUrl":"https:\/\/purehivehoney.com\/de\/wp-content\/uploads\/2026\/03\/Screenshot-2026-03-16-at-1.06.01-AM.png","width":2112,"height":1086,"caption":"PureHiveHoney"},"image":{"@id":"https:\/\/purehivehoney.com\/de\/#\/schema\/logo\/image\/"}}]}},"_links":{"self":[{"href":"https:\/\/purehivehoney.com\/de\/wp-json\/wp\/v2\/product\/1311","targetHints":{"allow":["GET"]}}],"collection":[{"href":"https:\/\/purehivehoney.com\/de\/wp-json\/wp\/v2\/product"}],"about":[{"href":"https:\/\/purehivehoney.com\/de\/wp-json\/wp\/v2\/types\/product"}],"replies":[{"embeddable":true,"href":"https:\/\/purehivehoney.com\/de\/wp-json\/wp\/v2\/comments?post=1311"}],"wp:featuredmedia":[{"embeddable":true,"href":"https:\/\/purehivehoney.com\/de\/wp-json\/wp\/v2\/media\/1312"}],"wp:attachment":[{"href":"https:\/\/purehivehoney.com\/de\/wp-json\/wp\/v2\/media?parent=1311"}],"wp:term":[{"taxonomy":"store","embeddable":true,"href":"https:\/\/purehivehoney.com\/de\/wp-json\/wp\/v2\/store?post=1311"},{"taxonomy":"product_brand","embeddable":true,"href":"https:\/\/purehivehoney.com\/de\/wp-json\/wp\/v2\/product_brand?post=1311"},{"taxonomy":"product_cat","embeddable":true,"href":"https:\/\/purehivehoney.com\/de\/wp-json\/wp\/v2\/product_cat?post=1311"},{"taxonomy":"product_tag","embeddable":true,"href":"https:\/\/purehivehoney.com\/de\/wp-json\/wp\/v2\/product_tag?post=1311"}],"curies":[{"name":"wp","href":"https:\/\/api.w.org\/{rel}","templated":true}]}}