{"id":1301,"date":"2026-03-16T09:51:08","date_gmt":"2026-03-16T09:51:08","guid":{"rendered":"https:\/\/purehivehoney.com\/de\/product\/frau-honig-frau-honig-und-die-geheimnisse-im-kirschbaum-lesecheckerin-zweiter-platz-beim-deutschen-kinderbuchpreis-2023\/"},"modified":"2026-03-16T09:51:24","modified_gmt":"2026-03-16T09:51:24","slug":"frau-honig-frau-honig-und-die-geheimnisse-im-kirschbaum-lesecheckerin-zweiter-platz-beim-deutschen-kinderbuchpreis-2023","status":"publish","type":"product","link":"https:\/\/purehivehoney.com\/de\/product\/frau-honig-frau-honig-und-die-geheimnisse-im-kirschbaum-lesecheckerin-zweiter-platz-beim-deutschen-kinderbuchpreis-2023\/","title":{"rendered":"Frau Honig: Frau Honig und die Gehe..."},"content":{"rendered":"<p>#LeseChecker*in \u2013 einfach Spa\u00df haben!\u202f<\/p>\n<p>#Aufgelockertes Layout erleichtert das Lesen #Mit Belohnungs-Bienen-Stickern #Daumenkino zeigt Lesefortschritt an<\/p>\n<p><\/p>\n<p>Die bezaubernde Bestseller-Serie jetzt auch f\u00fcr unge\u00fcbte Leser*innen<br \/>Kirschbaum steht auf Frau Honigs Zettel. Mehr nicht. Kein Weg, keine Allee, keine Stra\u00dfe \u2013 nur Kirschbaum. Doch dann stellt Frau Honig fest, dass da tats\u00e4chlich jemand wohnt. Die 9-j\u00e4hrige Emma. Sie ist von zu Hause ausgezogen. Jetzt wohnt sie im Kirschbaum im Garten. Daheim wurde zu viel gestritten. So zieht Frau Honig kurzerhand bei ihr ein. In den \u00c4sten im zweiten Stock ist noch ein wenig Platz. Es dauert ein bisschen, bis Frau Honig das Vertrauen von Emma gewinnt. Und gemeinsam \u00fcberlegen sie, was man alles mit streitenden Eltern machen k\u00f6nnte. Und Frau Honig w\u00e4re nicht Frau Honig, wenn sie nicht eine ganze Menge Ideen h\u00e4tte.<\/p>\n<p>Honigs\u00fc\u00dfes Extra: Belohnungs-Bienen-Sticker f\u00fcr flei\u00dfige Lese-Bienchen<\/p>\n<p>Eine neue Frau-Honig-Geschichte mit weniger Umfang und mehr Illustrationen f\u00fcr noch mehr Lesefreude!<\/p>\n<p>In dieser Serie bereits erschienen:<\/p>\n<p>Und pl\u00f6tzlich war Frau Honig da (1)Frau Honig und das Gl\u00fcck der kleinen Dinge (2)Frau Honig und die Schule der Fantasie (Mini-Ausgabe)Frau Honig \u2013 Wenn der Wind weht (3)Frau Honig und die Magie der Worte (4)Frau Honigs zauberhafte Tipps f\u00fcrs Wochenende<\/p>\n<p>Begeisterte Leserstimmen zu den LeseCheckern:<\/p>\n<p>&#8222;Passend mit der \u00fcbersichtlichen Schriftgr\u00f6\u00dfe ist das #LesecheckerIn-Paket super abgerundet. Wenn das B\u00fccher nicht interessant macht, wei\u00df ich auch nicht!&#8220; (blaxy87)\u00a0<\/p>\n<p> <br \/>\n                                             From the brand   <\/p>\n<p>                                              <img decoding=\"async\" alt=\"\" src=\"https:\/\/images-na.ssl-images-amazon.com\/images\/G\/01\/x-locale\/common\/grey-pixel.gif\" class=\"a-lazy-loaded\" data-src=\"https:\/\/m.media-amazon.com\/images\/S\/aplus-media-library-service-media\/edd54e97-cf7a-4700-b4a8-885dd126723f.__CR0,0,1464,625_PT0_SX1464_V1___.png\"><img decoding=\"async\" alt=\"\" src=\"https:\/\/m.media-amazon.com\/images\/S\/aplus-media-library-service-media\/edd54e97-cf7a-4700-b4a8-885dd126723f.__CR0,0,1464,625_PT0_SX1464_V1___.png\">  <\/p>\n<h3> Das Beste f\u00fcr&#8217;s Osternest <\/h3>\n<p> Die sch\u00f6nsten Kinderb\u00fccher zu Ostern f\u00fcr Jungen und M\u00e4dchen ab 1 Jahr. Von echten Menschen geschrieben und gezeichnet. <\/p>\n<h3> S\u00fc\u00dfe Ostergeschenke <\/h3>\n<p class=\"apm-brand-story-stores-link\">\n<h3> &#8230;im Store entdecken! <\/h3>\n<p class=\"apm-brand-story-stores-link\">\n<p> Publisher                                            \u200f                                            :                                            \u200e                                                        Planet! in der Thienemann-Esslinger Verlag GmbH       <br \/> Publication date                                            \u200f                                            :                                            \u200e                                                        24 Feb. 2023       <br \/> Edition                                            \u200f                                            :                                            \u200e                                                        6.       <br \/> Language                                            \u200f                                            :                                            \u200e                                            German   <br \/> Print length                                            \u200f                                            :                                            \u200e                                                        144 pages       <br \/> ISBN-10                                            \u200f                                            :                                            \u200e                                                        3522507916       <br \/> ISBN-13                                            \u200f                                            :                                            \u200e                                                        978-3522507912       <br \/> Reading age                                            \u200f                                            :                                            \u200e                                            7 &#8211; 10 years, from customers   <br \/> Dimensions                                            \u200f                                            :                                            \u200e                                                        14.9 x 2 x 21 cm       <br \/> Book 7 of 9                                            \u200f                                            :                                            \u200e                                                        Frau Honig       <br \/>       Best Sellers Rank:  3,317 in Books (See Top 100 in Books)    48 in Magical Fantasy Fiction for Children (Books)   82 in Fiction About Family for Children   152 in Visionary &#038; Metaphysical Fantasy Fiction for Children      <br \/>  Customer reviews:                                                                                            4.7               4.7 out of 5 stars                                  (261)                                              var dpAcrHasRegisteredArcLinkClickAction;                    P.when(&#8218;A&#8216;, &#8218;ready&#8216;).execute(function(A) {                        if (dpAcrHasRegisteredArcLinkClickAction !== true) {                            dpAcrHasRegisteredArcLinkClickAction = true;                            A.declarative(                                &#8218;acrLink-click-metrics&#8216;, &#8218;click&#8216;,                                { &#8222;allowLinkDefault&#8220;: true },                                function (event) {                                    if (window.ue) {                                        ue.count(&#8222;acrLinkClickCount&#8220;, (ue.count(&#8222;acrLinkClickCount&#8220;) || 0) + 1);                                    }                                }                            );                        }                    });                                             P.when(&#8218;A&#8216;, &#8218;cf&#8216;).execute(function(A) {                A.declarative(&#8218;acrStarsLink-click-metrics&#8216;, &#8218;click&#8216;, { &#8222;allowLinkDefault&#8220; : true },  function(event){                    if(window.ue) {                        ue.count(&#8222;acrStarsLinkWithPopoverClickCount&#8220;, (ue.count(&#8222;acrStarsLinkWithPopoverClickCount&#8220;) || 0) + 1);                    }                });            });                          <br \/><\/p>\n","protected":false},"excerpt":{"rendered":"<p>#LeseChecker*in \u2013 einfach Spa\u00df haben!\u202f #Aufgelockertes Layout erleichtert das Lesen #Mit Belohnungs-Bienen-Stickern #Daumenkino zeigt Lesefortschritt an Die bezaubernde Bestseller-Serie jetzt auch f\u00fcr unge\u00fcbte Leser*innenKirschbaum steht auf Frau Honigs Zettel. Mehr nicht. Kein Weg, keine Allee, keine Stra\u00dfe \u2013 nur Kirschbaum. Doch dann stellt Frau Honig fest, dass da tats\u00e4chlich jemand wohnt. Die 9-j\u00e4hrige Emma. Sie [&hellip;]<\/p>\n","protected":false},"featured_media":1302,"comment_status":"open","ping_status":"closed","template":"","meta":{"_aipt_faq_data":""},"store":[],"product_brand":[],"product_cat":[57],"product_tag":[174],"class_list":{"0":"post-1301","1":"product","2":"type-product","3":"status-publish","4":"has-post-thumbnail","6":"product_cat-honigbutter","7":"product_tag-honigbutter-zum-fruehstueck","9":"first","10":"instock","11":"shipping-taxable","12":"product-type-external"},"yoast_head":"<!-- This site is optimized with the Yoast SEO plugin v27.4 - https:\/\/yoast.com\/product\/yoast-seo-wordpress\/ -->\n<title>Frau Honig: Frau Honig und die Geheimnisse im Kirschbaum: #LeseChecker*in | Zweiter Platz beim Deutschen Kinderbuchpreis 2023 - PureHiveHoney<\/title>\n<meta name=\"description\" content=\"Entdecken Sie hochwertigen Rohhonig, Bio Honig, Manuka Honig und nat\u00fcrliche Bienenprodukte. PureHiveHoney hilft Ihnen dabei, sorgf\u00e4ltig ausgew\u00e4hlte Honigsorten mit nat\u00fcrlicher Qualit\u00e4t und Reinheit zu entdecken.\" \/>\n<meta name=\"robots\" content=\"index, follow, max-snippet:-1, max-image-preview:large, max-video-preview:-1\" \/>\n<link rel=\"canonical\" href=\"https:\/\/purehivehoney.com\/de\/product\/frau-honig-frau-honig-und-die-geheimnisse-im-kirschbaum-lesecheckerin-zweiter-platz-beim-deutschen-kinderbuchpreis-2023\/\" \/>\n<meta property=\"og:locale\" content=\"de_DE\" \/>\n<meta property=\"og:type\" content=\"article\" \/>\n<meta property=\"og:title\" content=\"Frau Honig: Frau Honig und die Geheimnisse im Kirschbaum: #LeseChecker*in | Zweiter Platz beim Deutschen Kinderbuchpreis 2023 - PureHiveHoney\" \/>\n<meta property=\"og:description\" content=\"Entdecken Sie hochwertigen Rohhonig, Bio Honig, Manuka Honig und nat\u00fcrliche Bienenprodukte. PureHiveHoney hilft Ihnen dabei, sorgf\u00e4ltig ausgew\u00e4hlte Honigsorten mit nat\u00fcrlicher Qualit\u00e4t und Reinheit zu entdecken.\" \/>\n<meta property=\"og:url\" content=\"https:\/\/purehivehoney.com\/de\/product\/frau-honig-frau-honig-und-die-geheimnisse-im-kirschbaum-lesecheckerin-zweiter-platz-beim-deutschen-kinderbuchpreis-2023\/\" \/>\n<meta property=\"og:site_name\" content=\"PureHiveHoney\" \/>\n<meta property=\"article:modified_time\" content=\"2026-03-16T09:51:24+00:00\" \/>\n<meta property=\"og:image\" content=\"https:\/\/images-na.ssl-images-amazon.com\/images\/G\/01\/x-locale\/common\/grey-pixel.gif\" \/>\n<meta name=\"twitter:card\" content=\"summary_large_image\" \/>\n<meta name=\"twitter:label1\" content=\"Gesch\u00e4tzte Lesezeit\" \/>\n\t<meta name=\"twitter:data1\" content=\"2\u00a0Minuten\" \/>\n<script type=\"application\/ld+json\" class=\"yoast-schema-graph\">{\"@context\":\"https:\\\/\\\/schema.org\",\"@graph\":[{\"@type\":\"WebPage\",\"@id\":\"https:\\\/\\\/purehivehoney.com\\\/de\\\/product\\\/frau-honig-frau-honig-und-die-geheimnisse-im-kirschbaum-lesecheckerin-zweiter-platz-beim-deutschen-kinderbuchpreis-2023\\\/\",\"url\":\"https:\\\/\\\/purehivehoney.com\\\/de\\\/product\\\/frau-honig-frau-honig-und-die-geheimnisse-im-kirschbaum-lesecheckerin-zweiter-platz-beim-deutschen-kinderbuchpreis-2023\\\/\",\"name\":\"Frau Honig: Frau Honig und die Geheimnisse im Kirschbaum: #LeseChecker*in | Zweiter Platz beim Deutschen Kinderbuchpreis 2023 - PureHiveHoney\",\"isPartOf\":{\"@id\":\"https:\\\/\\\/purehivehoney.com\\\/de\\\/#website\"},\"primaryImageOfPage\":{\"@id\":\"https:\\\/\\\/purehivehoney.com\\\/de\\\/product\\\/frau-honig-frau-honig-und-die-geheimnisse-im-kirschbaum-lesecheckerin-zweiter-platz-beim-deutschen-kinderbuchpreis-2023\\\/#primaryimage\"},\"image\":{\"@id\":\"https:\\\/\\\/purehivehoney.com\\\/de\\\/product\\\/frau-honig-frau-honig-und-die-geheimnisse-im-kirschbaum-lesecheckerin-zweiter-platz-beim-deutschen-kinderbuchpreis-2023\\\/#primaryimage\"},\"thumbnailUrl\":\"https:\\\/\\\/purehivehoney.com\\\/de\\\/wp-content\\\/uploads\\\/2026\\\/03\\\/71qO8iYz8L._SL1500_.jpg\",\"datePublished\":\"2026-03-16T09:51:08+00:00\",\"dateModified\":\"2026-03-16T09:51:24+00:00\",\"description\":\"Entdecken Sie hochwertigen Rohhonig, Bio Honig, Manuka Honig und nat\u00fcrliche Bienenprodukte. PureHiveHoney hilft Ihnen dabei, sorgf\u00e4ltig ausgew\u00e4hlte Honigsorten mit nat\u00fcrlicher Qualit\u00e4t und Reinheit zu entdecken.\",\"breadcrumb\":{\"@id\":\"https:\\\/\\\/purehivehoney.com\\\/de\\\/product\\\/frau-honig-frau-honig-und-die-geheimnisse-im-kirschbaum-lesecheckerin-zweiter-platz-beim-deutschen-kinderbuchpreis-2023\\\/#breadcrumb\"},\"inLanguage\":\"de\",\"potentialAction\":[{\"@type\":\"ReadAction\",\"target\":[\"https:\\\/\\\/purehivehoney.com\\\/de\\\/product\\\/frau-honig-frau-honig-und-die-geheimnisse-im-kirschbaum-lesecheckerin-zweiter-platz-beim-deutschen-kinderbuchpreis-2023\\\/\"]}]},{\"@type\":\"ImageObject\",\"inLanguage\":\"de\",\"@id\":\"https:\\\/\\\/purehivehoney.com\\\/de\\\/product\\\/frau-honig-frau-honig-und-die-geheimnisse-im-kirschbaum-lesecheckerin-zweiter-platz-beim-deutschen-kinderbuchpreis-2023\\\/#primaryimage\",\"url\":\"https:\\\/\\\/purehivehoney.com\\\/de\\\/wp-content\\\/uploads\\\/2026\\\/03\\\/71qO8iYz8L._SL1500_.jpg\",\"contentUrl\":\"https:\\\/\\\/purehivehoney.com\\\/de\\\/wp-content\\\/uploads\\\/2026\\\/03\\\/71qO8iYz8L._SL1500_.jpg\",\"width\":1003,\"height\":1500},{\"@type\":\"BreadcrumbList\",\"@id\":\"https:\\\/\\\/purehivehoney.com\\\/de\\\/product\\\/frau-honig-frau-honig-und-die-geheimnisse-im-kirschbaum-lesecheckerin-zweiter-platz-beim-deutschen-kinderbuchpreis-2023\\\/#breadcrumb\",\"itemListElement\":[{\"@type\":\"ListItem\",\"position\":1,\"name\":\"Home\",\"item\":\"https:\\\/\\\/purehivehoney.com\\\/de\\\/\"},{\"@type\":\"ListItem\",\"position\":2,\"name\":\"Shop\",\"item\":\"https:\\\/\\\/purehivehoney.com\\\/de\\\/shop\\\/\"},{\"@type\":\"ListItem\",\"position\":3,\"name\":\"Frau Honig: Frau Honig und die Gehe...\"}]},{\"@type\":\"WebSite\",\"@id\":\"https:\\\/\\\/purehivehoney.com\\\/de\\\/#website\",\"url\":\"https:\\\/\\\/purehivehoney.com\\\/de\\\/\",\"name\":\"PureHiveHoney\",\"description\":\"Reiner Honig &amp; Bienenprodukte Online | Rohhonig, Bio Honig &amp; Spezialhonig\",\"publisher\":{\"@id\":\"https:\\\/\\\/purehivehoney.com\\\/de\\\/#organization\"},\"potentialAction\":[{\"@type\":\"SearchAction\",\"target\":{\"@type\":\"EntryPoint\",\"urlTemplate\":\"https:\\\/\\\/purehivehoney.com\\\/de\\\/?s={search_term_string}\"},\"query-input\":{\"@type\":\"PropertyValueSpecification\",\"valueRequired\":true,\"valueName\":\"search_term_string\"}}],\"inLanguage\":\"de\"},{\"@type\":\"Organization\",\"@id\":\"https:\\\/\\\/purehivehoney.com\\\/de\\\/#organization\",\"name\":\"PureHiveHoney\",\"url\":\"https:\\\/\\\/purehivehoney.com\\\/de\\\/\",\"logo\":{\"@type\":\"ImageObject\",\"inLanguage\":\"de\",\"@id\":\"https:\\\/\\\/purehivehoney.com\\\/de\\\/#\\\/schema\\\/logo\\\/image\\\/\",\"url\":\"https:\\\/\\\/purehivehoney.com\\\/de\\\/wp-content\\\/uploads\\\/2026\\\/03\\\/Screenshot-2026-03-16-at-1.06.01-AM.png\",\"contentUrl\":\"https:\\\/\\\/purehivehoney.com\\\/de\\\/wp-content\\\/uploads\\\/2026\\\/03\\\/Screenshot-2026-03-16-at-1.06.01-AM.png\",\"width\":2112,\"height\":1086,\"caption\":\"PureHiveHoney\"},\"image\":{\"@id\":\"https:\\\/\\\/purehivehoney.com\\\/de\\\/#\\\/schema\\\/logo\\\/image\\\/\"}}]}<\/script>\n<!-- \/ Yoast SEO plugin. -->","yoast_head_json":{"title":"Frau Honig: Frau Honig und die Geheimnisse im Kirschbaum: #LeseChecker*in | Zweiter Platz beim Deutschen Kinderbuchpreis 2023 - PureHiveHoney","description":"Entdecken Sie hochwertigen Rohhonig, Bio Honig, Manuka Honig und nat\u00fcrliche Bienenprodukte. PureHiveHoney hilft Ihnen dabei, sorgf\u00e4ltig ausgew\u00e4hlte Honigsorten mit nat\u00fcrlicher Qualit\u00e4t und Reinheit zu entdecken.","robots":{"index":"index","follow":"follow","max-snippet":"max-snippet:-1","max-image-preview":"max-image-preview:large","max-video-preview":"max-video-preview:-1"},"canonical":"https:\/\/purehivehoney.com\/de\/product\/frau-honig-frau-honig-und-die-geheimnisse-im-kirschbaum-lesecheckerin-zweiter-platz-beim-deutschen-kinderbuchpreis-2023\/","og_locale":"de_DE","og_type":"article","og_title":"Frau Honig: Frau Honig und die Geheimnisse im Kirschbaum: #LeseChecker*in | Zweiter Platz beim Deutschen Kinderbuchpreis 2023 - PureHiveHoney","og_description":"Entdecken Sie hochwertigen Rohhonig, Bio Honig, Manuka Honig und nat\u00fcrliche Bienenprodukte. PureHiveHoney hilft Ihnen dabei, sorgf\u00e4ltig ausgew\u00e4hlte Honigsorten mit nat\u00fcrlicher Qualit\u00e4t und Reinheit zu entdecken.","og_url":"https:\/\/purehivehoney.com\/de\/product\/frau-honig-frau-honig-und-die-geheimnisse-im-kirschbaum-lesecheckerin-zweiter-platz-beim-deutschen-kinderbuchpreis-2023\/","og_site_name":"PureHiveHoney","article_modified_time":"2026-03-16T09:51:24+00:00","og_image":[{"url":"https:\/\/images-na.ssl-images-amazon.com\/images\/G\/01\/x-locale\/common\/grey-pixel.gif","type":"","width":"","height":""}],"twitter_card":"summary_large_image","twitter_misc":{"Gesch\u00e4tzte Lesezeit":"2\u00a0Minuten"},"schema":{"@context":"https:\/\/schema.org","@graph":[{"@type":"WebPage","@id":"https:\/\/purehivehoney.com\/de\/product\/frau-honig-frau-honig-und-die-geheimnisse-im-kirschbaum-lesecheckerin-zweiter-platz-beim-deutschen-kinderbuchpreis-2023\/","url":"https:\/\/purehivehoney.com\/de\/product\/frau-honig-frau-honig-und-die-geheimnisse-im-kirschbaum-lesecheckerin-zweiter-platz-beim-deutschen-kinderbuchpreis-2023\/","name":"Frau Honig: Frau Honig und die Geheimnisse im Kirschbaum: #LeseChecker*in | Zweiter Platz beim Deutschen Kinderbuchpreis 2023 - PureHiveHoney","isPartOf":{"@id":"https:\/\/purehivehoney.com\/de\/#website"},"primaryImageOfPage":{"@id":"https:\/\/purehivehoney.com\/de\/product\/frau-honig-frau-honig-und-die-geheimnisse-im-kirschbaum-lesecheckerin-zweiter-platz-beim-deutschen-kinderbuchpreis-2023\/#primaryimage"},"image":{"@id":"https:\/\/purehivehoney.com\/de\/product\/frau-honig-frau-honig-und-die-geheimnisse-im-kirschbaum-lesecheckerin-zweiter-platz-beim-deutschen-kinderbuchpreis-2023\/#primaryimage"},"thumbnailUrl":"https:\/\/purehivehoney.com\/de\/wp-content\/uploads\/2026\/03\/71qO8iYz8L._SL1500_.jpg","datePublished":"2026-03-16T09:51:08+00:00","dateModified":"2026-03-16T09:51:24+00:00","description":"Entdecken Sie hochwertigen Rohhonig, Bio Honig, Manuka Honig und nat\u00fcrliche Bienenprodukte. PureHiveHoney hilft Ihnen dabei, sorgf\u00e4ltig ausgew\u00e4hlte Honigsorten mit nat\u00fcrlicher Qualit\u00e4t und Reinheit zu entdecken.","breadcrumb":{"@id":"https:\/\/purehivehoney.com\/de\/product\/frau-honig-frau-honig-und-die-geheimnisse-im-kirschbaum-lesecheckerin-zweiter-platz-beim-deutschen-kinderbuchpreis-2023\/#breadcrumb"},"inLanguage":"de","potentialAction":[{"@type":"ReadAction","target":["https:\/\/purehivehoney.com\/de\/product\/frau-honig-frau-honig-und-die-geheimnisse-im-kirschbaum-lesecheckerin-zweiter-platz-beim-deutschen-kinderbuchpreis-2023\/"]}]},{"@type":"ImageObject","inLanguage":"de","@id":"https:\/\/purehivehoney.com\/de\/product\/frau-honig-frau-honig-und-die-geheimnisse-im-kirschbaum-lesecheckerin-zweiter-platz-beim-deutschen-kinderbuchpreis-2023\/#primaryimage","url":"https:\/\/purehivehoney.com\/de\/wp-content\/uploads\/2026\/03\/71qO8iYz8L._SL1500_.jpg","contentUrl":"https:\/\/purehivehoney.com\/de\/wp-content\/uploads\/2026\/03\/71qO8iYz8L._SL1500_.jpg","width":1003,"height":1500},{"@type":"BreadcrumbList","@id":"https:\/\/purehivehoney.com\/de\/product\/frau-honig-frau-honig-und-die-geheimnisse-im-kirschbaum-lesecheckerin-zweiter-platz-beim-deutschen-kinderbuchpreis-2023\/#breadcrumb","itemListElement":[{"@type":"ListItem","position":1,"name":"Home","item":"https:\/\/purehivehoney.com\/de\/"},{"@type":"ListItem","position":2,"name":"Shop","item":"https:\/\/purehivehoney.com\/de\/shop\/"},{"@type":"ListItem","position":3,"name":"Frau Honig: Frau Honig und die Gehe..."}]},{"@type":"WebSite","@id":"https:\/\/purehivehoney.com\/de\/#website","url":"https:\/\/purehivehoney.com\/de\/","name":"PureHiveHoney","description":"Reiner Honig &amp; Bienenprodukte Online | Rohhonig, Bio Honig &amp; Spezialhonig","publisher":{"@id":"https:\/\/purehivehoney.com\/de\/#organization"},"potentialAction":[{"@type":"SearchAction","target":{"@type":"EntryPoint","urlTemplate":"https:\/\/purehivehoney.com\/de\/?s={search_term_string}"},"query-input":{"@type":"PropertyValueSpecification","valueRequired":true,"valueName":"search_term_string"}}],"inLanguage":"de"},{"@type":"Organization","@id":"https:\/\/purehivehoney.com\/de\/#organization","name":"PureHiveHoney","url":"https:\/\/purehivehoney.com\/de\/","logo":{"@type":"ImageObject","inLanguage":"de","@id":"https:\/\/purehivehoney.com\/de\/#\/schema\/logo\/image\/","url":"https:\/\/purehivehoney.com\/de\/wp-content\/uploads\/2026\/03\/Screenshot-2026-03-16-at-1.06.01-AM.png","contentUrl":"https:\/\/purehivehoney.com\/de\/wp-content\/uploads\/2026\/03\/Screenshot-2026-03-16-at-1.06.01-AM.png","width":2112,"height":1086,"caption":"PureHiveHoney"},"image":{"@id":"https:\/\/purehivehoney.com\/de\/#\/schema\/logo\/image\/"}}]}},"_links":{"self":[{"href":"https:\/\/purehivehoney.com\/de\/wp-json\/wp\/v2\/product\/1301","targetHints":{"allow":["GET"]}}],"collection":[{"href":"https:\/\/purehivehoney.com\/de\/wp-json\/wp\/v2\/product"}],"about":[{"href":"https:\/\/purehivehoney.com\/de\/wp-json\/wp\/v2\/types\/product"}],"replies":[{"embeddable":true,"href":"https:\/\/purehivehoney.com\/de\/wp-json\/wp\/v2\/comments?post=1301"}],"wp:featuredmedia":[{"embeddable":true,"href":"https:\/\/purehivehoney.com\/de\/wp-json\/wp\/v2\/media\/1302"}],"wp:attachment":[{"href":"https:\/\/purehivehoney.com\/de\/wp-json\/wp\/v2\/media?parent=1301"}],"wp:term":[{"taxonomy":"store","embeddable":true,"href":"https:\/\/purehivehoney.com\/de\/wp-json\/wp\/v2\/store?post=1301"},{"taxonomy":"product_brand","embeddable":true,"href":"https:\/\/purehivehoney.com\/de\/wp-json\/wp\/v2\/product_brand?post=1301"},{"taxonomy":"product_cat","embeddable":true,"href":"https:\/\/purehivehoney.com\/de\/wp-json\/wp\/v2\/product_cat?post=1301"},{"taxonomy":"product_tag","embeddable":true,"href":"https:\/\/purehivehoney.com\/de\/wp-json\/wp\/v2\/product_tag?post=1301"}],"curies":[{"name":"wp","href":"https:\/\/api.w.org\/{rel}","templated":true}]}}