{"id":1299,"date":"2026-03-16T09:47:16","date_gmt":"2026-03-16T09:47:16","guid":{"rendered":"https:\/\/purehivehoney.com\/de\/product\/natuerliche-medizin-aus-dem-bienenstock-entdecken-sie-die-heilenden-wirkungen-von-bienengift-propolis-pollen-und-honig\/"},"modified":"2026-03-16T09:47:18","modified_gmt":"2026-03-16T09:47:18","slug":"natuerliche-medizin-aus-dem-bienenstock-entdecken-sie-die-heilenden-wirkungen-von-bienengift-propolis-pollen-und-honig","status":"publish","type":"product","link":"https:\/\/purehivehoney.com\/de\/product\/natuerliche-medizin-aus-dem-bienenstock-entdecken-sie-die-heilenden-wirkungen-von-bienengift-propolis-pollen-und-honig\/","title":{"rendered":"Nat\u00fcrliche Medizin aus dem Bienens..."},"content":{"rendered":"<p>  Tauchen Sie ein in die faszinierende Welt der Bienen und entdecken Sie die erstaunlichen heilenden Kr\u00e4fte ihrer Produkte. In &#8222;Nat\u00fcrliche Medizin aus dem Bienenstock&#8220; enth\u00fcllt Hanspeter Odermatt die vielf\u00e4ltigen gesundheitlichen Vorteile von Bienengift, Propolis, Pollen und Honig. Von der traditionellen Heilkunde bis hin zu modernen wissenschaftlichen Erkenntnissen \u2013 dieses Buch bietet einen umfassenden \u00dcberblick \u00fcber die Nutzung und Wirkungsweise der wertvollen Bienenprodukte. Lernen Sie, wie Bienengift entz\u00fcndliche Beschwerden lindern kann, wie Propolis als nat\u00fcrliches Antibiotikum wirkt, wie Pollen Ihre Vitalit\u00e4t steigern und wie Honig die Wundheilung f\u00f6rdert. Mit praktischen Anleitungen und hilfreichen Tipps zeigt Hanspeter Odermatt, wie Sie die heilenden Kr\u00e4fte der Bienenprodukte in Ihren Alltag integrieren k\u00f6nnen. Ob als Nahrungserg\u00e4nzungsmittel, in der Hautpflege oder zur St\u00e4rkung des Immunsystems \u2013 dieses Buch ist ein unverzichtbarer Begleiter f\u00fcr alle, die auf nat\u00fcrliche Weise ihre Gesundheit f\u00f6rdern m\u00f6chten. Entdecken Sie die Geheimnisse des Bienenstocks und lassen Sie sich von der Heilkraft der Natur begeistern. &#8222;Nat\u00fcrliche Medizin aus dem Bienenstock&#8220; ist Ihr Schl\u00fcssel zu einem ges\u00fcnderen und vitaleren Leben.    <br \/>Publisher                                            \u200f                                            :                                            \u200e                                                        tredition       <br \/> Publication date                                            \u200f                                            :                                            \u200e                                                        1 Jun. 2024       <br \/> Language                                            \u200f                                            :                                            \u200e                                            German   <br \/> Print length                                            \u200f                                            :                                            \u200e                                                        204 pages       <br \/> ISBN-10                                            \u200f                                            :                                            \u200e                                                        3384246187       <br \/> ISBN-13                                            \u200f                                            :                                            \u200e                                                        978-3384246189       <br \/> Dimensions                                            \u200f                                            :                                            \u200e                                                        14.81 x 1.19 x 21.01 cm       <br \/>       Best Sellers Rank:  2,139,159 in Books (See Top 100 in Books)    1,658 in Men&#8217;s Health &#038; Lifestyle   2,150 in Conflicts   15,222 in Fitness Training      <br \/>  Customer reviews:                                                                                            3.0               3.0 out of 5 stars                                  (2)                                              var dpAcrHasRegisteredArcLinkClickAction;                    P.when(&#8218;A&#8216;, &#8218;ready&#8216;).execute(function(A) {                        if (dpAcrHasRegisteredArcLinkClickAction !== true) {                            dpAcrHasRegisteredArcLinkClickAction = true;                            A.declarative(                                &#8218;acrLink-click-metrics&#8216;, &#8218;click&#8216;,                                { &#8222;allowLinkDefault&#8220;: true },                                function (event) {                                    if (window.ue) {                                        ue.count(&#8222;acrLinkClickCount&#8220;, (ue.count(&#8222;acrLinkClickCount&#8220;) || 0) + 1);                                    }                                }                            );                        }                    });                                             P.when(&#8218;A&#8216;, &#8218;cf&#8216;).execute(function(A) {                A.declarative(&#8218;acrStarsLink-click-metrics&#8216;, &#8218;click&#8216;, { &#8222;allowLinkDefault&#8220; : true },  function(event){                    if(window.ue) {                        ue.count(&#8222;acrStarsLinkWithPopoverClickCount&#8220;, (ue.count(&#8222;acrStarsLinkWithPopoverClickCount&#8220;) || 0) + 1);                    }                });            });                          <br \/><\/p>\n","protected":false},"excerpt":{"rendered":"<p>Tauchen Sie ein in die faszinierende Welt der Bienen und entdecken Sie die erstaunlichen heilenden Kr\u00e4fte ihrer Produkte. In &#8222;Nat\u00fcrliche Medizin aus dem Bienenstock&#8220; enth\u00fcllt Hanspeter Odermatt die vielf\u00e4ltigen gesundheitlichen Vorteile von Bienengift, Propolis, Pollen und Honig. Von der traditionellen Heilkunde bis hin zu modernen wissenschaftlichen Erkenntnissen \u2013 dieses Buch bietet einen umfassenden \u00dcberblick \u00fcber [&hellip;]<\/p>\n","protected":false},"featured_media":1300,"comment_status":"open","ping_status":"closed","template":"","meta":{"_aipt_faq_data":""},"store":[],"product_brand":[],"product_cat":[60],"product_tag":[143],"class_list":{"0":"post-1299","1":"product","2":"type-product","3":"status-publish","4":"has-post-thumbnail","6":"product_cat-honig-fur-das-immunsystem","7":"product_tag-natuerlicher-honig-fuer-das-immunsystem","9":"first","10":"instock","11":"shipping-taxable","12":"product-type-external"},"yoast_head":"<!-- This site is optimized with the Yoast SEO plugin v27.4 - https:\/\/yoast.com\/product\/yoast-seo-wordpress\/ -->\n<title>Nat\u00fcrliche Medizin aus dem Bienenstock: Entdecken Sie die heilenden Wirkungen von Bienengift, Propolis, Pollen und Honig - PureHiveHoney<\/title>\n<meta name=\"description\" content=\"Entdecken Sie hochwertigen Rohhonig, Bio Honig, Manuka Honig und nat\u00fcrliche Bienenprodukte. PureHiveHoney hilft Ihnen dabei, sorgf\u00e4ltig ausgew\u00e4hlte Honigsorten mit nat\u00fcrlicher Qualit\u00e4t und Reinheit zu entdecken.\" \/>\n<meta name=\"robots\" content=\"index, follow, max-snippet:-1, max-image-preview:large, max-video-preview:-1\" \/>\n<link rel=\"canonical\" href=\"https:\/\/purehivehoney.com\/de\/product\/natuerliche-medizin-aus-dem-bienenstock-entdecken-sie-die-heilenden-wirkungen-von-bienengift-propolis-pollen-und-honig\/\" \/>\n<meta property=\"og:locale\" content=\"de_DE\" \/>\n<meta property=\"og:type\" content=\"article\" \/>\n<meta property=\"og:title\" content=\"Nat\u00fcrliche Medizin aus dem Bienenstock: Entdecken Sie die heilenden Wirkungen von Bienengift, Propolis, Pollen und Honig - PureHiveHoney\" \/>\n<meta property=\"og:description\" content=\"Entdecken Sie hochwertigen Rohhonig, Bio Honig, Manuka Honig und nat\u00fcrliche Bienenprodukte. PureHiveHoney hilft Ihnen dabei, sorgf\u00e4ltig ausgew\u00e4hlte Honigsorten mit nat\u00fcrlicher Qualit\u00e4t und Reinheit zu entdecken.\" \/>\n<meta property=\"og:url\" content=\"https:\/\/purehivehoney.com\/de\/product\/natuerliche-medizin-aus-dem-bienenstock-entdecken-sie-die-heilenden-wirkungen-von-bienengift-propolis-pollen-und-honig\/\" \/>\n<meta property=\"og:site_name\" content=\"PureHiveHoney\" \/>\n<meta property=\"article:modified_time\" content=\"2026-03-16T09:47:18+00:00\" \/>\n<meta name=\"twitter:card\" content=\"summary_large_image\" \/>\n<meta name=\"twitter:label1\" content=\"Gesch\u00e4tzte Lesezeit\" \/>\n\t<meta name=\"twitter:data1\" content=\"1\u00a0Minute\" \/>\n<script type=\"application\/ld+json\" class=\"yoast-schema-graph\">{\"@context\":\"https:\\\/\\\/schema.org\",\"@graph\":[{\"@type\":\"WebPage\",\"@id\":\"https:\\\/\\\/purehivehoney.com\\\/de\\\/product\\\/natuerliche-medizin-aus-dem-bienenstock-entdecken-sie-die-heilenden-wirkungen-von-bienengift-propolis-pollen-und-honig\\\/\",\"url\":\"https:\\\/\\\/purehivehoney.com\\\/de\\\/product\\\/natuerliche-medizin-aus-dem-bienenstock-entdecken-sie-die-heilenden-wirkungen-von-bienengift-propolis-pollen-und-honig\\\/\",\"name\":\"Nat\u00fcrliche Medizin aus dem Bienenstock: Entdecken Sie die heilenden Wirkungen von Bienengift, Propolis, Pollen und Honig - PureHiveHoney\",\"isPartOf\":{\"@id\":\"https:\\\/\\\/purehivehoney.com\\\/de\\\/#website\"},\"primaryImageOfPage\":{\"@id\":\"https:\\\/\\\/purehivehoney.com\\\/de\\\/product\\\/natuerliche-medizin-aus-dem-bienenstock-entdecken-sie-die-heilenden-wirkungen-von-bienengift-propolis-pollen-und-honig\\\/#primaryimage\"},\"image\":{\"@id\":\"https:\\\/\\\/purehivehoney.com\\\/de\\\/product\\\/natuerliche-medizin-aus-dem-bienenstock-entdecken-sie-die-heilenden-wirkungen-von-bienengift-propolis-pollen-und-honig\\\/#primaryimage\"},\"thumbnailUrl\":\"https:\\\/\\\/purehivehoney.com\\\/de\\\/wp-content\\\/uploads\\\/2026\\\/03\\\/71VL9KxzpVL._SL1500_.jpg\",\"datePublished\":\"2026-03-16T09:47:16+00:00\",\"dateModified\":\"2026-03-16T09:47:18+00:00\",\"description\":\"Entdecken Sie hochwertigen Rohhonig, Bio Honig, Manuka Honig und nat\u00fcrliche Bienenprodukte. PureHiveHoney hilft Ihnen dabei, sorgf\u00e4ltig ausgew\u00e4hlte Honigsorten mit nat\u00fcrlicher Qualit\u00e4t und Reinheit zu entdecken.\",\"breadcrumb\":{\"@id\":\"https:\\\/\\\/purehivehoney.com\\\/de\\\/product\\\/natuerliche-medizin-aus-dem-bienenstock-entdecken-sie-die-heilenden-wirkungen-von-bienengift-propolis-pollen-und-honig\\\/#breadcrumb\"},\"inLanguage\":\"de\",\"potentialAction\":[{\"@type\":\"ReadAction\",\"target\":[\"https:\\\/\\\/purehivehoney.com\\\/de\\\/product\\\/natuerliche-medizin-aus-dem-bienenstock-entdecken-sie-die-heilenden-wirkungen-von-bienengift-propolis-pollen-und-honig\\\/\"]}]},{\"@type\":\"ImageObject\",\"inLanguage\":\"de\",\"@id\":\"https:\\\/\\\/purehivehoney.com\\\/de\\\/product\\\/natuerliche-medizin-aus-dem-bienenstock-entdecken-sie-die-heilenden-wirkungen-von-bienengift-propolis-pollen-und-honig\\\/#primaryimage\",\"url\":\"https:\\\/\\\/purehivehoney.com\\\/de\\\/wp-content\\\/uploads\\\/2026\\\/03\\\/71VL9KxzpVL._SL1500_.jpg\",\"contentUrl\":\"https:\\\/\\\/purehivehoney.com\\\/de\\\/wp-content\\\/uploads\\\/2026\\\/03\\\/71VL9KxzpVL._SL1500_.jpg\",\"width\":1057,\"height\":1500},{\"@type\":\"BreadcrumbList\",\"@id\":\"https:\\\/\\\/purehivehoney.com\\\/de\\\/product\\\/natuerliche-medizin-aus-dem-bienenstock-entdecken-sie-die-heilenden-wirkungen-von-bienengift-propolis-pollen-und-honig\\\/#breadcrumb\",\"itemListElement\":[{\"@type\":\"ListItem\",\"position\":1,\"name\":\"Home\",\"item\":\"https:\\\/\\\/purehivehoney.com\\\/de\\\/\"},{\"@type\":\"ListItem\",\"position\":2,\"name\":\"Shop\",\"item\":\"https:\\\/\\\/purehivehoney.com\\\/de\\\/shop\\\/\"},{\"@type\":\"ListItem\",\"position\":3,\"name\":\"Nat\u00fcrliche Medizin aus dem Bienens...\"}]},{\"@type\":\"WebSite\",\"@id\":\"https:\\\/\\\/purehivehoney.com\\\/de\\\/#website\",\"url\":\"https:\\\/\\\/purehivehoney.com\\\/de\\\/\",\"name\":\"PureHiveHoney\",\"description\":\"Reiner Honig &amp; Bienenprodukte Online | Rohhonig, Bio Honig &amp; Spezialhonig\",\"publisher\":{\"@id\":\"https:\\\/\\\/purehivehoney.com\\\/de\\\/#organization\"},\"potentialAction\":[{\"@type\":\"SearchAction\",\"target\":{\"@type\":\"EntryPoint\",\"urlTemplate\":\"https:\\\/\\\/purehivehoney.com\\\/de\\\/?s={search_term_string}\"},\"query-input\":{\"@type\":\"PropertyValueSpecification\",\"valueRequired\":true,\"valueName\":\"search_term_string\"}}],\"inLanguage\":\"de\"},{\"@type\":\"Organization\",\"@id\":\"https:\\\/\\\/purehivehoney.com\\\/de\\\/#organization\",\"name\":\"PureHiveHoney\",\"url\":\"https:\\\/\\\/purehivehoney.com\\\/de\\\/\",\"logo\":{\"@type\":\"ImageObject\",\"inLanguage\":\"de\",\"@id\":\"https:\\\/\\\/purehivehoney.com\\\/de\\\/#\\\/schema\\\/logo\\\/image\\\/\",\"url\":\"https:\\\/\\\/purehivehoney.com\\\/de\\\/wp-content\\\/uploads\\\/2026\\\/03\\\/Screenshot-2026-03-16-at-1.06.01-AM.png\",\"contentUrl\":\"https:\\\/\\\/purehivehoney.com\\\/de\\\/wp-content\\\/uploads\\\/2026\\\/03\\\/Screenshot-2026-03-16-at-1.06.01-AM.png\",\"width\":2112,\"height\":1086,\"caption\":\"PureHiveHoney\"},\"image\":{\"@id\":\"https:\\\/\\\/purehivehoney.com\\\/de\\\/#\\\/schema\\\/logo\\\/image\\\/\"}}]}<\/script>\n<!-- \/ Yoast SEO plugin. -->","yoast_head_json":{"title":"Nat\u00fcrliche Medizin aus dem Bienenstock: Entdecken Sie die heilenden Wirkungen von Bienengift, Propolis, Pollen und Honig - PureHiveHoney","description":"Entdecken Sie hochwertigen Rohhonig, Bio Honig, Manuka Honig und nat\u00fcrliche Bienenprodukte. PureHiveHoney hilft Ihnen dabei, sorgf\u00e4ltig ausgew\u00e4hlte Honigsorten mit nat\u00fcrlicher Qualit\u00e4t und Reinheit zu entdecken.","robots":{"index":"index","follow":"follow","max-snippet":"max-snippet:-1","max-image-preview":"max-image-preview:large","max-video-preview":"max-video-preview:-1"},"canonical":"https:\/\/purehivehoney.com\/de\/product\/natuerliche-medizin-aus-dem-bienenstock-entdecken-sie-die-heilenden-wirkungen-von-bienengift-propolis-pollen-und-honig\/","og_locale":"de_DE","og_type":"article","og_title":"Nat\u00fcrliche Medizin aus dem Bienenstock: Entdecken Sie die heilenden Wirkungen von Bienengift, Propolis, Pollen und Honig - PureHiveHoney","og_description":"Entdecken Sie hochwertigen Rohhonig, Bio Honig, Manuka Honig und nat\u00fcrliche Bienenprodukte. PureHiveHoney hilft Ihnen dabei, sorgf\u00e4ltig ausgew\u00e4hlte Honigsorten mit nat\u00fcrlicher Qualit\u00e4t und Reinheit zu entdecken.","og_url":"https:\/\/purehivehoney.com\/de\/product\/natuerliche-medizin-aus-dem-bienenstock-entdecken-sie-die-heilenden-wirkungen-von-bienengift-propolis-pollen-und-honig\/","og_site_name":"PureHiveHoney","article_modified_time":"2026-03-16T09:47:18+00:00","twitter_card":"summary_large_image","twitter_misc":{"Gesch\u00e4tzte Lesezeit":"1\u00a0Minute"},"schema":{"@context":"https:\/\/schema.org","@graph":[{"@type":"WebPage","@id":"https:\/\/purehivehoney.com\/de\/product\/natuerliche-medizin-aus-dem-bienenstock-entdecken-sie-die-heilenden-wirkungen-von-bienengift-propolis-pollen-und-honig\/","url":"https:\/\/purehivehoney.com\/de\/product\/natuerliche-medizin-aus-dem-bienenstock-entdecken-sie-die-heilenden-wirkungen-von-bienengift-propolis-pollen-und-honig\/","name":"Nat\u00fcrliche Medizin aus dem Bienenstock: Entdecken Sie die heilenden Wirkungen von Bienengift, Propolis, Pollen und Honig - PureHiveHoney","isPartOf":{"@id":"https:\/\/purehivehoney.com\/de\/#website"},"primaryImageOfPage":{"@id":"https:\/\/purehivehoney.com\/de\/product\/natuerliche-medizin-aus-dem-bienenstock-entdecken-sie-die-heilenden-wirkungen-von-bienengift-propolis-pollen-und-honig\/#primaryimage"},"image":{"@id":"https:\/\/purehivehoney.com\/de\/product\/natuerliche-medizin-aus-dem-bienenstock-entdecken-sie-die-heilenden-wirkungen-von-bienengift-propolis-pollen-und-honig\/#primaryimage"},"thumbnailUrl":"https:\/\/purehivehoney.com\/de\/wp-content\/uploads\/2026\/03\/71VL9KxzpVL._SL1500_.jpg","datePublished":"2026-03-16T09:47:16+00:00","dateModified":"2026-03-16T09:47:18+00:00","description":"Entdecken Sie hochwertigen Rohhonig, Bio Honig, Manuka Honig und nat\u00fcrliche Bienenprodukte. PureHiveHoney hilft Ihnen dabei, sorgf\u00e4ltig ausgew\u00e4hlte Honigsorten mit nat\u00fcrlicher Qualit\u00e4t und Reinheit zu entdecken.","breadcrumb":{"@id":"https:\/\/purehivehoney.com\/de\/product\/natuerliche-medizin-aus-dem-bienenstock-entdecken-sie-die-heilenden-wirkungen-von-bienengift-propolis-pollen-und-honig\/#breadcrumb"},"inLanguage":"de","potentialAction":[{"@type":"ReadAction","target":["https:\/\/purehivehoney.com\/de\/product\/natuerliche-medizin-aus-dem-bienenstock-entdecken-sie-die-heilenden-wirkungen-von-bienengift-propolis-pollen-und-honig\/"]}]},{"@type":"ImageObject","inLanguage":"de","@id":"https:\/\/purehivehoney.com\/de\/product\/natuerliche-medizin-aus-dem-bienenstock-entdecken-sie-die-heilenden-wirkungen-von-bienengift-propolis-pollen-und-honig\/#primaryimage","url":"https:\/\/purehivehoney.com\/de\/wp-content\/uploads\/2026\/03\/71VL9KxzpVL._SL1500_.jpg","contentUrl":"https:\/\/purehivehoney.com\/de\/wp-content\/uploads\/2026\/03\/71VL9KxzpVL._SL1500_.jpg","width":1057,"height":1500},{"@type":"BreadcrumbList","@id":"https:\/\/purehivehoney.com\/de\/product\/natuerliche-medizin-aus-dem-bienenstock-entdecken-sie-die-heilenden-wirkungen-von-bienengift-propolis-pollen-und-honig\/#breadcrumb","itemListElement":[{"@type":"ListItem","position":1,"name":"Home","item":"https:\/\/purehivehoney.com\/de\/"},{"@type":"ListItem","position":2,"name":"Shop","item":"https:\/\/purehivehoney.com\/de\/shop\/"},{"@type":"ListItem","position":3,"name":"Nat\u00fcrliche Medizin aus dem Bienens..."}]},{"@type":"WebSite","@id":"https:\/\/purehivehoney.com\/de\/#website","url":"https:\/\/purehivehoney.com\/de\/","name":"PureHiveHoney","description":"Reiner Honig &amp; Bienenprodukte Online | Rohhonig, Bio Honig &amp; Spezialhonig","publisher":{"@id":"https:\/\/purehivehoney.com\/de\/#organization"},"potentialAction":[{"@type":"SearchAction","target":{"@type":"EntryPoint","urlTemplate":"https:\/\/purehivehoney.com\/de\/?s={search_term_string}"},"query-input":{"@type":"PropertyValueSpecification","valueRequired":true,"valueName":"search_term_string"}}],"inLanguage":"de"},{"@type":"Organization","@id":"https:\/\/purehivehoney.com\/de\/#organization","name":"PureHiveHoney","url":"https:\/\/purehivehoney.com\/de\/","logo":{"@type":"ImageObject","inLanguage":"de","@id":"https:\/\/purehivehoney.com\/de\/#\/schema\/logo\/image\/","url":"https:\/\/purehivehoney.com\/de\/wp-content\/uploads\/2026\/03\/Screenshot-2026-03-16-at-1.06.01-AM.png","contentUrl":"https:\/\/purehivehoney.com\/de\/wp-content\/uploads\/2026\/03\/Screenshot-2026-03-16-at-1.06.01-AM.png","width":2112,"height":1086,"caption":"PureHiveHoney"},"image":{"@id":"https:\/\/purehivehoney.com\/de\/#\/schema\/logo\/image\/"}}]}},"_links":{"self":[{"href":"https:\/\/purehivehoney.com\/de\/wp-json\/wp\/v2\/product\/1299","targetHints":{"allow":["GET"]}}],"collection":[{"href":"https:\/\/purehivehoney.com\/de\/wp-json\/wp\/v2\/product"}],"about":[{"href":"https:\/\/purehivehoney.com\/de\/wp-json\/wp\/v2\/types\/product"}],"replies":[{"embeddable":true,"href":"https:\/\/purehivehoney.com\/de\/wp-json\/wp\/v2\/comments?post=1299"}],"wp:featuredmedia":[{"embeddable":true,"href":"https:\/\/purehivehoney.com\/de\/wp-json\/wp\/v2\/media\/1300"}],"wp:attachment":[{"href":"https:\/\/purehivehoney.com\/de\/wp-json\/wp\/v2\/media?parent=1299"}],"wp:term":[{"taxonomy":"store","embeddable":true,"href":"https:\/\/purehivehoney.com\/de\/wp-json\/wp\/v2\/store?post=1299"},{"taxonomy":"product_brand","embeddable":true,"href":"https:\/\/purehivehoney.com\/de\/wp-json\/wp\/v2\/product_brand?post=1299"},{"taxonomy":"product_cat","embeddable":true,"href":"https:\/\/purehivehoney.com\/de\/wp-json\/wp\/v2\/product_cat?post=1299"},{"taxonomy":"product_tag","embeddable":true,"href":"https:\/\/purehivehoney.com\/de\/wp-json\/wp\/v2\/product_tag?post=1299"}],"curies":[{"name":"wp","href":"https:\/\/api.w.org\/{rel}","templated":true}]}}