{"id":1274,"date":"2026-03-16T09:34:22","date_gmt":"2026-03-16T09:34:22","guid":{"rendered":"https:\/\/purehivehoney.com\/de\/product\/tala-beeswax-refresher-cubes-for-reuse-and-care-of-beeswax-wipes-environmentally-friendly-after\/"},"modified":"2026-03-16T09:34:33","modified_gmt":"2026-03-16T09:34:33","slug":"tala-beeswax-refresher-cubes-for-reuse-and-care-of-beeswax-wipes-environmentally-friendly-after","status":"publish","type":"product","link":"https:\/\/purehivehoney.com\/de\/product\/tala-beeswax-refresher-cubes-for-reuse-and-care-of-beeswax-wipes-environmentally-friendly-after\/","title":{"rendered":"Tala Beeswax Refresher Cubes &#8211..."},"content":{"rendered":"<p>                                             From the manufacturer   <\/p>\n<p>                                                         <img decoding=\"async\" alt=\"..\" src=\"https:\/\/images-na.ssl-images-amazon.com\/images\/G\/01\/x-locale\/common\/grey-pixel.gif\" class=\"a-lazy-loaded\" data-src=\"https:\/\/m.media-amazon.com\/images\/S\/aplus-media-library-service-media\/ac3c6467-d089-4a9d-a0dc-20f42913190a.__CR0,0,600,180_PT0_SX600_V1___.png\"><img decoding=\"async\" alt=\"..\" src=\"https:\/\/m.media-amazon.com\/images\/S\/aplus-media-library-service-media\/ac3c6467-d089-4a9d-a0dc-20f42913190a.__CR0,0,600,180_PT0_SX600_V1___.png\">      <\/p>\n<p>                                                                             <img decoding=\"async\" alt=\"..\" src=\"https:\/\/images-na.ssl-images-amazon.com\/images\/G\/01\/x-locale\/common\/grey-pixel.gif\" class=\"a-spacing-base a-lazy-loaded\" data-src=\"https:\/\/m.media-amazon.com\/images\/S\/aplus-media-library-service-media\/5a3ca0ac-bff8-489c-8ccc-191eebf1369e.__CR0,0,970,600_PT0_SX970_V1___.png\"><img decoding=\"async\" alt=\"..\" src=\"https:\/\/m.media-amazon.com\/images\/S\/aplus-media-library-service-media\/5a3ca0ac-bff8-489c-8ccc-191eebf1369e.__CR0,0,970,600_PT0_SX970_V1___.png\">                                         <\/p>\n<h3 class=\"a-spacing-mini\"> \u00dcber uns: <\/h3>\n<p class=\"a-spacing-base\"> Tala ist eine der \u00e4ltesten und beliebtesten K\u00fcchenutensilienmarken Gro\u00dfbritanniens, denen K\u00f6che auf der ganzen Welt seit 1899 vertrauen. Wir haben eine reiche Geschichte in der Herstellung von K\u00fcchen-, Heim- und Gebrauchswaren. <\/p>\n<p class=\"a-spacing-base\"> Tala stellt seit 4,807.5 cm England her und heute werden viele unserer ikonischen Produkte immer noch von Hand in England von kleinen Teams von Fachleuten hergestellt. Wir sind weiterhin bestrebt, wertvolle K\u00fcchenwerkzeuge f\u00fcr Sch\u00f6nheit und Effizienz zu entwickeln. Tala zu kaufen bedeutet, etwas zu kaufen, das von Generationen des Vertrauens unterstrichen wird. Es ist eine Marke, die sich entwickelt hat, um die Bed\u00fcrfnisse und W\u00fcnsche aller H\u00e4user zu erf\u00fcllen, um die beste Qualit\u00e4t in jedem Produkt zu bieten. <\/p>\n<p>                                                                             <img decoding=\"async\" alt=\"..\" src=\"https:\/\/images-na.ssl-images-amazon.com\/images\/G\/01\/x-locale\/common\/grey-pixel.gif\" class=\"a-spacing-base a-lazy-loaded\" data-src=\"https:\/\/m.media-amazon.com\/images\/S\/aplus-media-library-service-media\/9fb4554a-990d-4242-8118-1a070f4157d3.__CR0,0,970,600_PT0_SX970_V1___.png\"><img decoding=\"async\" alt=\"..\" src=\"https:\/\/m.media-amazon.com\/images\/S\/aplus-media-library-service-media\/9fb4554a-990d-4242-8118-1a070f4157d3.__CR0,0,970,600_PT0_SX970_V1___.png\">                                                                    <\/p>\n<p>The Tala beeswax refreshment cubes are 100% natural and sustainable.<br \/>Our cubes are designed to help maintain and refresh the coating of your wraps.<br \/>The cubes can be used to make your own wax food packaging from home.<br \/>Our refresher cubes include instructions (English language not guaranteed). How to refresh the coating of your wraps.<br \/>From an extensive range of household goods from Tala.<br \/>ECOLOGICAL: made from natural ingredients, these refreshing cubes provide a sustainable solution to care for your beeswax cloths<br \/>Easy to use: simply let the cubes melt and apply the solution to refresh the coating and extend the life of your beeswax cloths<br \/>DURABLE ALTERNATIVE: ideal for reducing waste by allowing you to refresh and reuse your packaging instead of replacing them<br \/>Ideal for beeswax cloths: specially designed to nourish and revitalise the beeswax layer, so that your packaging always stays in perfect condition<br \/>EASY TO USE Our cooling cubes come with instructions that explain how to refresh the coating of your packaging<\/p>\n\n","protected":false},"excerpt":{"rendered":"<p>From the manufacturer \u00dcber uns: Tala ist eine der \u00e4ltesten und beliebtesten K\u00fcchenutensilienmarken Gro\u00dfbritanniens, denen K\u00f6che auf der ganzen Welt seit 1899 vertrauen. Wir haben eine reiche Geschichte in der Herstellung von K\u00fcchen-, Heim- und Gebrauchswaren. Tala stellt seit 4,807.5 cm England her und heute werden viele unserer ikonischen Produkte immer noch von Hand in [&hellip;]<\/p>\n","protected":false},"featured_media":1275,"comment_status":"open","ping_status":"closed","template":"","meta":{"_aipt_faq_data":""},"store":[],"product_brand":[],"product_cat":[67],"product_tag":[228],"class_list":{"0":"post-1274","1":"product","2":"type-product","3":"status-publish","4":"has-post-thumbnail","6":"product_cat-bienenwachs","7":"product_tag-bienenwachs-verpackung-nachhaltig","9":"first","10":"instock","11":"shipping-taxable","12":"product-type-external"},"yoast_head":"<!-- This site is optimized with the Yoast SEO plugin v27.4 - https:\/\/yoast.com\/product\/yoast-seo-wordpress\/ -->\n<title>Tala Beeswax Refresher Cubes - For Reuse and Care of Beeswax Wipes, Environmentally Friendly &amp; After - PureHiveHoney<\/title>\n<meta name=\"description\" content=\"Entdecken Sie hochwertigen Rohhonig, Bio Honig, Manuka Honig und nat\u00fcrliche Bienenprodukte. PureHiveHoney hilft Ihnen dabei, sorgf\u00e4ltig ausgew\u00e4hlte Honigsorten mit nat\u00fcrlicher Qualit\u00e4t und Reinheit zu entdecken.\" \/>\n<meta name=\"robots\" content=\"index, follow, max-snippet:-1, max-image-preview:large, max-video-preview:-1\" \/>\n<link rel=\"canonical\" href=\"https:\/\/purehivehoney.com\/de\/product\/tala-beeswax-refresher-cubes-for-reuse-and-care-of-beeswax-wipes-environmentally-friendly-after\/\" \/>\n<meta property=\"og:locale\" content=\"de_DE\" \/>\n<meta property=\"og:type\" content=\"article\" \/>\n<meta property=\"og:title\" content=\"Tala Beeswax Refresher Cubes - For Reuse and Care of Beeswax Wipes, Environmentally Friendly &amp; After - PureHiveHoney\" \/>\n<meta property=\"og:description\" content=\"Entdecken Sie hochwertigen Rohhonig, Bio Honig, Manuka Honig und nat\u00fcrliche Bienenprodukte. PureHiveHoney hilft Ihnen dabei, sorgf\u00e4ltig ausgew\u00e4hlte Honigsorten mit nat\u00fcrlicher Qualit\u00e4t und Reinheit zu entdecken.\" \/>\n<meta property=\"og:url\" content=\"https:\/\/purehivehoney.com\/de\/product\/tala-beeswax-refresher-cubes-for-reuse-and-care-of-beeswax-wipes-environmentally-friendly-after\/\" \/>\n<meta property=\"og:site_name\" content=\"PureHiveHoney\" \/>\n<meta property=\"article:modified_time\" content=\"2026-03-16T09:34:33+00:00\" \/>\n<meta property=\"og:image\" content=\"https:\/\/images-na.ssl-images-amazon.com\/images\/G\/01\/x-locale\/common\/grey-pixel.gif\" \/>\n<meta name=\"twitter:card\" content=\"summary_large_image\" \/>\n<meta name=\"twitter:label1\" content=\"Gesch\u00e4tzte Lesezeit\" \/>\n\t<meta name=\"twitter:data1\" content=\"1\u00a0Minute\" \/>\n<script type=\"application\/ld+json\" class=\"yoast-schema-graph\">{\"@context\":\"https:\\\/\\\/schema.org\",\"@graph\":[{\"@type\":\"WebPage\",\"@id\":\"https:\\\/\\\/purehivehoney.com\\\/de\\\/product\\\/tala-beeswax-refresher-cubes-for-reuse-and-care-of-beeswax-wipes-environmentally-friendly-after\\\/\",\"url\":\"https:\\\/\\\/purehivehoney.com\\\/de\\\/product\\\/tala-beeswax-refresher-cubes-for-reuse-and-care-of-beeswax-wipes-environmentally-friendly-after\\\/\",\"name\":\"Tala Beeswax Refresher Cubes - For Reuse and Care of Beeswax Wipes, Environmentally Friendly & After - PureHiveHoney\",\"isPartOf\":{\"@id\":\"https:\\\/\\\/purehivehoney.com\\\/de\\\/#website\"},\"primaryImageOfPage\":{\"@id\":\"https:\\\/\\\/purehivehoney.com\\\/de\\\/product\\\/tala-beeswax-refresher-cubes-for-reuse-and-care-of-beeswax-wipes-environmentally-friendly-after\\\/#primaryimage\"},\"image\":{\"@id\":\"https:\\\/\\\/purehivehoney.com\\\/de\\\/product\\\/tala-beeswax-refresher-cubes-for-reuse-and-care-of-beeswax-wipes-environmentally-friendly-after\\\/#primaryimage\"},\"thumbnailUrl\":\"https:\\\/\\\/purehivehoney.com\\\/de\\\/wp-content\\\/uploads\\\/2026\\\/03\\\/81qeqj4sp0L._AC_SL1500_.jpg\",\"datePublished\":\"2026-03-16T09:34:22+00:00\",\"dateModified\":\"2026-03-16T09:34:33+00:00\",\"description\":\"Entdecken Sie hochwertigen Rohhonig, Bio Honig, Manuka Honig und nat\u00fcrliche Bienenprodukte. PureHiveHoney hilft Ihnen dabei, sorgf\u00e4ltig ausgew\u00e4hlte Honigsorten mit nat\u00fcrlicher Qualit\u00e4t und Reinheit zu entdecken.\",\"breadcrumb\":{\"@id\":\"https:\\\/\\\/purehivehoney.com\\\/de\\\/product\\\/tala-beeswax-refresher-cubes-for-reuse-and-care-of-beeswax-wipes-environmentally-friendly-after\\\/#breadcrumb\"},\"inLanguage\":\"de\",\"potentialAction\":[{\"@type\":\"ReadAction\",\"target\":[\"https:\\\/\\\/purehivehoney.com\\\/de\\\/product\\\/tala-beeswax-refresher-cubes-for-reuse-and-care-of-beeswax-wipes-environmentally-friendly-after\\\/\"]}]},{\"@type\":\"ImageObject\",\"inLanguage\":\"de\",\"@id\":\"https:\\\/\\\/purehivehoney.com\\\/de\\\/product\\\/tala-beeswax-refresher-cubes-for-reuse-and-care-of-beeswax-wipes-environmentally-friendly-after\\\/#primaryimage\",\"url\":\"https:\\\/\\\/purehivehoney.com\\\/de\\\/wp-content\\\/uploads\\\/2026\\\/03\\\/81qeqj4sp0L._AC_SL1500_.jpg\",\"contentUrl\":\"https:\\\/\\\/purehivehoney.com\\\/de\\\/wp-content\\\/uploads\\\/2026\\\/03\\\/81qeqj4sp0L._AC_SL1500_.jpg\",\"width\":1132,\"height\":1500},{\"@type\":\"BreadcrumbList\",\"@id\":\"https:\\\/\\\/purehivehoney.com\\\/de\\\/product\\\/tala-beeswax-refresher-cubes-for-reuse-and-care-of-beeswax-wipes-environmentally-friendly-after\\\/#breadcrumb\",\"itemListElement\":[{\"@type\":\"ListItem\",\"position\":1,\"name\":\"Home\",\"item\":\"https:\\\/\\\/purehivehoney.com\\\/de\\\/\"},{\"@type\":\"ListItem\",\"position\":2,\"name\":\"Shop\",\"item\":\"https:\\\/\\\/purehivehoney.com\\\/de\\\/shop\\\/\"},{\"@type\":\"ListItem\",\"position\":3,\"name\":\"Tala Beeswax Refresher Cubes &#8211...\"}]},{\"@type\":\"WebSite\",\"@id\":\"https:\\\/\\\/purehivehoney.com\\\/de\\\/#website\",\"url\":\"https:\\\/\\\/purehivehoney.com\\\/de\\\/\",\"name\":\"PureHiveHoney\",\"description\":\"Reiner Honig &amp; Bienenprodukte Online | Rohhonig, Bio Honig &amp; Spezialhonig\",\"publisher\":{\"@id\":\"https:\\\/\\\/purehivehoney.com\\\/de\\\/#organization\"},\"potentialAction\":[{\"@type\":\"SearchAction\",\"target\":{\"@type\":\"EntryPoint\",\"urlTemplate\":\"https:\\\/\\\/purehivehoney.com\\\/de\\\/?s={search_term_string}\"},\"query-input\":{\"@type\":\"PropertyValueSpecification\",\"valueRequired\":true,\"valueName\":\"search_term_string\"}}],\"inLanguage\":\"de\"},{\"@type\":\"Organization\",\"@id\":\"https:\\\/\\\/purehivehoney.com\\\/de\\\/#organization\",\"name\":\"PureHiveHoney\",\"url\":\"https:\\\/\\\/purehivehoney.com\\\/de\\\/\",\"logo\":{\"@type\":\"ImageObject\",\"inLanguage\":\"de\",\"@id\":\"https:\\\/\\\/purehivehoney.com\\\/de\\\/#\\\/schema\\\/logo\\\/image\\\/\",\"url\":\"https:\\\/\\\/purehivehoney.com\\\/de\\\/wp-content\\\/uploads\\\/2026\\\/03\\\/Screenshot-2026-03-16-at-1.06.01-AM.png\",\"contentUrl\":\"https:\\\/\\\/purehivehoney.com\\\/de\\\/wp-content\\\/uploads\\\/2026\\\/03\\\/Screenshot-2026-03-16-at-1.06.01-AM.png\",\"width\":2112,\"height\":1086,\"caption\":\"PureHiveHoney\"},\"image\":{\"@id\":\"https:\\\/\\\/purehivehoney.com\\\/de\\\/#\\\/schema\\\/logo\\\/image\\\/\"}}]}<\/script>\n<!-- \/ Yoast SEO plugin. -->","yoast_head_json":{"title":"Tala Beeswax Refresher Cubes - For Reuse and Care of Beeswax Wipes, Environmentally Friendly & After - PureHiveHoney","description":"Entdecken Sie hochwertigen Rohhonig, Bio Honig, Manuka Honig und nat\u00fcrliche Bienenprodukte. PureHiveHoney hilft Ihnen dabei, sorgf\u00e4ltig ausgew\u00e4hlte Honigsorten mit nat\u00fcrlicher Qualit\u00e4t und Reinheit zu entdecken.","robots":{"index":"index","follow":"follow","max-snippet":"max-snippet:-1","max-image-preview":"max-image-preview:large","max-video-preview":"max-video-preview:-1"},"canonical":"https:\/\/purehivehoney.com\/de\/product\/tala-beeswax-refresher-cubes-for-reuse-and-care-of-beeswax-wipes-environmentally-friendly-after\/","og_locale":"de_DE","og_type":"article","og_title":"Tala Beeswax Refresher Cubes - For Reuse and Care of Beeswax Wipes, Environmentally Friendly & After - PureHiveHoney","og_description":"Entdecken Sie hochwertigen Rohhonig, Bio Honig, Manuka Honig und nat\u00fcrliche Bienenprodukte. PureHiveHoney hilft Ihnen dabei, sorgf\u00e4ltig ausgew\u00e4hlte Honigsorten mit nat\u00fcrlicher Qualit\u00e4t und Reinheit zu entdecken.","og_url":"https:\/\/purehivehoney.com\/de\/product\/tala-beeswax-refresher-cubes-for-reuse-and-care-of-beeswax-wipes-environmentally-friendly-after\/","og_site_name":"PureHiveHoney","article_modified_time":"2026-03-16T09:34:33+00:00","og_image":[{"url":"https:\/\/images-na.ssl-images-amazon.com\/images\/G\/01\/x-locale\/common\/grey-pixel.gif","type":"","width":"","height":""}],"twitter_card":"summary_large_image","twitter_misc":{"Gesch\u00e4tzte Lesezeit":"1\u00a0Minute"},"schema":{"@context":"https:\/\/schema.org","@graph":[{"@type":"WebPage","@id":"https:\/\/purehivehoney.com\/de\/product\/tala-beeswax-refresher-cubes-for-reuse-and-care-of-beeswax-wipes-environmentally-friendly-after\/","url":"https:\/\/purehivehoney.com\/de\/product\/tala-beeswax-refresher-cubes-for-reuse-and-care-of-beeswax-wipes-environmentally-friendly-after\/","name":"Tala Beeswax Refresher Cubes - For Reuse and Care of Beeswax Wipes, Environmentally Friendly & After - PureHiveHoney","isPartOf":{"@id":"https:\/\/purehivehoney.com\/de\/#website"},"primaryImageOfPage":{"@id":"https:\/\/purehivehoney.com\/de\/product\/tala-beeswax-refresher-cubes-for-reuse-and-care-of-beeswax-wipes-environmentally-friendly-after\/#primaryimage"},"image":{"@id":"https:\/\/purehivehoney.com\/de\/product\/tala-beeswax-refresher-cubes-for-reuse-and-care-of-beeswax-wipes-environmentally-friendly-after\/#primaryimage"},"thumbnailUrl":"https:\/\/purehivehoney.com\/de\/wp-content\/uploads\/2026\/03\/81qeqj4sp0L._AC_SL1500_.jpg","datePublished":"2026-03-16T09:34:22+00:00","dateModified":"2026-03-16T09:34:33+00:00","description":"Entdecken Sie hochwertigen Rohhonig, Bio Honig, Manuka Honig und nat\u00fcrliche Bienenprodukte. PureHiveHoney hilft Ihnen dabei, sorgf\u00e4ltig ausgew\u00e4hlte Honigsorten mit nat\u00fcrlicher Qualit\u00e4t und Reinheit zu entdecken.","breadcrumb":{"@id":"https:\/\/purehivehoney.com\/de\/product\/tala-beeswax-refresher-cubes-for-reuse-and-care-of-beeswax-wipes-environmentally-friendly-after\/#breadcrumb"},"inLanguage":"de","potentialAction":[{"@type":"ReadAction","target":["https:\/\/purehivehoney.com\/de\/product\/tala-beeswax-refresher-cubes-for-reuse-and-care-of-beeswax-wipes-environmentally-friendly-after\/"]}]},{"@type":"ImageObject","inLanguage":"de","@id":"https:\/\/purehivehoney.com\/de\/product\/tala-beeswax-refresher-cubes-for-reuse-and-care-of-beeswax-wipes-environmentally-friendly-after\/#primaryimage","url":"https:\/\/purehivehoney.com\/de\/wp-content\/uploads\/2026\/03\/81qeqj4sp0L._AC_SL1500_.jpg","contentUrl":"https:\/\/purehivehoney.com\/de\/wp-content\/uploads\/2026\/03\/81qeqj4sp0L._AC_SL1500_.jpg","width":1132,"height":1500},{"@type":"BreadcrumbList","@id":"https:\/\/purehivehoney.com\/de\/product\/tala-beeswax-refresher-cubes-for-reuse-and-care-of-beeswax-wipes-environmentally-friendly-after\/#breadcrumb","itemListElement":[{"@type":"ListItem","position":1,"name":"Home","item":"https:\/\/purehivehoney.com\/de\/"},{"@type":"ListItem","position":2,"name":"Shop","item":"https:\/\/purehivehoney.com\/de\/shop\/"},{"@type":"ListItem","position":3,"name":"Tala Beeswax Refresher Cubes &#8211..."}]},{"@type":"WebSite","@id":"https:\/\/purehivehoney.com\/de\/#website","url":"https:\/\/purehivehoney.com\/de\/","name":"PureHiveHoney","description":"Reiner Honig &amp; Bienenprodukte Online | Rohhonig, Bio Honig &amp; Spezialhonig","publisher":{"@id":"https:\/\/purehivehoney.com\/de\/#organization"},"potentialAction":[{"@type":"SearchAction","target":{"@type":"EntryPoint","urlTemplate":"https:\/\/purehivehoney.com\/de\/?s={search_term_string}"},"query-input":{"@type":"PropertyValueSpecification","valueRequired":true,"valueName":"search_term_string"}}],"inLanguage":"de"},{"@type":"Organization","@id":"https:\/\/purehivehoney.com\/de\/#organization","name":"PureHiveHoney","url":"https:\/\/purehivehoney.com\/de\/","logo":{"@type":"ImageObject","inLanguage":"de","@id":"https:\/\/purehivehoney.com\/de\/#\/schema\/logo\/image\/","url":"https:\/\/purehivehoney.com\/de\/wp-content\/uploads\/2026\/03\/Screenshot-2026-03-16-at-1.06.01-AM.png","contentUrl":"https:\/\/purehivehoney.com\/de\/wp-content\/uploads\/2026\/03\/Screenshot-2026-03-16-at-1.06.01-AM.png","width":2112,"height":1086,"caption":"PureHiveHoney"},"image":{"@id":"https:\/\/purehivehoney.com\/de\/#\/schema\/logo\/image\/"}}]}},"_links":{"self":[{"href":"https:\/\/purehivehoney.com\/de\/wp-json\/wp\/v2\/product\/1274","targetHints":{"allow":["GET"]}}],"collection":[{"href":"https:\/\/purehivehoney.com\/de\/wp-json\/wp\/v2\/product"}],"about":[{"href":"https:\/\/purehivehoney.com\/de\/wp-json\/wp\/v2\/types\/product"}],"replies":[{"embeddable":true,"href":"https:\/\/purehivehoney.com\/de\/wp-json\/wp\/v2\/comments?post=1274"}],"wp:featuredmedia":[{"embeddable":true,"href":"https:\/\/purehivehoney.com\/de\/wp-json\/wp\/v2\/media\/1275"}],"wp:attachment":[{"href":"https:\/\/purehivehoney.com\/de\/wp-json\/wp\/v2\/media?parent=1274"}],"wp:term":[{"taxonomy":"store","embeddable":true,"href":"https:\/\/purehivehoney.com\/de\/wp-json\/wp\/v2\/store?post=1274"},{"taxonomy":"product_brand","embeddable":true,"href":"https:\/\/purehivehoney.com\/de\/wp-json\/wp\/v2\/product_brand?post=1274"},{"taxonomy":"product_cat","embeddable":true,"href":"https:\/\/purehivehoney.com\/de\/wp-json\/wp\/v2\/product_cat?post=1274"},{"taxonomy":"product_tag","embeddable":true,"href":"https:\/\/purehivehoney.com\/de\/wp-json\/wp\/v2\/product_tag?post=1274"}],"curies":[{"name":"wp","href":"https:\/\/api.w.org\/{rel}","templated":true}]}}