{"id":1266,"date":"2026-03-16T09:31:42","date_gmt":"2026-03-16T09:31:42","guid":{"rendered":"https:\/\/purehivehoney.com\/de\/product\/adabocute-mini-honey-jars-small-glass-honey-jar-hexagonal-glass-honey-jars-with-wooden-spoons-bee-charms-jute-and-gift-bags-small-honey-jars-for-baby-shower-wedding-gifts\/"},"modified":"2026-03-16T09:31:54","modified_gmt":"2026-03-16T09:31:54","slug":"adabocute-mini-honey-jars-small-glass-honey-jar-hexagonal-glass-honey-jars-with-wooden-spoons-bee-charms-jute-and-gift-bags-small-honey-jars-for-baby-shower-wedding-gifts","status":"publish","type":"product","link":"https:\/\/purehivehoney.com\/de\/product\/adabocute-mini-honey-jars-small-glass-honey-jar-hexagonal-glass-honey-jars-with-wooden-spoons-bee-charms-jute-and-gift-bags-small-honey-jars-for-baby-shower-wedding-gifts\/","title":{"rendered":"Adabocute Mini Honey Jars &#8211; S..."},"content":{"rendered":"<p>    <span>Size:60ml <br \/>Package Includes:30 x Jars, 30 x Gold Lids, 30 x Wooden Spoons, 30 x Bee Charms, 18m Jute <br \/>Use: <br \/>These glasses are perfect gifts for birthday parties, weddings and other events. You can easily decorate them with the desired colours and fill them with honey, jam, spices, sweets, juice and so on. <br \/>Please wash the glasses with warm water before using them for food. And remember that the boiling water does not pour directly into the glasses. <br \/>Leak-proof lid. <br \/>This sturdy iron lid with soft rubber provides a tight seal that prevents items from leaking in jars. <br \/>Hexagonal Glasses <br \/>These glasses are hexagonal, which looks beautiful and saves more space than cylindrical. <br \/>Food Grade Wooden Spoon <br \/>This wooden spoon is food safe, ideal for honey. <br \/>Dishwasher safe. <br \/>These glasses are made of high quality glass. They are BPA free and dishwasher safe. You can easily wash them when you want to refill them. <br \/><\/span>    <br \/>Set includes: 30 x glasses, 30 x golden lids, 30 x golden pendants, 18 m jute, 30 x wooden spoons, 30 x golden gift bags, dippers are individually packed in OPP bags<br \/>\u2740\u3010Size\u3011 50 x 45mm, 30mm top glass opening, 45mm diameter, screw on metal lid, 3&#8243; length, wooden spoon, bag size is 5&#8243; x 7&#8243;<br \/>Material: lead-free glass, BPA-free metal lid. Lid suitable for preserving and hot water bath; food safe and dishwasher safe; FDA approved; wooden spoon made of 100% natural wood, food safe.<br \/>Use: Perfect for wedding and party gifts or as a holiday gift<br \/>\u2740\u3010Worry Free After-Sale \u3011The mini glasses are a practical and stylish gift for baby shower, housewarming, birthday, Thanksgiving, Christmas etc.For any reason you are not satisfied with it, just let us know and we will be happy to refund, no hassle, no delays<\/p>\n\n","protected":false},"excerpt":{"rendered":"<p>Size:60ml Package Includes:30 x Jars, 30 x Gold Lids, 30 x Wooden Spoons, 30 x Bee Charms, 18m Jute Use: These glasses are perfect gifts for birthday parties, weddings and other events. You can easily decorate them with the desired colours and fill them with honey, jam, spices, sweets, juice and so on. Please wash [&hellip;]<\/p>\n","protected":false},"featured_media":1267,"comment_status":"open","ping_status":"closed","template":"","meta":{"_aipt_faq_data":""},"store":[],"product_brand":[261],"product_cat":[70],"product_tag":[131],"class_list":{"0":"post-1266","1":"product","2":"type-product","3":"status-publish","4":"has-post-thumbnail","6":"product_brand-adabocute","7":"product_cat-premium-honig-geschenke","8":"product_tag-premium-honig-geschenke-mit-honigloeffel","10":"first","11":"instock","12":"shipping-taxable","13":"product-type-external"},"yoast_head":"<!-- This site is optimized with the Yoast SEO plugin v27.4 - https:\/\/yoast.com\/product\/yoast-seo-wordpress\/ -->\n<title>Adabocute Mini Honey Jars - Small Glass Honey Jar - Hexagonal Glass Honey Jars with Wooden Spoons, Bee Charms, Jute and Gift Bags - Small Honey Jars for Baby Shower, Wedding Gifts - PureHiveHoney<\/title>\n<meta name=\"description\" content=\"Entdecken Sie hochwertigen Rohhonig, Bio Honig, Manuka Honig und nat\u00fcrliche Bienenprodukte. PureHiveHoney hilft Ihnen dabei, sorgf\u00e4ltig ausgew\u00e4hlte Honigsorten mit nat\u00fcrlicher Qualit\u00e4t und Reinheit zu entdecken.\" \/>\n<meta name=\"robots\" content=\"index, follow, max-snippet:-1, max-image-preview:large, max-video-preview:-1\" \/>\n<link rel=\"canonical\" href=\"https:\/\/purehivehoney.com\/de\/product\/adabocute-mini-honey-jars-small-glass-honey-jar-hexagonal-glass-honey-jars-with-wooden-spoons-bee-charms-jute-and-gift-bags-small-honey-jars-for-baby-shower-wedding-gifts\/\" \/>\n<meta property=\"og:locale\" content=\"de_DE\" \/>\n<meta property=\"og:type\" content=\"article\" \/>\n<meta property=\"og:title\" content=\"Adabocute Mini Honey Jars - Small Glass Honey Jar - Hexagonal Glass Honey Jars with Wooden Spoons, Bee Charms, Jute and Gift Bags - Small Honey Jars for Baby Shower, Wedding Gifts - PureHiveHoney\" \/>\n<meta property=\"og:description\" content=\"Entdecken Sie hochwertigen Rohhonig, Bio Honig, Manuka Honig und nat\u00fcrliche Bienenprodukte. PureHiveHoney hilft Ihnen dabei, sorgf\u00e4ltig ausgew\u00e4hlte Honigsorten mit nat\u00fcrlicher Qualit\u00e4t und Reinheit zu entdecken.\" \/>\n<meta property=\"og:url\" content=\"https:\/\/purehivehoney.com\/de\/product\/adabocute-mini-honey-jars-small-glass-honey-jar-hexagonal-glass-honey-jars-with-wooden-spoons-bee-charms-jute-and-gift-bags-small-honey-jars-for-baby-shower-wedding-gifts\/\" \/>\n<meta property=\"og:site_name\" content=\"PureHiveHoney\" \/>\n<meta property=\"article:modified_time\" content=\"2026-03-16T09:31:54+00:00\" \/>\n<meta name=\"twitter:card\" content=\"summary_large_image\" \/>\n<meta name=\"twitter:label1\" content=\"Gesch\u00e4tzte Lesezeit\" \/>\n\t<meta name=\"twitter:data1\" content=\"1\u00a0Minute\" \/>\n<script type=\"application\/ld+json\" class=\"yoast-schema-graph\">{\"@context\":\"https:\\\/\\\/schema.org\",\"@graph\":[{\"@type\":\"WebPage\",\"@id\":\"https:\\\/\\\/purehivehoney.com\\\/de\\\/product\\\/adabocute-mini-honey-jars-small-glass-honey-jar-hexagonal-glass-honey-jars-with-wooden-spoons-bee-charms-jute-and-gift-bags-small-honey-jars-for-baby-shower-wedding-gifts\\\/\",\"url\":\"https:\\\/\\\/purehivehoney.com\\\/de\\\/product\\\/adabocute-mini-honey-jars-small-glass-honey-jar-hexagonal-glass-honey-jars-with-wooden-spoons-bee-charms-jute-and-gift-bags-small-honey-jars-for-baby-shower-wedding-gifts\\\/\",\"name\":\"Adabocute Mini Honey Jars - Small Glass Honey Jar - Hexagonal Glass Honey Jars with Wooden Spoons, Bee Charms, Jute and Gift Bags - Small Honey Jars for Baby Shower, Wedding Gifts - PureHiveHoney\",\"isPartOf\":{\"@id\":\"https:\\\/\\\/purehivehoney.com\\\/de\\\/#website\"},\"primaryImageOfPage\":{\"@id\":\"https:\\\/\\\/purehivehoney.com\\\/de\\\/product\\\/adabocute-mini-honey-jars-small-glass-honey-jar-hexagonal-glass-honey-jars-with-wooden-spoons-bee-charms-jute-and-gift-bags-small-honey-jars-for-baby-shower-wedding-gifts\\\/#primaryimage\"},\"image\":{\"@id\":\"https:\\\/\\\/purehivehoney.com\\\/de\\\/product\\\/adabocute-mini-honey-jars-small-glass-honey-jar-hexagonal-glass-honey-jars-with-wooden-spoons-bee-charms-jute-and-gift-bags-small-honey-jars-for-baby-shower-wedding-gifts\\\/#primaryimage\"},\"thumbnailUrl\":\"https:\\\/\\\/purehivehoney.com\\\/de\\\/wp-content\\\/uploads\\\/2026\\\/03\\\/818GCuzcoZL._AC_SL1500_.jpg\",\"datePublished\":\"2026-03-16T09:31:42+00:00\",\"dateModified\":\"2026-03-16T09:31:54+00:00\",\"description\":\"Entdecken Sie hochwertigen Rohhonig, Bio Honig, Manuka Honig und nat\u00fcrliche Bienenprodukte. PureHiveHoney hilft Ihnen dabei, sorgf\u00e4ltig ausgew\u00e4hlte Honigsorten mit nat\u00fcrlicher Qualit\u00e4t und Reinheit zu entdecken.\",\"breadcrumb\":{\"@id\":\"https:\\\/\\\/purehivehoney.com\\\/de\\\/product\\\/adabocute-mini-honey-jars-small-glass-honey-jar-hexagonal-glass-honey-jars-with-wooden-spoons-bee-charms-jute-and-gift-bags-small-honey-jars-for-baby-shower-wedding-gifts\\\/#breadcrumb\"},\"inLanguage\":\"de\",\"potentialAction\":[{\"@type\":\"ReadAction\",\"target\":[\"https:\\\/\\\/purehivehoney.com\\\/de\\\/product\\\/adabocute-mini-honey-jars-small-glass-honey-jar-hexagonal-glass-honey-jars-with-wooden-spoons-bee-charms-jute-and-gift-bags-small-honey-jars-for-baby-shower-wedding-gifts\\\/\"]}]},{\"@type\":\"ImageObject\",\"inLanguage\":\"de\",\"@id\":\"https:\\\/\\\/purehivehoney.com\\\/de\\\/product\\\/adabocute-mini-honey-jars-small-glass-honey-jar-hexagonal-glass-honey-jars-with-wooden-spoons-bee-charms-jute-and-gift-bags-small-honey-jars-for-baby-shower-wedding-gifts\\\/#primaryimage\",\"url\":\"https:\\\/\\\/purehivehoney.com\\\/de\\\/wp-content\\\/uploads\\\/2026\\\/03\\\/818GCuzcoZL._AC_SL1500_.jpg\",\"contentUrl\":\"https:\\\/\\\/purehivehoney.com\\\/de\\\/wp-content\\\/uploads\\\/2026\\\/03\\\/818GCuzcoZL._AC_SL1500_.jpg\",\"width\":1500,\"height\":1369},{\"@type\":\"BreadcrumbList\",\"@id\":\"https:\\\/\\\/purehivehoney.com\\\/de\\\/product\\\/adabocute-mini-honey-jars-small-glass-honey-jar-hexagonal-glass-honey-jars-with-wooden-spoons-bee-charms-jute-and-gift-bags-small-honey-jars-for-baby-shower-wedding-gifts\\\/#breadcrumb\",\"itemListElement\":[{\"@type\":\"ListItem\",\"position\":1,\"name\":\"Home\",\"item\":\"https:\\\/\\\/purehivehoney.com\\\/de\\\/\"},{\"@type\":\"ListItem\",\"position\":2,\"name\":\"Shop\",\"item\":\"https:\\\/\\\/purehivehoney.com\\\/de\\\/shop\\\/\"},{\"@type\":\"ListItem\",\"position\":3,\"name\":\"Adabocute Mini Honey Jars &#8211; S...\"}]},{\"@type\":\"WebSite\",\"@id\":\"https:\\\/\\\/purehivehoney.com\\\/de\\\/#website\",\"url\":\"https:\\\/\\\/purehivehoney.com\\\/de\\\/\",\"name\":\"PureHiveHoney\",\"description\":\"Reiner Honig &amp; Bienenprodukte Online | Rohhonig, Bio Honig &amp; Spezialhonig\",\"publisher\":{\"@id\":\"https:\\\/\\\/purehivehoney.com\\\/de\\\/#organization\"},\"potentialAction\":[{\"@type\":\"SearchAction\",\"target\":{\"@type\":\"EntryPoint\",\"urlTemplate\":\"https:\\\/\\\/purehivehoney.com\\\/de\\\/?s={search_term_string}\"},\"query-input\":{\"@type\":\"PropertyValueSpecification\",\"valueRequired\":true,\"valueName\":\"search_term_string\"}}],\"inLanguage\":\"de\"},{\"@type\":\"Organization\",\"@id\":\"https:\\\/\\\/purehivehoney.com\\\/de\\\/#organization\",\"name\":\"PureHiveHoney\",\"url\":\"https:\\\/\\\/purehivehoney.com\\\/de\\\/\",\"logo\":{\"@type\":\"ImageObject\",\"inLanguage\":\"de\",\"@id\":\"https:\\\/\\\/purehivehoney.com\\\/de\\\/#\\\/schema\\\/logo\\\/image\\\/\",\"url\":\"https:\\\/\\\/purehivehoney.com\\\/de\\\/wp-content\\\/uploads\\\/2026\\\/03\\\/Screenshot-2026-03-16-at-1.06.01-AM.png\",\"contentUrl\":\"https:\\\/\\\/purehivehoney.com\\\/de\\\/wp-content\\\/uploads\\\/2026\\\/03\\\/Screenshot-2026-03-16-at-1.06.01-AM.png\",\"width\":2112,\"height\":1086,\"caption\":\"PureHiveHoney\"},\"image\":{\"@id\":\"https:\\\/\\\/purehivehoney.com\\\/de\\\/#\\\/schema\\\/logo\\\/image\\\/\"}}]}<\/script>\n<!-- \/ Yoast SEO plugin. -->","yoast_head_json":{"title":"Adabocute Mini Honey Jars - Small Glass Honey Jar - Hexagonal Glass Honey Jars with Wooden Spoons, Bee Charms, Jute and Gift Bags - Small Honey Jars for Baby Shower, Wedding Gifts - PureHiveHoney","description":"Entdecken Sie hochwertigen Rohhonig, Bio Honig, Manuka Honig und nat\u00fcrliche Bienenprodukte. PureHiveHoney hilft Ihnen dabei, sorgf\u00e4ltig ausgew\u00e4hlte Honigsorten mit nat\u00fcrlicher Qualit\u00e4t und Reinheit zu entdecken.","robots":{"index":"index","follow":"follow","max-snippet":"max-snippet:-1","max-image-preview":"max-image-preview:large","max-video-preview":"max-video-preview:-1"},"canonical":"https:\/\/purehivehoney.com\/de\/product\/adabocute-mini-honey-jars-small-glass-honey-jar-hexagonal-glass-honey-jars-with-wooden-spoons-bee-charms-jute-and-gift-bags-small-honey-jars-for-baby-shower-wedding-gifts\/","og_locale":"de_DE","og_type":"article","og_title":"Adabocute Mini Honey Jars - Small Glass Honey Jar - Hexagonal Glass Honey Jars with Wooden Spoons, Bee Charms, Jute and Gift Bags - Small Honey Jars for Baby Shower, Wedding Gifts - PureHiveHoney","og_description":"Entdecken Sie hochwertigen Rohhonig, Bio Honig, Manuka Honig und nat\u00fcrliche Bienenprodukte. PureHiveHoney hilft Ihnen dabei, sorgf\u00e4ltig ausgew\u00e4hlte Honigsorten mit nat\u00fcrlicher Qualit\u00e4t und Reinheit zu entdecken.","og_url":"https:\/\/purehivehoney.com\/de\/product\/adabocute-mini-honey-jars-small-glass-honey-jar-hexagonal-glass-honey-jars-with-wooden-spoons-bee-charms-jute-and-gift-bags-small-honey-jars-for-baby-shower-wedding-gifts\/","og_site_name":"PureHiveHoney","article_modified_time":"2026-03-16T09:31:54+00:00","twitter_card":"summary_large_image","twitter_misc":{"Gesch\u00e4tzte Lesezeit":"1\u00a0Minute"},"schema":{"@context":"https:\/\/schema.org","@graph":[{"@type":"WebPage","@id":"https:\/\/purehivehoney.com\/de\/product\/adabocute-mini-honey-jars-small-glass-honey-jar-hexagonal-glass-honey-jars-with-wooden-spoons-bee-charms-jute-and-gift-bags-small-honey-jars-for-baby-shower-wedding-gifts\/","url":"https:\/\/purehivehoney.com\/de\/product\/adabocute-mini-honey-jars-small-glass-honey-jar-hexagonal-glass-honey-jars-with-wooden-spoons-bee-charms-jute-and-gift-bags-small-honey-jars-for-baby-shower-wedding-gifts\/","name":"Adabocute Mini Honey Jars - Small Glass Honey Jar - Hexagonal Glass Honey Jars with Wooden Spoons, Bee Charms, Jute and Gift Bags - Small Honey Jars for Baby Shower, Wedding Gifts - PureHiveHoney","isPartOf":{"@id":"https:\/\/purehivehoney.com\/de\/#website"},"primaryImageOfPage":{"@id":"https:\/\/purehivehoney.com\/de\/product\/adabocute-mini-honey-jars-small-glass-honey-jar-hexagonal-glass-honey-jars-with-wooden-spoons-bee-charms-jute-and-gift-bags-small-honey-jars-for-baby-shower-wedding-gifts\/#primaryimage"},"image":{"@id":"https:\/\/purehivehoney.com\/de\/product\/adabocute-mini-honey-jars-small-glass-honey-jar-hexagonal-glass-honey-jars-with-wooden-spoons-bee-charms-jute-and-gift-bags-small-honey-jars-for-baby-shower-wedding-gifts\/#primaryimage"},"thumbnailUrl":"https:\/\/purehivehoney.com\/de\/wp-content\/uploads\/2026\/03\/818GCuzcoZL._AC_SL1500_.jpg","datePublished":"2026-03-16T09:31:42+00:00","dateModified":"2026-03-16T09:31:54+00:00","description":"Entdecken Sie hochwertigen Rohhonig, Bio Honig, Manuka Honig und nat\u00fcrliche Bienenprodukte. PureHiveHoney hilft Ihnen dabei, sorgf\u00e4ltig ausgew\u00e4hlte Honigsorten mit nat\u00fcrlicher Qualit\u00e4t und Reinheit zu entdecken.","breadcrumb":{"@id":"https:\/\/purehivehoney.com\/de\/product\/adabocute-mini-honey-jars-small-glass-honey-jar-hexagonal-glass-honey-jars-with-wooden-spoons-bee-charms-jute-and-gift-bags-small-honey-jars-for-baby-shower-wedding-gifts\/#breadcrumb"},"inLanguage":"de","potentialAction":[{"@type":"ReadAction","target":["https:\/\/purehivehoney.com\/de\/product\/adabocute-mini-honey-jars-small-glass-honey-jar-hexagonal-glass-honey-jars-with-wooden-spoons-bee-charms-jute-and-gift-bags-small-honey-jars-for-baby-shower-wedding-gifts\/"]}]},{"@type":"ImageObject","inLanguage":"de","@id":"https:\/\/purehivehoney.com\/de\/product\/adabocute-mini-honey-jars-small-glass-honey-jar-hexagonal-glass-honey-jars-with-wooden-spoons-bee-charms-jute-and-gift-bags-small-honey-jars-for-baby-shower-wedding-gifts\/#primaryimage","url":"https:\/\/purehivehoney.com\/de\/wp-content\/uploads\/2026\/03\/818GCuzcoZL._AC_SL1500_.jpg","contentUrl":"https:\/\/purehivehoney.com\/de\/wp-content\/uploads\/2026\/03\/818GCuzcoZL._AC_SL1500_.jpg","width":1500,"height":1369},{"@type":"BreadcrumbList","@id":"https:\/\/purehivehoney.com\/de\/product\/adabocute-mini-honey-jars-small-glass-honey-jar-hexagonal-glass-honey-jars-with-wooden-spoons-bee-charms-jute-and-gift-bags-small-honey-jars-for-baby-shower-wedding-gifts\/#breadcrumb","itemListElement":[{"@type":"ListItem","position":1,"name":"Home","item":"https:\/\/purehivehoney.com\/de\/"},{"@type":"ListItem","position":2,"name":"Shop","item":"https:\/\/purehivehoney.com\/de\/shop\/"},{"@type":"ListItem","position":3,"name":"Adabocute Mini Honey Jars &#8211; S..."}]},{"@type":"WebSite","@id":"https:\/\/purehivehoney.com\/de\/#website","url":"https:\/\/purehivehoney.com\/de\/","name":"PureHiveHoney","description":"Reiner Honig &amp; Bienenprodukte Online | Rohhonig, Bio Honig &amp; Spezialhonig","publisher":{"@id":"https:\/\/purehivehoney.com\/de\/#organization"},"potentialAction":[{"@type":"SearchAction","target":{"@type":"EntryPoint","urlTemplate":"https:\/\/purehivehoney.com\/de\/?s={search_term_string}"},"query-input":{"@type":"PropertyValueSpecification","valueRequired":true,"valueName":"search_term_string"}}],"inLanguage":"de"},{"@type":"Organization","@id":"https:\/\/purehivehoney.com\/de\/#organization","name":"PureHiveHoney","url":"https:\/\/purehivehoney.com\/de\/","logo":{"@type":"ImageObject","inLanguage":"de","@id":"https:\/\/purehivehoney.com\/de\/#\/schema\/logo\/image\/","url":"https:\/\/purehivehoney.com\/de\/wp-content\/uploads\/2026\/03\/Screenshot-2026-03-16-at-1.06.01-AM.png","contentUrl":"https:\/\/purehivehoney.com\/de\/wp-content\/uploads\/2026\/03\/Screenshot-2026-03-16-at-1.06.01-AM.png","width":2112,"height":1086,"caption":"PureHiveHoney"},"image":{"@id":"https:\/\/purehivehoney.com\/de\/#\/schema\/logo\/image\/"}}]}},"_links":{"self":[{"href":"https:\/\/purehivehoney.com\/de\/wp-json\/wp\/v2\/product\/1266","targetHints":{"allow":["GET"]}}],"collection":[{"href":"https:\/\/purehivehoney.com\/de\/wp-json\/wp\/v2\/product"}],"about":[{"href":"https:\/\/purehivehoney.com\/de\/wp-json\/wp\/v2\/types\/product"}],"replies":[{"embeddable":true,"href":"https:\/\/purehivehoney.com\/de\/wp-json\/wp\/v2\/comments?post=1266"}],"wp:featuredmedia":[{"embeddable":true,"href":"https:\/\/purehivehoney.com\/de\/wp-json\/wp\/v2\/media\/1267"}],"wp:attachment":[{"href":"https:\/\/purehivehoney.com\/de\/wp-json\/wp\/v2\/media?parent=1266"}],"wp:term":[{"taxonomy":"store","embeddable":true,"href":"https:\/\/purehivehoney.com\/de\/wp-json\/wp\/v2\/store?post=1266"},{"taxonomy":"product_brand","embeddable":true,"href":"https:\/\/purehivehoney.com\/de\/wp-json\/wp\/v2\/product_brand?post=1266"},{"taxonomy":"product_cat","embeddable":true,"href":"https:\/\/purehivehoney.com\/de\/wp-json\/wp\/v2\/product_cat?post=1266"},{"taxonomy":"product_tag","embeddable":true,"href":"https:\/\/purehivehoney.com\/de\/wp-json\/wp\/v2\/product_tag?post=1266"}],"curies":[{"name":"wp","href":"https:\/\/api.w.org\/{rel}","templated":true}]}}