{"id":1257,"date":"2026-03-16T09:28:05","date_gmt":"2026-03-16T09:28:05","guid":{"rendered":"https:\/\/purehivehoney.com\/de\/product\/6-stueck-handwerkliche-glasloeffel-ideal-fuer-familienfeiern-restaurants-nachhaltiges-essen-spuelmaschinenfest-werkzeug-honigloeffel\/"},"modified":"2026-03-16T09:28:23","modified_gmt":"2026-03-16T09:28:23","slug":"6-stueck-handwerkliche-glasloeffel-ideal-fuer-familienfeiern-restaurants-nachhaltiges-essen-spuelmaschinenfest-werkzeug-honigloeffel","status":"publish","type":"product","link":"https:\/\/purehivehoney.com\/de\/product\/6-stueck-handwerkliche-glasloeffel-ideal-fuer-familienfeiern-restaurants-nachhaltiges-essen-spuelmaschinenfest-werkzeug-honigloeffel\/","title":{"rendered":"6 St\u00fcck handwerkliche Glasl\u00f6ffel,..."},"content":{"rendered":"<p>    <span>6 St\u00fcck handwerkliche Glasl\u00f6ffel, ideal f\u00fcr Familienfeiern, Restaurants, nachhaltiges Essen, sp\u00fclmaschinenfestes Werkzeug <br \/>Besonderheiten: <br \/>Handgefertigte Glasl\u00f6ffel sind eine k\u00fcnstlerische Alternative zur Verbesserung des Essens mit ihrem einzigartigen Charme und nachhaltigem Design. <br \/>Mit sechs Farben sorgen Glasmaterialien f\u00fcr hei\u00dfe Speisen und eine einfache Reinigung, wodurch diese L\u00f6ffel ideal f\u00fcr den t\u00e4glichen Gebrauch sind. <br \/>Perfekt f\u00fcr Verbraucher und vielbesch\u00e4ftigte moderne Familien, die ein praktisches, stilvolles K\u00fcchenwerkzeug suchen. <br \/>Ideal zum Servieren von Desserts oder warmen Getr\u00e4nken zu Hause oder gehobenen Restaurants, verleiht jeder Mahlzeit einen Hauch von Eleganz. <br \/>Die glatten Oberfl\u00e4chen verhindern Ger\u00fcche, erm\u00f6glichen eine m\u00fchelose Reinigung in der Sp\u00fclmaschine und f\u00f6rdern gleichzeitig nachhaltige K\u00fcchenpraktiken mit diesen bunten L\u00f6ffeln. <br \/>Produktmerkmale: <br \/>Komponente: Glas. <br \/>Gr\u00f6\u00dfe: ca. 14,3 x 2,9 cm. <br \/>Lieferumfang: 6 St\u00fcck. <br \/>Lieferumfang: <br \/>6 x Glasfarbene L\u00f6ffel. <br \/>Anmerkung: <br \/>1. Die Ma\u00dfe wurden manuell bestimmt und k\u00f6nnen daher um 1 &#8211; 2 cm abweichen. Stellen Sie sicher, dass Sie nichts dagegen haben, bevor Sie bestellen. <br \/>2. Die dargestellten Farben k\u00f6nnen je nach Monitor und Bildschirmaufl\u00f6sung von den tats\u00e4chlichen Farben abweichen.<\/span>    <br \/>Die glatten Oberfl\u00e4chen verhindern Ger\u00fcche, erm\u00f6glichen eine m\u00fchelose Reinigung in der Sp\u00fclmaschine und f\u00f6rdern gleichzeitig nachhaltige K\u00fcchenpraktiken mit diesen bunten L\u00f6ffeln<br \/>Perfekt f\u00fcr Verbraucher und vielbesch\u00e4ftigte moderne Familien, die ein praktisches, stilvolles K\u00fcchenwerkzeug suchen<br \/>Ideal zum Servieren von Desserts oder warmen Getr\u00e4nken zu Hause oder gehobenen Restaurants, verleiht jeder Mahlzeit einen Hauch von Eleganz<br \/>Mit sechs Farben sorgen Glasmaterialien f\u00fcr hei\u00dfe Speisen und eine einfache Reinigung, wodurch diese L\u00f6ffel ideal f\u00fcr den t\u00e4glichen Gebrauch sind<br \/>Handgefertigte Glasl\u00f6ffel sind eine k\u00fcnstlerische Alternative zur Verbesserung des Essens mit ihrem einzigartigen Charme und nachhaltigem Design<\/p>\n\n","protected":false},"excerpt":{"rendered":"<p>6 St\u00fcck handwerkliche Glasl\u00f6ffel, ideal f\u00fcr Familienfeiern, Restaurants, nachhaltiges Essen, sp\u00fclmaschinenfestes Werkzeug Besonderheiten: Handgefertigte Glasl\u00f6ffel sind eine k\u00fcnstlerische Alternative zur Verbesserung des Essens mit ihrem einzigartigen Charme und nachhaltigem Design. Mit sechs Farben sorgen Glasmaterialien f\u00fcr hei\u00dfe Speisen und eine einfache Reinigung, wodurch diese L\u00f6ffel ideal f\u00fcr den t\u00e4glichen Gebrauch sind. Perfekt f\u00fcr Verbraucher und [&hellip;]<\/p>\n","protected":false},"featured_media":1258,"comment_status":"open","ping_status":"closed","template":"","meta":{"_aipt_faq_data":""},"store":[],"product_brand":[],"product_cat":[73],"product_tag":[225],"class_list":{"0":"post-1257","1":"product","2":"type-product","3":"status-publish","4":"has-post-thumbnail","6":"product_cat-honigloffel","7":"product_tag-honigloeffel-nachhaltig","9":"first","10":"instock","11":"shipping-taxable","12":"product-type-external"},"yoast_head":"<!-- This site is optimized with the Yoast SEO plugin v27.4 - https:\/\/yoast.com\/product\/yoast-seo-wordpress\/ -->\n<title>6 St\u00fcck handwerkliche Glasl\u00f6ffel, ideal f\u00fcr Familienfeiern, Restaurants, nachhaltiges Essen, sp\u00fclmaschinenfest, Werkzeug, Honigl\u00f6ffel - PureHiveHoney<\/title>\n<meta name=\"description\" content=\"Entdecken Sie hochwertigen Rohhonig, Bio Honig, Manuka Honig und nat\u00fcrliche Bienenprodukte. PureHiveHoney hilft Ihnen dabei, sorgf\u00e4ltig ausgew\u00e4hlte Honigsorten mit nat\u00fcrlicher Qualit\u00e4t und Reinheit zu entdecken.\" \/>\n<meta name=\"robots\" content=\"index, follow, max-snippet:-1, max-image-preview:large, max-video-preview:-1\" \/>\n<link rel=\"canonical\" href=\"https:\/\/purehivehoney.com\/de\/product\/6-stueck-handwerkliche-glasloeffel-ideal-fuer-familienfeiern-restaurants-nachhaltiges-essen-spuelmaschinenfest-werkzeug-honigloeffel\/\" \/>\n<meta property=\"og:locale\" content=\"de_DE\" \/>\n<meta property=\"og:type\" content=\"article\" \/>\n<meta property=\"og:title\" content=\"6 St\u00fcck handwerkliche Glasl\u00f6ffel, ideal f\u00fcr Familienfeiern, Restaurants, nachhaltiges Essen, sp\u00fclmaschinenfest, Werkzeug, Honigl\u00f6ffel - PureHiveHoney\" \/>\n<meta property=\"og:description\" content=\"Entdecken Sie hochwertigen Rohhonig, Bio Honig, Manuka Honig und nat\u00fcrliche Bienenprodukte. PureHiveHoney hilft Ihnen dabei, sorgf\u00e4ltig ausgew\u00e4hlte Honigsorten mit nat\u00fcrlicher Qualit\u00e4t und Reinheit zu entdecken.\" \/>\n<meta property=\"og:url\" content=\"https:\/\/purehivehoney.com\/de\/product\/6-stueck-handwerkliche-glasloeffel-ideal-fuer-familienfeiern-restaurants-nachhaltiges-essen-spuelmaschinenfest-werkzeug-honigloeffel\/\" \/>\n<meta property=\"og:site_name\" content=\"PureHiveHoney\" \/>\n<meta property=\"article:modified_time\" content=\"2026-03-16T09:28:23+00:00\" \/>\n<meta name=\"twitter:card\" content=\"summary_large_image\" \/>\n<meta name=\"twitter:label1\" content=\"Gesch\u00e4tzte Lesezeit\" \/>\n\t<meta name=\"twitter:data1\" content=\"1\u00a0Minute\" \/>\n<script type=\"application\/ld+json\" class=\"yoast-schema-graph\">{\"@context\":\"https:\\\/\\\/schema.org\",\"@graph\":[{\"@type\":\"WebPage\",\"@id\":\"https:\\\/\\\/purehivehoney.com\\\/de\\\/product\\\/6-stueck-handwerkliche-glasloeffel-ideal-fuer-familienfeiern-restaurants-nachhaltiges-essen-spuelmaschinenfest-werkzeug-honigloeffel\\\/\",\"url\":\"https:\\\/\\\/purehivehoney.com\\\/de\\\/product\\\/6-stueck-handwerkliche-glasloeffel-ideal-fuer-familienfeiern-restaurants-nachhaltiges-essen-spuelmaschinenfest-werkzeug-honigloeffel\\\/\",\"name\":\"6 St\u00fcck handwerkliche Glasl\u00f6ffel, ideal f\u00fcr Familienfeiern, Restaurants, nachhaltiges Essen, sp\u00fclmaschinenfest, Werkzeug, Honigl\u00f6ffel - PureHiveHoney\",\"isPartOf\":{\"@id\":\"https:\\\/\\\/purehivehoney.com\\\/de\\\/#website\"},\"primaryImageOfPage\":{\"@id\":\"https:\\\/\\\/purehivehoney.com\\\/de\\\/product\\\/6-stueck-handwerkliche-glasloeffel-ideal-fuer-familienfeiern-restaurants-nachhaltiges-essen-spuelmaschinenfest-werkzeug-honigloeffel\\\/#primaryimage\"},\"image\":{\"@id\":\"https:\\\/\\\/purehivehoney.com\\\/de\\\/product\\\/6-stueck-handwerkliche-glasloeffel-ideal-fuer-familienfeiern-restaurants-nachhaltiges-essen-spuelmaschinenfest-werkzeug-honigloeffel\\\/#primaryimage\"},\"thumbnailUrl\":\"https:\\\/\\\/purehivehoney.com\\\/de\\\/wp-content\\\/uploads\\\/2026\\\/03\\\/61OJKP3uIwL._AC_SL1500_.jpg\",\"datePublished\":\"2026-03-16T09:28:05+00:00\",\"dateModified\":\"2026-03-16T09:28:23+00:00\",\"description\":\"Entdecken Sie hochwertigen Rohhonig, Bio Honig, Manuka Honig und nat\u00fcrliche Bienenprodukte. PureHiveHoney hilft Ihnen dabei, sorgf\u00e4ltig ausgew\u00e4hlte Honigsorten mit nat\u00fcrlicher Qualit\u00e4t und Reinheit zu entdecken.\",\"breadcrumb\":{\"@id\":\"https:\\\/\\\/purehivehoney.com\\\/de\\\/product\\\/6-stueck-handwerkliche-glasloeffel-ideal-fuer-familienfeiern-restaurants-nachhaltiges-essen-spuelmaschinenfest-werkzeug-honigloeffel\\\/#breadcrumb\"},\"inLanguage\":\"de\",\"potentialAction\":[{\"@type\":\"ReadAction\",\"target\":[\"https:\\\/\\\/purehivehoney.com\\\/de\\\/product\\\/6-stueck-handwerkliche-glasloeffel-ideal-fuer-familienfeiern-restaurants-nachhaltiges-essen-spuelmaschinenfest-werkzeug-honigloeffel\\\/\"]}]},{\"@type\":\"ImageObject\",\"inLanguage\":\"de\",\"@id\":\"https:\\\/\\\/purehivehoney.com\\\/de\\\/product\\\/6-stueck-handwerkliche-glasloeffel-ideal-fuer-familienfeiern-restaurants-nachhaltiges-essen-spuelmaschinenfest-werkzeug-honigloeffel\\\/#primaryimage\",\"url\":\"https:\\\/\\\/purehivehoney.com\\\/de\\\/wp-content\\\/uploads\\\/2026\\\/03\\\/61OJKP3uIwL._AC_SL1500_.jpg\",\"contentUrl\":\"https:\\\/\\\/purehivehoney.com\\\/de\\\/wp-content\\\/uploads\\\/2026\\\/03\\\/61OJKP3uIwL._AC_SL1500_.jpg\",\"width\":1270,\"height\":1500},{\"@type\":\"BreadcrumbList\",\"@id\":\"https:\\\/\\\/purehivehoney.com\\\/de\\\/product\\\/6-stueck-handwerkliche-glasloeffel-ideal-fuer-familienfeiern-restaurants-nachhaltiges-essen-spuelmaschinenfest-werkzeug-honigloeffel\\\/#breadcrumb\",\"itemListElement\":[{\"@type\":\"ListItem\",\"position\":1,\"name\":\"Home\",\"item\":\"https:\\\/\\\/purehivehoney.com\\\/de\\\/\"},{\"@type\":\"ListItem\",\"position\":2,\"name\":\"Shop\",\"item\":\"https:\\\/\\\/purehivehoney.com\\\/de\\\/shop\\\/\"},{\"@type\":\"ListItem\",\"position\":3,\"name\":\"6 St\u00fcck handwerkliche Glasl\u00f6ffel,...\"}]},{\"@type\":\"WebSite\",\"@id\":\"https:\\\/\\\/purehivehoney.com\\\/de\\\/#website\",\"url\":\"https:\\\/\\\/purehivehoney.com\\\/de\\\/\",\"name\":\"PureHiveHoney\",\"description\":\"Reiner Honig &amp; Bienenprodukte Online | Rohhonig, Bio Honig &amp; Spezialhonig\",\"publisher\":{\"@id\":\"https:\\\/\\\/purehivehoney.com\\\/de\\\/#organization\"},\"potentialAction\":[{\"@type\":\"SearchAction\",\"target\":{\"@type\":\"EntryPoint\",\"urlTemplate\":\"https:\\\/\\\/purehivehoney.com\\\/de\\\/?s={search_term_string}\"},\"query-input\":{\"@type\":\"PropertyValueSpecification\",\"valueRequired\":true,\"valueName\":\"search_term_string\"}}],\"inLanguage\":\"de\"},{\"@type\":\"Organization\",\"@id\":\"https:\\\/\\\/purehivehoney.com\\\/de\\\/#organization\",\"name\":\"PureHiveHoney\",\"url\":\"https:\\\/\\\/purehivehoney.com\\\/de\\\/\",\"logo\":{\"@type\":\"ImageObject\",\"inLanguage\":\"de\",\"@id\":\"https:\\\/\\\/purehivehoney.com\\\/de\\\/#\\\/schema\\\/logo\\\/image\\\/\",\"url\":\"https:\\\/\\\/purehivehoney.com\\\/de\\\/wp-content\\\/uploads\\\/2026\\\/03\\\/Screenshot-2026-03-16-at-1.06.01-AM.png\",\"contentUrl\":\"https:\\\/\\\/purehivehoney.com\\\/de\\\/wp-content\\\/uploads\\\/2026\\\/03\\\/Screenshot-2026-03-16-at-1.06.01-AM.png\",\"width\":2112,\"height\":1086,\"caption\":\"PureHiveHoney\"},\"image\":{\"@id\":\"https:\\\/\\\/purehivehoney.com\\\/de\\\/#\\\/schema\\\/logo\\\/image\\\/\"}}]}<\/script>\n<!-- \/ Yoast SEO plugin. -->","yoast_head_json":{"title":"6 St\u00fcck handwerkliche Glasl\u00f6ffel, ideal f\u00fcr Familienfeiern, Restaurants, nachhaltiges Essen, sp\u00fclmaschinenfest, Werkzeug, Honigl\u00f6ffel - PureHiveHoney","description":"Entdecken Sie hochwertigen Rohhonig, Bio Honig, Manuka Honig und nat\u00fcrliche Bienenprodukte. PureHiveHoney hilft Ihnen dabei, sorgf\u00e4ltig ausgew\u00e4hlte Honigsorten mit nat\u00fcrlicher Qualit\u00e4t und Reinheit zu entdecken.","robots":{"index":"index","follow":"follow","max-snippet":"max-snippet:-1","max-image-preview":"max-image-preview:large","max-video-preview":"max-video-preview:-1"},"canonical":"https:\/\/purehivehoney.com\/de\/product\/6-stueck-handwerkliche-glasloeffel-ideal-fuer-familienfeiern-restaurants-nachhaltiges-essen-spuelmaschinenfest-werkzeug-honigloeffel\/","og_locale":"de_DE","og_type":"article","og_title":"6 St\u00fcck handwerkliche Glasl\u00f6ffel, ideal f\u00fcr Familienfeiern, Restaurants, nachhaltiges Essen, sp\u00fclmaschinenfest, Werkzeug, Honigl\u00f6ffel - PureHiveHoney","og_description":"Entdecken Sie hochwertigen Rohhonig, Bio Honig, Manuka Honig und nat\u00fcrliche Bienenprodukte. PureHiveHoney hilft Ihnen dabei, sorgf\u00e4ltig ausgew\u00e4hlte Honigsorten mit nat\u00fcrlicher Qualit\u00e4t und Reinheit zu entdecken.","og_url":"https:\/\/purehivehoney.com\/de\/product\/6-stueck-handwerkliche-glasloeffel-ideal-fuer-familienfeiern-restaurants-nachhaltiges-essen-spuelmaschinenfest-werkzeug-honigloeffel\/","og_site_name":"PureHiveHoney","article_modified_time":"2026-03-16T09:28:23+00:00","twitter_card":"summary_large_image","twitter_misc":{"Gesch\u00e4tzte Lesezeit":"1\u00a0Minute"},"schema":{"@context":"https:\/\/schema.org","@graph":[{"@type":"WebPage","@id":"https:\/\/purehivehoney.com\/de\/product\/6-stueck-handwerkliche-glasloeffel-ideal-fuer-familienfeiern-restaurants-nachhaltiges-essen-spuelmaschinenfest-werkzeug-honigloeffel\/","url":"https:\/\/purehivehoney.com\/de\/product\/6-stueck-handwerkliche-glasloeffel-ideal-fuer-familienfeiern-restaurants-nachhaltiges-essen-spuelmaschinenfest-werkzeug-honigloeffel\/","name":"6 St\u00fcck handwerkliche Glasl\u00f6ffel, ideal f\u00fcr Familienfeiern, Restaurants, nachhaltiges Essen, sp\u00fclmaschinenfest, Werkzeug, Honigl\u00f6ffel - PureHiveHoney","isPartOf":{"@id":"https:\/\/purehivehoney.com\/de\/#website"},"primaryImageOfPage":{"@id":"https:\/\/purehivehoney.com\/de\/product\/6-stueck-handwerkliche-glasloeffel-ideal-fuer-familienfeiern-restaurants-nachhaltiges-essen-spuelmaschinenfest-werkzeug-honigloeffel\/#primaryimage"},"image":{"@id":"https:\/\/purehivehoney.com\/de\/product\/6-stueck-handwerkliche-glasloeffel-ideal-fuer-familienfeiern-restaurants-nachhaltiges-essen-spuelmaschinenfest-werkzeug-honigloeffel\/#primaryimage"},"thumbnailUrl":"https:\/\/purehivehoney.com\/de\/wp-content\/uploads\/2026\/03\/61OJKP3uIwL._AC_SL1500_.jpg","datePublished":"2026-03-16T09:28:05+00:00","dateModified":"2026-03-16T09:28:23+00:00","description":"Entdecken Sie hochwertigen Rohhonig, Bio Honig, Manuka Honig und nat\u00fcrliche Bienenprodukte. PureHiveHoney hilft Ihnen dabei, sorgf\u00e4ltig ausgew\u00e4hlte Honigsorten mit nat\u00fcrlicher Qualit\u00e4t und Reinheit zu entdecken.","breadcrumb":{"@id":"https:\/\/purehivehoney.com\/de\/product\/6-stueck-handwerkliche-glasloeffel-ideal-fuer-familienfeiern-restaurants-nachhaltiges-essen-spuelmaschinenfest-werkzeug-honigloeffel\/#breadcrumb"},"inLanguage":"de","potentialAction":[{"@type":"ReadAction","target":["https:\/\/purehivehoney.com\/de\/product\/6-stueck-handwerkliche-glasloeffel-ideal-fuer-familienfeiern-restaurants-nachhaltiges-essen-spuelmaschinenfest-werkzeug-honigloeffel\/"]}]},{"@type":"ImageObject","inLanguage":"de","@id":"https:\/\/purehivehoney.com\/de\/product\/6-stueck-handwerkliche-glasloeffel-ideal-fuer-familienfeiern-restaurants-nachhaltiges-essen-spuelmaschinenfest-werkzeug-honigloeffel\/#primaryimage","url":"https:\/\/purehivehoney.com\/de\/wp-content\/uploads\/2026\/03\/61OJKP3uIwL._AC_SL1500_.jpg","contentUrl":"https:\/\/purehivehoney.com\/de\/wp-content\/uploads\/2026\/03\/61OJKP3uIwL._AC_SL1500_.jpg","width":1270,"height":1500},{"@type":"BreadcrumbList","@id":"https:\/\/purehivehoney.com\/de\/product\/6-stueck-handwerkliche-glasloeffel-ideal-fuer-familienfeiern-restaurants-nachhaltiges-essen-spuelmaschinenfest-werkzeug-honigloeffel\/#breadcrumb","itemListElement":[{"@type":"ListItem","position":1,"name":"Home","item":"https:\/\/purehivehoney.com\/de\/"},{"@type":"ListItem","position":2,"name":"Shop","item":"https:\/\/purehivehoney.com\/de\/shop\/"},{"@type":"ListItem","position":3,"name":"6 St\u00fcck handwerkliche Glasl\u00f6ffel,..."}]},{"@type":"WebSite","@id":"https:\/\/purehivehoney.com\/de\/#website","url":"https:\/\/purehivehoney.com\/de\/","name":"PureHiveHoney","description":"Reiner Honig &amp; Bienenprodukte Online | Rohhonig, Bio Honig &amp; Spezialhonig","publisher":{"@id":"https:\/\/purehivehoney.com\/de\/#organization"},"potentialAction":[{"@type":"SearchAction","target":{"@type":"EntryPoint","urlTemplate":"https:\/\/purehivehoney.com\/de\/?s={search_term_string}"},"query-input":{"@type":"PropertyValueSpecification","valueRequired":true,"valueName":"search_term_string"}}],"inLanguage":"de"},{"@type":"Organization","@id":"https:\/\/purehivehoney.com\/de\/#organization","name":"PureHiveHoney","url":"https:\/\/purehivehoney.com\/de\/","logo":{"@type":"ImageObject","inLanguage":"de","@id":"https:\/\/purehivehoney.com\/de\/#\/schema\/logo\/image\/","url":"https:\/\/purehivehoney.com\/de\/wp-content\/uploads\/2026\/03\/Screenshot-2026-03-16-at-1.06.01-AM.png","contentUrl":"https:\/\/purehivehoney.com\/de\/wp-content\/uploads\/2026\/03\/Screenshot-2026-03-16-at-1.06.01-AM.png","width":2112,"height":1086,"caption":"PureHiveHoney"},"image":{"@id":"https:\/\/purehivehoney.com\/de\/#\/schema\/logo\/image\/"}}]}},"_links":{"self":[{"href":"https:\/\/purehivehoney.com\/de\/wp-json\/wp\/v2\/product\/1257","targetHints":{"allow":["GET"]}}],"collection":[{"href":"https:\/\/purehivehoney.com\/de\/wp-json\/wp\/v2\/product"}],"about":[{"href":"https:\/\/purehivehoney.com\/de\/wp-json\/wp\/v2\/types\/product"}],"replies":[{"embeddable":true,"href":"https:\/\/purehivehoney.com\/de\/wp-json\/wp\/v2\/comments?post=1257"}],"wp:featuredmedia":[{"embeddable":true,"href":"https:\/\/purehivehoney.com\/de\/wp-json\/wp\/v2\/media\/1258"}],"wp:attachment":[{"href":"https:\/\/purehivehoney.com\/de\/wp-json\/wp\/v2\/media?parent=1257"}],"wp:term":[{"taxonomy":"store","embeddable":true,"href":"https:\/\/purehivehoney.com\/de\/wp-json\/wp\/v2\/store?post=1257"},{"taxonomy":"product_brand","embeddable":true,"href":"https:\/\/purehivehoney.com\/de\/wp-json\/wp\/v2\/product_brand?post=1257"},{"taxonomy":"product_cat","embeddable":true,"href":"https:\/\/purehivehoney.com\/de\/wp-json\/wp\/v2\/product_cat?post=1257"},{"taxonomy":"product_tag","embeddable":true,"href":"https:\/\/purehivehoney.com\/de\/wp-json\/wp\/v2\/product_tag?post=1257"}],"curies":[{"name":"wp","href":"https:\/\/api.w.org\/{rel}","templated":true}]}}