{"id":1249,"date":"2026-03-16T09:26:44","date_gmt":"2026-03-16T09:26:44","guid":{"rendered":"https:\/\/purehivehoney.com\/de\/product\/mimorou-pack-of-6-syrup-dispenser-glass-bottle-honey-maple-syrup-jug-with-retractable-spout-plastic-lid-syrup-container-for-restaurants-sugar-pancakes-coffee-12-oz\/"},"modified":"2026-03-16T09:26:59","modified_gmt":"2026-03-16T09:26:59","slug":"mimorou-pack-of-6-syrup-dispenser-glass-bottle-honey-maple-syrup-jug-with-retractable-spout-plastic-lid-syrup-container-for-restaurants-sugar-pancakes-coffee-12-oz","status":"publish","type":"product","link":"https:\/\/purehivehoney.com\/de\/product\/mimorou-pack-of-6-syrup-dispenser-glass-bottle-honey-maple-syrup-jug-with-retractable-spout-plastic-lid-syrup-container-for-restaurants-sugar-pancakes-coffee-12-oz\/","title":{"rendered":"Mimorou Pack of 6 Syrup Dispenser G..."},"content":{"rendered":"<p>    <span><br \/>Features: <br \/>Ideal gift choice: <br \/>You can send the glass syrup bottle as a Christmas gift and housewarming gift to your mother, grandmother, colleague and friend. <br \/>Easy to carry: <br \/>The syrup pitcher does not take up much space, and you can place it in your bag when you go outside for a picnic or prepare a party. <br \/>Specifications: <br \/>Material: glass body with ABS plastic lid. <br \/>Main Color: Clear <br \/>Size: approx. 8.1 x 12.2 cm. <br \/>Capacity: approx. 12 oz. <br \/>Total: 6 pieces. <br \/>Package includes: <br \/>6 x sugar bowls with pouring spout. <br \/>Notes: <br \/>Manual measurement, please allow slight errors on size. <br \/>The color may exist slight difference due to different displays.<\/span>    <br \/>What you get: the package includes 6 pieces of sugar glass bottles in the main body of the transparent body, ideal for you to store maple syrup, honey, cream, sugar, oil and so on, enough quantity to satisfy your daily use and replacement<br \/>Easy to Use The glass honey dispenser is equipped with retractable spouts. Simply press the pouring lever with your thumbs and the items inside will pour out. Convenient for you to drink delicious food such as pancakes and coffee<br \/>Detailed size information: the syrup dispenser measures approx. 3.2 x 4.8 inches, 12 oz capacity, the right size is easy to apply. Please check the size if you need it before you buy it<br \/>Considerate material: the sugar container with pouring spout is mainly made of glass body with an ABS plastic lid, leak-proof and airtight, washable and reusable, easy to clean, for a long time is not a big problem with normal use<br \/>APPLICATION RANGE These restaurant syrup containers can be applied for various occasions, such as kitchen, dining room, restaurants, hotels, cafes, pastry shops and so on. Suitable for banquets, buffets and barbecues, versatile and practical<\/p>\n\n","protected":false},"excerpt":{"rendered":"<p>Features: Ideal gift choice: You can send the glass syrup bottle as a Christmas gift and housewarming gift to your mother, grandmother, colleague and friend. Easy to carry: The syrup pitcher does not take up much space, and you can place it in your bag when you go outside for a picnic or prepare a [&hellip;]<\/p>\n","protected":false},"featured_media":1250,"comment_status":"open","ping_status":"closed","template":"","meta":{"_aipt_faq_data":""},"store":[],"product_brand":[260],"product_cat":[74],"product_tag":[223],"class_list":{"0":"post-1249","1":"product","2":"type-product","3":"status-publish","4":"has-post-thumbnail","6":"product_brand-mimorou","7":"product_cat-honigglaser","8":"product_tag-vintage-honigglaeser-set","10":"first","11":"instock","12":"shipping-taxable","13":"product-type-external"},"yoast_head":"<!-- This site is optimized with the Yoast SEO plugin v27.4 - https:\/\/yoast.com\/product\/yoast-seo-wordpress\/ -->\n<title>Mimorou Pack of 6 Syrup Dispenser Glass Bottle Honey Maple Syrup Jug with Retractable Spout Plastic Lid Syrup Container for Restaurants Sugar Pancakes Coffee 12 oz - PureHiveHoney<\/title>\n<meta name=\"description\" content=\"Entdecken Sie hochwertigen Rohhonig, Bio Honig, Manuka Honig und nat\u00fcrliche Bienenprodukte. PureHiveHoney hilft Ihnen dabei, sorgf\u00e4ltig ausgew\u00e4hlte Honigsorten mit nat\u00fcrlicher Qualit\u00e4t und Reinheit zu entdecken.\" \/>\n<meta name=\"robots\" content=\"index, follow, max-snippet:-1, max-image-preview:large, max-video-preview:-1\" \/>\n<link rel=\"canonical\" href=\"https:\/\/purehivehoney.com\/de\/product\/mimorou-pack-of-6-syrup-dispenser-glass-bottle-honey-maple-syrup-jug-with-retractable-spout-plastic-lid-syrup-container-for-restaurants-sugar-pancakes-coffee-12-oz\/\" \/>\n<meta property=\"og:locale\" content=\"de_DE\" \/>\n<meta property=\"og:type\" content=\"article\" \/>\n<meta property=\"og:title\" content=\"Mimorou Pack of 6 Syrup Dispenser Glass Bottle Honey Maple Syrup Jug with Retractable Spout Plastic Lid Syrup Container for Restaurants Sugar Pancakes Coffee 12 oz - PureHiveHoney\" \/>\n<meta property=\"og:description\" content=\"Entdecken Sie hochwertigen Rohhonig, Bio Honig, Manuka Honig und nat\u00fcrliche Bienenprodukte. PureHiveHoney hilft Ihnen dabei, sorgf\u00e4ltig ausgew\u00e4hlte Honigsorten mit nat\u00fcrlicher Qualit\u00e4t und Reinheit zu entdecken.\" \/>\n<meta property=\"og:url\" content=\"https:\/\/purehivehoney.com\/de\/product\/mimorou-pack-of-6-syrup-dispenser-glass-bottle-honey-maple-syrup-jug-with-retractable-spout-plastic-lid-syrup-container-for-restaurants-sugar-pancakes-coffee-12-oz\/\" \/>\n<meta property=\"og:site_name\" content=\"PureHiveHoney\" \/>\n<meta property=\"article:modified_time\" content=\"2026-03-16T09:26:59+00:00\" \/>\n<meta name=\"twitter:card\" content=\"summary_large_image\" \/>\n<meta name=\"twitter:label1\" content=\"Gesch\u00e4tzte Lesezeit\" \/>\n\t<meta name=\"twitter:data1\" content=\"1\u00a0Minute\" \/>\n<script type=\"application\/ld+json\" class=\"yoast-schema-graph\">{\"@context\":\"https:\\\/\\\/schema.org\",\"@graph\":[{\"@type\":\"WebPage\",\"@id\":\"https:\\\/\\\/purehivehoney.com\\\/de\\\/product\\\/mimorou-pack-of-6-syrup-dispenser-glass-bottle-honey-maple-syrup-jug-with-retractable-spout-plastic-lid-syrup-container-for-restaurants-sugar-pancakes-coffee-12-oz\\\/\",\"url\":\"https:\\\/\\\/purehivehoney.com\\\/de\\\/product\\\/mimorou-pack-of-6-syrup-dispenser-glass-bottle-honey-maple-syrup-jug-with-retractable-spout-plastic-lid-syrup-container-for-restaurants-sugar-pancakes-coffee-12-oz\\\/\",\"name\":\"Mimorou Pack of 6 Syrup Dispenser Glass Bottle Honey Maple Syrup Jug with Retractable Spout Plastic Lid Syrup Container for Restaurants Sugar Pancakes Coffee 12 oz - PureHiveHoney\",\"isPartOf\":{\"@id\":\"https:\\\/\\\/purehivehoney.com\\\/de\\\/#website\"},\"primaryImageOfPage\":{\"@id\":\"https:\\\/\\\/purehivehoney.com\\\/de\\\/product\\\/mimorou-pack-of-6-syrup-dispenser-glass-bottle-honey-maple-syrup-jug-with-retractable-spout-plastic-lid-syrup-container-for-restaurants-sugar-pancakes-coffee-12-oz\\\/#primaryimage\"},\"image\":{\"@id\":\"https:\\\/\\\/purehivehoney.com\\\/de\\\/product\\\/mimorou-pack-of-6-syrup-dispenser-glass-bottle-honey-maple-syrup-jug-with-retractable-spout-plastic-lid-syrup-container-for-restaurants-sugar-pancakes-coffee-12-oz\\\/#primaryimage\"},\"thumbnailUrl\":\"https:\\\/\\\/purehivehoney.com\\\/de\\\/wp-content\\\/uploads\\\/2026\\\/03\\\/712BRw3KCqL._AC_SL1500_.jpg\",\"datePublished\":\"2026-03-16T09:26:44+00:00\",\"dateModified\":\"2026-03-16T09:26:59+00:00\",\"description\":\"Entdecken Sie hochwertigen Rohhonig, Bio Honig, Manuka Honig und nat\u00fcrliche Bienenprodukte. PureHiveHoney hilft Ihnen dabei, sorgf\u00e4ltig ausgew\u00e4hlte Honigsorten mit nat\u00fcrlicher Qualit\u00e4t und Reinheit zu entdecken.\",\"breadcrumb\":{\"@id\":\"https:\\\/\\\/purehivehoney.com\\\/de\\\/product\\\/mimorou-pack-of-6-syrup-dispenser-glass-bottle-honey-maple-syrup-jug-with-retractable-spout-plastic-lid-syrup-container-for-restaurants-sugar-pancakes-coffee-12-oz\\\/#breadcrumb\"},\"inLanguage\":\"de\",\"potentialAction\":[{\"@type\":\"ReadAction\",\"target\":[\"https:\\\/\\\/purehivehoney.com\\\/de\\\/product\\\/mimorou-pack-of-6-syrup-dispenser-glass-bottle-honey-maple-syrup-jug-with-retractable-spout-plastic-lid-syrup-container-for-restaurants-sugar-pancakes-coffee-12-oz\\\/\"]}]},{\"@type\":\"ImageObject\",\"inLanguage\":\"de\",\"@id\":\"https:\\\/\\\/purehivehoney.com\\\/de\\\/product\\\/mimorou-pack-of-6-syrup-dispenser-glass-bottle-honey-maple-syrup-jug-with-retractable-spout-plastic-lid-syrup-container-for-restaurants-sugar-pancakes-coffee-12-oz\\\/#primaryimage\",\"url\":\"https:\\\/\\\/purehivehoney.com\\\/de\\\/wp-content\\\/uploads\\\/2026\\\/03\\\/712BRw3KCqL._AC_SL1500_.jpg\",\"contentUrl\":\"https:\\\/\\\/purehivehoney.com\\\/de\\\/wp-content\\\/uploads\\\/2026\\\/03\\\/712BRw3KCqL._AC_SL1500_.jpg\",\"width\":1500,\"height\":1481},{\"@type\":\"BreadcrumbList\",\"@id\":\"https:\\\/\\\/purehivehoney.com\\\/de\\\/product\\\/mimorou-pack-of-6-syrup-dispenser-glass-bottle-honey-maple-syrup-jug-with-retractable-spout-plastic-lid-syrup-container-for-restaurants-sugar-pancakes-coffee-12-oz\\\/#breadcrumb\",\"itemListElement\":[{\"@type\":\"ListItem\",\"position\":1,\"name\":\"Home\",\"item\":\"https:\\\/\\\/purehivehoney.com\\\/de\\\/\"},{\"@type\":\"ListItem\",\"position\":2,\"name\":\"Shop\",\"item\":\"https:\\\/\\\/purehivehoney.com\\\/de\\\/shop\\\/\"},{\"@type\":\"ListItem\",\"position\":3,\"name\":\"Mimorou Pack of 6 Syrup Dispenser G...\"}]},{\"@type\":\"WebSite\",\"@id\":\"https:\\\/\\\/purehivehoney.com\\\/de\\\/#website\",\"url\":\"https:\\\/\\\/purehivehoney.com\\\/de\\\/\",\"name\":\"PureHiveHoney\",\"description\":\"Reiner Honig &amp; Bienenprodukte Online | Rohhonig, Bio Honig &amp; Spezialhonig\",\"publisher\":{\"@id\":\"https:\\\/\\\/purehivehoney.com\\\/de\\\/#organization\"},\"potentialAction\":[{\"@type\":\"SearchAction\",\"target\":{\"@type\":\"EntryPoint\",\"urlTemplate\":\"https:\\\/\\\/purehivehoney.com\\\/de\\\/?s={search_term_string}\"},\"query-input\":{\"@type\":\"PropertyValueSpecification\",\"valueRequired\":true,\"valueName\":\"search_term_string\"}}],\"inLanguage\":\"de\"},{\"@type\":\"Organization\",\"@id\":\"https:\\\/\\\/purehivehoney.com\\\/de\\\/#organization\",\"name\":\"PureHiveHoney\",\"url\":\"https:\\\/\\\/purehivehoney.com\\\/de\\\/\",\"logo\":{\"@type\":\"ImageObject\",\"inLanguage\":\"de\",\"@id\":\"https:\\\/\\\/purehivehoney.com\\\/de\\\/#\\\/schema\\\/logo\\\/image\\\/\",\"url\":\"https:\\\/\\\/purehivehoney.com\\\/de\\\/wp-content\\\/uploads\\\/2026\\\/03\\\/Screenshot-2026-03-16-at-1.06.01-AM.png\",\"contentUrl\":\"https:\\\/\\\/purehivehoney.com\\\/de\\\/wp-content\\\/uploads\\\/2026\\\/03\\\/Screenshot-2026-03-16-at-1.06.01-AM.png\",\"width\":2112,\"height\":1086,\"caption\":\"PureHiveHoney\"},\"image\":{\"@id\":\"https:\\\/\\\/purehivehoney.com\\\/de\\\/#\\\/schema\\\/logo\\\/image\\\/\"}}]}<\/script>\n<!-- \/ Yoast SEO plugin. -->","yoast_head_json":{"title":"Mimorou Pack of 6 Syrup Dispenser Glass Bottle Honey Maple Syrup Jug with Retractable Spout Plastic Lid Syrup Container for Restaurants Sugar Pancakes Coffee 12 oz - PureHiveHoney","description":"Entdecken Sie hochwertigen Rohhonig, Bio Honig, Manuka Honig und nat\u00fcrliche Bienenprodukte. PureHiveHoney hilft Ihnen dabei, sorgf\u00e4ltig ausgew\u00e4hlte Honigsorten mit nat\u00fcrlicher Qualit\u00e4t und Reinheit zu entdecken.","robots":{"index":"index","follow":"follow","max-snippet":"max-snippet:-1","max-image-preview":"max-image-preview:large","max-video-preview":"max-video-preview:-1"},"canonical":"https:\/\/purehivehoney.com\/de\/product\/mimorou-pack-of-6-syrup-dispenser-glass-bottle-honey-maple-syrup-jug-with-retractable-spout-plastic-lid-syrup-container-for-restaurants-sugar-pancakes-coffee-12-oz\/","og_locale":"de_DE","og_type":"article","og_title":"Mimorou Pack of 6 Syrup Dispenser Glass Bottle Honey Maple Syrup Jug with Retractable Spout Plastic Lid Syrup Container for Restaurants Sugar Pancakes Coffee 12 oz - PureHiveHoney","og_description":"Entdecken Sie hochwertigen Rohhonig, Bio Honig, Manuka Honig und nat\u00fcrliche Bienenprodukte. PureHiveHoney hilft Ihnen dabei, sorgf\u00e4ltig ausgew\u00e4hlte Honigsorten mit nat\u00fcrlicher Qualit\u00e4t und Reinheit zu entdecken.","og_url":"https:\/\/purehivehoney.com\/de\/product\/mimorou-pack-of-6-syrup-dispenser-glass-bottle-honey-maple-syrup-jug-with-retractable-spout-plastic-lid-syrup-container-for-restaurants-sugar-pancakes-coffee-12-oz\/","og_site_name":"PureHiveHoney","article_modified_time":"2026-03-16T09:26:59+00:00","twitter_card":"summary_large_image","twitter_misc":{"Gesch\u00e4tzte Lesezeit":"1\u00a0Minute"},"schema":{"@context":"https:\/\/schema.org","@graph":[{"@type":"WebPage","@id":"https:\/\/purehivehoney.com\/de\/product\/mimorou-pack-of-6-syrup-dispenser-glass-bottle-honey-maple-syrup-jug-with-retractable-spout-plastic-lid-syrup-container-for-restaurants-sugar-pancakes-coffee-12-oz\/","url":"https:\/\/purehivehoney.com\/de\/product\/mimorou-pack-of-6-syrup-dispenser-glass-bottle-honey-maple-syrup-jug-with-retractable-spout-plastic-lid-syrup-container-for-restaurants-sugar-pancakes-coffee-12-oz\/","name":"Mimorou Pack of 6 Syrup Dispenser Glass Bottle Honey Maple Syrup Jug with Retractable Spout Plastic Lid Syrup Container for Restaurants Sugar Pancakes Coffee 12 oz - PureHiveHoney","isPartOf":{"@id":"https:\/\/purehivehoney.com\/de\/#website"},"primaryImageOfPage":{"@id":"https:\/\/purehivehoney.com\/de\/product\/mimorou-pack-of-6-syrup-dispenser-glass-bottle-honey-maple-syrup-jug-with-retractable-spout-plastic-lid-syrup-container-for-restaurants-sugar-pancakes-coffee-12-oz\/#primaryimage"},"image":{"@id":"https:\/\/purehivehoney.com\/de\/product\/mimorou-pack-of-6-syrup-dispenser-glass-bottle-honey-maple-syrup-jug-with-retractable-spout-plastic-lid-syrup-container-for-restaurants-sugar-pancakes-coffee-12-oz\/#primaryimage"},"thumbnailUrl":"https:\/\/purehivehoney.com\/de\/wp-content\/uploads\/2026\/03\/712BRw3KCqL._AC_SL1500_.jpg","datePublished":"2026-03-16T09:26:44+00:00","dateModified":"2026-03-16T09:26:59+00:00","description":"Entdecken Sie hochwertigen Rohhonig, Bio Honig, Manuka Honig und nat\u00fcrliche Bienenprodukte. PureHiveHoney hilft Ihnen dabei, sorgf\u00e4ltig ausgew\u00e4hlte Honigsorten mit nat\u00fcrlicher Qualit\u00e4t und Reinheit zu entdecken.","breadcrumb":{"@id":"https:\/\/purehivehoney.com\/de\/product\/mimorou-pack-of-6-syrup-dispenser-glass-bottle-honey-maple-syrup-jug-with-retractable-spout-plastic-lid-syrup-container-for-restaurants-sugar-pancakes-coffee-12-oz\/#breadcrumb"},"inLanguage":"de","potentialAction":[{"@type":"ReadAction","target":["https:\/\/purehivehoney.com\/de\/product\/mimorou-pack-of-6-syrup-dispenser-glass-bottle-honey-maple-syrup-jug-with-retractable-spout-plastic-lid-syrup-container-for-restaurants-sugar-pancakes-coffee-12-oz\/"]}]},{"@type":"ImageObject","inLanguage":"de","@id":"https:\/\/purehivehoney.com\/de\/product\/mimorou-pack-of-6-syrup-dispenser-glass-bottle-honey-maple-syrup-jug-with-retractable-spout-plastic-lid-syrup-container-for-restaurants-sugar-pancakes-coffee-12-oz\/#primaryimage","url":"https:\/\/purehivehoney.com\/de\/wp-content\/uploads\/2026\/03\/712BRw3KCqL._AC_SL1500_.jpg","contentUrl":"https:\/\/purehivehoney.com\/de\/wp-content\/uploads\/2026\/03\/712BRw3KCqL._AC_SL1500_.jpg","width":1500,"height":1481},{"@type":"BreadcrumbList","@id":"https:\/\/purehivehoney.com\/de\/product\/mimorou-pack-of-6-syrup-dispenser-glass-bottle-honey-maple-syrup-jug-with-retractable-spout-plastic-lid-syrup-container-for-restaurants-sugar-pancakes-coffee-12-oz\/#breadcrumb","itemListElement":[{"@type":"ListItem","position":1,"name":"Home","item":"https:\/\/purehivehoney.com\/de\/"},{"@type":"ListItem","position":2,"name":"Shop","item":"https:\/\/purehivehoney.com\/de\/shop\/"},{"@type":"ListItem","position":3,"name":"Mimorou Pack of 6 Syrup Dispenser G..."}]},{"@type":"WebSite","@id":"https:\/\/purehivehoney.com\/de\/#website","url":"https:\/\/purehivehoney.com\/de\/","name":"PureHiveHoney","description":"Reiner Honig &amp; Bienenprodukte Online | Rohhonig, Bio Honig &amp; Spezialhonig","publisher":{"@id":"https:\/\/purehivehoney.com\/de\/#organization"},"potentialAction":[{"@type":"SearchAction","target":{"@type":"EntryPoint","urlTemplate":"https:\/\/purehivehoney.com\/de\/?s={search_term_string}"},"query-input":{"@type":"PropertyValueSpecification","valueRequired":true,"valueName":"search_term_string"}}],"inLanguage":"de"},{"@type":"Organization","@id":"https:\/\/purehivehoney.com\/de\/#organization","name":"PureHiveHoney","url":"https:\/\/purehivehoney.com\/de\/","logo":{"@type":"ImageObject","inLanguage":"de","@id":"https:\/\/purehivehoney.com\/de\/#\/schema\/logo\/image\/","url":"https:\/\/purehivehoney.com\/de\/wp-content\/uploads\/2026\/03\/Screenshot-2026-03-16-at-1.06.01-AM.png","contentUrl":"https:\/\/purehivehoney.com\/de\/wp-content\/uploads\/2026\/03\/Screenshot-2026-03-16-at-1.06.01-AM.png","width":2112,"height":1086,"caption":"PureHiveHoney"},"image":{"@id":"https:\/\/purehivehoney.com\/de\/#\/schema\/logo\/image\/"}}]}},"_links":{"self":[{"href":"https:\/\/purehivehoney.com\/de\/wp-json\/wp\/v2\/product\/1249","targetHints":{"allow":["GET"]}}],"collection":[{"href":"https:\/\/purehivehoney.com\/de\/wp-json\/wp\/v2\/product"}],"about":[{"href":"https:\/\/purehivehoney.com\/de\/wp-json\/wp\/v2\/types\/product"}],"replies":[{"embeddable":true,"href":"https:\/\/purehivehoney.com\/de\/wp-json\/wp\/v2\/comments?post=1249"}],"wp:featuredmedia":[{"embeddable":true,"href":"https:\/\/purehivehoney.com\/de\/wp-json\/wp\/v2\/media\/1250"}],"wp:attachment":[{"href":"https:\/\/purehivehoney.com\/de\/wp-json\/wp\/v2\/media?parent=1249"}],"wp:term":[{"taxonomy":"store","embeddable":true,"href":"https:\/\/purehivehoney.com\/de\/wp-json\/wp\/v2\/store?post=1249"},{"taxonomy":"product_brand","embeddable":true,"href":"https:\/\/purehivehoney.com\/de\/wp-json\/wp\/v2\/product_brand?post=1249"},{"taxonomy":"product_cat","embeddable":true,"href":"https:\/\/purehivehoney.com\/de\/wp-json\/wp\/v2\/product_cat?post=1249"},{"taxonomy":"product_tag","embeddable":true,"href":"https:\/\/purehivehoney.com\/de\/wp-json\/wp\/v2\/product_tag?post=1249"}],"curies":[{"name":"wp","href":"https:\/\/api.w.org\/{rel}","templated":true}]}}