{"id":1240,"date":"2026-03-16T09:25:30","date_gmt":"2026-03-16T09:25:30","guid":{"rendered":"https:\/\/purehivehoney.com\/de\/product\/glass-honey-dispenser-no-dripping-no-trails-honey-container-8-oz-with-stand-easy-to-clean-honey-pot-honey-jar-with-dipper-maple-syrup-dispenser-syrup-holder-with-honeycomb-design\/"},"modified":"2026-03-16T09:25:47","modified_gmt":"2026-03-16T09:25:47","slug":"glass-honey-dispenser-no-dripping-no-trails-honey-container-8-oz-with-stand-easy-to-clean-honey-pot-honey-jar-with-dipper-maple-syrup-dispenser-syrup-holder-with-honeycomb-design","status":"publish","type":"product","link":"https:\/\/purehivehoney.com\/de\/product\/glass-honey-dispenser-no-dripping-no-trails-honey-container-8-oz-with-stand-easy-to-clean-honey-pot-honey-jar-with-dipper-maple-syrup-dispenser-syrup-holder-with-honeycomb-design\/","title":{"rendered":"Glass Honey Dispenser &#8211; No Dr..."},"content":{"rendered":"<p>    <span>NO DROP HONEY DISPENSER The clever design allows honey to flow from the bottom of the jar instead of the top. Your honey is always ready to use without waiting. Easier for anyone at the table to give honey on pancakes, bread, cookies and more with much less waiting and frustration. Made of quality glass. Easy to use and fill. Simply remove the top and place the stopper in the bottom, then fill it with honey, sugar, syrup, sauces, spices and more. Use your imagination for more convenience in your kitchen and dining area. <\/span><br \/><span>Product Features: <\/span><br \/><span>Drip-free honey dispenser. <\/span><br \/><span>Beautiful glass honey jar. <\/span><br \/><span>Includes glass stand. <\/span><br \/><span>Durable stainless steel top <\/span><br \/><span>Stopper in the base. <\/span><br \/><span>Smart design with bottom flow. <\/span><br \/><span>Allows honey to flow instantly without waiting time. <\/span><br \/><span>Easy to clean <\/span><br \/><span>Popular size of 0.6 lbs. <\/span><br \/><span>Suitable for honey, syrup, sugar, sauces, spices, coconut oil. <\/span><br \/>Shaped in a fun, attractive honeycomb design. This material is lightweight yet strong and durable. Fill the dispenser with honey or similar liquids, twist the cap and then press the centre piece. It starts to flow. Release the centre piece and the liquid stops flowing. This gravity system is the ultimate way to have your favorite sauce ready to go.<br \/>Upgraded low flow honey dispenser means you don&#8217;t wait for you to pour honey. Simply remove the stopper at the bottom of the container. Press the trigger and honey will be released immediately. Bottom stand included.<br \/>Teardrop design, perfect for kids and adults. Lets you quickly and cleanly pour honey, syrup, sugar, sauces, spices, salon coconut oil and more. You will want several of these bottles to equip your kitchen with convenience.<br \/>HIGH QUALITY CONSTRUCTION GLASS HONEY JAR WITH DURABLE POLISHED CHROME PLASTIC LID &#8211; The material is lightweight, strong and durable. This is dishwasher safe and easy to clean with reliable operation. The holder will last a long time and works well for years of enjoyment. The perfect 8 oz size gives you just the right amount of honey to serve family and guests. Compact and does not take up much space on a crowded table or counter.<br \/>International products have separate terms, are sold from abroad and may differ from local products, including fit, age ratings, and language of product, labeling or instructions.<\/p>\n\n","protected":false},"excerpt":{"rendered":"<p>NO DROP HONEY DISPENSER The clever design allows honey to flow from the bottom of the jar instead of the top. Your honey is always ready to use without waiting. Easier for anyone at the table to give honey on pancakes, bread, cookies and more with much less waiting and frustration. Made of quality glass. [&hellip;]<\/p>\n","protected":false},"featured_media":1241,"comment_status":"open","ping_status":"closed","template":"","meta":{"_aipt_faq_data":""},"store":[],"product_brand":[212],"product_cat":[75],"product_tag":[221],"class_list":{"0":"post-1240","1":"product","2":"type-product","3":"status-publish","4":"has-post-thumbnail","6":"product_brand-clevli","7":"product_cat-honigspender","8":"product_tag-honigspender-mit-staender","10":"first","11":"instock","12":"shipping-taxable","13":"product-type-external"},"yoast_head":"<!-- This site is optimized with the Yoast SEO plugin v27.4 - https:\/\/yoast.com\/product\/yoast-seo-wordpress\/ -->\n<title>Glass Honey Dispenser - No Dripping, No Trails Honey Container 8 oz with Stand - Easy to Clean Honey Pot - Honey Jar with Dipper - Maple Syrup Dispenser - Syrup Holder with Honeycomb Design - PureHiveHoney<\/title>\n<meta name=\"description\" content=\"Entdecken Sie hochwertigen Rohhonig, Bio Honig, Manuka Honig und nat\u00fcrliche Bienenprodukte. PureHiveHoney hilft Ihnen dabei, sorgf\u00e4ltig ausgew\u00e4hlte Honigsorten mit nat\u00fcrlicher Qualit\u00e4t und Reinheit zu entdecken.\" \/>\n<meta name=\"robots\" content=\"index, follow, max-snippet:-1, max-image-preview:large, max-video-preview:-1\" \/>\n<link rel=\"canonical\" href=\"https:\/\/purehivehoney.com\/de\/product\/glass-honey-dispenser-no-dripping-no-trails-honey-container-8-oz-with-stand-easy-to-clean-honey-pot-honey-jar-with-dipper-maple-syrup-dispenser-syrup-holder-with-honeycomb-design\/\" \/>\n<meta property=\"og:locale\" content=\"de_DE\" \/>\n<meta property=\"og:type\" content=\"article\" \/>\n<meta property=\"og:title\" content=\"Glass Honey Dispenser - No Dripping, No Trails Honey Container 8 oz with Stand - Easy to Clean Honey Pot - Honey Jar with Dipper - Maple Syrup Dispenser - Syrup Holder with Honeycomb Design - PureHiveHoney\" \/>\n<meta property=\"og:description\" content=\"Entdecken Sie hochwertigen Rohhonig, Bio Honig, Manuka Honig und nat\u00fcrliche Bienenprodukte. PureHiveHoney hilft Ihnen dabei, sorgf\u00e4ltig ausgew\u00e4hlte Honigsorten mit nat\u00fcrlicher Qualit\u00e4t und Reinheit zu entdecken.\" \/>\n<meta property=\"og:url\" content=\"https:\/\/purehivehoney.com\/de\/product\/glass-honey-dispenser-no-dripping-no-trails-honey-container-8-oz-with-stand-easy-to-clean-honey-pot-honey-jar-with-dipper-maple-syrup-dispenser-syrup-holder-with-honeycomb-design\/\" \/>\n<meta property=\"og:site_name\" content=\"PureHiveHoney\" \/>\n<meta property=\"article:modified_time\" content=\"2026-03-16T09:25:47+00:00\" \/>\n<meta name=\"twitter:card\" content=\"summary_large_image\" \/>\n<meta name=\"twitter:label1\" content=\"Gesch\u00e4tzte Lesezeit\" \/>\n\t<meta name=\"twitter:data1\" content=\"2\u00a0Minuten\" \/>\n<script type=\"application\/ld+json\" class=\"yoast-schema-graph\">{\"@context\":\"https:\\\/\\\/schema.org\",\"@graph\":[{\"@type\":\"WebPage\",\"@id\":\"https:\\\/\\\/purehivehoney.com\\\/de\\\/product\\\/glass-honey-dispenser-no-dripping-no-trails-honey-container-8-oz-with-stand-easy-to-clean-honey-pot-honey-jar-with-dipper-maple-syrup-dispenser-syrup-holder-with-honeycomb-design\\\/\",\"url\":\"https:\\\/\\\/purehivehoney.com\\\/de\\\/product\\\/glass-honey-dispenser-no-dripping-no-trails-honey-container-8-oz-with-stand-easy-to-clean-honey-pot-honey-jar-with-dipper-maple-syrup-dispenser-syrup-holder-with-honeycomb-design\\\/\",\"name\":\"Glass Honey Dispenser - No Dripping, No Trails Honey Container 8 oz with Stand - Easy to Clean Honey Pot - Honey Jar with Dipper - Maple Syrup Dispenser - Syrup Holder with Honeycomb Design - PureHiveHoney\",\"isPartOf\":{\"@id\":\"https:\\\/\\\/purehivehoney.com\\\/de\\\/#website\"},\"primaryImageOfPage\":{\"@id\":\"https:\\\/\\\/purehivehoney.com\\\/de\\\/product\\\/glass-honey-dispenser-no-dripping-no-trails-honey-container-8-oz-with-stand-easy-to-clean-honey-pot-honey-jar-with-dipper-maple-syrup-dispenser-syrup-holder-with-honeycomb-design\\\/#primaryimage\"},\"image\":{\"@id\":\"https:\\\/\\\/purehivehoney.com\\\/de\\\/product\\\/glass-honey-dispenser-no-dripping-no-trails-honey-container-8-oz-with-stand-easy-to-clean-honey-pot-honey-jar-with-dipper-maple-syrup-dispenser-syrup-holder-with-honeycomb-design\\\/#primaryimage\"},\"thumbnailUrl\":\"https:\\\/\\\/purehivehoney.com\\\/de\\\/wp-content\\\/uploads\\\/2026\\\/03\\\/71YjK9-exAL._AC_SL1500_.jpg\",\"datePublished\":\"2026-03-16T09:25:30+00:00\",\"dateModified\":\"2026-03-16T09:25:47+00:00\",\"description\":\"Entdecken Sie hochwertigen Rohhonig, Bio Honig, Manuka Honig und nat\u00fcrliche Bienenprodukte. PureHiveHoney hilft Ihnen dabei, sorgf\u00e4ltig ausgew\u00e4hlte Honigsorten mit nat\u00fcrlicher Qualit\u00e4t und Reinheit zu entdecken.\",\"breadcrumb\":{\"@id\":\"https:\\\/\\\/purehivehoney.com\\\/de\\\/product\\\/glass-honey-dispenser-no-dripping-no-trails-honey-container-8-oz-with-stand-easy-to-clean-honey-pot-honey-jar-with-dipper-maple-syrup-dispenser-syrup-holder-with-honeycomb-design\\\/#breadcrumb\"},\"inLanguage\":\"de\",\"potentialAction\":[{\"@type\":\"ReadAction\",\"target\":[\"https:\\\/\\\/purehivehoney.com\\\/de\\\/product\\\/glass-honey-dispenser-no-dripping-no-trails-honey-container-8-oz-with-stand-easy-to-clean-honey-pot-honey-jar-with-dipper-maple-syrup-dispenser-syrup-holder-with-honeycomb-design\\\/\"]}]},{\"@type\":\"ImageObject\",\"inLanguage\":\"de\",\"@id\":\"https:\\\/\\\/purehivehoney.com\\\/de\\\/product\\\/glass-honey-dispenser-no-dripping-no-trails-honey-container-8-oz-with-stand-easy-to-clean-honey-pot-honey-jar-with-dipper-maple-syrup-dispenser-syrup-holder-with-honeycomb-design\\\/#primaryimage\",\"url\":\"https:\\\/\\\/purehivehoney.com\\\/de\\\/wp-content\\\/uploads\\\/2026\\\/03\\\/71YjK9-exAL._AC_SL1500_.jpg\",\"contentUrl\":\"https:\\\/\\\/purehivehoney.com\\\/de\\\/wp-content\\\/uploads\\\/2026\\\/03\\\/71YjK9-exAL._AC_SL1500_.jpg\",\"width\":1486,\"height\":1500},{\"@type\":\"BreadcrumbList\",\"@id\":\"https:\\\/\\\/purehivehoney.com\\\/de\\\/product\\\/glass-honey-dispenser-no-dripping-no-trails-honey-container-8-oz-with-stand-easy-to-clean-honey-pot-honey-jar-with-dipper-maple-syrup-dispenser-syrup-holder-with-honeycomb-design\\\/#breadcrumb\",\"itemListElement\":[{\"@type\":\"ListItem\",\"position\":1,\"name\":\"Home\",\"item\":\"https:\\\/\\\/purehivehoney.com\\\/de\\\/\"},{\"@type\":\"ListItem\",\"position\":2,\"name\":\"Shop\",\"item\":\"https:\\\/\\\/purehivehoney.com\\\/de\\\/shop\\\/\"},{\"@type\":\"ListItem\",\"position\":3,\"name\":\"Glass Honey Dispenser &#8211; No Dr...\"}]},{\"@type\":\"WebSite\",\"@id\":\"https:\\\/\\\/purehivehoney.com\\\/de\\\/#website\",\"url\":\"https:\\\/\\\/purehivehoney.com\\\/de\\\/\",\"name\":\"PureHiveHoney\",\"description\":\"Reiner Honig &amp; Bienenprodukte Online | Rohhonig, Bio Honig &amp; Spezialhonig\",\"publisher\":{\"@id\":\"https:\\\/\\\/purehivehoney.com\\\/de\\\/#organization\"},\"potentialAction\":[{\"@type\":\"SearchAction\",\"target\":{\"@type\":\"EntryPoint\",\"urlTemplate\":\"https:\\\/\\\/purehivehoney.com\\\/de\\\/?s={search_term_string}\"},\"query-input\":{\"@type\":\"PropertyValueSpecification\",\"valueRequired\":true,\"valueName\":\"search_term_string\"}}],\"inLanguage\":\"de\"},{\"@type\":\"Organization\",\"@id\":\"https:\\\/\\\/purehivehoney.com\\\/de\\\/#organization\",\"name\":\"PureHiveHoney\",\"url\":\"https:\\\/\\\/purehivehoney.com\\\/de\\\/\",\"logo\":{\"@type\":\"ImageObject\",\"inLanguage\":\"de\",\"@id\":\"https:\\\/\\\/purehivehoney.com\\\/de\\\/#\\\/schema\\\/logo\\\/image\\\/\",\"url\":\"https:\\\/\\\/purehivehoney.com\\\/de\\\/wp-content\\\/uploads\\\/2026\\\/03\\\/Screenshot-2026-03-16-at-1.06.01-AM.png\",\"contentUrl\":\"https:\\\/\\\/purehivehoney.com\\\/de\\\/wp-content\\\/uploads\\\/2026\\\/03\\\/Screenshot-2026-03-16-at-1.06.01-AM.png\",\"width\":2112,\"height\":1086,\"caption\":\"PureHiveHoney\"},\"image\":{\"@id\":\"https:\\\/\\\/purehivehoney.com\\\/de\\\/#\\\/schema\\\/logo\\\/image\\\/\"}}]}<\/script>\n<!-- \/ Yoast SEO plugin. -->","yoast_head_json":{"title":"Glass Honey Dispenser - No Dripping, No Trails Honey Container 8 oz with Stand - Easy to Clean Honey Pot - Honey Jar with Dipper - Maple Syrup Dispenser - Syrup Holder with Honeycomb Design - PureHiveHoney","description":"Entdecken Sie hochwertigen Rohhonig, Bio Honig, Manuka Honig und nat\u00fcrliche Bienenprodukte. PureHiveHoney hilft Ihnen dabei, sorgf\u00e4ltig ausgew\u00e4hlte Honigsorten mit nat\u00fcrlicher Qualit\u00e4t und Reinheit zu entdecken.","robots":{"index":"index","follow":"follow","max-snippet":"max-snippet:-1","max-image-preview":"max-image-preview:large","max-video-preview":"max-video-preview:-1"},"canonical":"https:\/\/purehivehoney.com\/de\/product\/glass-honey-dispenser-no-dripping-no-trails-honey-container-8-oz-with-stand-easy-to-clean-honey-pot-honey-jar-with-dipper-maple-syrup-dispenser-syrup-holder-with-honeycomb-design\/","og_locale":"de_DE","og_type":"article","og_title":"Glass Honey Dispenser - No Dripping, No Trails Honey Container 8 oz with Stand - Easy to Clean Honey Pot - Honey Jar with Dipper - Maple Syrup Dispenser - Syrup Holder with Honeycomb Design - PureHiveHoney","og_description":"Entdecken Sie hochwertigen Rohhonig, Bio Honig, Manuka Honig und nat\u00fcrliche Bienenprodukte. PureHiveHoney hilft Ihnen dabei, sorgf\u00e4ltig ausgew\u00e4hlte Honigsorten mit nat\u00fcrlicher Qualit\u00e4t und Reinheit zu entdecken.","og_url":"https:\/\/purehivehoney.com\/de\/product\/glass-honey-dispenser-no-dripping-no-trails-honey-container-8-oz-with-stand-easy-to-clean-honey-pot-honey-jar-with-dipper-maple-syrup-dispenser-syrup-holder-with-honeycomb-design\/","og_site_name":"PureHiveHoney","article_modified_time":"2026-03-16T09:25:47+00:00","twitter_card":"summary_large_image","twitter_misc":{"Gesch\u00e4tzte Lesezeit":"2\u00a0Minuten"},"schema":{"@context":"https:\/\/schema.org","@graph":[{"@type":"WebPage","@id":"https:\/\/purehivehoney.com\/de\/product\/glass-honey-dispenser-no-dripping-no-trails-honey-container-8-oz-with-stand-easy-to-clean-honey-pot-honey-jar-with-dipper-maple-syrup-dispenser-syrup-holder-with-honeycomb-design\/","url":"https:\/\/purehivehoney.com\/de\/product\/glass-honey-dispenser-no-dripping-no-trails-honey-container-8-oz-with-stand-easy-to-clean-honey-pot-honey-jar-with-dipper-maple-syrup-dispenser-syrup-holder-with-honeycomb-design\/","name":"Glass Honey Dispenser - No Dripping, No Trails Honey Container 8 oz with Stand - Easy to Clean Honey Pot - Honey Jar with Dipper - Maple Syrup Dispenser - Syrup Holder with Honeycomb Design - PureHiveHoney","isPartOf":{"@id":"https:\/\/purehivehoney.com\/de\/#website"},"primaryImageOfPage":{"@id":"https:\/\/purehivehoney.com\/de\/product\/glass-honey-dispenser-no-dripping-no-trails-honey-container-8-oz-with-stand-easy-to-clean-honey-pot-honey-jar-with-dipper-maple-syrup-dispenser-syrup-holder-with-honeycomb-design\/#primaryimage"},"image":{"@id":"https:\/\/purehivehoney.com\/de\/product\/glass-honey-dispenser-no-dripping-no-trails-honey-container-8-oz-with-stand-easy-to-clean-honey-pot-honey-jar-with-dipper-maple-syrup-dispenser-syrup-holder-with-honeycomb-design\/#primaryimage"},"thumbnailUrl":"https:\/\/purehivehoney.com\/de\/wp-content\/uploads\/2026\/03\/71YjK9-exAL._AC_SL1500_.jpg","datePublished":"2026-03-16T09:25:30+00:00","dateModified":"2026-03-16T09:25:47+00:00","description":"Entdecken Sie hochwertigen Rohhonig, Bio Honig, Manuka Honig und nat\u00fcrliche Bienenprodukte. PureHiveHoney hilft Ihnen dabei, sorgf\u00e4ltig ausgew\u00e4hlte Honigsorten mit nat\u00fcrlicher Qualit\u00e4t und Reinheit zu entdecken.","breadcrumb":{"@id":"https:\/\/purehivehoney.com\/de\/product\/glass-honey-dispenser-no-dripping-no-trails-honey-container-8-oz-with-stand-easy-to-clean-honey-pot-honey-jar-with-dipper-maple-syrup-dispenser-syrup-holder-with-honeycomb-design\/#breadcrumb"},"inLanguage":"de","potentialAction":[{"@type":"ReadAction","target":["https:\/\/purehivehoney.com\/de\/product\/glass-honey-dispenser-no-dripping-no-trails-honey-container-8-oz-with-stand-easy-to-clean-honey-pot-honey-jar-with-dipper-maple-syrup-dispenser-syrup-holder-with-honeycomb-design\/"]}]},{"@type":"ImageObject","inLanguage":"de","@id":"https:\/\/purehivehoney.com\/de\/product\/glass-honey-dispenser-no-dripping-no-trails-honey-container-8-oz-with-stand-easy-to-clean-honey-pot-honey-jar-with-dipper-maple-syrup-dispenser-syrup-holder-with-honeycomb-design\/#primaryimage","url":"https:\/\/purehivehoney.com\/de\/wp-content\/uploads\/2026\/03\/71YjK9-exAL._AC_SL1500_.jpg","contentUrl":"https:\/\/purehivehoney.com\/de\/wp-content\/uploads\/2026\/03\/71YjK9-exAL._AC_SL1500_.jpg","width":1486,"height":1500},{"@type":"BreadcrumbList","@id":"https:\/\/purehivehoney.com\/de\/product\/glass-honey-dispenser-no-dripping-no-trails-honey-container-8-oz-with-stand-easy-to-clean-honey-pot-honey-jar-with-dipper-maple-syrup-dispenser-syrup-holder-with-honeycomb-design\/#breadcrumb","itemListElement":[{"@type":"ListItem","position":1,"name":"Home","item":"https:\/\/purehivehoney.com\/de\/"},{"@type":"ListItem","position":2,"name":"Shop","item":"https:\/\/purehivehoney.com\/de\/shop\/"},{"@type":"ListItem","position":3,"name":"Glass Honey Dispenser &#8211; No Dr..."}]},{"@type":"WebSite","@id":"https:\/\/purehivehoney.com\/de\/#website","url":"https:\/\/purehivehoney.com\/de\/","name":"PureHiveHoney","description":"Reiner Honig &amp; Bienenprodukte Online | Rohhonig, Bio Honig &amp; Spezialhonig","publisher":{"@id":"https:\/\/purehivehoney.com\/de\/#organization"},"potentialAction":[{"@type":"SearchAction","target":{"@type":"EntryPoint","urlTemplate":"https:\/\/purehivehoney.com\/de\/?s={search_term_string}"},"query-input":{"@type":"PropertyValueSpecification","valueRequired":true,"valueName":"search_term_string"}}],"inLanguage":"de"},{"@type":"Organization","@id":"https:\/\/purehivehoney.com\/de\/#organization","name":"PureHiveHoney","url":"https:\/\/purehivehoney.com\/de\/","logo":{"@type":"ImageObject","inLanguage":"de","@id":"https:\/\/purehivehoney.com\/de\/#\/schema\/logo\/image\/","url":"https:\/\/purehivehoney.com\/de\/wp-content\/uploads\/2026\/03\/Screenshot-2026-03-16-at-1.06.01-AM.png","contentUrl":"https:\/\/purehivehoney.com\/de\/wp-content\/uploads\/2026\/03\/Screenshot-2026-03-16-at-1.06.01-AM.png","width":2112,"height":1086,"caption":"PureHiveHoney"},"image":{"@id":"https:\/\/purehivehoney.com\/de\/#\/schema\/logo\/image\/"}}]}},"_links":{"self":[{"href":"https:\/\/purehivehoney.com\/de\/wp-json\/wp\/v2\/product\/1240","targetHints":{"allow":["GET"]}}],"collection":[{"href":"https:\/\/purehivehoney.com\/de\/wp-json\/wp\/v2\/product"}],"about":[{"href":"https:\/\/purehivehoney.com\/de\/wp-json\/wp\/v2\/types\/product"}],"replies":[{"embeddable":true,"href":"https:\/\/purehivehoney.com\/de\/wp-json\/wp\/v2\/comments?post=1240"}],"wp:featuredmedia":[{"embeddable":true,"href":"https:\/\/purehivehoney.com\/de\/wp-json\/wp\/v2\/media\/1241"}],"wp:attachment":[{"href":"https:\/\/purehivehoney.com\/de\/wp-json\/wp\/v2\/media?parent=1240"}],"wp:term":[{"taxonomy":"store","embeddable":true,"href":"https:\/\/purehivehoney.com\/de\/wp-json\/wp\/v2\/store?post=1240"},{"taxonomy":"product_brand","embeddable":true,"href":"https:\/\/purehivehoney.com\/de\/wp-json\/wp\/v2\/product_brand?post=1240"},{"taxonomy":"product_cat","embeddable":true,"href":"https:\/\/purehivehoney.com\/de\/wp-json\/wp\/v2\/product_cat?post=1240"},{"taxonomy":"product_tag","embeddable":true,"href":"https:\/\/purehivehoney.com\/de\/wp-json\/wp\/v2\/product_tag?post=1240"}],"curies":[{"name":"wp","href":"https:\/\/api.w.org\/{rel}","templated":true}]}}