{"id":1229,"date":"2026-03-16T09:24:10","date_gmt":"2026-03-16T09:24:10","guid":{"rendered":"https:\/\/purehivehoney.com\/de\/product\/comptoirs-et-compagnies-organic-mouth-spray-with-manuka-honey-iaa15-mgo-300-25ml-pack-of-2\/"},"modified":"2026-03-16T09:24:30","modified_gmt":"2026-03-16T09:24:30","slug":"comptoirs-et-compagnies-organic-mouth-spray-with-manuka-honey-iaa15-mgo-300-25ml-pack-of-2","status":"publish","type":"product","link":"https:\/\/purehivehoney.com\/de\/product\/comptoirs-et-compagnies-organic-mouth-spray-with-manuka-honey-iaa15-mgo-300-25ml-pack-of-2\/","title":{"rendered":"Comptoirs et Compagnies &#8211; Org..."},"content":{"rendered":"<p>    <span>Find the unique effectiveness of Iaa10 + Manuka honey, s wild manuka oil, French organic propolis, organic honey and 3 organic plants in one spray for throat and mouth. Manuka honey is used today for its unique properties, which are scientifically proven and measured using the iaa index. The activity level of our manuka honey batches is systematically tested by an independent laboratory and guaranteed by the IAA index.<\/span>    <br \/> Is Discontinued By Manufacturer                                            \u200f                                            :                                            \u200e                                            No   <br \/> Product Dimensions                                            \u200f                                            :                                            \u200e                                            4.5 x 11 x 3.5 cm; 60 g   <br \/> Manufacturer                                            \u200f                                            :                                            \u200e                                            Comptoirs et Compagnies   <br \/> ASIN                                            \u200f                                            :                                            \u200e                                            B0CH3M415Y   <br \/> Item model number                                            \u200f                                            :                                            \u200e                                            61023   <br \/>  Customer reviews:                                                                                            4.3               4.3 out of 5 stars                                  (804)                                              var dpAcrHasRegisteredArcLinkClickAction;                    P.when(&#8218;A&#8216;, &#8218;ready&#8216;).execute(function(A) {                        if (dpAcrHasRegisteredArcLinkClickAction !== true) {                            dpAcrHasRegisteredArcLinkClickAction = true;                            A.declarative(                                &#8218;acrLink-click-metrics&#8216;, &#8218;click&#8216;,                                { &#8222;allowLinkDefault&#8220;: true },                                function (event) {                                    if (window.ue) {                                        ue.count(&#8222;acrLinkClickCount&#8220;, (ue.count(&#8222;acrLinkClickCount&#8220;) || 0) + 1);                                    }                                }                            );                        }                    });                                             P.when(&#8218;A&#8216;, &#8218;cf&#8216;).execute(function(A) {                A.declarative(&#8218;acrStarsLink-click-metrics&#8216;, &#8218;click&#8216;, { &#8222;allowLinkDefault&#8220; : true },  function(event){                    if(window.ue) {                        ue.count(&#8222;acrStarsLinkWithPopoverClickCount&#8220;, (ue.count(&#8222;acrStarsLinkWithPopoverClickCount&#8220;) || 0) + 1);                    }                });            });                          <br \/>The following information applies to each unit per pack<br \/>Breathing pathways \u2013 This neck spray provides immediate well-being and a feeling of relief in the throat and mouth; ideal for occasional discomfort; uncomfortable feeling<br \/>100% natural active ingredients \u2013 discover the unique properties of Manuka honey IAA15+ combined with the power of essential oil from wild Manuka and French organic propolis in a highly effective organic throat and mouth spray<br \/>Organic certified \u2013 Our throat and mouth spray is made from 100% ingredients of natural origin, including 95% from organic cultivation<br \/>Nutritional supplement: not recommended for people who are allergic to bee products; do not exceed the recommended daily dose; keep out of reach of toddlers; a balanced and varied diet is used;<br \/>Made in France \u2013 a formula developed by our French partner laboratory; Comptoirs et Compagnies makes a CO2 contribution to its rare and endemic raw materials in their countries of origin to finance solidarity projects<\/p>\n\n","protected":false},"excerpt":{"rendered":"<p>Find the unique effectiveness of Iaa10 + Manuka honey, s wild manuka oil, French organic propolis, organic honey and 3 organic plants in one spray for throat and mouth. Manuka honey is used today for its unique properties, which are scientifically proven and measured using the iaa index. The activity level of our manuka honey [&hellip;]<\/p>\n","protected":false},"featured_media":1230,"comment_status":"open","ping_status":"closed","template":"","meta":{"_aipt_faq_data":""},"store":[],"product_brand":[204],"product_cat":[38],"product_tag":[123],"class_list":{"0":"post-1229","1":"product","2":"type-product","3":"status-publish","4":"has-post-thumbnail","6":"product_brand-comptoirs-compagnies","7":"product_cat-purehivehoney","8":"product_tag-bio-honig","10":"first","11":"instock","12":"sale","13":"shipping-taxable","14":"product-type-external"},"yoast_head":"<!-- This site is optimized with the Yoast SEO plugin v27.4 - https:\/\/yoast.com\/product\/yoast-seo-wordpress\/ -->\n<title>Comptoirs et Compagnies - Organic Mouth Spray - with Manuka Honey IAA15+ - MGO 300-25ml (Pack of 2) - PureHiveHoney<\/title>\n<meta name=\"description\" content=\"Entdecken Sie hochwertigen Rohhonig, Bio Honig, Manuka Honig und nat\u00fcrliche Bienenprodukte. PureHiveHoney hilft Ihnen dabei, sorgf\u00e4ltig ausgew\u00e4hlte Honigsorten mit nat\u00fcrlicher Qualit\u00e4t und Reinheit zu entdecken.\" \/>\n<meta name=\"robots\" content=\"index, follow, max-snippet:-1, max-image-preview:large, max-video-preview:-1\" \/>\n<link rel=\"canonical\" href=\"https:\/\/purehivehoney.com\/de\/product\/comptoirs-et-compagnies-organic-mouth-spray-with-manuka-honey-iaa15-mgo-300-25ml-pack-of-2\/\" \/>\n<meta property=\"og:locale\" content=\"de_DE\" \/>\n<meta property=\"og:type\" content=\"article\" \/>\n<meta property=\"og:title\" content=\"Comptoirs et Compagnies - Organic Mouth Spray - with Manuka Honey IAA15+ - MGO 300-25ml (Pack of 2) - PureHiveHoney\" \/>\n<meta property=\"og:description\" content=\"Entdecken Sie hochwertigen Rohhonig, Bio Honig, Manuka Honig und nat\u00fcrliche Bienenprodukte. PureHiveHoney hilft Ihnen dabei, sorgf\u00e4ltig ausgew\u00e4hlte Honigsorten mit nat\u00fcrlicher Qualit\u00e4t und Reinheit zu entdecken.\" \/>\n<meta property=\"og:url\" content=\"https:\/\/purehivehoney.com\/de\/product\/comptoirs-et-compagnies-organic-mouth-spray-with-manuka-honey-iaa15-mgo-300-25ml-pack-of-2\/\" \/>\n<meta property=\"og:site_name\" content=\"PureHiveHoney\" \/>\n<meta property=\"article:modified_time\" content=\"2026-03-16T09:24:30+00:00\" \/>\n<meta name=\"twitter:card\" content=\"summary_large_image\" \/>\n<meta name=\"twitter:label1\" content=\"Gesch\u00e4tzte Lesezeit\" \/>\n\t<meta name=\"twitter:data1\" content=\"1\u00a0Minute\" \/>\n<script type=\"application\/ld+json\" class=\"yoast-schema-graph\">{\"@context\":\"https:\\\/\\\/schema.org\",\"@graph\":[{\"@type\":\"WebPage\",\"@id\":\"https:\\\/\\\/purehivehoney.com\\\/de\\\/product\\\/comptoirs-et-compagnies-organic-mouth-spray-with-manuka-honey-iaa15-mgo-300-25ml-pack-of-2\\\/\",\"url\":\"https:\\\/\\\/purehivehoney.com\\\/de\\\/product\\\/comptoirs-et-compagnies-organic-mouth-spray-with-manuka-honey-iaa15-mgo-300-25ml-pack-of-2\\\/\",\"name\":\"Comptoirs et Compagnies - Organic Mouth Spray - with Manuka Honey IAA15+ - MGO 300-25ml (Pack of 2) - PureHiveHoney\",\"isPartOf\":{\"@id\":\"https:\\\/\\\/purehivehoney.com\\\/de\\\/#website\"},\"primaryImageOfPage\":{\"@id\":\"https:\\\/\\\/purehivehoney.com\\\/de\\\/product\\\/comptoirs-et-compagnies-organic-mouth-spray-with-manuka-honey-iaa15-mgo-300-25ml-pack-of-2\\\/#primaryimage\"},\"image\":{\"@id\":\"https:\\\/\\\/purehivehoney.com\\\/de\\\/product\\\/comptoirs-et-compagnies-organic-mouth-spray-with-manuka-honey-iaa15-mgo-300-25ml-pack-of-2\\\/#primaryimage\"},\"thumbnailUrl\":\"https:\\\/\\\/purehivehoney.com\\\/de\\\/wp-content\\\/uploads\\\/2026\\\/03\\\/71GssPbEWCL._AC_SL1500_.jpg\",\"datePublished\":\"2026-03-16T09:24:10+00:00\",\"dateModified\":\"2026-03-16T09:24:30+00:00\",\"description\":\"Entdecken Sie hochwertigen Rohhonig, Bio Honig, Manuka Honig und nat\u00fcrliche Bienenprodukte. PureHiveHoney hilft Ihnen dabei, sorgf\u00e4ltig ausgew\u00e4hlte Honigsorten mit nat\u00fcrlicher Qualit\u00e4t und Reinheit zu entdecken.\",\"breadcrumb\":{\"@id\":\"https:\\\/\\\/purehivehoney.com\\\/de\\\/product\\\/comptoirs-et-compagnies-organic-mouth-spray-with-manuka-honey-iaa15-mgo-300-25ml-pack-of-2\\\/#breadcrumb\"},\"inLanguage\":\"de\",\"potentialAction\":[{\"@type\":\"ReadAction\",\"target\":[\"https:\\\/\\\/purehivehoney.com\\\/de\\\/product\\\/comptoirs-et-compagnies-organic-mouth-spray-with-manuka-honey-iaa15-mgo-300-25ml-pack-of-2\\\/\"]}]},{\"@type\":\"ImageObject\",\"inLanguage\":\"de\",\"@id\":\"https:\\\/\\\/purehivehoney.com\\\/de\\\/product\\\/comptoirs-et-compagnies-organic-mouth-spray-with-manuka-honey-iaa15-mgo-300-25ml-pack-of-2\\\/#primaryimage\",\"url\":\"https:\\\/\\\/purehivehoney.com\\\/de\\\/wp-content\\\/uploads\\\/2026\\\/03\\\/71GssPbEWCL._AC_SL1500_.jpg\",\"contentUrl\":\"https:\\\/\\\/purehivehoney.com\\\/de\\\/wp-content\\\/uploads\\\/2026\\\/03\\\/71GssPbEWCL._AC_SL1500_.jpg\",\"width\":1500,\"height\":902},{\"@type\":\"BreadcrumbList\",\"@id\":\"https:\\\/\\\/purehivehoney.com\\\/de\\\/product\\\/comptoirs-et-compagnies-organic-mouth-spray-with-manuka-honey-iaa15-mgo-300-25ml-pack-of-2\\\/#breadcrumb\",\"itemListElement\":[{\"@type\":\"ListItem\",\"position\":1,\"name\":\"Home\",\"item\":\"https:\\\/\\\/purehivehoney.com\\\/de\\\/\"},{\"@type\":\"ListItem\",\"position\":2,\"name\":\"Shop\",\"item\":\"https:\\\/\\\/purehivehoney.com\\\/de\\\/shop\\\/\"},{\"@type\":\"ListItem\",\"position\":3,\"name\":\"Comptoirs et Compagnies &#8211; Org...\"}]},{\"@type\":\"WebSite\",\"@id\":\"https:\\\/\\\/purehivehoney.com\\\/de\\\/#website\",\"url\":\"https:\\\/\\\/purehivehoney.com\\\/de\\\/\",\"name\":\"PureHiveHoney\",\"description\":\"Reiner Honig &amp; Bienenprodukte Online | Rohhonig, Bio Honig &amp; Spezialhonig\",\"publisher\":{\"@id\":\"https:\\\/\\\/purehivehoney.com\\\/de\\\/#organization\"},\"potentialAction\":[{\"@type\":\"SearchAction\",\"target\":{\"@type\":\"EntryPoint\",\"urlTemplate\":\"https:\\\/\\\/purehivehoney.com\\\/de\\\/?s={search_term_string}\"},\"query-input\":{\"@type\":\"PropertyValueSpecification\",\"valueRequired\":true,\"valueName\":\"search_term_string\"}}],\"inLanguage\":\"de\"},{\"@type\":\"Organization\",\"@id\":\"https:\\\/\\\/purehivehoney.com\\\/de\\\/#organization\",\"name\":\"PureHiveHoney\",\"url\":\"https:\\\/\\\/purehivehoney.com\\\/de\\\/\",\"logo\":{\"@type\":\"ImageObject\",\"inLanguage\":\"de\",\"@id\":\"https:\\\/\\\/purehivehoney.com\\\/de\\\/#\\\/schema\\\/logo\\\/image\\\/\",\"url\":\"https:\\\/\\\/purehivehoney.com\\\/de\\\/wp-content\\\/uploads\\\/2026\\\/03\\\/Screenshot-2026-03-16-at-1.06.01-AM.png\",\"contentUrl\":\"https:\\\/\\\/purehivehoney.com\\\/de\\\/wp-content\\\/uploads\\\/2026\\\/03\\\/Screenshot-2026-03-16-at-1.06.01-AM.png\",\"width\":2112,\"height\":1086,\"caption\":\"PureHiveHoney\"},\"image\":{\"@id\":\"https:\\\/\\\/purehivehoney.com\\\/de\\\/#\\\/schema\\\/logo\\\/image\\\/\"}}]}<\/script>\n<!-- \/ Yoast SEO plugin. -->","yoast_head_json":{"title":"Comptoirs et Compagnies - Organic Mouth Spray - with Manuka Honey IAA15+ - MGO 300-25ml (Pack of 2) - PureHiveHoney","description":"Entdecken Sie hochwertigen Rohhonig, Bio Honig, Manuka Honig und nat\u00fcrliche Bienenprodukte. PureHiveHoney hilft Ihnen dabei, sorgf\u00e4ltig ausgew\u00e4hlte Honigsorten mit nat\u00fcrlicher Qualit\u00e4t und Reinheit zu entdecken.","robots":{"index":"index","follow":"follow","max-snippet":"max-snippet:-1","max-image-preview":"max-image-preview:large","max-video-preview":"max-video-preview:-1"},"canonical":"https:\/\/purehivehoney.com\/de\/product\/comptoirs-et-compagnies-organic-mouth-spray-with-manuka-honey-iaa15-mgo-300-25ml-pack-of-2\/","og_locale":"de_DE","og_type":"article","og_title":"Comptoirs et Compagnies - Organic Mouth Spray - with Manuka Honey IAA15+ - MGO 300-25ml (Pack of 2) - PureHiveHoney","og_description":"Entdecken Sie hochwertigen Rohhonig, Bio Honig, Manuka Honig und nat\u00fcrliche Bienenprodukte. PureHiveHoney hilft Ihnen dabei, sorgf\u00e4ltig ausgew\u00e4hlte Honigsorten mit nat\u00fcrlicher Qualit\u00e4t und Reinheit zu entdecken.","og_url":"https:\/\/purehivehoney.com\/de\/product\/comptoirs-et-compagnies-organic-mouth-spray-with-manuka-honey-iaa15-mgo-300-25ml-pack-of-2\/","og_site_name":"PureHiveHoney","article_modified_time":"2026-03-16T09:24:30+00:00","twitter_card":"summary_large_image","twitter_misc":{"Gesch\u00e4tzte Lesezeit":"1\u00a0Minute"},"schema":{"@context":"https:\/\/schema.org","@graph":[{"@type":"WebPage","@id":"https:\/\/purehivehoney.com\/de\/product\/comptoirs-et-compagnies-organic-mouth-spray-with-manuka-honey-iaa15-mgo-300-25ml-pack-of-2\/","url":"https:\/\/purehivehoney.com\/de\/product\/comptoirs-et-compagnies-organic-mouth-spray-with-manuka-honey-iaa15-mgo-300-25ml-pack-of-2\/","name":"Comptoirs et Compagnies - Organic Mouth Spray - with Manuka Honey IAA15+ - MGO 300-25ml (Pack of 2) - PureHiveHoney","isPartOf":{"@id":"https:\/\/purehivehoney.com\/de\/#website"},"primaryImageOfPage":{"@id":"https:\/\/purehivehoney.com\/de\/product\/comptoirs-et-compagnies-organic-mouth-spray-with-manuka-honey-iaa15-mgo-300-25ml-pack-of-2\/#primaryimage"},"image":{"@id":"https:\/\/purehivehoney.com\/de\/product\/comptoirs-et-compagnies-organic-mouth-spray-with-manuka-honey-iaa15-mgo-300-25ml-pack-of-2\/#primaryimage"},"thumbnailUrl":"https:\/\/purehivehoney.com\/de\/wp-content\/uploads\/2026\/03\/71GssPbEWCL._AC_SL1500_.jpg","datePublished":"2026-03-16T09:24:10+00:00","dateModified":"2026-03-16T09:24:30+00:00","description":"Entdecken Sie hochwertigen Rohhonig, Bio Honig, Manuka Honig und nat\u00fcrliche Bienenprodukte. PureHiveHoney hilft Ihnen dabei, sorgf\u00e4ltig ausgew\u00e4hlte Honigsorten mit nat\u00fcrlicher Qualit\u00e4t und Reinheit zu entdecken.","breadcrumb":{"@id":"https:\/\/purehivehoney.com\/de\/product\/comptoirs-et-compagnies-organic-mouth-spray-with-manuka-honey-iaa15-mgo-300-25ml-pack-of-2\/#breadcrumb"},"inLanguage":"de","potentialAction":[{"@type":"ReadAction","target":["https:\/\/purehivehoney.com\/de\/product\/comptoirs-et-compagnies-organic-mouth-spray-with-manuka-honey-iaa15-mgo-300-25ml-pack-of-2\/"]}]},{"@type":"ImageObject","inLanguage":"de","@id":"https:\/\/purehivehoney.com\/de\/product\/comptoirs-et-compagnies-organic-mouth-spray-with-manuka-honey-iaa15-mgo-300-25ml-pack-of-2\/#primaryimage","url":"https:\/\/purehivehoney.com\/de\/wp-content\/uploads\/2026\/03\/71GssPbEWCL._AC_SL1500_.jpg","contentUrl":"https:\/\/purehivehoney.com\/de\/wp-content\/uploads\/2026\/03\/71GssPbEWCL._AC_SL1500_.jpg","width":1500,"height":902},{"@type":"BreadcrumbList","@id":"https:\/\/purehivehoney.com\/de\/product\/comptoirs-et-compagnies-organic-mouth-spray-with-manuka-honey-iaa15-mgo-300-25ml-pack-of-2\/#breadcrumb","itemListElement":[{"@type":"ListItem","position":1,"name":"Home","item":"https:\/\/purehivehoney.com\/de\/"},{"@type":"ListItem","position":2,"name":"Shop","item":"https:\/\/purehivehoney.com\/de\/shop\/"},{"@type":"ListItem","position":3,"name":"Comptoirs et Compagnies &#8211; Org..."}]},{"@type":"WebSite","@id":"https:\/\/purehivehoney.com\/de\/#website","url":"https:\/\/purehivehoney.com\/de\/","name":"PureHiveHoney","description":"Reiner Honig &amp; Bienenprodukte Online | Rohhonig, Bio Honig &amp; Spezialhonig","publisher":{"@id":"https:\/\/purehivehoney.com\/de\/#organization"},"potentialAction":[{"@type":"SearchAction","target":{"@type":"EntryPoint","urlTemplate":"https:\/\/purehivehoney.com\/de\/?s={search_term_string}"},"query-input":{"@type":"PropertyValueSpecification","valueRequired":true,"valueName":"search_term_string"}}],"inLanguage":"de"},{"@type":"Organization","@id":"https:\/\/purehivehoney.com\/de\/#organization","name":"PureHiveHoney","url":"https:\/\/purehivehoney.com\/de\/","logo":{"@type":"ImageObject","inLanguage":"de","@id":"https:\/\/purehivehoney.com\/de\/#\/schema\/logo\/image\/","url":"https:\/\/purehivehoney.com\/de\/wp-content\/uploads\/2026\/03\/Screenshot-2026-03-16-at-1.06.01-AM.png","contentUrl":"https:\/\/purehivehoney.com\/de\/wp-content\/uploads\/2026\/03\/Screenshot-2026-03-16-at-1.06.01-AM.png","width":2112,"height":1086,"caption":"PureHiveHoney"},"image":{"@id":"https:\/\/purehivehoney.com\/de\/#\/schema\/logo\/image\/"}}]}},"_links":{"self":[{"href":"https:\/\/purehivehoney.com\/de\/wp-json\/wp\/v2\/product\/1229","targetHints":{"allow":["GET"]}}],"collection":[{"href":"https:\/\/purehivehoney.com\/de\/wp-json\/wp\/v2\/product"}],"about":[{"href":"https:\/\/purehivehoney.com\/de\/wp-json\/wp\/v2\/types\/product"}],"replies":[{"embeddable":true,"href":"https:\/\/purehivehoney.com\/de\/wp-json\/wp\/v2\/comments?post=1229"}],"wp:featuredmedia":[{"embeddable":true,"href":"https:\/\/purehivehoney.com\/de\/wp-json\/wp\/v2\/media\/1230"}],"wp:attachment":[{"href":"https:\/\/purehivehoney.com\/de\/wp-json\/wp\/v2\/media?parent=1229"}],"wp:term":[{"taxonomy":"store","embeddable":true,"href":"https:\/\/purehivehoney.com\/de\/wp-json\/wp\/v2\/store?post=1229"},{"taxonomy":"product_brand","embeddable":true,"href":"https:\/\/purehivehoney.com\/de\/wp-json\/wp\/v2\/product_brand?post=1229"},{"taxonomy":"product_cat","embeddable":true,"href":"https:\/\/purehivehoney.com\/de\/wp-json\/wp\/v2\/product_cat?post=1229"},{"taxonomy":"product_tag","embeddable":true,"href":"https:\/\/purehivehoney.com\/de\/wp-json\/wp\/v2\/product_tag?post=1229"}],"curies":[{"name":"wp","href":"https:\/\/api.w.org\/{rel}","templated":true}]}}