{"id":1222,"date":"2026-03-16T09:17:44","date_gmt":"2026-03-16T09:17:44","guid":{"rendered":"https:\/\/purehivehoney.com\/de\/product\/cicamanuka-honey-to-repair-the-skin-100-manuka-honey-iaa18-promotes-the-repair-of-sensitive-skin-with-atopic-and-acnetic-tendency-comsos-natural-150ml\/"},"modified":"2026-03-16T09:17:57","modified_gmt":"2026-03-16T09:17:57","slug":"cicamanuka-honey-to-repair-the-skin-100-manuka-honey-iaa18-promotes-the-repair-of-sensitive-skin-with-atopic-and-acnetic-tendency-comsos-natural-150ml","status":"publish","type":"product","link":"https:\/\/purehivehoney.com\/de\/product\/cicamanuka-honey-to-repair-the-skin-100-manuka-honey-iaa18-promotes-the-repair-of-sensitive-skin-with-atopic-and-acnetic-tendency-comsos-natural-150ml\/","title":{"rendered":"CICAMANUKA &#8211; Honey to repair ..."},"content":{"rendered":"<p>    <span>The only 100% pure and natural cosmetic Manuka honey with proven effectiveness, dermatologically and clinically tested.<\/span>    <br \/> Product Dimensions                                            \u200f                                            :                                            \u200e                                            9.5 x 9.5 x 8 cm; 380 g   <br \/> Manufacturer                                            \u200f                                            :                                            \u200e                                            Laboratoire Super Diet   <br \/> ASIN                                            \u200f                                            :                                            \u200e                                            B0CJWBX5PJ   <br \/> Item model number                                            \u200f                                            :                                            \u200e                                            36706   <br \/> Country of origin                                            \u200f                                            :                                            \u200e                                            New Zealand   <br \/>  Customer reviews:                                                                                            4.5               4.5 out of 5 stars                                  (15)                                              var dpAcrHasRegisteredArcLinkClickAction;                    P.when(&#8218;A&#8216;, &#8218;ready&#8216;).execute(function(A) {                        if (dpAcrHasRegisteredArcLinkClickAction !== true) {                            dpAcrHasRegisteredArcLinkClickAction = true;                            A.declarative(                                &#8218;acrLink-click-metrics&#8216;, &#8218;click&#8216;,                                { &#8222;allowLinkDefault&#8220;: true },                                function (event) {                                    if (window.ue) {                                        ue.count(&#8222;acrLinkClickCount&#8220;, (ue.count(&#8222;acrLinkClickCount&#8220;) || 0) + 1);                                    }                                }                            );                        }                    });                                             P.when(&#8218;A&#8216;, &#8218;cf&#8216;).execute(function(A) {                A.declarative(&#8218;acrStarsLink-click-metrics&#8216;, &#8218;click&#8216;, { &#8222;allowLinkDefault&#8220; : true },  function(event){                    if(window.ue) {                        ue.count(&#8222;acrStarsLinkWithPopoverClickCount&#8220;, (ue.count(&#8222;acrStarsLinkWithPopoverClickCount&#8220;) || 0) + 1);                    }                });            });                          <br \/>Repairing, sawful, soothing properties \u2013 Our 100% pure and natural honey promotes skin repair, soothes and helps in the regeneration of sensitive and atopic tendential skin. Also suitable for acne prone skin, softens superficial skin spots, reduces localized imperfections and reduces the reappearance of pimples<br \/>PROVEN EFFECTIVENESS &#8211; Dermatologically tested, this honey promotes the repair of sensitive and atopic skin for 91% of users. It reduces the reappearance of pimples and cleanses acne-prone skin for 89% of users. Results from clinical trials involving 33 volunteers over 3 weeks.<br \/>RICH IN MANUKA HONEY IAA &#8211; Our 100% pure and natural honey is known for its repairing, protective and antibacterial properties.<br \/>Made in France &#8211; Our honey to repair the skin is packaged in France. We use a CO2 contribution to our rare and endemic raw materials in their country of origin to fund solidarity projects.<br \/>High Tolerance &#8211; This honey is suitable for the whole family (from 3 years) including pregnant and lactating women<\/p>\n\n","protected":false},"excerpt":{"rendered":"<p>The only 100% pure and natural cosmetic Manuka honey with proven effectiveness, dermatologically and clinically tested. Product Dimensions \u200f : \u200e 9.5 x 9.5 x 8 cm; 380 g Manufacturer \u200f : \u200e Laboratoire Super Diet ASIN \u200f : \u200e B0CJWBX5PJ Item model number \u200f : \u200e 36706 Country of origin \u200f : \u200e New [&hellip;]<\/p>\n","protected":false},"featured_media":1223,"comment_status":"open","ping_status":"closed","template":"","meta":{"_aipt_faq_data":""},"store":[],"product_brand":[259],"product_cat":[45],"product_tag":[219],"class_list":{"0":"post-1222","1":"product","2":"type-product","3":"status-publish","4":"has-post-thumbnail","6":"product_brand-cicamanuka","7":"product_cat-manuka-honig","8":"product_tag-manuka-honig-zur-wundheilung","10":"first","11":"instock","12":"sale","13":"shipping-taxable","14":"product-type-external"},"yoast_head":"<!-- This site is optimized with the Yoast SEO plugin v27.4 - https:\/\/yoast.com\/product\/yoast-seo-wordpress\/ -->\n<title>CICAMANUKA - Honey to repair the skin, 100% Manuka Honey IAA18+ - Promotes the repair of sensitive skin with atopic and acnetic tendency - Comsos Natural - 150ml - PureHiveHoney<\/title>\n<meta name=\"description\" content=\"Entdecken Sie hochwertigen Rohhonig, Bio Honig, Manuka Honig und nat\u00fcrliche Bienenprodukte. PureHiveHoney hilft Ihnen dabei, sorgf\u00e4ltig ausgew\u00e4hlte Honigsorten mit nat\u00fcrlicher Qualit\u00e4t und Reinheit zu entdecken.\" \/>\n<meta name=\"robots\" content=\"index, follow, max-snippet:-1, max-image-preview:large, max-video-preview:-1\" \/>\n<link rel=\"canonical\" href=\"https:\/\/purehivehoney.com\/de\/product\/cicamanuka-honey-to-repair-the-skin-100-manuka-honey-iaa18-promotes-the-repair-of-sensitive-skin-with-atopic-and-acnetic-tendency-comsos-natural-150ml\/\" \/>\n<meta property=\"og:locale\" content=\"de_DE\" \/>\n<meta property=\"og:type\" content=\"article\" \/>\n<meta property=\"og:title\" content=\"CICAMANUKA - Honey to repair the skin, 100% Manuka Honey IAA18+ - Promotes the repair of sensitive skin with atopic and acnetic tendency - Comsos Natural - 150ml - PureHiveHoney\" \/>\n<meta property=\"og:description\" content=\"Entdecken Sie hochwertigen Rohhonig, Bio Honig, Manuka Honig und nat\u00fcrliche Bienenprodukte. PureHiveHoney hilft Ihnen dabei, sorgf\u00e4ltig ausgew\u00e4hlte Honigsorten mit nat\u00fcrlicher Qualit\u00e4t und Reinheit zu entdecken.\" \/>\n<meta property=\"og:url\" content=\"https:\/\/purehivehoney.com\/de\/product\/cicamanuka-honey-to-repair-the-skin-100-manuka-honey-iaa18-promotes-the-repair-of-sensitive-skin-with-atopic-and-acnetic-tendency-comsos-natural-150ml\/\" \/>\n<meta property=\"og:site_name\" content=\"PureHiveHoney\" \/>\n<meta property=\"article:modified_time\" content=\"2026-03-16T09:17:57+00:00\" \/>\n<meta name=\"twitter:card\" content=\"summary_large_image\" \/>\n<meta name=\"twitter:label1\" content=\"Gesch\u00e4tzte Lesezeit\" \/>\n\t<meta name=\"twitter:data1\" content=\"1\u00a0Minute\" \/>\n<script type=\"application\/ld+json\" class=\"yoast-schema-graph\">{\"@context\":\"https:\\\/\\\/schema.org\",\"@graph\":[{\"@type\":\"WebPage\",\"@id\":\"https:\\\/\\\/purehivehoney.com\\\/de\\\/product\\\/cicamanuka-honey-to-repair-the-skin-100-manuka-honey-iaa18-promotes-the-repair-of-sensitive-skin-with-atopic-and-acnetic-tendency-comsos-natural-150ml\\\/\",\"url\":\"https:\\\/\\\/purehivehoney.com\\\/de\\\/product\\\/cicamanuka-honey-to-repair-the-skin-100-manuka-honey-iaa18-promotes-the-repair-of-sensitive-skin-with-atopic-and-acnetic-tendency-comsos-natural-150ml\\\/\",\"name\":\"CICAMANUKA - Honey to repair the skin, 100% Manuka Honey IAA18+ - Promotes the repair of sensitive skin with atopic and acnetic tendency - Comsos Natural - 150ml - PureHiveHoney\",\"isPartOf\":{\"@id\":\"https:\\\/\\\/purehivehoney.com\\\/de\\\/#website\"},\"primaryImageOfPage\":{\"@id\":\"https:\\\/\\\/purehivehoney.com\\\/de\\\/product\\\/cicamanuka-honey-to-repair-the-skin-100-manuka-honey-iaa18-promotes-the-repair-of-sensitive-skin-with-atopic-and-acnetic-tendency-comsos-natural-150ml\\\/#primaryimage\"},\"image\":{\"@id\":\"https:\\\/\\\/purehivehoney.com\\\/de\\\/product\\\/cicamanuka-honey-to-repair-the-skin-100-manuka-honey-iaa18-promotes-the-repair-of-sensitive-skin-with-atopic-and-acnetic-tendency-comsos-natural-150ml\\\/#primaryimage\"},\"thumbnailUrl\":\"https:\\\/\\\/purehivehoney.com\\\/de\\\/wp-content\\\/uploads\\\/2026\\\/03\\\/51LH-4MKk1L._SL1500_.jpg\",\"datePublished\":\"2026-03-16T09:17:44+00:00\",\"dateModified\":\"2026-03-16T09:17:57+00:00\",\"description\":\"Entdecken Sie hochwertigen Rohhonig, Bio Honig, Manuka Honig und nat\u00fcrliche Bienenprodukte. PureHiveHoney hilft Ihnen dabei, sorgf\u00e4ltig ausgew\u00e4hlte Honigsorten mit nat\u00fcrlicher Qualit\u00e4t und Reinheit zu entdecken.\",\"breadcrumb\":{\"@id\":\"https:\\\/\\\/purehivehoney.com\\\/de\\\/product\\\/cicamanuka-honey-to-repair-the-skin-100-manuka-honey-iaa18-promotes-the-repair-of-sensitive-skin-with-atopic-and-acnetic-tendency-comsos-natural-150ml\\\/#breadcrumb\"},\"inLanguage\":\"de\",\"potentialAction\":[{\"@type\":\"ReadAction\",\"target\":[\"https:\\\/\\\/purehivehoney.com\\\/de\\\/product\\\/cicamanuka-honey-to-repair-the-skin-100-manuka-honey-iaa18-promotes-the-repair-of-sensitive-skin-with-atopic-and-acnetic-tendency-comsos-natural-150ml\\\/\"]}]},{\"@type\":\"ImageObject\",\"inLanguage\":\"de\",\"@id\":\"https:\\\/\\\/purehivehoney.com\\\/de\\\/product\\\/cicamanuka-honey-to-repair-the-skin-100-manuka-honey-iaa18-promotes-the-repair-of-sensitive-skin-with-atopic-and-acnetic-tendency-comsos-natural-150ml\\\/#primaryimage\",\"url\":\"https:\\\/\\\/purehivehoney.com\\\/de\\\/wp-content\\\/uploads\\\/2026\\\/03\\\/51LH-4MKk1L._SL1500_.jpg\",\"contentUrl\":\"https:\\\/\\\/purehivehoney.com\\\/de\\\/wp-content\\\/uploads\\\/2026\\\/03\\\/51LH-4MKk1L._SL1500_.jpg\",\"width\":1500,\"height\":1500},{\"@type\":\"BreadcrumbList\",\"@id\":\"https:\\\/\\\/purehivehoney.com\\\/de\\\/product\\\/cicamanuka-honey-to-repair-the-skin-100-manuka-honey-iaa18-promotes-the-repair-of-sensitive-skin-with-atopic-and-acnetic-tendency-comsos-natural-150ml\\\/#breadcrumb\",\"itemListElement\":[{\"@type\":\"ListItem\",\"position\":1,\"name\":\"Home\",\"item\":\"https:\\\/\\\/purehivehoney.com\\\/de\\\/\"},{\"@type\":\"ListItem\",\"position\":2,\"name\":\"Shop\",\"item\":\"https:\\\/\\\/purehivehoney.com\\\/de\\\/shop\\\/\"},{\"@type\":\"ListItem\",\"position\":3,\"name\":\"CICAMANUKA &#8211; Honey to repair ...\"}]},{\"@type\":\"WebSite\",\"@id\":\"https:\\\/\\\/purehivehoney.com\\\/de\\\/#website\",\"url\":\"https:\\\/\\\/purehivehoney.com\\\/de\\\/\",\"name\":\"PureHiveHoney\",\"description\":\"Reiner Honig &amp; Bienenprodukte Online | Rohhonig, Bio Honig &amp; Spezialhonig\",\"publisher\":{\"@id\":\"https:\\\/\\\/purehivehoney.com\\\/de\\\/#organization\"},\"potentialAction\":[{\"@type\":\"SearchAction\",\"target\":{\"@type\":\"EntryPoint\",\"urlTemplate\":\"https:\\\/\\\/purehivehoney.com\\\/de\\\/?s={search_term_string}\"},\"query-input\":{\"@type\":\"PropertyValueSpecification\",\"valueRequired\":true,\"valueName\":\"search_term_string\"}}],\"inLanguage\":\"de\"},{\"@type\":\"Organization\",\"@id\":\"https:\\\/\\\/purehivehoney.com\\\/de\\\/#organization\",\"name\":\"PureHiveHoney\",\"url\":\"https:\\\/\\\/purehivehoney.com\\\/de\\\/\",\"logo\":{\"@type\":\"ImageObject\",\"inLanguage\":\"de\",\"@id\":\"https:\\\/\\\/purehivehoney.com\\\/de\\\/#\\\/schema\\\/logo\\\/image\\\/\",\"url\":\"https:\\\/\\\/purehivehoney.com\\\/de\\\/wp-content\\\/uploads\\\/2026\\\/03\\\/Screenshot-2026-03-16-at-1.06.01-AM.png\",\"contentUrl\":\"https:\\\/\\\/purehivehoney.com\\\/de\\\/wp-content\\\/uploads\\\/2026\\\/03\\\/Screenshot-2026-03-16-at-1.06.01-AM.png\",\"width\":2112,\"height\":1086,\"caption\":\"PureHiveHoney\"},\"image\":{\"@id\":\"https:\\\/\\\/purehivehoney.com\\\/de\\\/#\\\/schema\\\/logo\\\/image\\\/\"}}]}<\/script>\n<!-- \/ Yoast SEO plugin. -->","yoast_head_json":{"title":"CICAMANUKA - Honey to repair the skin, 100% Manuka Honey IAA18+ - Promotes the repair of sensitive skin with atopic and acnetic tendency - Comsos Natural - 150ml - PureHiveHoney","description":"Entdecken Sie hochwertigen Rohhonig, Bio Honig, Manuka Honig und nat\u00fcrliche Bienenprodukte. PureHiveHoney hilft Ihnen dabei, sorgf\u00e4ltig ausgew\u00e4hlte Honigsorten mit nat\u00fcrlicher Qualit\u00e4t und Reinheit zu entdecken.","robots":{"index":"index","follow":"follow","max-snippet":"max-snippet:-1","max-image-preview":"max-image-preview:large","max-video-preview":"max-video-preview:-1"},"canonical":"https:\/\/purehivehoney.com\/de\/product\/cicamanuka-honey-to-repair-the-skin-100-manuka-honey-iaa18-promotes-the-repair-of-sensitive-skin-with-atopic-and-acnetic-tendency-comsos-natural-150ml\/","og_locale":"de_DE","og_type":"article","og_title":"CICAMANUKA - Honey to repair the skin, 100% Manuka Honey IAA18+ - Promotes the repair of sensitive skin with atopic and acnetic tendency - Comsos Natural - 150ml - PureHiveHoney","og_description":"Entdecken Sie hochwertigen Rohhonig, Bio Honig, Manuka Honig und nat\u00fcrliche Bienenprodukte. PureHiveHoney hilft Ihnen dabei, sorgf\u00e4ltig ausgew\u00e4hlte Honigsorten mit nat\u00fcrlicher Qualit\u00e4t und Reinheit zu entdecken.","og_url":"https:\/\/purehivehoney.com\/de\/product\/cicamanuka-honey-to-repair-the-skin-100-manuka-honey-iaa18-promotes-the-repair-of-sensitive-skin-with-atopic-and-acnetic-tendency-comsos-natural-150ml\/","og_site_name":"PureHiveHoney","article_modified_time":"2026-03-16T09:17:57+00:00","twitter_card":"summary_large_image","twitter_misc":{"Gesch\u00e4tzte Lesezeit":"1\u00a0Minute"},"schema":{"@context":"https:\/\/schema.org","@graph":[{"@type":"WebPage","@id":"https:\/\/purehivehoney.com\/de\/product\/cicamanuka-honey-to-repair-the-skin-100-manuka-honey-iaa18-promotes-the-repair-of-sensitive-skin-with-atopic-and-acnetic-tendency-comsos-natural-150ml\/","url":"https:\/\/purehivehoney.com\/de\/product\/cicamanuka-honey-to-repair-the-skin-100-manuka-honey-iaa18-promotes-the-repair-of-sensitive-skin-with-atopic-and-acnetic-tendency-comsos-natural-150ml\/","name":"CICAMANUKA - Honey to repair the skin, 100% Manuka Honey IAA18+ - Promotes the repair of sensitive skin with atopic and acnetic tendency - Comsos Natural - 150ml - PureHiveHoney","isPartOf":{"@id":"https:\/\/purehivehoney.com\/de\/#website"},"primaryImageOfPage":{"@id":"https:\/\/purehivehoney.com\/de\/product\/cicamanuka-honey-to-repair-the-skin-100-manuka-honey-iaa18-promotes-the-repair-of-sensitive-skin-with-atopic-and-acnetic-tendency-comsos-natural-150ml\/#primaryimage"},"image":{"@id":"https:\/\/purehivehoney.com\/de\/product\/cicamanuka-honey-to-repair-the-skin-100-manuka-honey-iaa18-promotes-the-repair-of-sensitive-skin-with-atopic-and-acnetic-tendency-comsos-natural-150ml\/#primaryimage"},"thumbnailUrl":"https:\/\/purehivehoney.com\/de\/wp-content\/uploads\/2026\/03\/51LH-4MKk1L._SL1500_.jpg","datePublished":"2026-03-16T09:17:44+00:00","dateModified":"2026-03-16T09:17:57+00:00","description":"Entdecken Sie hochwertigen Rohhonig, Bio Honig, Manuka Honig und nat\u00fcrliche Bienenprodukte. PureHiveHoney hilft Ihnen dabei, sorgf\u00e4ltig ausgew\u00e4hlte Honigsorten mit nat\u00fcrlicher Qualit\u00e4t und Reinheit zu entdecken.","breadcrumb":{"@id":"https:\/\/purehivehoney.com\/de\/product\/cicamanuka-honey-to-repair-the-skin-100-manuka-honey-iaa18-promotes-the-repair-of-sensitive-skin-with-atopic-and-acnetic-tendency-comsos-natural-150ml\/#breadcrumb"},"inLanguage":"de","potentialAction":[{"@type":"ReadAction","target":["https:\/\/purehivehoney.com\/de\/product\/cicamanuka-honey-to-repair-the-skin-100-manuka-honey-iaa18-promotes-the-repair-of-sensitive-skin-with-atopic-and-acnetic-tendency-comsos-natural-150ml\/"]}]},{"@type":"ImageObject","inLanguage":"de","@id":"https:\/\/purehivehoney.com\/de\/product\/cicamanuka-honey-to-repair-the-skin-100-manuka-honey-iaa18-promotes-the-repair-of-sensitive-skin-with-atopic-and-acnetic-tendency-comsos-natural-150ml\/#primaryimage","url":"https:\/\/purehivehoney.com\/de\/wp-content\/uploads\/2026\/03\/51LH-4MKk1L._SL1500_.jpg","contentUrl":"https:\/\/purehivehoney.com\/de\/wp-content\/uploads\/2026\/03\/51LH-4MKk1L._SL1500_.jpg","width":1500,"height":1500},{"@type":"BreadcrumbList","@id":"https:\/\/purehivehoney.com\/de\/product\/cicamanuka-honey-to-repair-the-skin-100-manuka-honey-iaa18-promotes-the-repair-of-sensitive-skin-with-atopic-and-acnetic-tendency-comsos-natural-150ml\/#breadcrumb","itemListElement":[{"@type":"ListItem","position":1,"name":"Home","item":"https:\/\/purehivehoney.com\/de\/"},{"@type":"ListItem","position":2,"name":"Shop","item":"https:\/\/purehivehoney.com\/de\/shop\/"},{"@type":"ListItem","position":3,"name":"CICAMANUKA &#8211; Honey to repair ..."}]},{"@type":"WebSite","@id":"https:\/\/purehivehoney.com\/de\/#website","url":"https:\/\/purehivehoney.com\/de\/","name":"PureHiveHoney","description":"Reiner Honig &amp; Bienenprodukte Online | Rohhonig, Bio Honig &amp; Spezialhonig","publisher":{"@id":"https:\/\/purehivehoney.com\/de\/#organization"},"potentialAction":[{"@type":"SearchAction","target":{"@type":"EntryPoint","urlTemplate":"https:\/\/purehivehoney.com\/de\/?s={search_term_string}"},"query-input":{"@type":"PropertyValueSpecification","valueRequired":true,"valueName":"search_term_string"}}],"inLanguage":"de"},{"@type":"Organization","@id":"https:\/\/purehivehoney.com\/de\/#organization","name":"PureHiveHoney","url":"https:\/\/purehivehoney.com\/de\/","logo":{"@type":"ImageObject","inLanguage":"de","@id":"https:\/\/purehivehoney.com\/de\/#\/schema\/logo\/image\/","url":"https:\/\/purehivehoney.com\/de\/wp-content\/uploads\/2026\/03\/Screenshot-2026-03-16-at-1.06.01-AM.png","contentUrl":"https:\/\/purehivehoney.com\/de\/wp-content\/uploads\/2026\/03\/Screenshot-2026-03-16-at-1.06.01-AM.png","width":2112,"height":1086,"caption":"PureHiveHoney"},"image":{"@id":"https:\/\/purehivehoney.com\/de\/#\/schema\/logo\/image\/"}}]}},"_links":{"self":[{"href":"https:\/\/purehivehoney.com\/de\/wp-json\/wp\/v2\/product\/1222","targetHints":{"allow":["GET"]}}],"collection":[{"href":"https:\/\/purehivehoney.com\/de\/wp-json\/wp\/v2\/product"}],"about":[{"href":"https:\/\/purehivehoney.com\/de\/wp-json\/wp\/v2\/types\/product"}],"replies":[{"embeddable":true,"href":"https:\/\/purehivehoney.com\/de\/wp-json\/wp\/v2\/comments?post=1222"}],"wp:featuredmedia":[{"embeddable":true,"href":"https:\/\/purehivehoney.com\/de\/wp-json\/wp\/v2\/media\/1223"}],"wp:attachment":[{"href":"https:\/\/purehivehoney.com\/de\/wp-json\/wp\/v2\/media?parent=1222"}],"wp:term":[{"taxonomy":"store","embeddable":true,"href":"https:\/\/purehivehoney.com\/de\/wp-json\/wp\/v2\/store?post=1222"},{"taxonomy":"product_brand","embeddable":true,"href":"https:\/\/purehivehoney.com\/de\/wp-json\/wp\/v2\/product_brand?post=1222"},{"taxonomy":"product_cat","embeddable":true,"href":"https:\/\/purehivehoney.com\/de\/wp-json\/wp\/v2\/product_cat?post=1222"},{"taxonomy":"product_tag","embeddable":true,"href":"https:\/\/purehivehoney.com\/de\/wp-json\/wp\/v2\/product_tag?post=1222"}],"curies":[{"name":"wp","href":"https:\/\/api.w.org\/{rel}","templated":true}]}}