{"id":1220,"date":"2026-03-16T09:09:49","date_gmt":"2026-03-16T09:09:49","guid":{"rendered":"https:\/\/purehivehoney.com\/de\/product\/ginger-honey-tea-delicious-immune-system-booster-100-natural-100-tea-bags-5-sets-detox-tea\/"},"modified":"2026-03-16T09:09:51","modified_gmt":"2026-03-16T09:09:51","slug":"ginger-honey-tea-delicious-immune-system-booster-100-natural-100-tea-bags-5-sets-detox-tea","status":"publish","type":"product","link":"https:\/\/purehivehoney.com\/de\/product\/ginger-honey-tea-delicious-immune-system-booster-100-natural-100-tea-bags-5-sets-detox-tea\/","title":{"rendered":"Ginger Honey Tea | Delicious Immune..."},"content":{"rendered":"<p>    <span>The health benefits of honey and ginger for human health are not found with any other remedy. They improve blood circulation, strengthen immunity. In addition, honey is an excellent medium to transfer the benefits of ginger to the body. <br \/>CRAFTSMANSHIP Possible Green LTD is known for producing herbs and teas under high quality conditions where we have not compromised. Lifetone Guava Leave Tea is made directly from the carefully harvested ginger root, which is dried at a low temperature under the most hygienic conditions and mixed with honey and Ceylon BOP tea. <br \/>PACKAGING The ginger and honey tea is neatly packaged in 20 tea bags and packaged in our ready to drink branded bags to promote a healthy life in you. We make all of our bags from unbleached and recyclable food grade paper to ensure the environment and food safety. <br \/>Ingredients: 40% ginger, 20% honey, 40% Ceylon BOP tea. <br \/>Ginger &#038; Honey Tea: Honey is an excellent medium to transfer the benefits of ginger to the body. They help improve blood circulation and strengthen immunity. <br \/>Usage: If you eat better and move more, don&#8217;t hesitate to make this tea as part of your morning; consume ginger honey mixture before breakfast. <br \/>Shipping: Orders placed before 11am will be dispatched the same day. UK orders are sent by Royal Mail 1. Class mail. <\/span><br \/> Is Discontinued By Manufacturer                                            \u200f                                            :                                            \u200e                                            No   <br \/> Product Dimensions                                            \u200f                                            :                                            \u200e                                            17.5 x 2.5 x 7.5 cm; 200 g   <br \/> Manufacturer                                            \u200f                                            :                                            \u200e                                            Possible Green Ltd   <br \/> ASIN                                            \u200f                                            :                                            \u200e                                            B07X3R2J7X   <br \/>  Customer reviews:                                                                                            2.1               2.1 out of 5 stars                                  (2)                                              var dpAcrHasRegisteredArcLinkClickAction;                    P.when(&#8218;A&#8216;, &#8218;ready&#8216;).execute(function(A) {                        if (dpAcrHasRegisteredArcLinkClickAction !== true) {                            dpAcrHasRegisteredArcLinkClickAction = true;                            A.declarative(                                &#8218;acrLink-click-metrics&#8216;, &#8218;click&#8216;,                                { &#8222;allowLinkDefault&#8220;: true },                                function (event) {                                    if (window.ue) {                                        ue.count(&#8222;acrLinkClickCount&#8220;, (ue.count(&#8222;acrLinkClickCount&#8220;) || 0) + 1);                                    }                                }                            );                        }                    });                                             P.when(&#8218;A&#8216;, &#8218;cf&#8216;).execute(function(A) {                A.declarative(&#8218;acrStarsLink-click-metrics&#8216;, &#8218;click&#8216;, { &#8222;allowLinkDefault&#8220; : true },  function(event){                    if(window.ue) {                        ue.count(&#8222;acrStarsLinkWithPopoverClickCount&#8220;, (ue.count(&#8222;acrStarsLinkWithPopoverClickCount&#8220;) || 0) + 1);                    }                });            });                          <br \/>Drinking a cup of ginger and honey tea daily can strengthen your immune system.<br \/>Honey is the best medium to transfer the health benefits of ginger to the body.<br \/>Ginger, honey and Ceylon BOPF black tea also have their own health benefits. All together makes a delicious, perfect, healthy breakfast tea.<br \/>When you open the pack, you will feel the pleasant aroma of ginger and honey. Why? We make the tea from freshly harvested ginger and unprocessed honey from the herb forest &#8222;Vanni&#8220; and then pack it as individually wrapped tea bags and unbleached outer bags made of brown paper.<br \/>This detox tea is said to promote the full performance spectrum of ginger via honey, honey maximizes the benefits of ginger<\/p>\n\n","protected":false},"excerpt":{"rendered":"<p>The health benefits of honey and ginger for human health are not found with any other remedy. They improve blood circulation, strengthen immunity. In addition, honey is an excellent medium to transfer the benefits of ginger to the body. CRAFTSMANSHIP Possible Green LTD is known for producing herbs and teas under high quality conditions where [&hellip;]<\/p>\n","protected":false},"featured_media":1221,"comment_status":"open","ping_status":"closed","template":"","meta":{"_aipt_faq_data":""},"store":[],"product_brand":[150],"product_cat":[52],"product_tag":[149],"class_list":{"0":"post-1220","1":"product","2":"type-product","3":"status-publish","4":"has-post-thumbnail","6":"product_brand-lifetone-the-tea-for-better-life","7":"product_cat-ingwer-honig","8":"product_tag-ingwer-honig-erkaeltung","10":"first","11":"instock","12":"shipping-taxable","13":"product-type-external"},"yoast_head":"<!-- This site is optimized with the Yoast SEO plugin v27.4 - https:\/\/yoast.com\/product\/yoast-seo-wordpress\/ -->\n<title>Ginger Honey Tea | Delicious Immune System Booster | 100% Natural | 100 Tea Bags | 5 Sets | Detox Tea - PureHiveHoney<\/title>\n<meta name=\"description\" content=\"Entdecken Sie hochwertigen Rohhonig, Bio Honig, Manuka Honig und nat\u00fcrliche Bienenprodukte. PureHiveHoney hilft Ihnen dabei, sorgf\u00e4ltig ausgew\u00e4hlte Honigsorten mit nat\u00fcrlicher Qualit\u00e4t und Reinheit zu entdecken.\" \/>\n<meta name=\"robots\" content=\"index, follow, max-snippet:-1, max-image-preview:large, max-video-preview:-1\" \/>\n<link rel=\"canonical\" href=\"https:\/\/purehivehoney.com\/de\/product\/ginger-honey-tea-delicious-immune-system-booster-100-natural-100-tea-bags-5-sets-detox-tea\/\" \/>\n<meta property=\"og:locale\" content=\"de_DE\" \/>\n<meta property=\"og:type\" content=\"article\" \/>\n<meta property=\"og:title\" content=\"Ginger Honey Tea | Delicious Immune System Booster | 100% Natural | 100 Tea Bags | 5 Sets | Detox Tea - PureHiveHoney\" \/>\n<meta property=\"og:description\" content=\"Entdecken Sie hochwertigen Rohhonig, Bio Honig, Manuka Honig und nat\u00fcrliche Bienenprodukte. PureHiveHoney hilft Ihnen dabei, sorgf\u00e4ltig ausgew\u00e4hlte Honigsorten mit nat\u00fcrlicher Qualit\u00e4t und Reinheit zu entdecken.\" \/>\n<meta property=\"og:url\" content=\"https:\/\/purehivehoney.com\/de\/product\/ginger-honey-tea-delicious-immune-system-booster-100-natural-100-tea-bags-5-sets-detox-tea\/\" \/>\n<meta property=\"og:site_name\" content=\"PureHiveHoney\" \/>\n<meta property=\"article:modified_time\" content=\"2026-03-16T09:09:51+00:00\" \/>\n<meta name=\"twitter:card\" content=\"summary_large_image\" \/>\n<meta name=\"twitter:label1\" content=\"Gesch\u00e4tzte Lesezeit\" \/>\n\t<meta name=\"twitter:data1\" content=\"2\u00a0Minuten\" \/>\n<script type=\"application\/ld+json\" class=\"yoast-schema-graph\">{\"@context\":\"https:\\\/\\\/schema.org\",\"@graph\":[{\"@type\":\"WebPage\",\"@id\":\"https:\\\/\\\/purehivehoney.com\\\/de\\\/product\\\/ginger-honey-tea-delicious-immune-system-booster-100-natural-100-tea-bags-5-sets-detox-tea\\\/\",\"url\":\"https:\\\/\\\/purehivehoney.com\\\/de\\\/product\\\/ginger-honey-tea-delicious-immune-system-booster-100-natural-100-tea-bags-5-sets-detox-tea\\\/\",\"name\":\"Ginger Honey Tea | Delicious Immune System Booster | 100% Natural | 100 Tea Bags | 5 Sets | Detox Tea - PureHiveHoney\",\"isPartOf\":{\"@id\":\"https:\\\/\\\/purehivehoney.com\\\/de\\\/#website\"},\"primaryImageOfPage\":{\"@id\":\"https:\\\/\\\/purehivehoney.com\\\/de\\\/product\\\/ginger-honey-tea-delicious-immune-system-booster-100-natural-100-tea-bags-5-sets-detox-tea\\\/#primaryimage\"},\"image\":{\"@id\":\"https:\\\/\\\/purehivehoney.com\\\/de\\\/product\\\/ginger-honey-tea-delicious-immune-system-booster-100-natural-100-tea-bags-5-sets-detox-tea\\\/#primaryimage\"},\"thumbnailUrl\":\"https:\\\/\\\/purehivehoney.com\\\/de\\\/wp-content\\\/uploads\\\/2026\\\/03\\\/61MfQZuaEkL._SL1102_.jpg\",\"datePublished\":\"2026-03-16T09:09:49+00:00\",\"dateModified\":\"2026-03-16T09:09:51+00:00\",\"description\":\"Entdecken Sie hochwertigen Rohhonig, Bio Honig, Manuka Honig und nat\u00fcrliche Bienenprodukte. PureHiveHoney hilft Ihnen dabei, sorgf\u00e4ltig ausgew\u00e4hlte Honigsorten mit nat\u00fcrlicher Qualit\u00e4t und Reinheit zu entdecken.\",\"breadcrumb\":{\"@id\":\"https:\\\/\\\/purehivehoney.com\\\/de\\\/product\\\/ginger-honey-tea-delicious-immune-system-booster-100-natural-100-tea-bags-5-sets-detox-tea\\\/#breadcrumb\"},\"inLanguage\":\"de\",\"potentialAction\":[{\"@type\":\"ReadAction\",\"target\":[\"https:\\\/\\\/purehivehoney.com\\\/de\\\/product\\\/ginger-honey-tea-delicious-immune-system-booster-100-natural-100-tea-bags-5-sets-detox-tea\\\/\"]}]},{\"@type\":\"ImageObject\",\"inLanguage\":\"de\",\"@id\":\"https:\\\/\\\/purehivehoney.com\\\/de\\\/product\\\/ginger-honey-tea-delicious-immune-system-booster-100-natural-100-tea-bags-5-sets-detox-tea\\\/#primaryimage\",\"url\":\"https:\\\/\\\/purehivehoney.com\\\/de\\\/wp-content\\\/uploads\\\/2026\\\/03\\\/61MfQZuaEkL._SL1102_.jpg\",\"contentUrl\":\"https:\\\/\\\/purehivehoney.com\\\/de\\\/wp-content\\\/uploads\\\/2026\\\/03\\\/61MfQZuaEkL._SL1102_.jpg\",\"width\":1102,\"height\":840},{\"@type\":\"BreadcrumbList\",\"@id\":\"https:\\\/\\\/purehivehoney.com\\\/de\\\/product\\\/ginger-honey-tea-delicious-immune-system-booster-100-natural-100-tea-bags-5-sets-detox-tea\\\/#breadcrumb\",\"itemListElement\":[{\"@type\":\"ListItem\",\"position\":1,\"name\":\"Home\",\"item\":\"https:\\\/\\\/purehivehoney.com\\\/de\\\/\"},{\"@type\":\"ListItem\",\"position\":2,\"name\":\"Shop\",\"item\":\"https:\\\/\\\/purehivehoney.com\\\/de\\\/shop\\\/\"},{\"@type\":\"ListItem\",\"position\":3,\"name\":\"Ginger Honey Tea | Delicious Immune...\"}]},{\"@type\":\"WebSite\",\"@id\":\"https:\\\/\\\/purehivehoney.com\\\/de\\\/#website\",\"url\":\"https:\\\/\\\/purehivehoney.com\\\/de\\\/\",\"name\":\"PureHiveHoney\",\"description\":\"Reiner Honig &amp; Bienenprodukte Online | Rohhonig, Bio Honig &amp; Spezialhonig\",\"publisher\":{\"@id\":\"https:\\\/\\\/purehivehoney.com\\\/de\\\/#organization\"},\"potentialAction\":[{\"@type\":\"SearchAction\",\"target\":{\"@type\":\"EntryPoint\",\"urlTemplate\":\"https:\\\/\\\/purehivehoney.com\\\/de\\\/?s={search_term_string}\"},\"query-input\":{\"@type\":\"PropertyValueSpecification\",\"valueRequired\":true,\"valueName\":\"search_term_string\"}}],\"inLanguage\":\"de\"},{\"@type\":\"Organization\",\"@id\":\"https:\\\/\\\/purehivehoney.com\\\/de\\\/#organization\",\"name\":\"PureHiveHoney\",\"url\":\"https:\\\/\\\/purehivehoney.com\\\/de\\\/\",\"logo\":{\"@type\":\"ImageObject\",\"inLanguage\":\"de\",\"@id\":\"https:\\\/\\\/purehivehoney.com\\\/de\\\/#\\\/schema\\\/logo\\\/image\\\/\",\"url\":\"https:\\\/\\\/purehivehoney.com\\\/de\\\/wp-content\\\/uploads\\\/2026\\\/03\\\/Screenshot-2026-03-16-at-1.06.01-AM.png\",\"contentUrl\":\"https:\\\/\\\/purehivehoney.com\\\/de\\\/wp-content\\\/uploads\\\/2026\\\/03\\\/Screenshot-2026-03-16-at-1.06.01-AM.png\",\"width\":2112,\"height\":1086,\"caption\":\"PureHiveHoney\"},\"image\":{\"@id\":\"https:\\\/\\\/purehivehoney.com\\\/de\\\/#\\\/schema\\\/logo\\\/image\\\/\"}}]}<\/script>\n<!-- \/ Yoast SEO plugin. -->","yoast_head_json":{"title":"Ginger Honey Tea | Delicious Immune System Booster | 100% Natural | 100 Tea Bags | 5 Sets | Detox Tea - PureHiveHoney","description":"Entdecken Sie hochwertigen Rohhonig, Bio Honig, Manuka Honig und nat\u00fcrliche Bienenprodukte. PureHiveHoney hilft Ihnen dabei, sorgf\u00e4ltig ausgew\u00e4hlte Honigsorten mit nat\u00fcrlicher Qualit\u00e4t und Reinheit zu entdecken.","robots":{"index":"index","follow":"follow","max-snippet":"max-snippet:-1","max-image-preview":"max-image-preview:large","max-video-preview":"max-video-preview:-1"},"canonical":"https:\/\/purehivehoney.com\/de\/product\/ginger-honey-tea-delicious-immune-system-booster-100-natural-100-tea-bags-5-sets-detox-tea\/","og_locale":"de_DE","og_type":"article","og_title":"Ginger Honey Tea | Delicious Immune System Booster | 100% Natural | 100 Tea Bags | 5 Sets | Detox Tea - PureHiveHoney","og_description":"Entdecken Sie hochwertigen Rohhonig, Bio Honig, Manuka Honig und nat\u00fcrliche Bienenprodukte. PureHiveHoney hilft Ihnen dabei, sorgf\u00e4ltig ausgew\u00e4hlte Honigsorten mit nat\u00fcrlicher Qualit\u00e4t und Reinheit zu entdecken.","og_url":"https:\/\/purehivehoney.com\/de\/product\/ginger-honey-tea-delicious-immune-system-booster-100-natural-100-tea-bags-5-sets-detox-tea\/","og_site_name":"PureHiveHoney","article_modified_time":"2026-03-16T09:09:51+00:00","twitter_card":"summary_large_image","twitter_misc":{"Gesch\u00e4tzte Lesezeit":"2\u00a0Minuten"},"schema":{"@context":"https:\/\/schema.org","@graph":[{"@type":"WebPage","@id":"https:\/\/purehivehoney.com\/de\/product\/ginger-honey-tea-delicious-immune-system-booster-100-natural-100-tea-bags-5-sets-detox-tea\/","url":"https:\/\/purehivehoney.com\/de\/product\/ginger-honey-tea-delicious-immune-system-booster-100-natural-100-tea-bags-5-sets-detox-tea\/","name":"Ginger Honey Tea | Delicious Immune System Booster | 100% Natural | 100 Tea Bags | 5 Sets | Detox Tea - PureHiveHoney","isPartOf":{"@id":"https:\/\/purehivehoney.com\/de\/#website"},"primaryImageOfPage":{"@id":"https:\/\/purehivehoney.com\/de\/product\/ginger-honey-tea-delicious-immune-system-booster-100-natural-100-tea-bags-5-sets-detox-tea\/#primaryimage"},"image":{"@id":"https:\/\/purehivehoney.com\/de\/product\/ginger-honey-tea-delicious-immune-system-booster-100-natural-100-tea-bags-5-sets-detox-tea\/#primaryimage"},"thumbnailUrl":"https:\/\/purehivehoney.com\/de\/wp-content\/uploads\/2026\/03\/61MfQZuaEkL._SL1102_.jpg","datePublished":"2026-03-16T09:09:49+00:00","dateModified":"2026-03-16T09:09:51+00:00","description":"Entdecken Sie hochwertigen Rohhonig, Bio Honig, Manuka Honig und nat\u00fcrliche Bienenprodukte. PureHiveHoney hilft Ihnen dabei, sorgf\u00e4ltig ausgew\u00e4hlte Honigsorten mit nat\u00fcrlicher Qualit\u00e4t und Reinheit zu entdecken.","breadcrumb":{"@id":"https:\/\/purehivehoney.com\/de\/product\/ginger-honey-tea-delicious-immune-system-booster-100-natural-100-tea-bags-5-sets-detox-tea\/#breadcrumb"},"inLanguage":"de","potentialAction":[{"@type":"ReadAction","target":["https:\/\/purehivehoney.com\/de\/product\/ginger-honey-tea-delicious-immune-system-booster-100-natural-100-tea-bags-5-sets-detox-tea\/"]}]},{"@type":"ImageObject","inLanguage":"de","@id":"https:\/\/purehivehoney.com\/de\/product\/ginger-honey-tea-delicious-immune-system-booster-100-natural-100-tea-bags-5-sets-detox-tea\/#primaryimage","url":"https:\/\/purehivehoney.com\/de\/wp-content\/uploads\/2026\/03\/61MfQZuaEkL._SL1102_.jpg","contentUrl":"https:\/\/purehivehoney.com\/de\/wp-content\/uploads\/2026\/03\/61MfQZuaEkL._SL1102_.jpg","width":1102,"height":840},{"@type":"BreadcrumbList","@id":"https:\/\/purehivehoney.com\/de\/product\/ginger-honey-tea-delicious-immune-system-booster-100-natural-100-tea-bags-5-sets-detox-tea\/#breadcrumb","itemListElement":[{"@type":"ListItem","position":1,"name":"Home","item":"https:\/\/purehivehoney.com\/de\/"},{"@type":"ListItem","position":2,"name":"Shop","item":"https:\/\/purehivehoney.com\/de\/shop\/"},{"@type":"ListItem","position":3,"name":"Ginger Honey Tea | Delicious Immune..."}]},{"@type":"WebSite","@id":"https:\/\/purehivehoney.com\/de\/#website","url":"https:\/\/purehivehoney.com\/de\/","name":"PureHiveHoney","description":"Reiner Honig &amp; Bienenprodukte Online | Rohhonig, Bio Honig &amp; Spezialhonig","publisher":{"@id":"https:\/\/purehivehoney.com\/de\/#organization"},"potentialAction":[{"@type":"SearchAction","target":{"@type":"EntryPoint","urlTemplate":"https:\/\/purehivehoney.com\/de\/?s={search_term_string}"},"query-input":{"@type":"PropertyValueSpecification","valueRequired":true,"valueName":"search_term_string"}}],"inLanguage":"de"},{"@type":"Organization","@id":"https:\/\/purehivehoney.com\/de\/#organization","name":"PureHiveHoney","url":"https:\/\/purehivehoney.com\/de\/","logo":{"@type":"ImageObject","inLanguage":"de","@id":"https:\/\/purehivehoney.com\/de\/#\/schema\/logo\/image\/","url":"https:\/\/purehivehoney.com\/de\/wp-content\/uploads\/2026\/03\/Screenshot-2026-03-16-at-1.06.01-AM.png","contentUrl":"https:\/\/purehivehoney.com\/de\/wp-content\/uploads\/2026\/03\/Screenshot-2026-03-16-at-1.06.01-AM.png","width":2112,"height":1086,"caption":"PureHiveHoney"},"image":{"@id":"https:\/\/purehivehoney.com\/de\/#\/schema\/logo\/image\/"}}]}},"_links":{"self":[{"href":"https:\/\/purehivehoney.com\/de\/wp-json\/wp\/v2\/product\/1220","targetHints":{"allow":["GET"]}}],"collection":[{"href":"https:\/\/purehivehoney.com\/de\/wp-json\/wp\/v2\/product"}],"about":[{"href":"https:\/\/purehivehoney.com\/de\/wp-json\/wp\/v2\/types\/product"}],"replies":[{"embeddable":true,"href":"https:\/\/purehivehoney.com\/de\/wp-json\/wp\/v2\/comments?post=1220"}],"wp:featuredmedia":[{"embeddable":true,"href":"https:\/\/purehivehoney.com\/de\/wp-json\/wp\/v2\/media\/1221"}],"wp:attachment":[{"href":"https:\/\/purehivehoney.com\/de\/wp-json\/wp\/v2\/media?parent=1220"}],"wp:term":[{"taxonomy":"store","embeddable":true,"href":"https:\/\/purehivehoney.com\/de\/wp-json\/wp\/v2\/store?post=1220"},{"taxonomy":"product_brand","embeddable":true,"href":"https:\/\/purehivehoney.com\/de\/wp-json\/wp\/v2\/product_brand?post=1220"},{"taxonomy":"product_cat","embeddable":true,"href":"https:\/\/purehivehoney.com\/de\/wp-json\/wp\/v2\/product_cat?post=1220"},{"taxonomy":"product_tag","embeddable":true,"href":"https:\/\/purehivehoney.com\/de\/wp-json\/wp\/v2\/product_tag?post=1220"}],"curies":[{"name":"wp","href":"https:\/\/api.w.org\/{rel}","templated":true}]}}