{"id":1216,"date":"2026-03-16T09:08:46","date_gmt":"2026-03-16T09:08:46","guid":{"rendered":"https:\/\/purehivehoney.com\/de\/product\/honey-whiskey-style-aroma-essence-250-ml-20-g-french-oak-chips-alcohol-free-aroma-for-vodka\/"},"modified":"2026-03-16T09:08:51","modified_gmt":"2026-03-16T09:08:51","slug":"honey-whiskey-style-aroma-essence-250-ml-20-g-french-oak-chips-alcohol-free-aroma-for-vodka","status":"publish","type":"product","link":"https:\/\/purehivehoney.com\/de\/product\/honey-whiskey-style-aroma-essence-250-ml-20-g-french-oak-chips-alcohol-free-aroma-for-vodka\/","title":{"rendered":"Honey Whiskey Style Aroma Essence 2..."},"content":{"rendered":"<p>    <span>Honey whiskey style aroma essence 250 ml + 20 g French oak chips offers a warm and soft taste profile with natural honey sweetness, complemented by caramel and vanilla. <br \/>In the background, spicy notes of cinnamon and cloves add depth, while subtle apple and pear tones add freshness. The elegant oak finish harmonises sweetness and provides a rounded character. <br \/>Ideal for vodka infusions, cocktails or for refining desserts. A 250 ml bottle is enough for up to 7.5 litres. <br \/>Includes: 20g French oak chips for authentic barrel ageing at home.<\/span>    <br \/>Honey whiskey style flavour &#8211; Warm, soft and naturally sweet<br \/>Honey sweetness &#8211; rounded off by caramel and vanilla notes<br \/>Spicy nuances &#8211; Cinnamon and cloves for added depth<br \/>Fruity freshness &#8211; subtle apple and pear tones<br \/>Elegant oak finish &#8211; mild wood notes for balance and warmth<br \/>High yield: 250 ml is enough for up to 7.5 litres of spirit<br \/>Includes Oak Chips &#8211; 20g French chips for authentic barrel ripening<\/p>\n\n","protected":false},"excerpt":{"rendered":"<p>Honey whiskey style aroma essence 250 ml + 20 g French oak chips offers a warm and soft taste profile with natural honey sweetness, complemented by caramel and vanilla. In the background, spicy notes of cinnamon and cloves add depth, while subtle apple and pear tones add freshness. The elegant oak finish harmonises sweetness and [&hellip;]<\/p>\n","protected":false},"featured_media":1217,"comment_status":"open","ping_status":"closed","template":"","meta":{"_aipt_faq_data":""},"store":[],"product_brand":[],"product_cat":[53],"product_tag":[106],"class_list":{"0":"post-1216","1":"product","2":"type-product","3":"status-publish","4":"has-post-thumbnail","6":"product_cat-vanille-honig","7":"product_tag-vanille-honig-glas","9":"first","10":"instock","11":"shipping-taxable","12":"product-type-external"},"yoast_head":"<!-- This site is optimized with the Yoast SEO plugin v27.4 - https:\/\/yoast.com\/product\/yoast-seo-wordpress\/ -->\n<title>Honey Whiskey Style Aroma Essence 250 ml + 20 g French Oak Chips - Alcohol-free Aroma for Vodka - PureHiveHoney<\/title>\n<meta name=\"description\" content=\"Entdecken Sie hochwertigen Rohhonig, Bio Honig, Manuka Honig und nat\u00fcrliche Bienenprodukte. PureHiveHoney hilft Ihnen dabei, sorgf\u00e4ltig ausgew\u00e4hlte Honigsorten mit nat\u00fcrlicher Qualit\u00e4t und Reinheit zu entdecken.\" \/>\n<meta name=\"robots\" content=\"index, follow, max-snippet:-1, max-image-preview:large, max-video-preview:-1\" \/>\n<link rel=\"canonical\" href=\"https:\/\/purehivehoney.com\/de\/product\/honey-whiskey-style-aroma-essence-250-ml-20-g-french-oak-chips-alcohol-free-aroma-for-vodka\/\" \/>\n<meta property=\"og:locale\" content=\"de_DE\" \/>\n<meta property=\"og:type\" content=\"article\" \/>\n<meta property=\"og:title\" content=\"Honey Whiskey Style Aroma Essence 250 ml + 20 g French Oak Chips - Alcohol-free Aroma for Vodka - PureHiveHoney\" \/>\n<meta property=\"og:description\" content=\"Entdecken Sie hochwertigen Rohhonig, Bio Honig, Manuka Honig und nat\u00fcrliche Bienenprodukte. PureHiveHoney hilft Ihnen dabei, sorgf\u00e4ltig ausgew\u00e4hlte Honigsorten mit nat\u00fcrlicher Qualit\u00e4t und Reinheit zu entdecken.\" \/>\n<meta property=\"og:url\" content=\"https:\/\/purehivehoney.com\/de\/product\/honey-whiskey-style-aroma-essence-250-ml-20-g-french-oak-chips-alcohol-free-aroma-for-vodka\/\" \/>\n<meta property=\"og:site_name\" content=\"PureHiveHoney\" \/>\n<meta property=\"article:modified_time\" content=\"2026-03-16T09:08:51+00:00\" \/>\n<meta name=\"twitter:card\" content=\"summary_large_image\" \/>\n<meta name=\"twitter:label1\" content=\"Gesch\u00e4tzte Lesezeit\" \/>\n\t<meta name=\"twitter:data1\" content=\"1\u00a0Minute\" \/>\n<script type=\"application\/ld+json\" class=\"yoast-schema-graph\">{\"@context\":\"https:\\\/\\\/schema.org\",\"@graph\":[{\"@type\":\"WebPage\",\"@id\":\"https:\\\/\\\/purehivehoney.com\\\/de\\\/product\\\/honey-whiskey-style-aroma-essence-250-ml-20-g-french-oak-chips-alcohol-free-aroma-for-vodka\\\/\",\"url\":\"https:\\\/\\\/purehivehoney.com\\\/de\\\/product\\\/honey-whiskey-style-aroma-essence-250-ml-20-g-french-oak-chips-alcohol-free-aroma-for-vodka\\\/\",\"name\":\"Honey Whiskey Style Aroma Essence 250 ml + 20 g French Oak Chips - Alcohol-free Aroma for Vodka - PureHiveHoney\",\"isPartOf\":{\"@id\":\"https:\\\/\\\/purehivehoney.com\\\/de\\\/#website\"},\"primaryImageOfPage\":{\"@id\":\"https:\\\/\\\/purehivehoney.com\\\/de\\\/product\\\/honey-whiskey-style-aroma-essence-250-ml-20-g-french-oak-chips-alcohol-free-aroma-for-vodka\\\/#primaryimage\"},\"image\":{\"@id\":\"https:\\\/\\\/purehivehoney.com\\\/de\\\/product\\\/honey-whiskey-style-aroma-essence-250-ml-20-g-french-oak-chips-alcohol-free-aroma-for-vodka\\\/#primaryimage\"},\"thumbnailUrl\":\"https:\\\/\\\/purehivehoney.com\\\/de\\\/wp-content\\\/uploads\\\/2026\\\/03\\\/61x2IsJsbL._AC_SL1080_.jpg\",\"datePublished\":\"2026-03-16T09:08:46+00:00\",\"dateModified\":\"2026-03-16T09:08:51+00:00\",\"description\":\"Entdecken Sie hochwertigen Rohhonig, Bio Honig, Manuka Honig und nat\u00fcrliche Bienenprodukte. PureHiveHoney hilft Ihnen dabei, sorgf\u00e4ltig ausgew\u00e4hlte Honigsorten mit nat\u00fcrlicher Qualit\u00e4t und Reinheit zu entdecken.\",\"breadcrumb\":{\"@id\":\"https:\\\/\\\/purehivehoney.com\\\/de\\\/product\\\/honey-whiskey-style-aroma-essence-250-ml-20-g-french-oak-chips-alcohol-free-aroma-for-vodka\\\/#breadcrumb\"},\"inLanguage\":\"de\",\"potentialAction\":[{\"@type\":\"ReadAction\",\"target\":[\"https:\\\/\\\/purehivehoney.com\\\/de\\\/product\\\/honey-whiskey-style-aroma-essence-250-ml-20-g-french-oak-chips-alcohol-free-aroma-for-vodka\\\/\"]}]},{\"@type\":\"ImageObject\",\"inLanguage\":\"de\",\"@id\":\"https:\\\/\\\/purehivehoney.com\\\/de\\\/product\\\/honey-whiskey-style-aroma-essence-250-ml-20-g-french-oak-chips-alcohol-free-aroma-for-vodka\\\/#primaryimage\",\"url\":\"https:\\\/\\\/purehivehoney.com\\\/de\\\/wp-content\\\/uploads\\\/2026\\\/03\\\/61x2IsJsbL._AC_SL1080_.jpg\",\"contentUrl\":\"https:\\\/\\\/purehivehoney.com\\\/de\\\/wp-content\\\/uploads\\\/2026\\\/03\\\/61x2IsJsbL._AC_SL1080_.jpg\",\"width\":713,\"height\":1042},{\"@type\":\"BreadcrumbList\",\"@id\":\"https:\\\/\\\/purehivehoney.com\\\/de\\\/product\\\/honey-whiskey-style-aroma-essence-250-ml-20-g-french-oak-chips-alcohol-free-aroma-for-vodka\\\/#breadcrumb\",\"itemListElement\":[{\"@type\":\"ListItem\",\"position\":1,\"name\":\"Home\",\"item\":\"https:\\\/\\\/purehivehoney.com\\\/de\\\/\"},{\"@type\":\"ListItem\",\"position\":2,\"name\":\"Shop\",\"item\":\"https:\\\/\\\/purehivehoney.com\\\/de\\\/shop\\\/\"},{\"@type\":\"ListItem\",\"position\":3,\"name\":\"Honey Whiskey Style Aroma Essence 2...\"}]},{\"@type\":\"WebSite\",\"@id\":\"https:\\\/\\\/purehivehoney.com\\\/de\\\/#website\",\"url\":\"https:\\\/\\\/purehivehoney.com\\\/de\\\/\",\"name\":\"PureHiveHoney\",\"description\":\"Reiner Honig &amp; Bienenprodukte Online | Rohhonig, Bio Honig &amp; Spezialhonig\",\"publisher\":{\"@id\":\"https:\\\/\\\/purehivehoney.com\\\/de\\\/#organization\"},\"potentialAction\":[{\"@type\":\"SearchAction\",\"target\":{\"@type\":\"EntryPoint\",\"urlTemplate\":\"https:\\\/\\\/purehivehoney.com\\\/de\\\/?s={search_term_string}\"},\"query-input\":{\"@type\":\"PropertyValueSpecification\",\"valueRequired\":true,\"valueName\":\"search_term_string\"}}],\"inLanguage\":\"de\"},{\"@type\":\"Organization\",\"@id\":\"https:\\\/\\\/purehivehoney.com\\\/de\\\/#organization\",\"name\":\"PureHiveHoney\",\"url\":\"https:\\\/\\\/purehivehoney.com\\\/de\\\/\",\"logo\":{\"@type\":\"ImageObject\",\"inLanguage\":\"de\",\"@id\":\"https:\\\/\\\/purehivehoney.com\\\/de\\\/#\\\/schema\\\/logo\\\/image\\\/\",\"url\":\"https:\\\/\\\/purehivehoney.com\\\/de\\\/wp-content\\\/uploads\\\/2026\\\/03\\\/Screenshot-2026-03-16-at-1.06.01-AM.png\",\"contentUrl\":\"https:\\\/\\\/purehivehoney.com\\\/de\\\/wp-content\\\/uploads\\\/2026\\\/03\\\/Screenshot-2026-03-16-at-1.06.01-AM.png\",\"width\":2112,\"height\":1086,\"caption\":\"PureHiveHoney\"},\"image\":{\"@id\":\"https:\\\/\\\/purehivehoney.com\\\/de\\\/#\\\/schema\\\/logo\\\/image\\\/\"}}]}<\/script>\n<!-- \/ Yoast SEO plugin. -->","yoast_head_json":{"title":"Honey Whiskey Style Aroma Essence 250 ml + 20 g French Oak Chips - Alcohol-free Aroma for Vodka - PureHiveHoney","description":"Entdecken Sie hochwertigen Rohhonig, Bio Honig, Manuka Honig und nat\u00fcrliche Bienenprodukte. PureHiveHoney hilft Ihnen dabei, sorgf\u00e4ltig ausgew\u00e4hlte Honigsorten mit nat\u00fcrlicher Qualit\u00e4t und Reinheit zu entdecken.","robots":{"index":"index","follow":"follow","max-snippet":"max-snippet:-1","max-image-preview":"max-image-preview:large","max-video-preview":"max-video-preview:-1"},"canonical":"https:\/\/purehivehoney.com\/de\/product\/honey-whiskey-style-aroma-essence-250-ml-20-g-french-oak-chips-alcohol-free-aroma-for-vodka\/","og_locale":"de_DE","og_type":"article","og_title":"Honey Whiskey Style Aroma Essence 250 ml + 20 g French Oak Chips - Alcohol-free Aroma for Vodka - PureHiveHoney","og_description":"Entdecken Sie hochwertigen Rohhonig, Bio Honig, Manuka Honig und nat\u00fcrliche Bienenprodukte. PureHiveHoney hilft Ihnen dabei, sorgf\u00e4ltig ausgew\u00e4hlte Honigsorten mit nat\u00fcrlicher Qualit\u00e4t und Reinheit zu entdecken.","og_url":"https:\/\/purehivehoney.com\/de\/product\/honey-whiskey-style-aroma-essence-250-ml-20-g-french-oak-chips-alcohol-free-aroma-for-vodka\/","og_site_name":"PureHiveHoney","article_modified_time":"2026-03-16T09:08:51+00:00","twitter_card":"summary_large_image","twitter_misc":{"Gesch\u00e4tzte Lesezeit":"1\u00a0Minute"},"schema":{"@context":"https:\/\/schema.org","@graph":[{"@type":"WebPage","@id":"https:\/\/purehivehoney.com\/de\/product\/honey-whiskey-style-aroma-essence-250-ml-20-g-french-oak-chips-alcohol-free-aroma-for-vodka\/","url":"https:\/\/purehivehoney.com\/de\/product\/honey-whiskey-style-aroma-essence-250-ml-20-g-french-oak-chips-alcohol-free-aroma-for-vodka\/","name":"Honey Whiskey Style Aroma Essence 250 ml + 20 g French Oak Chips - Alcohol-free Aroma for Vodka - PureHiveHoney","isPartOf":{"@id":"https:\/\/purehivehoney.com\/de\/#website"},"primaryImageOfPage":{"@id":"https:\/\/purehivehoney.com\/de\/product\/honey-whiskey-style-aroma-essence-250-ml-20-g-french-oak-chips-alcohol-free-aroma-for-vodka\/#primaryimage"},"image":{"@id":"https:\/\/purehivehoney.com\/de\/product\/honey-whiskey-style-aroma-essence-250-ml-20-g-french-oak-chips-alcohol-free-aroma-for-vodka\/#primaryimage"},"thumbnailUrl":"https:\/\/purehivehoney.com\/de\/wp-content\/uploads\/2026\/03\/61x2IsJsbL._AC_SL1080_.jpg","datePublished":"2026-03-16T09:08:46+00:00","dateModified":"2026-03-16T09:08:51+00:00","description":"Entdecken Sie hochwertigen Rohhonig, Bio Honig, Manuka Honig und nat\u00fcrliche Bienenprodukte. PureHiveHoney hilft Ihnen dabei, sorgf\u00e4ltig ausgew\u00e4hlte Honigsorten mit nat\u00fcrlicher Qualit\u00e4t und Reinheit zu entdecken.","breadcrumb":{"@id":"https:\/\/purehivehoney.com\/de\/product\/honey-whiskey-style-aroma-essence-250-ml-20-g-french-oak-chips-alcohol-free-aroma-for-vodka\/#breadcrumb"},"inLanguage":"de","potentialAction":[{"@type":"ReadAction","target":["https:\/\/purehivehoney.com\/de\/product\/honey-whiskey-style-aroma-essence-250-ml-20-g-french-oak-chips-alcohol-free-aroma-for-vodka\/"]}]},{"@type":"ImageObject","inLanguage":"de","@id":"https:\/\/purehivehoney.com\/de\/product\/honey-whiskey-style-aroma-essence-250-ml-20-g-french-oak-chips-alcohol-free-aroma-for-vodka\/#primaryimage","url":"https:\/\/purehivehoney.com\/de\/wp-content\/uploads\/2026\/03\/61x2IsJsbL._AC_SL1080_.jpg","contentUrl":"https:\/\/purehivehoney.com\/de\/wp-content\/uploads\/2026\/03\/61x2IsJsbL._AC_SL1080_.jpg","width":713,"height":1042},{"@type":"BreadcrumbList","@id":"https:\/\/purehivehoney.com\/de\/product\/honey-whiskey-style-aroma-essence-250-ml-20-g-french-oak-chips-alcohol-free-aroma-for-vodka\/#breadcrumb","itemListElement":[{"@type":"ListItem","position":1,"name":"Home","item":"https:\/\/purehivehoney.com\/de\/"},{"@type":"ListItem","position":2,"name":"Shop","item":"https:\/\/purehivehoney.com\/de\/shop\/"},{"@type":"ListItem","position":3,"name":"Honey Whiskey Style Aroma Essence 2..."}]},{"@type":"WebSite","@id":"https:\/\/purehivehoney.com\/de\/#website","url":"https:\/\/purehivehoney.com\/de\/","name":"PureHiveHoney","description":"Reiner Honig &amp; Bienenprodukte Online | Rohhonig, Bio Honig &amp; Spezialhonig","publisher":{"@id":"https:\/\/purehivehoney.com\/de\/#organization"},"potentialAction":[{"@type":"SearchAction","target":{"@type":"EntryPoint","urlTemplate":"https:\/\/purehivehoney.com\/de\/?s={search_term_string}"},"query-input":{"@type":"PropertyValueSpecification","valueRequired":true,"valueName":"search_term_string"}}],"inLanguage":"de"},{"@type":"Organization","@id":"https:\/\/purehivehoney.com\/de\/#organization","name":"PureHiveHoney","url":"https:\/\/purehivehoney.com\/de\/","logo":{"@type":"ImageObject","inLanguage":"de","@id":"https:\/\/purehivehoney.com\/de\/#\/schema\/logo\/image\/","url":"https:\/\/purehivehoney.com\/de\/wp-content\/uploads\/2026\/03\/Screenshot-2026-03-16-at-1.06.01-AM.png","contentUrl":"https:\/\/purehivehoney.com\/de\/wp-content\/uploads\/2026\/03\/Screenshot-2026-03-16-at-1.06.01-AM.png","width":2112,"height":1086,"caption":"PureHiveHoney"},"image":{"@id":"https:\/\/purehivehoney.com\/de\/#\/schema\/logo\/image\/"}}]}},"_links":{"self":[{"href":"https:\/\/purehivehoney.com\/de\/wp-json\/wp\/v2\/product\/1216","targetHints":{"allow":["GET"]}}],"collection":[{"href":"https:\/\/purehivehoney.com\/de\/wp-json\/wp\/v2\/product"}],"about":[{"href":"https:\/\/purehivehoney.com\/de\/wp-json\/wp\/v2\/types\/product"}],"replies":[{"embeddable":true,"href":"https:\/\/purehivehoney.com\/de\/wp-json\/wp\/v2\/comments?post=1216"}],"wp:featuredmedia":[{"embeddable":true,"href":"https:\/\/purehivehoney.com\/de\/wp-json\/wp\/v2\/media\/1217"}],"wp:attachment":[{"href":"https:\/\/purehivehoney.com\/de\/wp-json\/wp\/v2\/media?parent=1216"}],"wp:term":[{"taxonomy":"store","embeddable":true,"href":"https:\/\/purehivehoney.com\/de\/wp-json\/wp\/v2\/store?post=1216"},{"taxonomy":"product_brand","embeddable":true,"href":"https:\/\/purehivehoney.com\/de\/wp-json\/wp\/v2\/product_brand?post=1216"},{"taxonomy":"product_cat","embeddable":true,"href":"https:\/\/purehivehoney.com\/de\/wp-json\/wp\/v2\/product_cat?post=1216"},{"taxonomy":"product_tag","embeddable":true,"href":"https:\/\/purehivehoney.com\/de\/wp-json\/wp\/v2\/product_tag?post=1216"}],"curies":[{"name":"wp","href":"https:\/\/api.w.org\/{rel}","templated":true}]}}