{"id":1212,"date":"2026-03-16T09:01:12","date_gmt":"2026-03-16T09:01:12","guid":{"rendered":"https:\/\/purehivehoney.com\/de\/product\/oxymel-natuerliche-heilkraft-aus-honig-essig-wunderlebensmittel\/"},"modified":"2026-03-16T09:01:14","modified_gmt":"2026-03-16T09:01:14","slug":"oxymel-natuerliche-heilkraft-aus-honig-essig-wunderlebensmittel","status":"publish","type":"product","link":"https:\/\/purehivehoney.com\/de\/product\/oxymel-natuerliche-heilkraft-aus-honig-essig-wunderlebensmittel\/","title":{"rendered":"OXYMEL: Nat\u00fcrliche Heilkraft aus H..."},"content":{"rendered":"<p>Nat\u00fcrliche Heilkraft aus Honig &amp; Essig<\/p>\n<h3> Kr\u00e4uter-Medizin und Heiltinkturen mit einfachen Rezepten zum selber machen<\/h3>\n<p>Sind Sie auf die n\u00e4chste Erk\u00e4ltungswelle vorbereitet? Wollen Sie eigene pflanzliche Medizin herstellen, f\u00fchlen sich aber \u00fcberfordert, die richtigen Inhaltsstoffe zu finden oder das Arzneimittel selbst herzustellen? Dann ist ein Oxymel genau richtig f\u00fcr Ihr Wohlbefinden!<\/p>\n<p>Ein Oxymel ist ein pflanzliches Multitalent aus Honig und Essig (Apfelessig). Je nach Rezeptur und pers\u00f6nlichem Geschmack k\u00f6nnen eine Vielfalt verschiedener Kr\u00e4uter beigemischt werden. <\/p>\n<p>Oxymel f\u00fcr Anf\u00e4nger<br \/>\u27a4 Nat\u00fcrliches Wundermittel Oxymel<br \/> \u27a4 Was ist ein Oxymel?<br \/> \u27a4 Ur-Medizin aus Honig und Essig<br \/> \u27a4 Oxymel als alternatives Heilmittel<br \/> \u27a4 Gro\u00dfer Guide f\u00fcr Naturhonig<br \/> \u27a4 Honig f\u00fcr die Gesundheit<br \/> \u27a4 Essig f\u00fcr die Gesundheit<br \/> \u27a4 Oxymel aus dem eigenen Garten<br \/> \u27a4 Die besten Kr\u00e4uter f\u00fcr Oxymel<br \/> \u27a4 Einfache Rezepte f\u00fcr Ihr selbstgemachtes Oxymel<br \/> \u27a4 Und vieles, vieles mehr<br \/>Warten Sie nicht bis zu diesem Moment, wenn Sie sich nicht wohl f\u00fchlen und eine Erk\u00e4ltung oder Grippe im Anmarsch ist. Probieren Sie einfach ein pflanzliches Heilmittel aus! Es gibt einfache, aber wirkungsvolle Tinkturen, die Sie leicht zu Hause mit den \u00fcblichen K\u00fcchenzutaten herstellen k\u00f6nnen.<\/p>\n<p>Dieser Ratgeber taucht mit Ihnen in die Welt der Oxymele ein und offenbart die vielen gesundheitsf\u00f6rdernden Eigenschaften von Honig, Apfelessig und Ihren liebsten Heilpflanzen.<\/p>\n<p>Lassen Sie sich diesen Mehrwert nicht entgehen und sichern Sie sich jetzt Ihre Ausgabe von \u201eOXYMEL \u2013 Nat\u00fcrliches Heilmittel aus Honig &amp; Essig\u201c<\/p>\n<p><\/p>\n<p>In diesem Buch erfahren Sie:<br \/>\u27a4 Warum Oxymele seit der Antike verwendet werden<br \/> \u27a4 Wie Sie Ihr eigenes Oxymel herstellen k\u00f6nnen<br \/> \u27a4 Welcher Honig sich f\u00fcr das Oxymel eignet<br \/> \u27a4 Wie Oxymele Ihrer Gesundheit zugute kommen<br \/>\ud83d\udcd8 Klicken Sie einfach auf &#8222;Jetzt kaufen&#8220; um Ihr pers\u00f6nliches Exemplar zu sichern!<br \/>\ud83d\udcaf Mit der kostenlosen Kindle-App von Amazon k\u00f6nnen Sie die e-Book Version des Buches auch ohne Kindle-Reader jederzeit lesen, egal ob Smartphone, PC oder Laptop\/Notebook.    <br \/> <br \/>\n                                             From the Publisher   <\/p>\n<p>                                                  <img decoding=\"async\" alt=\"Oxymel-Buch Rezepte selber selbst machen herstellen Tinktur Apfelessig Honigbuch \" src=\"https:\/\/images-na.ssl-images-amazon.com\/images\/G\/01\/x-locale\/common\/grey-pixel.gif\" class=\"a-lazy-loaded\" data-src=\"https:\/\/m.media-amazon.com\/images\/S\/aplus-media\/kdp\/fe62be72-1ba5-4b9a-bb2d-6075445ef93c.__CR0,0,970,300_PT0_SX970_V1___.png\"><img decoding=\"async\" alt=\"Oxymel-Buch Rezepte selber selbst machen herstellen Tinktur Apfelessig Honigbuch \" src=\"https:\/\/m.media-amazon.com\/images\/S\/aplus-media\/kdp\/fe62be72-1ba5-4b9a-bb2d-6075445ef93c.__CR0,0,970,300_PT0_SX970_V1___.png\">  <\/p>\n<p>                                                  <img decoding=\"async\" alt=\"Oxymele selber machen herstellen trinken Tinktur Kr\u00e4utermedizin Kr\u00e4uterkunde Heilkunde\" src=\"https:\/\/images-na.ssl-images-amazon.com\/images\/G\/01\/x-locale\/common\/grey-pixel.gif\" class=\"a-lazy-loaded\" data-src=\"https:\/\/m.media-amazon.com\/images\/S\/aplus-media\/kdp\/0d45d526-93f8-446e-9b12-a8f20270c8e5.__CR0,1,1213,1213_PT0_SX300_V1___.jpg\"><img decoding=\"async\" alt=\"Oxymele selber machen herstellen trinken Tinktur Kr\u00e4utermedizin Kr\u00e4uterkunde Heilkunde\" src=\"https:\/\/m.media-amazon.com\/images\/S\/aplus-media\/kdp\/0d45d526-93f8-446e-9b12-a8f20270c8e5.__CR0,1,1213,1213_PT0_SX300_V1___.jpg\">  <\/p>\n<h3 class=\"a-spacing-mini\"> Nat\u00fcrliche Heilkraft aus Honig &amp; Essig <\/h3>\n<p> Sind Sie auf die n\u00e4chste Erk\u00e4ltungswelle vorbereitet? Wollen Sie eigene pflanzliche Medizin herstellen, f\u00fchlen sich aber \u00fcberfordert, die richtigen Inhaltsstoffe zu finden oder das Arzneimittel selbst herzustellen? Dann ist ein Oxymel genau richtig f\u00fcr Ihr Wohlbefinden! <\/p>\n<p> Ein Oxymel ist ein pflanzliches Multitalent aus Honig und Essig (Apfelessig). Je nach Rezeptur und pers\u00f6nlichem Geschmack k\u00f6nnen eine Vielfalt verschiedener Kr\u00e4uter beigemischt werden. <\/p>\n<p>                                                  <img decoding=\"async\" alt=\"Oxymeltrink Heilkraut Kr\u00e4utermedizin Naturmedizin Pflanzlich\" src=\"https:\/\/images-na.ssl-images-amazon.com\/images\/G\/01\/x-locale\/common\/grey-pixel.gif\" class=\"a-spacing-mini a-lazy-loaded\" data-src=\"https:\/\/m.media-amazon.com\/images\/S\/aplus-media\/kdp\/bdd3741c-e388-4dbc-b99e-df8d6c746cb4.__CR0,0,300,300_PT0_SX300_V1___.png\"><img decoding=\"async\" alt=\"Oxymeltrink Heilkraut Kr\u00e4utermedizin Naturmedizin Pflanzlich\" src=\"https:\/\/m.media-amazon.com\/images\/S\/aplus-media\/kdp\/bdd3741c-e388-4dbc-b99e-df8d6c746cb4.__CR0,0,300,300_PT0_SX300_V1___.png\">  <\/p>\n<h3 class=\"a-spacing-mini\"> Mit einfachen Rezepten zum selber machen <\/h3>\n<p> Warten Sie nicht bis zu diesem Moment, wenn Sie sich nicht wohl f\u00fchlen und eine Erk\u00e4ltung oder Grippe im Anmarsch ist. Probieren Sie einfach ein pflanzliches Heilmittel aus! Es gibt einfache, aber wirkungsvolle Tinkturen, die Sie leicht zu Hause mit den \u00fcblichen K\u00fcchenzutaten herstellen k\u00f6nnen. <\/p>\n<p> Dieser Ratgeber taucht mit Ihnen in die Welt der Oxymele ein und offenbart die vielen gesundheitsf\u00f6rdernden Eigenschaften von Honig, Apfelessig und Ihren liebsten Heilpflanzen. <\/p>\n<p>                                                  <img decoding=\"async\" alt=\"Hei\u00dfgetr\u00e4nk Oxymel\" src=\"https:\/\/images-na.ssl-images-amazon.com\/images\/G\/01\/x-locale\/common\/grey-pixel.gif\" class=\"a-lazy-loaded\" data-src=\"https:\/\/m.media-amazon.com\/images\/S\/aplus-media\/kdp\/980b93ee-4360-4995-9d91-2ccd4e3c4620.__CR15,0,541,541_PT0_SX300_V1___.png\"><img decoding=\"async\" alt=\"Hei\u00dfgetr\u00e4nk Oxymel\" src=\"https:\/\/m.media-amazon.com\/images\/S\/aplus-media\/kdp\/980b93ee-4360-4995-9d91-2ccd4e3c4620.__CR15,0,541,541_PT0_SX300_V1___.png\">  <\/p>\n<h3 class=\"a-spacing-mini\"> Was ist ein Oxymel? <\/h3>\n<p> Ein Oxymel ist eine klassische, aber stark in Vergessenheit geratene Kr\u00e4uterzubereitung, die aus einer Kombination von Essig und Honig besteht. Sie werden oft mit Kr\u00e4utern hergestellt, die f\u00f6rderlich f\u00fcr die Atemwege und das Immunsystem sind und k\u00f6nnen eine Extraktion eines einzelnen Krauts oder eine komplexere Kr\u00e4uterkombination sein. Es gibt eine Reihe verschiedener M\u00f6glichkeiten, ein Oxymel herzustellen. Im einfachsten Fall k\u00f6nnen Sie einfach gleiche Teile Honig und Apfelessig vermengen hinzuf\u00fcgen. <\/p>\n<p> ASIN                                            \u200f                                            :                                            \u200e                                                        B08W7DK9W3       <br \/> Publisher                                            \u200f                                            :                                            \u200e                                                        Independently published       <br \/> Publication date                                            \u200f                                            :                                            \u200e                                                        10 Feb. 2021       <br \/> Language                                            \u200f                                            :                                            \u200e                                            German   <br \/> Print length                                            \u200f                                            :                                            \u200e                                                        77 pages       <br \/> ISBN-13                                            \u200f                                            :                                            \u200e                                                        979-8707599378       <br \/> Dimensions                                            \u200f                                            :                                            \u200e                                                        13.97 x 0.94 x 21.59 cm       <br \/> Part of series                                            \u200f                                            :                                            \u200e                                                        Wunderlebensmittel       <br \/>       Best Sellers Rank:  2,380,605 in Books (See Top 100 in Books)    1,909 in Herb Gardening   2,871 in Healer &#038; Spiritual Healing   10,157 in Energy &#038; Cosmos      <br \/>  Customer reviews:                                                                                            3.8               3.8 out of 5 stars                                  (75)                                              var dpAcrHasRegisteredArcLinkClickAction;                    P.when(&#8218;A&#8216;, &#8218;ready&#8216;).execute(function(A) {                        if (dpAcrHasRegisteredArcLinkClickAction !== true) {                            dpAcrHasRegisteredArcLinkClickAction = true;                            A.declarative(                                &#8218;acrLink-click-metrics&#8216;, &#8218;click&#8216;,                                { &#8222;allowLinkDefault&#8220;: true },                                function (event) {                                    if (window.ue) {                                        ue.count(&#8222;acrLinkClickCount&#8220;, (ue.count(&#8222;acrLinkClickCount&#8220;) || 0) + 1);                                    }                                }                            );                        }                    });                                             P.when(&#8218;A&#8216;, &#8218;cf&#8216;).execute(function(A) {                A.declarative(&#8218;acrStarsLink-click-metrics&#8216;, &#8218;click&#8216;, { &#8222;allowLinkDefault&#8220; : true },  function(event){                    if(window.ue) {                        ue.count(&#8222;acrStarsLinkWithPopoverClickCount&#8220;, (ue.count(&#8222;acrStarsLinkWithPopoverClickCount&#8220;) || 0) + 1);                    }                });            });                          <br \/><\/p>\n","protected":false},"excerpt":{"rendered":"<p>Nat\u00fcrliche Heilkraft aus Honig &amp; Essig Kr\u00e4uter-Medizin und Heiltinkturen mit einfachen Rezepten zum selber machen Sind Sie auf die n\u00e4chste Erk\u00e4ltungswelle vorbereitet? Wollen Sie eigene pflanzliche Medizin herstellen, f\u00fchlen sich aber \u00fcberfordert, die richtigen Inhaltsstoffe zu finden oder das Arzneimittel selbst herzustellen? Dann ist ein Oxymel genau richtig f\u00fcr Ihr Wohlbefinden! Ein Oxymel ist ein [&hellip;]<\/p>\n","protected":false},"featured_media":1213,"comment_status":"open","ping_status":"closed","template":"","meta":{"_aipt_faq_data":""},"store":[],"product_brand":[],"product_cat":[60],"product_tag":[143],"class_list":{"0":"post-1212","1":"product","2":"type-product","3":"status-publish","4":"has-post-thumbnail","6":"product_cat-honig-fur-das-immunsystem","7":"product_tag-natuerlicher-honig-fuer-das-immunsystem","9":"first","10":"instock","11":"shipping-taxable","12":"product-type-external"},"yoast_head":"<!-- This site is optimized with the Yoast SEO plugin v27.4 - https:\/\/yoast.com\/product\/yoast-seo-wordpress\/ -->\n<title>OXYMEL: Nat\u00fcrliche Heilkraft aus Honig &amp; Essig (Wunderlebensmittel) - PureHiveHoney<\/title>\n<meta name=\"description\" content=\"Entdecken Sie hochwertigen Rohhonig, Bio Honig, Manuka Honig und nat\u00fcrliche Bienenprodukte. PureHiveHoney hilft Ihnen dabei, sorgf\u00e4ltig ausgew\u00e4hlte Honigsorten mit nat\u00fcrlicher Qualit\u00e4t und Reinheit zu entdecken.\" \/>\n<meta name=\"robots\" content=\"index, follow, max-snippet:-1, max-image-preview:large, max-video-preview:-1\" \/>\n<link rel=\"canonical\" href=\"https:\/\/purehivehoney.com\/de\/product\/oxymel-natuerliche-heilkraft-aus-honig-essig-wunderlebensmittel\/\" \/>\n<meta property=\"og:locale\" content=\"de_DE\" \/>\n<meta property=\"og:type\" content=\"article\" \/>\n<meta property=\"og:title\" content=\"OXYMEL: Nat\u00fcrliche Heilkraft aus Honig &amp; Essig (Wunderlebensmittel) - PureHiveHoney\" \/>\n<meta property=\"og:description\" content=\"Entdecken Sie hochwertigen Rohhonig, Bio Honig, Manuka Honig und nat\u00fcrliche Bienenprodukte. PureHiveHoney hilft Ihnen dabei, sorgf\u00e4ltig ausgew\u00e4hlte Honigsorten mit nat\u00fcrlicher Qualit\u00e4t und Reinheit zu entdecken.\" \/>\n<meta property=\"og:url\" content=\"https:\/\/purehivehoney.com\/de\/product\/oxymel-natuerliche-heilkraft-aus-honig-essig-wunderlebensmittel\/\" \/>\n<meta property=\"og:site_name\" content=\"PureHiveHoney\" \/>\n<meta property=\"article:modified_time\" content=\"2026-03-16T09:01:14+00:00\" \/>\n<meta property=\"og:image\" content=\"https:\/\/images-na.ssl-images-amazon.com\/images\/G\/01\/x-locale\/common\/grey-pixel.gif\" \/>\n<meta name=\"twitter:card\" content=\"summary_large_image\" \/>\n<meta name=\"twitter:label1\" content=\"Gesch\u00e4tzte Lesezeit\" \/>\n\t<meta name=\"twitter:data1\" content=\"3\u00a0Minuten\" \/>\n<script type=\"application\/ld+json\" class=\"yoast-schema-graph\">{\"@context\":\"https:\\\/\\\/schema.org\",\"@graph\":[{\"@type\":\"WebPage\",\"@id\":\"https:\\\/\\\/purehivehoney.com\\\/de\\\/product\\\/oxymel-natuerliche-heilkraft-aus-honig-essig-wunderlebensmittel\\\/\",\"url\":\"https:\\\/\\\/purehivehoney.com\\\/de\\\/product\\\/oxymel-natuerliche-heilkraft-aus-honig-essig-wunderlebensmittel\\\/\",\"name\":\"OXYMEL: Nat\u00fcrliche Heilkraft aus Honig & Essig (Wunderlebensmittel) - PureHiveHoney\",\"isPartOf\":{\"@id\":\"https:\\\/\\\/purehivehoney.com\\\/de\\\/#website\"},\"primaryImageOfPage\":{\"@id\":\"https:\\\/\\\/purehivehoney.com\\\/de\\\/product\\\/oxymel-natuerliche-heilkraft-aus-honig-essig-wunderlebensmittel\\\/#primaryimage\"},\"image\":{\"@id\":\"https:\\\/\\\/purehivehoney.com\\\/de\\\/product\\\/oxymel-natuerliche-heilkraft-aus-honig-essig-wunderlebensmittel\\\/#primaryimage\"},\"thumbnailUrl\":\"https:\\\/\\\/purehivehoney.com\\\/de\\\/wp-content\\\/uploads\\\/2026\\\/03\\\/71lKj5bGG8L._SL1500_.jpg\",\"datePublished\":\"2026-03-16T09:01:12+00:00\",\"dateModified\":\"2026-03-16T09:01:14+00:00\",\"description\":\"Entdecken Sie hochwertigen Rohhonig, Bio Honig, Manuka Honig und nat\u00fcrliche Bienenprodukte. PureHiveHoney hilft Ihnen dabei, sorgf\u00e4ltig ausgew\u00e4hlte Honigsorten mit nat\u00fcrlicher Qualit\u00e4t und Reinheit zu entdecken.\",\"breadcrumb\":{\"@id\":\"https:\\\/\\\/purehivehoney.com\\\/de\\\/product\\\/oxymel-natuerliche-heilkraft-aus-honig-essig-wunderlebensmittel\\\/#breadcrumb\"},\"inLanguage\":\"de\",\"potentialAction\":[{\"@type\":\"ReadAction\",\"target\":[\"https:\\\/\\\/purehivehoney.com\\\/de\\\/product\\\/oxymel-natuerliche-heilkraft-aus-honig-essig-wunderlebensmittel\\\/\"]}]},{\"@type\":\"ImageObject\",\"inLanguage\":\"de\",\"@id\":\"https:\\\/\\\/purehivehoney.com\\\/de\\\/product\\\/oxymel-natuerliche-heilkraft-aus-honig-essig-wunderlebensmittel\\\/#primaryimage\",\"url\":\"https:\\\/\\\/purehivehoney.com\\\/de\\\/wp-content\\\/uploads\\\/2026\\\/03\\\/71lKj5bGG8L._SL1500_.jpg\",\"contentUrl\":\"https:\\\/\\\/purehivehoney.com\\\/de\\\/wp-content\\\/uploads\\\/2026\\\/03\\\/71lKj5bGG8L._SL1500_.jpg\",\"width\":978,\"height\":1500},{\"@type\":\"BreadcrumbList\",\"@id\":\"https:\\\/\\\/purehivehoney.com\\\/de\\\/product\\\/oxymel-natuerliche-heilkraft-aus-honig-essig-wunderlebensmittel\\\/#breadcrumb\",\"itemListElement\":[{\"@type\":\"ListItem\",\"position\":1,\"name\":\"Home\",\"item\":\"https:\\\/\\\/purehivehoney.com\\\/de\\\/\"},{\"@type\":\"ListItem\",\"position\":2,\"name\":\"Shop\",\"item\":\"https:\\\/\\\/purehivehoney.com\\\/de\\\/shop\\\/\"},{\"@type\":\"ListItem\",\"position\":3,\"name\":\"OXYMEL: Nat\u00fcrliche Heilkraft aus H...\"}]},{\"@type\":\"WebSite\",\"@id\":\"https:\\\/\\\/purehivehoney.com\\\/de\\\/#website\",\"url\":\"https:\\\/\\\/purehivehoney.com\\\/de\\\/\",\"name\":\"PureHiveHoney\",\"description\":\"Reiner Honig &amp; Bienenprodukte Online | Rohhonig, Bio Honig &amp; Spezialhonig\",\"publisher\":{\"@id\":\"https:\\\/\\\/purehivehoney.com\\\/de\\\/#organization\"},\"potentialAction\":[{\"@type\":\"SearchAction\",\"target\":{\"@type\":\"EntryPoint\",\"urlTemplate\":\"https:\\\/\\\/purehivehoney.com\\\/de\\\/?s={search_term_string}\"},\"query-input\":{\"@type\":\"PropertyValueSpecification\",\"valueRequired\":true,\"valueName\":\"search_term_string\"}}],\"inLanguage\":\"de\"},{\"@type\":\"Organization\",\"@id\":\"https:\\\/\\\/purehivehoney.com\\\/de\\\/#organization\",\"name\":\"PureHiveHoney\",\"url\":\"https:\\\/\\\/purehivehoney.com\\\/de\\\/\",\"logo\":{\"@type\":\"ImageObject\",\"inLanguage\":\"de\",\"@id\":\"https:\\\/\\\/purehivehoney.com\\\/de\\\/#\\\/schema\\\/logo\\\/image\\\/\",\"url\":\"https:\\\/\\\/purehivehoney.com\\\/de\\\/wp-content\\\/uploads\\\/2026\\\/03\\\/Screenshot-2026-03-16-at-1.06.01-AM.png\",\"contentUrl\":\"https:\\\/\\\/purehivehoney.com\\\/de\\\/wp-content\\\/uploads\\\/2026\\\/03\\\/Screenshot-2026-03-16-at-1.06.01-AM.png\",\"width\":2112,\"height\":1086,\"caption\":\"PureHiveHoney\"},\"image\":{\"@id\":\"https:\\\/\\\/purehivehoney.com\\\/de\\\/#\\\/schema\\\/logo\\\/image\\\/\"}}]}<\/script>\n<!-- \/ Yoast SEO plugin. -->","yoast_head_json":{"title":"OXYMEL: Nat\u00fcrliche Heilkraft aus Honig & Essig (Wunderlebensmittel) - PureHiveHoney","description":"Entdecken Sie hochwertigen Rohhonig, Bio Honig, Manuka Honig und nat\u00fcrliche Bienenprodukte. PureHiveHoney hilft Ihnen dabei, sorgf\u00e4ltig ausgew\u00e4hlte Honigsorten mit nat\u00fcrlicher Qualit\u00e4t und Reinheit zu entdecken.","robots":{"index":"index","follow":"follow","max-snippet":"max-snippet:-1","max-image-preview":"max-image-preview:large","max-video-preview":"max-video-preview:-1"},"canonical":"https:\/\/purehivehoney.com\/de\/product\/oxymel-natuerliche-heilkraft-aus-honig-essig-wunderlebensmittel\/","og_locale":"de_DE","og_type":"article","og_title":"OXYMEL: Nat\u00fcrliche Heilkraft aus Honig & Essig (Wunderlebensmittel) - PureHiveHoney","og_description":"Entdecken Sie hochwertigen Rohhonig, Bio Honig, Manuka Honig und nat\u00fcrliche Bienenprodukte. PureHiveHoney hilft Ihnen dabei, sorgf\u00e4ltig ausgew\u00e4hlte Honigsorten mit nat\u00fcrlicher Qualit\u00e4t und Reinheit zu entdecken.","og_url":"https:\/\/purehivehoney.com\/de\/product\/oxymel-natuerliche-heilkraft-aus-honig-essig-wunderlebensmittel\/","og_site_name":"PureHiveHoney","article_modified_time":"2026-03-16T09:01:14+00:00","og_image":[{"url":"https:\/\/images-na.ssl-images-amazon.com\/images\/G\/01\/x-locale\/common\/grey-pixel.gif","type":"","width":"","height":""}],"twitter_card":"summary_large_image","twitter_misc":{"Gesch\u00e4tzte Lesezeit":"3\u00a0Minuten"},"schema":{"@context":"https:\/\/schema.org","@graph":[{"@type":"WebPage","@id":"https:\/\/purehivehoney.com\/de\/product\/oxymel-natuerliche-heilkraft-aus-honig-essig-wunderlebensmittel\/","url":"https:\/\/purehivehoney.com\/de\/product\/oxymel-natuerliche-heilkraft-aus-honig-essig-wunderlebensmittel\/","name":"OXYMEL: Nat\u00fcrliche Heilkraft aus Honig & Essig (Wunderlebensmittel) - PureHiveHoney","isPartOf":{"@id":"https:\/\/purehivehoney.com\/de\/#website"},"primaryImageOfPage":{"@id":"https:\/\/purehivehoney.com\/de\/product\/oxymel-natuerliche-heilkraft-aus-honig-essig-wunderlebensmittel\/#primaryimage"},"image":{"@id":"https:\/\/purehivehoney.com\/de\/product\/oxymel-natuerliche-heilkraft-aus-honig-essig-wunderlebensmittel\/#primaryimage"},"thumbnailUrl":"https:\/\/purehivehoney.com\/de\/wp-content\/uploads\/2026\/03\/71lKj5bGG8L._SL1500_.jpg","datePublished":"2026-03-16T09:01:12+00:00","dateModified":"2026-03-16T09:01:14+00:00","description":"Entdecken Sie hochwertigen Rohhonig, Bio Honig, Manuka Honig und nat\u00fcrliche Bienenprodukte. PureHiveHoney hilft Ihnen dabei, sorgf\u00e4ltig ausgew\u00e4hlte Honigsorten mit nat\u00fcrlicher Qualit\u00e4t und Reinheit zu entdecken.","breadcrumb":{"@id":"https:\/\/purehivehoney.com\/de\/product\/oxymel-natuerliche-heilkraft-aus-honig-essig-wunderlebensmittel\/#breadcrumb"},"inLanguage":"de","potentialAction":[{"@type":"ReadAction","target":["https:\/\/purehivehoney.com\/de\/product\/oxymel-natuerliche-heilkraft-aus-honig-essig-wunderlebensmittel\/"]}]},{"@type":"ImageObject","inLanguage":"de","@id":"https:\/\/purehivehoney.com\/de\/product\/oxymel-natuerliche-heilkraft-aus-honig-essig-wunderlebensmittel\/#primaryimage","url":"https:\/\/purehivehoney.com\/de\/wp-content\/uploads\/2026\/03\/71lKj5bGG8L._SL1500_.jpg","contentUrl":"https:\/\/purehivehoney.com\/de\/wp-content\/uploads\/2026\/03\/71lKj5bGG8L._SL1500_.jpg","width":978,"height":1500},{"@type":"BreadcrumbList","@id":"https:\/\/purehivehoney.com\/de\/product\/oxymel-natuerliche-heilkraft-aus-honig-essig-wunderlebensmittel\/#breadcrumb","itemListElement":[{"@type":"ListItem","position":1,"name":"Home","item":"https:\/\/purehivehoney.com\/de\/"},{"@type":"ListItem","position":2,"name":"Shop","item":"https:\/\/purehivehoney.com\/de\/shop\/"},{"@type":"ListItem","position":3,"name":"OXYMEL: Nat\u00fcrliche Heilkraft aus H..."}]},{"@type":"WebSite","@id":"https:\/\/purehivehoney.com\/de\/#website","url":"https:\/\/purehivehoney.com\/de\/","name":"PureHiveHoney","description":"Reiner Honig &amp; Bienenprodukte Online | Rohhonig, Bio Honig &amp; Spezialhonig","publisher":{"@id":"https:\/\/purehivehoney.com\/de\/#organization"},"potentialAction":[{"@type":"SearchAction","target":{"@type":"EntryPoint","urlTemplate":"https:\/\/purehivehoney.com\/de\/?s={search_term_string}"},"query-input":{"@type":"PropertyValueSpecification","valueRequired":true,"valueName":"search_term_string"}}],"inLanguage":"de"},{"@type":"Organization","@id":"https:\/\/purehivehoney.com\/de\/#organization","name":"PureHiveHoney","url":"https:\/\/purehivehoney.com\/de\/","logo":{"@type":"ImageObject","inLanguage":"de","@id":"https:\/\/purehivehoney.com\/de\/#\/schema\/logo\/image\/","url":"https:\/\/purehivehoney.com\/de\/wp-content\/uploads\/2026\/03\/Screenshot-2026-03-16-at-1.06.01-AM.png","contentUrl":"https:\/\/purehivehoney.com\/de\/wp-content\/uploads\/2026\/03\/Screenshot-2026-03-16-at-1.06.01-AM.png","width":2112,"height":1086,"caption":"PureHiveHoney"},"image":{"@id":"https:\/\/purehivehoney.com\/de\/#\/schema\/logo\/image\/"}}]}},"_links":{"self":[{"href":"https:\/\/purehivehoney.com\/de\/wp-json\/wp\/v2\/product\/1212","targetHints":{"allow":["GET"]}}],"collection":[{"href":"https:\/\/purehivehoney.com\/de\/wp-json\/wp\/v2\/product"}],"about":[{"href":"https:\/\/purehivehoney.com\/de\/wp-json\/wp\/v2\/types\/product"}],"replies":[{"embeddable":true,"href":"https:\/\/purehivehoney.com\/de\/wp-json\/wp\/v2\/comments?post=1212"}],"wp:featuredmedia":[{"embeddable":true,"href":"https:\/\/purehivehoney.com\/de\/wp-json\/wp\/v2\/media\/1213"}],"wp:attachment":[{"href":"https:\/\/purehivehoney.com\/de\/wp-json\/wp\/v2\/media?parent=1212"}],"wp:term":[{"taxonomy":"store","embeddable":true,"href":"https:\/\/purehivehoney.com\/de\/wp-json\/wp\/v2\/store?post=1212"},{"taxonomy":"product_brand","embeddable":true,"href":"https:\/\/purehivehoney.com\/de\/wp-json\/wp\/v2\/product_brand?post=1212"},{"taxonomy":"product_cat","embeddable":true,"href":"https:\/\/purehivehoney.com\/de\/wp-json\/wp\/v2\/product_cat?post=1212"},{"taxonomy":"product_tag","embeddable":true,"href":"https:\/\/purehivehoney.com\/de\/wp-json\/wp\/v2\/product_tag?post=1212"}],"curies":[{"name":"wp","href":"https:\/\/api.w.org\/{rel}","templated":true}]}}