{"id":1189,"date":"2026-03-16T08:48:28","date_gmt":"2026-03-16T08:48:28","guid":{"rendered":"https:\/\/purehivehoney.com\/de\/product\/ounona-1-set-ceramic-honey-pot-with-wooden-spoon-practical-and-stylish-storage-pot-for-honey-lovers-versatile\/"},"modified":"2026-03-16T08:48:47","modified_gmt":"2026-03-16T08:48:47","slug":"ounona-1-set-ceramic-honey-pot-with-wooden-spoon-practical-and-stylish-storage-pot-for-honey-lovers-versatile","status":"publish","type":"product","link":"https:\/\/purehivehoney.com\/de\/product\/ounona-1-set-ceramic-honey-pot-with-wooden-spoon-practical-and-stylish-storage-pot-for-honey-lovers-versatile\/","title":{"rendered":"OUNONA 1 Set Ceramic Honey Pot with..."},"content":{"rendered":"<p>                                             Product Description   <\/p>\n<p>                                                  <img decoding=\"async\" alt=\"8\" src=\"https:\/\/images-na.ssl-images-amazon.com\/images\/G\/01\/x-locale\/common\/grey-pixel.gif\" class=\"a-lazy-loaded\" data-src=\"https:\/\/m.media-amazon.com\/images\/S\/aplus-media-library-service-media\/c095b53f-a8c7-46d5-8f99-b9eb956f25bf.__CR1002,0,300,300_PT0_SX300_V1___.jpg\"><img decoding=\"async\" alt=\"8\" src=\"https:\/\/m.media-amazon.com\/images\/S\/aplus-media-library-service-media\/c095b53f-a8c7-46d5-8f99-b9eb956f25bf.__CR1002,0,300,300_PT0_SX300_V1___.jpg\">  <\/p>\n<h3 class=\"a-spacing-mini\"> OUNONA <\/h3>\n<p>  1 Satz Keramik Honigtopf mit Holzl\u00f6ffel Praktischer und Stilvoller Aufbewahrungstopf f\u00fcr Honigliebhaber Vielseitig Einsetzbar <\/p>\n<h3 class=\"a-spacing-small\">   <\/h3>\n<p class=\"apm-text-center\">\n                                                      <img decoding=\"async\" alt=\"19\" src=\"https:\/\/images-na.ssl-images-amazon.com\/images\/G\/01\/x-locale\/common\/grey-pixel.gif\" class=\"a-spacing-mini a-lazy-loaded\" data-src=\"https:\/\/m.media-amazon.com\/images\/S\/aplus-media-library-service-media\/de4e291e-3f9c-4d03-8e06-6fd8070a48d7.__CR1002,0,300,300_PT0_SX300_V1___.jpg\"><img decoding=\"async\" alt=\"19\" src=\"https:\/\/m.media-amazon.com\/images\/S\/aplus-media-library-service-media\/de4e291e-3f9c-4d03-8e06-6fd8070a48d7.__CR1002,0,300,300_PT0_SX300_V1___.jpg\">  <\/p>\n<p> Honigtopf und -sch\u00f6pfl\u00f6ffel \u2013 diese keramik ist aus stabilem und robustem material gefertigt, kann lange zeit in der k\u00fcche verwendet werden, honighalter-spender <\/p>\n<p class=\"apm-text-center\">\n                                                      <img decoding=\"async\" alt=\"16\" src=\"https:\/\/images-na.ssl-images-amazon.com\/images\/G\/01\/x-locale\/common\/grey-pixel.gif\" class=\"a-spacing-mini a-lazy-loaded\" data-src=\"https:\/\/m.media-amazon.com\/images\/S\/aplus-media-library-service-media\/e40aa05d-4296-4406-80af-00adbc924c08.__CR1002,0,300,300_PT0_SX300_V1___.jpg\"><img decoding=\"async\" alt=\"16\" src=\"https:\/\/m.media-amazon.com\/images\/S\/aplus-media-library-service-media\/e40aa05d-4296-4406-80af-00adbc924c08.__CR1002,0,300,300_PT0_SX300_V1___.jpg\">  <\/p>\n<p> Honigbeh\u00e4lterspender &#8211; das honig-keramik-vorratsglas eignet sich gut zur aufbewahrung von honig, kann als tee-vorratsdose, bonbonglas und mehr verwendet werden, honiggl\u00e4ser mit sch\u00f6pfl\u00f6ffel <\/p>\n<p class=\"apm-text-center\">\n                                                      <img decoding=\"async\" alt=\"19\" src=\"https:\/\/images-na.ssl-images-amazon.com\/images\/G\/01\/x-locale\/common\/grey-pixel.gif\" class=\"a-spacing-mini a-lazy-loaded\" data-src=\"https:\/\/m.media-amazon.com\/images\/S\/aplus-media-library-service-media\/b125456d-523e-4a0c-a1a5-2460ad8e4a89.__CR1002,0,300,300_PT0_SX300_V1___.jpg\"><img decoding=\"async\" alt=\"19\" src=\"https:\/\/m.media-amazon.com\/images\/S\/aplus-media-library-service-media\/b125456d-523e-4a0c-a1a5-2460ad8e4a89.__CR1002,0,300,300_PT0_SX300_V1___.jpg\">  <\/p>\n<p> Honigflasche \u2013 wird mit einem holzl\u00f6ffel geliefert, der ihnen hilft, honig zu mischen und zu verteilen, sehr n\u00fctzlich und praktisch, honigbeh\u00e4lter <\/p>\n<h3 class=\"a-spacing-mini\">   <\/h3>\n<p>                                          <img decoding=\"async\" alt=\"1\" src=\"https:\/\/images-na.ssl-images-amazon.com\/images\/G\/01\/x-locale\/common\/grey-pixel.gif\" class=\"a-spacing-base a-lazy-loaded\" data-src=\"https:\/\/m.media-amazon.com\/images\/S\/aplus-media-library-service-media\/adc2fe24-cb9d-4402-8454-3c7c26886b38.__CR1002,0,970,600_PT0_SX970_V1___.jpg\"><img decoding=\"async\" alt=\"1\" src=\"https:\/\/m.media-amazon.com\/images\/S\/aplus-media-library-service-media\/adc2fe24-cb9d-4402-8454-3c7c26886b38.__CR1002,0,970,600_PT0_SX970_V1___.jpg\">                                         <\/p>\n<h3 class=\"a-spacing-mini\">   <\/h3>\n<p class=\"a-spacing-base\">\n<p>Honey pot and ladle &#8211; This ceramic is made of sturdy and durable material, can be used for a long time in the kitchen, honey holder dispenser<br \/>Honey container dispenser &#8211; the honey ceramic storage jar is good for storing honey, can be used as a tea storage jar, candy jar and more, honey jars with ladle<br \/>Honey Bottle &#8211; Comes with a wooden spoon that helps you mix and distribute honey, very useful and practical, honey container<br \/>Honey mixing stick &#8211; To keep food fresh for longer, this ceramic honey pot is safe and practical for storage and as a honey container<br \/>Honey spoon &#8211; the lid is equipped with a spoon that allows you to dose honey in a clean and convenient way, syrup dispenser honey pot<\/p>\n\n","protected":false},"excerpt":{"rendered":"<p>Product Description OUNONA 1 Satz Keramik Honigtopf mit Holzl\u00f6ffel Praktischer und Stilvoller Aufbewahrungstopf f\u00fcr Honigliebhaber Vielseitig Einsetzbar Honigtopf und -sch\u00f6pfl\u00f6ffel \u2013 diese keramik ist aus stabilem und robustem material gefertigt, kann lange zeit in der k\u00fcche verwendet werden, honighalter-spender Honigbeh\u00e4lterspender &#8211; das honig-keramik-vorratsglas eignet sich gut zur aufbewahrung von honig, kann als tee-vorratsdose, bonbonglas und [&hellip;]<\/p>\n","protected":false},"featured_media":1190,"comment_status":"open","ping_status":"closed","template":"","meta":{"_aipt_faq_data":""},"store":[],"product_brand":[257],"product_cat":[70],"product_tag":[131],"class_list":{"0":"post-1189","1":"product","2":"type-product","3":"status-publish","4":"has-post-thumbnail","6":"product_brand-ounona","7":"product_cat-premium-honig-geschenke","8":"product_tag-premium-honig-geschenke-mit-honigloeffel","10":"first","11":"instock","12":"shipping-taxable","13":"product-type-external"},"yoast_head":"<!-- This site is optimized with the Yoast SEO plugin v27.4 - https:\/\/yoast.com\/product\/yoast-seo-wordpress\/ -->\n<title>OUNONA 1 Set Ceramic Honey Pot with Wooden Spoon Practical and Stylish Storage Pot for Honey Lovers Versatile - PureHiveHoney<\/title>\n<meta name=\"description\" content=\"Entdecken Sie hochwertigen Rohhonig, Bio Honig, Manuka Honig und nat\u00fcrliche Bienenprodukte. PureHiveHoney hilft Ihnen dabei, sorgf\u00e4ltig ausgew\u00e4hlte Honigsorten mit nat\u00fcrlicher Qualit\u00e4t und Reinheit zu entdecken.\" \/>\n<meta name=\"robots\" content=\"index, follow, max-snippet:-1, max-image-preview:large, max-video-preview:-1\" \/>\n<link rel=\"canonical\" href=\"https:\/\/purehivehoney.com\/de\/product\/ounona-1-set-ceramic-honey-pot-with-wooden-spoon-practical-and-stylish-storage-pot-for-honey-lovers-versatile\/\" \/>\n<meta property=\"og:locale\" content=\"de_DE\" \/>\n<meta property=\"og:type\" content=\"article\" \/>\n<meta property=\"og:title\" content=\"OUNONA 1 Set Ceramic Honey Pot with Wooden Spoon Practical and Stylish Storage Pot for Honey Lovers Versatile - PureHiveHoney\" \/>\n<meta property=\"og:description\" content=\"Entdecken Sie hochwertigen Rohhonig, Bio Honig, Manuka Honig und nat\u00fcrliche Bienenprodukte. PureHiveHoney hilft Ihnen dabei, sorgf\u00e4ltig ausgew\u00e4hlte Honigsorten mit nat\u00fcrlicher Qualit\u00e4t und Reinheit zu entdecken.\" \/>\n<meta property=\"og:url\" content=\"https:\/\/purehivehoney.com\/de\/product\/ounona-1-set-ceramic-honey-pot-with-wooden-spoon-practical-and-stylish-storage-pot-for-honey-lovers-versatile\/\" \/>\n<meta property=\"og:site_name\" content=\"PureHiveHoney\" \/>\n<meta property=\"article:modified_time\" content=\"2026-03-16T08:48:47+00:00\" \/>\n<meta property=\"og:image\" content=\"https:\/\/images-na.ssl-images-amazon.com\/images\/G\/01\/x-locale\/common\/grey-pixel.gif\" \/>\n<meta name=\"twitter:card\" content=\"summary_large_image\" \/>\n<meta name=\"twitter:label1\" content=\"Gesch\u00e4tzte Lesezeit\" \/>\n\t<meta name=\"twitter:data1\" content=\"1\u00a0Minute\" \/>\n<script type=\"application\/ld+json\" class=\"yoast-schema-graph\">{\"@context\":\"https:\\\/\\\/schema.org\",\"@graph\":[{\"@type\":\"WebPage\",\"@id\":\"https:\\\/\\\/purehivehoney.com\\\/de\\\/product\\\/ounona-1-set-ceramic-honey-pot-with-wooden-spoon-practical-and-stylish-storage-pot-for-honey-lovers-versatile\\\/\",\"url\":\"https:\\\/\\\/purehivehoney.com\\\/de\\\/product\\\/ounona-1-set-ceramic-honey-pot-with-wooden-spoon-practical-and-stylish-storage-pot-for-honey-lovers-versatile\\\/\",\"name\":\"OUNONA 1 Set Ceramic Honey Pot with Wooden Spoon Practical and Stylish Storage Pot for Honey Lovers Versatile - PureHiveHoney\",\"isPartOf\":{\"@id\":\"https:\\\/\\\/purehivehoney.com\\\/de\\\/#website\"},\"primaryImageOfPage\":{\"@id\":\"https:\\\/\\\/purehivehoney.com\\\/de\\\/product\\\/ounona-1-set-ceramic-honey-pot-with-wooden-spoon-practical-and-stylish-storage-pot-for-honey-lovers-versatile\\\/#primaryimage\"},\"image\":{\"@id\":\"https:\\\/\\\/purehivehoney.com\\\/de\\\/product\\\/ounona-1-set-ceramic-honey-pot-with-wooden-spoon-practical-and-stylish-storage-pot-for-honey-lovers-versatile\\\/#primaryimage\"},\"thumbnailUrl\":\"https:\\\/\\\/purehivehoney.com\\\/de\\\/wp-content\\\/uploads\\\/2026\\\/03\\\/51FGWtaSEfL._AC_SL1266_.jpg\",\"datePublished\":\"2026-03-16T08:48:28+00:00\",\"dateModified\":\"2026-03-16T08:48:47+00:00\",\"description\":\"Entdecken Sie hochwertigen Rohhonig, Bio Honig, Manuka Honig und nat\u00fcrliche Bienenprodukte. PureHiveHoney hilft Ihnen dabei, sorgf\u00e4ltig ausgew\u00e4hlte Honigsorten mit nat\u00fcrlicher Qualit\u00e4t und Reinheit zu entdecken.\",\"breadcrumb\":{\"@id\":\"https:\\\/\\\/purehivehoney.com\\\/de\\\/product\\\/ounona-1-set-ceramic-honey-pot-with-wooden-spoon-practical-and-stylish-storage-pot-for-honey-lovers-versatile\\\/#breadcrumb\"},\"inLanguage\":\"de\",\"potentialAction\":[{\"@type\":\"ReadAction\",\"target\":[\"https:\\\/\\\/purehivehoney.com\\\/de\\\/product\\\/ounona-1-set-ceramic-honey-pot-with-wooden-spoon-practical-and-stylish-storage-pot-for-honey-lovers-versatile\\\/\"]}]},{\"@type\":\"ImageObject\",\"inLanguage\":\"de\",\"@id\":\"https:\\\/\\\/purehivehoney.com\\\/de\\\/product\\\/ounona-1-set-ceramic-honey-pot-with-wooden-spoon-practical-and-stylish-storage-pot-for-honey-lovers-versatile\\\/#primaryimage\",\"url\":\"https:\\\/\\\/purehivehoney.com\\\/de\\\/wp-content\\\/uploads\\\/2026\\\/03\\\/51FGWtaSEfL._AC_SL1266_.jpg\",\"contentUrl\":\"https:\\\/\\\/purehivehoney.com\\\/de\\\/wp-content\\\/uploads\\\/2026\\\/03\\\/51FGWtaSEfL._AC_SL1266_.jpg\",\"width\":1089,\"height\":1122},{\"@type\":\"BreadcrumbList\",\"@id\":\"https:\\\/\\\/purehivehoney.com\\\/de\\\/product\\\/ounona-1-set-ceramic-honey-pot-with-wooden-spoon-practical-and-stylish-storage-pot-for-honey-lovers-versatile\\\/#breadcrumb\",\"itemListElement\":[{\"@type\":\"ListItem\",\"position\":1,\"name\":\"Home\",\"item\":\"https:\\\/\\\/purehivehoney.com\\\/de\\\/\"},{\"@type\":\"ListItem\",\"position\":2,\"name\":\"Shop\",\"item\":\"https:\\\/\\\/purehivehoney.com\\\/de\\\/shop\\\/\"},{\"@type\":\"ListItem\",\"position\":3,\"name\":\"OUNONA 1 Set Ceramic Honey Pot with...\"}]},{\"@type\":\"WebSite\",\"@id\":\"https:\\\/\\\/purehivehoney.com\\\/de\\\/#website\",\"url\":\"https:\\\/\\\/purehivehoney.com\\\/de\\\/\",\"name\":\"PureHiveHoney\",\"description\":\"Reiner Honig &amp; Bienenprodukte Online | Rohhonig, Bio Honig &amp; Spezialhonig\",\"publisher\":{\"@id\":\"https:\\\/\\\/purehivehoney.com\\\/de\\\/#organization\"},\"potentialAction\":[{\"@type\":\"SearchAction\",\"target\":{\"@type\":\"EntryPoint\",\"urlTemplate\":\"https:\\\/\\\/purehivehoney.com\\\/de\\\/?s={search_term_string}\"},\"query-input\":{\"@type\":\"PropertyValueSpecification\",\"valueRequired\":true,\"valueName\":\"search_term_string\"}}],\"inLanguage\":\"de\"},{\"@type\":\"Organization\",\"@id\":\"https:\\\/\\\/purehivehoney.com\\\/de\\\/#organization\",\"name\":\"PureHiveHoney\",\"url\":\"https:\\\/\\\/purehivehoney.com\\\/de\\\/\",\"logo\":{\"@type\":\"ImageObject\",\"inLanguage\":\"de\",\"@id\":\"https:\\\/\\\/purehivehoney.com\\\/de\\\/#\\\/schema\\\/logo\\\/image\\\/\",\"url\":\"https:\\\/\\\/purehivehoney.com\\\/de\\\/wp-content\\\/uploads\\\/2026\\\/03\\\/Screenshot-2026-03-16-at-1.06.01-AM.png\",\"contentUrl\":\"https:\\\/\\\/purehivehoney.com\\\/de\\\/wp-content\\\/uploads\\\/2026\\\/03\\\/Screenshot-2026-03-16-at-1.06.01-AM.png\",\"width\":2112,\"height\":1086,\"caption\":\"PureHiveHoney\"},\"image\":{\"@id\":\"https:\\\/\\\/purehivehoney.com\\\/de\\\/#\\\/schema\\\/logo\\\/image\\\/\"}}]}<\/script>\n<!-- \/ Yoast SEO plugin. -->","yoast_head_json":{"title":"OUNONA 1 Set Ceramic Honey Pot with Wooden Spoon Practical and Stylish Storage Pot for Honey Lovers Versatile - PureHiveHoney","description":"Entdecken Sie hochwertigen Rohhonig, Bio Honig, Manuka Honig und nat\u00fcrliche Bienenprodukte. PureHiveHoney hilft Ihnen dabei, sorgf\u00e4ltig ausgew\u00e4hlte Honigsorten mit nat\u00fcrlicher Qualit\u00e4t und Reinheit zu entdecken.","robots":{"index":"index","follow":"follow","max-snippet":"max-snippet:-1","max-image-preview":"max-image-preview:large","max-video-preview":"max-video-preview:-1"},"canonical":"https:\/\/purehivehoney.com\/de\/product\/ounona-1-set-ceramic-honey-pot-with-wooden-spoon-practical-and-stylish-storage-pot-for-honey-lovers-versatile\/","og_locale":"de_DE","og_type":"article","og_title":"OUNONA 1 Set Ceramic Honey Pot with Wooden Spoon Practical and Stylish Storage Pot for Honey Lovers Versatile - PureHiveHoney","og_description":"Entdecken Sie hochwertigen Rohhonig, Bio Honig, Manuka Honig und nat\u00fcrliche Bienenprodukte. PureHiveHoney hilft Ihnen dabei, sorgf\u00e4ltig ausgew\u00e4hlte Honigsorten mit nat\u00fcrlicher Qualit\u00e4t und Reinheit zu entdecken.","og_url":"https:\/\/purehivehoney.com\/de\/product\/ounona-1-set-ceramic-honey-pot-with-wooden-spoon-practical-and-stylish-storage-pot-for-honey-lovers-versatile\/","og_site_name":"PureHiveHoney","article_modified_time":"2026-03-16T08:48:47+00:00","og_image":[{"url":"https:\/\/images-na.ssl-images-amazon.com\/images\/G\/01\/x-locale\/common\/grey-pixel.gif","type":"","width":"","height":""}],"twitter_card":"summary_large_image","twitter_misc":{"Gesch\u00e4tzte Lesezeit":"1\u00a0Minute"},"schema":{"@context":"https:\/\/schema.org","@graph":[{"@type":"WebPage","@id":"https:\/\/purehivehoney.com\/de\/product\/ounona-1-set-ceramic-honey-pot-with-wooden-spoon-practical-and-stylish-storage-pot-for-honey-lovers-versatile\/","url":"https:\/\/purehivehoney.com\/de\/product\/ounona-1-set-ceramic-honey-pot-with-wooden-spoon-practical-and-stylish-storage-pot-for-honey-lovers-versatile\/","name":"OUNONA 1 Set Ceramic Honey Pot with Wooden Spoon Practical and Stylish Storage Pot for Honey Lovers Versatile - PureHiveHoney","isPartOf":{"@id":"https:\/\/purehivehoney.com\/de\/#website"},"primaryImageOfPage":{"@id":"https:\/\/purehivehoney.com\/de\/product\/ounona-1-set-ceramic-honey-pot-with-wooden-spoon-practical-and-stylish-storage-pot-for-honey-lovers-versatile\/#primaryimage"},"image":{"@id":"https:\/\/purehivehoney.com\/de\/product\/ounona-1-set-ceramic-honey-pot-with-wooden-spoon-practical-and-stylish-storage-pot-for-honey-lovers-versatile\/#primaryimage"},"thumbnailUrl":"https:\/\/purehivehoney.com\/de\/wp-content\/uploads\/2026\/03\/51FGWtaSEfL._AC_SL1266_.jpg","datePublished":"2026-03-16T08:48:28+00:00","dateModified":"2026-03-16T08:48:47+00:00","description":"Entdecken Sie hochwertigen Rohhonig, Bio Honig, Manuka Honig und nat\u00fcrliche Bienenprodukte. PureHiveHoney hilft Ihnen dabei, sorgf\u00e4ltig ausgew\u00e4hlte Honigsorten mit nat\u00fcrlicher Qualit\u00e4t und Reinheit zu entdecken.","breadcrumb":{"@id":"https:\/\/purehivehoney.com\/de\/product\/ounona-1-set-ceramic-honey-pot-with-wooden-spoon-practical-and-stylish-storage-pot-for-honey-lovers-versatile\/#breadcrumb"},"inLanguage":"de","potentialAction":[{"@type":"ReadAction","target":["https:\/\/purehivehoney.com\/de\/product\/ounona-1-set-ceramic-honey-pot-with-wooden-spoon-practical-and-stylish-storage-pot-for-honey-lovers-versatile\/"]}]},{"@type":"ImageObject","inLanguage":"de","@id":"https:\/\/purehivehoney.com\/de\/product\/ounona-1-set-ceramic-honey-pot-with-wooden-spoon-practical-and-stylish-storage-pot-for-honey-lovers-versatile\/#primaryimage","url":"https:\/\/purehivehoney.com\/de\/wp-content\/uploads\/2026\/03\/51FGWtaSEfL._AC_SL1266_.jpg","contentUrl":"https:\/\/purehivehoney.com\/de\/wp-content\/uploads\/2026\/03\/51FGWtaSEfL._AC_SL1266_.jpg","width":1089,"height":1122},{"@type":"BreadcrumbList","@id":"https:\/\/purehivehoney.com\/de\/product\/ounona-1-set-ceramic-honey-pot-with-wooden-spoon-practical-and-stylish-storage-pot-for-honey-lovers-versatile\/#breadcrumb","itemListElement":[{"@type":"ListItem","position":1,"name":"Home","item":"https:\/\/purehivehoney.com\/de\/"},{"@type":"ListItem","position":2,"name":"Shop","item":"https:\/\/purehivehoney.com\/de\/shop\/"},{"@type":"ListItem","position":3,"name":"OUNONA 1 Set Ceramic Honey Pot with..."}]},{"@type":"WebSite","@id":"https:\/\/purehivehoney.com\/de\/#website","url":"https:\/\/purehivehoney.com\/de\/","name":"PureHiveHoney","description":"Reiner Honig &amp; Bienenprodukte Online | Rohhonig, Bio Honig &amp; Spezialhonig","publisher":{"@id":"https:\/\/purehivehoney.com\/de\/#organization"},"potentialAction":[{"@type":"SearchAction","target":{"@type":"EntryPoint","urlTemplate":"https:\/\/purehivehoney.com\/de\/?s={search_term_string}"},"query-input":{"@type":"PropertyValueSpecification","valueRequired":true,"valueName":"search_term_string"}}],"inLanguage":"de"},{"@type":"Organization","@id":"https:\/\/purehivehoney.com\/de\/#organization","name":"PureHiveHoney","url":"https:\/\/purehivehoney.com\/de\/","logo":{"@type":"ImageObject","inLanguage":"de","@id":"https:\/\/purehivehoney.com\/de\/#\/schema\/logo\/image\/","url":"https:\/\/purehivehoney.com\/de\/wp-content\/uploads\/2026\/03\/Screenshot-2026-03-16-at-1.06.01-AM.png","contentUrl":"https:\/\/purehivehoney.com\/de\/wp-content\/uploads\/2026\/03\/Screenshot-2026-03-16-at-1.06.01-AM.png","width":2112,"height":1086,"caption":"PureHiveHoney"},"image":{"@id":"https:\/\/purehivehoney.com\/de\/#\/schema\/logo\/image\/"}}]}},"_links":{"self":[{"href":"https:\/\/purehivehoney.com\/de\/wp-json\/wp\/v2\/product\/1189","targetHints":{"allow":["GET"]}}],"collection":[{"href":"https:\/\/purehivehoney.com\/de\/wp-json\/wp\/v2\/product"}],"about":[{"href":"https:\/\/purehivehoney.com\/de\/wp-json\/wp\/v2\/types\/product"}],"replies":[{"embeddable":true,"href":"https:\/\/purehivehoney.com\/de\/wp-json\/wp\/v2\/comments?post=1189"}],"wp:featuredmedia":[{"embeddable":true,"href":"https:\/\/purehivehoney.com\/de\/wp-json\/wp\/v2\/media\/1190"}],"wp:attachment":[{"href":"https:\/\/purehivehoney.com\/de\/wp-json\/wp\/v2\/media?parent=1189"}],"wp:term":[{"taxonomy":"store","embeddable":true,"href":"https:\/\/purehivehoney.com\/de\/wp-json\/wp\/v2\/store?post=1189"},{"taxonomy":"product_brand","embeddable":true,"href":"https:\/\/purehivehoney.com\/de\/wp-json\/wp\/v2\/product_brand?post=1189"},{"taxonomy":"product_cat","embeddable":true,"href":"https:\/\/purehivehoney.com\/de\/wp-json\/wp\/v2\/product_cat?post=1189"},{"taxonomy":"product_tag","embeddable":true,"href":"https:\/\/purehivehoney.com\/de\/wp-json\/wp\/v2\/product_tag?post=1189"}],"curies":[{"name":"wp","href":"https:\/\/api.w.org\/{rel}","templated":true}]}}