{"id":1179,"date":"2026-03-16T08:45:28","date_gmt":"2026-03-16T08:45:28","guid":{"rendered":"https:\/\/purehivehoney.com\/de\/product\/honigloeffel-aus-304-edelstahl-satz-mit-spiralfoermigem-ruehrloeffel-glatt-verarbeitet-und-leicht-zu-reinigen-fuer-kaffeehaeuser-und-familienbars-wiederverwendbar\/"},"modified":"2026-03-16T08:45:47","modified_gmt":"2026-03-16T08:45:47","slug":"honigloeffel-aus-304-edelstahl-satz-mit-spiralfoermigem-ruehrloeffel-glatt-verarbeitet-und-leicht-zu-reinigen-fuer-kaffeehaeuser-und-familienbars-wiederverwendbar","status":"publish","type":"product","link":"https:\/\/purehivehoney.com\/de\/product\/honigloeffel-aus-304-edelstahl-satz-mit-spiralfoermigem-ruehrloeffel-glatt-verarbeitet-und-leicht-zu-reinigen-fuer-kaffeehaeuser-und-familienbars-wiederverwendbar\/","title":{"rendered":"Honigl\u00f6ffel aus 304 Edelstahl Satz..."},"content":{"rendered":"<p>    <span class=\"a-text-bold\">Paketliste<\/span><span><br \/> 1 L\u00f6ffel, 1 R\u00fchrl\u00f6ffel<br \/><\/span><span class=\"a-text-bold\">Eigenschaften<\/span><span><br \/> Produktinformation: Kaffeel\u00f6ffel<br \/> -Gr\u00f6\u00dfe: 14,60 x 2,00 x 1,50 cm \/ 5,74 x 0,79 x 0,59 Zoll (R\u00fchrstab)<br \/> -Farbe: Silber<br \/> -Material: Edelstahl 304<br \/> -Gr\u00f6\u00dfe: 13,90 x 3,35 x 0,80 cm \/ 5,46 x 1,32 x 0,31 Zoll (L\u00f6ffel)<br \/> Der L\u00f6ffel ist glatt, kratzfest, gl\u00e4nzend und fein gearbeitet \u2013 ein sch\u00f6ner und praktischer R\u00fchrl\u00f6ffel.<br \/> &#8211; Geeignet f\u00fcr Cocktailpartys, Bars, Empf\u00e4nge, Bubble-Tea-L\u00e4den und andere Anl\u00e4sse, auch geeignet f\u00fcr hausgemachte Cocktails und Saftgetr\u00e4nke; Honigl\u00f6ffel f\u00fcr Tee.<br \/> Der Griff liegt angenehm in der Hand, und der verl\u00e4ngerte Griff erleichtert das Herausnehmen der Latte-L\u00f6ffel.<br \/> &#8211; Vielseitig einsetzbar und geeignet f\u00fcr alle Arten von Kaffee, Honig, Getr\u00e4nken und Kuchen, Marmelade, Honigl\u00f6ffel.<br \/> &#8211; Dank seiner hochglanzpolierten, glatten Oberfl\u00e4che wird der neuartige R\u00fchrl\u00f6ffel Ihren Mund nicht verletzen.<br \/><\/span><span class=\"a-text-bold\">Wareninformationen<\/span><span><br \/> Marmeladenl\u00f6ffel. Geeignet f\u00fcr Zuhause, B\u00fcro, Caf\u00e9, Bar, Restaurant und mehr. Honigl\u00f6ffel. Suchen Sie noch einen praktischen und handlichen R\u00fchrl\u00f6ffel? Dann ist dieser Edelstahll\u00f6ffel genau das Richtige f\u00fcr Sie. R\u00fchrl\u00f6ffel. Das Produkt eignet sich zum Umr\u00fchren von Marmelade und Kaffee in Tassen.<\/span>    <br \/>Kaffeer\u00fchrl\u00f6ffel \u2013 zeichnet sich durch hohe verschlei\u00df- und bruchfestigkeit aus, ist sehr praktisch und hat eine hervorragende textur; ideal zum kaffeer\u00fchren<br \/>Kaffeer\u00fchrl\u00f6ffel \u2013 der mehrzweckl\u00f6ffel eignet sich f\u00fcr den gebrauch zu hause, in caf\u00e9s, konditoreien, hotels usw<br \/>Honigl\u00f6ffel aus edelstahl \u2013 das produkt hat eine glatte oberfl\u00e4che und ist leicht zu reinigen. perfekt f\u00fcr bars, caf\u00e9s, familienbars und als k\u00fchll\u00f6ffel<br \/>Kaffeer\u00fchrl\u00f6ffel \u2013 der l\u00f6ffel ist glatt, kratzfest, gl\u00e4nzend und fein, sch\u00f6n und praktisch; marmeladenl\u00f6ffel<br \/>Zuckerl\u00f6ffel \u2013 aus edelstahl, der sich durch stabilit\u00e4t und langlebigkeit auszeichnet, sehr hart und glatt in der anwendung ist; teel\u00f6ffel<\/p>\n\n","protected":false},"excerpt":{"rendered":"<p>Paketliste 1 L\u00f6ffel, 1 R\u00fchrl\u00f6ffelEigenschaften Produktinformation: Kaffeel\u00f6ffel -Gr\u00f6\u00dfe: 14,60 x 2,00 x 1,50 cm \/ 5,74 x 0,79 x 0,59 Zoll (R\u00fchrstab) -Farbe: Silber -Material: Edelstahl 304 -Gr\u00f6\u00dfe: 13,90 x 3,35 x 0,80 cm \/ 5,46 x 1,32 x 0,31 Zoll (L\u00f6ffel) Der L\u00f6ffel ist glatt, kratzfest, gl\u00e4nzend und fein gearbeitet \u2013 ein sch\u00f6ner und [&hellip;]<\/p>\n","protected":false},"featured_media":1180,"comment_status":"open","ping_status":"closed","template":"","meta":{"_aipt_faq_data":""},"store":[],"product_brand":[256],"product_cat":[73],"product_tag":[211],"class_list":{"0":"post-1179","1":"product","2":"type-product","3":"status-publish","4":"has-post-thumbnail","6":"product_brand-healeep","7":"product_cat-honigloffel","8":"product_tag-honigloeffel-spiralfoermig","10":"first","11":"instock","12":"shipping-taxable","13":"product-type-external"},"yoast_head":"<!-- This site is optimized with the Yoast SEO plugin v27.4 - https:\/\/yoast.com\/product\/yoast-seo-wordpress\/ -->\n<title>Honigl\u00f6ffel aus 304 Edelstahl Satz mit Spiralf\u00f6rmigem R\u00fchrl\u00f6ffel Glatt Verarbeitet und Leicht zu Reinigen f\u00fcr Kaffeeh\u00e4user und Familienbars Wiederverwendbar - PureHiveHoney<\/title>\n<meta name=\"description\" content=\"Entdecken Sie hochwertigen Rohhonig, Bio Honig, Manuka Honig und nat\u00fcrliche Bienenprodukte. PureHiveHoney hilft Ihnen dabei, sorgf\u00e4ltig ausgew\u00e4hlte Honigsorten mit nat\u00fcrlicher Qualit\u00e4t und Reinheit zu entdecken.\" \/>\n<meta name=\"robots\" content=\"index, follow, max-snippet:-1, max-image-preview:large, max-video-preview:-1\" \/>\n<link rel=\"canonical\" href=\"https:\/\/purehivehoney.com\/de\/product\/honigloeffel-aus-304-edelstahl-satz-mit-spiralfoermigem-ruehrloeffel-glatt-verarbeitet-und-leicht-zu-reinigen-fuer-kaffeehaeuser-und-familienbars-wiederverwendbar\/\" \/>\n<meta property=\"og:locale\" content=\"de_DE\" \/>\n<meta property=\"og:type\" content=\"article\" \/>\n<meta property=\"og:title\" content=\"Honigl\u00f6ffel aus 304 Edelstahl Satz mit Spiralf\u00f6rmigem R\u00fchrl\u00f6ffel Glatt Verarbeitet und Leicht zu Reinigen f\u00fcr Kaffeeh\u00e4user und Familienbars Wiederverwendbar - PureHiveHoney\" \/>\n<meta property=\"og:description\" content=\"Entdecken Sie hochwertigen Rohhonig, Bio Honig, Manuka Honig und nat\u00fcrliche Bienenprodukte. PureHiveHoney hilft Ihnen dabei, sorgf\u00e4ltig ausgew\u00e4hlte Honigsorten mit nat\u00fcrlicher Qualit\u00e4t und Reinheit zu entdecken.\" \/>\n<meta property=\"og:url\" content=\"https:\/\/purehivehoney.com\/de\/product\/honigloeffel-aus-304-edelstahl-satz-mit-spiralfoermigem-ruehrloeffel-glatt-verarbeitet-und-leicht-zu-reinigen-fuer-kaffeehaeuser-und-familienbars-wiederverwendbar\/\" \/>\n<meta property=\"og:site_name\" content=\"PureHiveHoney\" \/>\n<meta property=\"article:modified_time\" content=\"2026-03-16T08:45:47+00:00\" \/>\n<meta name=\"twitter:card\" content=\"summary_large_image\" \/>\n<meta name=\"twitter:label1\" content=\"Gesch\u00e4tzte Lesezeit\" \/>\n\t<meta name=\"twitter:data1\" content=\"1\u00a0Minute\" \/>\n<script type=\"application\/ld+json\" class=\"yoast-schema-graph\">{\"@context\":\"https:\\\/\\\/schema.org\",\"@graph\":[{\"@type\":\"WebPage\",\"@id\":\"https:\\\/\\\/purehivehoney.com\\\/de\\\/product\\\/honigloeffel-aus-304-edelstahl-satz-mit-spiralfoermigem-ruehrloeffel-glatt-verarbeitet-und-leicht-zu-reinigen-fuer-kaffeehaeuser-und-familienbars-wiederverwendbar\\\/\",\"url\":\"https:\\\/\\\/purehivehoney.com\\\/de\\\/product\\\/honigloeffel-aus-304-edelstahl-satz-mit-spiralfoermigem-ruehrloeffel-glatt-verarbeitet-und-leicht-zu-reinigen-fuer-kaffeehaeuser-und-familienbars-wiederverwendbar\\\/\",\"name\":\"Honigl\u00f6ffel aus 304 Edelstahl Satz mit Spiralf\u00f6rmigem R\u00fchrl\u00f6ffel Glatt Verarbeitet und Leicht zu Reinigen f\u00fcr Kaffeeh\u00e4user und Familienbars Wiederverwendbar - PureHiveHoney\",\"isPartOf\":{\"@id\":\"https:\\\/\\\/purehivehoney.com\\\/de\\\/#website\"},\"primaryImageOfPage\":{\"@id\":\"https:\\\/\\\/purehivehoney.com\\\/de\\\/product\\\/honigloeffel-aus-304-edelstahl-satz-mit-spiralfoermigem-ruehrloeffel-glatt-verarbeitet-und-leicht-zu-reinigen-fuer-kaffeehaeuser-und-familienbars-wiederverwendbar\\\/#primaryimage\"},\"image\":{\"@id\":\"https:\\\/\\\/purehivehoney.com\\\/de\\\/product\\\/honigloeffel-aus-304-edelstahl-satz-mit-spiralfoermigem-ruehrloeffel-glatt-verarbeitet-und-leicht-zu-reinigen-fuer-kaffeehaeuser-und-familienbars-wiederverwendbar\\\/#primaryimage\"},\"thumbnailUrl\":\"https:\\\/\\\/purehivehoney.com\\\/de\\\/wp-content\\\/uploads\\\/2026\\\/03\\\/51jEFqzq4XL._AC_SL1500_.jpg\",\"datePublished\":\"2026-03-16T08:45:28+00:00\",\"dateModified\":\"2026-03-16T08:45:47+00:00\",\"description\":\"Entdecken Sie hochwertigen Rohhonig, Bio Honig, Manuka Honig und nat\u00fcrliche Bienenprodukte. PureHiveHoney hilft Ihnen dabei, sorgf\u00e4ltig ausgew\u00e4hlte Honigsorten mit nat\u00fcrlicher Qualit\u00e4t und Reinheit zu entdecken.\",\"breadcrumb\":{\"@id\":\"https:\\\/\\\/purehivehoney.com\\\/de\\\/product\\\/honigloeffel-aus-304-edelstahl-satz-mit-spiralfoermigem-ruehrloeffel-glatt-verarbeitet-und-leicht-zu-reinigen-fuer-kaffeehaeuser-und-familienbars-wiederverwendbar\\\/#breadcrumb\"},\"inLanguage\":\"de\",\"potentialAction\":[{\"@type\":\"ReadAction\",\"target\":[\"https:\\\/\\\/purehivehoney.com\\\/de\\\/product\\\/honigloeffel-aus-304-edelstahl-satz-mit-spiralfoermigem-ruehrloeffel-glatt-verarbeitet-und-leicht-zu-reinigen-fuer-kaffeehaeuser-und-familienbars-wiederverwendbar\\\/\"]}]},{\"@type\":\"ImageObject\",\"inLanguage\":\"de\",\"@id\":\"https:\\\/\\\/purehivehoney.com\\\/de\\\/product\\\/honigloeffel-aus-304-edelstahl-satz-mit-spiralfoermigem-ruehrloeffel-glatt-verarbeitet-und-leicht-zu-reinigen-fuer-kaffeehaeuser-und-familienbars-wiederverwendbar\\\/#primaryimage\",\"url\":\"https:\\\/\\\/purehivehoney.com\\\/de\\\/wp-content\\\/uploads\\\/2026\\\/03\\\/51jEFqzq4XL._AC_SL1500_.jpg\",\"contentUrl\":\"https:\\\/\\\/purehivehoney.com\\\/de\\\/wp-content\\\/uploads\\\/2026\\\/03\\\/51jEFqzq4XL._AC_SL1500_.jpg\",\"width\":1087,\"height\":1485},{\"@type\":\"BreadcrumbList\",\"@id\":\"https:\\\/\\\/purehivehoney.com\\\/de\\\/product\\\/honigloeffel-aus-304-edelstahl-satz-mit-spiralfoermigem-ruehrloeffel-glatt-verarbeitet-und-leicht-zu-reinigen-fuer-kaffeehaeuser-und-familienbars-wiederverwendbar\\\/#breadcrumb\",\"itemListElement\":[{\"@type\":\"ListItem\",\"position\":1,\"name\":\"Home\",\"item\":\"https:\\\/\\\/purehivehoney.com\\\/de\\\/\"},{\"@type\":\"ListItem\",\"position\":2,\"name\":\"Shop\",\"item\":\"https:\\\/\\\/purehivehoney.com\\\/de\\\/shop\\\/\"},{\"@type\":\"ListItem\",\"position\":3,\"name\":\"Honigl\u00f6ffel aus 304 Edelstahl Satz...\"}]},{\"@type\":\"WebSite\",\"@id\":\"https:\\\/\\\/purehivehoney.com\\\/de\\\/#website\",\"url\":\"https:\\\/\\\/purehivehoney.com\\\/de\\\/\",\"name\":\"PureHiveHoney\",\"description\":\"Reiner Honig &amp; Bienenprodukte Online | Rohhonig, Bio Honig &amp; Spezialhonig\",\"publisher\":{\"@id\":\"https:\\\/\\\/purehivehoney.com\\\/de\\\/#organization\"},\"potentialAction\":[{\"@type\":\"SearchAction\",\"target\":{\"@type\":\"EntryPoint\",\"urlTemplate\":\"https:\\\/\\\/purehivehoney.com\\\/de\\\/?s={search_term_string}\"},\"query-input\":{\"@type\":\"PropertyValueSpecification\",\"valueRequired\":true,\"valueName\":\"search_term_string\"}}],\"inLanguage\":\"de\"},{\"@type\":\"Organization\",\"@id\":\"https:\\\/\\\/purehivehoney.com\\\/de\\\/#organization\",\"name\":\"PureHiveHoney\",\"url\":\"https:\\\/\\\/purehivehoney.com\\\/de\\\/\",\"logo\":{\"@type\":\"ImageObject\",\"inLanguage\":\"de\",\"@id\":\"https:\\\/\\\/purehivehoney.com\\\/de\\\/#\\\/schema\\\/logo\\\/image\\\/\",\"url\":\"https:\\\/\\\/purehivehoney.com\\\/de\\\/wp-content\\\/uploads\\\/2026\\\/03\\\/Screenshot-2026-03-16-at-1.06.01-AM.png\",\"contentUrl\":\"https:\\\/\\\/purehivehoney.com\\\/de\\\/wp-content\\\/uploads\\\/2026\\\/03\\\/Screenshot-2026-03-16-at-1.06.01-AM.png\",\"width\":2112,\"height\":1086,\"caption\":\"PureHiveHoney\"},\"image\":{\"@id\":\"https:\\\/\\\/purehivehoney.com\\\/de\\\/#\\\/schema\\\/logo\\\/image\\\/\"}}]}<\/script>\n<!-- \/ Yoast SEO plugin. -->","yoast_head_json":{"title":"Honigl\u00f6ffel aus 304 Edelstahl Satz mit Spiralf\u00f6rmigem R\u00fchrl\u00f6ffel Glatt Verarbeitet und Leicht zu Reinigen f\u00fcr Kaffeeh\u00e4user und Familienbars Wiederverwendbar - PureHiveHoney","description":"Entdecken Sie hochwertigen Rohhonig, Bio Honig, Manuka Honig und nat\u00fcrliche Bienenprodukte. PureHiveHoney hilft Ihnen dabei, sorgf\u00e4ltig ausgew\u00e4hlte Honigsorten mit nat\u00fcrlicher Qualit\u00e4t und Reinheit zu entdecken.","robots":{"index":"index","follow":"follow","max-snippet":"max-snippet:-1","max-image-preview":"max-image-preview:large","max-video-preview":"max-video-preview:-1"},"canonical":"https:\/\/purehivehoney.com\/de\/product\/honigloeffel-aus-304-edelstahl-satz-mit-spiralfoermigem-ruehrloeffel-glatt-verarbeitet-und-leicht-zu-reinigen-fuer-kaffeehaeuser-und-familienbars-wiederverwendbar\/","og_locale":"de_DE","og_type":"article","og_title":"Honigl\u00f6ffel aus 304 Edelstahl Satz mit Spiralf\u00f6rmigem R\u00fchrl\u00f6ffel Glatt Verarbeitet und Leicht zu Reinigen f\u00fcr Kaffeeh\u00e4user und Familienbars Wiederverwendbar - PureHiveHoney","og_description":"Entdecken Sie hochwertigen Rohhonig, Bio Honig, Manuka Honig und nat\u00fcrliche Bienenprodukte. PureHiveHoney hilft Ihnen dabei, sorgf\u00e4ltig ausgew\u00e4hlte Honigsorten mit nat\u00fcrlicher Qualit\u00e4t und Reinheit zu entdecken.","og_url":"https:\/\/purehivehoney.com\/de\/product\/honigloeffel-aus-304-edelstahl-satz-mit-spiralfoermigem-ruehrloeffel-glatt-verarbeitet-und-leicht-zu-reinigen-fuer-kaffeehaeuser-und-familienbars-wiederverwendbar\/","og_site_name":"PureHiveHoney","article_modified_time":"2026-03-16T08:45:47+00:00","twitter_card":"summary_large_image","twitter_misc":{"Gesch\u00e4tzte Lesezeit":"1\u00a0Minute"},"schema":{"@context":"https:\/\/schema.org","@graph":[{"@type":"WebPage","@id":"https:\/\/purehivehoney.com\/de\/product\/honigloeffel-aus-304-edelstahl-satz-mit-spiralfoermigem-ruehrloeffel-glatt-verarbeitet-und-leicht-zu-reinigen-fuer-kaffeehaeuser-und-familienbars-wiederverwendbar\/","url":"https:\/\/purehivehoney.com\/de\/product\/honigloeffel-aus-304-edelstahl-satz-mit-spiralfoermigem-ruehrloeffel-glatt-verarbeitet-und-leicht-zu-reinigen-fuer-kaffeehaeuser-und-familienbars-wiederverwendbar\/","name":"Honigl\u00f6ffel aus 304 Edelstahl Satz mit Spiralf\u00f6rmigem R\u00fchrl\u00f6ffel Glatt Verarbeitet und Leicht zu Reinigen f\u00fcr Kaffeeh\u00e4user und Familienbars Wiederverwendbar - PureHiveHoney","isPartOf":{"@id":"https:\/\/purehivehoney.com\/de\/#website"},"primaryImageOfPage":{"@id":"https:\/\/purehivehoney.com\/de\/product\/honigloeffel-aus-304-edelstahl-satz-mit-spiralfoermigem-ruehrloeffel-glatt-verarbeitet-und-leicht-zu-reinigen-fuer-kaffeehaeuser-und-familienbars-wiederverwendbar\/#primaryimage"},"image":{"@id":"https:\/\/purehivehoney.com\/de\/product\/honigloeffel-aus-304-edelstahl-satz-mit-spiralfoermigem-ruehrloeffel-glatt-verarbeitet-und-leicht-zu-reinigen-fuer-kaffeehaeuser-und-familienbars-wiederverwendbar\/#primaryimage"},"thumbnailUrl":"https:\/\/purehivehoney.com\/de\/wp-content\/uploads\/2026\/03\/51jEFqzq4XL._AC_SL1500_.jpg","datePublished":"2026-03-16T08:45:28+00:00","dateModified":"2026-03-16T08:45:47+00:00","description":"Entdecken Sie hochwertigen Rohhonig, Bio Honig, Manuka Honig und nat\u00fcrliche Bienenprodukte. PureHiveHoney hilft Ihnen dabei, sorgf\u00e4ltig ausgew\u00e4hlte Honigsorten mit nat\u00fcrlicher Qualit\u00e4t und Reinheit zu entdecken.","breadcrumb":{"@id":"https:\/\/purehivehoney.com\/de\/product\/honigloeffel-aus-304-edelstahl-satz-mit-spiralfoermigem-ruehrloeffel-glatt-verarbeitet-und-leicht-zu-reinigen-fuer-kaffeehaeuser-und-familienbars-wiederverwendbar\/#breadcrumb"},"inLanguage":"de","potentialAction":[{"@type":"ReadAction","target":["https:\/\/purehivehoney.com\/de\/product\/honigloeffel-aus-304-edelstahl-satz-mit-spiralfoermigem-ruehrloeffel-glatt-verarbeitet-und-leicht-zu-reinigen-fuer-kaffeehaeuser-und-familienbars-wiederverwendbar\/"]}]},{"@type":"ImageObject","inLanguage":"de","@id":"https:\/\/purehivehoney.com\/de\/product\/honigloeffel-aus-304-edelstahl-satz-mit-spiralfoermigem-ruehrloeffel-glatt-verarbeitet-und-leicht-zu-reinigen-fuer-kaffeehaeuser-und-familienbars-wiederverwendbar\/#primaryimage","url":"https:\/\/purehivehoney.com\/de\/wp-content\/uploads\/2026\/03\/51jEFqzq4XL._AC_SL1500_.jpg","contentUrl":"https:\/\/purehivehoney.com\/de\/wp-content\/uploads\/2026\/03\/51jEFqzq4XL._AC_SL1500_.jpg","width":1087,"height":1485},{"@type":"BreadcrumbList","@id":"https:\/\/purehivehoney.com\/de\/product\/honigloeffel-aus-304-edelstahl-satz-mit-spiralfoermigem-ruehrloeffel-glatt-verarbeitet-und-leicht-zu-reinigen-fuer-kaffeehaeuser-und-familienbars-wiederverwendbar\/#breadcrumb","itemListElement":[{"@type":"ListItem","position":1,"name":"Home","item":"https:\/\/purehivehoney.com\/de\/"},{"@type":"ListItem","position":2,"name":"Shop","item":"https:\/\/purehivehoney.com\/de\/shop\/"},{"@type":"ListItem","position":3,"name":"Honigl\u00f6ffel aus 304 Edelstahl Satz..."}]},{"@type":"WebSite","@id":"https:\/\/purehivehoney.com\/de\/#website","url":"https:\/\/purehivehoney.com\/de\/","name":"PureHiveHoney","description":"Reiner Honig &amp; Bienenprodukte Online | Rohhonig, Bio Honig &amp; Spezialhonig","publisher":{"@id":"https:\/\/purehivehoney.com\/de\/#organization"},"potentialAction":[{"@type":"SearchAction","target":{"@type":"EntryPoint","urlTemplate":"https:\/\/purehivehoney.com\/de\/?s={search_term_string}"},"query-input":{"@type":"PropertyValueSpecification","valueRequired":true,"valueName":"search_term_string"}}],"inLanguage":"de"},{"@type":"Organization","@id":"https:\/\/purehivehoney.com\/de\/#organization","name":"PureHiveHoney","url":"https:\/\/purehivehoney.com\/de\/","logo":{"@type":"ImageObject","inLanguage":"de","@id":"https:\/\/purehivehoney.com\/de\/#\/schema\/logo\/image\/","url":"https:\/\/purehivehoney.com\/de\/wp-content\/uploads\/2026\/03\/Screenshot-2026-03-16-at-1.06.01-AM.png","contentUrl":"https:\/\/purehivehoney.com\/de\/wp-content\/uploads\/2026\/03\/Screenshot-2026-03-16-at-1.06.01-AM.png","width":2112,"height":1086,"caption":"PureHiveHoney"},"image":{"@id":"https:\/\/purehivehoney.com\/de\/#\/schema\/logo\/image\/"}}]}},"_links":{"self":[{"href":"https:\/\/purehivehoney.com\/de\/wp-json\/wp\/v2\/product\/1179","targetHints":{"allow":["GET"]}}],"collection":[{"href":"https:\/\/purehivehoney.com\/de\/wp-json\/wp\/v2\/product"}],"about":[{"href":"https:\/\/purehivehoney.com\/de\/wp-json\/wp\/v2\/types\/product"}],"replies":[{"embeddable":true,"href":"https:\/\/purehivehoney.com\/de\/wp-json\/wp\/v2\/comments?post=1179"}],"wp:featuredmedia":[{"embeddable":true,"href":"https:\/\/purehivehoney.com\/de\/wp-json\/wp\/v2\/media\/1180"}],"wp:attachment":[{"href":"https:\/\/purehivehoney.com\/de\/wp-json\/wp\/v2\/media?parent=1179"}],"wp:term":[{"taxonomy":"store","embeddable":true,"href":"https:\/\/purehivehoney.com\/de\/wp-json\/wp\/v2\/store?post=1179"},{"taxonomy":"product_brand","embeddable":true,"href":"https:\/\/purehivehoney.com\/de\/wp-json\/wp\/v2\/product_brand?post=1179"},{"taxonomy":"product_cat","embeddable":true,"href":"https:\/\/purehivehoney.com\/de\/wp-json\/wp\/v2\/product_cat?post=1179"},{"taxonomy":"product_tag","embeddable":true,"href":"https:\/\/purehivehoney.com\/de\/wp-json\/wp\/v2\/product_tag?post=1179"}],"curies":[{"name":"wp","href":"https:\/\/api.w.org\/{rel}","templated":true}]}}