{"id":1172,"date":"2026-03-16T08:43:13","date_gmt":"2026-03-16T08:43:13","guid":{"rendered":"https:\/\/purehivehoney.com\/de\/product\/mikken-10-x-small-container-50-ml-plastic-cup-with-screw-cap-jar-food-safe-bpa-free\/"},"modified":"2026-03-16T08:43:23","modified_gmt":"2026-03-16T08:43:23","slug":"mikken-10-x-small-container-50-ml-plastic-cup-with-screw-cap-jar-food-safe-bpa-free","status":"publish","type":"product","link":"https:\/\/purehivehoney.com\/de\/product\/mikken-10-x-small-container-50-ml-plastic-cup-with-screw-cap-jar-food-safe-bpa-free\/","title":{"rendered":"mikken 10 x Small Container 50 ml P..."},"content":{"rendered":"<p>    <span>Set of 10 small clear plastic cups for 50 ml with tight fitting white screw cap. These screw lid containers are very versatile. They are used to store homemade creams, ointments and pastes as an ointment jug. The small cups can also be used to deliver urine and feces samples to the doctor. So you can conveniently fill and pack small amounts of your creams for your next holiday. They are also happy to be &#8222;purposed&#8220; for colours, nail art accessories, craft material and much more. As the jars are also food-safe, they can also be used for spices or baking accessories, e.g. leftovers from baking soda or sprinkles. Even the smallest screws can be stored very well. And since the screw boxes are transparent, you can always see what is inside at first glance. There are endless uses for this type of storage canister. Please note that when using for liquids, no guarantee of absolute tightness can be assumed. Dimensions: approx. Height: 5.7 cm, diameter: 4.6 cm, opening diameter: 3.7 cm, capacity: approx. 50 ml (measured to the top of the edge). The jar set includes: 10 plastic jars with white screw lids.<\/span>    <br \/>Small tin with screw cap<br \/>High-quality empty plastic containers for storing e.g. homemade paste, cream, ointment, etc.<br \/>Food-safe<br \/>Dimensions: height 5.7 cm, diameter 4.6 cm, opening diameter 3.7 cm, capacity 50 ml<br \/>Box contents: 10 jars 50 ml (transparent), 10 lids (white)<\/p>\n\n","protected":false},"excerpt":{"rendered":"<p>Set of 10 small clear plastic cups for 50 ml with tight fitting white screw cap. These screw lid containers are very versatile. They are used to store homemade creams, ointments and pastes as an ointment jug. The small cups can also be used to deliver urine and feces samples to the doctor. So you [&hellip;]<\/p>\n","protected":false},"featured_media":1173,"comment_status":"open","ping_status":"closed","template":"","meta":{"_aipt_faq_data":""},"store":[],"product_brand":[210],"product_cat":[74],"product_tag":[209],"class_list":{"0":"post-1172","1":"product","2":"type-product","3":"status-publish","4":"has-post-thumbnail","6":"product_brand-mikken","7":"product_cat-honigglaser","8":"product_tag-kleine-honigglaeser-50ml","10":"first","11":"instock","12":"shipping-taxable","13":"product-type-external"},"yoast_head":"<!-- This site is optimized with the Yoast SEO plugin v27.4 - https:\/\/yoast.com\/product\/yoast-seo-wordpress\/ -->\n<title>mikken 10 x Small Container 50 ml Plastic Cup with Screw Cap Jar Food Safe BPA Free - PureHiveHoney<\/title>\n<meta name=\"description\" content=\"Entdecken Sie hochwertigen Rohhonig, Bio Honig, Manuka Honig und nat\u00fcrliche Bienenprodukte. PureHiveHoney hilft Ihnen dabei, sorgf\u00e4ltig ausgew\u00e4hlte Honigsorten mit nat\u00fcrlicher Qualit\u00e4t und Reinheit zu entdecken.\" \/>\n<meta name=\"robots\" content=\"index, follow, max-snippet:-1, max-image-preview:large, max-video-preview:-1\" \/>\n<link rel=\"canonical\" href=\"https:\/\/purehivehoney.com\/de\/product\/mikken-10-x-small-container-50-ml-plastic-cup-with-screw-cap-jar-food-safe-bpa-free\/\" \/>\n<meta property=\"og:locale\" content=\"de_DE\" \/>\n<meta property=\"og:type\" content=\"article\" \/>\n<meta property=\"og:title\" content=\"mikken 10 x Small Container 50 ml Plastic Cup with Screw Cap Jar Food Safe BPA Free - PureHiveHoney\" \/>\n<meta property=\"og:description\" content=\"Entdecken Sie hochwertigen Rohhonig, Bio Honig, Manuka Honig und nat\u00fcrliche Bienenprodukte. PureHiveHoney hilft Ihnen dabei, sorgf\u00e4ltig ausgew\u00e4hlte Honigsorten mit nat\u00fcrlicher Qualit\u00e4t und Reinheit zu entdecken.\" \/>\n<meta property=\"og:url\" content=\"https:\/\/purehivehoney.com\/de\/product\/mikken-10-x-small-container-50-ml-plastic-cup-with-screw-cap-jar-food-safe-bpa-free\/\" \/>\n<meta property=\"og:site_name\" content=\"PureHiveHoney\" \/>\n<meta property=\"article:modified_time\" content=\"2026-03-16T08:43:23+00:00\" \/>\n<meta name=\"twitter:card\" content=\"summary_large_image\" \/>\n<meta name=\"twitter:label1\" content=\"Gesch\u00e4tzte Lesezeit\" \/>\n\t<meta name=\"twitter:data1\" content=\"1\u00a0Minute\" \/>\n<script type=\"application\/ld+json\" class=\"yoast-schema-graph\">{\"@context\":\"https:\\\/\\\/schema.org\",\"@graph\":[{\"@type\":\"WebPage\",\"@id\":\"https:\\\/\\\/purehivehoney.com\\\/de\\\/product\\\/mikken-10-x-small-container-50-ml-plastic-cup-with-screw-cap-jar-food-safe-bpa-free\\\/\",\"url\":\"https:\\\/\\\/purehivehoney.com\\\/de\\\/product\\\/mikken-10-x-small-container-50-ml-plastic-cup-with-screw-cap-jar-food-safe-bpa-free\\\/\",\"name\":\"mikken 10 x Small Container 50 ml Plastic Cup with Screw Cap Jar Food Safe BPA Free - PureHiveHoney\",\"isPartOf\":{\"@id\":\"https:\\\/\\\/purehivehoney.com\\\/de\\\/#website\"},\"primaryImageOfPage\":{\"@id\":\"https:\\\/\\\/purehivehoney.com\\\/de\\\/product\\\/mikken-10-x-small-container-50-ml-plastic-cup-with-screw-cap-jar-food-safe-bpa-free\\\/#primaryimage\"},\"image\":{\"@id\":\"https:\\\/\\\/purehivehoney.com\\\/de\\\/product\\\/mikken-10-x-small-container-50-ml-plastic-cup-with-screw-cap-jar-food-safe-bpa-free\\\/#primaryimage\"},\"thumbnailUrl\":\"https:\\\/\\\/purehivehoney.com\\\/de\\\/wp-content\\\/uploads\\\/2026\\\/03\\\/61RvmoElrL._AC_SL1500_.jpg\",\"datePublished\":\"2026-03-16T08:43:13+00:00\",\"dateModified\":\"2026-03-16T08:43:23+00:00\",\"description\":\"Entdecken Sie hochwertigen Rohhonig, Bio Honig, Manuka Honig und nat\u00fcrliche Bienenprodukte. PureHiveHoney hilft Ihnen dabei, sorgf\u00e4ltig ausgew\u00e4hlte Honigsorten mit nat\u00fcrlicher Qualit\u00e4t und Reinheit zu entdecken.\",\"breadcrumb\":{\"@id\":\"https:\\\/\\\/purehivehoney.com\\\/de\\\/product\\\/mikken-10-x-small-container-50-ml-plastic-cup-with-screw-cap-jar-food-safe-bpa-free\\\/#breadcrumb\"},\"inLanguage\":\"de\",\"potentialAction\":[{\"@type\":\"ReadAction\",\"target\":[\"https:\\\/\\\/purehivehoney.com\\\/de\\\/product\\\/mikken-10-x-small-container-50-ml-plastic-cup-with-screw-cap-jar-food-safe-bpa-free\\\/\"]}]},{\"@type\":\"ImageObject\",\"inLanguage\":\"de\",\"@id\":\"https:\\\/\\\/purehivehoney.com\\\/de\\\/product\\\/mikken-10-x-small-container-50-ml-plastic-cup-with-screw-cap-jar-food-safe-bpa-free\\\/#primaryimage\",\"url\":\"https:\\\/\\\/purehivehoney.com\\\/de\\\/wp-content\\\/uploads\\\/2026\\\/03\\\/61RvmoElrL._AC_SL1500_.jpg\",\"contentUrl\":\"https:\\\/\\\/purehivehoney.com\\\/de\\\/wp-content\\\/uploads\\\/2026\\\/03\\\/61RvmoElrL._AC_SL1500_.jpg\",\"width\":1500,\"height\":1373},{\"@type\":\"BreadcrumbList\",\"@id\":\"https:\\\/\\\/purehivehoney.com\\\/de\\\/product\\\/mikken-10-x-small-container-50-ml-plastic-cup-with-screw-cap-jar-food-safe-bpa-free\\\/#breadcrumb\",\"itemListElement\":[{\"@type\":\"ListItem\",\"position\":1,\"name\":\"Home\",\"item\":\"https:\\\/\\\/purehivehoney.com\\\/de\\\/\"},{\"@type\":\"ListItem\",\"position\":2,\"name\":\"Shop\",\"item\":\"https:\\\/\\\/purehivehoney.com\\\/de\\\/shop\\\/\"},{\"@type\":\"ListItem\",\"position\":3,\"name\":\"mikken 10 x Small Container 50 ml P...\"}]},{\"@type\":\"WebSite\",\"@id\":\"https:\\\/\\\/purehivehoney.com\\\/de\\\/#website\",\"url\":\"https:\\\/\\\/purehivehoney.com\\\/de\\\/\",\"name\":\"PureHiveHoney\",\"description\":\"Reiner Honig &amp; Bienenprodukte Online | Rohhonig, Bio Honig &amp; Spezialhonig\",\"publisher\":{\"@id\":\"https:\\\/\\\/purehivehoney.com\\\/de\\\/#organization\"},\"potentialAction\":[{\"@type\":\"SearchAction\",\"target\":{\"@type\":\"EntryPoint\",\"urlTemplate\":\"https:\\\/\\\/purehivehoney.com\\\/de\\\/?s={search_term_string}\"},\"query-input\":{\"@type\":\"PropertyValueSpecification\",\"valueRequired\":true,\"valueName\":\"search_term_string\"}}],\"inLanguage\":\"de\"},{\"@type\":\"Organization\",\"@id\":\"https:\\\/\\\/purehivehoney.com\\\/de\\\/#organization\",\"name\":\"PureHiveHoney\",\"url\":\"https:\\\/\\\/purehivehoney.com\\\/de\\\/\",\"logo\":{\"@type\":\"ImageObject\",\"inLanguage\":\"de\",\"@id\":\"https:\\\/\\\/purehivehoney.com\\\/de\\\/#\\\/schema\\\/logo\\\/image\\\/\",\"url\":\"https:\\\/\\\/purehivehoney.com\\\/de\\\/wp-content\\\/uploads\\\/2026\\\/03\\\/Screenshot-2026-03-16-at-1.06.01-AM.png\",\"contentUrl\":\"https:\\\/\\\/purehivehoney.com\\\/de\\\/wp-content\\\/uploads\\\/2026\\\/03\\\/Screenshot-2026-03-16-at-1.06.01-AM.png\",\"width\":2112,\"height\":1086,\"caption\":\"PureHiveHoney\"},\"image\":{\"@id\":\"https:\\\/\\\/purehivehoney.com\\\/de\\\/#\\\/schema\\\/logo\\\/image\\\/\"}}]}<\/script>\n<!-- \/ Yoast SEO plugin. -->","yoast_head_json":{"title":"mikken 10 x Small Container 50 ml Plastic Cup with Screw Cap Jar Food Safe BPA Free - PureHiveHoney","description":"Entdecken Sie hochwertigen Rohhonig, Bio Honig, Manuka Honig und nat\u00fcrliche Bienenprodukte. PureHiveHoney hilft Ihnen dabei, sorgf\u00e4ltig ausgew\u00e4hlte Honigsorten mit nat\u00fcrlicher Qualit\u00e4t und Reinheit zu entdecken.","robots":{"index":"index","follow":"follow","max-snippet":"max-snippet:-1","max-image-preview":"max-image-preview:large","max-video-preview":"max-video-preview:-1"},"canonical":"https:\/\/purehivehoney.com\/de\/product\/mikken-10-x-small-container-50-ml-plastic-cup-with-screw-cap-jar-food-safe-bpa-free\/","og_locale":"de_DE","og_type":"article","og_title":"mikken 10 x Small Container 50 ml Plastic Cup with Screw Cap Jar Food Safe BPA Free - PureHiveHoney","og_description":"Entdecken Sie hochwertigen Rohhonig, Bio Honig, Manuka Honig und nat\u00fcrliche Bienenprodukte. PureHiveHoney hilft Ihnen dabei, sorgf\u00e4ltig ausgew\u00e4hlte Honigsorten mit nat\u00fcrlicher Qualit\u00e4t und Reinheit zu entdecken.","og_url":"https:\/\/purehivehoney.com\/de\/product\/mikken-10-x-small-container-50-ml-plastic-cup-with-screw-cap-jar-food-safe-bpa-free\/","og_site_name":"PureHiveHoney","article_modified_time":"2026-03-16T08:43:23+00:00","twitter_card":"summary_large_image","twitter_misc":{"Gesch\u00e4tzte Lesezeit":"1\u00a0Minute"},"schema":{"@context":"https:\/\/schema.org","@graph":[{"@type":"WebPage","@id":"https:\/\/purehivehoney.com\/de\/product\/mikken-10-x-small-container-50-ml-plastic-cup-with-screw-cap-jar-food-safe-bpa-free\/","url":"https:\/\/purehivehoney.com\/de\/product\/mikken-10-x-small-container-50-ml-plastic-cup-with-screw-cap-jar-food-safe-bpa-free\/","name":"mikken 10 x Small Container 50 ml Plastic Cup with Screw Cap Jar Food Safe BPA Free - PureHiveHoney","isPartOf":{"@id":"https:\/\/purehivehoney.com\/de\/#website"},"primaryImageOfPage":{"@id":"https:\/\/purehivehoney.com\/de\/product\/mikken-10-x-small-container-50-ml-plastic-cup-with-screw-cap-jar-food-safe-bpa-free\/#primaryimage"},"image":{"@id":"https:\/\/purehivehoney.com\/de\/product\/mikken-10-x-small-container-50-ml-plastic-cup-with-screw-cap-jar-food-safe-bpa-free\/#primaryimage"},"thumbnailUrl":"https:\/\/purehivehoney.com\/de\/wp-content\/uploads\/2026\/03\/61RvmoElrL._AC_SL1500_.jpg","datePublished":"2026-03-16T08:43:13+00:00","dateModified":"2026-03-16T08:43:23+00:00","description":"Entdecken Sie hochwertigen Rohhonig, Bio Honig, Manuka Honig und nat\u00fcrliche Bienenprodukte. PureHiveHoney hilft Ihnen dabei, sorgf\u00e4ltig ausgew\u00e4hlte Honigsorten mit nat\u00fcrlicher Qualit\u00e4t und Reinheit zu entdecken.","breadcrumb":{"@id":"https:\/\/purehivehoney.com\/de\/product\/mikken-10-x-small-container-50-ml-plastic-cup-with-screw-cap-jar-food-safe-bpa-free\/#breadcrumb"},"inLanguage":"de","potentialAction":[{"@type":"ReadAction","target":["https:\/\/purehivehoney.com\/de\/product\/mikken-10-x-small-container-50-ml-plastic-cup-with-screw-cap-jar-food-safe-bpa-free\/"]}]},{"@type":"ImageObject","inLanguage":"de","@id":"https:\/\/purehivehoney.com\/de\/product\/mikken-10-x-small-container-50-ml-plastic-cup-with-screw-cap-jar-food-safe-bpa-free\/#primaryimage","url":"https:\/\/purehivehoney.com\/de\/wp-content\/uploads\/2026\/03\/61RvmoElrL._AC_SL1500_.jpg","contentUrl":"https:\/\/purehivehoney.com\/de\/wp-content\/uploads\/2026\/03\/61RvmoElrL._AC_SL1500_.jpg","width":1500,"height":1373},{"@type":"BreadcrumbList","@id":"https:\/\/purehivehoney.com\/de\/product\/mikken-10-x-small-container-50-ml-plastic-cup-with-screw-cap-jar-food-safe-bpa-free\/#breadcrumb","itemListElement":[{"@type":"ListItem","position":1,"name":"Home","item":"https:\/\/purehivehoney.com\/de\/"},{"@type":"ListItem","position":2,"name":"Shop","item":"https:\/\/purehivehoney.com\/de\/shop\/"},{"@type":"ListItem","position":3,"name":"mikken 10 x Small Container 50 ml P..."}]},{"@type":"WebSite","@id":"https:\/\/purehivehoney.com\/de\/#website","url":"https:\/\/purehivehoney.com\/de\/","name":"PureHiveHoney","description":"Reiner Honig &amp; Bienenprodukte Online | Rohhonig, Bio Honig &amp; Spezialhonig","publisher":{"@id":"https:\/\/purehivehoney.com\/de\/#organization"},"potentialAction":[{"@type":"SearchAction","target":{"@type":"EntryPoint","urlTemplate":"https:\/\/purehivehoney.com\/de\/?s={search_term_string}"},"query-input":{"@type":"PropertyValueSpecification","valueRequired":true,"valueName":"search_term_string"}}],"inLanguage":"de"},{"@type":"Organization","@id":"https:\/\/purehivehoney.com\/de\/#organization","name":"PureHiveHoney","url":"https:\/\/purehivehoney.com\/de\/","logo":{"@type":"ImageObject","inLanguage":"de","@id":"https:\/\/purehivehoney.com\/de\/#\/schema\/logo\/image\/","url":"https:\/\/purehivehoney.com\/de\/wp-content\/uploads\/2026\/03\/Screenshot-2026-03-16-at-1.06.01-AM.png","contentUrl":"https:\/\/purehivehoney.com\/de\/wp-content\/uploads\/2026\/03\/Screenshot-2026-03-16-at-1.06.01-AM.png","width":2112,"height":1086,"caption":"PureHiveHoney"},"image":{"@id":"https:\/\/purehivehoney.com\/de\/#\/schema\/logo\/image\/"}}]}},"_links":{"self":[{"href":"https:\/\/purehivehoney.com\/de\/wp-json\/wp\/v2\/product\/1172","targetHints":{"allow":["GET"]}}],"collection":[{"href":"https:\/\/purehivehoney.com\/de\/wp-json\/wp\/v2\/product"}],"about":[{"href":"https:\/\/purehivehoney.com\/de\/wp-json\/wp\/v2\/types\/product"}],"replies":[{"embeddable":true,"href":"https:\/\/purehivehoney.com\/de\/wp-json\/wp\/v2\/comments?post=1172"}],"wp:featuredmedia":[{"embeddable":true,"href":"https:\/\/purehivehoney.com\/de\/wp-json\/wp\/v2\/media\/1173"}],"wp:attachment":[{"href":"https:\/\/purehivehoney.com\/de\/wp-json\/wp\/v2\/media?parent=1172"}],"wp:term":[{"taxonomy":"store","embeddable":true,"href":"https:\/\/purehivehoney.com\/de\/wp-json\/wp\/v2\/store?post=1172"},{"taxonomy":"product_brand","embeddable":true,"href":"https:\/\/purehivehoney.com\/de\/wp-json\/wp\/v2\/product_brand?post=1172"},{"taxonomy":"product_cat","embeddable":true,"href":"https:\/\/purehivehoney.com\/de\/wp-json\/wp\/v2\/product_cat?post=1172"},{"taxonomy":"product_tag","embeddable":true,"href":"https:\/\/purehivehoney.com\/de\/wp-json\/wp\/v2\/product_tag?post=1172"}],"curies":[{"name":"wp","href":"https:\/\/api.w.org\/{rel}","templated":true}]}}