{"id":1162,"date":"2026-03-16T08:42:10","date_gmt":"2026-03-16T08:42:10","guid":{"rendered":"https:\/\/purehivehoney.com\/de\/product\/angoily-honigglas-glas-honigtopf-mit-schoepfloeffel-und-deckel-transparenter-honigspender-fuer-kueche-fruehstueck-und-gewuerzaufbewahrung\/"},"modified":"2026-03-16T08:42:29","modified_gmt":"2026-03-16T08:42:29","slug":"angoily-honigglas-glas-honigtopf-mit-schoepfloeffel-und-deckel-transparenter-honigspender-fuer-kueche-fruehstueck-und-gewuerzaufbewahrung","status":"publish","type":"product","link":"https:\/\/purehivehoney.com\/de\/product\/angoily-honigglas-glas-honigtopf-mit-schoepfloeffel-und-deckel-transparenter-honigspender-fuer-kueche-fruehstueck-und-gewuerzaufbewahrung\/","title":{"rendered":"Angoily Honigglas Glas Honigtopf Mi..."},"content":{"rendered":"<p>    <span class=\"a-text-bold\">Paketliste<\/span><span><br \/> 1 x Set Honigtopf mit Sch\u00f6pfl\u00f6ffel und Deckel<br \/><\/span><span class=\"a-text-bold\">Merkmale<\/span><span><br \/> -Material: Glasbienengeschenke f\u00fcr Bienenliebhaber<br \/> -Gr\u00f6\u00dfe: 15,00X7,00X7,00 cm\/5,89X2,75X2,75 in honig beh\u00e4lter<br \/> -Produktinfo: Wabenglas<br \/> -Farbe: transparenter Honigbeh\u00e4lterspender<br \/> &#8211; Wird mit einem R\u00fchrstab geliefert, der Ihnen beim Mischen und Verteilen hilft. Es ist ein sehr n\u00fctzlicher und praktischer Honigspender.<br \/> &#8211; Dieser Honigtopf mit Deckel und Sch\u00f6pfl\u00f6ffeldesign ist sauberer zu verwenden und eine sch\u00f6ne und praktische Erg\u00e4nzung f\u00fcr Ihren Honigwabenstab in der K\u00fcche.<br \/> &#8211; Dank des Designs k\u00f6nnen Sie Ihre Lebensmittel leicht identifizieren und den \u00dcberschuss im Honigbeh\u00e4lter leicht erkennen.<br \/> &#8211; Das Glasgef\u00e4\u00df mit St\u00e4bchen ist praktisch, wenn Sie es zum Fr\u00fchst\u00fcck servieren oder wenn Sie Tee mit Honig genie\u00dfen m\u00f6chten. Honiggl\u00e4ser mit Sch\u00f6pfl\u00f6ffel.<br \/> &#8211; Neben der Lagerung von Honig k\u00f6nnen Sie auch Marmelade und Gew\u00fcrze in den Honigtopf geben und K\u00fcchenutensilien aufbewahren.<br \/><\/span><span class=\"a-text-bold\">Warenbeschreibung<\/span><span><br \/> Honigwabenstab. Das Vorratsglas besteht aus Glas und ist daher sicher. Bienengeschenke f\u00fcr Bienenliebhaber. Geeignet f\u00fcr Zuhause, Gesch\u00e4fte, Restaurants usw. Honigglas aus Glas. Perfekt zum Aufbewahren von Fl\u00fcssigkeiten wie Honig, Ahornsirup und zum Aufbewahren des Honighalters oder Honigbeh\u00e4lterspenders. Mit einem Deckel ist es Lebensmittel<\/span>    <br \/>Honigbeh\u00e4lterspender: wird mit einem r\u00fchrstab geliefert, der ihnen beim mischen und verteilen des honigs hilft. er ist sehr n\u00fctzlich und praktisch, imker<br \/>Honigglas aus glas mit sch\u00f6pfl\u00f6ffel: durch das klare design k\u00f6nnen sie ihre lebensmittel leicht identifizieren und den \u00fcberschuss im topf leicht erkennen. honigtopf aus glas<br \/>Honigglas mit sch\u00f6pfl\u00f6ffel: mit deckel, damit lebensmittel l\u00e4nger frisch bleiben, sehr sicher und praktisch zum verpacken, honigglas aus glas<br \/>Honiggl\u00e4ser mit sch\u00f6pfl\u00f6ffel: neben der aufbewahrung von honig k\u00f6nnen sie auch marmelade, gew\u00fcrze, k\u00fcchenutensilien und honigstab darin aufbewahren<br \/>Bienengeschenke f\u00fcr bienenliebhaber: das glasgef\u00e4\u00df mit st\u00e4ben ist praktisch, wenn sie es zum fr\u00fchst\u00fcck servieren oder wenn sie tee mit honig genie\u00dfen, honigbeh\u00e4lter mit sch\u00f6pfl\u00f6ffel<\/p>\n\n","protected":false},"excerpt":{"rendered":"<p>Paketliste 1 x Set Honigtopf mit Sch\u00f6pfl\u00f6ffel und DeckelMerkmale -Material: Glasbienengeschenke f\u00fcr Bienenliebhaber -Gr\u00f6\u00dfe: 15,00X7,00X7,00 cm\/5,89X2,75X2,75 in honig beh\u00e4lter -Produktinfo: Wabenglas -Farbe: transparenter Honigbeh\u00e4lterspender &#8211; Wird mit einem R\u00fchrstab geliefert, der Ihnen beim Mischen und Verteilen hilft. Es ist ein sehr n\u00fctzlicher und praktischer Honigspender. &#8211; Dieser Honigtopf mit Deckel und Sch\u00f6pfl\u00f6ffeldesign ist sauberer zu [&hellip;]<\/p>\n","protected":false},"featured_media":1163,"comment_status":"open","ping_status":"closed","template":"","meta":{"_aipt_faq_data":""},"store":[],"product_brand":[255],"product_cat":[75],"product_tag":[207],"class_list":{"0":"post-1162","1":"product","2":"type-product","3":"status-publish","4":"has-post-thumbnail","6":"product_brand-angoily","7":"product_cat-honigspender","8":"product_tag-honigspender-fuer-fruehstueck","10":"first","11":"instock","12":"shipping-taxable","13":"product-type-external"},"yoast_head":"<!-- This site is optimized with the Yoast SEO plugin v27.4 - https:\/\/yoast.com\/product\/yoast-seo-wordpress\/ -->\n<title>Angoily Honigglas Glas Honigtopf Mit Sch\u00f6pfl\u00f6ffel Und Deckel Transparenter Honigspender F\u00fcr K\u00fcche Fr\u00fchst\u00fcck Und Gew\u00fcrzaufbewahrung - PureHiveHoney<\/title>\n<meta name=\"description\" content=\"Entdecken Sie hochwertigen Rohhonig, Bio Honig, Manuka Honig und nat\u00fcrliche Bienenprodukte. PureHiveHoney hilft Ihnen dabei, sorgf\u00e4ltig ausgew\u00e4hlte Honigsorten mit nat\u00fcrlicher Qualit\u00e4t und Reinheit zu entdecken.\" \/>\n<meta name=\"robots\" content=\"index, follow, max-snippet:-1, max-image-preview:large, max-video-preview:-1\" \/>\n<link rel=\"canonical\" href=\"https:\/\/purehivehoney.com\/de\/product\/angoily-honigglas-glas-honigtopf-mit-schoepfloeffel-und-deckel-transparenter-honigspender-fuer-kueche-fruehstueck-und-gewuerzaufbewahrung\/\" \/>\n<meta property=\"og:locale\" content=\"de_DE\" \/>\n<meta property=\"og:type\" content=\"article\" \/>\n<meta property=\"og:title\" content=\"Angoily Honigglas Glas Honigtopf Mit Sch\u00f6pfl\u00f6ffel Und Deckel Transparenter Honigspender F\u00fcr K\u00fcche Fr\u00fchst\u00fcck Und Gew\u00fcrzaufbewahrung - PureHiveHoney\" \/>\n<meta property=\"og:description\" content=\"Entdecken Sie hochwertigen Rohhonig, Bio Honig, Manuka Honig und nat\u00fcrliche Bienenprodukte. PureHiveHoney hilft Ihnen dabei, sorgf\u00e4ltig ausgew\u00e4hlte Honigsorten mit nat\u00fcrlicher Qualit\u00e4t und Reinheit zu entdecken.\" \/>\n<meta property=\"og:url\" content=\"https:\/\/purehivehoney.com\/de\/product\/angoily-honigglas-glas-honigtopf-mit-schoepfloeffel-und-deckel-transparenter-honigspender-fuer-kueche-fruehstueck-und-gewuerzaufbewahrung\/\" \/>\n<meta property=\"og:site_name\" content=\"PureHiveHoney\" \/>\n<meta property=\"article:modified_time\" content=\"2026-03-16T08:42:29+00:00\" \/>\n<meta name=\"twitter:card\" content=\"summary_large_image\" \/>\n<meta name=\"twitter:label1\" content=\"Gesch\u00e4tzte Lesezeit\" \/>\n\t<meta name=\"twitter:data1\" content=\"2\u00a0Minuten\" \/>\n<script type=\"application\/ld+json\" class=\"yoast-schema-graph\">{\"@context\":\"https:\\\/\\\/schema.org\",\"@graph\":[{\"@type\":\"WebPage\",\"@id\":\"https:\\\/\\\/purehivehoney.com\\\/de\\\/product\\\/angoily-honigglas-glas-honigtopf-mit-schoepfloeffel-und-deckel-transparenter-honigspender-fuer-kueche-fruehstueck-und-gewuerzaufbewahrung\\\/\",\"url\":\"https:\\\/\\\/purehivehoney.com\\\/de\\\/product\\\/angoily-honigglas-glas-honigtopf-mit-schoepfloeffel-und-deckel-transparenter-honigspender-fuer-kueche-fruehstueck-und-gewuerzaufbewahrung\\\/\",\"name\":\"Angoily Honigglas Glas Honigtopf Mit Sch\u00f6pfl\u00f6ffel Und Deckel Transparenter Honigspender F\u00fcr K\u00fcche Fr\u00fchst\u00fcck Und Gew\u00fcrzaufbewahrung - PureHiveHoney\",\"isPartOf\":{\"@id\":\"https:\\\/\\\/purehivehoney.com\\\/de\\\/#website\"},\"primaryImageOfPage\":{\"@id\":\"https:\\\/\\\/purehivehoney.com\\\/de\\\/product\\\/angoily-honigglas-glas-honigtopf-mit-schoepfloeffel-und-deckel-transparenter-honigspender-fuer-kueche-fruehstueck-und-gewuerzaufbewahrung\\\/#primaryimage\"},\"image\":{\"@id\":\"https:\\\/\\\/purehivehoney.com\\\/de\\\/product\\\/angoily-honigglas-glas-honigtopf-mit-schoepfloeffel-und-deckel-transparenter-honigspender-fuer-kueche-fruehstueck-und-gewuerzaufbewahrung\\\/#primaryimage\"},\"thumbnailUrl\":\"https:\\\/\\\/purehivehoney.com\\\/de\\\/wp-content\\\/uploads\\\/2026\\\/03\\\/61gps4t2G9L._AC_SL1500_.jpg\",\"datePublished\":\"2026-03-16T08:42:10+00:00\",\"dateModified\":\"2026-03-16T08:42:29+00:00\",\"description\":\"Entdecken Sie hochwertigen Rohhonig, Bio Honig, Manuka Honig und nat\u00fcrliche Bienenprodukte. PureHiveHoney hilft Ihnen dabei, sorgf\u00e4ltig ausgew\u00e4hlte Honigsorten mit nat\u00fcrlicher Qualit\u00e4t und Reinheit zu entdecken.\",\"breadcrumb\":{\"@id\":\"https:\\\/\\\/purehivehoney.com\\\/de\\\/product\\\/angoily-honigglas-glas-honigtopf-mit-schoepfloeffel-und-deckel-transparenter-honigspender-fuer-kueche-fruehstueck-und-gewuerzaufbewahrung\\\/#breadcrumb\"},\"inLanguage\":\"de\",\"potentialAction\":[{\"@type\":\"ReadAction\",\"target\":[\"https:\\\/\\\/purehivehoney.com\\\/de\\\/product\\\/angoily-honigglas-glas-honigtopf-mit-schoepfloeffel-und-deckel-transparenter-honigspender-fuer-kueche-fruehstueck-und-gewuerzaufbewahrung\\\/\"]}]},{\"@type\":\"ImageObject\",\"inLanguage\":\"de\",\"@id\":\"https:\\\/\\\/purehivehoney.com\\\/de\\\/product\\\/angoily-honigglas-glas-honigtopf-mit-schoepfloeffel-und-deckel-transparenter-honigspender-fuer-kueche-fruehstueck-und-gewuerzaufbewahrung\\\/#primaryimage\",\"url\":\"https:\\\/\\\/purehivehoney.com\\\/de\\\/wp-content\\\/uploads\\\/2026\\\/03\\\/61gps4t2G9L._AC_SL1500_.jpg\",\"contentUrl\":\"https:\\\/\\\/purehivehoney.com\\\/de\\\/wp-content\\\/uploads\\\/2026\\\/03\\\/61gps4t2G9L._AC_SL1500_.jpg\",\"width\":1412,\"height\":1500},{\"@type\":\"BreadcrumbList\",\"@id\":\"https:\\\/\\\/purehivehoney.com\\\/de\\\/product\\\/angoily-honigglas-glas-honigtopf-mit-schoepfloeffel-und-deckel-transparenter-honigspender-fuer-kueche-fruehstueck-und-gewuerzaufbewahrung\\\/#breadcrumb\",\"itemListElement\":[{\"@type\":\"ListItem\",\"position\":1,\"name\":\"Home\",\"item\":\"https:\\\/\\\/purehivehoney.com\\\/de\\\/\"},{\"@type\":\"ListItem\",\"position\":2,\"name\":\"Shop\",\"item\":\"https:\\\/\\\/purehivehoney.com\\\/de\\\/shop\\\/\"},{\"@type\":\"ListItem\",\"position\":3,\"name\":\"Angoily Honigglas Glas Honigtopf Mi...\"}]},{\"@type\":\"WebSite\",\"@id\":\"https:\\\/\\\/purehivehoney.com\\\/de\\\/#website\",\"url\":\"https:\\\/\\\/purehivehoney.com\\\/de\\\/\",\"name\":\"PureHiveHoney\",\"description\":\"Reiner Honig &amp; Bienenprodukte Online | Rohhonig, Bio Honig &amp; Spezialhonig\",\"publisher\":{\"@id\":\"https:\\\/\\\/purehivehoney.com\\\/de\\\/#organization\"},\"potentialAction\":[{\"@type\":\"SearchAction\",\"target\":{\"@type\":\"EntryPoint\",\"urlTemplate\":\"https:\\\/\\\/purehivehoney.com\\\/de\\\/?s={search_term_string}\"},\"query-input\":{\"@type\":\"PropertyValueSpecification\",\"valueRequired\":true,\"valueName\":\"search_term_string\"}}],\"inLanguage\":\"de\"},{\"@type\":\"Organization\",\"@id\":\"https:\\\/\\\/purehivehoney.com\\\/de\\\/#organization\",\"name\":\"PureHiveHoney\",\"url\":\"https:\\\/\\\/purehivehoney.com\\\/de\\\/\",\"logo\":{\"@type\":\"ImageObject\",\"inLanguage\":\"de\",\"@id\":\"https:\\\/\\\/purehivehoney.com\\\/de\\\/#\\\/schema\\\/logo\\\/image\\\/\",\"url\":\"https:\\\/\\\/purehivehoney.com\\\/de\\\/wp-content\\\/uploads\\\/2026\\\/03\\\/Screenshot-2026-03-16-at-1.06.01-AM.png\",\"contentUrl\":\"https:\\\/\\\/purehivehoney.com\\\/de\\\/wp-content\\\/uploads\\\/2026\\\/03\\\/Screenshot-2026-03-16-at-1.06.01-AM.png\",\"width\":2112,\"height\":1086,\"caption\":\"PureHiveHoney\"},\"image\":{\"@id\":\"https:\\\/\\\/purehivehoney.com\\\/de\\\/#\\\/schema\\\/logo\\\/image\\\/\"}}]}<\/script>\n<!-- \/ Yoast SEO plugin. -->","yoast_head_json":{"title":"Angoily Honigglas Glas Honigtopf Mit Sch\u00f6pfl\u00f6ffel Und Deckel Transparenter Honigspender F\u00fcr K\u00fcche Fr\u00fchst\u00fcck Und Gew\u00fcrzaufbewahrung - PureHiveHoney","description":"Entdecken Sie hochwertigen Rohhonig, Bio Honig, Manuka Honig und nat\u00fcrliche Bienenprodukte. PureHiveHoney hilft Ihnen dabei, sorgf\u00e4ltig ausgew\u00e4hlte Honigsorten mit nat\u00fcrlicher Qualit\u00e4t und Reinheit zu entdecken.","robots":{"index":"index","follow":"follow","max-snippet":"max-snippet:-1","max-image-preview":"max-image-preview:large","max-video-preview":"max-video-preview:-1"},"canonical":"https:\/\/purehivehoney.com\/de\/product\/angoily-honigglas-glas-honigtopf-mit-schoepfloeffel-und-deckel-transparenter-honigspender-fuer-kueche-fruehstueck-und-gewuerzaufbewahrung\/","og_locale":"de_DE","og_type":"article","og_title":"Angoily Honigglas Glas Honigtopf Mit Sch\u00f6pfl\u00f6ffel Und Deckel Transparenter Honigspender F\u00fcr K\u00fcche Fr\u00fchst\u00fcck Und Gew\u00fcrzaufbewahrung - PureHiveHoney","og_description":"Entdecken Sie hochwertigen Rohhonig, Bio Honig, Manuka Honig und nat\u00fcrliche Bienenprodukte. PureHiveHoney hilft Ihnen dabei, sorgf\u00e4ltig ausgew\u00e4hlte Honigsorten mit nat\u00fcrlicher Qualit\u00e4t und Reinheit zu entdecken.","og_url":"https:\/\/purehivehoney.com\/de\/product\/angoily-honigglas-glas-honigtopf-mit-schoepfloeffel-und-deckel-transparenter-honigspender-fuer-kueche-fruehstueck-und-gewuerzaufbewahrung\/","og_site_name":"PureHiveHoney","article_modified_time":"2026-03-16T08:42:29+00:00","twitter_card":"summary_large_image","twitter_misc":{"Gesch\u00e4tzte Lesezeit":"2\u00a0Minuten"},"schema":{"@context":"https:\/\/schema.org","@graph":[{"@type":"WebPage","@id":"https:\/\/purehivehoney.com\/de\/product\/angoily-honigglas-glas-honigtopf-mit-schoepfloeffel-und-deckel-transparenter-honigspender-fuer-kueche-fruehstueck-und-gewuerzaufbewahrung\/","url":"https:\/\/purehivehoney.com\/de\/product\/angoily-honigglas-glas-honigtopf-mit-schoepfloeffel-und-deckel-transparenter-honigspender-fuer-kueche-fruehstueck-und-gewuerzaufbewahrung\/","name":"Angoily Honigglas Glas Honigtopf Mit Sch\u00f6pfl\u00f6ffel Und Deckel Transparenter Honigspender F\u00fcr K\u00fcche Fr\u00fchst\u00fcck Und Gew\u00fcrzaufbewahrung - PureHiveHoney","isPartOf":{"@id":"https:\/\/purehivehoney.com\/de\/#website"},"primaryImageOfPage":{"@id":"https:\/\/purehivehoney.com\/de\/product\/angoily-honigglas-glas-honigtopf-mit-schoepfloeffel-und-deckel-transparenter-honigspender-fuer-kueche-fruehstueck-und-gewuerzaufbewahrung\/#primaryimage"},"image":{"@id":"https:\/\/purehivehoney.com\/de\/product\/angoily-honigglas-glas-honigtopf-mit-schoepfloeffel-und-deckel-transparenter-honigspender-fuer-kueche-fruehstueck-und-gewuerzaufbewahrung\/#primaryimage"},"thumbnailUrl":"https:\/\/purehivehoney.com\/de\/wp-content\/uploads\/2026\/03\/61gps4t2G9L._AC_SL1500_.jpg","datePublished":"2026-03-16T08:42:10+00:00","dateModified":"2026-03-16T08:42:29+00:00","description":"Entdecken Sie hochwertigen Rohhonig, Bio Honig, Manuka Honig und nat\u00fcrliche Bienenprodukte. PureHiveHoney hilft Ihnen dabei, sorgf\u00e4ltig ausgew\u00e4hlte Honigsorten mit nat\u00fcrlicher Qualit\u00e4t und Reinheit zu entdecken.","breadcrumb":{"@id":"https:\/\/purehivehoney.com\/de\/product\/angoily-honigglas-glas-honigtopf-mit-schoepfloeffel-und-deckel-transparenter-honigspender-fuer-kueche-fruehstueck-und-gewuerzaufbewahrung\/#breadcrumb"},"inLanguage":"de","potentialAction":[{"@type":"ReadAction","target":["https:\/\/purehivehoney.com\/de\/product\/angoily-honigglas-glas-honigtopf-mit-schoepfloeffel-und-deckel-transparenter-honigspender-fuer-kueche-fruehstueck-und-gewuerzaufbewahrung\/"]}]},{"@type":"ImageObject","inLanguage":"de","@id":"https:\/\/purehivehoney.com\/de\/product\/angoily-honigglas-glas-honigtopf-mit-schoepfloeffel-und-deckel-transparenter-honigspender-fuer-kueche-fruehstueck-und-gewuerzaufbewahrung\/#primaryimage","url":"https:\/\/purehivehoney.com\/de\/wp-content\/uploads\/2026\/03\/61gps4t2G9L._AC_SL1500_.jpg","contentUrl":"https:\/\/purehivehoney.com\/de\/wp-content\/uploads\/2026\/03\/61gps4t2G9L._AC_SL1500_.jpg","width":1412,"height":1500},{"@type":"BreadcrumbList","@id":"https:\/\/purehivehoney.com\/de\/product\/angoily-honigglas-glas-honigtopf-mit-schoepfloeffel-und-deckel-transparenter-honigspender-fuer-kueche-fruehstueck-und-gewuerzaufbewahrung\/#breadcrumb","itemListElement":[{"@type":"ListItem","position":1,"name":"Home","item":"https:\/\/purehivehoney.com\/de\/"},{"@type":"ListItem","position":2,"name":"Shop","item":"https:\/\/purehivehoney.com\/de\/shop\/"},{"@type":"ListItem","position":3,"name":"Angoily Honigglas Glas Honigtopf Mi..."}]},{"@type":"WebSite","@id":"https:\/\/purehivehoney.com\/de\/#website","url":"https:\/\/purehivehoney.com\/de\/","name":"PureHiveHoney","description":"Reiner Honig &amp; Bienenprodukte Online | Rohhonig, Bio Honig &amp; Spezialhonig","publisher":{"@id":"https:\/\/purehivehoney.com\/de\/#organization"},"potentialAction":[{"@type":"SearchAction","target":{"@type":"EntryPoint","urlTemplate":"https:\/\/purehivehoney.com\/de\/?s={search_term_string}"},"query-input":{"@type":"PropertyValueSpecification","valueRequired":true,"valueName":"search_term_string"}}],"inLanguage":"de"},{"@type":"Organization","@id":"https:\/\/purehivehoney.com\/de\/#organization","name":"PureHiveHoney","url":"https:\/\/purehivehoney.com\/de\/","logo":{"@type":"ImageObject","inLanguage":"de","@id":"https:\/\/purehivehoney.com\/de\/#\/schema\/logo\/image\/","url":"https:\/\/purehivehoney.com\/de\/wp-content\/uploads\/2026\/03\/Screenshot-2026-03-16-at-1.06.01-AM.png","contentUrl":"https:\/\/purehivehoney.com\/de\/wp-content\/uploads\/2026\/03\/Screenshot-2026-03-16-at-1.06.01-AM.png","width":2112,"height":1086,"caption":"PureHiveHoney"},"image":{"@id":"https:\/\/purehivehoney.com\/de\/#\/schema\/logo\/image\/"}}]}},"_links":{"self":[{"href":"https:\/\/purehivehoney.com\/de\/wp-json\/wp\/v2\/product\/1162","targetHints":{"allow":["GET"]}}],"collection":[{"href":"https:\/\/purehivehoney.com\/de\/wp-json\/wp\/v2\/product"}],"about":[{"href":"https:\/\/purehivehoney.com\/de\/wp-json\/wp\/v2\/types\/product"}],"replies":[{"embeddable":true,"href":"https:\/\/purehivehoney.com\/de\/wp-json\/wp\/v2\/comments?post=1162"}],"wp:featuredmedia":[{"embeddable":true,"href":"https:\/\/purehivehoney.com\/de\/wp-json\/wp\/v2\/media\/1163"}],"wp:attachment":[{"href":"https:\/\/purehivehoney.com\/de\/wp-json\/wp\/v2\/media?parent=1162"}],"wp:term":[{"taxonomy":"store","embeddable":true,"href":"https:\/\/purehivehoney.com\/de\/wp-json\/wp\/v2\/store?post=1162"},{"taxonomy":"product_brand","embeddable":true,"href":"https:\/\/purehivehoney.com\/de\/wp-json\/wp\/v2\/product_brand?post=1162"},{"taxonomy":"product_cat","embeddable":true,"href":"https:\/\/purehivehoney.com\/de\/wp-json\/wp\/v2\/product_cat?post=1162"},{"taxonomy":"product_tag","embeddable":true,"href":"https:\/\/purehivehoney.com\/de\/wp-json\/wp\/v2\/product_tag?post=1162"}],"curies":[{"name":"wp","href":"https:\/\/api.w.org\/{rel}","templated":true}]}}