{"id":1155,"date":"2026-03-16T08:41:05","date_gmt":"2026-03-16T08:41:05","guid":{"rendered":"https:\/\/purehivehoney.com\/de\/product\/taylor-pass-honey-co-manuka-honey-mgo83-umf12-sustainable-new-zealand-honey-manuka-umf12-mgo400\/"},"modified":"2026-03-16T08:41:18","modified_gmt":"2026-03-16T08:41:18","slug":"taylor-pass-honey-co-manuka-honey-mgo83-umf12-sustainable-new-zealand-honey-manuka-umf12-mgo400","status":"publish","type":"product","link":"https:\/\/purehivehoney.com\/de\/product\/taylor-pass-honey-co-manuka-honey-mgo83-umf12-sustainable-new-zealand-honey-manuka-umf12-mgo400\/","title":{"rendered":"Taylor Pass Honey Co. Manuka Honey ..."},"content":{"rendered":"<p>    <span>Taylor Pass Honey Monofloral M\u0101nuka is made from the pollen of the native New Zealand M\u0101nuka. The aromas and aromas of this honey are distinctive. Powerful with a toffee apple &#038; barley sugar bouquet, the flavor is intense with an almost savory tang. Our UMF12+ honey is guaranteed to have a unique M\u0101nuka factor of 12+ or higher. 100% natural, independently tested M\u0101nuka honey with special characteristic compounds characteristic of this honey that ensure purity and quality. From the moment you taste our honey for the first time, a small part of you will find here in New Zealand.<\/span>    <br \/> Package Dimensions                                            \u200f                                            :                                            \u200e                                            12 x 6 x 5.8 cm   <br \/> Manufacturer                                            \u200f                                            :                                            \u200e                                            Taylor Pass Honey Co.   <br \/> ASIN                                            \u200f                                            :                                            \u200e                                            B0B8147ZN7   <br \/> Manufacturer reference                                            \u200f                                            :                                            \u200e                                            M1201   <br \/>A SUPERFOOD OF GENERATIONS &#8211; The M\u0101nuka tree has been prized for many centuries as a medical aid used to treat colds, wounds, fever, digestion and skin conditions.<br \/>UMF CERTIFIED &#8211; M\u0101nuka UMF 12+ (MGO 400) has been independently tested by Leptosperin, MGO and DHA by the UMF Honey Association to ensure authenticity, purity and quality.<br \/>GOVERNMENT CERTIFIED &#8211; Each batch of Taylor Pass Reserve M\u0101nuka UMF 12+ exceeds New Zealand&#8217;s government standard for monofloral M\u0101nuka honey.<br \/>The flavour &#8211; bold, intense, savory notes and a toasted caramel finish that makes it the perfect complement to smoothies, shakes, cereal and Greek yogurt.<br \/>The Basics &#8211; New Zealand Certified BPA Free RPET Glass<br \/>Good at a glance: certified UMF, non-GMO project verified, Oritain scientific certification of origin, Halal<\/p>\n\n","protected":false},"excerpt":{"rendered":"<p>Taylor Pass Honey Monofloral M\u0101nuka is made from the pollen of the native New Zealand M\u0101nuka. The aromas and aromas of this honey are distinctive. Powerful with a toffee apple &#038; barley sugar bouquet, the flavor is intense with an almost savory tang. Our UMF12+ honey is guaranteed to have a unique M\u0101nuka factor of [&hellip;]<\/p>\n","protected":false},"featured_media":1156,"comment_status":"open","ping_status":"closed","template":"","meta":{"_aipt_faq_data":""},"store":[],"product_brand":[243],"product_cat":[38],"product_tag":[79],"class_list":{"0":"post-1155","1":"product","2":"type-product","3":"status-publish","4":"has-post-thumbnail","6":"product_brand-gudz","7":"product_cat-purehivehoney","8":"product_tag-manuka-honig","10":"first","11":"instock","12":"shipping-taxable","13":"product-type-external"},"yoast_head":"<!-- This site is optimized with the Yoast SEO plugin v27.4 - https:\/\/yoast.com\/product\/yoast-seo-wordpress\/ -->\n<title>Taylor Pass Honey Co. Manuka Honey MGO83+ UMF12+ | Sustainable New Zealand Honey | (Manuka UMF12+\/MGO400+) - PureHiveHoney<\/title>\n<meta name=\"description\" content=\"Entdecken Sie hochwertigen Rohhonig, Bio Honig, Manuka Honig und nat\u00fcrliche Bienenprodukte. PureHiveHoney hilft Ihnen dabei, sorgf\u00e4ltig ausgew\u00e4hlte Honigsorten mit nat\u00fcrlicher Qualit\u00e4t und Reinheit zu entdecken.\" \/>\n<meta name=\"robots\" content=\"index, follow, max-snippet:-1, max-image-preview:large, max-video-preview:-1\" \/>\n<link rel=\"canonical\" href=\"https:\/\/purehivehoney.com\/de\/product\/taylor-pass-honey-co-manuka-honey-mgo83-umf12-sustainable-new-zealand-honey-manuka-umf12-mgo400\/\" \/>\n<meta property=\"og:locale\" content=\"de_DE\" \/>\n<meta property=\"og:type\" content=\"article\" \/>\n<meta property=\"og:title\" content=\"Taylor Pass Honey Co. Manuka Honey MGO83+ UMF12+ | Sustainable New Zealand Honey | (Manuka UMF12+\/MGO400+) - PureHiveHoney\" \/>\n<meta property=\"og:description\" content=\"Entdecken Sie hochwertigen Rohhonig, Bio Honig, Manuka Honig und nat\u00fcrliche Bienenprodukte. PureHiveHoney hilft Ihnen dabei, sorgf\u00e4ltig ausgew\u00e4hlte Honigsorten mit nat\u00fcrlicher Qualit\u00e4t und Reinheit zu entdecken.\" \/>\n<meta property=\"og:url\" content=\"https:\/\/purehivehoney.com\/de\/product\/taylor-pass-honey-co-manuka-honey-mgo83-umf12-sustainable-new-zealand-honey-manuka-umf12-mgo400\/\" \/>\n<meta property=\"og:site_name\" content=\"PureHiveHoney\" \/>\n<meta property=\"article:modified_time\" content=\"2026-03-16T08:41:18+00:00\" \/>\n<meta name=\"twitter:card\" content=\"summary_large_image\" \/>\n<meta name=\"twitter:label1\" content=\"Gesch\u00e4tzte Lesezeit\" \/>\n\t<meta name=\"twitter:data1\" content=\"1\u00a0Minute\" \/>\n<script type=\"application\/ld+json\" class=\"yoast-schema-graph\">{\"@context\":\"https:\\\/\\\/schema.org\",\"@graph\":[{\"@type\":\"WebPage\",\"@id\":\"https:\\\/\\\/purehivehoney.com\\\/de\\\/product\\\/taylor-pass-honey-co-manuka-honey-mgo83-umf12-sustainable-new-zealand-honey-manuka-umf12-mgo400\\\/\",\"url\":\"https:\\\/\\\/purehivehoney.com\\\/de\\\/product\\\/taylor-pass-honey-co-manuka-honey-mgo83-umf12-sustainable-new-zealand-honey-manuka-umf12-mgo400\\\/\",\"name\":\"Taylor Pass Honey Co. Manuka Honey MGO83+ UMF12+ | Sustainable New Zealand Honey | (Manuka UMF12+\\\/MGO400+) - PureHiveHoney\",\"isPartOf\":{\"@id\":\"https:\\\/\\\/purehivehoney.com\\\/de\\\/#website\"},\"primaryImageOfPage\":{\"@id\":\"https:\\\/\\\/purehivehoney.com\\\/de\\\/product\\\/taylor-pass-honey-co-manuka-honey-mgo83-umf12-sustainable-new-zealand-honey-manuka-umf12-mgo400\\\/#primaryimage\"},\"image\":{\"@id\":\"https:\\\/\\\/purehivehoney.com\\\/de\\\/product\\\/taylor-pass-honey-co-manuka-honey-mgo83-umf12-sustainable-new-zealand-honey-manuka-umf12-mgo400\\\/#primaryimage\"},\"thumbnailUrl\":\"https:\\\/\\\/purehivehoney.com\\\/de\\\/wp-content\\\/uploads\\\/2026\\\/03\\\/91hhgexmgAL._SL1500_.jpg\",\"datePublished\":\"2026-03-16T08:41:05+00:00\",\"dateModified\":\"2026-03-16T08:41:18+00:00\",\"description\":\"Entdecken Sie hochwertigen Rohhonig, Bio Honig, Manuka Honig und nat\u00fcrliche Bienenprodukte. PureHiveHoney hilft Ihnen dabei, sorgf\u00e4ltig ausgew\u00e4hlte Honigsorten mit nat\u00fcrlicher Qualit\u00e4t und Reinheit zu entdecken.\",\"breadcrumb\":{\"@id\":\"https:\\\/\\\/purehivehoney.com\\\/de\\\/product\\\/taylor-pass-honey-co-manuka-honey-mgo83-umf12-sustainable-new-zealand-honey-manuka-umf12-mgo400\\\/#breadcrumb\"},\"inLanguage\":\"de\",\"potentialAction\":[{\"@type\":\"ReadAction\",\"target\":[\"https:\\\/\\\/purehivehoney.com\\\/de\\\/product\\\/taylor-pass-honey-co-manuka-honey-mgo83-umf12-sustainable-new-zealand-honey-manuka-umf12-mgo400\\\/\"]}]},{\"@type\":\"ImageObject\",\"inLanguage\":\"de\",\"@id\":\"https:\\\/\\\/purehivehoney.com\\\/de\\\/product\\\/taylor-pass-honey-co-manuka-honey-mgo83-umf12-sustainable-new-zealand-honey-manuka-umf12-mgo400\\\/#primaryimage\",\"url\":\"https:\\\/\\\/purehivehoney.com\\\/de\\\/wp-content\\\/uploads\\\/2026\\\/03\\\/91hhgexmgAL._SL1500_.jpg\",\"contentUrl\":\"https:\\\/\\\/purehivehoney.com\\\/de\\\/wp-content\\\/uploads\\\/2026\\\/03\\\/91hhgexmgAL._SL1500_.jpg\",\"width\":1074,\"height\":1500},{\"@type\":\"BreadcrumbList\",\"@id\":\"https:\\\/\\\/purehivehoney.com\\\/de\\\/product\\\/taylor-pass-honey-co-manuka-honey-mgo83-umf12-sustainable-new-zealand-honey-manuka-umf12-mgo400\\\/#breadcrumb\",\"itemListElement\":[{\"@type\":\"ListItem\",\"position\":1,\"name\":\"Home\",\"item\":\"https:\\\/\\\/purehivehoney.com\\\/de\\\/\"},{\"@type\":\"ListItem\",\"position\":2,\"name\":\"Shop\",\"item\":\"https:\\\/\\\/purehivehoney.com\\\/de\\\/shop\\\/\"},{\"@type\":\"ListItem\",\"position\":3,\"name\":\"Taylor Pass Honey Co. Manuka Honey ...\"}]},{\"@type\":\"WebSite\",\"@id\":\"https:\\\/\\\/purehivehoney.com\\\/de\\\/#website\",\"url\":\"https:\\\/\\\/purehivehoney.com\\\/de\\\/\",\"name\":\"PureHiveHoney\",\"description\":\"Reiner Honig &amp; Bienenprodukte Online | Rohhonig, Bio Honig &amp; Spezialhonig\",\"publisher\":{\"@id\":\"https:\\\/\\\/purehivehoney.com\\\/de\\\/#organization\"},\"potentialAction\":[{\"@type\":\"SearchAction\",\"target\":{\"@type\":\"EntryPoint\",\"urlTemplate\":\"https:\\\/\\\/purehivehoney.com\\\/de\\\/?s={search_term_string}\"},\"query-input\":{\"@type\":\"PropertyValueSpecification\",\"valueRequired\":true,\"valueName\":\"search_term_string\"}}],\"inLanguage\":\"de\"},{\"@type\":\"Organization\",\"@id\":\"https:\\\/\\\/purehivehoney.com\\\/de\\\/#organization\",\"name\":\"PureHiveHoney\",\"url\":\"https:\\\/\\\/purehivehoney.com\\\/de\\\/\",\"logo\":{\"@type\":\"ImageObject\",\"inLanguage\":\"de\",\"@id\":\"https:\\\/\\\/purehivehoney.com\\\/de\\\/#\\\/schema\\\/logo\\\/image\\\/\",\"url\":\"https:\\\/\\\/purehivehoney.com\\\/de\\\/wp-content\\\/uploads\\\/2026\\\/03\\\/Screenshot-2026-03-16-at-1.06.01-AM.png\",\"contentUrl\":\"https:\\\/\\\/purehivehoney.com\\\/de\\\/wp-content\\\/uploads\\\/2026\\\/03\\\/Screenshot-2026-03-16-at-1.06.01-AM.png\",\"width\":2112,\"height\":1086,\"caption\":\"PureHiveHoney\"},\"image\":{\"@id\":\"https:\\\/\\\/purehivehoney.com\\\/de\\\/#\\\/schema\\\/logo\\\/image\\\/\"}}]}<\/script>\n<!-- \/ Yoast SEO plugin. -->","yoast_head_json":{"title":"Taylor Pass Honey Co. Manuka Honey MGO83+ UMF12+ | Sustainable New Zealand Honey | (Manuka UMF12+\/MGO400+) - PureHiveHoney","description":"Entdecken Sie hochwertigen Rohhonig, Bio Honig, Manuka Honig und nat\u00fcrliche Bienenprodukte. PureHiveHoney hilft Ihnen dabei, sorgf\u00e4ltig ausgew\u00e4hlte Honigsorten mit nat\u00fcrlicher Qualit\u00e4t und Reinheit zu entdecken.","robots":{"index":"index","follow":"follow","max-snippet":"max-snippet:-1","max-image-preview":"max-image-preview:large","max-video-preview":"max-video-preview:-1"},"canonical":"https:\/\/purehivehoney.com\/de\/product\/taylor-pass-honey-co-manuka-honey-mgo83-umf12-sustainable-new-zealand-honey-manuka-umf12-mgo400\/","og_locale":"de_DE","og_type":"article","og_title":"Taylor Pass Honey Co. Manuka Honey MGO83+ UMF12+ | Sustainable New Zealand Honey | (Manuka UMF12+\/MGO400+) - PureHiveHoney","og_description":"Entdecken Sie hochwertigen Rohhonig, Bio Honig, Manuka Honig und nat\u00fcrliche Bienenprodukte. PureHiveHoney hilft Ihnen dabei, sorgf\u00e4ltig ausgew\u00e4hlte Honigsorten mit nat\u00fcrlicher Qualit\u00e4t und Reinheit zu entdecken.","og_url":"https:\/\/purehivehoney.com\/de\/product\/taylor-pass-honey-co-manuka-honey-mgo83-umf12-sustainable-new-zealand-honey-manuka-umf12-mgo400\/","og_site_name":"PureHiveHoney","article_modified_time":"2026-03-16T08:41:18+00:00","twitter_card":"summary_large_image","twitter_misc":{"Gesch\u00e4tzte Lesezeit":"1\u00a0Minute"},"schema":{"@context":"https:\/\/schema.org","@graph":[{"@type":"WebPage","@id":"https:\/\/purehivehoney.com\/de\/product\/taylor-pass-honey-co-manuka-honey-mgo83-umf12-sustainable-new-zealand-honey-manuka-umf12-mgo400\/","url":"https:\/\/purehivehoney.com\/de\/product\/taylor-pass-honey-co-manuka-honey-mgo83-umf12-sustainable-new-zealand-honey-manuka-umf12-mgo400\/","name":"Taylor Pass Honey Co. Manuka Honey MGO83+ UMF12+ | Sustainable New Zealand Honey | (Manuka UMF12+\/MGO400+) - PureHiveHoney","isPartOf":{"@id":"https:\/\/purehivehoney.com\/de\/#website"},"primaryImageOfPage":{"@id":"https:\/\/purehivehoney.com\/de\/product\/taylor-pass-honey-co-manuka-honey-mgo83-umf12-sustainable-new-zealand-honey-manuka-umf12-mgo400\/#primaryimage"},"image":{"@id":"https:\/\/purehivehoney.com\/de\/product\/taylor-pass-honey-co-manuka-honey-mgo83-umf12-sustainable-new-zealand-honey-manuka-umf12-mgo400\/#primaryimage"},"thumbnailUrl":"https:\/\/purehivehoney.com\/de\/wp-content\/uploads\/2026\/03\/91hhgexmgAL._SL1500_.jpg","datePublished":"2026-03-16T08:41:05+00:00","dateModified":"2026-03-16T08:41:18+00:00","description":"Entdecken Sie hochwertigen Rohhonig, Bio Honig, Manuka Honig und nat\u00fcrliche Bienenprodukte. PureHiveHoney hilft Ihnen dabei, sorgf\u00e4ltig ausgew\u00e4hlte Honigsorten mit nat\u00fcrlicher Qualit\u00e4t und Reinheit zu entdecken.","breadcrumb":{"@id":"https:\/\/purehivehoney.com\/de\/product\/taylor-pass-honey-co-manuka-honey-mgo83-umf12-sustainable-new-zealand-honey-manuka-umf12-mgo400\/#breadcrumb"},"inLanguage":"de","potentialAction":[{"@type":"ReadAction","target":["https:\/\/purehivehoney.com\/de\/product\/taylor-pass-honey-co-manuka-honey-mgo83-umf12-sustainable-new-zealand-honey-manuka-umf12-mgo400\/"]}]},{"@type":"ImageObject","inLanguage":"de","@id":"https:\/\/purehivehoney.com\/de\/product\/taylor-pass-honey-co-manuka-honey-mgo83-umf12-sustainable-new-zealand-honey-manuka-umf12-mgo400\/#primaryimage","url":"https:\/\/purehivehoney.com\/de\/wp-content\/uploads\/2026\/03\/91hhgexmgAL._SL1500_.jpg","contentUrl":"https:\/\/purehivehoney.com\/de\/wp-content\/uploads\/2026\/03\/91hhgexmgAL._SL1500_.jpg","width":1074,"height":1500},{"@type":"BreadcrumbList","@id":"https:\/\/purehivehoney.com\/de\/product\/taylor-pass-honey-co-manuka-honey-mgo83-umf12-sustainable-new-zealand-honey-manuka-umf12-mgo400\/#breadcrumb","itemListElement":[{"@type":"ListItem","position":1,"name":"Home","item":"https:\/\/purehivehoney.com\/de\/"},{"@type":"ListItem","position":2,"name":"Shop","item":"https:\/\/purehivehoney.com\/de\/shop\/"},{"@type":"ListItem","position":3,"name":"Taylor Pass Honey Co. Manuka Honey ..."}]},{"@type":"WebSite","@id":"https:\/\/purehivehoney.com\/de\/#website","url":"https:\/\/purehivehoney.com\/de\/","name":"PureHiveHoney","description":"Reiner Honig &amp; Bienenprodukte Online | Rohhonig, Bio Honig &amp; Spezialhonig","publisher":{"@id":"https:\/\/purehivehoney.com\/de\/#organization"},"potentialAction":[{"@type":"SearchAction","target":{"@type":"EntryPoint","urlTemplate":"https:\/\/purehivehoney.com\/de\/?s={search_term_string}"},"query-input":{"@type":"PropertyValueSpecification","valueRequired":true,"valueName":"search_term_string"}}],"inLanguage":"de"},{"@type":"Organization","@id":"https:\/\/purehivehoney.com\/de\/#organization","name":"PureHiveHoney","url":"https:\/\/purehivehoney.com\/de\/","logo":{"@type":"ImageObject","inLanguage":"de","@id":"https:\/\/purehivehoney.com\/de\/#\/schema\/logo\/image\/","url":"https:\/\/purehivehoney.com\/de\/wp-content\/uploads\/2026\/03\/Screenshot-2026-03-16-at-1.06.01-AM.png","contentUrl":"https:\/\/purehivehoney.com\/de\/wp-content\/uploads\/2026\/03\/Screenshot-2026-03-16-at-1.06.01-AM.png","width":2112,"height":1086,"caption":"PureHiveHoney"},"image":{"@id":"https:\/\/purehivehoney.com\/de\/#\/schema\/logo\/image\/"}}]}},"_links":{"self":[{"href":"https:\/\/purehivehoney.com\/de\/wp-json\/wp\/v2\/product\/1155","targetHints":{"allow":["GET"]}}],"collection":[{"href":"https:\/\/purehivehoney.com\/de\/wp-json\/wp\/v2\/product"}],"about":[{"href":"https:\/\/purehivehoney.com\/de\/wp-json\/wp\/v2\/types\/product"}],"replies":[{"embeddable":true,"href":"https:\/\/purehivehoney.com\/de\/wp-json\/wp\/v2\/comments?post=1155"}],"wp:featuredmedia":[{"embeddable":true,"href":"https:\/\/purehivehoney.com\/de\/wp-json\/wp\/v2\/media\/1156"}],"wp:attachment":[{"href":"https:\/\/purehivehoney.com\/de\/wp-json\/wp\/v2\/media?parent=1155"}],"wp:term":[{"taxonomy":"store","embeddable":true,"href":"https:\/\/purehivehoney.com\/de\/wp-json\/wp\/v2\/store?post=1155"},{"taxonomy":"product_brand","embeddable":true,"href":"https:\/\/purehivehoney.com\/de\/wp-json\/wp\/v2\/product_brand?post=1155"},{"taxonomy":"product_cat","embeddable":true,"href":"https:\/\/purehivehoney.com\/de\/wp-json\/wp\/v2\/product_cat?post=1155"},{"taxonomy":"product_tag","embeddable":true,"href":"https:\/\/purehivehoney.com\/de\/wp-json\/wp\/v2\/product_tag?post=1155"}],"curies":[{"name":"wp","href":"https:\/\/api.w.org\/{rel}","templated":true}]}}