{"id":1117,"date":"2026-03-16T08:12:20","date_gmt":"2026-03-16T08:12:20","guid":{"rendered":"https:\/\/purehivehoney.com\/de\/product\/beeswax-pastilles-from-beekeepers-ideal-for-cosmetics-candles-creams-ointments-soaps-oilcloths-in-practical-resealable-zip-bag-800\/"},"modified":"2026-03-16T08:12:30","modified_gmt":"2026-03-16T08:12:30","slug":"beeswax-pastilles-from-beekeepers-ideal-for-cosmetics-candles-creams-ointments-soaps-oilcloths-in-practical-resealable-zip-bag-800","status":"publish","type":"product","link":"https:\/\/purehivehoney.com\/de\/product\/beeswax-pastilles-from-beekeepers-ideal-for-cosmetics-candles-creams-ointments-soaps-oilcloths-in-practical-resealable-zip-bag-800\/","title":{"rendered":"Beeswax Pastilles from Beekeepers \/..."},"content":{"rendered":"<p>    <span>The wax plates sweated by the honey bees from wax glands have originally a white colour. The yellow colour is created by the absorption of pollen oil as an ingredient of the flower pollen and fades over time. We sell the surplus of wax from the bee colonies. Wax purchase, is like honey purchase, a matter of trust.<\/span>    <br \/>100% pure beeswax from honey bees. Imkerei Beck stands for the highest demands. Purified beeswax without additives. Our beeswax is ideal for further use for skin care, cosmetics, candles and oilcloths as well as for wood and leather care.<br \/>The beeswax pastilles melt quickly, at approx. 62 \u00b0C &#8211; 65 \u00b0C, preferably in a water bath or in a double-walled melting pot<br \/>Sustainable packaging, short transport routes<br \/>Natural smell, no perfume (no honey smell possible)<br \/>According to the guidelines of the German Pharmacopoeia (DAB)<\/p>\n\n","protected":false},"excerpt":{"rendered":"<p>The wax plates sweated by the honey bees from wax glands have originally a white colour. The yellow colour is created by the absorption of pollen oil as an ingredient of the flower pollen and fades over time. We sell the surplus of wax from the bee colonies. Wax purchase, is like honey purchase, a [&hellip;]<\/p>\n","protected":false},"featured_media":1118,"comment_status":"open","ping_status":"closed","template":"","meta":{"_aipt_faq_data":""},"store":[],"product_brand":[],"product_cat":[67],"product_tag":[193],"class_list":{"0":"post-1117","1":"product","2":"type-product","3":"status-publish","4":"has-post-thumbnail","6":"product_cat-bienenwachs","7":"product_tag-bienenwachs-fuer-kosmetik","9":"first","10":"instock","11":"shipping-taxable","12":"product-type-external"},"yoast_head":"<!-- This site is optimized with the Yoast SEO plugin v27.4 - https:\/\/yoast.com\/product\/yoast-seo-wordpress\/ -->\n<title>Beeswax Pastilles from Beekeepers \/ Ideal for Cosmetics Candles Creams Ointments Soaps Oilcloths in Practical Resealable Zip Bag (800) - PureHiveHoney<\/title>\n<meta name=\"description\" content=\"Entdecken Sie hochwertigen Rohhonig, Bio Honig, Manuka Honig und nat\u00fcrliche Bienenprodukte. PureHiveHoney hilft Ihnen dabei, sorgf\u00e4ltig ausgew\u00e4hlte Honigsorten mit nat\u00fcrlicher Qualit\u00e4t und Reinheit zu entdecken.\" \/>\n<meta name=\"robots\" content=\"index, follow, max-snippet:-1, max-image-preview:large, max-video-preview:-1\" \/>\n<link rel=\"canonical\" href=\"https:\/\/purehivehoney.com\/de\/product\/beeswax-pastilles-from-beekeepers-ideal-for-cosmetics-candles-creams-ointments-soaps-oilcloths-in-practical-resealable-zip-bag-800\/\" \/>\n<meta property=\"og:locale\" content=\"de_DE\" \/>\n<meta property=\"og:type\" content=\"article\" \/>\n<meta property=\"og:title\" content=\"Beeswax Pastilles from Beekeepers \/ Ideal for Cosmetics Candles Creams Ointments Soaps Oilcloths in Practical Resealable Zip Bag (800) - PureHiveHoney\" \/>\n<meta property=\"og:description\" content=\"Entdecken Sie hochwertigen Rohhonig, Bio Honig, Manuka Honig und nat\u00fcrliche Bienenprodukte. PureHiveHoney hilft Ihnen dabei, sorgf\u00e4ltig ausgew\u00e4hlte Honigsorten mit nat\u00fcrlicher Qualit\u00e4t und Reinheit zu entdecken.\" \/>\n<meta property=\"og:url\" content=\"https:\/\/purehivehoney.com\/de\/product\/beeswax-pastilles-from-beekeepers-ideal-for-cosmetics-candles-creams-ointments-soaps-oilcloths-in-practical-resealable-zip-bag-800\/\" \/>\n<meta property=\"og:site_name\" content=\"PureHiveHoney\" \/>\n<meta property=\"article:modified_time\" content=\"2026-03-16T08:12:30+00:00\" \/>\n<meta name=\"twitter:card\" content=\"summary_large_image\" \/>\n<meta name=\"twitter:label1\" content=\"Gesch\u00e4tzte Lesezeit\" \/>\n\t<meta name=\"twitter:data1\" content=\"1\u00a0Minute\" \/>\n<script type=\"application\/ld+json\" class=\"yoast-schema-graph\">{\"@context\":\"https:\\\/\\\/schema.org\",\"@graph\":[{\"@type\":\"WebPage\",\"@id\":\"https:\\\/\\\/purehivehoney.com\\\/de\\\/product\\\/beeswax-pastilles-from-beekeepers-ideal-for-cosmetics-candles-creams-ointments-soaps-oilcloths-in-practical-resealable-zip-bag-800\\\/\",\"url\":\"https:\\\/\\\/purehivehoney.com\\\/de\\\/product\\\/beeswax-pastilles-from-beekeepers-ideal-for-cosmetics-candles-creams-ointments-soaps-oilcloths-in-practical-resealable-zip-bag-800\\\/\",\"name\":\"Beeswax Pastilles from Beekeepers \\\/ Ideal for Cosmetics Candles Creams Ointments Soaps Oilcloths in Practical Resealable Zip Bag (800) - PureHiveHoney\",\"isPartOf\":{\"@id\":\"https:\\\/\\\/purehivehoney.com\\\/de\\\/#website\"},\"primaryImageOfPage\":{\"@id\":\"https:\\\/\\\/purehivehoney.com\\\/de\\\/product\\\/beeswax-pastilles-from-beekeepers-ideal-for-cosmetics-candles-creams-ointments-soaps-oilcloths-in-practical-resealable-zip-bag-800\\\/#primaryimage\"},\"image\":{\"@id\":\"https:\\\/\\\/purehivehoney.com\\\/de\\\/product\\\/beeswax-pastilles-from-beekeepers-ideal-for-cosmetics-candles-creams-ointments-soaps-oilcloths-in-practical-resealable-zip-bag-800\\\/#primaryimage\"},\"thumbnailUrl\":\"https:\\\/\\\/purehivehoney.com\\\/de\\\/wp-content\\\/uploads\\\/2026\\\/03\\\/81mDZxDpEDL._AC_SL1500_.jpg\",\"datePublished\":\"2026-03-16T08:12:20+00:00\",\"dateModified\":\"2026-03-16T08:12:30+00:00\",\"description\":\"Entdecken Sie hochwertigen Rohhonig, Bio Honig, Manuka Honig und nat\u00fcrliche Bienenprodukte. PureHiveHoney hilft Ihnen dabei, sorgf\u00e4ltig ausgew\u00e4hlte Honigsorten mit nat\u00fcrlicher Qualit\u00e4t und Reinheit zu entdecken.\",\"breadcrumb\":{\"@id\":\"https:\\\/\\\/purehivehoney.com\\\/de\\\/product\\\/beeswax-pastilles-from-beekeepers-ideal-for-cosmetics-candles-creams-ointments-soaps-oilcloths-in-practical-resealable-zip-bag-800\\\/#breadcrumb\"},\"inLanguage\":\"de\",\"potentialAction\":[{\"@type\":\"ReadAction\",\"target\":[\"https:\\\/\\\/purehivehoney.com\\\/de\\\/product\\\/beeswax-pastilles-from-beekeepers-ideal-for-cosmetics-candles-creams-ointments-soaps-oilcloths-in-practical-resealable-zip-bag-800\\\/\"]}]},{\"@type\":\"ImageObject\",\"inLanguage\":\"de\",\"@id\":\"https:\\\/\\\/purehivehoney.com\\\/de\\\/product\\\/beeswax-pastilles-from-beekeepers-ideal-for-cosmetics-candles-creams-ointments-soaps-oilcloths-in-practical-resealable-zip-bag-800\\\/#primaryimage\",\"url\":\"https:\\\/\\\/purehivehoney.com\\\/de\\\/wp-content\\\/uploads\\\/2026\\\/03\\\/81mDZxDpEDL._AC_SL1500_.jpg\",\"contentUrl\":\"https:\\\/\\\/purehivehoney.com\\\/de\\\/wp-content\\\/uploads\\\/2026\\\/03\\\/81mDZxDpEDL._AC_SL1500_.jpg\",\"width\":1339,\"height\":1500},{\"@type\":\"BreadcrumbList\",\"@id\":\"https:\\\/\\\/purehivehoney.com\\\/de\\\/product\\\/beeswax-pastilles-from-beekeepers-ideal-for-cosmetics-candles-creams-ointments-soaps-oilcloths-in-practical-resealable-zip-bag-800\\\/#breadcrumb\",\"itemListElement\":[{\"@type\":\"ListItem\",\"position\":1,\"name\":\"Home\",\"item\":\"https:\\\/\\\/purehivehoney.com\\\/de\\\/\"},{\"@type\":\"ListItem\",\"position\":2,\"name\":\"Shop\",\"item\":\"https:\\\/\\\/purehivehoney.com\\\/de\\\/shop\\\/\"},{\"@type\":\"ListItem\",\"position\":3,\"name\":\"Beeswax Pastilles from Beekeepers \\\/...\"}]},{\"@type\":\"WebSite\",\"@id\":\"https:\\\/\\\/purehivehoney.com\\\/de\\\/#website\",\"url\":\"https:\\\/\\\/purehivehoney.com\\\/de\\\/\",\"name\":\"PureHiveHoney\",\"description\":\"Reiner Honig &amp; Bienenprodukte Online | Rohhonig, Bio Honig &amp; Spezialhonig\",\"publisher\":{\"@id\":\"https:\\\/\\\/purehivehoney.com\\\/de\\\/#organization\"},\"potentialAction\":[{\"@type\":\"SearchAction\",\"target\":{\"@type\":\"EntryPoint\",\"urlTemplate\":\"https:\\\/\\\/purehivehoney.com\\\/de\\\/?s={search_term_string}\"},\"query-input\":{\"@type\":\"PropertyValueSpecification\",\"valueRequired\":true,\"valueName\":\"search_term_string\"}}],\"inLanguage\":\"de\"},{\"@type\":\"Organization\",\"@id\":\"https:\\\/\\\/purehivehoney.com\\\/de\\\/#organization\",\"name\":\"PureHiveHoney\",\"url\":\"https:\\\/\\\/purehivehoney.com\\\/de\\\/\",\"logo\":{\"@type\":\"ImageObject\",\"inLanguage\":\"de\",\"@id\":\"https:\\\/\\\/purehivehoney.com\\\/de\\\/#\\\/schema\\\/logo\\\/image\\\/\",\"url\":\"https:\\\/\\\/purehivehoney.com\\\/de\\\/wp-content\\\/uploads\\\/2026\\\/03\\\/Screenshot-2026-03-16-at-1.06.01-AM.png\",\"contentUrl\":\"https:\\\/\\\/purehivehoney.com\\\/de\\\/wp-content\\\/uploads\\\/2026\\\/03\\\/Screenshot-2026-03-16-at-1.06.01-AM.png\",\"width\":2112,\"height\":1086,\"caption\":\"PureHiveHoney\"},\"image\":{\"@id\":\"https:\\\/\\\/purehivehoney.com\\\/de\\\/#\\\/schema\\\/logo\\\/image\\\/\"}}]}<\/script>\n<!-- \/ Yoast SEO plugin. -->","yoast_head_json":{"title":"Beeswax Pastilles from Beekeepers \/ Ideal for Cosmetics Candles Creams Ointments Soaps Oilcloths in Practical Resealable Zip Bag (800) - PureHiveHoney","description":"Entdecken Sie hochwertigen Rohhonig, Bio Honig, Manuka Honig und nat\u00fcrliche Bienenprodukte. PureHiveHoney hilft Ihnen dabei, sorgf\u00e4ltig ausgew\u00e4hlte Honigsorten mit nat\u00fcrlicher Qualit\u00e4t und Reinheit zu entdecken.","robots":{"index":"index","follow":"follow","max-snippet":"max-snippet:-1","max-image-preview":"max-image-preview:large","max-video-preview":"max-video-preview:-1"},"canonical":"https:\/\/purehivehoney.com\/de\/product\/beeswax-pastilles-from-beekeepers-ideal-for-cosmetics-candles-creams-ointments-soaps-oilcloths-in-practical-resealable-zip-bag-800\/","og_locale":"de_DE","og_type":"article","og_title":"Beeswax Pastilles from Beekeepers \/ Ideal for Cosmetics Candles Creams Ointments Soaps Oilcloths in Practical Resealable Zip Bag (800) - PureHiveHoney","og_description":"Entdecken Sie hochwertigen Rohhonig, Bio Honig, Manuka Honig und nat\u00fcrliche Bienenprodukte. PureHiveHoney hilft Ihnen dabei, sorgf\u00e4ltig ausgew\u00e4hlte Honigsorten mit nat\u00fcrlicher Qualit\u00e4t und Reinheit zu entdecken.","og_url":"https:\/\/purehivehoney.com\/de\/product\/beeswax-pastilles-from-beekeepers-ideal-for-cosmetics-candles-creams-ointments-soaps-oilcloths-in-practical-resealable-zip-bag-800\/","og_site_name":"PureHiveHoney","article_modified_time":"2026-03-16T08:12:30+00:00","twitter_card":"summary_large_image","twitter_misc":{"Gesch\u00e4tzte Lesezeit":"1\u00a0Minute"},"schema":{"@context":"https:\/\/schema.org","@graph":[{"@type":"WebPage","@id":"https:\/\/purehivehoney.com\/de\/product\/beeswax-pastilles-from-beekeepers-ideal-for-cosmetics-candles-creams-ointments-soaps-oilcloths-in-practical-resealable-zip-bag-800\/","url":"https:\/\/purehivehoney.com\/de\/product\/beeswax-pastilles-from-beekeepers-ideal-for-cosmetics-candles-creams-ointments-soaps-oilcloths-in-practical-resealable-zip-bag-800\/","name":"Beeswax Pastilles from Beekeepers \/ Ideal for Cosmetics Candles Creams Ointments Soaps Oilcloths in Practical Resealable Zip Bag (800) - PureHiveHoney","isPartOf":{"@id":"https:\/\/purehivehoney.com\/de\/#website"},"primaryImageOfPage":{"@id":"https:\/\/purehivehoney.com\/de\/product\/beeswax-pastilles-from-beekeepers-ideal-for-cosmetics-candles-creams-ointments-soaps-oilcloths-in-practical-resealable-zip-bag-800\/#primaryimage"},"image":{"@id":"https:\/\/purehivehoney.com\/de\/product\/beeswax-pastilles-from-beekeepers-ideal-for-cosmetics-candles-creams-ointments-soaps-oilcloths-in-practical-resealable-zip-bag-800\/#primaryimage"},"thumbnailUrl":"https:\/\/purehivehoney.com\/de\/wp-content\/uploads\/2026\/03\/81mDZxDpEDL._AC_SL1500_.jpg","datePublished":"2026-03-16T08:12:20+00:00","dateModified":"2026-03-16T08:12:30+00:00","description":"Entdecken Sie hochwertigen Rohhonig, Bio Honig, Manuka Honig und nat\u00fcrliche Bienenprodukte. PureHiveHoney hilft Ihnen dabei, sorgf\u00e4ltig ausgew\u00e4hlte Honigsorten mit nat\u00fcrlicher Qualit\u00e4t und Reinheit zu entdecken.","breadcrumb":{"@id":"https:\/\/purehivehoney.com\/de\/product\/beeswax-pastilles-from-beekeepers-ideal-for-cosmetics-candles-creams-ointments-soaps-oilcloths-in-practical-resealable-zip-bag-800\/#breadcrumb"},"inLanguage":"de","potentialAction":[{"@type":"ReadAction","target":["https:\/\/purehivehoney.com\/de\/product\/beeswax-pastilles-from-beekeepers-ideal-for-cosmetics-candles-creams-ointments-soaps-oilcloths-in-practical-resealable-zip-bag-800\/"]}]},{"@type":"ImageObject","inLanguage":"de","@id":"https:\/\/purehivehoney.com\/de\/product\/beeswax-pastilles-from-beekeepers-ideal-for-cosmetics-candles-creams-ointments-soaps-oilcloths-in-practical-resealable-zip-bag-800\/#primaryimage","url":"https:\/\/purehivehoney.com\/de\/wp-content\/uploads\/2026\/03\/81mDZxDpEDL._AC_SL1500_.jpg","contentUrl":"https:\/\/purehivehoney.com\/de\/wp-content\/uploads\/2026\/03\/81mDZxDpEDL._AC_SL1500_.jpg","width":1339,"height":1500},{"@type":"BreadcrumbList","@id":"https:\/\/purehivehoney.com\/de\/product\/beeswax-pastilles-from-beekeepers-ideal-for-cosmetics-candles-creams-ointments-soaps-oilcloths-in-practical-resealable-zip-bag-800\/#breadcrumb","itemListElement":[{"@type":"ListItem","position":1,"name":"Home","item":"https:\/\/purehivehoney.com\/de\/"},{"@type":"ListItem","position":2,"name":"Shop","item":"https:\/\/purehivehoney.com\/de\/shop\/"},{"@type":"ListItem","position":3,"name":"Beeswax Pastilles from Beekeepers \/..."}]},{"@type":"WebSite","@id":"https:\/\/purehivehoney.com\/de\/#website","url":"https:\/\/purehivehoney.com\/de\/","name":"PureHiveHoney","description":"Reiner Honig &amp; Bienenprodukte Online | Rohhonig, Bio Honig &amp; Spezialhonig","publisher":{"@id":"https:\/\/purehivehoney.com\/de\/#organization"},"potentialAction":[{"@type":"SearchAction","target":{"@type":"EntryPoint","urlTemplate":"https:\/\/purehivehoney.com\/de\/?s={search_term_string}"},"query-input":{"@type":"PropertyValueSpecification","valueRequired":true,"valueName":"search_term_string"}}],"inLanguage":"de"},{"@type":"Organization","@id":"https:\/\/purehivehoney.com\/de\/#organization","name":"PureHiveHoney","url":"https:\/\/purehivehoney.com\/de\/","logo":{"@type":"ImageObject","inLanguage":"de","@id":"https:\/\/purehivehoney.com\/de\/#\/schema\/logo\/image\/","url":"https:\/\/purehivehoney.com\/de\/wp-content\/uploads\/2026\/03\/Screenshot-2026-03-16-at-1.06.01-AM.png","contentUrl":"https:\/\/purehivehoney.com\/de\/wp-content\/uploads\/2026\/03\/Screenshot-2026-03-16-at-1.06.01-AM.png","width":2112,"height":1086,"caption":"PureHiveHoney"},"image":{"@id":"https:\/\/purehivehoney.com\/de\/#\/schema\/logo\/image\/"}}]}},"_links":{"self":[{"href":"https:\/\/purehivehoney.com\/de\/wp-json\/wp\/v2\/product\/1117","targetHints":{"allow":["GET"]}}],"collection":[{"href":"https:\/\/purehivehoney.com\/de\/wp-json\/wp\/v2\/product"}],"about":[{"href":"https:\/\/purehivehoney.com\/de\/wp-json\/wp\/v2\/types\/product"}],"replies":[{"embeddable":true,"href":"https:\/\/purehivehoney.com\/de\/wp-json\/wp\/v2\/comments?post=1117"}],"wp:featuredmedia":[{"embeddable":true,"href":"https:\/\/purehivehoney.com\/de\/wp-json\/wp\/v2\/media\/1118"}],"wp:attachment":[{"href":"https:\/\/purehivehoney.com\/de\/wp-json\/wp\/v2\/media?parent=1117"}],"wp:term":[{"taxonomy":"store","embeddable":true,"href":"https:\/\/purehivehoney.com\/de\/wp-json\/wp\/v2\/store?post=1117"},{"taxonomy":"product_brand","embeddable":true,"href":"https:\/\/purehivehoney.com\/de\/wp-json\/wp\/v2\/product_brand?post=1117"},{"taxonomy":"product_cat","embeddable":true,"href":"https:\/\/purehivehoney.com\/de\/wp-json\/wp\/v2\/product_cat?post=1117"},{"taxonomy":"product_tag","embeddable":true,"href":"https:\/\/purehivehoney.com\/de\/wp-json\/wp\/v2\/product_tag?post=1117"}],"curies":[{"name":"wp","href":"https:\/\/api.w.org\/{rel}","templated":true}]}}