{"id":1111,"date":"2026-03-16T08:10:18","date_gmt":"2026-03-16T08:10:18","guid":{"rendered":"https:\/\/purehivehoney.com\/de\/product\/ounona-wooden-honey-spoon-with-grooves-for-precise-dosing-food-safe-natural-honey-stick-for-honey-glass-wedding-gift-and-party-favour-versatile-reusable\/"},"modified":"2026-03-16T08:10:27","modified_gmt":"2026-03-16T08:10:27","slug":"ounona-wooden-honey-spoon-with-grooves-for-precise-dosing-food-safe-natural-honey-stick-for-honey-glass-wedding-gift-and-party-favour-versatile-reusable","status":"publish","type":"product","link":"https:\/\/purehivehoney.com\/de\/product\/ounona-wooden-honey-spoon-with-grooves-for-precise-dosing-food-safe-natural-honey-stick-for-honey-glass-wedding-gift-and-party-favour-versatile-reusable\/","title":{"rendered":"OUNONA Wooden honey spoon with groo..."},"content":{"rendered":"<p>                                             Product Description   <\/p>\n<h3 class=\"a-spacing-mini\">   <\/h3>\n<p>                                          <img decoding=\"async\" alt=\"17\" src=\"https:\/\/images-na.ssl-images-amazon.com\/images\/G\/01\/x-locale\/common\/grey-pixel.gif\" class=\"a-spacing-base a-lazy-loaded\" data-src=\"https:\/\/m.media-amazon.com\/images\/S\/aplus-media-library-service-media\/61e6acd1-8da6-441b-a923-a21b5b487606.__CR1002,0,970,600_PT0_SX970_V1___.jpg\"><img decoding=\"async\" alt=\"17\" src=\"https:\/\/m.media-amazon.com\/images\/S\/aplus-media-library-service-media\/61e6acd1-8da6-441b-a923-a21b5b487606.__CR1002,0,970,600_PT0_SX970_V1___.jpg\">                                         <\/p>\n<h3 class=\"a-spacing-mini\">   <\/h3>\n<p class=\"a-spacing-base\">\n<p>                                                  <img decoding=\"async\" alt=\"19\" src=\"https:\/\/images-na.ssl-images-amazon.com\/images\/G\/01\/x-locale\/common\/grey-pixel.gif\" class=\"a-spacing-mini a-lazy-loaded\" data-src=\"https:\/\/m.media-amazon.com\/images\/S\/aplus-media-library-service-media\/80382bd3-9369-4efd-9628-2060bf9e1f6c.__CR1002,0,300,300_PT0_SX300_V1___.jpg\"><img decoding=\"async\" alt=\"19\" src=\"https:\/\/m.media-amazon.com\/images\/S\/aplus-media-library-service-media\/80382bd3-9369-4efd-9628-2060bf9e1f6c.__CR1002,0,300,300_PT0_SX300_V1___.jpg\">  <\/p>\n<h3 class=\"a-spacing-mini\"> OUNONA <\/h3>\n<p>  Holz Honigl\u00f6ffel mit Rillen zum Pr\u00e4zisen Dosieren Lebensmittelecht Nat\u00fcrlicher Honigstabb f\u00fcr Honigglas als Hochzeitsgeschenk und Party Gastgeschenk Vielseitig Wiederverwendbar <\/p>\n<h3 class=\"a-spacing-small\">   <\/h3>\n<p class=\"apm-text-center\">\n                                                      <img decoding=\"async\" alt=\"15\" src=\"https:\/\/images-na.ssl-images-amazon.com\/images\/G\/01\/x-locale\/common\/grey-pixel.gif\" class=\"a-spacing-mini a-lazy-loaded\" data-src=\"https:\/\/m.media-amazon.com\/images\/S\/aplus-media-library-service-media\/3693f174-dd93-4c70-ac8a-1d6d2dbe910f.__CR1002,0,300,300_PT0_SX300_V1___.jpg\"><img decoding=\"async\" alt=\"15\" src=\"https:\/\/m.media-amazon.com\/images\/S\/aplus-media-library-service-media\/3693f174-dd93-4c70-ac8a-1d6d2dbe910f.__CR1002,0,300,300_PT0_SX300_V1___.jpg\">  <\/p>\n<p> Material: unser honigl\u00f6ffel ist aus naturholz gefertigt, ist lebensmittelecht und einfach zu verwenden und zu reinigen, honigst\u00f6\u00dfel, honigglasst\u00e4be <\/p>\n<p class=\"apm-text-center\">\n                                                      <img decoding=\"async\" alt=\"15\" src=\"https:\/\/images-na.ssl-images-amazon.com\/images\/G\/01\/x-locale\/common\/grey-pixel.gif\" class=\"a-spacing-mini a-lazy-loaded\" data-src=\"https:\/\/m.media-amazon.com\/images\/S\/aplus-media-library-service-media\/c3deb253-179d-43a3-9c2a-12b2cd350f80.__CR1002,0,300,300_PT0_SX300_V1___.jpg\"><img decoding=\"async\" alt=\"15\" src=\"https:\/\/m.media-amazon.com\/images\/S\/aplus-media-library-service-media\/c3deb253-179d-43a3-9c2a-12b2cd350f80.__CR1002,0,300,300_PT0_SX300_V1___.jpg\">  <\/p>\n<p> Honigglas-sticks: hochzeits- und partygeschenke oder als; ideal f\u00fcr honig, ahornsirup, melasse, geschmolzene schokolade, karamell und , h\u00f6lzerne honigl\u00f6ffel <\/p>\n<p class=\"apm-text-center\">\n                                                      <img decoding=\"async\" alt=\"16\" src=\"https:\/\/images-na.ssl-images-amazon.com\/images\/G\/01\/x-locale\/common\/grey-pixel.gif\" class=\"a-spacing-mini a-lazy-loaded\" data-src=\"https:\/\/m.media-amazon.com\/images\/S\/aplus-media-library-service-media\/642cc126-3e64-4753-b927-771193fd6018.__CR1002,0,300,300_PT0_SX300_V1___.jpg\"><img decoding=\"async\" alt=\"16\" src=\"https:\/\/m.media-amazon.com\/images\/S\/aplus-media-library-service-media\/642cc126-3e64-4753-b927-771193fd6018.__CR1002,0,300,300_PT0_SX300_V1___.jpg\">  <\/p>\n<p> Tolles : wunderbare erg\u00e4nzungen zu den honiggeschenken, die sie ihrer familie und ihren freunden schenken k\u00f6nnen, honigl\u00f6ffel aus holz, honigglasst\u00e4be <\/p>\n<p>Material: our honey spoon is made of natural wood, is food-safe and easy to use and clean, honey muddler, honey glass sticks<br \/>Honey jar sticks: wedding and party gifts or as; ideal for honey, maple syrup, molasses, melted chocolate, caramel and wooden honey spoons<br \/>Great: wonderful additions to the honey gifts you can give to your family and friends, honey spoon made of wood, honey glass sticks<br \/>Wooden mixing rod for honey: the grooves on these wooden ladles help you easily remove and distribute honey without scratching the surfaces<\/p>\n\n","protected":false},"excerpt":{"rendered":"<p>Product Description OUNONA Holz Honigl\u00f6ffel mit Rillen zum Pr\u00e4zisen Dosieren Lebensmittelecht Nat\u00fcrlicher Honigstabb f\u00fcr Honigglas als Hochzeitsgeschenk und Party Gastgeschenk Vielseitig Wiederverwendbar Material: unser honigl\u00f6ffel ist aus naturholz gefertigt, ist lebensmittelecht und einfach zu verwenden und zu reinigen, honigst\u00f6\u00dfel, honigglasst\u00e4be Honigglas-sticks: hochzeits- und partygeschenke oder als; ideal f\u00fcr honig, ahornsirup, melasse, geschmolzene schokolade, karamell und [&hellip;]<\/p>\n","protected":false},"featured_media":1112,"comment_status":"open","ping_status":"closed","template":"","meta":{"_aipt_faq_data":""},"store":[],"product_brand":[],"product_cat":[70],"product_tag":[131],"class_list":{"0":"post-1111","1":"product","2":"type-product","3":"status-publish","4":"has-post-thumbnail","6":"product_cat-premium-honig-geschenke","7":"product_tag-premium-honig-geschenke-mit-honigloeffel","9":"first","10":"instock","11":"shipping-taxable","12":"product-type-external"},"yoast_head":"<!-- This site is optimized with the Yoast SEO plugin v27.4 - https:\/\/yoast.com\/product\/yoast-seo-wordpress\/ -->\n<title>OUNONA Wooden honey spoon with grooves for precise dosing, food-safe, natural honey stick for honey glass, wedding gift and party favour, versatile, reusable - PureHiveHoney<\/title>\n<meta name=\"description\" content=\"Entdecken Sie hochwertigen Rohhonig, Bio Honig, Manuka Honig und nat\u00fcrliche Bienenprodukte. PureHiveHoney hilft Ihnen dabei, sorgf\u00e4ltig ausgew\u00e4hlte Honigsorten mit nat\u00fcrlicher Qualit\u00e4t und Reinheit zu entdecken.\" \/>\n<meta name=\"robots\" content=\"index, follow, max-snippet:-1, max-image-preview:large, max-video-preview:-1\" \/>\n<link rel=\"canonical\" href=\"https:\/\/purehivehoney.com\/de\/product\/ounona-wooden-honey-spoon-with-grooves-for-precise-dosing-food-safe-natural-honey-stick-for-honey-glass-wedding-gift-and-party-favour-versatile-reusable\/\" \/>\n<meta property=\"og:locale\" content=\"de_DE\" \/>\n<meta property=\"og:type\" content=\"article\" \/>\n<meta property=\"og:title\" content=\"OUNONA Wooden honey spoon with grooves for precise dosing, food-safe, natural honey stick for honey glass, wedding gift and party favour, versatile, reusable - PureHiveHoney\" \/>\n<meta property=\"og:description\" content=\"Entdecken Sie hochwertigen Rohhonig, Bio Honig, Manuka Honig und nat\u00fcrliche Bienenprodukte. PureHiveHoney hilft Ihnen dabei, sorgf\u00e4ltig ausgew\u00e4hlte Honigsorten mit nat\u00fcrlicher Qualit\u00e4t und Reinheit zu entdecken.\" \/>\n<meta property=\"og:url\" content=\"https:\/\/purehivehoney.com\/de\/product\/ounona-wooden-honey-spoon-with-grooves-for-precise-dosing-food-safe-natural-honey-stick-for-honey-glass-wedding-gift-and-party-favour-versatile-reusable\/\" \/>\n<meta property=\"og:site_name\" content=\"PureHiveHoney\" \/>\n<meta property=\"article:modified_time\" content=\"2026-03-16T08:10:27+00:00\" \/>\n<meta property=\"og:image\" content=\"https:\/\/images-na.ssl-images-amazon.com\/images\/G\/01\/x-locale\/common\/grey-pixel.gif\" \/>\n<meta name=\"twitter:card\" content=\"summary_large_image\" \/>\n<meta name=\"twitter:label1\" content=\"Gesch\u00e4tzte Lesezeit\" \/>\n\t<meta name=\"twitter:data1\" content=\"1\u00a0Minute\" \/>\n<script type=\"application\/ld+json\" class=\"yoast-schema-graph\">{\"@context\":\"https:\\\/\\\/schema.org\",\"@graph\":[{\"@type\":\"WebPage\",\"@id\":\"https:\\\/\\\/purehivehoney.com\\\/de\\\/product\\\/ounona-wooden-honey-spoon-with-grooves-for-precise-dosing-food-safe-natural-honey-stick-for-honey-glass-wedding-gift-and-party-favour-versatile-reusable\\\/\",\"url\":\"https:\\\/\\\/purehivehoney.com\\\/de\\\/product\\\/ounona-wooden-honey-spoon-with-grooves-for-precise-dosing-food-safe-natural-honey-stick-for-honey-glass-wedding-gift-and-party-favour-versatile-reusable\\\/\",\"name\":\"OUNONA Wooden honey spoon with grooves for precise dosing, food-safe, natural honey stick for honey glass, wedding gift and party favour, versatile, reusable - PureHiveHoney\",\"isPartOf\":{\"@id\":\"https:\\\/\\\/purehivehoney.com\\\/de\\\/#website\"},\"primaryImageOfPage\":{\"@id\":\"https:\\\/\\\/purehivehoney.com\\\/de\\\/product\\\/ounona-wooden-honey-spoon-with-grooves-for-precise-dosing-food-safe-natural-honey-stick-for-honey-glass-wedding-gift-and-party-favour-versatile-reusable\\\/#primaryimage\"},\"image\":{\"@id\":\"https:\\\/\\\/purehivehoney.com\\\/de\\\/product\\\/ounona-wooden-honey-spoon-with-grooves-for-precise-dosing-food-safe-natural-honey-stick-for-honey-glass-wedding-gift-and-party-favour-versatile-reusable\\\/#primaryimage\"},\"thumbnailUrl\":\"https:\\\/\\\/purehivehoney.com\\\/de\\\/wp-content\\\/uploads\\\/2026\\\/03\\\/41baUcLFVsL._AC_SL1281_.jpg\",\"datePublished\":\"2026-03-16T08:10:18+00:00\",\"dateModified\":\"2026-03-16T08:10:27+00:00\",\"description\":\"Entdecken Sie hochwertigen Rohhonig, Bio Honig, Manuka Honig und nat\u00fcrliche Bienenprodukte. PureHiveHoney hilft Ihnen dabei, sorgf\u00e4ltig ausgew\u00e4hlte Honigsorten mit nat\u00fcrlicher Qualit\u00e4t und Reinheit zu entdecken.\",\"breadcrumb\":{\"@id\":\"https:\\\/\\\/purehivehoney.com\\\/de\\\/product\\\/ounona-wooden-honey-spoon-with-grooves-for-precise-dosing-food-safe-natural-honey-stick-for-honey-glass-wedding-gift-and-party-favour-versatile-reusable\\\/#breadcrumb\"},\"inLanguage\":\"de\",\"potentialAction\":[{\"@type\":\"ReadAction\",\"target\":[\"https:\\\/\\\/purehivehoney.com\\\/de\\\/product\\\/ounona-wooden-honey-spoon-with-grooves-for-precise-dosing-food-safe-natural-honey-stick-for-honey-glass-wedding-gift-and-party-favour-versatile-reusable\\\/\"]}]},{\"@type\":\"ImageObject\",\"inLanguage\":\"de\",\"@id\":\"https:\\\/\\\/purehivehoney.com\\\/de\\\/product\\\/ounona-wooden-honey-spoon-with-grooves-for-precise-dosing-food-safe-natural-honey-stick-for-honey-glass-wedding-gift-and-party-favour-versatile-reusable\\\/#primaryimage\",\"url\":\"https:\\\/\\\/purehivehoney.com\\\/de\\\/wp-content\\\/uploads\\\/2026\\\/03\\\/41baUcLFVsL._AC_SL1281_.jpg\",\"contentUrl\":\"https:\\\/\\\/purehivehoney.com\\\/de\\\/wp-content\\\/uploads\\\/2026\\\/03\\\/41baUcLFVsL._AC_SL1281_.jpg\",\"width\":850,\"height\":853},{\"@type\":\"BreadcrumbList\",\"@id\":\"https:\\\/\\\/purehivehoney.com\\\/de\\\/product\\\/ounona-wooden-honey-spoon-with-grooves-for-precise-dosing-food-safe-natural-honey-stick-for-honey-glass-wedding-gift-and-party-favour-versatile-reusable\\\/#breadcrumb\",\"itemListElement\":[{\"@type\":\"ListItem\",\"position\":1,\"name\":\"Home\",\"item\":\"https:\\\/\\\/purehivehoney.com\\\/de\\\/\"},{\"@type\":\"ListItem\",\"position\":2,\"name\":\"Shop\",\"item\":\"https:\\\/\\\/purehivehoney.com\\\/de\\\/shop\\\/\"},{\"@type\":\"ListItem\",\"position\":3,\"name\":\"OUNONA Wooden honey spoon with groo...\"}]},{\"@type\":\"WebSite\",\"@id\":\"https:\\\/\\\/purehivehoney.com\\\/de\\\/#website\",\"url\":\"https:\\\/\\\/purehivehoney.com\\\/de\\\/\",\"name\":\"PureHiveHoney\",\"description\":\"Reiner Honig &amp; Bienenprodukte Online | Rohhonig, Bio Honig &amp; Spezialhonig\",\"publisher\":{\"@id\":\"https:\\\/\\\/purehivehoney.com\\\/de\\\/#organization\"},\"potentialAction\":[{\"@type\":\"SearchAction\",\"target\":{\"@type\":\"EntryPoint\",\"urlTemplate\":\"https:\\\/\\\/purehivehoney.com\\\/de\\\/?s={search_term_string}\"},\"query-input\":{\"@type\":\"PropertyValueSpecification\",\"valueRequired\":true,\"valueName\":\"search_term_string\"}}],\"inLanguage\":\"de\"},{\"@type\":\"Organization\",\"@id\":\"https:\\\/\\\/purehivehoney.com\\\/de\\\/#organization\",\"name\":\"PureHiveHoney\",\"url\":\"https:\\\/\\\/purehivehoney.com\\\/de\\\/\",\"logo\":{\"@type\":\"ImageObject\",\"inLanguage\":\"de\",\"@id\":\"https:\\\/\\\/purehivehoney.com\\\/de\\\/#\\\/schema\\\/logo\\\/image\\\/\",\"url\":\"https:\\\/\\\/purehivehoney.com\\\/de\\\/wp-content\\\/uploads\\\/2026\\\/03\\\/Screenshot-2026-03-16-at-1.06.01-AM.png\",\"contentUrl\":\"https:\\\/\\\/purehivehoney.com\\\/de\\\/wp-content\\\/uploads\\\/2026\\\/03\\\/Screenshot-2026-03-16-at-1.06.01-AM.png\",\"width\":2112,\"height\":1086,\"caption\":\"PureHiveHoney\"},\"image\":{\"@id\":\"https:\\\/\\\/purehivehoney.com\\\/de\\\/#\\\/schema\\\/logo\\\/image\\\/\"}}]}<\/script>\n<!-- \/ Yoast SEO plugin. -->","yoast_head_json":{"title":"OUNONA Wooden honey spoon with grooves for precise dosing, food-safe, natural honey stick for honey glass, wedding gift and party favour, versatile, reusable - PureHiveHoney","description":"Entdecken Sie hochwertigen Rohhonig, Bio Honig, Manuka Honig und nat\u00fcrliche Bienenprodukte. PureHiveHoney hilft Ihnen dabei, sorgf\u00e4ltig ausgew\u00e4hlte Honigsorten mit nat\u00fcrlicher Qualit\u00e4t und Reinheit zu entdecken.","robots":{"index":"index","follow":"follow","max-snippet":"max-snippet:-1","max-image-preview":"max-image-preview:large","max-video-preview":"max-video-preview:-1"},"canonical":"https:\/\/purehivehoney.com\/de\/product\/ounona-wooden-honey-spoon-with-grooves-for-precise-dosing-food-safe-natural-honey-stick-for-honey-glass-wedding-gift-and-party-favour-versatile-reusable\/","og_locale":"de_DE","og_type":"article","og_title":"OUNONA Wooden honey spoon with grooves for precise dosing, food-safe, natural honey stick for honey glass, wedding gift and party favour, versatile, reusable - PureHiveHoney","og_description":"Entdecken Sie hochwertigen Rohhonig, Bio Honig, Manuka Honig und nat\u00fcrliche Bienenprodukte. PureHiveHoney hilft Ihnen dabei, sorgf\u00e4ltig ausgew\u00e4hlte Honigsorten mit nat\u00fcrlicher Qualit\u00e4t und Reinheit zu entdecken.","og_url":"https:\/\/purehivehoney.com\/de\/product\/ounona-wooden-honey-spoon-with-grooves-for-precise-dosing-food-safe-natural-honey-stick-for-honey-glass-wedding-gift-and-party-favour-versatile-reusable\/","og_site_name":"PureHiveHoney","article_modified_time":"2026-03-16T08:10:27+00:00","og_image":[{"url":"https:\/\/images-na.ssl-images-amazon.com\/images\/G\/01\/x-locale\/common\/grey-pixel.gif","type":"","width":"","height":""}],"twitter_card":"summary_large_image","twitter_misc":{"Gesch\u00e4tzte Lesezeit":"1\u00a0Minute"},"schema":{"@context":"https:\/\/schema.org","@graph":[{"@type":"WebPage","@id":"https:\/\/purehivehoney.com\/de\/product\/ounona-wooden-honey-spoon-with-grooves-for-precise-dosing-food-safe-natural-honey-stick-for-honey-glass-wedding-gift-and-party-favour-versatile-reusable\/","url":"https:\/\/purehivehoney.com\/de\/product\/ounona-wooden-honey-spoon-with-grooves-for-precise-dosing-food-safe-natural-honey-stick-for-honey-glass-wedding-gift-and-party-favour-versatile-reusable\/","name":"OUNONA Wooden honey spoon with grooves for precise dosing, food-safe, natural honey stick for honey glass, wedding gift and party favour, versatile, reusable - PureHiveHoney","isPartOf":{"@id":"https:\/\/purehivehoney.com\/de\/#website"},"primaryImageOfPage":{"@id":"https:\/\/purehivehoney.com\/de\/product\/ounona-wooden-honey-spoon-with-grooves-for-precise-dosing-food-safe-natural-honey-stick-for-honey-glass-wedding-gift-and-party-favour-versatile-reusable\/#primaryimage"},"image":{"@id":"https:\/\/purehivehoney.com\/de\/product\/ounona-wooden-honey-spoon-with-grooves-for-precise-dosing-food-safe-natural-honey-stick-for-honey-glass-wedding-gift-and-party-favour-versatile-reusable\/#primaryimage"},"thumbnailUrl":"https:\/\/purehivehoney.com\/de\/wp-content\/uploads\/2026\/03\/41baUcLFVsL._AC_SL1281_.jpg","datePublished":"2026-03-16T08:10:18+00:00","dateModified":"2026-03-16T08:10:27+00:00","description":"Entdecken Sie hochwertigen Rohhonig, Bio Honig, Manuka Honig und nat\u00fcrliche Bienenprodukte. PureHiveHoney hilft Ihnen dabei, sorgf\u00e4ltig ausgew\u00e4hlte Honigsorten mit nat\u00fcrlicher Qualit\u00e4t und Reinheit zu entdecken.","breadcrumb":{"@id":"https:\/\/purehivehoney.com\/de\/product\/ounona-wooden-honey-spoon-with-grooves-for-precise-dosing-food-safe-natural-honey-stick-for-honey-glass-wedding-gift-and-party-favour-versatile-reusable\/#breadcrumb"},"inLanguage":"de","potentialAction":[{"@type":"ReadAction","target":["https:\/\/purehivehoney.com\/de\/product\/ounona-wooden-honey-spoon-with-grooves-for-precise-dosing-food-safe-natural-honey-stick-for-honey-glass-wedding-gift-and-party-favour-versatile-reusable\/"]}]},{"@type":"ImageObject","inLanguage":"de","@id":"https:\/\/purehivehoney.com\/de\/product\/ounona-wooden-honey-spoon-with-grooves-for-precise-dosing-food-safe-natural-honey-stick-for-honey-glass-wedding-gift-and-party-favour-versatile-reusable\/#primaryimage","url":"https:\/\/purehivehoney.com\/de\/wp-content\/uploads\/2026\/03\/41baUcLFVsL._AC_SL1281_.jpg","contentUrl":"https:\/\/purehivehoney.com\/de\/wp-content\/uploads\/2026\/03\/41baUcLFVsL._AC_SL1281_.jpg","width":850,"height":853},{"@type":"BreadcrumbList","@id":"https:\/\/purehivehoney.com\/de\/product\/ounona-wooden-honey-spoon-with-grooves-for-precise-dosing-food-safe-natural-honey-stick-for-honey-glass-wedding-gift-and-party-favour-versatile-reusable\/#breadcrumb","itemListElement":[{"@type":"ListItem","position":1,"name":"Home","item":"https:\/\/purehivehoney.com\/de\/"},{"@type":"ListItem","position":2,"name":"Shop","item":"https:\/\/purehivehoney.com\/de\/shop\/"},{"@type":"ListItem","position":3,"name":"OUNONA Wooden honey spoon with groo..."}]},{"@type":"WebSite","@id":"https:\/\/purehivehoney.com\/de\/#website","url":"https:\/\/purehivehoney.com\/de\/","name":"PureHiveHoney","description":"Reiner Honig &amp; Bienenprodukte Online | Rohhonig, Bio Honig &amp; Spezialhonig","publisher":{"@id":"https:\/\/purehivehoney.com\/de\/#organization"},"potentialAction":[{"@type":"SearchAction","target":{"@type":"EntryPoint","urlTemplate":"https:\/\/purehivehoney.com\/de\/?s={search_term_string}"},"query-input":{"@type":"PropertyValueSpecification","valueRequired":true,"valueName":"search_term_string"}}],"inLanguage":"de"},{"@type":"Organization","@id":"https:\/\/purehivehoney.com\/de\/#organization","name":"PureHiveHoney","url":"https:\/\/purehivehoney.com\/de\/","logo":{"@type":"ImageObject","inLanguage":"de","@id":"https:\/\/purehivehoney.com\/de\/#\/schema\/logo\/image\/","url":"https:\/\/purehivehoney.com\/de\/wp-content\/uploads\/2026\/03\/Screenshot-2026-03-16-at-1.06.01-AM.png","contentUrl":"https:\/\/purehivehoney.com\/de\/wp-content\/uploads\/2026\/03\/Screenshot-2026-03-16-at-1.06.01-AM.png","width":2112,"height":1086,"caption":"PureHiveHoney"},"image":{"@id":"https:\/\/purehivehoney.com\/de\/#\/schema\/logo\/image\/"}}]}},"_links":{"self":[{"href":"https:\/\/purehivehoney.com\/de\/wp-json\/wp\/v2\/product\/1111","targetHints":{"allow":["GET"]}}],"collection":[{"href":"https:\/\/purehivehoney.com\/de\/wp-json\/wp\/v2\/product"}],"about":[{"href":"https:\/\/purehivehoney.com\/de\/wp-json\/wp\/v2\/types\/product"}],"replies":[{"embeddable":true,"href":"https:\/\/purehivehoney.com\/de\/wp-json\/wp\/v2\/comments?post=1111"}],"wp:featuredmedia":[{"embeddable":true,"href":"https:\/\/purehivehoney.com\/de\/wp-json\/wp\/v2\/media\/1112"}],"wp:attachment":[{"href":"https:\/\/purehivehoney.com\/de\/wp-json\/wp\/v2\/media?parent=1111"}],"wp:term":[{"taxonomy":"store","embeddable":true,"href":"https:\/\/purehivehoney.com\/de\/wp-json\/wp\/v2\/store?post=1111"},{"taxonomy":"product_brand","embeddable":true,"href":"https:\/\/purehivehoney.com\/de\/wp-json\/wp\/v2\/product_brand?post=1111"},{"taxonomy":"product_cat","embeddable":true,"href":"https:\/\/purehivehoney.com\/de\/wp-json\/wp\/v2\/product_cat?post=1111"},{"taxonomy":"product_tag","embeddable":true,"href":"https:\/\/purehivehoney.com\/de\/wp-json\/wp\/v2\/product_tag?post=1111"}],"curies":[{"name":"wp","href":"https:\/\/api.w.org\/{rel}","templated":true}]}}