{"id":1099,"date":"2026-03-16T08:06:18","date_gmt":"2026-03-16T08:06:18","guid":{"rendered":"https:\/\/purehivehoney.com\/de\/product\/mini-honey-jars-42-5ml-pack-of-48-hexagonal-honey-jars-with-spoon-gold-lid-bee-pendant-gold-gift-bags-rope-thank-you-labels-glass-honey-jars-with-lids\/"},"modified":"2026-03-16T08:06:31","modified_gmt":"2026-03-16T08:06:31","slug":"mini-honey-jars-42-5ml-pack-of-48-hexagonal-honey-jars-with-spoon-gold-lid-bee-pendant-gold-gift-bags-rope-thank-you-labels-glass-honey-jars-with-lids","status":"publish","type":"product","link":"https:\/\/purehivehoney.com\/de\/product\/mini-honey-jars-42-5ml-pack-of-48-hexagonal-honey-jars-with-spoon-gold-lid-bee-pendant-gold-gift-bags-rope-thank-you-labels-glass-honey-jars-with-lids\/","title":{"rendered":"Mini Honey Jars, 42.5ml, Pack of 48..."},"content":{"rendered":"<p>    <span>Mini Honey Jars 1.5oz 48 Pack Hexagonal Honey Jars with Wooden Spoon Gold Lids Bee Pendant Gold Gift Bags Rope Thank You Labels Glass Honey Jars with Lids Baby Shower Wedding Favors Favors<\/span>    <br \/>Package includes: you will receive 48 mini honey jars, 48 gold lids, 48 wooden spoons, 48 golden bee pendants, 48 gold gift bags, 48 tags, 48 stickers, twine &#8211; 30 m<br \/>Wide Application A bulk pack of 42g mini honey jars for storing honey, jam, candy, jelly, candle ornaments or other. These 1.5oz mini jars with lids as party favors can also be used for DIY decorations at home, art or party. It is also the perfect gift for baby showers, wedding parties, housewarming parties, Christmas and other festivals or anniversaries. 42ml jars with lids, reusable jam jars for replacing disposable containers<br \/>Safe and Reliable Material These 1.5oz mini jars with lids are made of high quality food grade glass, BPA free and lead free. They are dishwasher safe. Mini mason jars ideal for food, cosmetics, beads, pigments and other accessories<br \/>EASY TO CLEAN AND STORE They are made of high quality thick glass, which is stronger and more durable. The transparent glasses are elegantly designed so you can clearly distinguish the contents<br \/>Worry-free after sale: If you have any questions about these honey bottles, please let us know. We are happy to help you<\/p>\n\n","protected":false},"excerpt":{"rendered":"<p>Mini Honey Jars 1.5oz 48 Pack Hexagonal Honey Jars with Wooden Spoon Gold Lids Bee Pendant Gold Gift Bags Rope Thank You Labels Glass Honey Jars with Lids Baby Shower Wedding Favors Favors Package includes: you will receive 48 mini honey jars, 48 gold lids, 48 wooden spoons, 48 golden bee pendants, 48 gold gift [&hellip;]<\/p>\n","protected":false},"featured_media":1100,"comment_status":"open","ping_status":"closed","template":"","meta":{"_aipt_faq_data":""},"store":[],"product_brand":[253],"product_cat":[74],"product_tag":[188],"class_list":{"0":"post-1099","1":"product","2":"type-product","3":"status-publish","4":"has-post-thumbnail","6":"product_brand-givameihf","7":"product_cat-honigglaser","8":"product_tag-honigglaeser-mit-verzierung","10":"first","11":"instock","12":"shipping-taxable","13":"product-type-external"},"yoast_head":"<!-- This site is optimized with the Yoast SEO plugin v27.4 - https:\/\/yoast.com\/product\/yoast-seo-wordpress\/ -->\n<title>Mini Honey Jars, 42.5ml, Pack of 48 Hexagonal Honey Jars with Spoon, Gold Lid, Bee Pendant, Gold Gift Bags, Rope, Thank You Labels, Glass Honey Jars with Lids - PureHiveHoney<\/title>\n<meta name=\"description\" content=\"Entdecken Sie hochwertigen Rohhonig, Bio Honig, Manuka Honig und nat\u00fcrliche Bienenprodukte. PureHiveHoney hilft Ihnen dabei, sorgf\u00e4ltig ausgew\u00e4hlte Honigsorten mit nat\u00fcrlicher Qualit\u00e4t und Reinheit zu entdecken.\" \/>\n<meta name=\"robots\" content=\"index, follow, max-snippet:-1, max-image-preview:large, max-video-preview:-1\" \/>\n<link rel=\"canonical\" href=\"https:\/\/purehivehoney.com\/de\/product\/mini-honey-jars-42-5ml-pack-of-48-hexagonal-honey-jars-with-spoon-gold-lid-bee-pendant-gold-gift-bags-rope-thank-you-labels-glass-honey-jars-with-lids\/\" \/>\n<meta property=\"og:locale\" content=\"de_DE\" \/>\n<meta property=\"og:type\" content=\"article\" \/>\n<meta property=\"og:title\" content=\"Mini Honey Jars, 42.5ml, Pack of 48 Hexagonal Honey Jars with Spoon, Gold Lid, Bee Pendant, Gold Gift Bags, Rope, Thank You Labels, Glass Honey Jars with Lids - PureHiveHoney\" \/>\n<meta property=\"og:description\" content=\"Entdecken Sie hochwertigen Rohhonig, Bio Honig, Manuka Honig und nat\u00fcrliche Bienenprodukte. PureHiveHoney hilft Ihnen dabei, sorgf\u00e4ltig ausgew\u00e4hlte Honigsorten mit nat\u00fcrlicher Qualit\u00e4t und Reinheit zu entdecken.\" \/>\n<meta property=\"og:url\" content=\"https:\/\/purehivehoney.com\/de\/product\/mini-honey-jars-42-5ml-pack-of-48-hexagonal-honey-jars-with-spoon-gold-lid-bee-pendant-gold-gift-bags-rope-thank-you-labels-glass-honey-jars-with-lids\/\" \/>\n<meta property=\"og:site_name\" content=\"PureHiveHoney\" \/>\n<meta property=\"article:modified_time\" content=\"2026-03-16T08:06:31+00:00\" \/>\n<meta name=\"twitter:card\" content=\"summary_large_image\" \/>\n<meta name=\"twitter:label1\" content=\"Gesch\u00e4tzte Lesezeit\" \/>\n\t<meta name=\"twitter:data1\" content=\"1\u00a0Minute\" \/>\n<script type=\"application\/ld+json\" class=\"yoast-schema-graph\">{\"@context\":\"https:\\\/\\\/schema.org\",\"@graph\":[{\"@type\":\"WebPage\",\"@id\":\"https:\\\/\\\/purehivehoney.com\\\/de\\\/product\\\/mini-honey-jars-42-5ml-pack-of-48-hexagonal-honey-jars-with-spoon-gold-lid-bee-pendant-gold-gift-bags-rope-thank-you-labels-glass-honey-jars-with-lids\\\/\",\"url\":\"https:\\\/\\\/purehivehoney.com\\\/de\\\/product\\\/mini-honey-jars-42-5ml-pack-of-48-hexagonal-honey-jars-with-spoon-gold-lid-bee-pendant-gold-gift-bags-rope-thank-you-labels-glass-honey-jars-with-lids\\\/\",\"name\":\"Mini Honey Jars, 42.5ml, Pack of 48 Hexagonal Honey Jars with Spoon, Gold Lid, Bee Pendant, Gold Gift Bags, Rope, Thank You Labels, Glass Honey Jars with Lids - PureHiveHoney\",\"isPartOf\":{\"@id\":\"https:\\\/\\\/purehivehoney.com\\\/de\\\/#website\"},\"primaryImageOfPage\":{\"@id\":\"https:\\\/\\\/purehivehoney.com\\\/de\\\/product\\\/mini-honey-jars-42-5ml-pack-of-48-hexagonal-honey-jars-with-spoon-gold-lid-bee-pendant-gold-gift-bags-rope-thank-you-labels-glass-honey-jars-with-lids\\\/#primaryimage\"},\"image\":{\"@id\":\"https:\\\/\\\/purehivehoney.com\\\/de\\\/product\\\/mini-honey-jars-42-5ml-pack-of-48-hexagonal-honey-jars-with-spoon-gold-lid-bee-pendant-gold-gift-bags-rope-thank-you-labels-glass-honey-jars-with-lids\\\/#primaryimage\"},\"thumbnailUrl\":\"https:\\\/\\\/purehivehoney.com\\\/de\\\/wp-content\\\/uploads\\\/2026\\\/03\\\/81Sz-x-WgL._AC_SL1500_.jpg\",\"datePublished\":\"2026-03-16T08:06:18+00:00\",\"dateModified\":\"2026-03-16T08:06:31+00:00\",\"description\":\"Entdecken Sie hochwertigen Rohhonig, Bio Honig, Manuka Honig und nat\u00fcrliche Bienenprodukte. PureHiveHoney hilft Ihnen dabei, sorgf\u00e4ltig ausgew\u00e4hlte Honigsorten mit nat\u00fcrlicher Qualit\u00e4t und Reinheit zu entdecken.\",\"breadcrumb\":{\"@id\":\"https:\\\/\\\/purehivehoney.com\\\/de\\\/product\\\/mini-honey-jars-42-5ml-pack-of-48-hexagonal-honey-jars-with-spoon-gold-lid-bee-pendant-gold-gift-bags-rope-thank-you-labels-glass-honey-jars-with-lids\\\/#breadcrumb\"},\"inLanguage\":\"de\",\"potentialAction\":[{\"@type\":\"ReadAction\",\"target\":[\"https:\\\/\\\/purehivehoney.com\\\/de\\\/product\\\/mini-honey-jars-42-5ml-pack-of-48-hexagonal-honey-jars-with-spoon-gold-lid-bee-pendant-gold-gift-bags-rope-thank-you-labels-glass-honey-jars-with-lids\\\/\"]}]},{\"@type\":\"ImageObject\",\"inLanguage\":\"de\",\"@id\":\"https:\\\/\\\/purehivehoney.com\\\/de\\\/product\\\/mini-honey-jars-42-5ml-pack-of-48-hexagonal-honey-jars-with-spoon-gold-lid-bee-pendant-gold-gift-bags-rope-thank-you-labels-glass-honey-jars-with-lids\\\/#primaryimage\",\"url\":\"https:\\\/\\\/purehivehoney.com\\\/de\\\/wp-content\\\/uploads\\\/2026\\\/03\\\/81Sz-x-WgL._AC_SL1500_.jpg\",\"contentUrl\":\"https:\\\/\\\/purehivehoney.com\\\/de\\\/wp-content\\\/uploads\\\/2026\\\/03\\\/81Sz-x-WgL._AC_SL1500_.jpg\",\"width\":1497,\"height\":1500},{\"@type\":\"BreadcrumbList\",\"@id\":\"https:\\\/\\\/purehivehoney.com\\\/de\\\/product\\\/mini-honey-jars-42-5ml-pack-of-48-hexagonal-honey-jars-with-spoon-gold-lid-bee-pendant-gold-gift-bags-rope-thank-you-labels-glass-honey-jars-with-lids\\\/#breadcrumb\",\"itemListElement\":[{\"@type\":\"ListItem\",\"position\":1,\"name\":\"Home\",\"item\":\"https:\\\/\\\/purehivehoney.com\\\/de\\\/\"},{\"@type\":\"ListItem\",\"position\":2,\"name\":\"Shop\",\"item\":\"https:\\\/\\\/purehivehoney.com\\\/de\\\/shop\\\/\"},{\"@type\":\"ListItem\",\"position\":3,\"name\":\"Mini Honey Jars, 42.5ml, Pack of 48...\"}]},{\"@type\":\"WebSite\",\"@id\":\"https:\\\/\\\/purehivehoney.com\\\/de\\\/#website\",\"url\":\"https:\\\/\\\/purehivehoney.com\\\/de\\\/\",\"name\":\"PureHiveHoney\",\"description\":\"Reiner Honig &amp; Bienenprodukte Online | Rohhonig, Bio Honig &amp; Spezialhonig\",\"publisher\":{\"@id\":\"https:\\\/\\\/purehivehoney.com\\\/de\\\/#organization\"},\"potentialAction\":[{\"@type\":\"SearchAction\",\"target\":{\"@type\":\"EntryPoint\",\"urlTemplate\":\"https:\\\/\\\/purehivehoney.com\\\/de\\\/?s={search_term_string}\"},\"query-input\":{\"@type\":\"PropertyValueSpecification\",\"valueRequired\":true,\"valueName\":\"search_term_string\"}}],\"inLanguage\":\"de\"},{\"@type\":\"Organization\",\"@id\":\"https:\\\/\\\/purehivehoney.com\\\/de\\\/#organization\",\"name\":\"PureHiveHoney\",\"url\":\"https:\\\/\\\/purehivehoney.com\\\/de\\\/\",\"logo\":{\"@type\":\"ImageObject\",\"inLanguage\":\"de\",\"@id\":\"https:\\\/\\\/purehivehoney.com\\\/de\\\/#\\\/schema\\\/logo\\\/image\\\/\",\"url\":\"https:\\\/\\\/purehivehoney.com\\\/de\\\/wp-content\\\/uploads\\\/2026\\\/03\\\/Screenshot-2026-03-16-at-1.06.01-AM.png\",\"contentUrl\":\"https:\\\/\\\/purehivehoney.com\\\/de\\\/wp-content\\\/uploads\\\/2026\\\/03\\\/Screenshot-2026-03-16-at-1.06.01-AM.png\",\"width\":2112,\"height\":1086,\"caption\":\"PureHiveHoney\"},\"image\":{\"@id\":\"https:\\\/\\\/purehivehoney.com\\\/de\\\/#\\\/schema\\\/logo\\\/image\\\/\"}}]}<\/script>\n<!-- \/ Yoast SEO plugin. -->","yoast_head_json":{"title":"Mini Honey Jars, 42.5ml, Pack of 48 Hexagonal Honey Jars with Spoon, Gold Lid, Bee Pendant, Gold Gift Bags, Rope, Thank You Labels, Glass Honey Jars with Lids - PureHiveHoney","description":"Entdecken Sie hochwertigen Rohhonig, Bio Honig, Manuka Honig und nat\u00fcrliche Bienenprodukte. PureHiveHoney hilft Ihnen dabei, sorgf\u00e4ltig ausgew\u00e4hlte Honigsorten mit nat\u00fcrlicher Qualit\u00e4t und Reinheit zu entdecken.","robots":{"index":"index","follow":"follow","max-snippet":"max-snippet:-1","max-image-preview":"max-image-preview:large","max-video-preview":"max-video-preview:-1"},"canonical":"https:\/\/purehivehoney.com\/de\/product\/mini-honey-jars-42-5ml-pack-of-48-hexagonal-honey-jars-with-spoon-gold-lid-bee-pendant-gold-gift-bags-rope-thank-you-labels-glass-honey-jars-with-lids\/","og_locale":"de_DE","og_type":"article","og_title":"Mini Honey Jars, 42.5ml, Pack of 48 Hexagonal Honey Jars with Spoon, Gold Lid, Bee Pendant, Gold Gift Bags, Rope, Thank You Labels, Glass Honey Jars with Lids - PureHiveHoney","og_description":"Entdecken Sie hochwertigen Rohhonig, Bio Honig, Manuka Honig und nat\u00fcrliche Bienenprodukte. PureHiveHoney hilft Ihnen dabei, sorgf\u00e4ltig ausgew\u00e4hlte Honigsorten mit nat\u00fcrlicher Qualit\u00e4t und Reinheit zu entdecken.","og_url":"https:\/\/purehivehoney.com\/de\/product\/mini-honey-jars-42-5ml-pack-of-48-hexagonal-honey-jars-with-spoon-gold-lid-bee-pendant-gold-gift-bags-rope-thank-you-labels-glass-honey-jars-with-lids\/","og_site_name":"PureHiveHoney","article_modified_time":"2026-03-16T08:06:31+00:00","twitter_card":"summary_large_image","twitter_misc":{"Gesch\u00e4tzte Lesezeit":"1\u00a0Minute"},"schema":{"@context":"https:\/\/schema.org","@graph":[{"@type":"WebPage","@id":"https:\/\/purehivehoney.com\/de\/product\/mini-honey-jars-42-5ml-pack-of-48-hexagonal-honey-jars-with-spoon-gold-lid-bee-pendant-gold-gift-bags-rope-thank-you-labels-glass-honey-jars-with-lids\/","url":"https:\/\/purehivehoney.com\/de\/product\/mini-honey-jars-42-5ml-pack-of-48-hexagonal-honey-jars-with-spoon-gold-lid-bee-pendant-gold-gift-bags-rope-thank-you-labels-glass-honey-jars-with-lids\/","name":"Mini Honey Jars, 42.5ml, Pack of 48 Hexagonal Honey Jars with Spoon, Gold Lid, Bee Pendant, Gold Gift Bags, Rope, Thank You Labels, Glass Honey Jars with Lids - PureHiveHoney","isPartOf":{"@id":"https:\/\/purehivehoney.com\/de\/#website"},"primaryImageOfPage":{"@id":"https:\/\/purehivehoney.com\/de\/product\/mini-honey-jars-42-5ml-pack-of-48-hexagonal-honey-jars-with-spoon-gold-lid-bee-pendant-gold-gift-bags-rope-thank-you-labels-glass-honey-jars-with-lids\/#primaryimage"},"image":{"@id":"https:\/\/purehivehoney.com\/de\/product\/mini-honey-jars-42-5ml-pack-of-48-hexagonal-honey-jars-with-spoon-gold-lid-bee-pendant-gold-gift-bags-rope-thank-you-labels-glass-honey-jars-with-lids\/#primaryimage"},"thumbnailUrl":"https:\/\/purehivehoney.com\/de\/wp-content\/uploads\/2026\/03\/81Sz-x-WgL._AC_SL1500_.jpg","datePublished":"2026-03-16T08:06:18+00:00","dateModified":"2026-03-16T08:06:31+00:00","description":"Entdecken Sie hochwertigen Rohhonig, Bio Honig, Manuka Honig und nat\u00fcrliche Bienenprodukte. PureHiveHoney hilft Ihnen dabei, sorgf\u00e4ltig ausgew\u00e4hlte Honigsorten mit nat\u00fcrlicher Qualit\u00e4t und Reinheit zu entdecken.","breadcrumb":{"@id":"https:\/\/purehivehoney.com\/de\/product\/mini-honey-jars-42-5ml-pack-of-48-hexagonal-honey-jars-with-spoon-gold-lid-bee-pendant-gold-gift-bags-rope-thank-you-labels-glass-honey-jars-with-lids\/#breadcrumb"},"inLanguage":"de","potentialAction":[{"@type":"ReadAction","target":["https:\/\/purehivehoney.com\/de\/product\/mini-honey-jars-42-5ml-pack-of-48-hexagonal-honey-jars-with-spoon-gold-lid-bee-pendant-gold-gift-bags-rope-thank-you-labels-glass-honey-jars-with-lids\/"]}]},{"@type":"ImageObject","inLanguage":"de","@id":"https:\/\/purehivehoney.com\/de\/product\/mini-honey-jars-42-5ml-pack-of-48-hexagonal-honey-jars-with-spoon-gold-lid-bee-pendant-gold-gift-bags-rope-thank-you-labels-glass-honey-jars-with-lids\/#primaryimage","url":"https:\/\/purehivehoney.com\/de\/wp-content\/uploads\/2026\/03\/81Sz-x-WgL._AC_SL1500_.jpg","contentUrl":"https:\/\/purehivehoney.com\/de\/wp-content\/uploads\/2026\/03\/81Sz-x-WgL._AC_SL1500_.jpg","width":1497,"height":1500},{"@type":"BreadcrumbList","@id":"https:\/\/purehivehoney.com\/de\/product\/mini-honey-jars-42-5ml-pack-of-48-hexagonal-honey-jars-with-spoon-gold-lid-bee-pendant-gold-gift-bags-rope-thank-you-labels-glass-honey-jars-with-lids\/#breadcrumb","itemListElement":[{"@type":"ListItem","position":1,"name":"Home","item":"https:\/\/purehivehoney.com\/de\/"},{"@type":"ListItem","position":2,"name":"Shop","item":"https:\/\/purehivehoney.com\/de\/shop\/"},{"@type":"ListItem","position":3,"name":"Mini Honey Jars, 42.5ml, Pack of 48..."}]},{"@type":"WebSite","@id":"https:\/\/purehivehoney.com\/de\/#website","url":"https:\/\/purehivehoney.com\/de\/","name":"PureHiveHoney","description":"Reiner Honig &amp; Bienenprodukte Online | Rohhonig, Bio Honig &amp; Spezialhonig","publisher":{"@id":"https:\/\/purehivehoney.com\/de\/#organization"},"potentialAction":[{"@type":"SearchAction","target":{"@type":"EntryPoint","urlTemplate":"https:\/\/purehivehoney.com\/de\/?s={search_term_string}"},"query-input":{"@type":"PropertyValueSpecification","valueRequired":true,"valueName":"search_term_string"}}],"inLanguage":"de"},{"@type":"Organization","@id":"https:\/\/purehivehoney.com\/de\/#organization","name":"PureHiveHoney","url":"https:\/\/purehivehoney.com\/de\/","logo":{"@type":"ImageObject","inLanguage":"de","@id":"https:\/\/purehivehoney.com\/de\/#\/schema\/logo\/image\/","url":"https:\/\/purehivehoney.com\/de\/wp-content\/uploads\/2026\/03\/Screenshot-2026-03-16-at-1.06.01-AM.png","contentUrl":"https:\/\/purehivehoney.com\/de\/wp-content\/uploads\/2026\/03\/Screenshot-2026-03-16-at-1.06.01-AM.png","width":2112,"height":1086,"caption":"PureHiveHoney"},"image":{"@id":"https:\/\/purehivehoney.com\/de\/#\/schema\/logo\/image\/"}}]}},"_links":{"self":[{"href":"https:\/\/purehivehoney.com\/de\/wp-json\/wp\/v2\/product\/1099","targetHints":{"allow":["GET"]}}],"collection":[{"href":"https:\/\/purehivehoney.com\/de\/wp-json\/wp\/v2\/product"}],"about":[{"href":"https:\/\/purehivehoney.com\/de\/wp-json\/wp\/v2\/types\/product"}],"replies":[{"embeddable":true,"href":"https:\/\/purehivehoney.com\/de\/wp-json\/wp\/v2\/comments?post=1099"}],"wp:featuredmedia":[{"embeddable":true,"href":"https:\/\/purehivehoney.com\/de\/wp-json\/wp\/v2\/media\/1100"}],"wp:attachment":[{"href":"https:\/\/purehivehoney.com\/de\/wp-json\/wp\/v2\/media?parent=1099"}],"wp:term":[{"taxonomy":"store","embeddable":true,"href":"https:\/\/purehivehoney.com\/de\/wp-json\/wp\/v2\/store?post=1099"},{"taxonomy":"product_brand","embeddable":true,"href":"https:\/\/purehivehoney.com\/de\/wp-json\/wp\/v2\/product_brand?post=1099"},{"taxonomy":"product_cat","embeddable":true,"href":"https:\/\/purehivehoney.com\/de\/wp-json\/wp\/v2\/product_cat?post=1099"},{"taxonomy":"product_tag","embeddable":true,"href":"https:\/\/purehivehoney.com\/de\/wp-json\/wp\/v2\/product_tag?post=1099"}],"curies":[{"name":"wp","href":"https:\/\/api.w.org\/{rel}","templated":true}]}}