{"id":1087,"date":"2026-03-16T07:48:11","date_gmt":"2026-03-16T07:48:11","guid":{"rendered":"https:\/\/purehivehoney.com\/de\/product\/turmeric-tea-high-curcumin-content-detox-tea-100-tea-bags-mix-of-turmeric-ginger-honey\/"},"modified":"2026-03-16T07:48:13","modified_gmt":"2026-03-16T07:48:13","slug":"turmeric-tea-high-curcumin-content-detox-tea-100-tea-bags-mix-of-turmeric-ginger-honey","status":"publish","type":"product","link":"https:\/\/purehivehoney.com\/de\/product\/turmeric-tea-high-curcumin-content-detox-tea-100-tea-bags-mix-of-turmeric-ginger-honey\/","title":{"rendered":"Turmeric Tea | High Curcumin Conten..."},"content":{"rendered":"<p>    <span>Turmeric is a rhizomate plant native to South Asia. It is light yellow and comes from the ginger family. It has a strong health benefit and has always been used for this purpose. Possible Green LTD is specially garnished with Ceylon cinnamon, ginger, clove, pepper and honey, which also have their individual health benefits, so that a full effect is achieved that contributes to the detoxification of your body. Ingredient: turmeric &#8211; 60%, ginger &#8211; 12%, C eylon eylon sweet Cinnamon &#8211; 15%, pepper &#8211; 5%, clove &#8211; 4%, honey &#8211; 4% processing: LIFETONE turmeric tea with cinnamon, ginger, clove and honey is made from the healthy root of the turmeric plant and the other ingredients are also extracted from natural sources. They are ground to bring out a fine tea blend for drinking, and the honey contributes to the sweet taste and aroma. The process is carried out under the most hygienic conditions under inspection of our experienced herbalists, microbiologists. It is prepared to maintain its high nutritional value to allow maximum digestion and absorption when taken. The tea is neatly packed in 20 tea bags and carefully arranged in our branded bags. How turmeric tea works with cinnamon, ginger, clove, pepper and honey: combined effects are greater than the sum of their separate effects. Everyone has amazing health properties. By combining the above six richest natural herbs and spices, the next level is achieved. This delicious blend cannot be found on the market or in your grocery store! That&#8217;s why our delicious turmeric golden tea is one of the most popular teas around the world. . How to prepare? Open the bag and place it in a cup. Create a paste with a little water, add a cup of hot water, add sweetener, if desired, u<\/span>    <br \/> Is Discontinued By Manufacturer                                            \u200f                                            :                                            \u200e                                            No   <br \/> Product Dimensions                                            \u200f                                            :                                            \u200e                                            17.5 x 2.5 x 7.5 cm; 150 g   <br \/> ASIN                                            \u200f                                            :                                            \u200e                                            B07JL2TP8Z   <br \/> Manufacturer reference                                            \u200f                                            :                                            \u200e                                            LNTT0819100   <br \/>  Customer reviews:                                                                                            4.5               4.5 out of 5 stars                                  (10)                                              var dpAcrHasRegisteredArcLinkClickAction;                    P.when(&#8218;A&#8216;, &#8218;ready&#8216;).execute(function(A) {                        if (dpAcrHasRegisteredArcLinkClickAction !== true) {                            dpAcrHasRegisteredArcLinkClickAction = true;                            A.declarative(                                &#8218;acrLink-click-metrics&#8216;, &#8218;click&#8216;,                                { &#8222;allowLinkDefault&#8220;: true },                                function (event) {                                    if (window.ue) {                                        ue.count(&#8222;acrLinkClickCount&#8220;, (ue.count(&#8222;acrLinkClickCount&#8220;) || 0) + 1);                                    }                                }                            );                        }                    });                                             P.when(&#8218;A&#8216;, &#8218;cf&#8216;).execute(function(A) {                A.declarative(&#8218;acrStarsLink-click-metrics&#8216;, &#8218;click&#8216;, { &#8222;allowLinkDefault&#8220; : true },  function(event){                    if(window.ue) {                        ue.count(&#8222;acrStarsLinkWithPopoverClickCount&#8220;, (ue.count(&#8222;acrStarsLinkWithPopoverClickCount&#8220;) || 0) + 1);                    }                });            });                          <br \/>Why LIFETONE: Turmeric tea contains unusually high-strength turmeric (6%-7%). It comes from the northern tropical part of Sri Lankas and produces dark yellow, delicious golden turmeric tea<br \/>Important: Please open the bags, make a paste with a quarter of a cup of hot water and fill the rest of the cup before consuming this immune strengthening tea<br \/>\u2705 RISK FREE PURCHASE: ISO Certified: Possible Green (Pvt) is an ISO certified company that produces herbal teas with 100% natural ingredients.<br \/>What is the story behind Lifetone tea of possible green? &#8211; Possible Green Ltd. is a UK based non-profit company in 2015 and manufacturing facility in Sri Lanka. Since then, we have become a recognised and trusted herbal tea brand by our customers all over the world. 100% of our employees in Sri Lanka are women in families with a female head. 4% of our global profits are shared with employees.<br \/>Why turmeric with black pepper, ginger and honey: our turmeric tea contains honey which is the best medium to transfer the health benefits of turmeric to the body. This traditional method is several thousand years old. The hint of ginger, black pepper and cinnamon increases performance. Therefore, it was used as in the traditional system.<\/p>\n\n","protected":false},"excerpt":{"rendered":"<p>Turmeric is a rhizomate plant native to South Asia. It is light yellow and comes from the ginger family. It has a strong health benefit and has always been used for this purpose. Possible Green LTD is specially garnished with Ceylon cinnamon, ginger, clove, pepper and honey, which also have their individual health benefits, so [&hellip;]<\/p>\n","protected":false},"featured_media":1088,"comment_status":"open","ping_status":"closed","template":"","meta":{"_aipt_faq_data":""},"store":[],"product_brand":[150],"product_cat":[52],"product_tag":[149],"class_list":{"0":"post-1087","1":"product","2":"type-product","3":"status-publish","4":"has-post-thumbnail","6":"product_brand-lifetone-the-tea-for-better-life","7":"product_cat-ingwer-honig","8":"product_tag-ingwer-honig-erkaeltung","10":"first","11":"instock","12":"shipping-taxable","13":"product-type-external"},"yoast_head":"<!-- This site is optimized with the Yoast SEO plugin v27.4 - https:\/\/yoast.com\/product\/yoast-seo-wordpress\/ -->\n<title>Turmeric Tea | High Curcumin Content Detox Tea | 100 Tea Bags | Mix of Turmeric Ginger &amp; Honey - PureHiveHoney<\/title>\n<meta name=\"description\" content=\"Entdecken Sie hochwertigen Rohhonig, Bio Honig, Manuka Honig und nat\u00fcrliche Bienenprodukte. PureHiveHoney hilft Ihnen dabei, sorgf\u00e4ltig ausgew\u00e4hlte Honigsorten mit nat\u00fcrlicher Qualit\u00e4t und Reinheit zu entdecken.\" \/>\n<meta name=\"robots\" content=\"index, follow, max-snippet:-1, max-image-preview:large, max-video-preview:-1\" \/>\n<link rel=\"canonical\" href=\"https:\/\/purehivehoney.com\/de\/product\/turmeric-tea-high-curcumin-content-detox-tea-100-tea-bags-mix-of-turmeric-ginger-honey\/\" \/>\n<meta property=\"og:locale\" content=\"de_DE\" \/>\n<meta property=\"og:type\" content=\"article\" \/>\n<meta property=\"og:title\" content=\"Turmeric Tea | High Curcumin Content Detox Tea | 100 Tea Bags | Mix of Turmeric Ginger &amp; Honey - PureHiveHoney\" \/>\n<meta property=\"og:description\" content=\"Entdecken Sie hochwertigen Rohhonig, Bio Honig, Manuka Honig und nat\u00fcrliche Bienenprodukte. PureHiveHoney hilft Ihnen dabei, sorgf\u00e4ltig ausgew\u00e4hlte Honigsorten mit nat\u00fcrlicher Qualit\u00e4t und Reinheit zu entdecken.\" \/>\n<meta property=\"og:url\" content=\"https:\/\/purehivehoney.com\/de\/product\/turmeric-tea-high-curcumin-content-detox-tea-100-tea-bags-mix-of-turmeric-ginger-honey\/\" \/>\n<meta property=\"og:site_name\" content=\"PureHiveHoney\" \/>\n<meta property=\"article:modified_time\" content=\"2026-03-16T07:48:13+00:00\" \/>\n<meta name=\"twitter:card\" content=\"summary_large_image\" \/>\n<meta name=\"twitter:label1\" content=\"Gesch\u00e4tzte Lesezeit\" \/>\n\t<meta name=\"twitter:data1\" content=\"3\u00a0Minuten\" \/>\n<script type=\"application\/ld+json\" class=\"yoast-schema-graph\">{\"@context\":\"https:\\\/\\\/schema.org\",\"@graph\":[{\"@type\":\"WebPage\",\"@id\":\"https:\\\/\\\/purehivehoney.com\\\/de\\\/product\\\/turmeric-tea-high-curcumin-content-detox-tea-100-tea-bags-mix-of-turmeric-ginger-honey\\\/\",\"url\":\"https:\\\/\\\/purehivehoney.com\\\/de\\\/product\\\/turmeric-tea-high-curcumin-content-detox-tea-100-tea-bags-mix-of-turmeric-ginger-honey\\\/\",\"name\":\"Turmeric Tea | High Curcumin Content Detox Tea | 100 Tea Bags | Mix of Turmeric Ginger & Honey - PureHiveHoney\",\"isPartOf\":{\"@id\":\"https:\\\/\\\/purehivehoney.com\\\/de\\\/#website\"},\"primaryImageOfPage\":{\"@id\":\"https:\\\/\\\/purehivehoney.com\\\/de\\\/product\\\/turmeric-tea-high-curcumin-content-detox-tea-100-tea-bags-mix-of-turmeric-ginger-honey\\\/#primaryimage\"},\"image\":{\"@id\":\"https:\\\/\\\/purehivehoney.com\\\/de\\\/product\\\/turmeric-tea-high-curcumin-content-detox-tea-100-tea-bags-mix-of-turmeric-ginger-honey\\\/#primaryimage\"},\"thumbnailUrl\":\"https:\\\/\\\/purehivehoney.com\\\/de\\\/wp-content\\\/uploads\\\/2026\\\/03\\\/61MdJqwX6IL._AC_SL1156_.jpg\",\"datePublished\":\"2026-03-16T07:48:11+00:00\",\"dateModified\":\"2026-03-16T07:48:13+00:00\",\"description\":\"Entdecken Sie hochwertigen Rohhonig, Bio Honig, Manuka Honig und nat\u00fcrliche Bienenprodukte. PureHiveHoney hilft Ihnen dabei, sorgf\u00e4ltig ausgew\u00e4hlte Honigsorten mit nat\u00fcrlicher Qualit\u00e4t und Reinheit zu entdecken.\",\"breadcrumb\":{\"@id\":\"https:\\\/\\\/purehivehoney.com\\\/de\\\/product\\\/turmeric-tea-high-curcumin-content-detox-tea-100-tea-bags-mix-of-turmeric-ginger-honey\\\/#breadcrumb\"},\"inLanguage\":\"de\",\"potentialAction\":[{\"@type\":\"ReadAction\",\"target\":[\"https:\\\/\\\/purehivehoney.com\\\/de\\\/product\\\/turmeric-tea-high-curcumin-content-detox-tea-100-tea-bags-mix-of-turmeric-ginger-honey\\\/\"]}]},{\"@type\":\"ImageObject\",\"inLanguage\":\"de\",\"@id\":\"https:\\\/\\\/purehivehoney.com\\\/de\\\/product\\\/turmeric-tea-high-curcumin-content-detox-tea-100-tea-bags-mix-of-turmeric-ginger-honey\\\/#primaryimage\",\"url\":\"https:\\\/\\\/purehivehoney.com\\\/de\\\/wp-content\\\/uploads\\\/2026\\\/03\\\/61MdJqwX6IL._AC_SL1156_.jpg\",\"contentUrl\":\"https:\\\/\\\/purehivehoney.com\\\/de\\\/wp-content\\\/uploads\\\/2026\\\/03\\\/61MdJqwX6IL._AC_SL1156_.jpg\",\"width\":1144,\"height\":1058},{\"@type\":\"BreadcrumbList\",\"@id\":\"https:\\\/\\\/purehivehoney.com\\\/de\\\/product\\\/turmeric-tea-high-curcumin-content-detox-tea-100-tea-bags-mix-of-turmeric-ginger-honey\\\/#breadcrumb\",\"itemListElement\":[{\"@type\":\"ListItem\",\"position\":1,\"name\":\"Home\",\"item\":\"https:\\\/\\\/purehivehoney.com\\\/de\\\/\"},{\"@type\":\"ListItem\",\"position\":2,\"name\":\"Shop\",\"item\":\"https:\\\/\\\/purehivehoney.com\\\/de\\\/shop\\\/\"},{\"@type\":\"ListItem\",\"position\":3,\"name\":\"Turmeric Tea | High Curcumin Conten...\"}]},{\"@type\":\"WebSite\",\"@id\":\"https:\\\/\\\/purehivehoney.com\\\/de\\\/#website\",\"url\":\"https:\\\/\\\/purehivehoney.com\\\/de\\\/\",\"name\":\"PureHiveHoney\",\"description\":\"Reiner Honig &amp; Bienenprodukte Online | Rohhonig, Bio Honig &amp; Spezialhonig\",\"publisher\":{\"@id\":\"https:\\\/\\\/purehivehoney.com\\\/de\\\/#organization\"},\"potentialAction\":[{\"@type\":\"SearchAction\",\"target\":{\"@type\":\"EntryPoint\",\"urlTemplate\":\"https:\\\/\\\/purehivehoney.com\\\/de\\\/?s={search_term_string}\"},\"query-input\":{\"@type\":\"PropertyValueSpecification\",\"valueRequired\":true,\"valueName\":\"search_term_string\"}}],\"inLanguage\":\"de\"},{\"@type\":\"Organization\",\"@id\":\"https:\\\/\\\/purehivehoney.com\\\/de\\\/#organization\",\"name\":\"PureHiveHoney\",\"url\":\"https:\\\/\\\/purehivehoney.com\\\/de\\\/\",\"logo\":{\"@type\":\"ImageObject\",\"inLanguage\":\"de\",\"@id\":\"https:\\\/\\\/purehivehoney.com\\\/de\\\/#\\\/schema\\\/logo\\\/image\\\/\",\"url\":\"https:\\\/\\\/purehivehoney.com\\\/de\\\/wp-content\\\/uploads\\\/2026\\\/03\\\/Screenshot-2026-03-16-at-1.06.01-AM.png\",\"contentUrl\":\"https:\\\/\\\/purehivehoney.com\\\/de\\\/wp-content\\\/uploads\\\/2026\\\/03\\\/Screenshot-2026-03-16-at-1.06.01-AM.png\",\"width\":2112,\"height\":1086,\"caption\":\"PureHiveHoney\"},\"image\":{\"@id\":\"https:\\\/\\\/purehivehoney.com\\\/de\\\/#\\\/schema\\\/logo\\\/image\\\/\"}}]}<\/script>\n<!-- \/ Yoast SEO plugin. -->","yoast_head_json":{"title":"Turmeric Tea | High Curcumin Content Detox Tea | 100 Tea Bags | Mix of Turmeric Ginger & Honey - PureHiveHoney","description":"Entdecken Sie hochwertigen Rohhonig, Bio Honig, Manuka Honig und nat\u00fcrliche Bienenprodukte. PureHiveHoney hilft Ihnen dabei, sorgf\u00e4ltig ausgew\u00e4hlte Honigsorten mit nat\u00fcrlicher Qualit\u00e4t und Reinheit zu entdecken.","robots":{"index":"index","follow":"follow","max-snippet":"max-snippet:-1","max-image-preview":"max-image-preview:large","max-video-preview":"max-video-preview:-1"},"canonical":"https:\/\/purehivehoney.com\/de\/product\/turmeric-tea-high-curcumin-content-detox-tea-100-tea-bags-mix-of-turmeric-ginger-honey\/","og_locale":"de_DE","og_type":"article","og_title":"Turmeric Tea | High Curcumin Content Detox Tea | 100 Tea Bags | Mix of Turmeric Ginger & Honey - PureHiveHoney","og_description":"Entdecken Sie hochwertigen Rohhonig, Bio Honig, Manuka Honig und nat\u00fcrliche Bienenprodukte. PureHiveHoney hilft Ihnen dabei, sorgf\u00e4ltig ausgew\u00e4hlte Honigsorten mit nat\u00fcrlicher Qualit\u00e4t und Reinheit zu entdecken.","og_url":"https:\/\/purehivehoney.com\/de\/product\/turmeric-tea-high-curcumin-content-detox-tea-100-tea-bags-mix-of-turmeric-ginger-honey\/","og_site_name":"PureHiveHoney","article_modified_time":"2026-03-16T07:48:13+00:00","twitter_card":"summary_large_image","twitter_misc":{"Gesch\u00e4tzte Lesezeit":"3\u00a0Minuten"},"schema":{"@context":"https:\/\/schema.org","@graph":[{"@type":"WebPage","@id":"https:\/\/purehivehoney.com\/de\/product\/turmeric-tea-high-curcumin-content-detox-tea-100-tea-bags-mix-of-turmeric-ginger-honey\/","url":"https:\/\/purehivehoney.com\/de\/product\/turmeric-tea-high-curcumin-content-detox-tea-100-tea-bags-mix-of-turmeric-ginger-honey\/","name":"Turmeric Tea | High Curcumin Content Detox Tea | 100 Tea Bags | Mix of Turmeric Ginger & Honey - PureHiveHoney","isPartOf":{"@id":"https:\/\/purehivehoney.com\/de\/#website"},"primaryImageOfPage":{"@id":"https:\/\/purehivehoney.com\/de\/product\/turmeric-tea-high-curcumin-content-detox-tea-100-tea-bags-mix-of-turmeric-ginger-honey\/#primaryimage"},"image":{"@id":"https:\/\/purehivehoney.com\/de\/product\/turmeric-tea-high-curcumin-content-detox-tea-100-tea-bags-mix-of-turmeric-ginger-honey\/#primaryimage"},"thumbnailUrl":"https:\/\/purehivehoney.com\/de\/wp-content\/uploads\/2026\/03\/61MdJqwX6IL._AC_SL1156_.jpg","datePublished":"2026-03-16T07:48:11+00:00","dateModified":"2026-03-16T07:48:13+00:00","description":"Entdecken Sie hochwertigen Rohhonig, Bio Honig, Manuka Honig und nat\u00fcrliche Bienenprodukte. PureHiveHoney hilft Ihnen dabei, sorgf\u00e4ltig ausgew\u00e4hlte Honigsorten mit nat\u00fcrlicher Qualit\u00e4t und Reinheit zu entdecken.","breadcrumb":{"@id":"https:\/\/purehivehoney.com\/de\/product\/turmeric-tea-high-curcumin-content-detox-tea-100-tea-bags-mix-of-turmeric-ginger-honey\/#breadcrumb"},"inLanguage":"de","potentialAction":[{"@type":"ReadAction","target":["https:\/\/purehivehoney.com\/de\/product\/turmeric-tea-high-curcumin-content-detox-tea-100-tea-bags-mix-of-turmeric-ginger-honey\/"]}]},{"@type":"ImageObject","inLanguage":"de","@id":"https:\/\/purehivehoney.com\/de\/product\/turmeric-tea-high-curcumin-content-detox-tea-100-tea-bags-mix-of-turmeric-ginger-honey\/#primaryimage","url":"https:\/\/purehivehoney.com\/de\/wp-content\/uploads\/2026\/03\/61MdJqwX6IL._AC_SL1156_.jpg","contentUrl":"https:\/\/purehivehoney.com\/de\/wp-content\/uploads\/2026\/03\/61MdJqwX6IL._AC_SL1156_.jpg","width":1144,"height":1058},{"@type":"BreadcrumbList","@id":"https:\/\/purehivehoney.com\/de\/product\/turmeric-tea-high-curcumin-content-detox-tea-100-tea-bags-mix-of-turmeric-ginger-honey\/#breadcrumb","itemListElement":[{"@type":"ListItem","position":1,"name":"Home","item":"https:\/\/purehivehoney.com\/de\/"},{"@type":"ListItem","position":2,"name":"Shop","item":"https:\/\/purehivehoney.com\/de\/shop\/"},{"@type":"ListItem","position":3,"name":"Turmeric Tea | High Curcumin Conten..."}]},{"@type":"WebSite","@id":"https:\/\/purehivehoney.com\/de\/#website","url":"https:\/\/purehivehoney.com\/de\/","name":"PureHiveHoney","description":"Reiner Honig &amp; Bienenprodukte Online | Rohhonig, Bio Honig &amp; Spezialhonig","publisher":{"@id":"https:\/\/purehivehoney.com\/de\/#organization"},"potentialAction":[{"@type":"SearchAction","target":{"@type":"EntryPoint","urlTemplate":"https:\/\/purehivehoney.com\/de\/?s={search_term_string}"},"query-input":{"@type":"PropertyValueSpecification","valueRequired":true,"valueName":"search_term_string"}}],"inLanguage":"de"},{"@type":"Organization","@id":"https:\/\/purehivehoney.com\/de\/#organization","name":"PureHiveHoney","url":"https:\/\/purehivehoney.com\/de\/","logo":{"@type":"ImageObject","inLanguage":"de","@id":"https:\/\/purehivehoney.com\/de\/#\/schema\/logo\/image\/","url":"https:\/\/purehivehoney.com\/de\/wp-content\/uploads\/2026\/03\/Screenshot-2026-03-16-at-1.06.01-AM.png","contentUrl":"https:\/\/purehivehoney.com\/de\/wp-content\/uploads\/2026\/03\/Screenshot-2026-03-16-at-1.06.01-AM.png","width":2112,"height":1086,"caption":"PureHiveHoney"},"image":{"@id":"https:\/\/purehivehoney.com\/de\/#\/schema\/logo\/image\/"}}]}},"_links":{"self":[{"href":"https:\/\/purehivehoney.com\/de\/wp-json\/wp\/v2\/product\/1087","targetHints":{"allow":["GET"]}}],"collection":[{"href":"https:\/\/purehivehoney.com\/de\/wp-json\/wp\/v2\/product"}],"about":[{"href":"https:\/\/purehivehoney.com\/de\/wp-json\/wp\/v2\/types\/product"}],"replies":[{"embeddable":true,"href":"https:\/\/purehivehoney.com\/de\/wp-json\/wp\/v2\/comments?post=1087"}],"wp:featuredmedia":[{"embeddable":true,"href":"https:\/\/purehivehoney.com\/de\/wp-json\/wp\/v2\/media\/1088"}],"wp:attachment":[{"href":"https:\/\/purehivehoney.com\/de\/wp-json\/wp\/v2\/media?parent=1087"}],"wp:term":[{"taxonomy":"store","embeddable":true,"href":"https:\/\/purehivehoney.com\/de\/wp-json\/wp\/v2\/store?post=1087"},{"taxonomy":"product_brand","embeddable":true,"href":"https:\/\/purehivehoney.com\/de\/wp-json\/wp\/v2\/product_brand?post=1087"},{"taxonomy":"product_cat","embeddable":true,"href":"https:\/\/purehivehoney.com\/de\/wp-json\/wp\/v2\/product_cat?post=1087"},{"taxonomy":"product_tag","embeddable":true,"href":"https:\/\/purehivehoney.com\/de\/wp-json\/wp\/v2\/product_tag?post=1087"}],"curies":[{"name":"wp","href":"https:\/\/api.w.org\/{rel}","templated":true}]}}