{"id":1075,"date":"2026-03-16T07:42:14","date_gmt":"2026-03-16T07:42:14","guid":{"rendered":"https:\/\/purehivehoney.com\/de\/product\/honig-gesund-schoen-und-stark-mit-dem-heimlichen-superfood-die-besten-anwendungen-als-hausmittel-rezepte-und-gesundheitstipps\/"},"modified":"2026-03-16T07:42:16","modified_gmt":"2026-03-16T07:42:16","slug":"honig-gesund-schoen-und-stark-mit-dem-heimlichen-superfood-die-besten-anwendungen-als-hausmittel-rezepte-und-gesundheitstipps","status":"publish","type":"product","link":"https:\/\/purehivehoney.com\/de\/product\/honig-gesund-schoen-und-stark-mit-dem-heimlichen-superfood-die-besten-anwendungen-als-hausmittel-rezepte-und-gesundheitstipps\/","title":{"rendered":"Honig &#8211; Gesund, sch\u00f6n und st..."},"content":{"rendered":"<p>  Gesund, sch\u00f6n und stark mit Honig!<br \/>Honig ist ein wundervolles und faszinierendes Naturprodukt &#8211; goldgelb, wohlschmeckend und gesund. Honig kann nicht nur auf Grund seiner einizigartigen Entstehung und N\u00e4hrstoffzusammensetzung als wahres Superfood bezeichnet werden. Honig r\u00fcckt auch zunehmend in den Fokus der Forschung und Medizin, aktuelle Studien unterstreichen das Potential des Honigs zur gesundheitlichen Anwendung und alternativen Behandlung vieler Volkskrankheiten. Aber auch im Alltag ist Honig ein guter Begleiter als Hausmittel, in der Hausapotheke und nicht zuletzt als k\u00f6stliche Zutat in einer Vielzahl von Rezepten.<br \/>Dieses Buch liefert allen Honig- und Bienenfreunden interessante Fakten und aktuelle Informationen rund um die goldgelbe Welt des Honigs:<br \/>Inhalt:Die Entstehung von Honig und die wunderbare Arbeit der Honigbienen\u00dcberblick \u00fcber Honigsorten, Honigarten und deren spezifischer Unterschiede (heimische Sorten wie Raps-, Ahorn- aber auch exotische Honigsorten wie bspw. Manuka)Aktuelle Themen wie Honig-F\u00e4lschungen und statistische Daten zur HonigproduktionInformationen zu weiteren Naturprodukte der Honigbiene (Propolis, Gelee-Royale, Bienenwachs)Gesundheitliche Wirkung von Honig gem\u00e4\u00df aktuellen StudienDie besten Anwendungen von Honig als Hausmittel (Gesundheit, Sch\u00f6nheit, Pflege)Rezeptesammlung &#8211; Genuss mit HonigHoniginfusionenDips &amp; DressingFr\u00fchst\u00fcckszezepteHauptmahlzeitDessert &amp; KuchenTee-RezepteShakesAngesetztes &amp; Gesundheitsmischungen (Oxymel, Fire-Cider)<br \/>Ob Honig- oder Bienenfreund, als Geschenk oder zum selber lesen. Entscheiden Sie sich jetzt f\u00fcr dieses Buch und st\u00f6bern Sie mit uns durch die abwechslungsreiche Welt des Honigs!    <br \/>ASIN                                            \u200f                                            :                                            \u200e                                                        B09BY81SX2       <br \/> Publisher                                            \u200f                                            :                                            \u200e                                                        Independently published       <br \/> Publication date                                            \u200f                                            :                                            \u200e                                                        7 Aug. 2021       <br \/> Language                                            \u200f                                            :                                            \u200e                                            German   <br \/> Print length                                            \u200f                                            :                                            \u200e                                                        125 pages       <br \/> ISBN-13                                            \u200f                                            :                                            \u200e                                                        979-8543533246       <br \/> Dimensions                                            \u200f                                            :                                            \u200e                                                        15.24 x 0.74 x 22.86 cm       <br \/>       Best Sellers Rank:  1,126,518 in Books (See Top 100 in Books)    2,486 in General Knowledge Nutrition   5,161 in General Health &#038; Medicine Guide (Books)   13,189 in Diets &#038; Special Nutritional Plans      <br \/>  Customer reviews:                                                                                            4.4               4.4 out of 5 stars                                  (10)                                              var dpAcrHasRegisteredArcLinkClickAction;                    P.when(&#8218;A&#8216;, &#8218;ready&#8216;).execute(function(A) {                        if (dpAcrHasRegisteredArcLinkClickAction !== true) {                            dpAcrHasRegisteredArcLinkClickAction = true;                            A.declarative(                                &#8218;acrLink-click-metrics&#8216;, &#8218;click&#8216;,                                { &#8222;allowLinkDefault&#8220;: true },                                function (event) {                                    if (window.ue) {                                        ue.count(&#8222;acrLinkClickCount&#8220;, (ue.count(&#8222;acrLinkClickCount&#8220;) || 0) + 1);                                    }                                }                            );                        }                    });                                             P.when(&#8218;A&#8216;, &#8218;cf&#8216;).execute(function(A) {                A.declarative(&#8218;acrStarsLink-click-metrics&#8216;, &#8218;click&#8216;, { &#8222;allowLinkDefault&#8220; : true },  function(event){                    if(window.ue) {                        ue.count(&#8222;acrStarsLinkWithPopoverClickCount&#8220;, (ue.count(&#8222;acrStarsLinkWithPopoverClickCount&#8220;) || 0) + 1);                    }                });            });                          <br \/><\/p>\n","protected":false},"excerpt":{"rendered":"<p>Gesund, sch\u00f6n und stark mit Honig!Honig ist ein wundervolles und faszinierendes Naturprodukt &#8211; goldgelb, wohlschmeckend und gesund. Honig kann nicht nur auf Grund seiner einizigartigen Entstehung und N\u00e4hrstoffzusammensetzung als wahres Superfood bezeichnet werden. Honig r\u00fcckt auch zunehmend in den Fokus der Forschung und Medizin, aktuelle Studien unterstreichen das Potential des Honigs zur gesundheitlichen Anwendung und [&hellip;]<\/p>\n","protected":false},"featured_media":1076,"comment_status":"open","ping_status":"closed","template":"","meta":{"_aipt_faq_data":""},"store":[],"product_brand":[],"product_cat":[57],"product_tag":[174],"class_list":{"0":"post-1075","1":"product","2":"type-product","3":"status-publish","4":"has-post-thumbnail","6":"product_cat-honigbutter","7":"product_tag-honigbutter-zum-fruehstueck","9":"first","10":"instock","11":"shipping-taxable","12":"product-type-external"},"yoast_head":"<!-- This site is optimized with the Yoast SEO plugin v27.4 - https:\/\/yoast.com\/product\/yoast-seo-wordpress\/ -->\n<title>Honig - Gesund, sch\u00f6n und stark mit dem heimlichen Superfood: Die besten Anwendungen als Hausmittel, Rezepte und Gesundheitstipps - PureHiveHoney<\/title>\n<meta name=\"description\" content=\"Entdecken Sie hochwertigen Rohhonig, Bio Honig, Manuka Honig und nat\u00fcrliche Bienenprodukte. PureHiveHoney hilft Ihnen dabei, sorgf\u00e4ltig ausgew\u00e4hlte Honigsorten mit nat\u00fcrlicher Qualit\u00e4t und Reinheit zu entdecken.\" \/>\n<meta name=\"robots\" content=\"index, follow, max-snippet:-1, max-image-preview:large, max-video-preview:-1\" \/>\n<link rel=\"canonical\" href=\"https:\/\/purehivehoney.com\/de\/product\/honig-gesund-schoen-und-stark-mit-dem-heimlichen-superfood-die-besten-anwendungen-als-hausmittel-rezepte-und-gesundheitstipps\/\" \/>\n<meta property=\"og:locale\" content=\"de_DE\" \/>\n<meta property=\"og:type\" content=\"article\" \/>\n<meta property=\"og:title\" content=\"Honig - Gesund, sch\u00f6n und stark mit dem heimlichen Superfood: Die besten Anwendungen als Hausmittel, Rezepte und Gesundheitstipps - PureHiveHoney\" \/>\n<meta property=\"og:description\" content=\"Entdecken Sie hochwertigen Rohhonig, Bio Honig, Manuka Honig und nat\u00fcrliche Bienenprodukte. PureHiveHoney hilft Ihnen dabei, sorgf\u00e4ltig ausgew\u00e4hlte Honigsorten mit nat\u00fcrlicher Qualit\u00e4t und Reinheit zu entdecken.\" \/>\n<meta property=\"og:url\" content=\"https:\/\/purehivehoney.com\/de\/product\/honig-gesund-schoen-und-stark-mit-dem-heimlichen-superfood-die-besten-anwendungen-als-hausmittel-rezepte-und-gesundheitstipps\/\" \/>\n<meta property=\"og:site_name\" content=\"PureHiveHoney\" \/>\n<meta property=\"article:modified_time\" content=\"2026-03-16T07:42:16+00:00\" \/>\n<meta name=\"twitter:card\" content=\"summary_large_image\" \/>\n<meta name=\"twitter:label1\" content=\"Gesch\u00e4tzte Lesezeit\" \/>\n\t<meta name=\"twitter:data1\" content=\"2\u00a0Minuten\" \/>\n<script type=\"application\/ld+json\" class=\"yoast-schema-graph\">{\"@context\":\"https:\\\/\\\/schema.org\",\"@graph\":[{\"@type\":\"WebPage\",\"@id\":\"https:\\\/\\\/purehivehoney.com\\\/de\\\/product\\\/honig-gesund-schoen-und-stark-mit-dem-heimlichen-superfood-die-besten-anwendungen-als-hausmittel-rezepte-und-gesundheitstipps\\\/\",\"url\":\"https:\\\/\\\/purehivehoney.com\\\/de\\\/product\\\/honig-gesund-schoen-und-stark-mit-dem-heimlichen-superfood-die-besten-anwendungen-als-hausmittel-rezepte-und-gesundheitstipps\\\/\",\"name\":\"Honig - Gesund, sch\u00f6n und stark mit dem heimlichen Superfood: Die besten Anwendungen als Hausmittel, Rezepte und Gesundheitstipps - PureHiveHoney\",\"isPartOf\":{\"@id\":\"https:\\\/\\\/purehivehoney.com\\\/de\\\/#website\"},\"primaryImageOfPage\":{\"@id\":\"https:\\\/\\\/purehivehoney.com\\\/de\\\/product\\\/honig-gesund-schoen-und-stark-mit-dem-heimlichen-superfood-die-besten-anwendungen-als-hausmittel-rezepte-und-gesundheitstipps\\\/#primaryimage\"},\"image\":{\"@id\":\"https:\\\/\\\/purehivehoney.com\\\/de\\\/product\\\/honig-gesund-schoen-und-stark-mit-dem-heimlichen-superfood-die-besten-anwendungen-als-hausmittel-rezepte-und-gesundheitstipps\\\/#primaryimage\"},\"thumbnailUrl\":\"https:\\\/\\\/purehivehoney.com\\\/de\\\/wp-content\\\/uploads\\\/2026\\\/03\\\/61C4TVJdgL._SL1500_.jpg\",\"datePublished\":\"2026-03-16T07:42:14+00:00\",\"dateModified\":\"2026-03-16T07:42:16+00:00\",\"description\":\"Entdecken Sie hochwertigen Rohhonig, Bio Honig, Manuka Honig und nat\u00fcrliche Bienenprodukte. PureHiveHoney hilft Ihnen dabei, sorgf\u00e4ltig ausgew\u00e4hlte Honigsorten mit nat\u00fcrlicher Qualit\u00e4t und Reinheit zu entdecken.\",\"breadcrumb\":{\"@id\":\"https:\\\/\\\/purehivehoney.com\\\/de\\\/product\\\/honig-gesund-schoen-und-stark-mit-dem-heimlichen-superfood-die-besten-anwendungen-als-hausmittel-rezepte-und-gesundheitstipps\\\/#breadcrumb\"},\"inLanguage\":\"de\",\"potentialAction\":[{\"@type\":\"ReadAction\",\"target\":[\"https:\\\/\\\/purehivehoney.com\\\/de\\\/product\\\/honig-gesund-schoen-und-stark-mit-dem-heimlichen-superfood-die-besten-anwendungen-als-hausmittel-rezepte-und-gesundheitstipps\\\/\"]}]},{\"@type\":\"ImageObject\",\"inLanguage\":\"de\",\"@id\":\"https:\\\/\\\/purehivehoney.com\\\/de\\\/product\\\/honig-gesund-schoen-und-stark-mit-dem-heimlichen-superfood-die-besten-anwendungen-als-hausmittel-rezepte-und-gesundheitstipps\\\/#primaryimage\",\"url\":\"https:\\\/\\\/purehivehoney.com\\\/de\\\/wp-content\\\/uploads\\\/2026\\\/03\\\/61C4TVJdgL._SL1500_.jpg\",\"contentUrl\":\"https:\\\/\\\/purehivehoney.com\\\/de\\\/wp-content\\\/uploads\\\/2026\\\/03\\\/61C4TVJdgL._SL1500_.jpg\",\"width\":1000,\"height\":1500},{\"@type\":\"BreadcrumbList\",\"@id\":\"https:\\\/\\\/purehivehoney.com\\\/de\\\/product\\\/honig-gesund-schoen-und-stark-mit-dem-heimlichen-superfood-die-besten-anwendungen-als-hausmittel-rezepte-und-gesundheitstipps\\\/#breadcrumb\",\"itemListElement\":[{\"@type\":\"ListItem\",\"position\":1,\"name\":\"Home\",\"item\":\"https:\\\/\\\/purehivehoney.com\\\/de\\\/\"},{\"@type\":\"ListItem\",\"position\":2,\"name\":\"Shop\",\"item\":\"https:\\\/\\\/purehivehoney.com\\\/de\\\/shop\\\/\"},{\"@type\":\"ListItem\",\"position\":3,\"name\":\"Honig &#8211; Gesund, sch\u00f6n und st...\"}]},{\"@type\":\"WebSite\",\"@id\":\"https:\\\/\\\/purehivehoney.com\\\/de\\\/#website\",\"url\":\"https:\\\/\\\/purehivehoney.com\\\/de\\\/\",\"name\":\"PureHiveHoney\",\"description\":\"Reiner Honig &amp; Bienenprodukte Online | Rohhonig, Bio Honig &amp; Spezialhonig\",\"publisher\":{\"@id\":\"https:\\\/\\\/purehivehoney.com\\\/de\\\/#organization\"},\"potentialAction\":[{\"@type\":\"SearchAction\",\"target\":{\"@type\":\"EntryPoint\",\"urlTemplate\":\"https:\\\/\\\/purehivehoney.com\\\/de\\\/?s={search_term_string}\"},\"query-input\":{\"@type\":\"PropertyValueSpecification\",\"valueRequired\":true,\"valueName\":\"search_term_string\"}}],\"inLanguage\":\"de\"},{\"@type\":\"Organization\",\"@id\":\"https:\\\/\\\/purehivehoney.com\\\/de\\\/#organization\",\"name\":\"PureHiveHoney\",\"url\":\"https:\\\/\\\/purehivehoney.com\\\/de\\\/\",\"logo\":{\"@type\":\"ImageObject\",\"inLanguage\":\"de\",\"@id\":\"https:\\\/\\\/purehivehoney.com\\\/de\\\/#\\\/schema\\\/logo\\\/image\\\/\",\"url\":\"https:\\\/\\\/purehivehoney.com\\\/de\\\/wp-content\\\/uploads\\\/2026\\\/03\\\/Screenshot-2026-03-16-at-1.06.01-AM.png\",\"contentUrl\":\"https:\\\/\\\/purehivehoney.com\\\/de\\\/wp-content\\\/uploads\\\/2026\\\/03\\\/Screenshot-2026-03-16-at-1.06.01-AM.png\",\"width\":2112,\"height\":1086,\"caption\":\"PureHiveHoney\"},\"image\":{\"@id\":\"https:\\\/\\\/purehivehoney.com\\\/de\\\/#\\\/schema\\\/logo\\\/image\\\/\"}}]}<\/script>\n<!-- \/ Yoast SEO plugin. -->","yoast_head_json":{"title":"Honig - Gesund, sch\u00f6n und stark mit dem heimlichen Superfood: Die besten Anwendungen als Hausmittel, Rezepte und Gesundheitstipps - PureHiveHoney","description":"Entdecken Sie hochwertigen Rohhonig, Bio Honig, Manuka Honig und nat\u00fcrliche Bienenprodukte. PureHiveHoney hilft Ihnen dabei, sorgf\u00e4ltig ausgew\u00e4hlte Honigsorten mit nat\u00fcrlicher Qualit\u00e4t und Reinheit zu entdecken.","robots":{"index":"index","follow":"follow","max-snippet":"max-snippet:-1","max-image-preview":"max-image-preview:large","max-video-preview":"max-video-preview:-1"},"canonical":"https:\/\/purehivehoney.com\/de\/product\/honig-gesund-schoen-und-stark-mit-dem-heimlichen-superfood-die-besten-anwendungen-als-hausmittel-rezepte-und-gesundheitstipps\/","og_locale":"de_DE","og_type":"article","og_title":"Honig - Gesund, sch\u00f6n und stark mit dem heimlichen Superfood: Die besten Anwendungen als Hausmittel, Rezepte und Gesundheitstipps - PureHiveHoney","og_description":"Entdecken Sie hochwertigen Rohhonig, Bio Honig, Manuka Honig und nat\u00fcrliche Bienenprodukte. PureHiveHoney hilft Ihnen dabei, sorgf\u00e4ltig ausgew\u00e4hlte Honigsorten mit nat\u00fcrlicher Qualit\u00e4t und Reinheit zu entdecken.","og_url":"https:\/\/purehivehoney.com\/de\/product\/honig-gesund-schoen-und-stark-mit-dem-heimlichen-superfood-die-besten-anwendungen-als-hausmittel-rezepte-und-gesundheitstipps\/","og_site_name":"PureHiveHoney","article_modified_time":"2026-03-16T07:42:16+00:00","twitter_card":"summary_large_image","twitter_misc":{"Gesch\u00e4tzte Lesezeit":"2\u00a0Minuten"},"schema":{"@context":"https:\/\/schema.org","@graph":[{"@type":"WebPage","@id":"https:\/\/purehivehoney.com\/de\/product\/honig-gesund-schoen-und-stark-mit-dem-heimlichen-superfood-die-besten-anwendungen-als-hausmittel-rezepte-und-gesundheitstipps\/","url":"https:\/\/purehivehoney.com\/de\/product\/honig-gesund-schoen-und-stark-mit-dem-heimlichen-superfood-die-besten-anwendungen-als-hausmittel-rezepte-und-gesundheitstipps\/","name":"Honig - Gesund, sch\u00f6n und stark mit dem heimlichen Superfood: Die besten Anwendungen als Hausmittel, Rezepte und Gesundheitstipps - PureHiveHoney","isPartOf":{"@id":"https:\/\/purehivehoney.com\/de\/#website"},"primaryImageOfPage":{"@id":"https:\/\/purehivehoney.com\/de\/product\/honig-gesund-schoen-und-stark-mit-dem-heimlichen-superfood-die-besten-anwendungen-als-hausmittel-rezepte-und-gesundheitstipps\/#primaryimage"},"image":{"@id":"https:\/\/purehivehoney.com\/de\/product\/honig-gesund-schoen-und-stark-mit-dem-heimlichen-superfood-die-besten-anwendungen-als-hausmittel-rezepte-und-gesundheitstipps\/#primaryimage"},"thumbnailUrl":"https:\/\/purehivehoney.com\/de\/wp-content\/uploads\/2026\/03\/61C4TVJdgL._SL1500_.jpg","datePublished":"2026-03-16T07:42:14+00:00","dateModified":"2026-03-16T07:42:16+00:00","description":"Entdecken Sie hochwertigen Rohhonig, Bio Honig, Manuka Honig und nat\u00fcrliche Bienenprodukte. PureHiveHoney hilft Ihnen dabei, sorgf\u00e4ltig ausgew\u00e4hlte Honigsorten mit nat\u00fcrlicher Qualit\u00e4t und Reinheit zu entdecken.","breadcrumb":{"@id":"https:\/\/purehivehoney.com\/de\/product\/honig-gesund-schoen-und-stark-mit-dem-heimlichen-superfood-die-besten-anwendungen-als-hausmittel-rezepte-und-gesundheitstipps\/#breadcrumb"},"inLanguage":"de","potentialAction":[{"@type":"ReadAction","target":["https:\/\/purehivehoney.com\/de\/product\/honig-gesund-schoen-und-stark-mit-dem-heimlichen-superfood-die-besten-anwendungen-als-hausmittel-rezepte-und-gesundheitstipps\/"]}]},{"@type":"ImageObject","inLanguage":"de","@id":"https:\/\/purehivehoney.com\/de\/product\/honig-gesund-schoen-und-stark-mit-dem-heimlichen-superfood-die-besten-anwendungen-als-hausmittel-rezepte-und-gesundheitstipps\/#primaryimage","url":"https:\/\/purehivehoney.com\/de\/wp-content\/uploads\/2026\/03\/61C4TVJdgL._SL1500_.jpg","contentUrl":"https:\/\/purehivehoney.com\/de\/wp-content\/uploads\/2026\/03\/61C4TVJdgL._SL1500_.jpg","width":1000,"height":1500},{"@type":"BreadcrumbList","@id":"https:\/\/purehivehoney.com\/de\/product\/honig-gesund-schoen-und-stark-mit-dem-heimlichen-superfood-die-besten-anwendungen-als-hausmittel-rezepte-und-gesundheitstipps\/#breadcrumb","itemListElement":[{"@type":"ListItem","position":1,"name":"Home","item":"https:\/\/purehivehoney.com\/de\/"},{"@type":"ListItem","position":2,"name":"Shop","item":"https:\/\/purehivehoney.com\/de\/shop\/"},{"@type":"ListItem","position":3,"name":"Honig &#8211; Gesund, sch\u00f6n und st..."}]},{"@type":"WebSite","@id":"https:\/\/purehivehoney.com\/de\/#website","url":"https:\/\/purehivehoney.com\/de\/","name":"PureHiveHoney","description":"Reiner Honig &amp; Bienenprodukte Online | Rohhonig, Bio Honig &amp; Spezialhonig","publisher":{"@id":"https:\/\/purehivehoney.com\/de\/#organization"},"potentialAction":[{"@type":"SearchAction","target":{"@type":"EntryPoint","urlTemplate":"https:\/\/purehivehoney.com\/de\/?s={search_term_string}"},"query-input":{"@type":"PropertyValueSpecification","valueRequired":true,"valueName":"search_term_string"}}],"inLanguage":"de"},{"@type":"Organization","@id":"https:\/\/purehivehoney.com\/de\/#organization","name":"PureHiveHoney","url":"https:\/\/purehivehoney.com\/de\/","logo":{"@type":"ImageObject","inLanguage":"de","@id":"https:\/\/purehivehoney.com\/de\/#\/schema\/logo\/image\/","url":"https:\/\/purehivehoney.com\/de\/wp-content\/uploads\/2026\/03\/Screenshot-2026-03-16-at-1.06.01-AM.png","contentUrl":"https:\/\/purehivehoney.com\/de\/wp-content\/uploads\/2026\/03\/Screenshot-2026-03-16-at-1.06.01-AM.png","width":2112,"height":1086,"caption":"PureHiveHoney"},"image":{"@id":"https:\/\/purehivehoney.com\/de\/#\/schema\/logo\/image\/"}}]}},"_links":{"self":[{"href":"https:\/\/purehivehoney.com\/de\/wp-json\/wp\/v2\/product\/1075","targetHints":{"allow":["GET"]}}],"collection":[{"href":"https:\/\/purehivehoney.com\/de\/wp-json\/wp\/v2\/product"}],"about":[{"href":"https:\/\/purehivehoney.com\/de\/wp-json\/wp\/v2\/types\/product"}],"replies":[{"embeddable":true,"href":"https:\/\/purehivehoney.com\/de\/wp-json\/wp\/v2\/comments?post=1075"}],"wp:featuredmedia":[{"embeddable":true,"href":"https:\/\/purehivehoney.com\/de\/wp-json\/wp\/v2\/media\/1076"}],"wp:attachment":[{"href":"https:\/\/purehivehoney.com\/de\/wp-json\/wp\/v2\/media?parent=1075"}],"wp:term":[{"taxonomy":"store","embeddable":true,"href":"https:\/\/purehivehoney.com\/de\/wp-json\/wp\/v2\/store?post=1075"},{"taxonomy":"product_brand","embeddable":true,"href":"https:\/\/purehivehoney.com\/de\/wp-json\/wp\/v2\/product_brand?post=1075"},{"taxonomy":"product_cat","embeddable":true,"href":"https:\/\/purehivehoney.com\/de\/wp-json\/wp\/v2\/product_cat?post=1075"},{"taxonomy":"product_tag","embeddable":true,"href":"https:\/\/purehivehoney.com\/de\/wp-json\/wp\/v2\/product_tag?post=1075"}],"curies":[{"name":"wp","href":"https:\/\/api.w.org\/{rel}","templated":true}]}}